{"id":31686,"date":"2023-01-11T12:14:11","date_gmt":"2023-01-11T11:14:11","guid":{"rendered":"https:\/\/quadalkatreszek.com\/?post_type=product&#038;p=31686"},"modified":"2025-06-26T08:32:51","modified_gmt":"2025-06-26T07:32:51","slug":"kxd-008-gyerek-quad-kek","status":"publish","type":"product","link":"https:\/\/quadalkatreszek.com\/en\/product\/kxd-008-gyerek-quad-kek\/","title":{"rendered":"KXD 008 gyerek quad k\u00e9k"},"content":{"rendered":"<p>KXD 008 elad\u00f3 gyerek quad k\u00e9k<\/p>\n<p>Ez a term\u00e9k k\u00f6z\u00fati forgalomban nem vehet r\u00e9szt!!!<\/p>\n<p>\u00dajdons\u00e1gok: El\u00f6l h\u00e1tul t\u00e1rcsaf\u00e9k, g\u00f6mbfejes felf\u00fcggeszt\u00e9s a k\u00f6nnyebb korm\u00e1nyozhat\u00f3s\u00e1g \u00e9rdel\u00e9ben, aj\u00e1nd\u00e9k k\u00e9zv\u00e9d\u0151vel.<\/p>\n<p>125 k\u00f6bcentis f\u00e9lautomata 3+1 sebess\u00e9ges Kxd 008-as gyerek quad.<br \/>\nF\u00e9lautomata, teh\u00e1t h\u00e1rom sebess\u00e9g el\u0151re \u00e9s egy sebess\u00e9g h\u00e1tra, viszont nincs kuplung csak a sebess\u00e9geket kell kapcsolni egy l\u00e1bv\u00e1lt\u00f3 kar seg\u00edts\u00e9g\u00e9vel.<br \/>\nA gyermek quad vezet\u00e9s\u00e9t nagyon k\u00f6nnyen p\u00e1r perc alatt el lehet saj\u00e1t\u00edtani.<\/p>\n<p>Tov\u00e1bb\u00e1 a sebess\u00e9g\u00fck a g\u00e1zkar \u00e1ll\u00edt\u00e1s\u00e1val szab\u00e1lyozhat\u00f3, \u00edgy a gyermek kezdetben nem tud t\u00fal gyorsan menni a quaddal.<br \/>\n8-9 \u00e9ves kort\u00f3l aj\u00e1nljuk ezt a modellt, max. terhelhet\u0151s\u00e9ge 75 kil\u00f3, nagy 8 colos kerekekkel rendelkezik, teh\u00e1t kisebb feln\u0151ttek is haszn\u00e1lhatj\u00e1k<br \/>\nA KXD 008-as quadra term\u00e9szetesen garanci\u00e1t v\u00e1llalunk \u00e9s teljes alkatr\u00e9sz ut\u00e1np\u00f3tl\u00e1st biztos\u00edtunk.<br \/>\nTov\u00e1bb\u00e1 ingyenes telefonos szerviz seg\u00edts\u00e9get ny\u00fajtunk a n\u00e1lunk v\u00e1s\u00e1rolt quadok, cross motorok, dirt bike-ok, Pit bike-ok ,karbantart\u00e1s\u00e1hoz, szerel\u00e9s\u00e9hez.<br \/>\nKisz\u00e1ll\u00edt\u00e1st v\u00e1llalunk az orsz\u00e1g teljes ter\u00fclet\u00e9re.<\/p>\n<p><strong>Quadok, Dirt Bike-ok kisz\u00e1ll\u00edt\u00e1s\u00e1t egyedi d\u00edjjal tudjuk v\u00e1llalni. Pontos \u00e1r\u00e9rt \u00e9rdekl\u0151dj\u00f6n telefonon vagy e-mailben. <\/strong><\/p>\n<p><strong>A j\u00e1rm\u0171 k\u00f6z\u00fati forgalomban nem, vehet r\u00e9szt!<\/strong><\/p>\n<p>Az \u00e1r doboz \u00e1r!<\/p>\n<p>Motor: 125ccm, 1 henger, 4 \u00fctem\u0171<br \/>\nH\u0171t\u00e9s: L\u00e9gh\u0171t\u00e9s<br \/>\nSebess\u00e9g: 45 km\/h<br \/>\nGy\u00fajt\u00e1s: Elektromos \/ CDI<br \/>\nV\u00e1lt\u00f3: F\u00e9lautomata v\u00e1lt\u00f3 + tolat\u00e1s(3+1)<br \/>\nMeghajt\u00e1s: L\u00e1nc<br \/>\nEls\u0151 f\u00e9k: hidraulikus<br \/>\nH\u00e1ts\u00f3 f\u00e9k: Hidraulikus t\u00e1rcsaf\u00e9k<br \/>\nM\u00e9retek (H x Sz x M): 1400 mm x 820 mm x 900 mm<br \/>\n\u00dcl\u00e9smagass\u00e1g: 700 mm<br \/>\nS\u00faly: 96 kg<br \/>\nMax \u00f6sszt\u00f6meg: 75kg<br \/>\nKerekek h\u00e1tul: 18X9,5-8<br \/>\nH\u00e1ts\u00f3 gumik: 19&#215;7-8<\/p>\n<p>Gyere \u00e9s pr\u00f3b\u00e1ld ki ingyen b\u00e1rmelyik modell\u00fcnket.<\/p>\n<p>Tov\u00e1bbi elad\u00f3 gyerek quad modellek\u00a0 itt\u00a0 <a href=\"https:\/\/quadalkatreszek.com\/en\/product-category\/jarmuvek-quadok-motorok\/gyerek-quadok\/\">a linken el\u00e9rhet\u0151k!<\/a><\/p>\n<p>&#8211; &#8211; &#8211;<br \/>\n<!--kkod_start--><\/p>\n<div class=\"kkod-visible\">kkod:93<\/div>\n<p><!--kkod_end--><\/p>","protected":false},"excerpt":{"rendered":"<p>KXD 008 gyerek quad 125 ccm-es f\u00e9lautomata v\u00e1lt\u00f3<\/p>","protected":false},"featured_media":46590,"comment_status":"open","ping_status":"closed","template":"","meta":[],"product_brand":[],"product_cat":[103],"product_tag":[],"class_list":{"0":"post-31686","1":"product","2":"type-product","3":"status-publish","4":"has-post-thumbnail","6":"product_cat-gyerek-quadok","7":"product_shipping_class-tulmeret-1","9":"first","10":"instock","11":"shipping-taxable","12":"purchasable","13":"product-type-simple"},"yoast_head":"<!-- This site is optimized with the Yoast SEO plugin v27.4 - https:\/\/yoast.com\/product\/yoast-seo-wordpress\/ -->\n<title>Elad\u00f3 gyerek quad Kxd 008 f\u00e9lautomata 125ccc quad<\/title>\n<meta name=\"description\" content=\"Elad\u00f3 gyerek quad a k\u00f6zponti rakt\u00e1rb\u00f3l gyerek quadot a legjobb \u00e1ron az eg\u00e9sz orsz\u00e1gban! Ak\u00e1r 20-80 ezer forinttal olcs\u00f3bban mint m\u00e1shol\" \/>\n<meta name=\"robots\" content=\"index, follow, max-snippet:-1, max-image-preview:large, max-video-preview:-1\" \/>\n<link rel=\"canonical\" href=\"https:\/\/quadalkatreszek.com\/en\/product\/kxd-008-gyerek-quad-kek\/\" \/>\n<meta property=\"og:locale\" content=\"en_US\" \/>\n<meta property=\"og:type\" content=\"article\" \/>\n<meta property=\"og:title\" content=\"Elad\u00f3 gyerek quad Kxd 008 f\u00e9lautomata 125ccc quad\" \/>\n<meta property=\"og:description\" content=\"Elad\u00f3 gyerek quad a k\u00f6zponti rakt\u00e1rb\u00f3l gyerek quadot a legjobb \u00e1ron az eg\u00e9sz orsz\u00e1gban! Ak\u00e1r 20-80 ezer forinttal olcs\u00f3bban mint m\u00e1shol\" \/>\n<meta property=\"og:url\" content=\"https:\/\/quadalkatreszek.com\/en\/product\/kxd-008-gyerek-quad-kek\/\" \/>\n<meta property=\"og:site_name\" content=\"quadalkatreszek.com\" \/>\n<meta property=\"article:modified_time\" content=\"2025-06-26T07:32:51+00:00\" \/>\n<meta property=\"og:image\" content=\"https:\/\/quadalkatreszek.com\/wp-content\/uploads\/2023\/01\/NTT_E7Vl.jpg\" \/>\n\t<meta property=\"og:image:width\" content=\"876\" \/>\n\t<meta property=\"og:image:height\" content=\"644\" \/>\n\t<meta property=\"og:image:type\" content=\"image\/jpeg\" \/>\n<meta name=\"twitter:card\" content=\"summary_large_image\" \/>\n<meta name=\"twitter:label1\" content=\"Est. reading time\" \/>\n\t<meta name=\"twitter:data1\" content=\"2 minutes\" \/>\n<script type=\"application\/ld+json\" class=\"yoast-schema-graph\">{\"@context\":\"https:\\\/\\\/schema.org\",\"@graph\":[{\"@type\":\"WebPage\",\"@id\":\"https:\\\/\\\/quadalkatreszek.com\\\/product\\\/kxd-008-gyerek-quad-kek\\\/\",\"url\":\"https:\\\/\\\/quadalkatreszek.com\\\/product\\\/kxd-008-gyerek-quad-kek\\\/\",\"name\":\"Elad\u00f3 gyerek quad Kxd 008 f\u00e9lautomata 125ccc quad\",\"isPartOf\":{\"@id\":\"https:\\\/\\\/quadalkatreszek.com\\\/#website\"},\"primaryImageOfPage\":{\"@id\":\"https:\\\/\\\/quadalkatreszek.com\\\/product\\\/kxd-008-gyerek-quad-kek\\\/#primaryimage\"},\"image\":{\"@id\":\"https:\\\/\\\/quadalkatreszek.com\\\/product\\\/kxd-008-gyerek-quad-kek\\\/#primaryimage\"},\"thumbnailUrl\":\"https:\\\/\\\/quadalkatreszek.com\\\/wp-content\\\/uploads\\\/2023\\\/01\\\/NTT_E7Vl.jpg\",\"datePublished\":\"2023-01-11T11:14:11+00:00\",\"dateModified\":\"2025-06-26T07:32:51+00:00\",\"description\":\"Elad\u00f3 gyerek quad a k\u00f6zponti rakt\u00e1rb\u00f3l gyerek quadot a legjobb \u00e1ron az eg\u00e9sz orsz\u00e1gban! Ak\u00e1r 20-80 ezer forinttal olcs\u00f3bban mint m\u00e1shol\",\"breadcrumb\":{\"@id\":\"https:\\\/\\\/quadalkatreszek.com\\\/product\\\/kxd-008-gyerek-quad-kek\\\/#breadcrumb\"},\"inLanguage\":\"en-US\",\"potentialAction\":[{\"@type\":\"ReadAction\",\"target\":[\"https:\\\/\\\/quadalkatreszek.com\\\/product\\\/kxd-008-gyerek-quad-kek\\\/\"]}]},{\"@type\":\"ImageObject\",\"inLanguage\":\"en-US\",\"@id\":\"https:\\\/\\\/quadalkatreszek.com\\\/product\\\/kxd-008-gyerek-quad-kek\\\/#primaryimage\",\"url\":\"https:\\\/\\\/quadalkatreszek.com\\\/wp-content\\\/uploads\\\/2023\\\/01\\\/NTT_E7Vl.jpg\",\"contentUrl\":\"https:\\\/\\\/quadalkatreszek.com\\\/wp-content\\\/uploads\\\/2023\\\/01\\\/NTT_E7Vl.jpg\",\"width\":876,\"height\":644,\"caption\":\"Ranger 125cc f\u00e9lautomata gyerek quad barton\"},{\"@type\":\"BreadcrumbList\",\"@id\":\"https:\\\/\\\/quadalkatreszek.com\\\/product\\\/kxd-008-gyerek-quad-kek\\\/#breadcrumb\",\"itemListElement\":[{\"@type\":\"ListItem\",\"position\":1,\"name\":\"Kezd\u0151lap\",\"item\":\"https:\\\/\\\/quadalkatreszek.com\\\/\"},{\"@type\":\"ListItem\",\"position\":2,\"name\":\"Shop\",\"item\":\"https:\\\/\\\/quadalkatreszek.com\\\/shop\\\/\"},{\"@type\":\"ListItem\",\"position\":3,\"name\":\"KXD 008 gyerek quad k\u00e9k\"}]},{\"@type\":\"WebSite\",\"@id\":\"https:\\\/\\\/quadalkatreszek.com\\\/#website\",\"url\":\"https:\\\/\\\/quadalkatreszek.com\\\/\",\"name\":\"quadalkatreszek.com\",\"description\":\"alkatr\u00e9szek - azonnal - rakt\u00e1rr\u00f3l\",\"publisher\":{\"@id\":\"https:\\\/\\\/quadalkatreszek.com\\\/#organization\"},\"potentialAction\":[{\"@type\":\"SearchAction\",\"target\":{\"@type\":\"EntryPoint\",\"urlTemplate\":\"https:\\\/\\\/quadalkatreszek.com\\\/?s={search_term_string}\"},\"query-input\":{\"@type\":\"PropertyValueSpecification\",\"valueRequired\":true,\"valueName\":\"search_term_string\"}}],\"inLanguage\":\"en-US\"},{\"@type\":\"Organization\",\"@id\":\"https:\\\/\\\/quadalkatreszek.com\\\/#organization\",\"name\":\"quadalkatreszek.com\",\"url\":\"https:\\\/\\\/quadalkatreszek.com\\\/\",\"logo\":{\"@type\":\"ImageObject\",\"inLanguage\":\"en-US\",\"@id\":\"https:\\\/\\\/quadalkatreszek.com\\\/#\\\/schema\\\/logo\\\/image\\\/\",\"url\":\"https:\\\/\\\/quadalkatreszek.com\\\/wp-content\\\/uploads\\\/2023\\\/01\\\/korlogo-2.png\",\"contentUrl\":\"https:\\\/\\\/quadalkatreszek.com\\\/wp-content\\\/uploads\\\/2023\\\/01\\\/korlogo-2.png\",\"width\":866,\"height\":866,\"caption\":\"quadalkatreszek.com\"},\"image\":{\"@id\":\"https:\\\/\\\/quadalkatreszek.com\\\/#\\\/schema\\\/logo\\\/image\\\/\"}}]}<\/script>\n<!-- \/ Yoast SEO plugin. -->","yoast_head_json":{"title":"Elad\u00f3 gyerek quad Kxd 008 f\u00e9lautomata 125ccc quad","description":"Elad\u00f3 gyerek quad a k\u00f6zponti rakt\u00e1rb\u00f3l gyerek quadot a legjobb \u00e1ron az eg\u00e9sz orsz\u00e1gban! Ak\u00e1r 20-80 ezer forinttal olcs\u00f3bban mint m\u00e1shol","robots":{"index":"index","follow":"follow","max-snippet":"max-snippet:-1","max-image-preview":"max-image-preview:large","max-video-preview":"max-video-preview:-1"},"canonical":"https:\/\/quadalkatreszek.com\/en\/product\/kxd-008-gyerek-quad-kek\/","og_locale":"en_US","og_type":"article","og_title":"Elad\u00f3 gyerek quad Kxd 008 f\u00e9lautomata 125ccc quad","og_description":"Elad\u00f3 gyerek quad a k\u00f6zponti rakt\u00e1rb\u00f3l gyerek quadot a legjobb \u00e1ron az eg\u00e9sz orsz\u00e1gban! Ak\u00e1r 20-80 ezer forinttal olcs\u00f3bban mint m\u00e1shol","og_url":"https:\/\/quadalkatreszek.com\/en\/product\/kxd-008-gyerek-quad-kek\/","og_site_name":"quadalkatreszek.com","article_modified_time":"2025-06-26T07:32:51+00:00","og_image":[{"width":876,"height":644,"url":"https:\/\/quadalkatreszek.com\/wp-content\/uploads\/2023\/01\/NTT_E7Vl.jpg","type":"image\/jpeg"}],"twitter_card":"summary_large_image","twitter_misc":{"Est. reading time":"2 minutes"},"schema":{"@context":"https:\/\/schema.org","@graph":[{"@type":"WebPage","@id":"https:\/\/quadalkatreszek.com\/product\/kxd-008-gyerek-quad-kek\/","url":"https:\/\/quadalkatreszek.com\/product\/kxd-008-gyerek-quad-kek\/","name":"Elad\u00f3 gyerek quad Kxd 008 f\u00e9lautomata 125ccc quad","isPartOf":{"@id":"https:\/\/quadalkatreszek.com\/#website"},"primaryImageOfPage":{"@id":"https:\/\/quadalkatreszek.com\/product\/kxd-008-gyerek-quad-kek\/#primaryimage"},"image":{"@id":"https:\/\/quadalkatreszek.com\/product\/kxd-008-gyerek-quad-kek\/#primaryimage"},"thumbnailUrl":"https:\/\/quadalkatreszek.com\/wp-content\/uploads\/2023\/01\/NTT_E7Vl.jpg","datePublished":"2023-01-11T11:14:11+00:00","dateModified":"2025-06-26T07:32:51+00:00","description":"Elad\u00f3 gyerek quad a k\u00f6zponti rakt\u00e1rb\u00f3l gyerek quadot a legjobb \u00e1ron az eg\u00e9sz orsz\u00e1gban! Ak\u00e1r 20-80 ezer forinttal olcs\u00f3bban mint m\u00e1shol","breadcrumb":{"@id":"https:\/\/quadalkatreszek.com\/product\/kxd-008-gyerek-quad-kek\/#breadcrumb"},"inLanguage":"en-US","potentialAction":[{"@type":"ReadAction","target":["https:\/\/quadalkatreszek.com\/product\/kxd-008-gyerek-quad-kek\/"]}]},{"@type":"ImageObject","inLanguage":"en-US","@id":"https:\/\/quadalkatreszek.com\/product\/kxd-008-gyerek-quad-kek\/#primaryimage","url":"https:\/\/quadalkatreszek.com\/wp-content\/uploads\/2023\/01\/NTT_E7Vl.jpg","contentUrl":"https:\/\/quadalkatreszek.com\/wp-content\/uploads\/2023\/01\/NTT_E7Vl.jpg","width":876,"height":644,"caption":"Ranger 125cc f\u00e9lautomata gyerek quad barton"},{"@type":"BreadcrumbList","@id":"https:\/\/quadalkatreszek.com\/product\/kxd-008-gyerek-quad-kek\/#breadcrumb","itemListElement":[{"@type":"ListItem","position":1,"name":"Kezd\u0151lap","item":"https:\/\/quadalkatreszek.com\/"},{"@type":"ListItem","position":2,"name":"Shop","item":"https:\/\/quadalkatreszek.com\/shop\/"},{"@type":"ListItem","position":3,"name":"KXD 008 gyerek quad k\u00e9k"}]},{"@type":"WebSite","@id":"https:\/\/quadalkatreszek.com\/#website","url":"https:\/\/quadalkatreszek.com\/","name":"quadalkatreszek.com","description":"alkatr\u00e9szek - azonnal - rakt\u00e1rr\u00f3l","publisher":{"@id":"https:\/\/quadalkatreszek.com\/#organization"},"potentialAction":[{"@type":"SearchAction","target":{"@type":"EntryPoint","urlTemplate":"https:\/\/quadalkatreszek.com\/?s={search_term_string}"},"query-input":{"@type":"PropertyValueSpecification","valueRequired":true,"valueName":"search_term_string"}}],"inLanguage":"en-US"},{"@type":"Organization","@id":"https:\/\/quadalkatreszek.com\/#organization","name":"quadalkatreszek.com","url":"https:\/\/quadalkatreszek.com\/","logo":{"@type":"ImageObject","inLanguage":"en-US","@id":"https:\/\/quadalkatreszek.com\/#\/schema\/logo\/image\/","url":"https:\/\/quadalkatreszek.com\/wp-content\/uploads\/2023\/01\/korlogo-2.png","contentUrl":"https:\/\/quadalkatreszek.com\/wp-content\/uploads\/2023\/01\/korlogo-2.png","width":866,"height":866,"caption":"quadalkatreszek.com"},"image":{"@id":"https:\/\/quadalkatreszek.com\/#\/schema\/logo\/image\/"}}]}},"_links":{"self":[{"href":"https:\/\/quadalkatreszek.com\/en\/wp-json\/wp\/v2\/product\/31686","targetHints":{"allow":["GET"]}}],"collection":[{"href":"https:\/\/quadalkatreszek.com\/en\/wp-json\/wp\/v2\/product"}],"about":[{"href":"https:\/\/quadalkatreszek.com\/en\/wp-json\/wp\/v2\/types\/product"}],"replies":[{"embeddable":true,"href":"https:\/\/quadalkatreszek.com\/en\/wp-json\/wp\/v2\/comments?post=31686"}],"wp:featuredmedia":[{"embeddable":true,"href":"https:\/\/quadalkatreszek.com\/en\/wp-json\/wp\/v2\/media\/46590"}],"wp:attachment":[{"href":"https:\/\/quadalkatreszek.com\/en\/wp-json\/wp\/v2\/media?parent=31686"}],"wp:term":[{"taxonomy":"product_brand","embeddable":true,"href":"https:\/\/quadalkatreszek.com\/en\/wp-json\/wp\/v2\/product_brand?post=31686"},{"taxonomy":"product_cat","embeddable":true,"href":"https:\/\/quadalkatreszek.com\/en\/wp-json\/wp\/v2\/product_cat?post=31686"},{"taxonomy":"product_tag","embeddable":true,"href":"https:\/\/quadalkatreszek.com\/en\/wp-json\/wp\/v2\/product_tag?post=31686"}],"curies":[{"name":"wp","href":"https:\/\/api.w.org\/{rel}","templated":true}]}}