{"id":31712,"date":"2023-01-11T12:43:09","date_gmt":"2023-01-11T11:43:09","guid":{"rendered":"https:\/\/quadalkatreszek.com\/?post_type=product&#038;p=31712"},"modified":"2024-10-15T08:23:02","modified_gmt":"2024-10-15T07:23:02","slug":"gyerek-quad-kxd-006-piros-125cc","status":"publish","type":"product","link":"https:\/\/quadalkatreszek.com\/en\/product\/gyerek-quad-kxd-006-piros-125cc\/","title":{"rendered":"Gyerek quad KXD 006 piros 125cc"},"content":{"rendered":"<p>Gyerek quad KXD 006 piros 125cc k\u00f6bcentis automata kivitelben!<\/p>\n<p>Ez a term\u00e9k k\u00f6z\u00fati forgalomban nem vehet r\u00e9szt!!!<\/p>\n<p>Egy el\u0151re \u00e9s egy h\u00e1tramenet van a Kxd 006 os gyerek quadban, melyet egy l\u00e1bv\u00e1lt\u00f3 seg\u00edts\u00e9g\u00e9vel, lehet kapcsolni.<br \/>\nA quad vezet\u00e9s\u00e9t nagyon k\u00f6nnyen p\u00e1r perc alatt el lehet saj\u00e1t\u00edtani.<\/p>\n<p>Tov\u00e1bb\u00e1 a sebess\u00e9g\u00fck a g\u00e1zkar \u00e1ll\u00edt\u00e1s\u00e1val szab\u00e1lyozhat\u00f3, \u00edgy a gyermek kezdetben nem tud t\u00fal gyorsan menni a j\u00e1rm\u0171vel.<br \/>\n8-9 \u00e9ves kort\u00f3l aj\u00e1nljuk ezt a Kxd 006-os modellt, max. terhelhet\u0151s\u00e9ge 75 kil\u00f3, nagy 8 colos kerekekkel rendelkezik, teh\u00e1t kisebb feln\u0151ttek is haszn\u00e1lhatj\u00e1k.<br \/>\nA Kxd 006 os <a href=\"https:\/\/quadalkatreszek.com\/en\/product-category\/jarmuvek-quadok-motorok\/\">gyerek quadra<\/a> term\u00e9szetesen garanci\u00e1t v\u00e1llalunk \u00e9s teljes alkatr\u00e9sz ut\u00e1np\u00f3tl\u00e1st biztos\u00edtunk.<br \/>\nTov\u00e1bb\u00e1 ingyenes telefonos szerviz seg\u00edts\u00e9get ny\u00fajtunk a n\u00e1lunk v\u00e1s\u00e1rolt quadok karbantart\u00e1s\u00e1hoz, szerel\u00e9s\u00e9hez.<br \/>\nKisz\u00e1ll\u00edt\u00e1st v\u00e1llalunk az orsz\u00e1g teljes ter\u00fclet\u00e9re.<\/p>\n<p><strong>Quadok, Dirt Bike-ok kisz\u00e1ll\u00edt\u00e1s\u00e1t egyedi d\u00edjjal tudjuk v\u00e1llalni. Pontos \u00e1r\u00e9rt \u00e9rdekl\u0151dj\u00f6n telefonon vagy e-mailben. <\/strong><\/p>\n<p><strong>A j\u00e1rm\u0171 k\u00f6z\u00fati forgalomban nem, vehet r\u00e9szt!<br \/>\n<\/strong><\/p>\n<p>Az \u00e1r doboz \u00e1r!<\/p>\n<p>Motor: 125ccm, 1 henger, 4 \u00fctem\u0171<br \/>\nH\u0171t\u00e9s: L\u00e9gh\u0171t\u00e9s<br \/>\nSebess\u00e9g: 45 -60km\/h<br \/>\nGy\u00fajt\u00e1s: Elektromos \/ CDI<br \/>\nV\u00e1lt\u00f3: Automata v\u00e1lt\u00f3 + tolat\u00e1s<br \/>\nMeghajt\u00e1s: L\u00e1nc<br \/>\nels\u0151 f\u00e9k Hidraulikus t\u00e1rcsaf\u00e9k<br \/>\nH\u00e1ts\u00f3 f\u00e9k: Hidraulikus t\u00e1rcsaf\u00e9k<br \/>\nM\u00e9retek (H x Sz x M): 1400 mm x 820 mm x 900 mm<br \/>\n\u00dcl\u00e9smagass\u00e1g: 700 mm<br \/>\nS\u00faly: 92 kg<\/p>\n<p>Max teherb\u00edr\u00e1s 75 kg<\/p>\n<p>Kerekek h\u00e1tul: 18X9,5-8<br \/>\nEls\u0151 gumik: 19&#215;7-8<\/p>\n<p>&#8211; &#8211; &#8211;<br \/>\n<!--kkod_start--><\/p>\n<div class=\"kkod-visible\">kkod:93<\/div>\n<p><!--kkod_end--><\/p>","protected":false},"excerpt":{"rendered":"<p>KXD 006 gyerek quad 125 ccm-es, automata v\u00e1lt\u00f3 + tolat\u00e1s, 8 colos ker\u00e9k , piros<\/p>\n<p>Ez a term\u00e9k k\u00f6z\u00fati forgalomban nem vehet r\u00e9szt!!!<\/p>","protected":false},"featured_media":31714,"comment_status":"open","ping_status":"closed","template":"","meta":[],"product_brand":[],"product_cat":[103],"product_tag":[],"class_list":{"0":"post-31712","1":"product","2":"type-product","3":"status-publish","4":"has-post-thumbnail","6":"product_cat-gyerek-quadok","7":"product_shipping_class-tulmeret-1","9":"first","10":"instock","11":"shipping-taxable","12":"purchasable","13":"product-type-simple"},"yoast_head":"<!-- This site is optimized with the Yoast SEO plugin v27.4 - https:\/\/yoast.com\/product\/yoast-seo-wordpress\/ -->\n<title>Gyerek quad KXD 006 piros 125cc - quadalkatreszek.com<\/title>\n<meta name=\"description\" content=\"KXD 006 Gyerek quad automata \u00e9s f\u00e9lautomata kivitelben. Ezen k\u00edv\u00fcl t\u00f6bb sz\u00e1z gyerek quad rakt\u00e1rr\u00f3l azonnal, garanci\u00e1val \u00e9s teljes alkatr\u00e9sz ut\u00e1np\u00f3tl\u00e1ssal\" \/>\n<meta name=\"robots\" content=\"index, follow, max-snippet:-1, max-image-preview:large, max-video-preview:-1\" \/>\n<link rel=\"canonical\" href=\"https:\/\/quadalkatreszek.com\/en\/product\/gyerek-quad-kxd-006-piros-125cc\/\" \/>\n<meta property=\"og:locale\" content=\"en_US\" \/>\n<meta property=\"og:type\" content=\"article\" \/>\n<meta property=\"og:title\" content=\"Gyerek quad KXD 006 piros 125cc - quadalkatreszek.com\" \/>\n<meta property=\"og:description\" content=\"KXD 006 Gyerek quad automata \u00e9s f\u00e9lautomata kivitelben. Ezen k\u00edv\u00fcl t\u00f6bb sz\u00e1z gyerek quad rakt\u00e1rr\u00f3l azonnal, garanci\u00e1val \u00e9s teljes alkatr\u00e9sz ut\u00e1np\u00f3tl\u00e1ssal\" \/>\n<meta property=\"og:url\" content=\"https:\/\/quadalkatreszek.com\/en\/product\/gyerek-quad-kxd-006-piros-125cc\/\" \/>\n<meta property=\"og:site_name\" content=\"quadalkatreszek.com\" \/>\n<meta property=\"article:modified_time\" content=\"2024-10-15T07:23:02+00:00\" \/>\n<meta property=\"og:image\" content=\"https:\/\/quadalkatreszek.com\/wp-content\/uploads\/2023\/01\/124ccm-006-2.jpg\" \/>\n\t<meta property=\"og:image:width\" content=\"1500\" \/>\n\t<meta property=\"og:image:height\" content=\"1060\" \/>\n\t<meta property=\"og:image:type\" content=\"image\/jpeg\" \/>\n<meta name=\"twitter:card\" content=\"summary_large_image\" \/>\n<meta name=\"twitter:label1\" content=\"Est. reading time\" \/>\n\t<meta name=\"twitter:data1\" content=\"1 minute\" \/>\n<script type=\"application\/ld+json\" class=\"yoast-schema-graph\">{\"@context\":\"https:\\\/\\\/schema.org\",\"@graph\":[{\"@type\":\"WebPage\",\"@id\":\"https:\\\/\\\/quadalkatreszek.com\\\/product\\\/gyerek-quad-kxd-006-piros-125cc\\\/\",\"url\":\"https:\\\/\\\/quadalkatreszek.com\\\/product\\\/gyerek-quad-kxd-006-piros-125cc\\\/\",\"name\":\"Gyerek quad KXD 006 piros 125cc - quadalkatreszek.com\",\"isPartOf\":{\"@id\":\"https:\\\/\\\/quadalkatreszek.com\\\/#website\"},\"primaryImageOfPage\":{\"@id\":\"https:\\\/\\\/quadalkatreszek.com\\\/product\\\/gyerek-quad-kxd-006-piros-125cc\\\/#primaryimage\"},\"image\":{\"@id\":\"https:\\\/\\\/quadalkatreszek.com\\\/product\\\/gyerek-quad-kxd-006-piros-125cc\\\/#primaryimage\"},\"thumbnailUrl\":\"https:\\\/\\\/quadalkatreszek.com\\\/wp-content\\\/uploads\\\/2023\\\/01\\\/124ccm-006-2.jpg\",\"datePublished\":\"2023-01-11T11:43:09+00:00\",\"dateModified\":\"2024-10-15T07:23:02+00:00\",\"description\":\"KXD 006 Gyerek quad automata \u00e9s f\u00e9lautomata kivitelben. Ezen k\u00edv\u00fcl t\u00f6bb sz\u00e1z gyerek quad rakt\u00e1rr\u00f3l azonnal, garanci\u00e1val \u00e9s teljes alkatr\u00e9sz ut\u00e1np\u00f3tl\u00e1ssal\",\"breadcrumb\":{\"@id\":\"https:\\\/\\\/quadalkatreszek.com\\\/product\\\/gyerek-quad-kxd-006-piros-125cc\\\/#breadcrumb\"},\"inLanguage\":\"en-US\",\"potentialAction\":[{\"@type\":\"ReadAction\",\"target\":[\"https:\\\/\\\/quadalkatreszek.com\\\/product\\\/gyerek-quad-kxd-006-piros-125cc\\\/\"]}]},{\"@type\":\"ImageObject\",\"inLanguage\":\"en-US\",\"@id\":\"https:\\\/\\\/quadalkatreszek.com\\\/product\\\/gyerek-quad-kxd-006-piros-125cc\\\/#primaryimage\",\"url\":\"https:\\\/\\\/quadalkatreszek.com\\\/wp-content\\\/uploads\\\/2023\\\/01\\\/124ccm-006-2.jpg\",\"contentUrl\":\"https:\\\/\\\/quadalkatreszek.com\\\/wp-content\\\/uploads\\\/2023\\\/01\\\/124ccm-006-2.jpg\",\"width\":1500,\"height\":1060,\"caption\":\"KXD 006 gyerek quad piros 125cc\"},{\"@type\":\"BreadcrumbList\",\"@id\":\"https:\\\/\\\/quadalkatreszek.com\\\/product\\\/gyerek-quad-kxd-006-piros-125cc\\\/#breadcrumb\",\"itemListElement\":[{\"@type\":\"ListItem\",\"position\":1,\"name\":\"Kezd\u0151lap\",\"item\":\"https:\\\/\\\/quadalkatreszek.com\\\/\"},{\"@type\":\"ListItem\",\"position\":2,\"name\":\"Shop\",\"item\":\"https:\\\/\\\/quadalkatreszek.com\\\/shop\\\/\"},{\"@type\":\"ListItem\",\"position\":3,\"name\":\"Gyerek quad KXD 006 piros 125cc\"}]},{\"@type\":\"WebSite\",\"@id\":\"https:\\\/\\\/quadalkatreszek.com\\\/#website\",\"url\":\"https:\\\/\\\/quadalkatreszek.com\\\/\",\"name\":\"quadalkatreszek.com\",\"description\":\"alkatr\u00e9szek - azonnal - rakt\u00e1rr\u00f3l\",\"publisher\":{\"@id\":\"https:\\\/\\\/quadalkatreszek.com\\\/#organization\"},\"potentialAction\":[{\"@type\":\"SearchAction\",\"target\":{\"@type\":\"EntryPoint\",\"urlTemplate\":\"https:\\\/\\\/quadalkatreszek.com\\\/?s={search_term_string}\"},\"query-input\":{\"@type\":\"PropertyValueSpecification\",\"valueRequired\":true,\"valueName\":\"search_term_string\"}}],\"inLanguage\":\"en-US\"},{\"@type\":\"Organization\",\"@id\":\"https:\\\/\\\/quadalkatreszek.com\\\/#organization\",\"name\":\"quadalkatreszek.com\",\"url\":\"https:\\\/\\\/quadalkatreszek.com\\\/\",\"logo\":{\"@type\":\"ImageObject\",\"inLanguage\":\"en-US\",\"@id\":\"https:\\\/\\\/quadalkatreszek.com\\\/#\\\/schema\\\/logo\\\/image\\\/\",\"url\":\"https:\\\/\\\/quadalkatreszek.com\\\/wp-content\\\/uploads\\\/2023\\\/01\\\/korlogo-2.png\",\"contentUrl\":\"https:\\\/\\\/quadalkatreszek.com\\\/wp-content\\\/uploads\\\/2023\\\/01\\\/korlogo-2.png\",\"width\":866,\"height\":866,\"caption\":\"quadalkatreszek.com\"},\"image\":{\"@id\":\"https:\\\/\\\/quadalkatreszek.com\\\/#\\\/schema\\\/logo\\\/image\\\/\"}}]}<\/script>\n<!-- \/ Yoast SEO plugin. -->","yoast_head_json":{"title":"Gyerek quad KXD 006 piros 125cc - quadalkatreszek.com","description":"KXD 006 Gyerek quad automata \u00e9s f\u00e9lautomata kivitelben. Ezen k\u00edv\u00fcl t\u00f6bb sz\u00e1z gyerek quad rakt\u00e1rr\u00f3l azonnal, garanci\u00e1val \u00e9s teljes alkatr\u00e9sz ut\u00e1np\u00f3tl\u00e1ssal","robots":{"index":"index","follow":"follow","max-snippet":"max-snippet:-1","max-image-preview":"max-image-preview:large","max-video-preview":"max-video-preview:-1"},"canonical":"https:\/\/quadalkatreszek.com\/en\/product\/gyerek-quad-kxd-006-piros-125cc\/","og_locale":"en_US","og_type":"article","og_title":"Gyerek quad KXD 006 piros 125cc - quadalkatreszek.com","og_description":"KXD 006 Gyerek quad automata \u00e9s f\u00e9lautomata kivitelben. Ezen k\u00edv\u00fcl t\u00f6bb sz\u00e1z gyerek quad rakt\u00e1rr\u00f3l azonnal, garanci\u00e1val \u00e9s teljes alkatr\u00e9sz ut\u00e1np\u00f3tl\u00e1ssal","og_url":"https:\/\/quadalkatreszek.com\/en\/product\/gyerek-quad-kxd-006-piros-125cc\/","og_site_name":"quadalkatreszek.com","article_modified_time":"2024-10-15T07:23:02+00:00","og_image":[{"width":1500,"height":1060,"url":"https:\/\/quadalkatreszek.com\/wp-content\/uploads\/2023\/01\/124ccm-006-2.jpg","type":"image\/jpeg"}],"twitter_card":"summary_large_image","twitter_misc":{"Est. reading time":"1 minute"},"schema":{"@context":"https:\/\/schema.org","@graph":[{"@type":"WebPage","@id":"https:\/\/quadalkatreszek.com\/product\/gyerek-quad-kxd-006-piros-125cc\/","url":"https:\/\/quadalkatreszek.com\/product\/gyerek-quad-kxd-006-piros-125cc\/","name":"Gyerek quad KXD 006 piros 125cc - quadalkatreszek.com","isPartOf":{"@id":"https:\/\/quadalkatreszek.com\/#website"},"primaryImageOfPage":{"@id":"https:\/\/quadalkatreszek.com\/product\/gyerek-quad-kxd-006-piros-125cc\/#primaryimage"},"image":{"@id":"https:\/\/quadalkatreszek.com\/product\/gyerek-quad-kxd-006-piros-125cc\/#primaryimage"},"thumbnailUrl":"https:\/\/quadalkatreszek.com\/wp-content\/uploads\/2023\/01\/124ccm-006-2.jpg","datePublished":"2023-01-11T11:43:09+00:00","dateModified":"2024-10-15T07:23:02+00:00","description":"KXD 006 Gyerek quad automata \u00e9s f\u00e9lautomata kivitelben. Ezen k\u00edv\u00fcl t\u00f6bb sz\u00e1z gyerek quad rakt\u00e1rr\u00f3l azonnal, garanci\u00e1val \u00e9s teljes alkatr\u00e9sz ut\u00e1np\u00f3tl\u00e1ssal","breadcrumb":{"@id":"https:\/\/quadalkatreszek.com\/product\/gyerek-quad-kxd-006-piros-125cc\/#breadcrumb"},"inLanguage":"en-US","potentialAction":[{"@type":"ReadAction","target":["https:\/\/quadalkatreszek.com\/product\/gyerek-quad-kxd-006-piros-125cc\/"]}]},{"@type":"ImageObject","inLanguage":"en-US","@id":"https:\/\/quadalkatreszek.com\/product\/gyerek-quad-kxd-006-piros-125cc\/#primaryimage","url":"https:\/\/quadalkatreszek.com\/wp-content\/uploads\/2023\/01\/124ccm-006-2.jpg","contentUrl":"https:\/\/quadalkatreszek.com\/wp-content\/uploads\/2023\/01\/124ccm-006-2.jpg","width":1500,"height":1060,"caption":"KXD 006 gyerek quad piros 125cc"},{"@type":"BreadcrumbList","@id":"https:\/\/quadalkatreszek.com\/product\/gyerek-quad-kxd-006-piros-125cc\/#breadcrumb","itemListElement":[{"@type":"ListItem","position":1,"name":"Kezd\u0151lap","item":"https:\/\/quadalkatreszek.com\/"},{"@type":"ListItem","position":2,"name":"Shop","item":"https:\/\/quadalkatreszek.com\/shop\/"},{"@type":"ListItem","position":3,"name":"Gyerek quad KXD 006 piros 125cc"}]},{"@type":"WebSite","@id":"https:\/\/quadalkatreszek.com\/#website","url":"https:\/\/quadalkatreszek.com\/","name":"quadalkatreszek.com","description":"alkatr\u00e9szek - azonnal - rakt\u00e1rr\u00f3l","publisher":{"@id":"https:\/\/quadalkatreszek.com\/#organization"},"potentialAction":[{"@type":"SearchAction","target":{"@type":"EntryPoint","urlTemplate":"https:\/\/quadalkatreszek.com\/?s={search_term_string}"},"query-input":{"@type":"PropertyValueSpecification","valueRequired":true,"valueName":"search_term_string"}}],"inLanguage":"en-US"},{"@type":"Organization","@id":"https:\/\/quadalkatreszek.com\/#organization","name":"quadalkatreszek.com","url":"https:\/\/quadalkatreszek.com\/","logo":{"@type":"ImageObject","inLanguage":"en-US","@id":"https:\/\/quadalkatreszek.com\/#\/schema\/logo\/image\/","url":"https:\/\/quadalkatreszek.com\/wp-content\/uploads\/2023\/01\/korlogo-2.png","contentUrl":"https:\/\/quadalkatreszek.com\/wp-content\/uploads\/2023\/01\/korlogo-2.png","width":866,"height":866,"caption":"quadalkatreszek.com"},"image":{"@id":"https:\/\/quadalkatreszek.com\/#\/schema\/logo\/image\/"}}]}},"_links":{"self":[{"href":"https:\/\/quadalkatreszek.com\/en\/wp-json\/wp\/v2\/product\/31712","targetHints":{"allow":["GET"]}}],"collection":[{"href":"https:\/\/quadalkatreszek.com\/en\/wp-json\/wp\/v2\/product"}],"about":[{"href":"https:\/\/quadalkatreszek.com\/en\/wp-json\/wp\/v2\/types\/product"}],"replies":[{"embeddable":true,"href":"https:\/\/quadalkatreszek.com\/en\/wp-json\/wp\/v2\/comments?post=31712"}],"wp:featuredmedia":[{"embeddable":true,"href":"https:\/\/quadalkatreszek.com\/en\/wp-json\/wp\/v2\/media\/31714"}],"wp:attachment":[{"href":"https:\/\/quadalkatreszek.com\/en\/wp-json\/wp\/v2\/media?parent=31712"}],"wp:term":[{"taxonomy":"product_brand","embeddable":true,"href":"https:\/\/quadalkatreszek.com\/en\/wp-json\/wp\/v2\/product_brand?post=31712"},{"taxonomy":"product_cat","embeddable":true,"href":"https:\/\/quadalkatreszek.com\/en\/wp-json\/wp\/v2\/product_cat?post=31712"},{"taxonomy":"product_tag","embeddable":true,"href":"https:\/\/quadalkatreszek.com\/en\/wp-json\/wp\/v2\/product_tag?post=31712"}],"curies":[{"name":"wp","href":"https:\/\/api.w.org\/{rel}","templated":true}]}}