{"id":31764,"date":"2023-01-17T10:30:36","date_gmt":"2023-01-17T09:30:36","guid":{"rendered":"https:\/\/quadalkatreszek.com\/?post_type=product&#038;p=31764"},"modified":"2026-05-07T06:01:57","modified_gmt":"2026-05-07T05:01:57","slug":"pocket-gyerek-quad-kuplung-pofa-ropsuly-3-pofas","status":"publish","type":"product","link":"https:\/\/quadalkatreszek.com\/en\/product\/pocket-gyerek-quad-kuplung-pofa-ropsuly-3-pofas\/","title":{"rendered":"Pocket gyerek quad kuplung pofa, r\u00f6ps\u00faly 3 pof\u00e1s"},"content":{"rendered":"<p>Pocket mini atv, quad, motor kuplung pofa , r\u00f6ps\u00faly<\/p>\n<p>univerz\u00e1lis<\/p>\n<p>szinte minden fajta k\u00ednai k\u00e9t\u00fctem\u0171 gyerekquadba beszerelhet\u0151.<\/p>\n<p>Tao, Apollo, Ranger Kxd 001, Kxd 004, Kxd 006, Kxd 008, barton \u00e9s Highper\u00a0\u00e9s egy\u00e9b k\u00ednai<br \/>\nm\u00e1rk\u00e1khoz is KOMPATIBILIS ezekbe is be\u00e9p\u00edthet\u0151, beszerelhet\u0151 k\u00ednai alkatr\u00e9sz!<\/p>\n<p>&nbsp;<\/p>\n<p>A n\u00e1lunk a rendelt alkatr\u00e9szeket nagyon kedvez\u0151 \u00e1ron 24-48 \u00f3r\u00e1n bel\u00fcl eljuttatjuk a c\u00edmedre,<br \/>\nde telephellyel is rendelkez\u00fcnk \u00edgy szem\u00e9lyesen is megv\u00e1s\u00e1rolhat\u00f3k term\u00e9keink, a budapesti rakt\u00e1runkba.<br \/>\nHa v\u00e9letlen\u00fcl rossz m\u00e9ret\u0171 alkatr\u00e9szt rendelsz, n\u00e1lunk 30 napig visszak\u00fcldheted \u00e9s visszaadjuk az \u00e1r\u00e1t, vagy lev\u00e1s\u00e1rolhatod.<\/p>\n<p>Egy\u00e9b\u00a0<a href=\"https:\/\/quadalkatreszek.com\/en\/product-category\/motor-valto\/kuplung\/\">kuplung<\/a> alkatr\u00e9szek a linken<\/p>\n<p>, 0<br \/>\n&#8211; &#8211; &#8211;<br \/>\n<!--kkod_start--><\/p>\n<div class=\"kkod-visible\">kkod:120<\/div>\n<p><!--kkod_end--><\/p>","protected":false},"excerpt":{"rendered":"<p>K\u00e9t\u00fctem\u0171 k\u00ednai gyerek quad kuplungpofa, r\u00f6ps\u00faly 49ccm<\/p>\n<p>&nbsp;<\/p>","protected":false},"featured_media":31768,"comment_status":"open","ping_status":"closed","template":"","meta":[],"product_brand":[],"product_cat":[95,83],"product_tag":[],"class_list":{"0":"post-31764","1":"product","2":"type-product","3":"status-publish","4":"has-post-thumbnail","6":"product_cat-akcios-termekek","7":"product_cat-kuplung","9":"first","10":"instock","11":"sale","12":"shipping-taxable","13":"purchasable","14":"product-type-simple"},"yoast_head":"<!-- This site is optimized with the Yoast SEO plugin v27.5 - https:\/\/yoast.com\/product\/yoast-seo-wordpress\/ -->\n<title>Pocket gyerek quad kuplung pofa, r\u00f6ps\u00faly 3 pof\u00e1s - quadalkatreszek.com<\/title>\n<meta name=\"description\" content=\"Pocket gyerek quad 3 pof\u00e1s r\u00f6ps\u00faly \/ kuplung pofa k\u00e9t\u00fctem\u0171 k\u00ednai gyerek quadokba, motorokba. Ezen k\u00edv\u00fcl rengeteg quad kuplung alkatr\u00e9sz egy helyen\" \/>\n<meta name=\"robots\" content=\"index, follow, max-snippet:-1, max-image-preview:large, max-video-preview:-1\" \/>\n<link rel=\"canonical\" href=\"https:\/\/quadalkatreszek.com\/en\/product\/pocket-gyerek-quad-kuplung-pofa-ropsuly-3-pofas\/\" \/>\n<meta property=\"og:locale\" content=\"en_US\" \/>\n<meta property=\"og:type\" content=\"article\" \/>\n<meta property=\"og:title\" content=\"Pocket gyerek quad kuplung pofa, r\u00f6ps\u00faly 3 pof\u00e1s - quadalkatreszek.com\" \/>\n<meta property=\"og:description\" content=\"Pocket gyerek quad 3 pof\u00e1s r\u00f6ps\u00faly \/ kuplung pofa k\u00e9t\u00fctem\u0171 k\u00ednai gyerek quadokba, motorokba. Ezen k\u00edv\u00fcl rengeteg quad kuplung alkatr\u00e9sz egy helyen\" \/>\n<meta property=\"og:url\" content=\"https:\/\/quadalkatreszek.com\/en\/product\/pocket-gyerek-quad-kuplung-pofa-ropsuly-3-pofas\/\" \/>\n<meta property=\"og:site_name\" content=\"quadalkatreszek.com\" \/>\n<meta property=\"article:modified_time\" content=\"2026-05-07T05:01:57+00:00\" \/>\n<meta property=\"og:image\" content=\"https:\/\/quadalkatreszek.com\/wp-content\/uploads\/2023\/01\/322482120_5557758371020066_4926053474456110688_n.jpg\" \/>\n\t<meta property=\"og:image:width\" content=\"595\" \/>\n\t<meta property=\"og:image:height\" content=\"503\" \/>\n\t<meta property=\"og:image:type\" content=\"image\/jpeg\" \/>\n<meta name=\"twitter:card\" content=\"summary_large_image\" \/>\n<meta name=\"twitter:label1\" content=\"Est. reading time\" \/>\n\t<meta name=\"twitter:data1\" content=\"1 minute\" \/>\n<script type=\"application\/ld+json\" class=\"yoast-schema-graph\">{\"@context\":\"https:\\\/\\\/schema.org\",\"@graph\":[{\"@type\":\"WebPage\",\"@id\":\"https:\\\/\\\/quadalkatreszek.com\\\/product\\\/pocket-gyerek-quad-kuplung-pofa-ropsuly-3-pofas\\\/\",\"url\":\"https:\\\/\\\/quadalkatreszek.com\\\/product\\\/pocket-gyerek-quad-kuplung-pofa-ropsuly-3-pofas\\\/\",\"name\":\"Pocket gyerek quad kuplung pofa, r\u00f6ps\u00faly 3 pof\u00e1s - quadalkatreszek.com\",\"isPartOf\":{\"@id\":\"https:\\\/\\\/quadalkatreszek.com\\\/#website\"},\"primaryImageOfPage\":{\"@id\":\"https:\\\/\\\/quadalkatreszek.com\\\/product\\\/pocket-gyerek-quad-kuplung-pofa-ropsuly-3-pofas\\\/#primaryimage\"},\"image\":{\"@id\":\"https:\\\/\\\/quadalkatreszek.com\\\/product\\\/pocket-gyerek-quad-kuplung-pofa-ropsuly-3-pofas\\\/#primaryimage\"},\"thumbnailUrl\":\"https:\\\/\\\/quadalkatreszek.com\\\/wp-content\\\/uploads\\\/2023\\\/01\\\/322482120_5557758371020066_4926053474456110688_n.jpg\",\"datePublished\":\"2023-01-17T09:30:36+00:00\",\"dateModified\":\"2026-05-07T05:01:57+00:00\",\"description\":\"Pocket gyerek quad 3 pof\u00e1s r\u00f6ps\u00faly \\\/ kuplung pofa k\u00e9t\u00fctem\u0171 k\u00ednai gyerek quadokba, motorokba. Ezen k\u00edv\u00fcl rengeteg quad kuplung alkatr\u00e9sz egy helyen\",\"breadcrumb\":{\"@id\":\"https:\\\/\\\/quadalkatreszek.com\\\/product\\\/pocket-gyerek-quad-kuplung-pofa-ropsuly-3-pofas\\\/#breadcrumb\"},\"inLanguage\":\"en-US\",\"potentialAction\":[{\"@type\":\"ReadAction\",\"target\":[\"https:\\\/\\\/quadalkatreszek.com\\\/product\\\/pocket-gyerek-quad-kuplung-pofa-ropsuly-3-pofas\\\/\"]}]},{\"@type\":\"ImageObject\",\"inLanguage\":\"en-US\",\"@id\":\"https:\\\/\\\/quadalkatreszek.com\\\/product\\\/pocket-gyerek-quad-kuplung-pofa-ropsuly-3-pofas\\\/#primaryimage\",\"url\":\"https:\\\/\\\/quadalkatreszek.com\\\/wp-content\\\/uploads\\\/2023\\\/01\\\/322482120_5557758371020066_4926053474456110688_n.jpg\",\"contentUrl\":\"https:\\\/\\\/quadalkatreszek.com\\\/wp-content\\\/uploads\\\/2023\\\/01\\\/322482120_5557758371020066_4926053474456110688_n.jpg\",\"width\":595,\"height\":503,\"caption\":\"KXD M7 Pocket gyerek quad \u00e9s cross kuplungpofa\"},{\"@type\":\"BreadcrumbList\",\"@id\":\"https:\\\/\\\/quadalkatreszek.com\\\/product\\\/pocket-gyerek-quad-kuplung-pofa-ropsuly-3-pofas\\\/#breadcrumb\",\"itemListElement\":[{\"@type\":\"ListItem\",\"position\":1,\"name\":\"Kezd\u0151lap\",\"item\":\"https:\\\/\\\/quadalkatreszek.com\\\/\"},{\"@type\":\"ListItem\",\"position\":2,\"name\":\"Shop\",\"item\":\"https:\\\/\\\/quadalkatreszek.com\\\/shop\\\/\"},{\"@type\":\"ListItem\",\"position\":3,\"name\":\"Pocket gyerek quad kuplung pofa, r\u00f6ps\u00faly 3 pof\u00e1s\"}]},{\"@type\":\"WebSite\",\"@id\":\"https:\\\/\\\/quadalkatreszek.com\\\/#website\",\"url\":\"https:\\\/\\\/quadalkatreszek.com\\\/\",\"name\":\"quadalkatreszek.com\",\"description\":\"alkatr\u00e9szek - azonnal - rakt\u00e1rr\u00f3l\",\"publisher\":{\"@id\":\"https:\\\/\\\/quadalkatreszek.com\\\/#organization\"},\"potentialAction\":[{\"@type\":\"SearchAction\",\"target\":{\"@type\":\"EntryPoint\",\"urlTemplate\":\"https:\\\/\\\/quadalkatreszek.com\\\/?s={search_term_string}\"},\"query-input\":{\"@type\":\"PropertyValueSpecification\",\"valueRequired\":true,\"valueName\":\"search_term_string\"}}],\"inLanguage\":\"en-US\"},{\"@type\":\"Organization\",\"@id\":\"https:\\\/\\\/quadalkatreszek.com\\\/#organization\",\"name\":\"quadalkatreszek.com\",\"url\":\"https:\\\/\\\/quadalkatreszek.com\\\/\",\"logo\":{\"@type\":\"ImageObject\",\"inLanguage\":\"en-US\",\"@id\":\"https:\\\/\\\/quadalkatreszek.com\\\/#\\\/schema\\\/logo\\\/image\\\/\",\"url\":\"https:\\\/\\\/quadalkatreszek.com\\\/wp-content\\\/uploads\\\/2023\\\/01\\\/korlogo-2.png\",\"contentUrl\":\"https:\\\/\\\/quadalkatreszek.com\\\/wp-content\\\/uploads\\\/2023\\\/01\\\/korlogo-2.png\",\"width\":866,\"height\":866,\"caption\":\"quadalkatreszek.com\"},\"image\":{\"@id\":\"https:\\\/\\\/quadalkatreszek.com\\\/#\\\/schema\\\/logo\\\/image\\\/\"}}]}<\/script>\n<!-- \/ Yoast SEO plugin. -->","yoast_head_json":{"title":"Pocket gyerek quad kuplung pofa, r\u00f6ps\u00faly 3 pof\u00e1s - quadalkatreszek.com","description":"Pocket gyerek quad 3 pof\u00e1s r\u00f6ps\u00faly \/ kuplung pofa k\u00e9t\u00fctem\u0171 k\u00ednai gyerek quadokba, motorokba. Ezen k\u00edv\u00fcl rengeteg quad kuplung alkatr\u00e9sz egy helyen","robots":{"index":"index","follow":"follow","max-snippet":"max-snippet:-1","max-image-preview":"max-image-preview:large","max-video-preview":"max-video-preview:-1"},"canonical":"https:\/\/quadalkatreszek.com\/en\/product\/pocket-gyerek-quad-kuplung-pofa-ropsuly-3-pofas\/","og_locale":"en_US","og_type":"article","og_title":"Pocket gyerek quad kuplung pofa, r\u00f6ps\u00faly 3 pof\u00e1s - quadalkatreszek.com","og_description":"Pocket gyerek quad 3 pof\u00e1s r\u00f6ps\u00faly \/ kuplung pofa k\u00e9t\u00fctem\u0171 k\u00ednai gyerek quadokba, motorokba. Ezen k\u00edv\u00fcl rengeteg quad kuplung alkatr\u00e9sz egy helyen","og_url":"https:\/\/quadalkatreszek.com\/en\/product\/pocket-gyerek-quad-kuplung-pofa-ropsuly-3-pofas\/","og_site_name":"quadalkatreszek.com","article_modified_time":"2026-05-07T05:01:57+00:00","og_image":[{"width":595,"height":503,"url":"https:\/\/quadalkatreszek.com\/wp-content\/uploads\/2023\/01\/322482120_5557758371020066_4926053474456110688_n.jpg","type":"image\/jpeg"}],"twitter_card":"summary_large_image","twitter_misc":{"Est. reading time":"1 minute"},"schema":{"@context":"https:\/\/schema.org","@graph":[{"@type":"WebPage","@id":"https:\/\/quadalkatreszek.com\/product\/pocket-gyerek-quad-kuplung-pofa-ropsuly-3-pofas\/","url":"https:\/\/quadalkatreszek.com\/product\/pocket-gyerek-quad-kuplung-pofa-ropsuly-3-pofas\/","name":"Pocket gyerek quad kuplung pofa, r\u00f6ps\u00faly 3 pof\u00e1s - quadalkatreszek.com","isPartOf":{"@id":"https:\/\/quadalkatreszek.com\/#website"},"primaryImageOfPage":{"@id":"https:\/\/quadalkatreszek.com\/product\/pocket-gyerek-quad-kuplung-pofa-ropsuly-3-pofas\/#primaryimage"},"image":{"@id":"https:\/\/quadalkatreszek.com\/product\/pocket-gyerek-quad-kuplung-pofa-ropsuly-3-pofas\/#primaryimage"},"thumbnailUrl":"https:\/\/quadalkatreszek.com\/wp-content\/uploads\/2023\/01\/322482120_5557758371020066_4926053474456110688_n.jpg","datePublished":"2023-01-17T09:30:36+00:00","dateModified":"2026-05-07T05:01:57+00:00","description":"Pocket gyerek quad 3 pof\u00e1s r\u00f6ps\u00faly \/ kuplung pofa k\u00e9t\u00fctem\u0171 k\u00ednai gyerek quadokba, motorokba. Ezen k\u00edv\u00fcl rengeteg quad kuplung alkatr\u00e9sz egy helyen","breadcrumb":{"@id":"https:\/\/quadalkatreszek.com\/product\/pocket-gyerek-quad-kuplung-pofa-ropsuly-3-pofas\/#breadcrumb"},"inLanguage":"en-US","potentialAction":[{"@type":"ReadAction","target":["https:\/\/quadalkatreszek.com\/product\/pocket-gyerek-quad-kuplung-pofa-ropsuly-3-pofas\/"]}]},{"@type":"ImageObject","inLanguage":"en-US","@id":"https:\/\/quadalkatreszek.com\/product\/pocket-gyerek-quad-kuplung-pofa-ropsuly-3-pofas\/#primaryimage","url":"https:\/\/quadalkatreszek.com\/wp-content\/uploads\/2023\/01\/322482120_5557758371020066_4926053474456110688_n.jpg","contentUrl":"https:\/\/quadalkatreszek.com\/wp-content\/uploads\/2023\/01\/322482120_5557758371020066_4926053474456110688_n.jpg","width":595,"height":503,"caption":"KXD M7 Pocket gyerek quad \u00e9s cross kuplungpofa"},{"@type":"BreadcrumbList","@id":"https:\/\/quadalkatreszek.com\/product\/pocket-gyerek-quad-kuplung-pofa-ropsuly-3-pofas\/#breadcrumb","itemListElement":[{"@type":"ListItem","position":1,"name":"Kezd\u0151lap","item":"https:\/\/quadalkatreszek.com\/"},{"@type":"ListItem","position":2,"name":"Shop","item":"https:\/\/quadalkatreszek.com\/shop\/"},{"@type":"ListItem","position":3,"name":"Pocket gyerek quad kuplung pofa, r\u00f6ps\u00faly 3 pof\u00e1s"}]},{"@type":"WebSite","@id":"https:\/\/quadalkatreszek.com\/#website","url":"https:\/\/quadalkatreszek.com\/","name":"quadalkatreszek.com","description":"alkatr\u00e9szek - azonnal - rakt\u00e1rr\u00f3l","publisher":{"@id":"https:\/\/quadalkatreszek.com\/#organization"},"potentialAction":[{"@type":"SearchAction","target":{"@type":"EntryPoint","urlTemplate":"https:\/\/quadalkatreszek.com\/?s={search_term_string}"},"query-input":{"@type":"PropertyValueSpecification","valueRequired":true,"valueName":"search_term_string"}}],"inLanguage":"en-US"},{"@type":"Organization","@id":"https:\/\/quadalkatreszek.com\/#organization","name":"quadalkatreszek.com","url":"https:\/\/quadalkatreszek.com\/","logo":{"@type":"ImageObject","inLanguage":"en-US","@id":"https:\/\/quadalkatreszek.com\/#\/schema\/logo\/image\/","url":"https:\/\/quadalkatreszek.com\/wp-content\/uploads\/2023\/01\/korlogo-2.png","contentUrl":"https:\/\/quadalkatreszek.com\/wp-content\/uploads\/2023\/01\/korlogo-2.png","width":866,"height":866,"caption":"quadalkatreszek.com"},"image":{"@id":"https:\/\/quadalkatreszek.com\/#\/schema\/logo\/image\/"}}]}},"_links":{"self":[{"href":"https:\/\/quadalkatreszek.com\/en\/wp-json\/wp\/v2\/product\/31764","targetHints":{"allow":["GET"]}}],"collection":[{"href":"https:\/\/quadalkatreszek.com\/en\/wp-json\/wp\/v2\/product"}],"about":[{"href":"https:\/\/quadalkatreszek.com\/en\/wp-json\/wp\/v2\/types\/product"}],"replies":[{"embeddable":true,"href":"https:\/\/quadalkatreszek.com\/en\/wp-json\/wp\/v2\/comments?post=31764"}],"wp:featuredmedia":[{"embeddable":true,"href":"https:\/\/quadalkatreszek.com\/en\/wp-json\/wp\/v2\/media\/31768"}],"wp:attachment":[{"href":"https:\/\/quadalkatreszek.com\/en\/wp-json\/wp\/v2\/media?parent=31764"}],"wp:term":[{"taxonomy":"product_brand","embeddable":true,"href":"https:\/\/quadalkatreszek.com\/en\/wp-json\/wp\/v2\/product_brand?post=31764"},{"taxonomy":"product_cat","embeddable":true,"href":"https:\/\/quadalkatreszek.com\/en\/wp-json\/wp\/v2\/product_cat?post=31764"},{"taxonomy":"product_tag","embeddable":true,"href":"https:\/\/quadalkatreszek.com\/en\/wp-json\/wp\/v2\/product_tag?post=31764"}],"curies":[{"name":"wp","href":"https:\/\/api.w.org\/{rel}","templated":true}]}}