{"id":31782,"date":"2023-01-18T09:34:24","date_gmt":"2023-01-18T08:34:24","guid":{"rendered":"https:\/\/quadalkatreszek.com\/?post_type=product&#038;p=31782"},"modified":"2026-05-08T19:13:35","modified_gmt":"2026-05-08T18:13:35","slug":"quad-kuplungpofa-kxd-m7-pocket-gyerek-quad-es-cross-motorba","status":"publish","type":"product","link":"https:\/\/quadalkatreszek.com\/en\/product\/quad-kuplungpofa-kxd-m7-pocket-gyerek-quad-es-cross-motorba\/","title":{"rendered":"Quad kuplungpofa  KXD M7 Pocket gyerek quad \u00e9s cross motorba"},"content":{"rendered":"<p>Quad kuplungpofa KXD M7 Pocket gyerek quadokba\u00a0 \u00e9s pocket bik \u00e9s pocket cross motorokba.<\/p>\n<p>mini atv, quad, motor r\u00f6ps\u00faly.<\/p>\n<p>Szinte minden fajta k\u00ednai k\u00e9t\u00fctem\u0171 gyerekquadba beszerelhet\u0151.<\/p>\n<p>Rengeteg k\u00ednai 49cc gyerek\u00a0 quadba be\u00e9p\u00edthet\u0151!<\/p>\n<p>Ha v\u00e9letlen\u00fcl rossz m\u00e9ret\u0171 alkatr\u00e9szt rendelsz, n\u00e1lunk 30 napig visszak\u00fcldheted \u00e9s visszaadjuk az \u00e1r\u00e1t, vagy lev\u00e1s\u00e1rolhatod.<\/p>\n<p>A n\u00e1lunk a rendelt pocket quad \u00e9s pocket bike\u00a0 <a href=\"https:\/\/quadalkatreszek.com\/en\/product-category\/motor-valto\/kuplung\/\">Kuplung alkatr\u00e9szeket<\/a> nagyon kedvez\u0151 \u00e1ron 24-48 \u00f3r\u00e1n bel\u00fcl eljuttatjuk a c\u00edmedre,<br \/>\nde telephellyel is rendelkez\u00fcnk \u00edgy szem\u00e9lyesen is megv\u00e1s\u00e1rolhat\u00f3k term\u00e9keink, a budapesti rakt\u00e1runkba.<\/p>\n<p>, 120<br \/>\n&#8211; &#8211; &#8211;<br \/>\n<!--kkod_start--><\/p>\n<div class=\"kkod-visible\">kkod:120<\/div>\n<p><!--kkod_end--><\/p>","protected":false},"excerpt":{"rendered":"<p>K\u00e9t\u00fctem\u0171 k\u00ednai 49ccm gyerek quad \u00e9s bike kuplungpofa, r\u00f6ps\u00faly 49ccm<\/p>\n<p>&nbsp;<\/p>","protected":false},"featured_media":31768,"comment_status":"open","ping_status":"closed","template":"","meta":[],"product_brand":[],"product_cat":[95,83],"product_tag":[],"class_list":{"0":"post-31782","1":"product","2":"type-product","3":"status-publish","4":"has-post-thumbnail","6":"product_cat-akcios-termekek","7":"product_cat-kuplung","9":"first","10":"instock","11":"sale","12":"shipping-taxable","13":"purchasable","14":"product-type-simple"},"yoast_head":"<!-- This site is optimized with the Yoast SEO plugin v27.5 - https:\/\/yoast.com\/product\/yoast-seo-wordpress\/ -->\n<title>Quad kuplungpofa KXD M7 \u00e9s egy\u00e9b pocket gyerek quadokba<\/title>\n<meta name=\"description\" content=\"Quad kuplungpofa r\u00f6ps\u00faly Kxd \u00e9s egy\u00e9b k\u00ednai m\u00e1rk\u00e1kba beszerelhet\u0151 T\u00f6bb ezer k\u00ednai gyerek quad \u00e9s motor alkatr\u00e9sz egy helyen. N\u00e1lunk biztosan megtal\u00e1lod amit keresel\" \/>\n<meta name=\"robots\" content=\"index, follow, max-snippet:-1, max-image-preview:large, max-video-preview:-1\" \/>\n<link rel=\"canonical\" href=\"https:\/\/quadalkatreszek.com\/en\/product\/quad-kuplungpofa-kxd-m7-pocket-gyerek-quad-es-cross-motorba\/\" \/>\n<meta property=\"og:locale\" content=\"en_US\" \/>\n<meta property=\"og:type\" content=\"article\" \/>\n<meta property=\"og:title\" content=\"Quad kuplungpofa KXD M7 \u00e9s egy\u00e9b pocket gyerek quadokba\" \/>\n<meta property=\"og:description\" content=\"Quad kuplungpofa r\u00f6ps\u00faly Kxd \u00e9s egy\u00e9b k\u00ednai m\u00e1rk\u00e1kba beszerelhet\u0151 T\u00f6bb ezer k\u00ednai gyerek quad \u00e9s motor alkatr\u00e9sz egy helyen. N\u00e1lunk biztosan megtal\u00e1lod amit keresel\" \/>\n<meta property=\"og:url\" content=\"https:\/\/quadalkatreszek.com\/en\/product\/quad-kuplungpofa-kxd-m7-pocket-gyerek-quad-es-cross-motorba\/\" \/>\n<meta property=\"og:site_name\" content=\"quadalkatreszek.com\" \/>\n<meta property=\"article:modified_time\" content=\"2026-05-08T18:13:35+00:00\" \/>\n<meta property=\"og:image\" content=\"https:\/\/quadalkatreszek.com\/wp-content\/uploads\/2023\/01\/322482120_5557758371020066_4926053474456110688_n.jpg\" \/>\n\t<meta property=\"og:image:width\" content=\"595\" \/>\n\t<meta property=\"og:image:height\" content=\"503\" \/>\n\t<meta property=\"og:image:type\" content=\"image\/jpeg\" \/>\n<meta name=\"twitter:card\" content=\"summary_large_image\" \/>\n<meta name=\"twitter:label1\" content=\"Est. reading time\" \/>\n\t<meta name=\"twitter:data1\" content=\"1 minute\" \/>\n<script type=\"application\/ld+json\" class=\"yoast-schema-graph\">{\"@context\":\"https:\\\/\\\/schema.org\",\"@graph\":[{\"@type\":\"WebPage\",\"@id\":\"https:\\\/\\\/quadalkatreszek.com\\\/product\\\/quad-kuplungpofa-kxd-m7-pocket-gyerek-quad-es-cross-motorba\\\/\",\"url\":\"https:\\\/\\\/quadalkatreszek.com\\\/product\\\/quad-kuplungpofa-kxd-m7-pocket-gyerek-quad-es-cross-motorba\\\/\",\"name\":\"Quad kuplungpofa KXD M7 \u00e9s egy\u00e9b pocket gyerek quadokba\",\"isPartOf\":{\"@id\":\"https:\\\/\\\/quadalkatreszek.com\\\/#website\"},\"primaryImageOfPage\":{\"@id\":\"https:\\\/\\\/quadalkatreszek.com\\\/product\\\/quad-kuplungpofa-kxd-m7-pocket-gyerek-quad-es-cross-motorba\\\/#primaryimage\"},\"image\":{\"@id\":\"https:\\\/\\\/quadalkatreszek.com\\\/product\\\/quad-kuplungpofa-kxd-m7-pocket-gyerek-quad-es-cross-motorba\\\/#primaryimage\"},\"thumbnailUrl\":\"https:\\\/\\\/quadalkatreszek.com\\\/wp-content\\\/uploads\\\/2023\\\/01\\\/322482120_5557758371020066_4926053474456110688_n.jpg\",\"datePublished\":\"2023-01-18T08:34:24+00:00\",\"dateModified\":\"2026-05-08T18:13:35+00:00\",\"description\":\"Quad kuplungpofa r\u00f6ps\u00faly Kxd \u00e9s egy\u00e9b k\u00ednai m\u00e1rk\u00e1kba beszerelhet\u0151 T\u00f6bb ezer k\u00ednai gyerek quad \u00e9s motor alkatr\u00e9sz egy helyen. N\u00e1lunk biztosan megtal\u00e1lod amit keresel\",\"breadcrumb\":{\"@id\":\"https:\\\/\\\/quadalkatreszek.com\\\/product\\\/quad-kuplungpofa-kxd-m7-pocket-gyerek-quad-es-cross-motorba\\\/#breadcrumb\"},\"inLanguage\":\"en-US\",\"potentialAction\":[{\"@type\":\"ReadAction\",\"target\":[\"https:\\\/\\\/quadalkatreszek.com\\\/product\\\/quad-kuplungpofa-kxd-m7-pocket-gyerek-quad-es-cross-motorba\\\/\"]}]},{\"@type\":\"ImageObject\",\"inLanguage\":\"en-US\",\"@id\":\"https:\\\/\\\/quadalkatreszek.com\\\/product\\\/quad-kuplungpofa-kxd-m7-pocket-gyerek-quad-es-cross-motorba\\\/#primaryimage\",\"url\":\"https:\\\/\\\/quadalkatreszek.com\\\/wp-content\\\/uploads\\\/2023\\\/01\\\/322482120_5557758371020066_4926053474456110688_n.jpg\",\"contentUrl\":\"https:\\\/\\\/quadalkatreszek.com\\\/wp-content\\\/uploads\\\/2023\\\/01\\\/322482120_5557758371020066_4926053474456110688_n.jpg\",\"width\":595,\"height\":503,\"caption\":\"KXD M7 Pocket gyerek quad \u00e9s cross kuplungpofa\"},{\"@type\":\"BreadcrumbList\",\"@id\":\"https:\\\/\\\/quadalkatreszek.com\\\/product\\\/quad-kuplungpofa-kxd-m7-pocket-gyerek-quad-es-cross-motorba\\\/#breadcrumb\",\"itemListElement\":[{\"@type\":\"ListItem\",\"position\":1,\"name\":\"Kezd\u0151lap\",\"item\":\"https:\\\/\\\/quadalkatreszek.com\\\/\"},{\"@type\":\"ListItem\",\"position\":2,\"name\":\"Shop\",\"item\":\"https:\\\/\\\/quadalkatreszek.com\\\/shop\\\/\"},{\"@type\":\"ListItem\",\"position\":3,\"name\":\"Quad kuplungpofa KXD M7 Pocket gyerek quad \u00e9s cross motorba\"}]},{\"@type\":\"WebSite\",\"@id\":\"https:\\\/\\\/quadalkatreszek.com\\\/#website\",\"url\":\"https:\\\/\\\/quadalkatreszek.com\\\/\",\"name\":\"quadalkatreszek.com\",\"description\":\"alkatr\u00e9szek - azonnal - rakt\u00e1rr\u00f3l\",\"publisher\":{\"@id\":\"https:\\\/\\\/quadalkatreszek.com\\\/#organization\"},\"potentialAction\":[{\"@type\":\"SearchAction\",\"target\":{\"@type\":\"EntryPoint\",\"urlTemplate\":\"https:\\\/\\\/quadalkatreszek.com\\\/?s={search_term_string}\"},\"query-input\":{\"@type\":\"PropertyValueSpecification\",\"valueRequired\":true,\"valueName\":\"search_term_string\"}}],\"inLanguage\":\"en-US\"},{\"@type\":\"Organization\",\"@id\":\"https:\\\/\\\/quadalkatreszek.com\\\/#organization\",\"name\":\"quadalkatreszek.com\",\"url\":\"https:\\\/\\\/quadalkatreszek.com\\\/\",\"logo\":{\"@type\":\"ImageObject\",\"inLanguage\":\"en-US\",\"@id\":\"https:\\\/\\\/quadalkatreszek.com\\\/#\\\/schema\\\/logo\\\/image\\\/\",\"url\":\"https:\\\/\\\/quadalkatreszek.com\\\/wp-content\\\/uploads\\\/2023\\\/01\\\/korlogo-2.png\",\"contentUrl\":\"https:\\\/\\\/quadalkatreszek.com\\\/wp-content\\\/uploads\\\/2023\\\/01\\\/korlogo-2.png\",\"width\":866,\"height\":866,\"caption\":\"quadalkatreszek.com\"},\"image\":{\"@id\":\"https:\\\/\\\/quadalkatreszek.com\\\/#\\\/schema\\\/logo\\\/image\\\/\"}}]}<\/script>\n<!-- \/ Yoast SEO plugin. -->","yoast_head_json":{"title":"Quad kuplungpofa KXD M7 \u00e9s egy\u00e9b pocket gyerek quadokba","description":"Quad kuplungpofa r\u00f6ps\u00faly Kxd \u00e9s egy\u00e9b k\u00ednai m\u00e1rk\u00e1kba beszerelhet\u0151 T\u00f6bb ezer k\u00ednai gyerek quad \u00e9s motor alkatr\u00e9sz egy helyen. N\u00e1lunk biztosan megtal\u00e1lod amit keresel","robots":{"index":"index","follow":"follow","max-snippet":"max-snippet:-1","max-image-preview":"max-image-preview:large","max-video-preview":"max-video-preview:-1"},"canonical":"https:\/\/quadalkatreszek.com\/en\/product\/quad-kuplungpofa-kxd-m7-pocket-gyerek-quad-es-cross-motorba\/","og_locale":"en_US","og_type":"article","og_title":"Quad kuplungpofa KXD M7 \u00e9s egy\u00e9b pocket gyerek quadokba","og_description":"Quad kuplungpofa r\u00f6ps\u00faly Kxd \u00e9s egy\u00e9b k\u00ednai m\u00e1rk\u00e1kba beszerelhet\u0151 T\u00f6bb ezer k\u00ednai gyerek quad \u00e9s motor alkatr\u00e9sz egy helyen. N\u00e1lunk biztosan megtal\u00e1lod amit keresel","og_url":"https:\/\/quadalkatreszek.com\/en\/product\/quad-kuplungpofa-kxd-m7-pocket-gyerek-quad-es-cross-motorba\/","og_site_name":"quadalkatreszek.com","article_modified_time":"2026-05-08T18:13:35+00:00","og_image":[{"width":595,"height":503,"url":"https:\/\/quadalkatreszek.com\/wp-content\/uploads\/2023\/01\/322482120_5557758371020066_4926053474456110688_n.jpg","type":"image\/jpeg"}],"twitter_card":"summary_large_image","twitter_misc":{"Est. reading time":"1 minute"},"schema":{"@context":"https:\/\/schema.org","@graph":[{"@type":"WebPage","@id":"https:\/\/quadalkatreszek.com\/product\/quad-kuplungpofa-kxd-m7-pocket-gyerek-quad-es-cross-motorba\/","url":"https:\/\/quadalkatreszek.com\/product\/quad-kuplungpofa-kxd-m7-pocket-gyerek-quad-es-cross-motorba\/","name":"Quad kuplungpofa KXD M7 \u00e9s egy\u00e9b pocket gyerek quadokba","isPartOf":{"@id":"https:\/\/quadalkatreszek.com\/#website"},"primaryImageOfPage":{"@id":"https:\/\/quadalkatreszek.com\/product\/quad-kuplungpofa-kxd-m7-pocket-gyerek-quad-es-cross-motorba\/#primaryimage"},"image":{"@id":"https:\/\/quadalkatreszek.com\/product\/quad-kuplungpofa-kxd-m7-pocket-gyerek-quad-es-cross-motorba\/#primaryimage"},"thumbnailUrl":"https:\/\/quadalkatreszek.com\/wp-content\/uploads\/2023\/01\/322482120_5557758371020066_4926053474456110688_n.jpg","datePublished":"2023-01-18T08:34:24+00:00","dateModified":"2026-05-08T18:13:35+00:00","description":"Quad kuplungpofa r\u00f6ps\u00faly Kxd \u00e9s egy\u00e9b k\u00ednai m\u00e1rk\u00e1kba beszerelhet\u0151 T\u00f6bb ezer k\u00ednai gyerek quad \u00e9s motor alkatr\u00e9sz egy helyen. N\u00e1lunk biztosan megtal\u00e1lod amit keresel","breadcrumb":{"@id":"https:\/\/quadalkatreszek.com\/product\/quad-kuplungpofa-kxd-m7-pocket-gyerek-quad-es-cross-motorba\/#breadcrumb"},"inLanguage":"en-US","potentialAction":[{"@type":"ReadAction","target":["https:\/\/quadalkatreszek.com\/product\/quad-kuplungpofa-kxd-m7-pocket-gyerek-quad-es-cross-motorba\/"]}]},{"@type":"ImageObject","inLanguage":"en-US","@id":"https:\/\/quadalkatreszek.com\/product\/quad-kuplungpofa-kxd-m7-pocket-gyerek-quad-es-cross-motorba\/#primaryimage","url":"https:\/\/quadalkatreszek.com\/wp-content\/uploads\/2023\/01\/322482120_5557758371020066_4926053474456110688_n.jpg","contentUrl":"https:\/\/quadalkatreszek.com\/wp-content\/uploads\/2023\/01\/322482120_5557758371020066_4926053474456110688_n.jpg","width":595,"height":503,"caption":"KXD M7 Pocket gyerek quad \u00e9s cross kuplungpofa"},{"@type":"BreadcrumbList","@id":"https:\/\/quadalkatreszek.com\/product\/quad-kuplungpofa-kxd-m7-pocket-gyerek-quad-es-cross-motorba\/#breadcrumb","itemListElement":[{"@type":"ListItem","position":1,"name":"Kezd\u0151lap","item":"https:\/\/quadalkatreszek.com\/"},{"@type":"ListItem","position":2,"name":"Shop","item":"https:\/\/quadalkatreszek.com\/shop\/"},{"@type":"ListItem","position":3,"name":"Quad kuplungpofa KXD M7 Pocket gyerek quad \u00e9s cross motorba"}]},{"@type":"WebSite","@id":"https:\/\/quadalkatreszek.com\/#website","url":"https:\/\/quadalkatreszek.com\/","name":"quadalkatreszek.com","description":"alkatr\u00e9szek - azonnal - rakt\u00e1rr\u00f3l","publisher":{"@id":"https:\/\/quadalkatreszek.com\/#organization"},"potentialAction":[{"@type":"SearchAction","target":{"@type":"EntryPoint","urlTemplate":"https:\/\/quadalkatreszek.com\/?s={search_term_string}"},"query-input":{"@type":"PropertyValueSpecification","valueRequired":true,"valueName":"search_term_string"}}],"inLanguage":"en-US"},{"@type":"Organization","@id":"https:\/\/quadalkatreszek.com\/#organization","name":"quadalkatreszek.com","url":"https:\/\/quadalkatreszek.com\/","logo":{"@type":"ImageObject","inLanguage":"en-US","@id":"https:\/\/quadalkatreszek.com\/#\/schema\/logo\/image\/","url":"https:\/\/quadalkatreszek.com\/wp-content\/uploads\/2023\/01\/korlogo-2.png","contentUrl":"https:\/\/quadalkatreszek.com\/wp-content\/uploads\/2023\/01\/korlogo-2.png","width":866,"height":866,"caption":"quadalkatreszek.com"},"image":{"@id":"https:\/\/quadalkatreszek.com\/#\/schema\/logo\/image\/"}}]}},"_links":{"self":[{"href":"https:\/\/quadalkatreszek.com\/en\/wp-json\/wp\/v2\/product\/31782","targetHints":{"allow":["GET"]}}],"collection":[{"href":"https:\/\/quadalkatreszek.com\/en\/wp-json\/wp\/v2\/product"}],"about":[{"href":"https:\/\/quadalkatreszek.com\/en\/wp-json\/wp\/v2\/types\/product"}],"replies":[{"embeddable":true,"href":"https:\/\/quadalkatreszek.com\/en\/wp-json\/wp\/v2\/comments?post=31782"}],"wp:featuredmedia":[{"embeddable":true,"href":"https:\/\/quadalkatreszek.com\/en\/wp-json\/wp\/v2\/media\/31768"}],"wp:attachment":[{"href":"https:\/\/quadalkatreszek.com\/en\/wp-json\/wp\/v2\/media?parent=31782"}],"wp:term":[{"taxonomy":"product_brand","embeddable":true,"href":"https:\/\/quadalkatreszek.com\/en\/wp-json\/wp\/v2\/product_brand?post=31782"},{"taxonomy":"product_cat","embeddable":true,"href":"https:\/\/quadalkatreszek.com\/en\/wp-json\/wp\/v2\/product_cat?post=31782"},{"taxonomy":"product_tag","embeddable":true,"href":"https:\/\/quadalkatreszek.com\/en\/wp-json\/wp\/v2\/product_tag?post=31782"}],"curies":[{"name":"wp","href":"https:\/\/api.w.org\/{rel}","templated":true}]}}