{"id":31817,"date":"2023-01-23T11:15:38","date_gmt":"2023-01-23T10:15:38","guid":{"rendered":"https:\/\/www.quadalkatreszek.com\/?post_type=product&#038;p=31817"},"modified":"2026-02-25T18:25:40","modified_gmt":"2026-02-25T17:25:40","slug":"gyerek-quad-onindito-125ccm-kxd-004-quadba","status":"publish","type":"product","link":"https:\/\/quadalkatreszek.com\/en\/product\/gyerek-quad-onindito-125ccm-kxd-004-quadba\/","title":{"rendered":"gyerek quad \u00f6nind\u00edt\u00f3 125ccm KXD 004 quadba"},"content":{"rendered":"<p>125ccm KXD 004 gyerek quad \u00f6nind\u00edt\u00f3, h\u00e1rom ponton r\u00f6gz\u00edtett. 110-125ccig<\/p>\n<p>Tao, Apollo, Ranger Kxd 001, Kxd 004, Kxd 006, Kxd 008, barton \u00e9s Highper\u00a0\u00e9s egy\u00e9b k\u00ednai<br \/>\nm\u00e1rk\u00e1khoz is KOMPATIBILIS ezekbe is be\u00e9p\u00edthet\u0151, beszerelhet\u0151 k\u00ednai alkatr\u00e9sz!<\/p>\n<p>Ezen k\u00edv\u00fcl\u00a0<a href=\"https:\/\/quadalkatreszek.com\/en\/product-category\/motor-valto\/onindito\/\">\u00f6nind\u00edt\u00f3 alkatr\u00e9sz<\/a>ek sz\u00e9les v\u00e1laszt\u00e9k megtal\u00e1lhat\u00f3 k\u00edn\u00e1latunkban<\/p>\n<p>Ha v\u00e9letlen\u00fcl rossz m\u00e9ret\u0171 alkatr\u00e9szt rendelsz, n\u00e1lunk 30 napig visszak\u00fcldheted \u00e9s visszaadjuk az \u00e1r\u00e1t, vagy lev\u00e1s\u00e1rolhatod.<\/p>\n<p>A n\u00e1lunk a rendelt quad \u00e9s dirt bike \u00f6nind\u00edt\u00f3 alkatr\u00e9szeket nagyon kedvez\u0151 \u00e1ron 24-48 \u00f3r\u00e1n bel\u00fcl eljuttatjuk a c\u00edmedre,<br \/>\nde telephellyel is rendelkez\u00fcnk \u00edgy szem\u00e9lyesen is megv\u00e1s\u00e1rolhat\u00f3k term\u00e9keink, a budapesti rakt\u00e1runkba.<\/p>\n<p>&#8211; &#8211; &#8211;<br \/>\n<!--kkod_start--><\/p>\n<div class=\"kkod-visible\">kkod:120<\/div>\n<p><!--kkod_end--><\/p>","protected":false},"excerpt":{"rendered":"<p>125ccm KXD 004 gyerek quad fels\u0151 \u00f6nind\u00edt\u00f3, h\u00e1rom ponton r\u00f6gz\u00edtett 110-125cc ig<\/p>","protected":false},"featured_media":31818,"comment_status":"open","ping_status":"closed","template":"","meta":[],"product_brand":[],"product_cat":[73],"product_tag":[],"class_list":{"0":"post-31817","1":"product","2":"type-product","3":"status-publish","4":"has-post-thumbnail","6":"product_cat-onindito","8":"first","9":"instock","10":"shipping-taxable","11":"purchasable","12":"product-type-simple"},"yoast_head":"<!-- This site is optimized with the Yoast SEO plugin v27.5 - https:\/\/yoast.com\/product\/yoast-seo-wordpress\/ -->\n<title>gyerek quad \u00f6nind\u00edt\u00f3 125ccm KXD 004 quadba - quadalkatreszek.com<\/title>\n<meta name=\"description\" content=\"110-125ccm gyerek quad \u00f6nind\u00edt\u00f3, azonnal rakt\u00e1r\u00f3l a legjobb \u00e1ron.Ezen k\u00edv\u0171l t\u00f6bb ezer gyerek \u00e9s feln\u0151tt quad elektromos \u00e9s egy\u00e9b alkatr\u00e9szei egy helyen!\" \/>\n<meta name=\"robots\" content=\"index, follow, max-snippet:-1, max-image-preview:large, max-video-preview:-1\" \/>\n<link rel=\"canonical\" href=\"https:\/\/quadalkatreszek.com\/en\/product\/gyerek-quad-onindito-125ccm-kxd-004-quadba\/\" \/>\n<meta property=\"og:locale\" content=\"en_US\" \/>\n<meta property=\"og:type\" content=\"article\" \/>\n<meta property=\"og:title\" content=\"gyerek quad \u00f6nind\u00edt\u00f3 125ccm KXD 004 quadba - quadalkatreszek.com\" \/>\n<meta property=\"og:description\" content=\"110-125ccm gyerek quad \u00f6nind\u00edt\u00f3, azonnal rakt\u00e1r\u00f3l a legjobb \u00e1ron.Ezen k\u00edv\u0171l t\u00f6bb ezer gyerek \u00e9s feln\u0151tt quad elektromos \u00e9s egy\u00e9b alkatr\u00e9szei egy helyen!\" \/>\n<meta property=\"og:url\" content=\"https:\/\/quadalkatreszek.com\/en\/product\/gyerek-quad-onindito-125ccm-kxd-004-quadba\/\" \/>\n<meta property=\"og:site_name\" content=\"quadalkatreszek.com\" \/>\n<meta property=\"article:modified_time\" content=\"2026-02-25T17:25:40+00:00\" \/>\n<meta property=\"og:image\" content=\"https:\/\/quadalkatreszek.com\/wp-content\/uploads\/2023\/01\/2.jpg\" \/>\n\t<meta property=\"og:image:width\" content=\"1024\" \/>\n\t<meta property=\"og:image:height\" content=\"768\" \/>\n\t<meta property=\"og:image:type\" content=\"image\/jpeg\" \/>\n<meta name=\"twitter:card\" content=\"summary_large_image\" \/>\n<meta name=\"twitter:label1\" content=\"Est. reading time\" \/>\n\t<meta name=\"twitter:data1\" content=\"1 minute\" \/>\n<script type=\"application\/ld+json\" class=\"yoast-schema-graph\">{\"@context\":\"https:\\\/\\\/schema.org\",\"@graph\":[{\"@type\":\"WebPage\",\"@id\":\"https:\\\/\\\/quadalkatreszek.com\\\/product\\\/gyerek-quad-onindito-125ccm-kxd-004-quadba\\\/\",\"url\":\"https:\\\/\\\/quadalkatreszek.com\\\/product\\\/gyerek-quad-onindito-125ccm-kxd-004-quadba\\\/\",\"name\":\"gyerek quad \u00f6nind\u00edt\u00f3 125ccm KXD 004 quadba - quadalkatreszek.com\",\"isPartOf\":{\"@id\":\"https:\\\/\\\/quadalkatreszek.com\\\/#website\"},\"primaryImageOfPage\":{\"@id\":\"https:\\\/\\\/quadalkatreszek.com\\\/product\\\/gyerek-quad-onindito-125ccm-kxd-004-quadba\\\/#primaryimage\"},\"image\":{\"@id\":\"https:\\\/\\\/quadalkatreszek.com\\\/product\\\/gyerek-quad-onindito-125ccm-kxd-004-quadba\\\/#primaryimage\"},\"thumbnailUrl\":\"https:\\\/\\\/quadalkatreszek.com\\\/wp-content\\\/uploads\\\/2023\\\/01\\\/2.jpg\",\"datePublished\":\"2023-01-23T10:15:38+00:00\",\"dateModified\":\"2026-02-25T17:25:40+00:00\",\"description\":\"110-125ccm gyerek quad \u00f6nind\u00edt\u00f3, azonnal rakt\u00e1r\u00f3l a legjobb \u00e1ron.Ezen k\u00edv\u0171l t\u00f6bb ezer gyerek \u00e9s feln\u0151tt quad elektromos \u00e9s egy\u00e9b alkatr\u00e9szei egy helyen!\",\"breadcrumb\":{\"@id\":\"https:\\\/\\\/quadalkatreszek.com\\\/product\\\/gyerek-quad-onindito-125ccm-kxd-004-quadba\\\/#breadcrumb\"},\"inLanguage\":\"en-US\",\"potentialAction\":[{\"@type\":\"ReadAction\",\"target\":[\"https:\\\/\\\/quadalkatreszek.com\\\/product\\\/gyerek-quad-onindito-125ccm-kxd-004-quadba\\\/\"]}]},{\"@type\":\"ImageObject\",\"inLanguage\":\"en-US\",\"@id\":\"https:\\\/\\\/quadalkatreszek.com\\\/product\\\/gyerek-quad-onindito-125ccm-kxd-004-quadba\\\/#primaryimage\",\"url\":\"https:\\\/\\\/quadalkatreszek.com\\\/wp-content\\\/uploads\\\/2023\\\/01\\\/2.jpg\",\"contentUrl\":\"https:\\\/\\\/quadalkatreszek.com\\\/wp-content\\\/uploads\\\/2023\\\/01\\\/2.jpg\",\"width\":1024,\"height\":768,\"caption\":\"125ccm KXD 004 gyerek quad fels\u0151 \u00f6nind\u00edt\u00f3\"},{\"@type\":\"BreadcrumbList\",\"@id\":\"https:\\\/\\\/quadalkatreszek.com\\\/product\\\/gyerek-quad-onindito-125ccm-kxd-004-quadba\\\/#breadcrumb\",\"itemListElement\":[{\"@type\":\"ListItem\",\"position\":1,\"name\":\"Kezd\u0151lap\",\"item\":\"https:\\\/\\\/quadalkatreszek.com\\\/\"},{\"@type\":\"ListItem\",\"position\":2,\"name\":\"Shop\",\"item\":\"https:\\\/\\\/quadalkatreszek.com\\\/shop\\\/\"},{\"@type\":\"ListItem\",\"position\":3,\"name\":\"gyerek quad \u00f6nind\u00edt\u00f3 125ccm KXD 004 quadba\"}]},{\"@type\":\"WebSite\",\"@id\":\"https:\\\/\\\/quadalkatreszek.com\\\/#website\",\"url\":\"https:\\\/\\\/quadalkatreszek.com\\\/\",\"name\":\"quadalkatreszek.com\",\"description\":\"alkatr\u00e9szek - azonnal - rakt\u00e1rr\u00f3l\",\"publisher\":{\"@id\":\"https:\\\/\\\/quadalkatreszek.com\\\/#organization\"},\"potentialAction\":[{\"@type\":\"SearchAction\",\"target\":{\"@type\":\"EntryPoint\",\"urlTemplate\":\"https:\\\/\\\/quadalkatreszek.com\\\/?s={search_term_string}\"},\"query-input\":{\"@type\":\"PropertyValueSpecification\",\"valueRequired\":true,\"valueName\":\"search_term_string\"}}],\"inLanguage\":\"en-US\"},{\"@type\":\"Organization\",\"@id\":\"https:\\\/\\\/quadalkatreszek.com\\\/#organization\",\"name\":\"quadalkatreszek.com\",\"url\":\"https:\\\/\\\/quadalkatreszek.com\\\/\",\"logo\":{\"@type\":\"ImageObject\",\"inLanguage\":\"en-US\",\"@id\":\"https:\\\/\\\/quadalkatreszek.com\\\/#\\\/schema\\\/logo\\\/image\\\/\",\"url\":\"https:\\\/\\\/quadalkatreszek.com\\\/wp-content\\\/uploads\\\/2023\\\/01\\\/korlogo-2.png\",\"contentUrl\":\"https:\\\/\\\/quadalkatreszek.com\\\/wp-content\\\/uploads\\\/2023\\\/01\\\/korlogo-2.png\",\"width\":866,\"height\":866,\"caption\":\"quadalkatreszek.com\"},\"image\":{\"@id\":\"https:\\\/\\\/quadalkatreszek.com\\\/#\\\/schema\\\/logo\\\/image\\\/\"}}]}<\/script>\n<!-- \/ Yoast SEO plugin. -->","yoast_head_json":{"title":"gyerek quad \u00f6nind\u00edt\u00f3 125ccm KXD 004 quadba - quadalkatreszek.com","description":"110-125ccm gyerek quad \u00f6nind\u00edt\u00f3, azonnal rakt\u00e1r\u00f3l a legjobb \u00e1ron.Ezen k\u00edv\u0171l t\u00f6bb ezer gyerek \u00e9s feln\u0151tt quad elektromos \u00e9s egy\u00e9b alkatr\u00e9szei egy helyen!","robots":{"index":"index","follow":"follow","max-snippet":"max-snippet:-1","max-image-preview":"max-image-preview:large","max-video-preview":"max-video-preview:-1"},"canonical":"https:\/\/quadalkatreszek.com\/en\/product\/gyerek-quad-onindito-125ccm-kxd-004-quadba\/","og_locale":"en_US","og_type":"article","og_title":"gyerek quad \u00f6nind\u00edt\u00f3 125ccm KXD 004 quadba - quadalkatreszek.com","og_description":"110-125ccm gyerek quad \u00f6nind\u00edt\u00f3, azonnal rakt\u00e1r\u00f3l a legjobb \u00e1ron.Ezen k\u00edv\u0171l t\u00f6bb ezer gyerek \u00e9s feln\u0151tt quad elektromos \u00e9s egy\u00e9b alkatr\u00e9szei egy helyen!","og_url":"https:\/\/quadalkatreszek.com\/en\/product\/gyerek-quad-onindito-125ccm-kxd-004-quadba\/","og_site_name":"quadalkatreszek.com","article_modified_time":"2026-02-25T17:25:40+00:00","og_image":[{"width":1024,"height":768,"url":"https:\/\/quadalkatreszek.com\/wp-content\/uploads\/2023\/01\/2.jpg","type":"image\/jpeg"}],"twitter_card":"summary_large_image","twitter_misc":{"Est. reading time":"1 minute"},"schema":{"@context":"https:\/\/schema.org","@graph":[{"@type":"WebPage","@id":"https:\/\/quadalkatreszek.com\/product\/gyerek-quad-onindito-125ccm-kxd-004-quadba\/","url":"https:\/\/quadalkatreszek.com\/product\/gyerek-quad-onindito-125ccm-kxd-004-quadba\/","name":"gyerek quad \u00f6nind\u00edt\u00f3 125ccm KXD 004 quadba - quadalkatreszek.com","isPartOf":{"@id":"https:\/\/quadalkatreszek.com\/#website"},"primaryImageOfPage":{"@id":"https:\/\/quadalkatreszek.com\/product\/gyerek-quad-onindito-125ccm-kxd-004-quadba\/#primaryimage"},"image":{"@id":"https:\/\/quadalkatreszek.com\/product\/gyerek-quad-onindito-125ccm-kxd-004-quadba\/#primaryimage"},"thumbnailUrl":"https:\/\/quadalkatreszek.com\/wp-content\/uploads\/2023\/01\/2.jpg","datePublished":"2023-01-23T10:15:38+00:00","dateModified":"2026-02-25T17:25:40+00:00","description":"110-125ccm gyerek quad \u00f6nind\u00edt\u00f3, azonnal rakt\u00e1r\u00f3l a legjobb \u00e1ron.Ezen k\u00edv\u0171l t\u00f6bb ezer gyerek \u00e9s feln\u0151tt quad elektromos \u00e9s egy\u00e9b alkatr\u00e9szei egy helyen!","breadcrumb":{"@id":"https:\/\/quadalkatreszek.com\/product\/gyerek-quad-onindito-125ccm-kxd-004-quadba\/#breadcrumb"},"inLanguage":"en-US","potentialAction":[{"@type":"ReadAction","target":["https:\/\/quadalkatreszek.com\/product\/gyerek-quad-onindito-125ccm-kxd-004-quadba\/"]}]},{"@type":"ImageObject","inLanguage":"en-US","@id":"https:\/\/quadalkatreszek.com\/product\/gyerek-quad-onindito-125ccm-kxd-004-quadba\/#primaryimage","url":"https:\/\/quadalkatreszek.com\/wp-content\/uploads\/2023\/01\/2.jpg","contentUrl":"https:\/\/quadalkatreszek.com\/wp-content\/uploads\/2023\/01\/2.jpg","width":1024,"height":768,"caption":"125ccm KXD 004 gyerek quad fels\u0151 \u00f6nind\u00edt\u00f3"},{"@type":"BreadcrumbList","@id":"https:\/\/quadalkatreszek.com\/product\/gyerek-quad-onindito-125ccm-kxd-004-quadba\/#breadcrumb","itemListElement":[{"@type":"ListItem","position":1,"name":"Kezd\u0151lap","item":"https:\/\/quadalkatreszek.com\/"},{"@type":"ListItem","position":2,"name":"Shop","item":"https:\/\/quadalkatreszek.com\/shop\/"},{"@type":"ListItem","position":3,"name":"gyerek quad \u00f6nind\u00edt\u00f3 125ccm KXD 004 quadba"}]},{"@type":"WebSite","@id":"https:\/\/quadalkatreszek.com\/#website","url":"https:\/\/quadalkatreszek.com\/","name":"quadalkatreszek.com","description":"alkatr\u00e9szek - azonnal - rakt\u00e1rr\u00f3l","publisher":{"@id":"https:\/\/quadalkatreszek.com\/#organization"},"potentialAction":[{"@type":"SearchAction","target":{"@type":"EntryPoint","urlTemplate":"https:\/\/quadalkatreszek.com\/?s={search_term_string}"},"query-input":{"@type":"PropertyValueSpecification","valueRequired":true,"valueName":"search_term_string"}}],"inLanguage":"en-US"},{"@type":"Organization","@id":"https:\/\/quadalkatreszek.com\/#organization","name":"quadalkatreszek.com","url":"https:\/\/quadalkatreszek.com\/","logo":{"@type":"ImageObject","inLanguage":"en-US","@id":"https:\/\/quadalkatreszek.com\/#\/schema\/logo\/image\/","url":"https:\/\/quadalkatreszek.com\/wp-content\/uploads\/2023\/01\/korlogo-2.png","contentUrl":"https:\/\/quadalkatreszek.com\/wp-content\/uploads\/2023\/01\/korlogo-2.png","width":866,"height":866,"caption":"quadalkatreszek.com"},"image":{"@id":"https:\/\/quadalkatreszek.com\/#\/schema\/logo\/image\/"}}]}},"_links":{"self":[{"href":"https:\/\/quadalkatreszek.com\/en\/wp-json\/wp\/v2\/product\/31817","targetHints":{"allow":["GET"]}}],"collection":[{"href":"https:\/\/quadalkatreszek.com\/en\/wp-json\/wp\/v2\/product"}],"about":[{"href":"https:\/\/quadalkatreszek.com\/en\/wp-json\/wp\/v2\/types\/product"}],"replies":[{"embeddable":true,"href":"https:\/\/quadalkatreszek.com\/en\/wp-json\/wp\/v2\/comments?post=31817"}],"wp:featuredmedia":[{"embeddable":true,"href":"https:\/\/quadalkatreszek.com\/en\/wp-json\/wp\/v2\/media\/31818"}],"wp:attachment":[{"href":"https:\/\/quadalkatreszek.com\/en\/wp-json\/wp\/v2\/media?parent=31817"}],"wp:term":[{"taxonomy":"product_brand","embeddable":true,"href":"https:\/\/quadalkatreszek.com\/en\/wp-json\/wp\/v2\/product_brand?post=31817"},{"taxonomy":"product_cat","embeddable":true,"href":"https:\/\/quadalkatreszek.com\/en\/wp-json\/wp\/v2\/product_cat?post=31817"},{"taxonomy":"product_tag","embeddable":true,"href":"https:\/\/quadalkatreszek.com\/en\/wp-json\/wp\/v2\/product_tag?post=31817"}],"curies":[{"name":"wp","href":"https:\/\/api.w.org\/{rel}","templated":true}]}}