{"id":31832,"date":"2023-01-23T11:58:02","date_gmt":"2023-01-23T10:58:02","guid":{"rendered":"https:\/\/www.quadalkatreszek.com\/?post_type=product&#038;p=31832"},"modified":"2025-06-20T14:26:02","modified_gmt":"2025-06-20T13:26:02","slug":"quad-fekbetet-kxd-004-gyerek-quad-es-felnott-quad-alkatresz","status":"publish","type":"product","link":"https:\/\/quadalkatreszek.com\/en\/product\/quad-fekbetet-kxd-004-gyerek-quad-es-felnott-quad-alkatresz\/","title":{"rendered":"Quad  f\u00e9kbet\u00e9t Kxd  004 Gyerek quad \u00e9s feln\u0151tt quadokba  \/ quad alkatr\u00e9sz"},"content":{"rendered":"<p>Quad f\u00e9kbet\u00e9t Kxd 004 Gyerek quad \u00e9s feln\u0151tt quadokba \/ quad alkatr\u00e9sz<\/p>\n<p>Ezen k\u00edv\u0171l 110-125ccm Kxd 004, Kxd 006, Kxd 008, highper , barton\u00a0 gyerek quadokhoz\u00a0 m\u00e1rk\u00e1khoz is KOMPATIBILIS ezekbe is be\u00e9p\u00edthet\u0151, beszerelhet\u0151 k\u00ednai alkatr\u00e9sz! \u00e9s Wexxtor, Zongshen, Yakimoto, Kazuma, \u00e9s egy\u00e9b 200-250ccm quadokba is beszerelhet\u0151 k\u00ednai quad f\u00e9kbet\u00e9t<\/p>\n<p>M\u00e9retek a k\u00e9pen<\/p>\n<p>Ha m\u00e1s <a href=\"https:\/\/quadalkatreszek.com\/en\/product-category\/fekalkatreszek\/fekbetet-fekpofa\/\">f\u00e9kbet\u00e9tet szeretn\u00e9l<\/a> akkor n\u00e9zd meg itt vagy haszn\u00e1ld a keres\u0151mez\u0151t.<\/p>\n<p>Ez a <a href=\"https:\/\/quaddepo.com\/product\/125cc-gyerek-quad-kxd-006-automata-piros\/\">quad f\u00e9kbet\u00e9t<\/a> ebbe a t\u00edpusba is beszerelhet\u0151<\/p>\n<p>c99c<\/p>\n<p>&#8211; &#8211; &#8211;<br \/>\n<!--kkod_start--><\/p>\n<div class=\"kkod-visible\">kkod:129<\/div>\n<p><!--kkod_end--><\/p>","protected":false},"excerpt":{"rendered":"<p>Univerz\u00e1lis gyerek \u00e9s feln\u0151tt quad quad f\u00e9kbet\u00e9t.<\/p>\n<p>110-250ccm ig rengeteg t\u00edpusba beszerelhet\u0151<\/p>","protected":false},"featured_media":31833,"comment_status":"open","ping_status":"closed","template":"","meta":[],"product_brand":[],"product_cat":[95,66],"product_tag":[],"class_list":{"0":"post-31832","1":"product","2":"type-product","3":"status-publish","4":"has-post-thumbnail","6":"product_cat-akcios-termekek","7":"product_cat-fekbetet-fekpofa","9":"first","10":"instock","11":"sale","12":"shipping-taxable","13":"purchasable","14":"product-type-simple"},"yoast_head":"<!-- This site is optimized with the Yoast SEO plugin v27.5 - https:\/\/yoast.com\/product\/yoast-seo-wordpress\/ -->\n<title>Quad f\u00e9kbet\u00e9t Kxd 004 Gyerek quadokba \u00e9s feln\u0151tt quadokba<\/title>\n<meta name=\"description\" content=\"Quad f\u00e9kbet\u00e9t Gyerek \u00e9s feln\u0151tt quadokba. F\u00e9kbet\u00e9tek sz\u00e9les v\u00e1laszt\u00e9ka, a legjobb \u00e1ron olcs\u00f3 sz\u00e1ll\u00edt\u00e1ssal, azonnal rakt\u00e1rr\u00f3l.Szinte minden k\u00ednai quadba\/motorba\" \/>\n<meta name=\"robots\" content=\"index, follow, max-snippet:-1, max-image-preview:large, max-video-preview:-1\" \/>\n<link rel=\"canonical\" href=\"https:\/\/quadalkatreszek.com\/en\/product\/quad-fekbetet-kxd-004-gyerek-quad-es-felnott-quad-alkatresz\/\" \/>\n<meta property=\"og:locale\" content=\"en_US\" \/>\n<meta property=\"og:type\" content=\"article\" \/>\n<meta property=\"og:title\" content=\"Quad f\u00e9kbet\u00e9t Kxd 004 Gyerek quadokba \u00e9s feln\u0151tt quadokba\" \/>\n<meta property=\"og:description\" content=\"Quad f\u00e9kbet\u00e9t Gyerek \u00e9s feln\u0151tt quadokba. F\u00e9kbet\u00e9tek sz\u00e9les v\u00e1laszt\u00e9ka, a legjobb \u00e1ron olcs\u00f3 sz\u00e1ll\u00edt\u00e1ssal, azonnal rakt\u00e1rr\u00f3l.Szinte minden k\u00ednai quadba\/motorba\" \/>\n<meta property=\"og:url\" content=\"https:\/\/quadalkatreszek.com\/en\/product\/quad-fekbetet-kxd-004-gyerek-quad-es-felnott-quad-alkatresz\/\" \/>\n<meta property=\"og:site_name\" content=\"quadalkatreszek.com\" \/>\n<meta property=\"article:modified_time\" content=\"2025-06-20T13:26:02+00:00\" \/>\n<meta property=\"og:image\" content=\"https:\/\/quadalkatreszek.com\/wp-content\/uploads\/2023\/01\/Kxd04.jpg\" \/>\n\t<meta property=\"og:image:width\" content=\"1024\" \/>\n\t<meta property=\"og:image:height\" content=\"768\" \/>\n\t<meta property=\"og:image:type\" content=\"image\/jpeg\" \/>\n<meta name=\"twitter:card\" content=\"summary_large_image\" \/>\n<meta name=\"twitter:label1\" content=\"Est. reading time\" \/>\n\t<meta name=\"twitter:data1\" content=\"1 minute\" \/>\n<script type=\"application\/ld+json\" class=\"yoast-schema-graph\">{\"@context\":\"https:\\\/\\\/schema.org\",\"@graph\":[{\"@type\":\"WebPage\",\"@id\":\"https:\\\/\\\/quadalkatreszek.com\\\/product\\\/quad-fekbetet-kxd-004-gyerek-quad-es-felnott-quad-alkatresz\\\/\",\"url\":\"https:\\\/\\\/quadalkatreszek.com\\\/product\\\/quad-fekbetet-kxd-004-gyerek-quad-es-felnott-quad-alkatresz\\\/\",\"name\":\"Quad f\u00e9kbet\u00e9t Kxd 004 Gyerek quadokba \u00e9s feln\u0151tt quadokba\",\"isPartOf\":{\"@id\":\"https:\\\/\\\/quadalkatreszek.com\\\/#website\"},\"primaryImageOfPage\":{\"@id\":\"https:\\\/\\\/quadalkatreszek.com\\\/product\\\/quad-fekbetet-kxd-004-gyerek-quad-es-felnott-quad-alkatresz\\\/#primaryimage\"},\"image\":{\"@id\":\"https:\\\/\\\/quadalkatreszek.com\\\/product\\\/quad-fekbetet-kxd-004-gyerek-quad-es-felnott-quad-alkatresz\\\/#primaryimage\"},\"thumbnailUrl\":\"https:\\\/\\\/quadalkatreszek.com\\\/wp-content\\\/uploads\\\/2023\\\/01\\\/Kxd04.jpg\",\"datePublished\":\"2023-01-23T10:58:02+00:00\",\"dateModified\":\"2025-06-20T13:26:02+00:00\",\"description\":\"Quad f\u00e9kbet\u00e9t Gyerek \u00e9s feln\u0151tt quadokba. F\u00e9kbet\u00e9tek sz\u00e9les v\u00e1laszt\u00e9ka, a legjobb \u00e1ron olcs\u00f3 sz\u00e1ll\u00edt\u00e1ssal, azonnal rakt\u00e1rr\u00f3l.Szinte minden k\u00ednai quadba\\\/motorba\",\"breadcrumb\":{\"@id\":\"https:\\\/\\\/quadalkatreszek.com\\\/product\\\/quad-fekbetet-kxd-004-gyerek-quad-es-felnott-quad-alkatresz\\\/#breadcrumb\"},\"inLanguage\":\"en-US\",\"potentialAction\":[{\"@type\":\"ReadAction\",\"target\":[\"https:\\\/\\\/quadalkatreszek.com\\\/product\\\/quad-fekbetet-kxd-004-gyerek-quad-es-felnott-quad-alkatresz\\\/\"]}]},{\"@type\":\"ImageObject\",\"inLanguage\":\"en-US\",\"@id\":\"https:\\\/\\\/quadalkatreszek.com\\\/product\\\/quad-fekbetet-kxd-004-gyerek-quad-es-felnott-quad-alkatresz\\\/#primaryimage\",\"url\":\"https:\\\/\\\/quadalkatreszek.com\\\/wp-content\\\/uploads\\\/2023\\\/01\\\/Kxd04.jpg\",\"contentUrl\":\"https:\\\/\\\/quadalkatreszek.com\\\/wp-content\\\/uploads\\\/2023\\\/01\\\/Kxd04.jpg\",\"width\":1024,\"height\":768,\"caption\":\"Quad f\u00e9kbet\u00e9t , KXD 004 Gyerek quad \u00e9s feln\u0151tt quad\"},{\"@type\":\"BreadcrumbList\",\"@id\":\"https:\\\/\\\/quadalkatreszek.com\\\/product\\\/quad-fekbetet-kxd-004-gyerek-quad-es-felnott-quad-alkatresz\\\/#breadcrumb\",\"itemListElement\":[{\"@type\":\"ListItem\",\"position\":1,\"name\":\"Kezd\u0151lap\",\"item\":\"https:\\\/\\\/quadalkatreszek.com\\\/\"},{\"@type\":\"ListItem\",\"position\":2,\"name\":\"Shop\",\"item\":\"https:\\\/\\\/quadalkatreszek.com\\\/shop\\\/\"},{\"@type\":\"ListItem\",\"position\":3,\"name\":\"Quad f\u00e9kbet\u00e9t Kxd 004 Gyerek quad \u00e9s feln\u0151tt quadokba \\\/ quad alkatr\u00e9sz\"}]},{\"@type\":\"WebSite\",\"@id\":\"https:\\\/\\\/quadalkatreszek.com\\\/#website\",\"url\":\"https:\\\/\\\/quadalkatreszek.com\\\/\",\"name\":\"quadalkatreszek.com\",\"description\":\"alkatr\u00e9szek - azonnal - rakt\u00e1rr\u00f3l\",\"publisher\":{\"@id\":\"https:\\\/\\\/quadalkatreszek.com\\\/#organization\"},\"potentialAction\":[{\"@type\":\"SearchAction\",\"target\":{\"@type\":\"EntryPoint\",\"urlTemplate\":\"https:\\\/\\\/quadalkatreszek.com\\\/?s={search_term_string}\"},\"query-input\":{\"@type\":\"PropertyValueSpecification\",\"valueRequired\":true,\"valueName\":\"search_term_string\"}}],\"inLanguage\":\"en-US\"},{\"@type\":\"Organization\",\"@id\":\"https:\\\/\\\/quadalkatreszek.com\\\/#organization\",\"name\":\"quadalkatreszek.com\",\"url\":\"https:\\\/\\\/quadalkatreszek.com\\\/\",\"logo\":{\"@type\":\"ImageObject\",\"inLanguage\":\"en-US\",\"@id\":\"https:\\\/\\\/quadalkatreszek.com\\\/#\\\/schema\\\/logo\\\/image\\\/\",\"url\":\"https:\\\/\\\/quadalkatreszek.com\\\/wp-content\\\/uploads\\\/2023\\\/01\\\/korlogo-2.png\",\"contentUrl\":\"https:\\\/\\\/quadalkatreszek.com\\\/wp-content\\\/uploads\\\/2023\\\/01\\\/korlogo-2.png\",\"width\":866,\"height\":866,\"caption\":\"quadalkatreszek.com\"},\"image\":{\"@id\":\"https:\\\/\\\/quadalkatreszek.com\\\/#\\\/schema\\\/logo\\\/image\\\/\"}}]}<\/script>\n<!-- \/ Yoast SEO plugin. -->","yoast_head_json":{"title":"Quad f\u00e9kbet\u00e9t Kxd 004 Gyerek quadokba \u00e9s feln\u0151tt quadokba","description":"Quad f\u00e9kbet\u00e9t Gyerek \u00e9s feln\u0151tt quadokba. F\u00e9kbet\u00e9tek sz\u00e9les v\u00e1laszt\u00e9ka, a legjobb \u00e1ron olcs\u00f3 sz\u00e1ll\u00edt\u00e1ssal, azonnal rakt\u00e1rr\u00f3l.Szinte minden k\u00ednai quadba\/motorba","robots":{"index":"index","follow":"follow","max-snippet":"max-snippet:-1","max-image-preview":"max-image-preview:large","max-video-preview":"max-video-preview:-1"},"canonical":"https:\/\/quadalkatreszek.com\/en\/product\/quad-fekbetet-kxd-004-gyerek-quad-es-felnott-quad-alkatresz\/","og_locale":"en_US","og_type":"article","og_title":"Quad f\u00e9kbet\u00e9t Kxd 004 Gyerek quadokba \u00e9s feln\u0151tt quadokba","og_description":"Quad f\u00e9kbet\u00e9t Gyerek \u00e9s feln\u0151tt quadokba. F\u00e9kbet\u00e9tek sz\u00e9les v\u00e1laszt\u00e9ka, a legjobb \u00e1ron olcs\u00f3 sz\u00e1ll\u00edt\u00e1ssal, azonnal rakt\u00e1rr\u00f3l.Szinte minden k\u00ednai quadba\/motorba","og_url":"https:\/\/quadalkatreszek.com\/en\/product\/quad-fekbetet-kxd-004-gyerek-quad-es-felnott-quad-alkatresz\/","og_site_name":"quadalkatreszek.com","article_modified_time":"2025-06-20T13:26:02+00:00","og_image":[{"width":1024,"height":768,"url":"https:\/\/quadalkatreszek.com\/wp-content\/uploads\/2023\/01\/Kxd04.jpg","type":"image\/jpeg"}],"twitter_card":"summary_large_image","twitter_misc":{"Est. reading time":"1 minute"},"schema":{"@context":"https:\/\/schema.org","@graph":[{"@type":"WebPage","@id":"https:\/\/quadalkatreszek.com\/product\/quad-fekbetet-kxd-004-gyerek-quad-es-felnott-quad-alkatresz\/","url":"https:\/\/quadalkatreszek.com\/product\/quad-fekbetet-kxd-004-gyerek-quad-es-felnott-quad-alkatresz\/","name":"Quad f\u00e9kbet\u00e9t Kxd 004 Gyerek quadokba \u00e9s feln\u0151tt quadokba","isPartOf":{"@id":"https:\/\/quadalkatreszek.com\/#website"},"primaryImageOfPage":{"@id":"https:\/\/quadalkatreszek.com\/product\/quad-fekbetet-kxd-004-gyerek-quad-es-felnott-quad-alkatresz\/#primaryimage"},"image":{"@id":"https:\/\/quadalkatreszek.com\/product\/quad-fekbetet-kxd-004-gyerek-quad-es-felnott-quad-alkatresz\/#primaryimage"},"thumbnailUrl":"https:\/\/quadalkatreszek.com\/wp-content\/uploads\/2023\/01\/Kxd04.jpg","datePublished":"2023-01-23T10:58:02+00:00","dateModified":"2025-06-20T13:26:02+00:00","description":"Quad f\u00e9kbet\u00e9t Gyerek \u00e9s feln\u0151tt quadokba. F\u00e9kbet\u00e9tek sz\u00e9les v\u00e1laszt\u00e9ka, a legjobb \u00e1ron olcs\u00f3 sz\u00e1ll\u00edt\u00e1ssal, azonnal rakt\u00e1rr\u00f3l.Szinte minden k\u00ednai quadba\/motorba","breadcrumb":{"@id":"https:\/\/quadalkatreszek.com\/product\/quad-fekbetet-kxd-004-gyerek-quad-es-felnott-quad-alkatresz\/#breadcrumb"},"inLanguage":"en-US","potentialAction":[{"@type":"ReadAction","target":["https:\/\/quadalkatreszek.com\/product\/quad-fekbetet-kxd-004-gyerek-quad-es-felnott-quad-alkatresz\/"]}]},{"@type":"ImageObject","inLanguage":"en-US","@id":"https:\/\/quadalkatreszek.com\/product\/quad-fekbetet-kxd-004-gyerek-quad-es-felnott-quad-alkatresz\/#primaryimage","url":"https:\/\/quadalkatreszek.com\/wp-content\/uploads\/2023\/01\/Kxd04.jpg","contentUrl":"https:\/\/quadalkatreszek.com\/wp-content\/uploads\/2023\/01\/Kxd04.jpg","width":1024,"height":768,"caption":"Quad f\u00e9kbet\u00e9t , KXD 004 Gyerek quad \u00e9s feln\u0151tt quad"},{"@type":"BreadcrumbList","@id":"https:\/\/quadalkatreszek.com\/product\/quad-fekbetet-kxd-004-gyerek-quad-es-felnott-quad-alkatresz\/#breadcrumb","itemListElement":[{"@type":"ListItem","position":1,"name":"Kezd\u0151lap","item":"https:\/\/quadalkatreszek.com\/"},{"@type":"ListItem","position":2,"name":"Shop","item":"https:\/\/quadalkatreszek.com\/shop\/"},{"@type":"ListItem","position":3,"name":"Quad f\u00e9kbet\u00e9t Kxd 004 Gyerek quad \u00e9s feln\u0151tt quadokba \/ quad alkatr\u00e9sz"}]},{"@type":"WebSite","@id":"https:\/\/quadalkatreszek.com\/#website","url":"https:\/\/quadalkatreszek.com\/","name":"quadalkatreszek.com","description":"alkatr\u00e9szek - azonnal - rakt\u00e1rr\u00f3l","publisher":{"@id":"https:\/\/quadalkatreszek.com\/#organization"},"potentialAction":[{"@type":"SearchAction","target":{"@type":"EntryPoint","urlTemplate":"https:\/\/quadalkatreszek.com\/?s={search_term_string}"},"query-input":{"@type":"PropertyValueSpecification","valueRequired":true,"valueName":"search_term_string"}}],"inLanguage":"en-US"},{"@type":"Organization","@id":"https:\/\/quadalkatreszek.com\/#organization","name":"quadalkatreszek.com","url":"https:\/\/quadalkatreszek.com\/","logo":{"@type":"ImageObject","inLanguage":"en-US","@id":"https:\/\/quadalkatreszek.com\/#\/schema\/logo\/image\/","url":"https:\/\/quadalkatreszek.com\/wp-content\/uploads\/2023\/01\/korlogo-2.png","contentUrl":"https:\/\/quadalkatreszek.com\/wp-content\/uploads\/2023\/01\/korlogo-2.png","width":866,"height":866,"caption":"quadalkatreszek.com"},"image":{"@id":"https:\/\/quadalkatreszek.com\/#\/schema\/logo\/image\/"}}]}},"_links":{"self":[{"href":"https:\/\/quadalkatreszek.com\/en\/wp-json\/wp\/v2\/product\/31832","targetHints":{"allow":["GET"]}}],"collection":[{"href":"https:\/\/quadalkatreszek.com\/en\/wp-json\/wp\/v2\/product"}],"about":[{"href":"https:\/\/quadalkatreszek.com\/en\/wp-json\/wp\/v2\/types\/product"}],"replies":[{"embeddable":true,"href":"https:\/\/quadalkatreszek.com\/en\/wp-json\/wp\/v2\/comments?post=31832"}],"wp:featuredmedia":[{"embeddable":true,"href":"https:\/\/quadalkatreszek.com\/en\/wp-json\/wp\/v2\/media\/31833"}],"wp:attachment":[{"href":"https:\/\/quadalkatreszek.com\/en\/wp-json\/wp\/v2\/media?parent=31832"}],"wp:term":[{"taxonomy":"product_brand","embeddable":true,"href":"https:\/\/quadalkatreszek.com\/en\/wp-json\/wp\/v2\/product_brand?post=31832"},{"taxonomy":"product_cat","embeddable":true,"href":"https:\/\/quadalkatreszek.com\/en\/wp-json\/wp\/v2\/product_cat?post=31832"},{"taxonomy":"product_tag","embeddable":true,"href":"https:\/\/quadalkatreszek.com\/en\/wp-json\/wp\/v2\/product_tag?post=31832"}],"curies":[{"name":"wp","href":"https:\/\/api.w.org\/{rel}","templated":true}]}}