{"id":31834,"date":"2023-01-23T12:01:34","date_gmt":"2023-01-23T11:01:34","guid":{"rendered":"https:\/\/www.quadalkatreszek.com\/?post_type=product&#038;p=31834"},"modified":"2026-04-08T08:33:02","modified_gmt":"2026-04-08T07:33:02","slug":"quad-fekbetet-125ccm-kxd-006-gyerek-quad-es-200-250cc-felnott-quadokba","status":"publish","type":"product","link":"https:\/\/quadalkatreszek.com\/en\/product\/quad-fekbetet-125ccm-kxd-006-gyerek-quad-es-200-250cc-felnott-quadokba\/","title":{"rendered":"Quad  f\u00e9kbet\u00e9t 125ccm KXD 006 Gyerek quad \u00e9s 200-250cc feln\u0151tt quadokba"},"content":{"rendered":"<p>KXD Quad f\u00e9kbet\u00e9t 125ccm KXD 006 Gyerek quad \u00e9s 200-250cc feln\u0151tt quadokba<\/p>\n<p>Univerz\u00e1lis f\u00e9kbet\u00e9t k\u00ednaigyerek \u00e9s feln\u0151tt quadokba motorokba.<\/p>\n<p>110-125ccm Kxd 004, Kxd 006, Kxd 008, highper , barton\u00a0 gyerek quadokhoz \u00e9s egy\u00e9b k\u00ednai<br \/>\nm\u00e1rk\u00e1khoz is KOMPATIBILIS ezekbe is be\u00e9p\u00edthet\u0151, beszerelhet\u0151 k\u00ednai alkatr\u00e9sz!<br \/>\nEzen k\u00edv\u00fcl Wexxtor, Zongshen, Yakimoto, Kazuma, \u00e9s egy\u00e9b 200-250ccm quadokba is beszerelhet\u0151 f\u00e9kbet\u00e9t.<\/p>\n<p>M\u00e9retek a k\u00e9pen<\/p>\n<p>Ha m\u00e1s f\u00e9kbet\u00e9tet szeretn\u00e9l, akkor <strong>\u00a0<a title=\"Kattints ide az \u00f6sszes f\u00e9kbet\u00e9t megjelen\u00edt\u00e9s\u00e9hez\" href=\"https:\/\/quadalkatreszek.com\/en\/product-category\/fekalkatreszek\/fekbetet-fekpofa\/\">Kattints ide az \u00f6sszes f\u00e9kbet\u00e9t megjelen\u00edt\u00e9s\u00e9hez<\/a> vagy haszn\u00e1ld a fenti keres\u0151mez\u0151t<\/strong><\/p>\n<p>Ez a <span style=\"color: #808080\"><a style=\"color: #808080\" href=\"https:\/\/quaddepo.com\/product\/125cc-gyerek-quad-kxd-006-automata-piros\/\"><span style=\"color: #000000\">quad f\u00e9kbet\u00e9t<\/span><\/a>\u00a0 ebbe a t\u00edpusba is beszerelhet\u0151<\/span><\/p>\n<p>c99c<\/p>\n<p>, 129<br \/>\n&#8211; &#8211; &#8211;<br \/>\n<!--kkod_start--><\/p>\n<div class=\"kkod-visible\">kkod:129<\/div>\n<p><!--kkod_end--><\/p>","protected":false},"excerpt":{"rendered":"<p>KXD Quad f\u00e9kbet\u00e9t<\/p>\n<p>K\u00ednai gyerek quad f\u00e9kbet\u00e9t 110- 125ccm KXD gyerek quadokba<\/p>","protected":false},"featured_media":31835,"comment_status":"open","ping_status":"closed","template":"","meta":[],"product_brand":[],"product_cat":[95,66],"product_tag":[],"class_list":{"0":"post-31834","1":"product","2":"type-product","3":"status-publish","4":"has-post-thumbnail","6":"product_cat-akcios-termekek","7":"product_cat-fekbetet-fekpofa","9":"first","10":"instock","11":"sale","12":"shipping-taxable","13":"purchasable","14":"product-type-simple"},"yoast_head":"<!-- This site is optimized with the Yoast SEO plugin v27.5 - https:\/\/yoast.com\/product\/yoast-seo-wordpress\/ -->\n<title>KXD Quad f\u00e9kbet\u00e9t 125c Gyerek quadokba - quadalkatreszek.com<\/title>\n<meta name=\"description\" content=\"KXD Quad f\u00e9kbet\u00e9t 110- 125ccm KXD quadokba \u00e9s 200-250cc feln\u0151tt quadokba, Ezen k\u00edv\u0171l t\u00f6bb sz\u00e1z f\u00e9kalkatr\u00e9sz kedvez\u0151 \u00e1ron, rakt\u00e1rr\u00f3l, azonnal a legjobb \u00e1ron\" \/>\n<meta name=\"robots\" content=\"index, follow, max-snippet:-1, max-image-preview:large, max-video-preview:-1\" \/>\n<link rel=\"canonical\" href=\"https:\/\/quadalkatreszek.com\/en\/product\/quad-fekbetet-125ccm-kxd-006-gyerek-quad-es-200-250cc-felnott-quadokba\/\" \/>\n<meta property=\"og:locale\" content=\"en_US\" \/>\n<meta property=\"og:type\" content=\"article\" \/>\n<meta property=\"og:title\" content=\"KXD Quad f\u00e9kbet\u00e9t 125c Gyerek quadokba - quadalkatreszek.com\" \/>\n<meta property=\"og:description\" content=\"KXD Quad f\u00e9kbet\u00e9t 110- 125ccm KXD quadokba \u00e9s 200-250cc feln\u0151tt quadokba, Ezen k\u00edv\u0171l t\u00f6bb sz\u00e1z f\u00e9kalkatr\u00e9sz kedvez\u0151 \u00e1ron, rakt\u00e1rr\u00f3l, azonnal a legjobb \u00e1ron\" \/>\n<meta property=\"og:url\" content=\"https:\/\/quadalkatreszek.com\/en\/product\/quad-fekbetet-125ccm-kxd-006-gyerek-quad-es-200-250cc-felnott-quadokba\/\" \/>\n<meta property=\"og:site_name\" content=\"quadalkatreszek.com\" \/>\n<meta property=\"article:modified_time\" content=\"2026-04-08T07:33:02+00:00\" \/>\n<meta property=\"og:image\" content=\"https:\/\/quadalkatreszek.com\/wp-content\/uploads\/2023\/01\/kxd06.jpg\" \/>\n\t<meta property=\"og:image:width\" content=\"1024\" \/>\n\t<meta property=\"og:image:height\" content=\"768\" \/>\n\t<meta property=\"og:image:type\" content=\"image\/jpeg\" \/>\n<meta name=\"twitter:card\" content=\"summary_large_image\" \/>\n<meta name=\"twitter:label1\" content=\"Est. reading time\" \/>\n\t<meta name=\"twitter:data1\" content=\"1 minute\" \/>\n<script type=\"application\/ld+json\" class=\"yoast-schema-graph\">{\"@context\":\"https:\\\/\\\/schema.org\",\"@graph\":[{\"@type\":\"WebPage\",\"@id\":\"https:\\\/\\\/quadalkatreszek.com\\\/product\\\/quad-fekbetet-125ccm-kxd-006-gyerek-quad-es-200-250cc-felnott-quadokba\\\/\",\"url\":\"https:\\\/\\\/quadalkatreszek.com\\\/product\\\/quad-fekbetet-125ccm-kxd-006-gyerek-quad-es-200-250cc-felnott-quadokba\\\/\",\"name\":\"KXD Quad f\u00e9kbet\u00e9t 125c Gyerek quadokba - quadalkatreszek.com\",\"isPartOf\":{\"@id\":\"https:\\\/\\\/quadalkatreszek.com\\\/#website\"},\"primaryImageOfPage\":{\"@id\":\"https:\\\/\\\/quadalkatreszek.com\\\/product\\\/quad-fekbetet-125ccm-kxd-006-gyerek-quad-es-200-250cc-felnott-quadokba\\\/#primaryimage\"},\"image\":{\"@id\":\"https:\\\/\\\/quadalkatreszek.com\\\/product\\\/quad-fekbetet-125ccm-kxd-006-gyerek-quad-es-200-250cc-felnott-quadokba\\\/#primaryimage\"},\"thumbnailUrl\":\"https:\\\/\\\/quadalkatreszek.com\\\/wp-content\\\/uploads\\\/2023\\\/01\\\/kxd06.jpg\",\"datePublished\":\"2023-01-23T11:01:34+00:00\",\"dateModified\":\"2026-04-08T07:33:02+00:00\",\"description\":\"KXD Quad f\u00e9kbet\u00e9t 110- 125ccm KXD quadokba \u00e9s 200-250cc feln\u0151tt quadokba, Ezen k\u00edv\u0171l t\u00f6bb sz\u00e1z f\u00e9kalkatr\u00e9sz kedvez\u0151 \u00e1ron, rakt\u00e1rr\u00f3l, azonnal a legjobb \u00e1ron\",\"breadcrumb\":{\"@id\":\"https:\\\/\\\/quadalkatreszek.com\\\/product\\\/quad-fekbetet-125ccm-kxd-006-gyerek-quad-es-200-250cc-felnott-quadokba\\\/#breadcrumb\"},\"inLanguage\":\"en-US\",\"potentialAction\":[{\"@type\":\"ReadAction\",\"target\":[\"https:\\\/\\\/quadalkatreszek.com\\\/product\\\/quad-fekbetet-125ccm-kxd-006-gyerek-quad-es-200-250cc-felnott-quadokba\\\/\"]}]},{\"@type\":\"ImageObject\",\"inLanguage\":\"en-US\",\"@id\":\"https:\\\/\\\/quadalkatreszek.com\\\/product\\\/quad-fekbetet-125ccm-kxd-006-gyerek-quad-es-200-250cc-felnott-quadokba\\\/#primaryimage\",\"url\":\"https:\\\/\\\/quadalkatreszek.com\\\/wp-content\\\/uploads\\\/2023\\\/01\\\/kxd06.jpg\",\"contentUrl\":\"https:\\\/\\\/quadalkatreszek.com\\\/wp-content\\\/uploads\\\/2023\\\/01\\\/kxd06.jpg\",\"width\":1024,\"height\":768,\"caption\":\"Quad f\u00e9kbet\u00e9t 125ccm KXD 006 Gyerek quad \u00e9s 200-250cc feln\u0151tt quadokba\"},{\"@type\":\"BreadcrumbList\",\"@id\":\"https:\\\/\\\/quadalkatreszek.com\\\/product\\\/quad-fekbetet-125ccm-kxd-006-gyerek-quad-es-200-250cc-felnott-quadokba\\\/#breadcrumb\",\"itemListElement\":[{\"@type\":\"ListItem\",\"position\":1,\"name\":\"Kezd\u0151lap\",\"item\":\"https:\\\/\\\/quadalkatreszek.com\\\/\"},{\"@type\":\"ListItem\",\"position\":2,\"name\":\"Shop\",\"item\":\"https:\\\/\\\/quadalkatreszek.com\\\/shop\\\/\"},{\"@type\":\"ListItem\",\"position\":3,\"name\":\"Quad f\u00e9kbet\u00e9t 125ccm KXD 006 Gyerek quad \u00e9s 200-250cc feln\u0151tt quadokba\"}]},{\"@type\":\"WebSite\",\"@id\":\"https:\\\/\\\/quadalkatreszek.com\\\/#website\",\"url\":\"https:\\\/\\\/quadalkatreszek.com\\\/\",\"name\":\"quadalkatreszek.com\",\"description\":\"alkatr\u00e9szek - azonnal - rakt\u00e1rr\u00f3l\",\"publisher\":{\"@id\":\"https:\\\/\\\/quadalkatreszek.com\\\/#organization\"},\"potentialAction\":[{\"@type\":\"SearchAction\",\"target\":{\"@type\":\"EntryPoint\",\"urlTemplate\":\"https:\\\/\\\/quadalkatreszek.com\\\/?s={search_term_string}\"},\"query-input\":{\"@type\":\"PropertyValueSpecification\",\"valueRequired\":true,\"valueName\":\"search_term_string\"}}],\"inLanguage\":\"en-US\"},{\"@type\":\"Organization\",\"@id\":\"https:\\\/\\\/quadalkatreszek.com\\\/#organization\",\"name\":\"quadalkatreszek.com\",\"url\":\"https:\\\/\\\/quadalkatreszek.com\\\/\",\"logo\":{\"@type\":\"ImageObject\",\"inLanguage\":\"en-US\",\"@id\":\"https:\\\/\\\/quadalkatreszek.com\\\/#\\\/schema\\\/logo\\\/image\\\/\",\"url\":\"https:\\\/\\\/quadalkatreszek.com\\\/wp-content\\\/uploads\\\/2023\\\/01\\\/korlogo-2.png\",\"contentUrl\":\"https:\\\/\\\/quadalkatreszek.com\\\/wp-content\\\/uploads\\\/2023\\\/01\\\/korlogo-2.png\",\"width\":866,\"height\":866,\"caption\":\"quadalkatreszek.com\"},\"image\":{\"@id\":\"https:\\\/\\\/quadalkatreszek.com\\\/#\\\/schema\\\/logo\\\/image\\\/\"}}]}<\/script>\n<!-- \/ Yoast SEO plugin. -->","yoast_head_json":{"title":"KXD Quad f\u00e9kbet\u00e9t 125c Gyerek quadokba - quadalkatreszek.com","description":"KXD Quad f\u00e9kbet\u00e9t 110- 125ccm KXD quadokba \u00e9s 200-250cc feln\u0151tt quadokba, Ezen k\u00edv\u0171l t\u00f6bb sz\u00e1z f\u00e9kalkatr\u00e9sz kedvez\u0151 \u00e1ron, rakt\u00e1rr\u00f3l, azonnal a legjobb \u00e1ron","robots":{"index":"index","follow":"follow","max-snippet":"max-snippet:-1","max-image-preview":"max-image-preview:large","max-video-preview":"max-video-preview:-1"},"canonical":"https:\/\/quadalkatreszek.com\/en\/product\/quad-fekbetet-125ccm-kxd-006-gyerek-quad-es-200-250cc-felnott-quadokba\/","og_locale":"en_US","og_type":"article","og_title":"KXD Quad f\u00e9kbet\u00e9t 125c Gyerek quadokba - quadalkatreszek.com","og_description":"KXD Quad f\u00e9kbet\u00e9t 110- 125ccm KXD quadokba \u00e9s 200-250cc feln\u0151tt quadokba, Ezen k\u00edv\u0171l t\u00f6bb sz\u00e1z f\u00e9kalkatr\u00e9sz kedvez\u0151 \u00e1ron, rakt\u00e1rr\u00f3l, azonnal a legjobb \u00e1ron","og_url":"https:\/\/quadalkatreszek.com\/en\/product\/quad-fekbetet-125ccm-kxd-006-gyerek-quad-es-200-250cc-felnott-quadokba\/","og_site_name":"quadalkatreszek.com","article_modified_time":"2026-04-08T07:33:02+00:00","og_image":[{"width":1024,"height":768,"url":"https:\/\/quadalkatreszek.com\/wp-content\/uploads\/2023\/01\/kxd06.jpg","type":"image\/jpeg"}],"twitter_card":"summary_large_image","twitter_misc":{"Est. reading time":"1 minute"},"schema":{"@context":"https:\/\/schema.org","@graph":[{"@type":"WebPage","@id":"https:\/\/quadalkatreszek.com\/product\/quad-fekbetet-125ccm-kxd-006-gyerek-quad-es-200-250cc-felnott-quadokba\/","url":"https:\/\/quadalkatreszek.com\/product\/quad-fekbetet-125ccm-kxd-006-gyerek-quad-es-200-250cc-felnott-quadokba\/","name":"KXD Quad f\u00e9kbet\u00e9t 125c Gyerek quadokba - quadalkatreszek.com","isPartOf":{"@id":"https:\/\/quadalkatreszek.com\/#website"},"primaryImageOfPage":{"@id":"https:\/\/quadalkatreszek.com\/product\/quad-fekbetet-125ccm-kxd-006-gyerek-quad-es-200-250cc-felnott-quadokba\/#primaryimage"},"image":{"@id":"https:\/\/quadalkatreszek.com\/product\/quad-fekbetet-125ccm-kxd-006-gyerek-quad-es-200-250cc-felnott-quadokba\/#primaryimage"},"thumbnailUrl":"https:\/\/quadalkatreszek.com\/wp-content\/uploads\/2023\/01\/kxd06.jpg","datePublished":"2023-01-23T11:01:34+00:00","dateModified":"2026-04-08T07:33:02+00:00","description":"KXD Quad f\u00e9kbet\u00e9t 110- 125ccm KXD quadokba \u00e9s 200-250cc feln\u0151tt quadokba, Ezen k\u00edv\u0171l t\u00f6bb sz\u00e1z f\u00e9kalkatr\u00e9sz kedvez\u0151 \u00e1ron, rakt\u00e1rr\u00f3l, azonnal a legjobb \u00e1ron","breadcrumb":{"@id":"https:\/\/quadalkatreszek.com\/product\/quad-fekbetet-125ccm-kxd-006-gyerek-quad-es-200-250cc-felnott-quadokba\/#breadcrumb"},"inLanguage":"en-US","potentialAction":[{"@type":"ReadAction","target":["https:\/\/quadalkatreszek.com\/product\/quad-fekbetet-125ccm-kxd-006-gyerek-quad-es-200-250cc-felnott-quadokba\/"]}]},{"@type":"ImageObject","inLanguage":"en-US","@id":"https:\/\/quadalkatreszek.com\/product\/quad-fekbetet-125ccm-kxd-006-gyerek-quad-es-200-250cc-felnott-quadokba\/#primaryimage","url":"https:\/\/quadalkatreszek.com\/wp-content\/uploads\/2023\/01\/kxd06.jpg","contentUrl":"https:\/\/quadalkatreszek.com\/wp-content\/uploads\/2023\/01\/kxd06.jpg","width":1024,"height":768,"caption":"Quad f\u00e9kbet\u00e9t 125ccm KXD 006 Gyerek quad \u00e9s 200-250cc feln\u0151tt quadokba"},{"@type":"BreadcrumbList","@id":"https:\/\/quadalkatreszek.com\/product\/quad-fekbetet-125ccm-kxd-006-gyerek-quad-es-200-250cc-felnott-quadokba\/#breadcrumb","itemListElement":[{"@type":"ListItem","position":1,"name":"Kezd\u0151lap","item":"https:\/\/quadalkatreszek.com\/"},{"@type":"ListItem","position":2,"name":"Shop","item":"https:\/\/quadalkatreszek.com\/shop\/"},{"@type":"ListItem","position":3,"name":"Quad f\u00e9kbet\u00e9t 125ccm KXD 006 Gyerek quad \u00e9s 200-250cc feln\u0151tt quadokba"}]},{"@type":"WebSite","@id":"https:\/\/quadalkatreszek.com\/#website","url":"https:\/\/quadalkatreszek.com\/","name":"quadalkatreszek.com","description":"alkatr\u00e9szek - azonnal - rakt\u00e1rr\u00f3l","publisher":{"@id":"https:\/\/quadalkatreszek.com\/#organization"},"potentialAction":[{"@type":"SearchAction","target":{"@type":"EntryPoint","urlTemplate":"https:\/\/quadalkatreszek.com\/?s={search_term_string}"},"query-input":{"@type":"PropertyValueSpecification","valueRequired":true,"valueName":"search_term_string"}}],"inLanguage":"en-US"},{"@type":"Organization","@id":"https:\/\/quadalkatreszek.com\/#organization","name":"quadalkatreszek.com","url":"https:\/\/quadalkatreszek.com\/","logo":{"@type":"ImageObject","inLanguage":"en-US","@id":"https:\/\/quadalkatreszek.com\/#\/schema\/logo\/image\/","url":"https:\/\/quadalkatreszek.com\/wp-content\/uploads\/2023\/01\/korlogo-2.png","contentUrl":"https:\/\/quadalkatreszek.com\/wp-content\/uploads\/2023\/01\/korlogo-2.png","width":866,"height":866,"caption":"quadalkatreszek.com"},"image":{"@id":"https:\/\/quadalkatreszek.com\/#\/schema\/logo\/image\/"}}]}},"_links":{"self":[{"href":"https:\/\/quadalkatreszek.com\/en\/wp-json\/wp\/v2\/product\/31834","targetHints":{"allow":["GET"]}}],"collection":[{"href":"https:\/\/quadalkatreszek.com\/en\/wp-json\/wp\/v2\/product"}],"about":[{"href":"https:\/\/quadalkatreszek.com\/en\/wp-json\/wp\/v2\/types\/product"}],"replies":[{"embeddable":true,"href":"https:\/\/quadalkatreszek.com\/en\/wp-json\/wp\/v2\/comments?post=31834"}],"wp:featuredmedia":[{"embeddable":true,"href":"https:\/\/quadalkatreszek.com\/en\/wp-json\/wp\/v2\/media\/31835"}],"wp:attachment":[{"href":"https:\/\/quadalkatreszek.com\/en\/wp-json\/wp\/v2\/media?parent=31834"}],"wp:term":[{"taxonomy":"product_brand","embeddable":true,"href":"https:\/\/quadalkatreszek.com\/en\/wp-json\/wp\/v2\/product_brand?post=31834"},{"taxonomy":"product_cat","embeddable":true,"href":"https:\/\/quadalkatreszek.com\/en\/wp-json\/wp\/v2\/product_cat?post=31834"},{"taxonomy":"product_tag","embeddable":true,"href":"https:\/\/quadalkatreszek.com\/en\/wp-json\/wp\/v2\/product_tag?post=31834"}],"curies":[{"name":"wp","href":"https:\/\/api.w.org\/{rel}","templated":true}]}}