{"id":31844,"date":"2023-01-23T14:51:27","date_gmt":"2023-01-23T13:51:27","guid":{"rendered":"https:\/\/quadalkatreszek.com\/?post_type=product&#038;p=31844"},"modified":"2026-04-12T12:35:59","modified_gmt":"2026-04-12T11:35:59","slug":"quad-hatso-fekbetet-150-250cc-zongshen-kinai-quadokhoz","status":"publish","type":"product","link":"https:\/\/quadalkatreszek.com\/en\/product\/quad-hatso-fekbetet-150-250cc-zongshen-kinai-quadokhoz\/","title":{"rendered":"Quad h\u00e1ts\u00f3 f\u00e9kbet\u00e9t 150-250cc Zongshen k\u00ednai quadokhoz"},"content":{"rendered":"<p>Zongshen quad h\u00e1ts\u00f3 f\u00e9kbet\u00e9t 150-250cc Zongshen k\u00ednai quadokhoz, motorokhoz<\/p>\n<p style=\"text-align: left\">Tov\u00e1bbi t\u00edpusok : Kawasaki KX65, KVF300, KVF360, KVF400 Suzuki LTZ 400<\/p>\n<p>Ezen k\u00edv\u00fcl rengeteg t\u00edpus\u00fa k\u00ednai \u00e9s egy\u00e9b quad f\u00e9kbet\u00e9t tal\u00e1lhat\u00f3 web\u00e1ruh\u00e1zunkban.<\/p>\n<p>Ha m\u00e1s f\u00e9kbet\u00e9tet szeretn\u00e9l, akkor <strong>\u00a0<a title=\"Kattints ide az \u00f6sszes f\u00e9kbet\u00e9t megjelen\u00edt\u00e9s\u00e9hez\" href=\"https:\/\/quadalkatreszek.com\/en\/product-category\/fekalkatreszek\/fekbetet-fekpofa\/\">Kattints ide az \u00f6sszes f\u00e9kbet\u00e9t megjelen\u00edt\u00e9s\u00e9hez<\/a> vagy haszn\u00e1ld a fenti keres\u0151mez\u0151t<\/strong><\/p>\n<p>&nbsp;<\/p>\n<p>c100c<\/p>\n<p>&#8211; &#8211; &#8211;<br \/>\n<!--kkod_start--><\/p>\n<div class=\"kkod-visible\">kkod:129<\/div>\n<p><!--kkod_end--><\/p>","protected":false},"excerpt":{"rendered":"<p>150-250cc Zongshen k\u00ednai quad h\u00e1ts\u00f3 f\u00e9kbet\u00e9t , quad alkatr\u00e9sz<br \/>\nquad alkatr\u00e9sz<\/p>","protected":false},"featured_media":31845,"comment_status":"open","ping_status":"closed","template":"","meta":[],"product_brand":[],"product_cat":[66],"product_tag":[],"class_list":{"0":"post-31844","1":"product","2":"type-product","3":"status-publish","4":"has-post-thumbnail","6":"product_cat-fekbetet-fekpofa","8":"first","9":"instock","10":"featured","11":"shipping-taxable","12":"purchasable","13":"product-type-simple"},"yoast_head":"<!-- This site is optimized with the Yoast SEO plugin v27.5 - https:\/\/yoast.com\/product\/yoast-seo-wordpress\/ -->\n<title>Zongshen quad h\u00e1ts\u00f3 f\u00e9kbet\u00e9t - quadalkatreszek.com<\/title>\n<meta name=\"description\" content=\"Zongshen quad h\u00e1ts\u00f3 f\u00e9kbet\u00e9t 150-250cc Zongshen \/ Loncin \u00e9s egy\u00e9b k\u00ednai quadokhoz.Kiv\u00e1l\u00f3 min\u0151s\u00e9gben a legjobb \u00e1ron, azonnali sz\u00e1ll\u00edt\u00e1ssal k\u00ednai quad f\u00e9kbet\u00e9t\" \/>\n<meta name=\"robots\" content=\"index, follow, max-snippet:-1, max-image-preview:large, max-video-preview:-1\" \/>\n<link rel=\"canonical\" href=\"https:\/\/quadalkatreszek.com\/en\/product\/quad-hatso-fekbetet-150-250cc-zongshen-kinai-quadokhoz\/\" \/>\n<meta property=\"og:locale\" content=\"en_US\" \/>\n<meta property=\"og:type\" content=\"article\" \/>\n<meta property=\"og:title\" content=\"Zongshen quad h\u00e1ts\u00f3 f\u00e9kbet\u00e9t - quadalkatreszek.com\" \/>\n<meta property=\"og:description\" content=\"Zongshen quad h\u00e1ts\u00f3 f\u00e9kbet\u00e9t 150-250cc Zongshen \/ Loncin \u00e9s egy\u00e9b k\u00ednai quadokhoz.Kiv\u00e1l\u00f3 min\u0151s\u00e9gben a legjobb \u00e1ron, azonnali sz\u00e1ll\u00edt\u00e1ssal k\u00ednai quad f\u00e9kbet\u00e9t\" \/>\n<meta property=\"og:url\" content=\"https:\/\/quadalkatreszek.com\/en\/product\/quad-hatso-fekbetet-150-250cc-zongshen-kinai-quadokhoz\/\" \/>\n<meta property=\"og:site_name\" content=\"quadalkatreszek.com\" \/>\n<meta property=\"article:modified_time\" content=\"2026-04-12T11:35:59+00:00\" \/>\n<meta property=\"og:image\" content=\"https:\/\/quadalkatreszek.com\/wp-content\/uploads\/2023\/01\/100.jpg\" \/>\n\t<meta property=\"og:image:width\" content=\"1024\" \/>\n\t<meta property=\"og:image:height\" content=\"768\" \/>\n\t<meta property=\"og:image:type\" content=\"image\/jpeg\" \/>\n<meta name=\"twitter:card\" content=\"summary_large_image\" \/>\n<meta name=\"twitter:label1\" content=\"Est. reading time\" \/>\n\t<meta name=\"twitter:data1\" content=\"1 minute\" \/>\n<script type=\"application\/ld+json\" class=\"yoast-schema-graph\">{\"@context\":\"https:\\\/\\\/schema.org\",\"@graph\":[{\"@type\":\"WebPage\",\"@id\":\"https:\\\/\\\/quadalkatreszek.com\\\/product\\\/quad-hatso-fekbetet-150-250cc-zongshen-kinai-quadokhoz\\\/\",\"url\":\"https:\\\/\\\/quadalkatreszek.com\\\/product\\\/quad-hatso-fekbetet-150-250cc-zongshen-kinai-quadokhoz\\\/\",\"name\":\"Zongshen quad h\u00e1ts\u00f3 f\u00e9kbet\u00e9t - quadalkatreszek.com\",\"isPartOf\":{\"@id\":\"https:\\\/\\\/quadalkatreszek.com\\\/#website\"},\"primaryImageOfPage\":{\"@id\":\"https:\\\/\\\/quadalkatreszek.com\\\/product\\\/quad-hatso-fekbetet-150-250cc-zongshen-kinai-quadokhoz\\\/#primaryimage\"},\"image\":{\"@id\":\"https:\\\/\\\/quadalkatreszek.com\\\/product\\\/quad-hatso-fekbetet-150-250cc-zongshen-kinai-quadokhoz\\\/#primaryimage\"},\"thumbnailUrl\":\"https:\\\/\\\/quadalkatreszek.com\\\/wp-content\\\/uploads\\\/2023\\\/01\\\/100.jpg\",\"datePublished\":\"2023-01-23T13:51:27+00:00\",\"dateModified\":\"2026-04-12T11:35:59+00:00\",\"description\":\"Zongshen quad h\u00e1ts\u00f3 f\u00e9kbet\u00e9t 150-250cc Zongshen \\\/ Loncin \u00e9s egy\u00e9b k\u00ednai quadokhoz.Kiv\u00e1l\u00f3 min\u0151s\u00e9gben a legjobb \u00e1ron, azonnali sz\u00e1ll\u00edt\u00e1ssal k\u00ednai quad f\u00e9kbet\u00e9t\",\"breadcrumb\":{\"@id\":\"https:\\\/\\\/quadalkatreszek.com\\\/product\\\/quad-hatso-fekbetet-150-250cc-zongshen-kinai-quadokhoz\\\/#breadcrumb\"},\"inLanguage\":\"en-US\",\"potentialAction\":[{\"@type\":\"ReadAction\",\"target\":[\"https:\\\/\\\/quadalkatreszek.com\\\/product\\\/quad-hatso-fekbetet-150-250cc-zongshen-kinai-quadokhoz\\\/\"]}]},{\"@type\":\"ImageObject\",\"inLanguage\":\"en-US\",\"@id\":\"https:\\\/\\\/quadalkatreszek.com\\\/product\\\/quad-hatso-fekbetet-150-250cc-zongshen-kinai-quadokhoz\\\/#primaryimage\",\"url\":\"https:\\\/\\\/quadalkatreszek.com\\\/wp-content\\\/uploads\\\/2023\\\/01\\\/100.jpg\",\"contentUrl\":\"https:\\\/\\\/quadalkatreszek.com\\\/wp-content\\\/uploads\\\/2023\\\/01\\\/100.jpg\",\"width\":1024,\"height\":768,\"caption\":\"Quad h\u00e1ts\u00f3 f\u00e9kbet\u00e9t 150-250cc Zongshen k\u00ednai quadokhoz\"},{\"@type\":\"BreadcrumbList\",\"@id\":\"https:\\\/\\\/quadalkatreszek.com\\\/product\\\/quad-hatso-fekbetet-150-250cc-zongshen-kinai-quadokhoz\\\/#breadcrumb\",\"itemListElement\":[{\"@type\":\"ListItem\",\"position\":1,\"name\":\"Kezd\u0151lap\",\"item\":\"https:\\\/\\\/quadalkatreszek.com\\\/\"},{\"@type\":\"ListItem\",\"position\":2,\"name\":\"Shop\",\"item\":\"https:\\\/\\\/quadalkatreszek.com\\\/shop\\\/\"},{\"@type\":\"ListItem\",\"position\":3,\"name\":\"Quad h\u00e1ts\u00f3 f\u00e9kbet\u00e9t 150-250cc Zongshen k\u00ednai quadokhoz\"}]},{\"@type\":\"WebSite\",\"@id\":\"https:\\\/\\\/quadalkatreszek.com\\\/#website\",\"url\":\"https:\\\/\\\/quadalkatreszek.com\\\/\",\"name\":\"quadalkatreszek.com\",\"description\":\"alkatr\u00e9szek - azonnal - rakt\u00e1rr\u00f3l\",\"publisher\":{\"@id\":\"https:\\\/\\\/quadalkatreszek.com\\\/#organization\"},\"potentialAction\":[{\"@type\":\"SearchAction\",\"target\":{\"@type\":\"EntryPoint\",\"urlTemplate\":\"https:\\\/\\\/quadalkatreszek.com\\\/?s={search_term_string}\"},\"query-input\":{\"@type\":\"PropertyValueSpecification\",\"valueRequired\":true,\"valueName\":\"search_term_string\"}}],\"inLanguage\":\"en-US\"},{\"@type\":\"Organization\",\"@id\":\"https:\\\/\\\/quadalkatreszek.com\\\/#organization\",\"name\":\"quadalkatreszek.com\",\"url\":\"https:\\\/\\\/quadalkatreszek.com\\\/\",\"logo\":{\"@type\":\"ImageObject\",\"inLanguage\":\"en-US\",\"@id\":\"https:\\\/\\\/quadalkatreszek.com\\\/#\\\/schema\\\/logo\\\/image\\\/\",\"url\":\"https:\\\/\\\/quadalkatreszek.com\\\/wp-content\\\/uploads\\\/2023\\\/01\\\/korlogo-2.png\",\"contentUrl\":\"https:\\\/\\\/quadalkatreszek.com\\\/wp-content\\\/uploads\\\/2023\\\/01\\\/korlogo-2.png\",\"width\":866,\"height\":866,\"caption\":\"quadalkatreszek.com\"},\"image\":{\"@id\":\"https:\\\/\\\/quadalkatreszek.com\\\/#\\\/schema\\\/logo\\\/image\\\/\"}}]}<\/script>\n<!-- \/ Yoast SEO plugin. -->","yoast_head_json":{"title":"Zongshen quad h\u00e1ts\u00f3 f\u00e9kbet\u00e9t - quadalkatreszek.com","description":"Zongshen quad h\u00e1ts\u00f3 f\u00e9kbet\u00e9t 150-250cc Zongshen \/ Loncin \u00e9s egy\u00e9b k\u00ednai quadokhoz.Kiv\u00e1l\u00f3 min\u0151s\u00e9gben a legjobb \u00e1ron, azonnali sz\u00e1ll\u00edt\u00e1ssal k\u00ednai quad f\u00e9kbet\u00e9t","robots":{"index":"index","follow":"follow","max-snippet":"max-snippet:-1","max-image-preview":"max-image-preview:large","max-video-preview":"max-video-preview:-1"},"canonical":"https:\/\/quadalkatreszek.com\/en\/product\/quad-hatso-fekbetet-150-250cc-zongshen-kinai-quadokhoz\/","og_locale":"en_US","og_type":"article","og_title":"Zongshen quad h\u00e1ts\u00f3 f\u00e9kbet\u00e9t - quadalkatreszek.com","og_description":"Zongshen quad h\u00e1ts\u00f3 f\u00e9kbet\u00e9t 150-250cc Zongshen \/ Loncin \u00e9s egy\u00e9b k\u00ednai quadokhoz.Kiv\u00e1l\u00f3 min\u0151s\u00e9gben a legjobb \u00e1ron, azonnali sz\u00e1ll\u00edt\u00e1ssal k\u00ednai quad f\u00e9kbet\u00e9t","og_url":"https:\/\/quadalkatreszek.com\/en\/product\/quad-hatso-fekbetet-150-250cc-zongshen-kinai-quadokhoz\/","og_site_name":"quadalkatreszek.com","article_modified_time":"2026-04-12T11:35:59+00:00","og_image":[{"width":1024,"height":768,"url":"https:\/\/quadalkatreszek.com\/wp-content\/uploads\/2023\/01\/100.jpg","type":"image\/jpeg"}],"twitter_card":"summary_large_image","twitter_misc":{"Est. reading time":"1 minute"},"schema":{"@context":"https:\/\/schema.org","@graph":[{"@type":"WebPage","@id":"https:\/\/quadalkatreszek.com\/product\/quad-hatso-fekbetet-150-250cc-zongshen-kinai-quadokhoz\/","url":"https:\/\/quadalkatreszek.com\/product\/quad-hatso-fekbetet-150-250cc-zongshen-kinai-quadokhoz\/","name":"Zongshen quad h\u00e1ts\u00f3 f\u00e9kbet\u00e9t - quadalkatreszek.com","isPartOf":{"@id":"https:\/\/quadalkatreszek.com\/#website"},"primaryImageOfPage":{"@id":"https:\/\/quadalkatreszek.com\/product\/quad-hatso-fekbetet-150-250cc-zongshen-kinai-quadokhoz\/#primaryimage"},"image":{"@id":"https:\/\/quadalkatreszek.com\/product\/quad-hatso-fekbetet-150-250cc-zongshen-kinai-quadokhoz\/#primaryimage"},"thumbnailUrl":"https:\/\/quadalkatreszek.com\/wp-content\/uploads\/2023\/01\/100.jpg","datePublished":"2023-01-23T13:51:27+00:00","dateModified":"2026-04-12T11:35:59+00:00","description":"Zongshen quad h\u00e1ts\u00f3 f\u00e9kbet\u00e9t 150-250cc Zongshen \/ Loncin \u00e9s egy\u00e9b k\u00ednai quadokhoz.Kiv\u00e1l\u00f3 min\u0151s\u00e9gben a legjobb \u00e1ron, azonnali sz\u00e1ll\u00edt\u00e1ssal k\u00ednai quad f\u00e9kbet\u00e9t","breadcrumb":{"@id":"https:\/\/quadalkatreszek.com\/product\/quad-hatso-fekbetet-150-250cc-zongshen-kinai-quadokhoz\/#breadcrumb"},"inLanguage":"en-US","potentialAction":[{"@type":"ReadAction","target":["https:\/\/quadalkatreszek.com\/product\/quad-hatso-fekbetet-150-250cc-zongshen-kinai-quadokhoz\/"]}]},{"@type":"ImageObject","inLanguage":"en-US","@id":"https:\/\/quadalkatreszek.com\/product\/quad-hatso-fekbetet-150-250cc-zongshen-kinai-quadokhoz\/#primaryimage","url":"https:\/\/quadalkatreszek.com\/wp-content\/uploads\/2023\/01\/100.jpg","contentUrl":"https:\/\/quadalkatreszek.com\/wp-content\/uploads\/2023\/01\/100.jpg","width":1024,"height":768,"caption":"Quad h\u00e1ts\u00f3 f\u00e9kbet\u00e9t 150-250cc Zongshen k\u00ednai quadokhoz"},{"@type":"BreadcrumbList","@id":"https:\/\/quadalkatreszek.com\/product\/quad-hatso-fekbetet-150-250cc-zongshen-kinai-quadokhoz\/#breadcrumb","itemListElement":[{"@type":"ListItem","position":1,"name":"Kezd\u0151lap","item":"https:\/\/quadalkatreszek.com\/"},{"@type":"ListItem","position":2,"name":"Shop","item":"https:\/\/quadalkatreszek.com\/shop\/"},{"@type":"ListItem","position":3,"name":"Quad h\u00e1ts\u00f3 f\u00e9kbet\u00e9t 150-250cc Zongshen k\u00ednai quadokhoz"}]},{"@type":"WebSite","@id":"https:\/\/quadalkatreszek.com\/#website","url":"https:\/\/quadalkatreszek.com\/","name":"quadalkatreszek.com","description":"alkatr\u00e9szek - azonnal - rakt\u00e1rr\u00f3l","publisher":{"@id":"https:\/\/quadalkatreszek.com\/#organization"},"potentialAction":[{"@type":"SearchAction","target":{"@type":"EntryPoint","urlTemplate":"https:\/\/quadalkatreszek.com\/?s={search_term_string}"},"query-input":{"@type":"PropertyValueSpecification","valueRequired":true,"valueName":"search_term_string"}}],"inLanguage":"en-US"},{"@type":"Organization","@id":"https:\/\/quadalkatreszek.com\/#organization","name":"quadalkatreszek.com","url":"https:\/\/quadalkatreszek.com\/","logo":{"@type":"ImageObject","inLanguage":"en-US","@id":"https:\/\/quadalkatreszek.com\/#\/schema\/logo\/image\/","url":"https:\/\/quadalkatreszek.com\/wp-content\/uploads\/2023\/01\/korlogo-2.png","contentUrl":"https:\/\/quadalkatreszek.com\/wp-content\/uploads\/2023\/01\/korlogo-2.png","width":866,"height":866,"caption":"quadalkatreszek.com"},"image":{"@id":"https:\/\/quadalkatreszek.com\/#\/schema\/logo\/image\/"}}]}},"_links":{"self":[{"href":"https:\/\/quadalkatreszek.com\/en\/wp-json\/wp\/v2\/product\/31844","targetHints":{"allow":["GET"]}}],"collection":[{"href":"https:\/\/quadalkatreszek.com\/en\/wp-json\/wp\/v2\/product"}],"about":[{"href":"https:\/\/quadalkatreszek.com\/en\/wp-json\/wp\/v2\/types\/product"}],"replies":[{"embeddable":true,"href":"https:\/\/quadalkatreszek.com\/en\/wp-json\/wp\/v2\/comments?post=31844"}],"wp:featuredmedia":[{"embeddable":true,"href":"https:\/\/quadalkatreszek.com\/en\/wp-json\/wp\/v2\/media\/31845"}],"wp:attachment":[{"href":"https:\/\/quadalkatreszek.com\/en\/wp-json\/wp\/v2\/media?parent=31844"}],"wp:term":[{"taxonomy":"product_brand","embeddable":true,"href":"https:\/\/quadalkatreszek.com\/en\/wp-json\/wp\/v2\/product_brand?post=31844"},{"taxonomy":"product_cat","embeddable":true,"href":"https:\/\/quadalkatreszek.com\/en\/wp-json\/wp\/v2\/product_cat?post=31844"},{"taxonomy":"product_tag","embeddable":true,"href":"https:\/\/quadalkatreszek.com\/en\/wp-json\/wp\/v2\/product_tag?post=31844"}],"curies":[{"name":"wp","href":"https:\/\/api.w.org\/{rel}","templated":true}]}}