{"id":31850,"date":"2023-01-23T15:00:30","date_gmt":"2023-01-23T14:00:30","guid":{"rendered":"https:\/\/quadalkatreszek.com\/?post_type=product&#038;p=31850"},"modified":"2026-03-19T19:40:36","modified_gmt":"2026-03-19T18:40:36","slug":"kinai-quad-hatso-fekbetet-200-250ccm-quadokhoz","status":"publish","type":"product","link":"https:\/\/quadalkatreszek.com\/en\/product\/kinai-quad-hatso-fekbetet-200-250ccm-quadokhoz\/","title":{"rendered":"K\u00ednai Quad h\u00e1ts\u00f3 f\u00e9kbet\u00e9t 200-250ccm quadokhoz"},"content":{"rendered":"<p>K\u00ednai Quad h\u00e1ts\u00f3 f\u00e9kbet\u00e9t<\/p>\n<p>Rengeteg t\u00edpus\u00fa k\u00ednai \u00e9s egy\u00e9b quadba is beszerelhet\u0151: Wexxtor WX250,\u00a0 Quadzilla 300 Utility, Quadzilla 300e, Quadzilla 400 modellekbe is<\/p>\n<p>Ha m\u00e1s f\u00e9kbet\u00e9tet szeretn\u00e9l, akkor <strong>\u00a0<a title=\"Kattints ide az \u00f6sszes f\u00e9kbet\u00e9t megjelen\u00edt\u00e9s\u00e9hez\" href=\"https:\/\/quadalkatreszek.com\/en\/product-category\/fekalkatreszek\/fekbetet-fekpofa\/\">Kattints ide az \u00f6sszes f\u00e9kbet\u00e9t megjelen\u00edt\u00e9s\u00e9hez<\/a> vagy haszn\u00e1ld a fenti keres\u0151mez\u0151t<\/strong><\/p>\n<p>A mi f\u00e9kbet\u00e9teink kiv\u00e1l\u00f3 min\u0151s\u00e9g\u0171ek, \u00e9s sz\u00e1mos k\u00fcl\u00f6nb\u00f6z\u0151 t\u00edpus\u00fa quad motorhoz kaphat\u00f3ak.<\/p>\n<p>N\u00e1lunk a rendelt term\u00e9keket nagyon kedvez\u0151 \u00e1ron 24-48 \u00f3r\u00e1n bel\u00fcl eljuttatjuk a c\u00edmedre, de telephellyel is rendelkez\u00fcnk \u00edgy szem\u00e9lyesen is megv\u00e1s\u00e1rolhat\u00f3k term\u00e9keink, a budapesti rakt\u00e1runkba.<\/p>\n<p>Ha v\u00e9letlen\u00fcl rossz m\u00e9ret\u0171 alkatr\u00e9szt rendelsz, n\u00e1lunk 30 napig visszak\u00fcldheted \u00e9s visszaadjuk az \u00e1r\u00e1t, vagy lev\u00e1s\u00e1rolhatod.<\/p>\n<p>c433c<\/p>\n<p>&#8211; &#8211; &#8211;<br \/>\n<!--kkod_start--><\/p>\n<div class=\"kkod-visible\">kkod:129<\/div>\n<p><!--kkod_end--><\/p>","protected":false},"excerpt":{"rendered":"<p>K\u00ednai Quad h\u00e1ts\u00f3 f\u00e9kbet\u00e9t<\/p>\n<p>&nbsp;<\/p>","protected":false},"featured_media":31851,"comment_status":"open","ping_status":"closed","template":"","meta":[],"product_brand":[],"product_cat":[66],"product_tag":[],"class_list":{"0":"post-31850","1":"product","2":"type-product","3":"status-publish","4":"has-post-thumbnail","6":"product_cat-fekbetet-fekpofa","8":"first","9":"instock","10":"shipping-taxable","11":"purchasable","12":"product-type-simple"},"yoast_head":"<!-- This site is optimized with the Yoast SEO plugin v27.5 - https:\/\/yoast.com\/product\/yoast-seo-wordpress\/ -->\n<title>K\u00ednai Quad h\u00e1ts\u00f3 f\u00e9kbet\u00e9t 200-250ccm quadokhoz - quadalkatreszek.com<\/title>\n<meta name=\"description\" content=\"K\u00ednai quad h\u00e1ts\u00f3 f\u00e9kbet\u00e9t 200-250cc quadokhoz.Ezen k\u00edv\u00fcl sz\u00e1mos k\u00ednai g quadhoz is tal\u00e1lsz n\u00e1lunk j\u00f3 min\u0151s\u00e9g\u0171 f\u00e9kbet\u00e9teket kedvez\u0151 \u00e1ron, azonnali sz\u00e1ll\u00edt\u00e1ssal.\" \/>\n<meta name=\"robots\" content=\"index, follow, max-snippet:-1, max-image-preview:large, max-video-preview:-1\" \/>\n<link rel=\"canonical\" href=\"https:\/\/quadalkatreszek.com\/en\/product\/kinai-quad-hatso-fekbetet-200-250ccm-quadokhoz\/\" \/>\n<meta property=\"og:locale\" content=\"en_US\" \/>\n<meta property=\"og:type\" content=\"article\" \/>\n<meta property=\"og:title\" content=\"K\u00ednai Quad h\u00e1ts\u00f3 f\u00e9kbet\u00e9t 200-250ccm quadokhoz - quadalkatreszek.com\" \/>\n<meta property=\"og:description\" content=\"K\u00ednai quad h\u00e1ts\u00f3 f\u00e9kbet\u00e9t 200-250cc quadokhoz.Ezen k\u00edv\u00fcl sz\u00e1mos k\u00ednai g quadhoz is tal\u00e1lsz n\u00e1lunk j\u00f3 min\u0151s\u00e9g\u0171 f\u00e9kbet\u00e9teket kedvez\u0151 \u00e1ron, azonnali sz\u00e1ll\u00edt\u00e1ssal.\" \/>\n<meta property=\"og:url\" content=\"https:\/\/quadalkatreszek.com\/en\/product\/kinai-quad-hatso-fekbetet-200-250ccm-quadokhoz\/\" \/>\n<meta property=\"og:site_name\" content=\"quadalkatreszek.com\" \/>\n<meta property=\"article:modified_time\" content=\"2026-03-19T18:40:36+00:00\" \/>\n<meta property=\"og:image\" content=\"https:\/\/quadalkatreszek.com\/wp-content\/uploads\/2023\/01\/CQ1526.jpg\" \/>\n\t<meta property=\"og:image:width\" content=\"1024\" \/>\n\t<meta property=\"og:image:height\" content=\"768\" \/>\n\t<meta property=\"og:image:type\" content=\"image\/jpeg\" \/>\n<meta name=\"twitter:card\" content=\"summary_large_image\" \/>\n<meta name=\"twitter:label1\" content=\"Est. reading time\" \/>\n\t<meta name=\"twitter:data1\" content=\"1 minute\" \/>\n<script type=\"application\/ld+json\" class=\"yoast-schema-graph\">{\"@context\":\"https:\\\/\\\/schema.org\",\"@graph\":[{\"@type\":\"WebPage\",\"@id\":\"https:\\\/\\\/quadalkatreszek.com\\\/product\\\/kinai-quad-hatso-fekbetet-200-250ccm-quadokhoz\\\/\",\"url\":\"https:\\\/\\\/quadalkatreszek.com\\\/product\\\/kinai-quad-hatso-fekbetet-200-250ccm-quadokhoz\\\/\",\"name\":\"K\u00ednai Quad h\u00e1ts\u00f3 f\u00e9kbet\u00e9t 200-250ccm quadokhoz - quadalkatreszek.com\",\"isPartOf\":{\"@id\":\"https:\\\/\\\/quadalkatreszek.com\\\/#website\"},\"primaryImageOfPage\":{\"@id\":\"https:\\\/\\\/quadalkatreszek.com\\\/product\\\/kinai-quad-hatso-fekbetet-200-250ccm-quadokhoz\\\/#primaryimage\"},\"image\":{\"@id\":\"https:\\\/\\\/quadalkatreszek.com\\\/product\\\/kinai-quad-hatso-fekbetet-200-250ccm-quadokhoz\\\/#primaryimage\"},\"thumbnailUrl\":\"https:\\\/\\\/quadalkatreszek.com\\\/wp-content\\\/uploads\\\/2023\\\/01\\\/CQ1526.jpg\",\"datePublished\":\"2023-01-23T14:00:30+00:00\",\"dateModified\":\"2026-03-19T18:40:36+00:00\",\"description\":\"K\u00ednai quad h\u00e1ts\u00f3 f\u00e9kbet\u00e9t 200-250cc quadokhoz.Ezen k\u00edv\u00fcl sz\u00e1mos k\u00ednai g quadhoz is tal\u00e1lsz n\u00e1lunk j\u00f3 min\u0151s\u00e9g\u0171 f\u00e9kbet\u00e9teket kedvez\u0151 \u00e1ron, azonnali sz\u00e1ll\u00edt\u00e1ssal.\",\"breadcrumb\":{\"@id\":\"https:\\\/\\\/quadalkatreszek.com\\\/product\\\/kinai-quad-hatso-fekbetet-200-250ccm-quadokhoz\\\/#breadcrumb\"},\"inLanguage\":\"en-US\",\"potentialAction\":[{\"@type\":\"ReadAction\",\"target\":[\"https:\\\/\\\/quadalkatreszek.com\\\/product\\\/kinai-quad-hatso-fekbetet-200-250ccm-quadokhoz\\\/\"]}]},{\"@type\":\"ImageObject\",\"inLanguage\":\"en-US\",\"@id\":\"https:\\\/\\\/quadalkatreszek.com\\\/product\\\/kinai-quad-hatso-fekbetet-200-250ccm-quadokhoz\\\/#primaryimage\",\"url\":\"https:\\\/\\\/quadalkatreszek.com\\\/wp-content\\\/uploads\\\/2023\\\/01\\\/CQ1526.jpg\",\"contentUrl\":\"https:\\\/\\\/quadalkatreszek.com\\\/wp-content\\\/uploads\\\/2023\\\/01\\\/CQ1526.jpg\",\"width\":1024,\"height\":768,\"caption\":\"K\u00ednai Quad h\u00e1ts\u00f3 f\u00e9kbet\u00e9t 200-250ccm quadokhoz\"},{\"@type\":\"BreadcrumbList\",\"@id\":\"https:\\\/\\\/quadalkatreszek.com\\\/product\\\/kinai-quad-hatso-fekbetet-200-250ccm-quadokhoz\\\/#breadcrumb\",\"itemListElement\":[{\"@type\":\"ListItem\",\"position\":1,\"name\":\"Kezd\u0151lap\",\"item\":\"https:\\\/\\\/quadalkatreszek.com\\\/\"},{\"@type\":\"ListItem\",\"position\":2,\"name\":\"Shop\",\"item\":\"https:\\\/\\\/quadalkatreszek.com\\\/shop\\\/\"},{\"@type\":\"ListItem\",\"position\":3,\"name\":\"K\u00ednai Quad h\u00e1ts\u00f3 f\u00e9kbet\u00e9t 200-250ccm quadokhoz\"}]},{\"@type\":\"WebSite\",\"@id\":\"https:\\\/\\\/quadalkatreszek.com\\\/#website\",\"url\":\"https:\\\/\\\/quadalkatreszek.com\\\/\",\"name\":\"quadalkatreszek.com\",\"description\":\"alkatr\u00e9szek - azonnal - rakt\u00e1rr\u00f3l\",\"publisher\":{\"@id\":\"https:\\\/\\\/quadalkatreszek.com\\\/#organization\"},\"potentialAction\":[{\"@type\":\"SearchAction\",\"target\":{\"@type\":\"EntryPoint\",\"urlTemplate\":\"https:\\\/\\\/quadalkatreszek.com\\\/?s={search_term_string}\"},\"query-input\":{\"@type\":\"PropertyValueSpecification\",\"valueRequired\":true,\"valueName\":\"search_term_string\"}}],\"inLanguage\":\"en-US\"},{\"@type\":\"Organization\",\"@id\":\"https:\\\/\\\/quadalkatreszek.com\\\/#organization\",\"name\":\"quadalkatreszek.com\",\"url\":\"https:\\\/\\\/quadalkatreszek.com\\\/\",\"logo\":{\"@type\":\"ImageObject\",\"inLanguage\":\"en-US\",\"@id\":\"https:\\\/\\\/quadalkatreszek.com\\\/#\\\/schema\\\/logo\\\/image\\\/\",\"url\":\"https:\\\/\\\/quadalkatreszek.com\\\/wp-content\\\/uploads\\\/2023\\\/01\\\/korlogo-2.png\",\"contentUrl\":\"https:\\\/\\\/quadalkatreszek.com\\\/wp-content\\\/uploads\\\/2023\\\/01\\\/korlogo-2.png\",\"width\":866,\"height\":866,\"caption\":\"quadalkatreszek.com\"},\"image\":{\"@id\":\"https:\\\/\\\/quadalkatreszek.com\\\/#\\\/schema\\\/logo\\\/image\\\/\"}}]}<\/script>\n<!-- \/ Yoast SEO plugin. -->","yoast_head_json":{"title":"K\u00ednai Quad h\u00e1ts\u00f3 f\u00e9kbet\u00e9t 200-250ccm quadokhoz - quadalkatreszek.com","description":"K\u00ednai quad h\u00e1ts\u00f3 f\u00e9kbet\u00e9t 200-250cc quadokhoz.Ezen k\u00edv\u00fcl sz\u00e1mos k\u00ednai g quadhoz is tal\u00e1lsz n\u00e1lunk j\u00f3 min\u0151s\u00e9g\u0171 f\u00e9kbet\u00e9teket kedvez\u0151 \u00e1ron, azonnali sz\u00e1ll\u00edt\u00e1ssal.","robots":{"index":"index","follow":"follow","max-snippet":"max-snippet:-1","max-image-preview":"max-image-preview:large","max-video-preview":"max-video-preview:-1"},"canonical":"https:\/\/quadalkatreszek.com\/en\/product\/kinai-quad-hatso-fekbetet-200-250ccm-quadokhoz\/","og_locale":"en_US","og_type":"article","og_title":"K\u00ednai Quad h\u00e1ts\u00f3 f\u00e9kbet\u00e9t 200-250ccm quadokhoz - quadalkatreszek.com","og_description":"K\u00ednai quad h\u00e1ts\u00f3 f\u00e9kbet\u00e9t 200-250cc quadokhoz.Ezen k\u00edv\u00fcl sz\u00e1mos k\u00ednai g quadhoz is tal\u00e1lsz n\u00e1lunk j\u00f3 min\u0151s\u00e9g\u0171 f\u00e9kbet\u00e9teket kedvez\u0151 \u00e1ron, azonnali sz\u00e1ll\u00edt\u00e1ssal.","og_url":"https:\/\/quadalkatreszek.com\/en\/product\/kinai-quad-hatso-fekbetet-200-250ccm-quadokhoz\/","og_site_name":"quadalkatreszek.com","article_modified_time":"2026-03-19T18:40:36+00:00","og_image":[{"width":1024,"height":768,"url":"https:\/\/quadalkatreszek.com\/wp-content\/uploads\/2023\/01\/CQ1526.jpg","type":"image\/jpeg"}],"twitter_card":"summary_large_image","twitter_misc":{"Est. reading time":"1 minute"},"schema":{"@context":"https:\/\/schema.org","@graph":[{"@type":"WebPage","@id":"https:\/\/quadalkatreszek.com\/product\/kinai-quad-hatso-fekbetet-200-250ccm-quadokhoz\/","url":"https:\/\/quadalkatreszek.com\/product\/kinai-quad-hatso-fekbetet-200-250ccm-quadokhoz\/","name":"K\u00ednai Quad h\u00e1ts\u00f3 f\u00e9kbet\u00e9t 200-250ccm quadokhoz - quadalkatreszek.com","isPartOf":{"@id":"https:\/\/quadalkatreszek.com\/#website"},"primaryImageOfPage":{"@id":"https:\/\/quadalkatreszek.com\/product\/kinai-quad-hatso-fekbetet-200-250ccm-quadokhoz\/#primaryimage"},"image":{"@id":"https:\/\/quadalkatreszek.com\/product\/kinai-quad-hatso-fekbetet-200-250ccm-quadokhoz\/#primaryimage"},"thumbnailUrl":"https:\/\/quadalkatreszek.com\/wp-content\/uploads\/2023\/01\/CQ1526.jpg","datePublished":"2023-01-23T14:00:30+00:00","dateModified":"2026-03-19T18:40:36+00:00","description":"K\u00ednai quad h\u00e1ts\u00f3 f\u00e9kbet\u00e9t 200-250cc quadokhoz.Ezen k\u00edv\u00fcl sz\u00e1mos k\u00ednai g quadhoz is tal\u00e1lsz n\u00e1lunk j\u00f3 min\u0151s\u00e9g\u0171 f\u00e9kbet\u00e9teket kedvez\u0151 \u00e1ron, azonnali sz\u00e1ll\u00edt\u00e1ssal.","breadcrumb":{"@id":"https:\/\/quadalkatreszek.com\/product\/kinai-quad-hatso-fekbetet-200-250ccm-quadokhoz\/#breadcrumb"},"inLanguage":"en-US","potentialAction":[{"@type":"ReadAction","target":["https:\/\/quadalkatreszek.com\/product\/kinai-quad-hatso-fekbetet-200-250ccm-quadokhoz\/"]}]},{"@type":"ImageObject","inLanguage":"en-US","@id":"https:\/\/quadalkatreszek.com\/product\/kinai-quad-hatso-fekbetet-200-250ccm-quadokhoz\/#primaryimage","url":"https:\/\/quadalkatreszek.com\/wp-content\/uploads\/2023\/01\/CQ1526.jpg","contentUrl":"https:\/\/quadalkatreszek.com\/wp-content\/uploads\/2023\/01\/CQ1526.jpg","width":1024,"height":768,"caption":"K\u00ednai Quad h\u00e1ts\u00f3 f\u00e9kbet\u00e9t 200-250ccm quadokhoz"},{"@type":"BreadcrumbList","@id":"https:\/\/quadalkatreszek.com\/product\/kinai-quad-hatso-fekbetet-200-250ccm-quadokhoz\/#breadcrumb","itemListElement":[{"@type":"ListItem","position":1,"name":"Kezd\u0151lap","item":"https:\/\/quadalkatreszek.com\/"},{"@type":"ListItem","position":2,"name":"Shop","item":"https:\/\/quadalkatreszek.com\/shop\/"},{"@type":"ListItem","position":3,"name":"K\u00ednai Quad h\u00e1ts\u00f3 f\u00e9kbet\u00e9t 200-250ccm quadokhoz"}]},{"@type":"WebSite","@id":"https:\/\/quadalkatreszek.com\/#website","url":"https:\/\/quadalkatreszek.com\/","name":"quadalkatreszek.com","description":"alkatr\u00e9szek - azonnal - rakt\u00e1rr\u00f3l","publisher":{"@id":"https:\/\/quadalkatreszek.com\/#organization"},"potentialAction":[{"@type":"SearchAction","target":{"@type":"EntryPoint","urlTemplate":"https:\/\/quadalkatreszek.com\/?s={search_term_string}"},"query-input":{"@type":"PropertyValueSpecification","valueRequired":true,"valueName":"search_term_string"}}],"inLanguage":"en-US"},{"@type":"Organization","@id":"https:\/\/quadalkatreszek.com\/#organization","name":"quadalkatreszek.com","url":"https:\/\/quadalkatreszek.com\/","logo":{"@type":"ImageObject","inLanguage":"en-US","@id":"https:\/\/quadalkatreszek.com\/#\/schema\/logo\/image\/","url":"https:\/\/quadalkatreszek.com\/wp-content\/uploads\/2023\/01\/korlogo-2.png","contentUrl":"https:\/\/quadalkatreszek.com\/wp-content\/uploads\/2023\/01\/korlogo-2.png","width":866,"height":866,"caption":"quadalkatreszek.com"},"image":{"@id":"https:\/\/quadalkatreszek.com\/#\/schema\/logo\/image\/"}}]}},"_links":{"self":[{"href":"https:\/\/quadalkatreszek.com\/en\/wp-json\/wp\/v2\/product\/31850","targetHints":{"allow":["GET"]}}],"collection":[{"href":"https:\/\/quadalkatreszek.com\/en\/wp-json\/wp\/v2\/product"}],"about":[{"href":"https:\/\/quadalkatreszek.com\/en\/wp-json\/wp\/v2\/types\/product"}],"replies":[{"embeddable":true,"href":"https:\/\/quadalkatreszek.com\/en\/wp-json\/wp\/v2\/comments?post=31850"}],"wp:featuredmedia":[{"embeddable":true,"href":"https:\/\/quadalkatreszek.com\/en\/wp-json\/wp\/v2\/media\/31851"}],"wp:attachment":[{"href":"https:\/\/quadalkatreszek.com\/en\/wp-json\/wp\/v2\/media?parent=31850"}],"wp:term":[{"taxonomy":"product_brand","embeddable":true,"href":"https:\/\/quadalkatreszek.com\/en\/wp-json\/wp\/v2\/product_brand?post=31850"},{"taxonomy":"product_cat","embeddable":true,"href":"https:\/\/quadalkatreszek.com\/en\/wp-json\/wp\/v2\/product_cat?post=31850"},{"taxonomy":"product_tag","embeddable":true,"href":"https:\/\/quadalkatreszek.com\/en\/wp-json\/wp\/v2\/product_tag?post=31850"}],"curies":[{"name":"wp","href":"https:\/\/api.w.org\/{rel}","templated":true}]}}