{"id":31857,"date":"2023-01-23T15:12:53","date_gmt":"2023-01-23T14:12:53","guid":{"rendered":"https:\/\/quadalkatreszek.com\/?post_type=product&#038;p=31857"},"modified":"2026-04-02T19:08:08","modified_gmt":"2026-04-02T18:08:08","slug":"quad-fekbetet-tao-bull-es-tao-hunter-200cc-quadokhoz-quad-alkatresz","status":"publish","type":"product","link":"https:\/\/quadalkatreszek.com\/en\/product\/quad-fekbetet-tao-bull-es-tao-hunter-200cc-quadokhoz-quad-alkatresz\/","title":{"rendered":"Quad f\u00e9kbet\u00e9t Tao Bull \u00e9s Tao Hunter 200cc quadokhoz \/ quad alkatr\u00e9sz"},"content":{"rendered":"<p>K\u00ednai quad f\u00e9kbet\u00e9t<\/p>\n<p>Tao Bull , Tao Hunter 200cc quad f\u00e9kbet\u00e9t \u00e9s<\/p>\n<p>Keeway Dragon 250ccm Kewway, GTX 300 modellekbe is beszerelhet\u0151<\/p>\n<p>Ha m\u00e1s f\u00e9kbet\u00e9tet szeretn\u00e9l, akkor <strong>\u00a0<a title=\"Kattints ide az \u00f6sszes f\u00e9kbet\u00e9t megjelen\u00edt\u00e9s\u00e9hez\" href=\"https:\/\/quadalkatreszek.com\/en\/product-category\/fekalkatreszek\/fekbetet-fekpofa\/\">Kattints ide az \u00f6sszes f\u00e9kbet\u00e9t megjelen\u00edt\u00e9s\u00e9hez<\/a> vagy haszn\u00e1ld a fenti keres\u0151mez\u0151t<\/strong><\/p>\n<p>Az \u00faj f\u00e9kbet\u00e9tekkel a f\u00e9kez\u00e9s gyorsabb, hat\u00e9konyabb \u00e9s biztons\u00e1gosabb lesz. Azonnali hat\u00e1st \u00e9rhetsz el a f\u00e9kbet\u00e9t cser\u00e9j\u00e9vel. A f\u00e9kbet\u00e9tek k\u00f6nnyen cser\u00e9lhet\u0151k, \u00e9s \u00e1ltal\u00e1ban hossz\u00fa \u00e9lettartam\u00faak, \u00edgy a befektet\u00e9sed megt\u00e9r\u00fcl.<\/p>\n<p>&nbsp;<\/p>\n<p>&#8211; &#8211; &#8211;<br \/>\n<!--kkod_start--><\/p>\n<div class=\"kkod-visible\">kkod:129<\/div>\n<p><!--kkod_end--><\/p>","protected":false},"excerpt":{"rendered":"<p>K\u00ednai quad f\u00e9kbet\u00e9t\u00a0 Tao Bull \u00e9s Tao Hunter 200cc quad f\u00e9kbet\u00e9t<\/p>\n<p>K\u00ednai quad f\u00e9kbet\u00e9t Keeway Dragon 250ccm Kewway, GTX 300 t\u00edpusokba is<\/p>","protected":false},"featured_media":43158,"comment_status":"open","ping_status":"closed","template":"","meta":[],"product_brand":[],"product_cat":[66],"product_tag":[],"class_list":{"0":"post-31857","1":"product","2":"type-product","3":"status-publish","4":"has-post-thumbnail","6":"product_cat-fekbetet-fekpofa","8":"first","9":"instock","10":"shipping-taxable","11":"purchasable","12":"product-type-simple"},"yoast_head":"<!-- This site is optimized with the Yoast SEO plugin v27.4 - https:\/\/yoast.com\/product\/yoast-seo-wordpress\/ -->\n<title>K\u00ednai quad f\u00e9kbet\u00e9t Tao Bull \u00e9s Tao Hunter 200 quad f\u00e9kbet\u00e9t<\/title>\n<meta name=\"description\" content=\"K\u00ednai quad f\u00e9kbet\u00e9t Tao Bull Tao Hunter 200cc quad f\u00e9kbet\u00e9t, Keeway Dragon 250ccm Kewway, GTX 300 modellekbe is beszerelhet\u0151. Magas min\u0151s\u00e9g, azonnali sz\u00e1ll\u00edt\u00e1s\" \/>\n<meta name=\"robots\" content=\"index, follow, max-snippet:-1, max-image-preview:large, max-video-preview:-1\" \/>\n<link rel=\"canonical\" href=\"https:\/\/quadalkatreszek.com\/en\/product\/quad-fekbetet-tao-bull-es-tao-hunter-200cc-quadokhoz-quad-alkatresz\/\" \/>\n<meta property=\"og:locale\" content=\"en_US\" \/>\n<meta property=\"og:type\" content=\"article\" \/>\n<meta property=\"og:title\" content=\"K\u00ednai quad f\u00e9kbet\u00e9t Tao Bull \u00e9s Tao Hunter 200 quad f\u00e9kbet\u00e9t\" \/>\n<meta property=\"og:description\" content=\"K\u00ednai quad f\u00e9kbet\u00e9t Tao Bull Tao Hunter 200cc quad f\u00e9kbet\u00e9t, Keeway Dragon 250ccm Kewway, GTX 300 modellekbe is beszerelhet\u0151. Magas min\u0151s\u00e9g, azonnali sz\u00e1ll\u00edt\u00e1s\" \/>\n<meta property=\"og:url\" content=\"https:\/\/quadalkatreszek.com\/en\/product\/quad-fekbetet-tao-bull-es-tao-hunter-200cc-quadokhoz-quad-alkatresz\/\" \/>\n<meta property=\"og:site_name\" content=\"quadalkatreszek.com\" \/>\n<meta property=\"article:modified_time\" content=\"2026-04-02T18:08:08+00:00\" \/>\n<meta property=\"og:image\" content=\"https:\/\/quadalkatreszek.com\/wp-content\/uploads\/2024\/07\/3989aa.jpg\" \/>\n\t<meta property=\"og:image:width\" content=\"778\" \/>\n\t<meta property=\"og:image:height\" content=\"588\" \/>\n\t<meta property=\"og:image:type\" content=\"image\/jpeg\" \/>\n<meta name=\"twitter:card\" content=\"summary_large_image\" \/>\n<meta name=\"twitter:label1\" content=\"Est. reading time\" \/>\n\t<meta name=\"twitter:data1\" content=\"1 minute\" \/>\n<script type=\"application\/ld+json\" class=\"yoast-schema-graph\">{\"@context\":\"https:\\\/\\\/schema.org\",\"@graph\":[{\"@type\":\"WebPage\",\"@id\":\"https:\\\/\\\/quadalkatreszek.com\\\/product\\\/quad-fekbetet-tao-bull-es-tao-hunter-200cc-quadokhoz-quad-alkatresz\\\/\",\"url\":\"https:\\\/\\\/quadalkatreszek.com\\\/product\\\/quad-fekbetet-tao-bull-es-tao-hunter-200cc-quadokhoz-quad-alkatresz\\\/\",\"name\":\"K\u00ednai quad f\u00e9kbet\u00e9t Tao Bull \u00e9s Tao Hunter 200 quad f\u00e9kbet\u00e9t\",\"isPartOf\":{\"@id\":\"https:\\\/\\\/quadalkatreszek.com\\\/#website\"},\"primaryImageOfPage\":{\"@id\":\"https:\\\/\\\/quadalkatreszek.com\\\/product\\\/quad-fekbetet-tao-bull-es-tao-hunter-200cc-quadokhoz-quad-alkatresz\\\/#primaryimage\"},\"image\":{\"@id\":\"https:\\\/\\\/quadalkatreszek.com\\\/product\\\/quad-fekbetet-tao-bull-es-tao-hunter-200cc-quadokhoz-quad-alkatresz\\\/#primaryimage\"},\"thumbnailUrl\":\"https:\\\/\\\/quadalkatreszek.com\\\/wp-content\\\/uploads\\\/2024\\\/07\\\/3989aa.jpg\",\"datePublished\":\"2023-01-23T14:12:53+00:00\",\"dateModified\":\"2026-04-02T18:08:08+00:00\",\"description\":\"K\u00ednai quad f\u00e9kbet\u00e9t Tao Bull Tao Hunter 200cc quad f\u00e9kbet\u00e9t, Keeway Dragon 250ccm Kewway, GTX 300 modellekbe is beszerelhet\u0151. Magas min\u0151s\u00e9g, azonnali sz\u00e1ll\u00edt\u00e1s\",\"breadcrumb\":{\"@id\":\"https:\\\/\\\/quadalkatreszek.com\\\/product\\\/quad-fekbetet-tao-bull-es-tao-hunter-200cc-quadokhoz-quad-alkatresz\\\/#breadcrumb\"},\"inLanguage\":\"en-US\",\"potentialAction\":[{\"@type\":\"ReadAction\",\"target\":[\"https:\\\/\\\/quadalkatreszek.com\\\/product\\\/quad-fekbetet-tao-bull-es-tao-hunter-200cc-quadokhoz-quad-alkatresz\\\/\"]}]},{\"@type\":\"ImageObject\",\"inLanguage\":\"en-US\",\"@id\":\"https:\\\/\\\/quadalkatreszek.com\\\/product\\\/quad-fekbetet-tao-bull-es-tao-hunter-200cc-quadokhoz-quad-alkatresz\\\/#primaryimage\",\"url\":\"https:\\\/\\\/quadalkatreszek.com\\\/wp-content\\\/uploads\\\/2024\\\/07\\\/3989aa.jpg\",\"contentUrl\":\"https:\\\/\\\/quadalkatreszek.com\\\/wp-content\\\/uploads\\\/2024\\\/07\\\/3989aa.jpg\",\"width\":778,\"height\":588,\"caption\":\"quad f\u00e9kbet\u00e9t\"},{\"@type\":\"BreadcrumbList\",\"@id\":\"https:\\\/\\\/quadalkatreszek.com\\\/product\\\/quad-fekbetet-tao-bull-es-tao-hunter-200cc-quadokhoz-quad-alkatresz\\\/#breadcrumb\",\"itemListElement\":[{\"@type\":\"ListItem\",\"position\":1,\"name\":\"Kezd\u0151lap\",\"item\":\"https:\\\/\\\/quadalkatreszek.com\\\/\"},{\"@type\":\"ListItem\",\"position\":2,\"name\":\"Shop\",\"item\":\"https:\\\/\\\/quadalkatreszek.com\\\/shop\\\/\"},{\"@type\":\"ListItem\",\"position\":3,\"name\":\"Quad f\u00e9kbet\u00e9t Tao Bull \u00e9s Tao Hunter 200cc quadokhoz \\\/ quad alkatr\u00e9sz\"}]},{\"@type\":\"WebSite\",\"@id\":\"https:\\\/\\\/quadalkatreszek.com\\\/#website\",\"url\":\"https:\\\/\\\/quadalkatreszek.com\\\/\",\"name\":\"quadalkatreszek.com\",\"description\":\"alkatr\u00e9szek - azonnal - rakt\u00e1rr\u00f3l\",\"publisher\":{\"@id\":\"https:\\\/\\\/quadalkatreszek.com\\\/#organization\"},\"potentialAction\":[{\"@type\":\"SearchAction\",\"target\":{\"@type\":\"EntryPoint\",\"urlTemplate\":\"https:\\\/\\\/quadalkatreszek.com\\\/?s={search_term_string}\"},\"query-input\":{\"@type\":\"PropertyValueSpecification\",\"valueRequired\":true,\"valueName\":\"search_term_string\"}}],\"inLanguage\":\"en-US\"},{\"@type\":\"Organization\",\"@id\":\"https:\\\/\\\/quadalkatreszek.com\\\/#organization\",\"name\":\"quadalkatreszek.com\",\"url\":\"https:\\\/\\\/quadalkatreszek.com\\\/\",\"logo\":{\"@type\":\"ImageObject\",\"inLanguage\":\"en-US\",\"@id\":\"https:\\\/\\\/quadalkatreszek.com\\\/#\\\/schema\\\/logo\\\/image\\\/\",\"url\":\"https:\\\/\\\/quadalkatreszek.com\\\/wp-content\\\/uploads\\\/2023\\\/01\\\/korlogo-2.png\",\"contentUrl\":\"https:\\\/\\\/quadalkatreszek.com\\\/wp-content\\\/uploads\\\/2023\\\/01\\\/korlogo-2.png\",\"width\":866,\"height\":866,\"caption\":\"quadalkatreszek.com\"},\"image\":{\"@id\":\"https:\\\/\\\/quadalkatreszek.com\\\/#\\\/schema\\\/logo\\\/image\\\/\"}}]}<\/script>\n<!-- \/ Yoast SEO plugin. -->","yoast_head_json":{"title":"K\u00ednai quad f\u00e9kbet\u00e9t Tao Bull \u00e9s Tao Hunter 200 quad f\u00e9kbet\u00e9t","description":"K\u00ednai quad f\u00e9kbet\u00e9t Tao Bull Tao Hunter 200cc quad f\u00e9kbet\u00e9t, Keeway Dragon 250ccm Kewway, GTX 300 modellekbe is beszerelhet\u0151. Magas min\u0151s\u00e9g, azonnali sz\u00e1ll\u00edt\u00e1s","robots":{"index":"index","follow":"follow","max-snippet":"max-snippet:-1","max-image-preview":"max-image-preview:large","max-video-preview":"max-video-preview:-1"},"canonical":"https:\/\/quadalkatreszek.com\/en\/product\/quad-fekbetet-tao-bull-es-tao-hunter-200cc-quadokhoz-quad-alkatresz\/","og_locale":"en_US","og_type":"article","og_title":"K\u00ednai quad f\u00e9kbet\u00e9t Tao Bull \u00e9s Tao Hunter 200 quad f\u00e9kbet\u00e9t","og_description":"K\u00ednai quad f\u00e9kbet\u00e9t Tao Bull Tao Hunter 200cc quad f\u00e9kbet\u00e9t, Keeway Dragon 250ccm Kewway, GTX 300 modellekbe is beszerelhet\u0151. Magas min\u0151s\u00e9g, azonnali sz\u00e1ll\u00edt\u00e1s","og_url":"https:\/\/quadalkatreszek.com\/en\/product\/quad-fekbetet-tao-bull-es-tao-hunter-200cc-quadokhoz-quad-alkatresz\/","og_site_name":"quadalkatreszek.com","article_modified_time":"2026-04-02T18:08:08+00:00","og_image":[{"width":778,"height":588,"url":"https:\/\/quadalkatreszek.com\/wp-content\/uploads\/2024\/07\/3989aa.jpg","type":"image\/jpeg"}],"twitter_card":"summary_large_image","twitter_misc":{"Est. reading time":"1 minute"},"schema":{"@context":"https:\/\/schema.org","@graph":[{"@type":"WebPage","@id":"https:\/\/quadalkatreszek.com\/product\/quad-fekbetet-tao-bull-es-tao-hunter-200cc-quadokhoz-quad-alkatresz\/","url":"https:\/\/quadalkatreszek.com\/product\/quad-fekbetet-tao-bull-es-tao-hunter-200cc-quadokhoz-quad-alkatresz\/","name":"K\u00ednai quad f\u00e9kbet\u00e9t Tao Bull \u00e9s Tao Hunter 200 quad f\u00e9kbet\u00e9t","isPartOf":{"@id":"https:\/\/quadalkatreszek.com\/#website"},"primaryImageOfPage":{"@id":"https:\/\/quadalkatreszek.com\/product\/quad-fekbetet-tao-bull-es-tao-hunter-200cc-quadokhoz-quad-alkatresz\/#primaryimage"},"image":{"@id":"https:\/\/quadalkatreszek.com\/product\/quad-fekbetet-tao-bull-es-tao-hunter-200cc-quadokhoz-quad-alkatresz\/#primaryimage"},"thumbnailUrl":"https:\/\/quadalkatreszek.com\/wp-content\/uploads\/2024\/07\/3989aa.jpg","datePublished":"2023-01-23T14:12:53+00:00","dateModified":"2026-04-02T18:08:08+00:00","description":"K\u00ednai quad f\u00e9kbet\u00e9t Tao Bull Tao Hunter 200cc quad f\u00e9kbet\u00e9t, Keeway Dragon 250ccm Kewway, GTX 300 modellekbe is beszerelhet\u0151. Magas min\u0151s\u00e9g, azonnali sz\u00e1ll\u00edt\u00e1s","breadcrumb":{"@id":"https:\/\/quadalkatreszek.com\/product\/quad-fekbetet-tao-bull-es-tao-hunter-200cc-quadokhoz-quad-alkatresz\/#breadcrumb"},"inLanguage":"en-US","potentialAction":[{"@type":"ReadAction","target":["https:\/\/quadalkatreszek.com\/product\/quad-fekbetet-tao-bull-es-tao-hunter-200cc-quadokhoz-quad-alkatresz\/"]}]},{"@type":"ImageObject","inLanguage":"en-US","@id":"https:\/\/quadalkatreszek.com\/product\/quad-fekbetet-tao-bull-es-tao-hunter-200cc-quadokhoz-quad-alkatresz\/#primaryimage","url":"https:\/\/quadalkatreszek.com\/wp-content\/uploads\/2024\/07\/3989aa.jpg","contentUrl":"https:\/\/quadalkatreszek.com\/wp-content\/uploads\/2024\/07\/3989aa.jpg","width":778,"height":588,"caption":"quad f\u00e9kbet\u00e9t"},{"@type":"BreadcrumbList","@id":"https:\/\/quadalkatreszek.com\/product\/quad-fekbetet-tao-bull-es-tao-hunter-200cc-quadokhoz-quad-alkatresz\/#breadcrumb","itemListElement":[{"@type":"ListItem","position":1,"name":"Kezd\u0151lap","item":"https:\/\/quadalkatreszek.com\/"},{"@type":"ListItem","position":2,"name":"Shop","item":"https:\/\/quadalkatreszek.com\/shop\/"},{"@type":"ListItem","position":3,"name":"Quad f\u00e9kbet\u00e9t Tao Bull \u00e9s Tao Hunter 200cc quadokhoz \/ quad alkatr\u00e9sz"}]},{"@type":"WebSite","@id":"https:\/\/quadalkatreszek.com\/#website","url":"https:\/\/quadalkatreszek.com\/","name":"quadalkatreszek.com","description":"alkatr\u00e9szek - azonnal - rakt\u00e1rr\u00f3l","publisher":{"@id":"https:\/\/quadalkatreszek.com\/#organization"},"potentialAction":[{"@type":"SearchAction","target":{"@type":"EntryPoint","urlTemplate":"https:\/\/quadalkatreszek.com\/?s={search_term_string}"},"query-input":{"@type":"PropertyValueSpecification","valueRequired":true,"valueName":"search_term_string"}}],"inLanguage":"en-US"},{"@type":"Organization","@id":"https:\/\/quadalkatreszek.com\/#organization","name":"quadalkatreszek.com","url":"https:\/\/quadalkatreszek.com\/","logo":{"@type":"ImageObject","inLanguage":"en-US","@id":"https:\/\/quadalkatreszek.com\/#\/schema\/logo\/image\/","url":"https:\/\/quadalkatreszek.com\/wp-content\/uploads\/2023\/01\/korlogo-2.png","contentUrl":"https:\/\/quadalkatreszek.com\/wp-content\/uploads\/2023\/01\/korlogo-2.png","width":866,"height":866,"caption":"quadalkatreszek.com"},"image":{"@id":"https:\/\/quadalkatreszek.com\/#\/schema\/logo\/image\/"}}]}},"_links":{"self":[{"href":"https:\/\/quadalkatreszek.com\/en\/wp-json\/wp\/v2\/product\/31857","targetHints":{"allow":["GET"]}}],"collection":[{"href":"https:\/\/quadalkatreszek.com\/en\/wp-json\/wp\/v2\/product"}],"about":[{"href":"https:\/\/quadalkatreszek.com\/en\/wp-json\/wp\/v2\/types\/product"}],"replies":[{"embeddable":true,"href":"https:\/\/quadalkatreszek.com\/en\/wp-json\/wp\/v2\/comments?post=31857"}],"wp:featuredmedia":[{"embeddable":true,"href":"https:\/\/quadalkatreszek.com\/en\/wp-json\/wp\/v2\/media\/43158"}],"wp:attachment":[{"href":"https:\/\/quadalkatreszek.com\/en\/wp-json\/wp\/v2\/media?parent=31857"}],"wp:term":[{"taxonomy":"product_brand","embeddable":true,"href":"https:\/\/quadalkatreszek.com\/en\/wp-json\/wp\/v2\/product_brand?post=31857"},{"taxonomy":"product_cat","embeddable":true,"href":"https:\/\/quadalkatreszek.com\/en\/wp-json\/wp\/v2\/product_cat?post=31857"},{"taxonomy":"product_tag","embeddable":true,"href":"https:\/\/quadalkatreszek.com\/en\/wp-json\/wp\/v2\/product_tag?post=31857"}],"curies":[{"name":"wp","href":"https:\/\/api.w.org\/{rel}","templated":true}]}}