{"id":31861,"date":"2023-01-23T15:18:38","date_gmt":"2023-01-23T14:18:38","guid":{"rendered":"https:\/\/quadalkatreszek.com\/?post_type=product&#038;p=31861"},"modified":"2025-06-27T08:13:33","modified_gmt":"2025-06-27T07:13:33","slug":"quad-fekbetet-125cc-tao-coyote-gyerek-quadhoz","status":"publish","type":"product","link":"https:\/\/quadalkatreszek.com\/en\/product\/quad-fekbetet-125cc-tao-coyote-gyerek-quadhoz\/","title":{"rendered":"quad f\u00e9kbet\u00e9t 125cc Tao coyote gyerek quadhoz"},"content":{"rendered":"<p>K\u00ednai quad f\u00e9kbet\u00e9t<\/p>\n<p>125cc Tao coyote gyerek quad quad f\u00e9kbet\u00e9t<\/p>\n<p>Tao Hunter \u00e9s Coyote gyerek quadokhoz 125cc f\u00e9kbet\u00e9t.<\/p>\n<p>Ezen k\u00edv\u00fcl sz\u00e1mos m\u00e1s gyerek quadba feln\u0151tt quadba\u00a0 \u00e9s Dirt bike, pitbike \u00e1s cross motorba is beszerelhet\u0151<\/p>\n<p>Ha m\u00e1s f\u00e9kbet\u00e9tet szeretn\u00e9l, akkor <strong>\u00a0<a title=\"Kattints ide az \u00f6sszes f\u00e9kbet\u00e9t megjelen\u00edt\u00e9s\u00e9hez\" href=\"https:\/\/quadalkatreszek.com\/en\/product-category\/fekalkatreszek\/fekbetet-fekpofa\/\">Kattints ide az \u00f6sszes f\u00e9kbet\u00e9t megjelen\u00edt\u00e9s\u00e9hez<\/a> vagy haszn\u00e1ld a fenti keres\u0151mez\u0151t<\/strong><\/p>\n<p>&#8211; &#8211; &#8211;<br \/>\n<!--kkod_start--><\/p>\n<div class=\"kkod-visible\">kkod:129<\/div>\n<p><!--kkod_end--><\/p>","protected":false},"excerpt":{"rendered":"<p>125cc Tao coyote gyerek quad quad f\u00e9kbet\u00e9t<\/p>\n<p>Hunter \u00e9s Coyote 125cc quad f\u00e9kbet\u00e9t<\/p>","protected":false},"featured_media":31862,"comment_status":"open","ping_status":"closed","template":"","meta":[],"product_brand":[],"product_cat":[66],"product_tag":[],"class_list":{"0":"post-31861","1":"product","2":"type-product","3":"status-publish","4":"has-post-thumbnail","6":"product_cat-fekbetet-fekpofa","8":"first","9":"instock","10":"shipping-taxable","11":"purchasable","12":"product-type-simple"},"yoast_head":"<!-- This site is optimized with the Yoast SEO plugin v27.5 - https:\/\/yoast.com\/product\/yoast-seo-wordpress\/ -->\n<title>K\u00ednai quad f\u00e9kbet\u00e9t 125cc Tao Coyote gyerek quad f\u00e9kbet\u00e9t,<\/title>\n<meta name=\"description\" content=\"K\u00ednai quad f\u00e9kbet\u00e9t Tao Hunter \u00e9s Coyote 125cc gyerek quad f\u00e9kbet\u00e9t. Sz\u00e1mos m\u00e1s gyerek quadhoz feln\u0151tt quadhoz, motorhoz f\u00e9kbet\u00e9tek azonnal rakt\u00e1rr\u00f3l\" \/>\n<meta name=\"robots\" content=\"index, follow, max-snippet:-1, max-image-preview:large, max-video-preview:-1\" \/>\n<link rel=\"canonical\" href=\"https:\/\/quadalkatreszek.com\/en\/product\/quad-fekbetet-125cc-tao-coyote-gyerek-quadhoz\/\" \/>\n<meta property=\"og:locale\" content=\"en_US\" \/>\n<meta property=\"og:type\" content=\"article\" \/>\n<meta property=\"og:title\" content=\"K\u00ednai quad f\u00e9kbet\u00e9t 125cc Tao Coyote gyerek quad f\u00e9kbet\u00e9t,\" \/>\n<meta property=\"og:description\" content=\"K\u00ednai quad f\u00e9kbet\u00e9t Tao Hunter \u00e9s Coyote 125cc gyerek quad f\u00e9kbet\u00e9t. Sz\u00e1mos m\u00e1s gyerek quadhoz feln\u0151tt quadhoz, motorhoz f\u00e9kbet\u00e9tek azonnal rakt\u00e1rr\u00f3l\" \/>\n<meta property=\"og:url\" content=\"https:\/\/quadalkatreszek.com\/en\/product\/quad-fekbetet-125cc-tao-coyote-gyerek-quadhoz\/\" \/>\n<meta property=\"og:site_name\" content=\"quadalkatreszek.com\" \/>\n<meta property=\"article:modified_time\" content=\"2025-06-27T07:13:33+00:00\" \/>\n<meta property=\"og:image\" content=\"https:\/\/quadalkatreszek.com\/wp-content\/uploads\/2023\/01\/cq1530a.jpg\" \/>\n\t<meta property=\"og:image:width\" content=\"1024\" \/>\n\t<meta property=\"og:image:height\" content=\"768\" \/>\n\t<meta property=\"og:image:type\" content=\"image\/jpeg\" \/>\n<meta name=\"twitter:card\" content=\"summary_large_image\" \/>\n<script type=\"application\/ld+json\" class=\"yoast-schema-graph\">{\"@context\":\"https:\\\/\\\/schema.org\",\"@graph\":[{\"@type\":\"WebPage\",\"@id\":\"https:\\\/\\\/quadalkatreszek.com\\\/product\\\/quad-fekbetet-125cc-tao-coyote-gyerek-quadhoz\\\/\",\"url\":\"https:\\\/\\\/quadalkatreszek.com\\\/product\\\/quad-fekbetet-125cc-tao-coyote-gyerek-quadhoz\\\/\",\"name\":\"K\u00ednai quad f\u00e9kbet\u00e9t 125cc Tao Coyote gyerek quad f\u00e9kbet\u00e9t,\",\"isPartOf\":{\"@id\":\"https:\\\/\\\/quadalkatreszek.com\\\/#website\"},\"primaryImageOfPage\":{\"@id\":\"https:\\\/\\\/quadalkatreszek.com\\\/product\\\/quad-fekbetet-125cc-tao-coyote-gyerek-quadhoz\\\/#primaryimage\"},\"image\":{\"@id\":\"https:\\\/\\\/quadalkatreszek.com\\\/product\\\/quad-fekbetet-125cc-tao-coyote-gyerek-quadhoz\\\/#primaryimage\"},\"thumbnailUrl\":\"https:\\\/\\\/quadalkatreszek.com\\\/wp-content\\\/uploads\\\/2023\\\/01\\\/cq1530a.jpg\",\"datePublished\":\"2023-01-23T14:18:38+00:00\",\"dateModified\":\"2025-06-27T07:13:33+00:00\",\"description\":\"K\u00ednai quad f\u00e9kbet\u00e9t Tao Hunter \u00e9s Coyote 125cc gyerek quad f\u00e9kbet\u00e9t. Sz\u00e1mos m\u00e1s gyerek quadhoz feln\u0151tt quadhoz, motorhoz f\u00e9kbet\u00e9tek azonnal rakt\u00e1rr\u00f3l\",\"breadcrumb\":{\"@id\":\"https:\\\/\\\/quadalkatreszek.com\\\/product\\\/quad-fekbetet-125cc-tao-coyote-gyerek-quadhoz\\\/#breadcrumb\"},\"inLanguage\":\"en-US\",\"potentialAction\":[{\"@type\":\"ReadAction\",\"target\":[\"https:\\\/\\\/quadalkatreszek.com\\\/product\\\/quad-fekbetet-125cc-tao-coyote-gyerek-quadhoz\\\/\"]}]},{\"@type\":\"ImageObject\",\"inLanguage\":\"en-US\",\"@id\":\"https:\\\/\\\/quadalkatreszek.com\\\/product\\\/quad-fekbetet-125cc-tao-coyote-gyerek-quadhoz\\\/#primaryimage\",\"url\":\"https:\\\/\\\/quadalkatreszek.com\\\/wp-content\\\/uploads\\\/2023\\\/01\\\/cq1530a.jpg\",\"contentUrl\":\"https:\\\/\\\/quadalkatreszek.com\\\/wp-content\\\/uploads\\\/2023\\\/01\\\/cq1530a.jpg\",\"width\":1024,\"height\":768,\"caption\":\"quad f\u00e9kbet\u00e9t 125cc Tao coyote gyerek quadhoz\"},{\"@type\":\"BreadcrumbList\",\"@id\":\"https:\\\/\\\/quadalkatreszek.com\\\/product\\\/quad-fekbetet-125cc-tao-coyote-gyerek-quadhoz\\\/#breadcrumb\",\"itemListElement\":[{\"@type\":\"ListItem\",\"position\":1,\"name\":\"Kezd\u0151lap\",\"item\":\"https:\\\/\\\/quadalkatreszek.com\\\/\"},{\"@type\":\"ListItem\",\"position\":2,\"name\":\"Shop\",\"item\":\"https:\\\/\\\/quadalkatreszek.com\\\/shop\\\/\"},{\"@type\":\"ListItem\",\"position\":3,\"name\":\"quad f\u00e9kbet\u00e9t 125cc Tao coyote gyerek quadhoz\"}]},{\"@type\":\"WebSite\",\"@id\":\"https:\\\/\\\/quadalkatreszek.com\\\/#website\",\"url\":\"https:\\\/\\\/quadalkatreszek.com\\\/\",\"name\":\"quadalkatreszek.com\",\"description\":\"alkatr\u00e9szek - azonnal - rakt\u00e1rr\u00f3l\",\"publisher\":{\"@id\":\"https:\\\/\\\/quadalkatreszek.com\\\/#organization\"},\"potentialAction\":[{\"@type\":\"SearchAction\",\"target\":{\"@type\":\"EntryPoint\",\"urlTemplate\":\"https:\\\/\\\/quadalkatreszek.com\\\/?s={search_term_string}\"},\"query-input\":{\"@type\":\"PropertyValueSpecification\",\"valueRequired\":true,\"valueName\":\"search_term_string\"}}],\"inLanguage\":\"en-US\"},{\"@type\":\"Organization\",\"@id\":\"https:\\\/\\\/quadalkatreszek.com\\\/#organization\",\"name\":\"quadalkatreszek.com\",\"url\":\"https:\\\/\\\/quadalkatreszek.com\\\/\",\"logo\":{\"@type\":\"ImageObject\",\"inLanguage\":\"en-US\",\"@id\":\"https:\\\/\\\/quadalkatreszek.com\\\/#\\\/schema\\\/logo\\\/image\\\/\",\"url\":\"https:\\\/\\\/quadalkatreszek.com\\\/wp-content\\\/uploads\\\/2023\\\/01\\\/korlogo-2.png\",\"contentUrl\":\"https:\\\/\\\/quadalkatreszek.com\\\/wp-content\\\/uploads\\\/2023\\\/01\\\/korlogo-2.png\",\"width\":866,\"height\":866,\"caption\":\"quadalkatreszek.com\"},\"image\":{\"@id\":\"https:\\\/\\\/quadalkatreszek.com\\\/#\\\/schema\\\/logo\\\/image\\\/\"}}]}<\/script>\n<!-- \/ Yoast SEO plugin. -->","yoast_head_json":{"title":"K\u00ednai quad f\u00e9kbet\u00e9t 125cc Tao Coyote gyerek quad f\u00e9kbet\u00e9t,","description":"K\u00ednai quad f\u00e9kbet\u00e9t Tao Hunter \u00e9s Coyote 125cc gyerek quad f\u00e9kbet\u00e9t. Sz\u00e1mos m\u00e1s gyerek quadhoz feln\u0151tt quadhoz, motorhoz f\u00e9kbet\u00e9tek azonnal rakt\u00e1rr\u00f3l","robots":{"index":"index","follow":"follow","max-snippet":"max-snippet:-1","max-image-preview":"max-image-preview:large","max-video-preview":"max-video-preview:-1"},"canonical":"https:\/\/quadalkatreszek.com\/en\/product\/quad-fekbetet-125cc-tao-coyote-gyerek-quadhoz\/","og_locale":"en_US","og_type":"article","og_title":"K\u00ednai quad f\u00e9kbet\u00e9t 125cc Tao Coyote gyerek quad f\u00e9kbet\u00e9t,","og_description":"K\u00ednai quad f\u00e9kbet\u00e9t Tao Hunter \u00e9s Coyote 125cc gyerek quad f\u00e9kbet\u00e9t. Sz\u00e1mos m\u00e1s gyerek quadhoz feln\u0151tt quadhoz, motorhoz f\u00e9kbet\u00e9tek azonnal rakt\u00e1rr\u00f3l","og_url":"https:\/\/quadalkatreszek.com\/en\/product\/quad-fekbetet-125cc-tao-coyote-gyerek-quadhoz\/","og_site_name":"quadalkatreszek.com","article_modified_time":"2025-06-27T07:13:33+00:00","og_image":[{"width":1024,"height":768,"url":"https:\/\/quadalkatreszek.com\/wp-content\/uploads\/2023\/01\/cq1530a.jpg","type":"image\/jpeg"}],"twitter_card":"summary_large_image","schema":{"@context":"https:\/\/schema.org","@graph":[{"@type":"WebPage","@id":"https:\/\/quadalkatreszek.com\/product\/quad-fekbetet-125cc-tao-coyote-gyerek-quadhoz\/","url":"https:\/\/quadalkatreszek.com\/product\/quad-fekbetet-125cc-tao-coyote-gyerek-quadhoz\/","name":"K\u00ednai quad f\u00e9kbet\u00e9t 125cc Tao Coyote gyerek quad f\u00e9kbet\u00e9t,","isPartOf":{"@id":"https:\/\/quadalkatreszek.com\/#website"},"primaryImageOfPage":{"@id":"https:\/\/quadalkatreszek.com\/product\/quad-fekbetet-125cc-tao-coyote-gyerek-quadhoz\/#primaryimage"},"image":{"@id":"https:\/\/quadalkatreszek.com\/product\/quad-fekbetet-125cc-tao-coyote-gyerek-quadhoz\/#primaryimage"},"thumbnailUrl":"https:\/\/quadalkatreszek.com\/wp-content\/uploads\/2023\/01\/cq1530a.jpg","datePublished":"2023-01-23T14:18:38+00:00","dateModified":"2025-06-27T07:13:33+00:00","description":"K\u00ednai quad f\u00e9kbet\u00e9t Tao Hunter \u00e9s Coyote 125cc gyerek quad f\u00e9kbet\u00e9t. Sz\u00e1mos m\u00e1s gyerek quadhoz feln\u0151tt quadhoz, motorhoz f\u00e9kbet\u00e9tek azonnal rakt\u00e1rr\u00f3l","breadcrumb":{"@id":"https:\/\/quadalkatreszek.com\/product\/quad-fekbetet-125cc-tao-coyote-gyerek-quadhoz\/#breadcrumb"},"inLanguage":"en-US","potentialAction":[{"@type":"ReadAction","target":["https:\/\/quadalkatreszek.com\/product\/quad-fekbetet-125cc-tao-coyote-gyerek-quadhoz\/"]}]},{"@type":"ImageObject","inLanguage":"en-US","@id":"https:\/\/quadalkatreszek.com\/product\/quad-fekbetet-125cc-tao-coyote-gyerek-quadhoz\/#primaryimage","url":"https:\/\/quadalkatreszek.com\/wp-content\/uploads\/2023\/01\/cq1530a.jpg","contentUrl":"https:\/\/quadalkatreszek.com\/wp-content\/uploads\/2023\/01\/cq1530a.jpg","width":1024,"height":768,"caption":"quad f\u00e9kbet\u00e9t 125cc Tao coyote gyerek quadhoz"},{"@type":"BreadcrumbList","@id":"https:\/\/quadalkatreszek.com\/product\/quad-fekbetet-125cc-tao-coyote-gyerek-quadhoz\/#breadcrumb","itemListElement":[{"@type":"ListItem","position":1,"name":"Kezd\u0151lap","item":"https:\/\/quadalkatreszek.com\/"},{"@type":"ListItem","position":2,"name":"Shop","item":"https:\/\/quadalkatreszek.com\/shop\/"},{"@type":"ListItem","position":3,"name":"quad f\u00e9kbet\u00e9t 125cc Tao coyote gyerek quadhoz"}]},{"@type":"WebSite","@id":"https:\/\/quadalkatreszek.com\/#website","url":"https:\/\/quadalkatreszek.com\/","name":"quadalkatreszek.com","description":"alkatr\u00e9szek - azonnal - rakt\u00e1rr\u00f3l","publisher":{"@id":"https:\/\/quadalkatreszek.com\/#organization"},"potentialAction":[{"@type":"SearchAction","target":{"@type":"EntryPoint","urlTemplate":"https:\/\/quadalkatreszek.com\/?s={search_term_string}"},"query-input":{"@type":"PropertyValueSpecification","valueRequired":true,"valueName":"search_term_string"}}],"inLanguage":"en-US"},{"@type":"Organization","@id":"https:\/\/quadalkatreszek.com\/#organization","name":"quadalkatreszek.com","url":"https:\/\/quadalkatreszek.com\/","logo":{"@type":"ImageObject","inLanguage":"en-US","@id":"https:\/\/quadalkatreszek.com\/#\/schema\/logo\/image\/","url":"https:\/\/quadalkatreszek.com\/wp-content\/uploads\/2023\/01\/korlogo-2.png","contentUrl":"https:\/\/quadalkatreszek.com\/wp-content\/uploads\/2023\/01\/korlogo-2.png","width":866,"height":866,"caption":"quadalkatreszek.com"},"image":{"@id":"https:\/\/quadalkatreszek.com\/#\/schema\/logo\/image\/"}}]}},"_links":{"self":[{"href":"https:\/\/quadalkatreszek.com\/en\/wp-json\/wp\/v2\/product\/31861","targetHints":{"allow":["GET"]}}],"collection":[{"href":"https:\/\/quadalkatreszek.com\/en\/wp-json\/wp\/v2\/product"}],"about":[{"href":"https:\/\/quadalkatreszek.com\/en\/wp-json\/wp\/v2\/types\/product"}],"replies":[{"embeddable":true,"href":"https:\/\/quadalkatreszek.com\/en\/wp-json\/wp\/v2\/comments?post=31861"}],"wp:featuredmedia":[{"embeddable":true,"href":"https:\/\/quadalkatreszek.com\/en\/wp-json\/wp\/v2\/media\/31862"}],"wp:attachment":[{"href":"https:\/\/quadalkatreszek.com\/en\/wp-json\/wp\/v2\/media?parent=31861"}],"wp:term":[{"taxonomy":"product_brand","embeddable":true,"href":"https:\/\/quadalkatreszek.com\/en\/wp-json\/wp\/v2\/product_brand?post=31861"},{"taxonomy":"product_cat","embeddable":true,"href":"https:\/\/quadalkatreszek.com\/en\/wp-json\/wp\/v2\/product_cat?post=31861"},{"taxonomy":"product_tag","embeddable":true,"href":"https:\/\/quadalkatreszek.com\/en\/wp-json\/wp\/v2\/product_tag?post=31861"}],"curies":[{"name":"wp","href":"https:\/\/api.w.org\/{rel}","templated":true}]}}