{"id":31863,"date":"2023-01-23T16:29:13","date_gmt":"2023-01-23T15:29:13","guid":{"rendered":"https:\/\/quadalkatreszek.com\/?post_type=product&#038;p=31863"},"modified":"2026-03-08T14:29:32","modified_gmt":"2026-03-08T13:29:32","slug":"quad-elso-fekbetet-cf-moto-450-520-550-800","status":"publish","type":"product","link":"https:\/\/quadalkatreszek.com\/en\/product\/quad-elso-fekbetet-cf-moto-450-520-550-800\/","title":{"rendered":"quad els\u0151 f\u00e9kbet\u00e9t CF Moto  450 \/520 \/ 550 \/ 800"},"content":{"rendered":"<p>k\u00ednai quad els\u0151 f\u00e9kbet\u00e9t<\/p>\n<p>CF Moto 450cc \/ 520cc \/ 550cc\/ 800cc quad els\u0151 f\u00e9kbet\u00e9t.<\/p>\n<p>Egy\u00e9b t\u00edpusokba is beszerelhet\u0151: Keeway Dragon 250ccm quad,\u00a0 Kewway, GTX 300,<br \/>\n\u00e9s Tao Braves 200 , Hunter200,\u00a0 Bull 200cc fen\u0151tt quad \u00e9s n\u00e9h\u00e1ny 125ccm gyerek quad is ezzel van szerelve.<\/p>\n<p>Ha nem vagy biztos a m\u00e9retekkel kapcsolatban, szak\u00e9rt\u0151 koll\u00e9g\u00e1nk sz\u00edvesen seg\u00edt telefonon vagy e-mailben is.<\/p>\n<p>Ha m\u00e1s f\u00e9kbet\u00e9tet szeretn\u00e9l, akkor <strong>\u00a0<a title=\"Kattints ide az \u00f6sszes f\u00e9kbet\u00e9t megjelen\u00edt\u00e9s\u00e9hez\" href=\"https:\/\/quadalkatreszek.com\/en\/product-category\/fekalkatreszek\/fekbetet-fekpofa\/\">Kattints ide az \u00f6sszes f\u00e9kbet\u00e9t megjelen\u00edt\u00e9s\u00e9hez<\/a> vagy haszn\u00e1ld a fenti keres\u0151mez\u0151t<\/strong><\/p>\n<p>Az \u00faj f\u00e9kbet\u00e9tekkel a f\u00e9kez\u00e9s gyorsabb, hat\u00e9konyabb \u00e9s biztons\u00e1gosabb lesz. Azonnali hat\u00e1st \u00e9rhetsz el a f\u00e9kbet\u00e9t cser\u00e9j\u00e9vel. A f\u00e9kbet\u00e9tek k\u00f6nnyen cser\u00e9lhet\u0151k, \u00e9s \u00e1ltal\u00e1ban hossz\u00fa \u00e9lettartam\u00faak, \u00edgy a befektet\u00e9sed megt\u00e9r\u00fcl.<\/p>\n<div class=\"entry-content\">\n<p>A mi f\u00e9kbet\u00e9teink kiv\u00e1l\u00f3 min\u0151s\u00e9g\u0171ek, \u00e9s sz\u00e1mos k\u00fcl\u00f6nb\u00f6z\u0151 t\u00edpus\u00fa quad motorhoz kaphat\u00f3ak. Garant\u00e1ljuk, hogy a mi f\u00e9kbet\u00e9teinkkel n\u00f6velni fogod a quad motorod f\u00e9khat\u00e1s\u00e1t \u00e9s cs\u00f6kkenteni fogod a f\u00e9kt\u00e1rcsa kop\u00e1s\u00e1t. Ne hagyd, hogy rossz f\u00e9kbet\u00e9tek vesz\u00e9lyeztess\u00e9k az \u00e9letedet, cser\u00e9ld ki \u0151ket min\u00e9l hamarabb!<\/p>\n<p>N\u00e1lunk a rendelt term\u00e9keket nagyon kedvez\u0151 \u00e1ron 24-48 \u00f3r\u00e1n bel\u00fcl eljuttatjuk a c\u00edmedre, de telephellyel is rendelkez\u00fcnk \u00edgy szem\u00e9lyesen is megv\u00e1s\u00e1rolhat\u00f3k term\u00e9keink, a budapesti rakt\u00e1runkba.<\/p>\n<p>Ha v\u00e9letlen\u00fcl rossz m\u00e9ret\u0171 alkatr\u00e9szt rendelsz, n\u00e1lunk 30 napig visszak\u00fcldheted \u00e9s visszaadjuk az \u00e1r\u00e1t, vagy lev\u00e1s\u00e1rolhatod.<\/p>\n<p>k\u00ednai quad els\u0151 f\u00e9kbet\u00e9t<\/p>\n<\/div>\n<p>&#8211; &#8211; &#8211;<br \/>\n<!--kkod_start--><\/p>\n<div class=\"kkod-visible\">kkod:129<\/div>\n<p><!--kkod_end--><\/p>","protected":false},"excerpt":{"rendered":"<p>CF Moto 450 \/520 \/ 550 \/ 800 quad els\u0151 f\u00e9kbet\u00e9t<\/p>","protected":false},"featured_media":31864,"comment_status":"open","ping_status":"closed","template":"","meta":[],"product_brand":[],"product_cat":[66],"product_tag":[],"class_list":{"0":"post-31863","1":"product","2":"type-product","3":"status-publish","4":"has-post-thumbnail","6":"product_cat-fekbetet-fekpofa","8":"first","9":"instock","10":"shipping-taxable","11":"purchasable","12":"product-type-simple"},"yoast_head":"<!-- This site is optimized with the Yoast SEO plugin v27.5 - https:\/\/yoast.com\/product\/yoast-seo-wordpress\/ -->\n<title>K\u00ednai quad els\u0151 f\u00e9kbet\u00e9t CF Moto 450 \/520 \/ 550 \/ 800 quadokhoz.<\/title>\n<meta name=\"description\" content=\"K\u00ednai quad els\u0151 f\u00e9kbet\u00e9t CF Moto 450 \/520 \/ 550 \/ 800 quadokhoz,ezen k\u00edv\u00fcl sz\u00e1mos k\u00ednai modellhez is tal\u00e1lsz n\u00e1lunk f\u00e9kbet\u00e9teket kedvez\u0151 \u00e1ron,\" \/>\n<meta name=\"robots\" content=\"index, follow, max-snippet:-1, max-image-preview:large, max-video-preview:-1\" \/>\n<link rel=\"canonical\" href=\"https:\/\/quadalkatreszek.com\/en\/product\/quad-elso-fekbetet-cf-moto-450-520-550-800\/\" \/>\n<meta property=\"og:locale\" content=\"en_US\" \/>\n<meta property=\"og:type\" content=\"article\" \/>\n<meta property=\"og:title\" content=\"K\u00ednai quad els\u0151 f\u00e9kbet\u00e9t CF Moto 450 \/520 \/ 550 \/ 800 quadokhoz.\" \/>\n<meta property=\"og:description\" content=\"K\u00ednai quad els\u0151 f\u00e9kbet\u00e9t CF Moto 450 \/520 \/ 550 \/ 800 quadokhoz,ezen k\u00edv\u00fcl sz\u00e1mos k\u00ednai modellhez is tal\u00e1lsz n\u00e1lunk f\u00e9kbet\u00e9teket kedvez\u0151 \u00e1ron,\" \/>\n<meta property=\"og:url\" content=\"https:\/\/quadalkatreszek.com\/en\/product\/quad-elso-fekbetet-cf-moto-450-520-550-800\/\" \/>\n<meta property=\"og:site_name\" content=\"quadalkatreszek.com\" \/>\n<meta property=\"article:modified_time\" content=\"2026-03-08T13:29:32+00:00\" \/>\n<meta property=\"og:image\" content=\"https:\/\/quadalkatreszek.com\/wp-content\/uploads\/2023\/01\/3989o.jpg\" \/>\n\t<meta property=\"og:image:width\" content=\"1024\" \/>\n\t<meta property=\"og:image:height\" content=\"768\" \/>\n\t<meta property=\"og:image:type\" content=\"image\/jpeg\" \/>\n<meta name=\"twitter:card\" content=\"summary_large_image\" \/>\n<meta name=\"twitter:label1\" content=\"Est. reading time\" \/>\n\t<meta name=\"twitter:data1\" content=\"1 minute\" \/>\n<script type=\"application\/ld+json\" class=\"yoast-schema-graph\">{\"@context\":\"https:\\\/\\\/schema.org\",\"@graph\":[{\"@type\":\"WebPage\",\"@id\":\"https:\\\/\\\/quadalkatreszek.com\\\/product\\\/quad-elso-fekbetet-cf-moto-450-520-550-800\\\/\",\"url\":\"https:\\\/\\\/quadalkatreszek.com\\\/product\\\/quad-elso-fekbetet-cf-moto-450-520-550-800\\\/\",\"name\":\"K\u00ednai quad els\u0151 f\u00e9kbet\u00e9t CF Moto 450 \\\/520 \\\/ 550 \\\/ 800 quadokhoz.\",\"isPartOf\":{\"@id\":\"https:\\\/\\\/quadalkatreszek.com\\\/#website\"},\"primaryImageOfPage\":{\"@id\":\"https:\\\/\\\/quadalkatreszek.com\\\/product\\\/quad-elso-fekbetet-cf-moto-450-520-550-800\\\/#primaryimage\"},\"image\":{\"@id\":\"https:\\\/\\\/quadalkatreszek.com\\\/product\\\/quad-elso-fekbetet-cf-moto-450-520-550-800\\\/#primaryimage\"},\"thumbnailUrl\":\"https:\\\/\\\/quadalkatreszek.com\\\/wp-content\\\/uploads\\\/2023\\\/01\\\/3989o.jpg\",\"datePublished\":\"2023-01-23T15:29:13+00:00\",\"dateModified\":\"2026-03-08T13:29:32+00:00\",\"description\":\"K\u00ednai quad els\u0151 f\u00e9kbet\u00e9t CF Moto 450 \\\/520 \\\/ 550 \\\/ 800 quadokhoz,ezen k\u00edv\u00fcl sz\u00e1mos k\u00ednai modellhez is tal\u00e1lsz n\u00e1lunk f\u00e9kbet\u00e9teket kedvez\u0151 \u00e1ron,\",\"breadcrumb\":{\"@id\":\"https:\\\/\\\/quadalkatreszek.com\\\/product\\\/quad-elso-fekbetet-cf-moto-450-520-550-800\\\/#breadcrumb\"},\"inLanguage\":\"en-US\",\"potentialAction\":[{\"@type\":\"ReadAction\",\"target\":[\"https:\\\/\\\/quadalkatreszek.com\\\/product\\\/quad-elso-fekbetet-cf-moto-450-520-550-800\\\/\"]}]},{\"@type\":\"ImageObject\",\"inLanguage\":\"en-US\",\"@id\":\"https:\\\/\\\/quadalkatreszek.com\\\/product\\\/quad-elso-fekbetet-cf-moto-450-520-550-800\\\/#primaryimage\",\"url\":\"https:\\\/\\\/quadalkatreszek.com\\\/wp-content\\\/uploads\\\/2023\\\/01\\\/3989o.jpg\",\"contentUrl\":\"https:\\\/\\\/quadalkatreszek.com\\\/wp-content\\\/uploads\\\/2023\\\/01\\\/3989o.jpg\",\"width\":1024,\"height\":768,\"caption\":\"quad els\u0151 f\u00e9kbet\u00e9t CF Moto\"},{\"@type\":\"BreadcrumbList\",\"@id\":\"https:\\\/\\\/quadalkatreszek.com\\\/product\\\/quad-elso-fekbetet-cf-moto-450-520-550-800\\\/#breadcrumb\",\"itemListElement\":[{\"@type\":\"ListItem\",\"position\":1,\"name\":\"Kezd\u0151lap\",\"item\":\"https:\\\/\\\/quadalkatreszek.com\\\/\"},{\"@type\":\"ListItem\",\"position\":2,\"name\":\"Shop\",\"item\":\"https:\\\/\\\/quadalkatreszek.com\\\/shop\\\/\"},{\"@type\":\"ListItem\",\"position\":3,\"name\":\"quad els\u0151 f\u00e9kbet\u00e9t CF Moto 450 \\\/520 \\\/ 550 \\\/ 800\"}]},{\"@type\":\"WebSite\",\"@id\":\"https:\\\/\\\/quadalkatreszek.com\\\/#website\",\"url\":\"https:\\\/\\\/quadalkatreszek.com\\\/\",\"name\":\"quadalkatreszek.com\",\"description\":\"alkatr\u00e9szek - azonnal - rakt\u00e1rr\u00f3l\",\"publisher\":{\"@id\":\"https:\\\/\\\/quadalkatreszek.com\\\/#organization\"},\"potentialAction\":[{\"@type\":\"SearchAction\",\"target\":{\"@type\":\"EntryPoint\",\"urlTemplate\":\"https:\\\/\\\/quadalkatreszek.com\\\/?s={search_term_string}\"},\"query-input\":{\"@type\":\"PropertyValueSpecification\",\"valueRequired\":true,\"valueName\":\"search_term_string\"}}],\"inLanguage\":\"en-US\"},{\"@type\":\"Organization\",\"@id\":\"https:\\\/\\\/quadalkatreszek.com\\\/#organization\",\"name\":\"quadalkatreszek.com\",\"url\":\"https:\\\/\\\/quadalkatreszek.com\\\/\",\"logo\":{\"@type\":\"ImageObject\",\"inLanguage\":\"en-US\",\"@id\":\"https:\\\/\\\/quadalkatreszek.com\\\/#\\\/schema\\\/logo\\\/image\\\/\",\"url\":\"https:\\\/\\\/quadalkatreszek.com\\\/wp-content\\\/uploads\\\/2023\\\/01\\\/korlogo-2.png\",\"contentUrl\":\"https:\\\/\\\/quadalkatreszek.com\\\/wp-content\\\/uploads\\\/2023\\\/01\\\/korlogo-2.png\",\"width\":866,\"height\":866,\"caption\":\"quadalkatreszek.com\"},\"image\":{\"@id\":\"https:\\\/\\\/quadalkatreszek.com\\\/#\\\/schema\\\/logo\\\/image\\\/\"}}]}<\/script>\n<!-- \/ Yoast SEO plugin. -->","yoast_head_json":{"title":"K\u00ednai quad els\u0151 f\u00e9kbet\u00e9t CF Moto 450 \/520 \/ 550 \/ 800 quadokhoz.","description":"K\u00ednai quad els\u0151 f\u00e9kbet\u00e9t CF Moto 450 \/520 \/ 550 \/ 800 quadokhoz,ezen k\u00edv\u00fcl sz\u00e1mos k\u00ednai modellhez is tal\u00e1lsz n\u00e1lunk f\u00e9kbet\u00e9teket kedvez\u0151 \u00e1ron,","robots":{"index":"index","follow":"follow","max-snippet":"max-snippet:-1","max-image-preview":"max-image-preview:large","max-video-preview":"max-video-preview:-1"},"canonical":"https:\/\/quadalkatreszek.com\/en\/product\/quad-elso-fekbetet-cf-moto-450-520-550-800\/","og_locale":"en_US","og_type":"article","og_title":"K\u00ednai quad els\u0151 f\u00e9kbet\u00e9t CF Moto 450 \/520 \/ 550 \/ 800 quadokhoz.","og_description":"K\u00ednai quad els\u0151 f\u00e9kbet\u00e9t CF Moto 450 \/520 \/ 550 \/ 800 quadokhoz,ezen k\u00edv\u00fcl sz\u00e1mos k\u00ednai modellhez is tal\u00e1lsz n\u00e1lunk f\u00e9kbet\u00e9teket kedvez\u0151 \u00e1ron,","og_url":"https:\/\/quadalkatreszek.com\/en\/product\/quad-elso-fekbetet-cf-moto-450-520-550-800\/","og_site_name":"quadalkatreszek.com","article_modified_time":"2026-03-08T13:29:32+00:00","og_image":[{"width":1024,"height":768,"url":"https:\/\/quadalkatreszek.com\/wp-content\/uploads\/2023\/01\/3989o.jpg","type":"image\/jpeg"}],"twitter_card":"summary_large_image","twitter_misc":{"Est. reading time":"1 minute"},"schema":{"@context":"https:\/\/schema.org","@graph":[{"@type":"WebPage","@id":"https:\/\/quadalkatreszek.com\/product\/quad-elso-fekbetet-cf-moto-450-520-550-800\/","url":"https:\/\/quadalkatreszek.com\/product\/quad-elso-fekbetet-cf-moto-450-520-550-800\/","name":"K\u00ednai quad els\u0151 f\u00e9kbet\u00e9t CF Moto 450 \/520 \/ 550 \/ 800 quadokhoz.","isPartOf":{"@id":"https:\/\/quadalkatreszek.com\/#website"},"primaryImageOfPage":{"@id":"https:\/\/quadalkatreszek.com\/product\/quad-elso-fekbetet-cf-moto-450-520-550-800\/#primaryimage"},"image":{"@id":"https:\/\/quadalkatreszek.com\/product\/quad-elso-fekbetet-cf-moto-450-520-550-800\/#primaryimage"},"thumbnailUrl":"https:\/\/quadalkatreszek.com\/wp-content\/uploads\/2023\/01\/3989o.jpg","datePublished":"2023-01-23T15:29:13+00:00","dateModified":"2026-03-08T13:29:32+00:00","description":"K\u00ednai quad els\u0151 f\u00e9kbet\u00e9t CF Moto 450 \/520 \/ 550 \/ 800 quadokhoz,ezen k\u00edv\u00fcl sz\u00e1mos k\u00ednai modellhez is tal\u00e1lsz n\u00e1lunk f\u00e9kbet\u00e9teket kedvez\u0151 \u00e1ron,","breadcrumb":{"@id":"https:\/\/quadalkatreszek.com\/product\/quad-elso-fekbetet-cf-moto-450-520-550-800\/#breadcrumb"},"inLanguage":"en-US","potentialAction":[{"@type":"ReadAction","target":["https:\/\/quadalkatreszek.com\/product\/quad-elso-fekbetet-cf-moto-450-520-550-800\/"]}]},{"@type":"ImageObject","inLanguage":"en-US","@id":"https:\/\/quadalkatreszek.com\/product\/quad-elso-fekbetet-cf-moto-450-520-550-800\/#primaryimage","url":"https:\/\/quadalkatreszek.com\/wp-content\/uploads\/2023\/01\/3989o.jpg","contentUrl":"https:\/\/quadalkatreszek.com\/wp-content\/uploads\/2023\/01\/3989o.jpg","width":1024,"height":768,"caption":"quad els\u0151 f\u00e9kbet\u00e9t CF Moto"},{"@type":"BreadcrumbList","@id":"https:\/\/quadalkatreszek.com\/product\/quad-elso-fekbetet-cf-moto-450-520-550-800\/#breadcrumb","itemListElement":[{"@type":"ListItem","position":1,"name":"Kezd\u0151lap","item":"https:\/\/quadalkatreszek.com\/"},{"@type":"ListItem","position":2,"name":"Shop","item":"https:\/\/quadalkatreszek.com\/shop\/"},{"@type":"ListItem","position":3,"name":"quad els\u0151 f\u00e9kbet\u00e9t CF Moto 450 \/520 \/ 550 \/ 800"}]},{"@type":"WebSite","@id":"https:\/\/quadalkatreszek.com\/#website","url":"https:\/\/quadalkatreszek.com\/","name":"quadalkatreszek.com","description":"alkatr\u00e9szek - azonnal - rakt\u00e1rr\u00f3l","publisher":{"@id":"https:\/\/quadalkatreszek.com\/#organization"},"potentialAction":[{"@type":"SearchAction","target":{"@type":"EntryPoint","urlTemplate":"https:\/\/quadalkatreszek.com\/?s={search_term_string}"},"query-input":{"@type":"PropertyValueSpecification","valueRequired":true,"valueName":"search_term_string"}}],"inLanguage":"en-US"},{"@type":"Organization","@id":"https:\/\/quadalkatreszek.com\/#organization","name":"quadalkatreszek.com","url":"https:\/\/quadalkatreszek.com\/","logo":{"@type":"ImageObject","inLanguage":"en-US","@id":"https:\/\/quadalkatreszek.com\/#\/schema\/logo\/image\/","url":"https:\/\/quadalkatreszek.com\/wp-content\/uploads\/2023\/01\/korlogo-2.png","contentUrl":"https:\/\/quadalkatreszek.com\/wp-content\/uploads\/2023\/01\/korlogo-2.png","width":866,"height":866,"caption":"quadalkatreszek.com"},"image":{"@id":"https:\/\/quadalkatreszek.com\/#\/schema\/logo\/image\/"}}]}},"_links":{"self":[{"href":"https:\/\/quadalkatreszek.com\/en\/wp-json\/wp\/v2\/product\/31863","targetHints":{"allow":["GET"]}}],"collection":[{"href":"https:\/\/quadalkatreszek.com\/en\/wp-json\/wp\/v2\/product"}],"about":[{"href":"https:\/\/quadalkatreszek.com\/en\/wp-json\/wp\/v2\/types\/product"}],"replies":[{"embeddable":true,"href":"https:\/\/quadalkatreszek.com\/en\/wp-json\/wp\/v2\/comments?post=31863"}],"wp:featuredmedia":[{"embeddable":true,"href":"https:\/\/quadalkatreszek.com\/en\/wp-json\/wp\/v2\/media\/31864"}],"wp:attachment":[{"href":"https:\/\/quadalkatreszek.com\/en\/wp-json\/wp\/v2\/media?parent=31863"}],"wp:term":[{"taxonomy":"product_brand","embeddable":true,"href":"https:\/\/quadalkatreszek.com\/en\/wp-json\/wp\/v2\/product_brand?post=31863"},{"taxonomy":"product_cat","embeddable":true,"href":"https:\/\/quadalkatreszek.com\/en\/wp-json\/wp\/v2\/product_cat?post=31863"},{"taxonomy":"product_tag","embeddable":true,"href":"https:\/\/quadalkatreszek.com\/en\/wp-json\/wp\/v2\/product_tag?post=31863"}],"curies":[{"name":"wp","href":"https:\/\/api.w.org\/{rel}","templated":true}]}}