{"id":32302,"date":"2023-02-14T11:36:31","date_gmt":"2023-02-14T10:36:31","guid":{"rendered":"https:\/\/quadalkatreszek.com\/?post_type=product&#038;p=32302"},"modified":"2026-05-03T21:10:51","modified_gmt":"2026-05-03T20:10:51","slug":"zongshen-quad-szabadonfuto-szett-200-250cc","status":"publish","type":"product","link":"https:\/\/quadalkatreszek.com\/en\/product\/zongshen-quad-szabadonfuto-szett-200-250cc\/","title":{"rendered":"Zongshen Quad szabadonfut\u00f3 szett  200-250cc"},"content":{"rendered":"<p>Zongshen Quad szabadonfut\u00f3 szett 200-250cc<\/p>\n<p>200-250cc quad szabadonfut\u00f3 szett Zongshen, Bashan, Loncin, Lifan, Yakimoto, \u00e9s egy\u00e9b k\u00ednai m\u00e1rk\u00e1kba is beszerelhet\u0151<\/p>\n<p>M\u00e9g t\u00f6bb <a href=\"https:\/\/quadalkatreszek.com\/en\/product-category\/motor-valto\/onindito\/\">quad \u00f6nind\u00edt\u00f3<\/a> alkatr\u00e9sz\u00e9rt kattints ide, vagy haszn\u00e1ld a term\u00e9kkeres\u0151t<\/p>\n<p>c441c<\/p>\n<p>, 120<br \/>\n&#8211; &#8211; &#8211;<br \/>\n<!--kkod_start--><\/p>\n<div class=\"kkod-visible\">kkod:98<\/div>\n<div class=\"kkod-visible\">kkod:120<\/div>\n<p><!--kkod_end--><\/p>","protected":false},"excerpt":{"rendered":"<p>Zongshen Quad szabadonfut\u00f3 szett 200-250cc<\/p>","protected":false},"featured_media":32274,"comment_status":"open","ping_status":"closed","template":"","meta":[],"product_brand":[],"product_cat":[61,73],"product_tag":[],"class_list":{"0":"post-32302","1":"product","2":"type-product","3":"status-publish","4":"has-post-thumbnail","6":"product_cat-gyujtas-forgoresz","7":"product_cat-onindito","9":"first","10":"instock","11":"shipping-taxable","12":"purchasable","13":"product-type-simple"},"yoast_head":"<!-- This site is optimized with the Yoast SEO plugin v27.5 - https:\/\/yoast.com\/product\/yoast-seo-wordpress\/ -->\n<title>Zongshen Quad szabadonfut\u00f3 szett 200-250cc -<\/title>\n<meta name=\"description\" content=\"Zongshen Quad szabadonfut\u00f3 szett 200-250cc k\u00ednai qudokhoz Bashan, Loncin, Lifan, Yakimoto, \u00e9s egy\u00e9b k\u00ednai m\u00e1rk\u00e1kba is beszerelhet\u0151. T\u00f6bb ezer quad alkatr\u00e9sz!\" \/>\n<meta name=\"robots\" content=\"index, follow, max-snippet:-1, max-image-preview:large, max-video-preview:-1\" \/>\n<link rel=\"canonical\" href=\"https:\/\/quadalkatreszek.com\/en\/product\/zongshen-quad-szabadonfuto-szett-200-250cc\/\" \/>\n<meta property=\"og:locale\" content=\"en_US\" \/>\n<meta property=\"og:type\" content=\"article\" \/>\n<meta property=\"og:title\" content=\"Zongshen Quad szabadonfut\u00f3 szett 200-250cc -\" \/>\n<meta property=\"og:description\" content=\"Zongshen Quad szabadonfut\u00f3 szett 200-250cc k\u00ednai qudokhoz Bashan, Loncin, Lifan, Yakimoto, \u00e9s egy\u00e9b k\u00ednai m\u00e1rk\u00e1kba is beszerelhet\u0151. T\u00f6bb ezer quad alkatr\u00e9sz!\" \/>\n<meta property=\"og:url\" content=\"https:\/\/quadalkatreszek.com\/en\/product\/zongshen-quad-szabadonfuto-szett-200-250cc\/\" \/>\n<meta property=\"og:site_name\" content=\"quadalkatreszek.com\" \/>\n<meta property=\"article:modified_time\" content=\"2026-05-03T20:10:51+00:00\" \/>\n<meta property=\"og:image\" content=\"https:\/\/quadalkatreszek.com\/wp-content\/uploads\/2023\/02\/250-szabadonfuto2.jpg\" \/>\n\t<meta property=\"og:image:width\" content=\"1024\" \/>\n\t<meta property=\"og:image:height\" content=\"1024\" \/>\n\t<meta property=\"og:image:type\" content=\"image\/jpeg\" \/>\n<meta name=\"twitter:card\" content=\"summary_large_image\" \/>\n<meta name=\"twitter:label1\" content=\"Est. reading time\" \/>\n\t<meta name=\"twitter:data1\" content=\"1 minute\" \/>\n<script type=\"application\/ld+json\" class=\"yoast-schema-graph\">{\"@context\":\"https:\\\/\\\/schema.org\",\"@graph\":[{\"@type\":\"WebPage\",\"@id\":\"https:\\\/\\\/quadalkatreszek.com\\\/product\\\/zongshen-quad-szabadonfuto-szett-200-250cc\\\/\",\"url\":\"https:\\\/\\\/quadalkatreszek.com\\\/product\\\/zongshen-quad-szabadonfuto-szett-200-250cc\\\/\",\"name\":\"Zongshen Quad szabadonfut\u00f3 szett 200-250cc -\",\"isPartOf\":{\"@id\":\"https:\\\/\\\/quadalkatreszek.com\\\/#website\"},\"primaryImageOfPage\":{\"@id\":\"https:\\\/\\\/quadalkatreszek.com\\\/product\\\/zongshen-quad-szabadonfuto-szett-200-250cc\\\/#primaryimage\"},\"image\":{\"@id\":\"https:\\\/\\\/quadalkatreszek.com\\\/product\\\/zongshen-quad-szabadonfuto-szett-200-250cc\\\/#primaryimage\"},\"thumbnailUrl\":\"https:\\\/\\\/quadalkatreszek.com\\\/wp-content\\\/uploads\\\/2023\\\/02\\\/250-szabadonfuto2.jpg\",\"datePublished\":\"2023-02-14T10:36:31+00:00\",\"dateModified\":\"2026-05-03T20:10:51+00:00\",\"description\":\"Zongshen Quad szabadonfut\u00f3 szett 200-250cc k\u00ednai qudokhoz Bashan, Loncin, Lifan, Yakimoto, \u00e9s egy\u00e9b k\u00ednai m\u00e1rk\u00e1kba is beszerelhet\u0151. T\u00f6bb ezer quad alkatr\u00e9sz!\",\"breadcrumb\":{\"@id\":\"https:\\\/\\\/quadalkatreszek.com\\\/product\\\/zongshen-quad-szabadonfuto-szett-200-250cc\\\/#breadcrumb\"},\"inLanguage\":\"en-US\",\"potentialAction\":[{\"@type\":\"ReadAction\",\"target\":[\"https:\\\/\\\/quadalkatreszek.com\\\/product\\\/zongshen-quad-szabadonfuto-szett-200-250cc\\\/\"]}]},{\"@type\":\"ImageObject\",\"inLanguage\":\"en-US\",\"@id\":\"https:\\\/\\\/quadalkatreszek.com\\\/product\\\/zongshen-quad-szabadonfuto-szett-200-250cc\\\/#primaryimage\",\"url\":\"https:\\\/\\\/quadalkatreszek.com\\\/wp-content\\\/uploads\\\/2023\\\/02\\\/250-szabadonfuto2.jpg\",\"contentUrl\":\"https:\\\/\\\/quadalkatreszek.com\\\/wp-content\\\/uploads\\\/2023\\\/02\\\/250-szabadonfuto2.jpg\",\"width\":1024,\"height\":1024,\"caption\":\"quad szabadonfut\u00f3 szett 200-250cc\"},{\"@type\":\"BreadcrumbList\",\"@id\":\"https:\\\/\\\/quadalkatreszek.com\\\/product\\\/zongshen-quad-szabadonfuto-szett-200-250cc\\\/#breadcrumb\",\"itemListElement\":[{\"@type\":\"ListItem\",\"position\":1,\"name\":\"Kezd\u0151lap\",\"item\":\"https:\\\/\\\/quadalkatreszek.com\\\/\"},{\"@type\":\"ListItem\",\"position\":2,\"name\":\"Shop\",\"item\":\"https:\\\/\\\/quadalkatreszek.com\\\/shop\\\/\"},{\"@type\":\"ListItem\",\"position\":3,\"name\":\"Zongshen Quad szabadonfut\u00f3 szett 200-250cc\"}]},{\"@type\":\"WebSite\",\"@id\":\"https:\\\/\\\/quadalkatreszek.com\\\/#website\",\"url\":\"https:\\\/\\\/quadalkatreszek.com\\\/\",\"name\":\"quadalkatreszek.com\",\"description\":\"alkatr\u00e9szek - azonnal - rakt\u00e1rr\u00f3l\",\"publisher\":{\"@id\":\"https:\\\/\\\/quadalkatreszek.com\\\/#organization\"},\"potentialAction\":[{\"@type\":\"SearchAction\",\"target\":{\"@type\":\"EntryPoint\",\"urlTemplate\":\"https:\\\/\\\/quadalkatreszek.com\\\/?s={search_term_string}\"},\"query-input\":{\"@type\":\"PropertyValueSpecification\",\"valueRequired\":true,\"valueName\":\"search_term_string\"}}],\"inLanguage\":\"en-US\"},{\"@type\":\"Organization\",\"@id\":\"https:\\\/\\\/quadalkatreszek.com\\\/#organization\",\"name\":\"quadalkatreszek.com\",\"url\":\"https:\\\/\\\/quadalkatreszek.com\\\/\",\"logo\":{\"@type\":\"ImageObject\",\"inLanguage\":\"en-US\",\"@id\":\"https:\\\/\\\/quadalkatreszek.com\\\/#\\\/schema\\\/logo\\\/image\\\/\",\"url\":\"https:\\\/\\\/quadalkatreszek.com\\\/wp-content\\\/uploads\\\/2023\\\/01\\\/korlogo-2.png\",\"contentUrl\":\"https:\\\/\\\/quadalkatreszek.com\\\/wp-content\\\/uploads\\\/2023\\\/01\\\/korlogo-2.png\",\"width\":866,\"height\":866,\"caption\":\"quadalkatreszek.com\"},\"image\":{\"@id\":\"https:\\\/\\\/quadalkatreszek.com\\\/#\\\/schema\\\/logo\\\/image\\\/\"}}]}<\/script>\n<!-- \/ Yoast SEO plugin. -->","yoast_head_json":{"title":"Zongshen Quad szabadonfut\u00f3 szett 200-250cc -","description":"Zongshen Quad szabadonfut\u00f3 szett 200-250cc k\u00ednai qudokhoz Bashan, Loncin, Lifan, Yakimoto, \u00e9s egy\u00e9b k\u00ednai m\u00e1rk\u00e1kba is beszerelhet\u0151. T\u00f6bb ezer quad alkatr\u00e9sz!","robots":{"index":"index","follow":"follow","max-snippet":"max-snippet:-1","max-image-preview":"max-image-preview:large","max-video-preview":"max-video-preview:-1"},"canonical":"https:\/\/quadalkatreszek.com\/en\/product\/zongshen-quad-szabadonfuto-szett-200-250cc\/","og_locale":"en_US","og_type":"article","og_title":"Zongshen Quad szabadonfut\u00f3 szett 200-250cc -","og_description":"Zongshen Quad szabadonfut\u00f3 szett 200-250cc k\u00ednai qudokhoz Bashan, Loncin, Lifan, Yakimoto, \u00e9s egy\u00e9b k\u00ednai m\u00e1rk\u00e1kba is beszerelhet\u0151. T\u00f6bb ezer quad alkatr\u00e9sz!","og_url":"https:\/\/quadalkatreszek.com\/en\/product\/zongshen-quad-szabadonfuto-szett-200-250cc\/","og_site_name":"quadalkatreszek.com","article_modified_time":"2026-05-03T20:10:51+00:00","og_image":[{"width":1024,"height":1024,"url":"https:\/\/quadalkatreszek.com\/wp-content\/uploads\/2023\/02\/250-szabadonfuto2.jpg","type":"image\/jpeg"}],"twitter_card":"summary_large_image","twitter_misc":{"Est. reading time":"1 minute"},"schema":{"@context":"https:\/\/schema.org","@graph":[{"@type":"WebPage","@id":"https:\/\/quadalkatreszek.com\/product\/zongshen-quad-szabadonfuto-szett-200-250cc\/","url":"https:\/\/quadalkatreszek.com\/product\/zongshen-quad-szabadonfuto-szett-200-250cc\/","name":"Zongshen Quad szabadonfut\u00f3 szett 200-250cc -","isPartOf":{"@id":"https:\/\/quadalkatreszek.com\/#website"},"primaryImageOfPage":{"@id":"https:\/\/quadalkatreszek.com\/product\/zongshen-quad-szabadonfuto-szett-200-250cc\/#primaryimage"},"image":{"@id":"https:\/\/quadalkatreszek.com\/product\/zongshen-quad-szabadonfuto-szett-200-250cc\/#primaryimage"},"thumbnailUrl":"https:\/\/quadalkatreszek.com\/wp-content\/uploads\/2023\/02\/250-szabadonfuto2.jpg","datePublished":"2023-02-14T10:36:31+00:00","dateModified":"2026-05-03T20:10:51+00:00","description":"Zongshen Quad szabadonfut\u00f3 szett 200-250cc k\u00ednai qudokhoz Bashan, Loncin, Lifan, Yakimoto, \u00e9s egy\u00e9b k\u00ednai m\u00e1rk\u00e1kba is beszerelhet\u0151. T\u00f6bb ezer quad alkatr\u00e9sz!","breadcrumb":{"@id":"https:\/\/quadalkatreszek.com\/product\/zongshen-quad-szabadonfuto-szett-200-250cc\/#breadcrumb"},"inLanguage":"en-US","potentialAction":[{"@type":"ReadAction","target":["https:\/\/quadalkatreszek.com\/product\/zongshen-quad-szabadonfuto-szett-200-250cc\/"]}]},{"@type":"ImageObject","inLanguage":"en-US","@id":"https:\/\/quadalkatreszek.com\/product\/zongshen-quad-szabadonfuto-szett-200-250cc\/#primaryimage","url":"https:\/\/quadalkatreszek.com\/wp-content\/uploads\/2023\/02\/250-szabadonfuto2.jpg","contentUrl":"https:\/\/quadalkatreszek.com\/wp-content\/uploads\/2023\/02\/250-szabadonfuto2.jpg","width":1024,"height":1024,"caption":"quad szabadonfut\u00f3 szett 200-250cc"},{"@type":"BreadcrumbList","@id":"https:\/\/quadalkatreszek.com\/product\/zongshen-quad-szabadonfuto-szett-200-250cc\/#breadcrumb","itemListElement":[{"@type":"ListItem","position":1,"name":"Kezd\u0151lap","item":"https:\/\/quadalkatreszek.com\/"},{"@type":"ListItem","position":2,"name":"Shop","item":"https:\/\/quadalkatreszek.com\/shop\/"},{"@type":"ListItem","position":3,"name":"Zongshen Quad szabadonfut\u00f3 szett 200-250cc"}]},{"@type":"WebSite","@id":"https:\/\/quadalkatreszek.com\/#website","url":"https:\/\/quadalkatreszek.com\/","name":"quadalkatreszek.com","description":"alkatr\u00e9szek - azonnal - rakt\u00e1rr\u00f3l","publisher":{"@id":"https:\/\/quadalkatreszek.com\/#organization"},"potentialAction":[{"@type":"SearchAction","target":{"@type":"EntryPoint","urlTemplate":"https:\/\/quadalkatreszek.com\/?s={search_term_string}"},"query-input":{"@type":"PropertyValueSpecification","valueRequired":true,"valueName":"search_term_string"}}],"inLanguage":"en-US"},{"@type":"Organization","@id":"https:\/\/quadalkatreszek.com\/#organization","name":"quadalkatreszek.com","url":"https:\/\/quadalkatreszek.com\/","logo":{"@type":"ImageObject","inLanguage":"en-US","@id":"https:\/\/quadalkatreszek.com\/#\/schema\/logo\/image\/","url":"https:\/\/quadalkatreszek.com\/wp-content\/uploads\/2023\/01\/korlogo-2.png","contentUrl":"https:\/\/quadalkatreszek.com\/wp-content\/uploads\/2023\/01\/korlogo-2.png","width":866,"height":866,"caption":"quadalkatreszek.com"},"image":{"@id":"https:\/\/quadalkatreszek.com\/#\/schema\/logo\/image\/"}}]}},"_links":{"self":[{"href":"https:\/\/quadalkatreszek.com\/en\/wp-json\/wp\/v2\/product\/32302","targetHints":{"allow":["GET"]}}],"collection":[{"href":"https:\/\/quadalkatreszek.com\/en\/wp-json\/wp\/v2\/product"}],"about":[{"href":"https:\/\/quadalkatreszek.com\/en\/wp-json\/wp\/v2\/types\/product"}],"replies":[{"embeddable":true,"href":"https:\/\/quadalkatreszek.com\/en\/wp-json\/wp\/v2\/comments?post=32302"}],"wp:featuredmedia":[{"embeddable":true,"href":"https:\/\/quadalkatreszek.com\/en\/wp-json\/wp\/v2\/media\/32274"}],"wp:attachment":[{"href":"https:\/\/quadalkatreszek.com\/en\/wp-json\/wp\/v2\/media?parent=32302"}],"wp:term":[{"taxonomy":"product_brand","embeddable":true,"href":"https:\/\/quadalkatreszek.com\/en\/wp-json\/wp\/v2\/product_brand?post=32302"},{"taxonomy":"product_cat","embeddable":true,"href":"https:\/\/quadalkatreszek.com\/en\/wp-json\/wp\/v2\/product_cat?post=32302"},{"taxonomy":"product_tag","embeddable":true,"href":"https:\/\/quadalkatreszek.com\/en\/wp-json\/wp\/v2\/product_tag?post=32302"}],"curies":[{"name":"wp","href":"https:\/\/api.w.org\/{rel}","templated":true}]}}