{"id":32304,"date":"2023-02-14T11:41:27","date_gmt":"2023-02-14T10:41:27","guid":{"rendered":"https:\/\/quadalkatreszek.com\/?post_type=product&#038;p=32304"},"modified":"2026-03-16T05:54:43","modified_gmt":"2026-03-16T04:54:43","slug":"quad-onindito-200-250cc-kinai-quadokba-11-fogas","status":"publish","type":"product","link":"https:\/\/quadalkatreszek.com\/en\/product\/quad-onindito-200-250cc-kinai-quadokba-11-fogas\/","title":{"rendered":"Quad \u00f6nind\u00edt\u00f3 200-250cc k\u00ednai quadokba, 11 fogas"},"content":{"rendered":"<p>K\u00ednai quad \u00f6nind\u00edt\u00f3 200-250cc quadokba, 11 fogas<\/p>\n<p>200 \/ 250ccm(CG)motor blokkra szerelhet\u0151 \u00f6nind\u00edt\u00f3 11 fogas,\u00e1tm\u00e9r\u0151: 14mm.<\/p>\n<p>c50c<\/p>\n<p>&#8211; &#8211; &#8211;<br \/>\n<!--kkod_start--><\/p>\n<div class=\"kkod-visible\">kkod:120<\/div>\n<p><!--kkod_end--><\/p>","protected":false},"excerpt":{"rendered":"<p>K\u00ednai quad \u00f6nind\u00edt\u00f3 200-250cc quadokba, 11 fogas Zongshen. Loncin \u00e9s egy\u00e9b m\u00e1rk\u00e1kba<\/p>\n<p>200 \/ 250ccm(CG)motor blokkra szerelhet\u0151 \u00f6nind\u00edt\u00f3 11 fogas,\u00e1tm\u00e9r\u0151: 14mm.<\/p>","protected":false},"featured_media":32266,"comment_status":"open","ping_status":"closed","template":"","meta":[],"product_brand":[],"product_cat":[73],"product_tag":[],"class_list":{"0":"post-32304","1":"product","2":"type-product","3":"status-publish","4":"has-post-thumbnail","6":"product_cat-onindito","8":"first","9":"instock","10":"shipping-taxable","11":"purchasable","12":"product-type-simple"},"yoast_head":"<!-- This site is optimized with the Yoast SEO plugin v27.5 - https:\/\/yoast.com\/product\/yoast-seo-wordpress\/ -->\n<title>Quad \u00f6nind\u00edt\u00f3 200-250cc k\u00ednai quadokba, 11 fogas<\/title>\n<meta name=\"description\" content=\"K\u00ednai quad \u00f6nind\u00edt\u00f3 200-250cc k\u00ednai quadokba, 11 fogas. T\u00f6bb ezer k\u00ednai quad \u00e9s motor alkatr\u00e9sz a legjobb \u00e1ron azonnal k\u00e9szletr\u0151l. Sz\u00e1ll\u00edt\u00e1s 24-48 \u00f3r\u00e1n bel\u00fcl.,\" \/>\n<meta name=\"robots\" content=\"index, follow, max-snippet:-1, max-image-preview:large, max-video-preview:-1\" \/>\n<link rel=\"canonical\" href=\"https:\/\/quadalkatreszek.com\/en\/product\/quad-onindito-200-250cc-kinai-quadokba-11-fogas\/\" \/>\n<meta property=\"og:locale\" content=\"en_US\" \/>\n<meta property=\"og:type\" content=\"article\" \/>\n<meta property=\"og:title\" content=\"Quad \u00f6nind\u00edt\u00f3 200-250cc k\u00ednai quadokba, 11 fogas\" \/>\n<meta property=\"og:description\" content=\"K\u00ednai quad \u00f6nind\u00edt\u00f3 200-250cc k\u00ednai quadokba, 11 fogas. T\u00f6bb ezer k\u00ednai quad \u00e9s motor alkatr\u00e9sz a legjobb \u00e1ron azonnal k\u00e9szletr\u0151l. Sz\u00e1ll\u00edt\u00e1s 24-48 \u00f3r\u00e1n bel\u00fcl.,\" \/>\n<meta property=\"og:url\" content=\"https:\/\/quadalkatreszek.com\/en\/product\/quad-onindito-200-250cc-kinai-quadokba-11-fogas\/\" \/>\n<meta property=\"og:site_name\" content=\"quadalkatreszek.com\" \/>\n<meta property=\"article:modified_time\" content=\"2026-03-16T04:54:43+00:00\" \/>\n<meta property=\"og:image\" content=\"https:\/\/quadalkatreszek.com\/wp-content\/uploads\/2023\/02\/250-onindito.jpg\" \/>\n\t<meta property=\"og:image:width\" content=\"1024\" \/>\n\t<meta property=\"og:image:height\" content=\"1024\" \/>\n\t<meta property=\"og:image:type\" content=\"image\/jpeg\" \/>\n<meta name=\"twitter:card\" content=\"summary_large_image\" \/>\n<script type=\"application\/ld+json\" class=\"yoast-schema-graph\">{\"@context\":\"https:\\\/\\\/schema.org\",\"@graph\":[{\"@type\":\"WebPage\",\"@id\":\"https:\\\/\\\/quadalkatreszek.com\\\/product\\\/quad-onindito-200-250cc-kinai-quadokba-11-fogas\\\/\",\"url\":\"https:\\\/\\\/quadalkatreszek.com\\\/product\\\/quad-onindito-200-250cc-kinai-quadokba-11-fogas\\\/\",\"name\":\"Quad \u00f6nind\u00edt\u00f3 200-250cc k\u00ednai quadokba, 11 fogas\",\"isPartOf\":{\"@id\":\"https:\\\/\\\/quadalkatreszek.com\\\/#website\"},\"primaryImageOfPage\":{\"@id\":\"https:\\\/\\\/quadalkatreszek.com\\\/product\\\/quad-onindito-200-250cc-kinai-quadokba-11-fogas\\\/#primaryimage\"},\"image\":{\"@id\":\"https:\\\/\\\/quadalkatreszek.com\\\/product\\\/quad-onindito-200-250cc-kinai-quadokba-11-fogas\\\/#primaryimage\"},\"thumbnailUrl\":\"https:\\\/\\\/quadalkatreszek.com\\\/wp-content\\\/uploads\\\/2023\\\/02\\\/250-onindito.jpg\",\"datePublished\":\"2023-02-14T10:41:27+00:00\",\"dateModified\":\"2026-03-16T04:54:43+00:00\",\"description\":\"K\u00ednai quad \u00f6nind\u00edt\u00f3 200-250cc k\u00ednai quadokba, 11 fogas. T\u00f6bb ezer k\u00ednai quad \u00e9s motor alkatr\u00e9sz a legjobb \u00e1ron azonnal k\u00e9szletr\u0151l. Sz\u00e1ll\u00edt\u00e1s 24-48 \u00f3r\u00e1n bel\u00fcl.,\",\"breadcrumb\":{\"@id\":\"https:\\\/\\\/quadalkatreszek.com\\\/product\\\/quad-onindito-200-250cc-kinai-quadokba-11-fogas\\\/#breadcrumb\"},\"inLanguage\":\"en-US\",\"potentialAction\":[{\"@type\":\"ReadAction\",\"target\":[\"https:\\\/\\\/quadalkatreszek.com\\\/product\\\/quad-onindito-200-250cc-kinai-quadokba-11-fogas\\\/\"]}]},{\"@type\":\"ImageObject\",\"inLanguage\":\"en-US\",\"@id\":\"https:\\\/\\\/quadalkatreszek.com\\\/product\\\/quad-onindito-200-250cc-kinai-quadokba-11-fogas\\\/#primaryimage\",\"url\":\"https:\\\/\\\/quadalkatreszek.com\\\/wp-content\\\/uploads\\\/2023\\\/02\\\/250-onindito.jpg\",\"contentUrl\":\"https:\\\/\\\/quadalkatreszek.com\\\/wp-content\\\/uploads\\\/2023\\\/02\\\/250-onindito.jpg\",\"width\":1024,\"height\":1024,\"caption\":\"K\u00ednai quad \u00f6nind\u00edt\u00f3 200-250cc k\u00ednai quadokba, 11 fogas\"},{\"@type\":\"BreadcrumbList\",\"@id\":\"https:\\\/\\\/quadalkatreszek.com\\\/product\\\/quad-onindito-200-250cc-kinai-quadokba-11-fogas\\\/#breadcrumb\",\"itemListElement\":[{\"@type\":\"ListItem\",\"position\":1,\"name\":\"Kezd\u0151lap\",\"item\":\"https:\\\/\\\/quadalkatreszek.com\\\/\"},{\"@type\":\"ListItem\",\"position\":2,\"name\":\"Shop\",\"item\":\"https:\\\/\\\/quadalkatreszek.com\\\/shop\\\/\"},{\"@type\":\"ListItem\",\"position\":3,\"name\":\"Quad \u00f6nind\u00edt\u00f3 200-250cc k\u00ednai quadokba, 11 fogas\"}]},{\"@type\":\"WebSite\",\"@id\":\"https:\\\/\\\/quadalkatreszek.com\\\/#website\",\"url\":\"https:\\\/\\\/quadalkatreszek.com\\\/\",\"name\":\"quadalkatreszek.com\",\"description\":\"alkatr\u00e9szek - azonnal - rakt\u00e1rr\u00f3l\",\"publisher\":{\"@id\":\"https:\\\/\\\/quadalkatreszek.com\\\/#organization\"},\"potentialAction\":[{\"@type\":\"SearchAction\",\"target\":{\"@type\":\"EntryPoint\",\"urlTemplate\":\"https:\\\/\\\/quadalkatreszek.com\\\/?s={search_term_string}\"},\"query-input\":{\"@type\":\"PropertyValueSpecification\",\"valueRequired\":true,\"valueName\":\"search_term_string\"}}],\"inLanguage\":\"en-US\"},{\"@type\":\"Organization\",\"@id\":\"https:\\\/\\\/quadalkatreszek.com\\\/#organization\",\"name\":\"quadalkatreszek.com\",\"url\":\"https:\\\/\\\/quadalkatreszek.com\\\/\",\"logo\":{\"@type\":\"ImageObject\",\"inLanguage\":\"en-US\",\"@id\":\"https:\\\/\\\/quadalkatreszek.com\\\/#\\\/schema\\\/logo\\\/image\\\/\",\"url\":\"https:\\\/\\\/quadalkatreszek.com\\\/wp-content\\\/uploads\\\/2023\\\/01\\\/korlogo-2.png\",\"contentUrl\":\"https:\\\/\\\/quadalkatreszek.com\\\/wp-content\\\/uploads\\\/2023\\\/01\\\/korlogo-2.png\",\"width\":866,\"height\":866,\"caption\":\"quadalkatreszek.com\"},\"image\":{\"@id\":\"https:\\\/\\\/quadalkatreszek.com\\\/#\\\/schema\\\/logo\\\/image\\\/\"}}]}<\/script>\n<!-- \/ Yoast SEO plugin. -->","yoast_head_json":{"title":"Quad \u00f6nind\u00edt\u00f3 200-250cc k\u00ednai quadokba, 11 fogas","description":"K\u00ednai quad \u00f6nind\u00edt\u00f3 200-250cc k\u00ednai quadokba, 11 fogas. T\u00f6bb ezer k\u00ednai quad \u00e9s motor alkatr\u00e9sz a legjobb \u00e1ron azonnal k\u00e9szletr\u0151l. Sz\u00e1ll\u00edt\u00e1s 24-48 \u00f3r\u00e1n bel\u00fcl.,","robots":{"index":"index","follow":"follow","max-snippet":"max-snippet:-1","max-image-preview":"max-image-preview:large","max-video-preview":"max-video-preview:-1"},"canonical":"https:\/\/quadalkatreszek.com\/en\/product\/quad-onindito-200-250cc-kinai-quadokba-11-fogas\/","og_locale":"en_US","og_type":"article","og_title":"Quad \u00f6nind\u00edt\u00f3 200-250cc k\u00ednai quadokba, 11 fogas","og_description":"K\u00ednai quad \u00f6nind\u00edt\u00f3 200-250cc k\u00ednai quadokba, 11 fogas. T\u00f6bb ezer k\u00ednai quad \u00e9s motor alkatr\u00e9sz a legjobb \u00e1ron azonnal k\u00e9szletr\u0151l. Sz\u00e1ll\u00edt\u00e1s 24-48 \u00f3r\u00e1n bel\u00fcl.,","og_url":"https:\/\/quadalkatreszek.com\/en\/product\/quad-onindito-200-250cc-kinai-quadokba-11-fogas\/","og_site_name":"quadalkatreszek.com","article_modified_time":"2026-03-16T04:54:43+00:00","og_image":[{"width":1024,"height":1024,"url":"https:\/\/quadalkatreszek.com\/wp-content\/uploads\/2023\/02\/250-onindito.jpg","type":"image\/jpeg"}],"twitter_card":"summary_large_image","schema":{"@context":"https:\/\/schema.org","@graph":[{"@type":"WebPage","@id":"https:\/\/quadalkatreszek.com\/product\/quad-onindito-200-250cc-kinai-quadokba-11-fogas\/","url":"https:\/\/quadalkatreszek.com\/product\/quad-onindito-200-250cc-kinai-quadokba-11-fogas\/","name":"Quad \u00f6nind\u00edt\u00f3 200-250cc k\u00ednai quadokba, 11 fogas","isPartOf":{"@id":"https:\/\/quadalkatreszek.com\/#website"},"primaryImageOfPage":{"@id":"https:\/\/quadalkatreszek.com\/product\/quad-onindito-200-250cc-kinai-quadokba-11-fogas\/#primaryimage"},"image":{"@id":"https:\/\/quadalkatreszek.com\/product\/quad-onindito-200-250cc-kinai-quadokba-11-fogas\/#primaryimage"},"thumbnailUrl":"https:\/\/quadalkatreszek.com\/wp-content\/uploads\/2023\/02\/250-onindito.jpg","datePublished":"2023-02-14T10:41:27+00:00","dateModified":"2026-03-16T04:54:43+00:00","description":"K\u00ednai quad \u00f6nind\u00edt\u00f3 200-250cc k\u00ednai quadokba, 11 fogas. T\u00f6bb ezer k\u00ednai quad \u00e9s motor alkatr\u00e9sz a legjobb \u00e1ron azonnal k\u00e9szletr\u0151l. Sz\u00e1ll\u00edt\u00e1s 24-48 \u00f3r\u00e1n bel\u00fcl.,","breadcrumb":{"@id":"https:\/\/quadalkatreszek.com\/product\/quad-onindito-200-250cc-kinai-quadokba-11-fogas\/#breadcrumb"},"inLanguage":"en-US","potentialAction":[{"@type":"ReadAction","target":["https:\/\/quadalkatreszek.com\/product\/quad-onindito-200-250cc-kinai-quadokba-11-fogas\/"]}]},{"@type":"ImageObject","inLanguage":"en-US","@id":"https:\/\/quadalkatreszek.com\/product\/quad-onindito-200-250cc-kinai-quadokba-11-fogas\/#primaryimage","url":"https:\/\/quadalkatreszek.com\/wp-content\/uploads\/2023\/02\/250-onindito.jpg","contentUrl":"https:\/\/quadalkatreszek.com\/wp-content\/uploads\/2023\/02\/250-onindito.jpg","width":1024,"height":1024,"caption":"K\u00ednai quad \u00f6nind\u00edt\u00f3 200-250cc k\u00ednai quadokba, 11 fogas"},{"@type":"BreadcrumbList","@id":"https:\/\/quadalkatreszek.com\/product\/quad-onindito-200-250cc-kinai-quadokba-11-fogas\/#breadcrumb","itemListElement":[{"@type":"ListItem","position":1,"name":"Kezd\u0151lap","item":"https:\/\/quadalkatreszek.com\/"},{"@type":"ListItem","position":2,"name":"Shop","item":"https:\/\/quadalkatreszek.com\/shop\/"},{"@type":"ListItem","position":3,"name":"Quad \u00f6nind\u00edt\u00f3 200-250cc k\u00ednai quadokba, 11 fogas"}]},{"@type":"WebSite","@id":"https:\/\/quadalkatreszek.com\/#website","url":"https:\/\/quadalkatreszek.com\/","name":"quadalkatreszek.com","description":"alkatr\u00e9szek - azonnal - rakt\u00e1rr\u00f3l","publisher":{"@id":"https:\/\/quadalkatreszek.com\/#organization"},"potentialAction":[{"@type":"SearchAction","target":{"@type":"EntryPoint","urlTemplate":"https:\/\/quadalkatreszek.com\/?s={search_term_string}"},"query-input":{"@type":"PropertyValueSpecification","valueRequired":true,"valueName":"search_term_string"}}],"inLanguage":"en-US"},{"@type":"Organization","@id":"https:\/\/quadalkatreszek.com\/#organization","name":"quadalkatreszek.com","url":"https:\/\/quadalkatreszek.com\/","logo":{"@type":"ImageObject","inLanguage":"en-US","@id":"https:\/\/quadalkatreszek.com\/#\/schema\/logo\/image\/","url":"https:\/\/quadalkatreszek.com\/wp-content\/uploads\/2023\/01\/korlogo-2.png","contentUrl":"https:\/\/quadalkatreszek.com\/wp-content\/uploads\/2023\/01\/korlogo-2.png","width":866,"height":866,"caption":"quadalkatreszek.com"},"image":{"@id":"https:\/\/quadalkatreszek.com\/#\/schema\/logo\/image\/"}}]}},"_links":{"self":[{"href":"https:\/\/quadalkatreszek.com\/en\/wp-json\/wp\/v2\/product\/32304","targetHints":{"allow":["GET"]}}],"collection":[{"href":"https:\/\/quadalkatreszek.com\/en\/wp-json\/wp\/v2\/product"}],"about":[{"href":"https:\/\/quadalkatreszek.com\/en\/wp-json\/wp\/v2\/types\/product"}],"replies":[{"embeddable":true,"href":"https:\/\/quadalkatreszek.com\/en\/wp-json\/wp\/v2\/comments?post=32304"}],"wp:featuredmedia":[{"embeddable":true,"href":"https:\/\/quadalkatreszek.com\/en\/wp-json\/wp\/v2\/media\/32266"}],"wp:attachment":[{"href":"https:\/\/quadalkatreszek.com\/en\/wp-json\/wp\/v2\/media?parent=32304"}],"wp:term":[{"taxonomy":"product_brand","embeddable":true,"href":"https:\/\/quadalkatreszek.com\/en\/wp-json\/wp\/v2\/product_brand?post=32304"},{"taxonomy":"product_cat","embeddable":true,"href":"https:\/\/quadalkatreszek.com\/en\/wp-json\/wp\/v2\/product_cat?post=32304"},{"taxonomy":"product_tag","embeddable":true,"href":"https:\/\/quadalkatreszek.com\/en\/wp-json\/wp\/v2\/product_tag?post=32304"}],"curies":[{"name":"wp","href":"https:\/\/api.w.org\/{rel}","templated":true}]}}