{"id":32332,"date":"2023-02-17T11:37:54","date_gmt":"2023-02-17T10:37:54","guid":{"rendered":"https:\/\/quadalkatreszek.com\/?post_type=product&#038;p=32332"},"modified":"2025-08-13T13:35:48","modified_gmt":"2025-08-13T12:35:48","slug":"250cc-dirt-bike-21-18-kerekkel-df250","status":"publish","type":"product","link":"https:\/\/quadalkatreszek.com\/en\/product\/250cc-dirt-bike-21-18-kerekkel-df250\/","title":{"rendered":"250cc Dirt bike 21\/18 ker\u00e9kkel DF250"},"content":{"rendered":"<p>250cc Elad\u00f3 Dirt bike 21\/18 ker\u00e9kkel DF250<\/p>\n<p>Ez a term\u00e9k k\u00f6z\u00fati forgalomban nem vehet r\u00e9szt!!!<\/p>\n<div class=\"formField\">\n<ul>\n<li style=\"list-style-type: none\">\n<ul>\n<li>DF250<\/li>\n<li>Motor:250cc, egyhengeres, 4 \u00fctem\u0171, ZongShen m\u00e1rka<\/li>\n<li>Max. Sebess\u00e9g: 95-100 km\/h-ig<\/li>\n<li>H\u0171t\u00e9s: leveg\u0151<\/li>\n<li>V\u00e1lt\u00e1s: Manu\u00e1lis 5 sebess\u00e9g<\/li>\n<li>Gy\u00fajt\u00e1s: elektromos CDI<\/li>\n<li>Ind\u00edt\u00e1s: Ped\u00e1l + elektromos ind\u00edt\u00f3<\/li>\n<li>Felnik: el\u00f6l 21&#8243;, h\u00e1tul 18&#8243;<\/li>\n<li>Els\u0151 gumik: 80\/100-21<\/li>\n<li>H\u00e1ts\u00f3 gumi: 110\/90-18<\/li>\n<li>Els\u0151 felf\u00fcggeszt\u00e9s: Olajos leng\u00e9scsillap\u00edt\u00f3k<\/li>\n<li>H\u00e1ts\u00f3 felf\u00fcggeszt\u00e9s: k\u00f6zponti felf\u00fcggeszt\u00e9s (\u00e1ll\u00edthat\u00f3 merevs\u00e9g)<\/li>\n<li>Els\u0151 f\u00e9kek: 1x t\u00e1rcsa &#8211; hidraulikus<\/li>\n<li>H\u00e1ts\u00f3 f\u00e9kek: 1x t\u00e1rcsa &#8211; hidraulikus (l\u00e1b)<\/li>\n<li>Tart\u00e1ly t\u00e9rfogata: 7,2 l<\/li>\n<li>\u00dczemanyag: term\u00e9szetes 95<\/li>\n<li>S\u00faly: 105 kg<\/li>\n<li>Maxim\u00e1lis hossz\u00fa t\u00e1v\u00fa terhel\u00e9s: 110 kg<\/li>\n<li>Maxim\u00e1lis r\u00f6vid t\u00e1v\u00fa terhel\u00e9s: 130 kg<\/li>\n<li>Teljes hossza: 190 cm<\/li>\n<li>Korm\u00e1ny magass\u00e1ga (f\u00f6ldt\u0151l): 113 cm<\/li>\n<li>Korm\u00e1ny sz\u00e9less\u00e9ge: 79 cm<\/li>\n<li>\u00dcl\u00e9smagass\u00e1g (f\u00f6ldt\u0151l): 875 mm<\/li>\n<li>\u00dcl\u00e9smagass\u00e1g (l\u00e1bt\u00e1maszt\u00f3l): 54 cm<\/li>\n<li>L\u00e1bl\u00e9cek magass\u00e1ga (a talajt\u00f3l): 31 cm<\/li>\n<li>Digit\u00e1lis sebess\u00e9gm\u00e9r\u0151<\/li>\n<li>Els\u0151 + h\u00e1ts\u00f3 l\u00e1mpa<\/li>\n<li>Visszapillant\u00f3 t\u00fck\u00f6r<\/li>\n<li>H\u00e1ts\u00f3 hordoz\u00f3<\/li>\n<li>LED l\u00e1mp\u00e1k<\/li>\n<\/ul>\n<\/li>\n<\/ul>\n<ul>\n<li style=\"list-style-type: none\">\n<ul>\n<li>250cc Elad\u00f3 Dirt bike<\/li>\n<\/ul>\n<\/li>\n<\/ul>\n<p>.. Tov\u00e1bbi <a href=\"https:\/\/quaddepo.com\/\">J\u00e1rm\u0171vek<\/a> itt is el\u00e9rhet\u0151ek.<\/p>\n<p><span style=\"color: #ff0000\">A quadok \u00e9s motorok sz\u00e1ll\u00edt\u00e1sa egyedi d\u00edjaz\u00e1ssal t\u00f6rt\u00e9nik!<\/span><\/p>\n<p>Ennek \u00f6sszeg\u00e9r\u0151l k\u00e9rem telefonon vagy e-mailben \u00e9rdekl\u0151dj\u00f6n<\/p>\n<\/div>\n<p>&#8211; &#8211; &#8211;<br \/>\n<!--kkod_start--><\/p>\n<div class=\"kkod-visible\">kkod:93<\/div>\n<p><!--kkod_end--><\/p>","protected":false},"excerpt":{"rendered":"<p>250cc Dirt bike 21\/18 ker\u00e9kkel<\/p>\n<p>Ez a term\u00e9k k\u00f6z\u00fati forgalomban nem vehet r\u00e9szt!!!<\/p>\n<p>Defender 250cc<\/p>","protected":false},"featured_media":38722,"comment_status":"open","ping_status":"closed","template":"","meta":[],"product_brand":[],"product_cat":[136],"product_tag":[],"class_list":{"0":"post-32332","1":"product","2":"type-product","3":"status-publish","4":"has-post-thumbnail","6":"product_cat-cross-motorok-dirt-bike-ok","7":"product_shipping_class-tulmeret-1","9":"first","10":"instock","11":"featured","12":"shipping-taxable","13":"purchasable","14":"product-type-simple"},"yoast_head":"<!-- This site is optimized with the Yoast SEO plugin v27.4 - https:\/\/yoast.com\/product\/yoast-seo-wordpress\/ -->\n<title>250cc Elad\u00f3 Dirt bike 21\/18 ker\u00e9kkel DF250 - quadalkatreszek.com<\/title>\n<meta name=\"description\" content=\"250cc Elad\u00f3 Dirt bike, a legjobb \u00e1ron n\u00e1lunk! Ne v\u00e1s\u00e1rolj dr\u00e1g\u00e1n ha olcs\u00f3n is megteheted! Ha motort vagy quadot szeretn\u00e9l gyere el hozz\u00e1nk a dep\u00f3ba!\" \/>\n<meta name=\"robots\" content=\"index, follow, max-snippet:-1, max-image-preview:large, max-video-preview:-1\" \/>\n<link rel=\"canonical\" href=\"https:\/\/quadalkatreszek.com\/en\/product\/250cc-dirt-bike-21-18-kerekkel-df250\/\" \/>\n<meta property=\"og:locale\" content=\"en_US\" \/>\n<meta property=\"og:type\" content=\"article\" \/>\n<meta property=\"og:title\" content=\"250cc Elad\u00f3 Dirt bike 21\/18 ker\u00e9kkel DF250 - quadalkatreszek.com\" \/>\n<meta property=\"og:description\" content=\"250cc Elad\u00f3 Dirt bike, a legjobb \u00e1ron n\u00e1lunk! Ne v\u00e1s\u00e1rolj dr\u00e1g\u00e1n ha olcs\u00f3n is megteheted! Ha motort vagy quadot szeretn\u00e9l gyere el hozz\u00e1nk a dep\u00f3ba!\" \/>\n<meta property=\"og:url\" content=\"https:\/\/quadalkatreszek.com\/en\/product\/250cc-dirt-bike-21-18-kerekkel-df250\/\" \/>\n<meta property=\"og:site_name\" content=\"quadalkatreszek.com\" \/>\n<meta property=\"article:modified_time\" content=\"2025-08-13T12:35:48+00:00\" \/>\n<meta property=\"og:image\" content=\"https:\/\/quadalkatreszek.com\/wp-content\/uploads\/2023\/02\/250cc-dirt-bike-3.jpg\" \/>\n\t<meta property=\"og:image:width\" content=\"1640\" \/>\n\t<meta property=\"og:image:height\" content=\"1152\" \/>\n\t<meta property=\"og:image:type\" content=\"image\/jpeg\" \/>\n<meta name=\"twitter:card\" content=\"summary_large_image\" \/>\n<meta name=\"twitter:label1\" content=\"Est. reading time\" \/>\n\t<meta name=\"twitter:data1\" content=\"1 minute\" \/>\n<script type=\"application\/ld+json\" class=\"yoast-schema-graph\">{\"@context\":\"https:\\\/\\\/schema.org\",\"@graph\":[{\"@type\":\"WebPage\",\"@id\":\"https:\\\/\\\/quadalkatreszek.com\\\/product\\\/250cc-dirt-bike-21-18-kerekkel-df250\\\/\",\"url\":\"https:\\\/\\\/quadalkatreszek.com\\\/product\\\/250cc-dirt-bike-21-18-kerekkel-df250\\\/\",\"name\":\"250cc Elad\u00f3 Dirt bike 21\\\/18 ker\u00e9kkel DF250 - quadalkatreszek.com\",\"isPartOf\":{\"@id\":\"https:\\\/\\\/quadalkatreszek.com\\\/#website\"},\"primaryImageOfPage\":{\"@id\":\"https:\\\/\\\/quadalkatreszek.com\\\/product\\\/250cc-dirt-bike-21-18-kerekkel-df250\\\/#primaryimage\"},\"image\":{\"@id\":\"https:\\\/\\\/quadalkatreszek.com\\\/product\\\/250cc-dirt-bike-21-18-kerekkel-df250\\\/#primaryimage\"},\"thumbnailUrl\":\"https:\\\/\\\/quadalkatreszek.com\\\/wp-content\\\/uploads\\\/2023\\\/02\\\/250cc-dirt-bike-3.jpg\",\"datePublished\":\"2023-02-17T10:37:54+00:00\",\"dateModified\":\"2025-08-13T12:35:48+00:00\",\"description\":\"250cc Elad\u00f3 Dirt bike, a legjobb \u00e1ron n\u00e1lunk! Ne v\u00e1s\u00e1rolj dr\u00e1g\u00e1n ha olcs\u00f3n is megteheted! Ha motort vagy quadot szeretn\u00e9l gyere el hozz\u00e1nk a dep\u00f3ba!\",\"breadcrumb\":{\"@id\":\"https:\\\/\\\/quadalkatreszek.com\\\/product\\\/250cc-dirt-bike-21-18-kerekkel-df250\\\/#breadcrumb\"},\"inLanguage\":\"en-US\",\"potentialAction\":[{\"@type\":\"ReadAction\",\"target\":[\"https:\\\/\\\/quadalkatreszek.com\\\/product\\\/250cc-dirt-bike-21-18-kerekkel-df250\\\/\"]}]},{\"@type\":\"ImageObject\",\"inLanguage\":\"en-US\",\"@id\":\"https:\\\/\\\/quadalkatreszek.com\\\/product\\\/250cc-dirt-bike-21-18-kerekkel-df250\\\/#primaryimage\",\"url\":\"https:\\\/\\\/quadalkatreszek.com\\\/wp-content\\\/uploads\\\/2023\\\/02\\\/250cc-dirt-bike-3.jpg\",\"contentUrl\":\"https:\\\/\\\/quadalkatreszek.com\\\/wp-content\\\/uploads\\\/2023\\\/02\\\/250cc-dirt-bike-3.jpg\",\"width\":1640,\"height\":1152,\"caption\":\"250cc dirt bike\"},{\"@type\":\"BreadcrumbList\",\"@id\":\"https:\\\/\\\/quadalkatreszek.com\\\/product\\\/250cc-dirt-bike-21-18-kerekkel-df250\\\/#breadcrumb\",\"itemListElement\":[{\"@type\":\"ListItem\",\"position\":1,\"name\":\"Kezd\u0151lap\",\"item\":\"https:\\\/\\\/quadalkatreszek.com\\\/\"},{\"@type\":\"ListItem\",\"position\":2,\"name\":\"Shop\",\"item\":\"https:\\\/\\\/quadalkatreszek.com\\\/shop\\\/\"},{\"@type\":\"ListItem\",\"position\":3,\"name\":\"250cc Dirt bike 21\\\/18 ker\u00e9kkel DF250\"}]},{\"@type\":\"WebSite\",\"@id\":\"https:\\\/\\\/quadalkatreszek.com\\\/#website\",\"url\":\"https:\\\/\\\/quadalkatreszek.com\\\/\",\"name\":\"quadalkatreszek.com\",\"description\":\"alkatr\u00e9szek - azonnal - rakt\u00e1rr\u00f3l\",\"publisher\":{\"@id\":\"https:\\\/\\\/quadalkatreszek.com\\\/#organization\"},\"potentialAction\":[{\"@type\":\"SearchAction\",\"target\":{\"@type\":\"EntryPoint\",\"urlTemplate\":\"https:\\\/\\\/quadalkatreszek.com\\\/?s={search_term_string}\"},\"query-input\":{\"@type\":\"PropertyValueSpecification\",\"valueRequired\":true,\"valueName\":\"search_term_string\"}}],\"inLanguage\":\"en-US\"},{\"@type\":\"Organization\",\"@id\":\"https:\\\/\\\/quadalkatreszek.com\\\/#organization\",\"name\":\"quadalkatreszek.com\",\"url\":\"https:\\\/\\\/quadalkatreszek.com\\\/\",\"logo\":{\"@type\":\"ImageObject\",\"inLanguage\":\"en-US\",\"@id\":\"https:\\\/\\\/quadalkatreszek.com\\\/#\\\/schema\\\/logo\\\/image\\\/\",\"url\":\"https:\\\/\\\/quadalkatreszek.com\\\/wp-content\\\/uploads\\\/2023\\\/01\\\/korlogo-2.png\",\"contentUrl\":\"https:\\\/\\\/quadalkatreszek.com\\\/wp-content\\\/uploads\\\/2023\\\/01\\\/korlogo-2.png\",\"width\":866,\"height\":866,\"caption\":\"quadalkatreszek.com\"},\"image\":{\"@id\":\"https:\\\/\\\/quadalkatreszek.com\\\/#\\\/schema\\\/logo\\\/image\\\/\"}}]}<\/script>\n<!-- \/ Yoast SEO plugin. -->","yoast_head_json":{"title":"250cc Elad\u00f3 Dirt bike 21\/18 ker\u00e9kkel DF250 - quadalkatreszek.com","description":"250cc Elad\u00f3 Dirt bike, a legjobb \u00e1ron n\u00e1lunk! Ne v\u00e1s\u00e1rolj dr\u00e1g\u00e1n ha olcs\u00f3n is megteheted! Ha motort vagy quadot szeretn\u00e9l gyere el hozz\u00e1nk a dep\u00f3ba!","robots":{"index":"index","follow":"follow","max-snippet":"max-snippet:-1","max-image-preview":"max-image-preview:large","max-video-preview":"max-video-preview:-1"},"canonical":"https:\/\/quadalkatreszek.com\/en\/product\/250cc-dirt-bike-21-18-kerekkel-df250\/","og_locale":"en_US","og_type":"article","og_title":"250cc Elad\u00f3 Dirt bike 21\/18 ker\u00e9kkel DF250 - quadalkatreszek.com","og_description":"250cc Elad\u00f3 Dirt bike, a legjobb \u00e1ron n\u00e1lunk! Ne v\u00e1s\u00e1rolj dr\u00e1g\u00e1n ha olcs\u00f3n is megteheted! Ha motort vagy quadot szeretn\u00e9l gyere el hozz\u00e1nk a dep\u00f3ba!","og_url":"https:\/\/quadalkatreszek.com\/en\/product\/250cc-dirt-bike-21-18-kerekkel-df250\/","og_site_name":"quadalkatreszek.com","article_modified_time":"2025-08-13T12:35:48+00:00","og_image":[{"width":1640,"height":1152,"url":"https:\/\/quadalkatreszek.com\/wp-content\/uploads\/2023\/02\/250cc-dirt-bike-3.jpg","type":"image\/jpeg"}],"twitter_card":"summary_large_image","twitter_misc":{"Est. reading time":"1 minute"},"schema":{"@context":"https:\/\/schema.org","@graph":[{"@type":"WebPage","@id":"https:\/\/quadalkatreszek.com\/product\/250cc-dirt-bike-21-18-kerekkel-df250\/","url":"https:\/\/quadalkatreszek.com\/product\/250cc-dirt-bike-21-18-kerekkel-df250\/","name":"250cc Elad\u00f3 Dirt bike 21\/18 ker\u00e9kkel DF250 - quadalkatreszek.com","isPartOf":{"@id":"https:\/\/quadalkatreszek.com\/#website"},"primaryImageOfPage":{"@id":"https:\/\/quadalkatreszek.com\/product\/250cc-dirt-bike-21-18-kerekkel-df250\/#primaryimage"},"image":{"@id":"https:\/\/quadalkatreszek.com\/product\/250cc-dirt-bike-21-18-kerekkel-df250\/#primaryimage"},"thumbnailUrl":"https:\/\/quadalkatreszek.com\/wp-content\/uploads\/2023\/02\/250cc-dirt-bike-3.jpg","datePublished":"2023-02-17T10:37:54+00:00","dateModified":"2025-08-13T12:35:48+00:00","description":"250cc Elad\u00f3 Dirt bike, a legjobb \u00e1ron n\u00e1lunk! Ne v\u00e1s\u00e1rolj dr\u00e1g\u00e1n ha olcs\u00f3n is megteheted! Ha motort vagy quadot szeretn\u00e9l gyere el hozz\u00e1nk a dep\u00f3ba!","breadcrumb":{"@id":"https:\/\/quadalkatreszek.com\/product\/250cc-dirt-bike-21-18-kerekkel-df250\/#breadcrumb"},"inLanguage":"en-US","potentialAction":[{"@type":"ReadAction","target":["https:\/\/quadalkatreszek.com\/product\/250cc-dirt-bike-21-18-kerekkel-df250\/"]}]},{"@type":"ImageObject","inLanguage":"en-US","@id":"https:\/\/quadalkatreszek.com\/product\/250cc-dirt-bike-21-18-kerekkel-df250\/#primaryimage","url":"https:\/\/quadalkatreszek.com\/wp-content\/uploads\/2023\/02\/250cc-dirt-bike-3.jpg","contentUrl":"https:\/\/quadalkatreszek.com\/wp-content\/uploads\/2023\/02\/250cc-dirt-bike-3.jpg","width":1640,"height":1152,"caption":"250cc dirt bike"},{"@type":"BreadcrumbList","@id":"https:\/\/quadalkatreszek.com\/product\/250cc-dirt-bike-21-18-kerekkel-df250\/#breadcrumb","itemListElement":[{"@type":"ListItem","position":1,"name":"Kezd\u0151lap","item":"https:\/\/quadalkatreszek.com\/"},{"@type":"ListItem","position":2,"name":"Shop","item":"https:\/\/quadalkatreszek.com\/shop\/"},{"@type":"ListItem","position":3,"name":"250cc Dirt bike 21\/18 ker\u00e9kkel DF250"}]},{"@type":"WebSite","@id":"https:\/\/quadalkatreszek.com\/#website","url":"https:\/\/quadalkatreszek.com\/","name":"quadalkatreszek.com","description":"alkatr\u00e9szek - azonnal - rakt\u00e1rr\u00f3l","publisher":{"@id":"https:\/\/quadalkatreszek.com\/#organization"},"potentialAction":[{"@type":"SearchAction","target":{"@type":"EntryPoint","urlTemplate":"https:\/\/quadalkatreszek.com\/?s={search_term_string}"},"query-input":{"@type":"PropertyValueSpecification","valueRequired":true,"valueName":"search_term_string"}}],"inLanguage":"en-US"},{"@type":"Organization","@id":"https:\/\/quadalkatreszek.com\/#organization","name":"quadalkatreszek.com","url":"https:\/\/quadalkatreszek.com\/","logo":{"@type":"ImageObject","inLanguage":"en-US","@id":"https:\/\/quadalkatreszek.com\/#\/schema\/logo\/image\/","url":"https:\/\/quadalkatreszek.com\/wp-content\/uploads\/2023\/01\/korlogo-2.png","contentUrl":"https:\/\/quadalkatreszek.com\/wp-content\/uploads\/2023\/01\/korlogo-2.png","width":866,"height":866,"caption":"quadalkatreszek.com"},"image":{"@id":"https:\/\/quadalkatreszek.com\/#\/schema\/logo\/image\/"}}]}},"_links":{"self":[{"href":"https:\/\/quadalkatreszek.com\/en\/wp-json\/wp\/v2\/product\/32332","targetHints":{"allow":["GET"]}}],"collection":[{"href":"https:\/\/quadalkatreszek.com\/en\/wp-json\/wp\/v2\/product"}],"about":[{"href":"https:\/\/quadalkatreszek.com\/en\/wp-json\/wp\/v2\/types\/product"}],"replies":[{"embeddable":true,"href":"https:\/\/quadalkatreszek.com\/en\/wp-json\/wp\/v2\/comments?post=32332"}],"wp:featuredmedia":[{"embeddable":true,"href":"https:\/\/quadalkatreszek.com\/en\/wp-json\/wp\/v2\/media\/38722"}],"wp:attachment":[{"href":"https:\/\/quadalkatreszek.com\/en\/wp-json\/wp\/v2\/media?parent=32332"}],"wp:term":[{"taxonomy":"product_brand","embeddable":true,"href":"https:\/\/quadalkatreszek.com\/en\/wp-json\/wp\/v2\/product_brand?post=32332"},{"taxonomy":"product_cat","embeddable":true,"href":"https:\/\/quadalkatreszek.com\/en\/wp-json\/wp\/v2\/product_cat?post=32332"},{"taxonomy":"product_tag","embeddable":true,"href":"https:\/\/quadalkatreszek.com\/en\/wp-json\/wp\/v2\/product_tag?post=32332"}],"curies":[{"name":"wp","href":"https:\/\/api.w.org\/{rel}","templated":true}]}}