{"id":32334,"date":"2023-02-17T12:35:00","date_gmt":"2023-02-17T11:35:00","guid":{"rendered":"https:\/\/quadalkatreszek.com\/?post_type=product&#038;p=32334"},"modified":"2025-10-10T11:54:42","modified_gmt":"2025-10-10T10:54:42","slug":"150cc-dirt-bike-16-19-kerekmeret-hr150","status":"publish","type":"product","link":"https:\/\/quadalkatreszek.com\/en\/product\/150cc-dirt-bike-16-19-kerekmeret-hr150\/","title":{"rendered":"150cc Dirt bike 16\/19 ker\u00e9km\u00e9ret HR150"},"content":{"rendered":"<p>Elad\u00f3 dirt bike 150cc 16\/19 ker\u00e9km\u00e9ret<\/p>\n<p>Ez a term\u00e9k k\u00f6z\u00fati forgalomban nem vehet r\u00e9szt!!!<\/p>\n<p>HR150<br \/>\nMotor: 150 cc, egyhengeres, 4 \u00fctem\u0171<br \/>\nMax. Sebess\u00e9g: 95 -100km\/h-ig<br \/>\nH\u0171t\u00e9s: leveg\u0151<br \/>\nV\u00e1lt\u00e1s: Manu\u00e1lis 5 sebess\u00e9g<br \/>\nGy\u00fajt\u00e1s: elektromos CDI<br \/>\nInd\u00edt\u00e1s: Ped\u00e1l + elektromos ind\u00edt\u00f3<br \/>\nFelnik: el\u00f6l 19&#8243;, h\u00e1tul 16&#8243;Els\u0151 gumik: 70\/100-19<br \/>\nH\u00e1ts\u00f3 gumik: 90\/100-16<br \/>\nEls\u0151 felf\u00fcggeszt\u00e9s: Olaj leng\u00e9scsillap\u00edt\u00f3k<br \/>\nH\u00e1ts\u00f3 felf\u00fcggeszt\u00e9s: k\u00f6zponti felf\u00fcggeszt\u00e9s (\u00e1ll\u00edthat\u00f3 merevs\u00e9g)<br \/>\nEls\u0151 f\u00e9kek: 1x t\u00e1rcsa &#8211; hidraulikus<br \/>\nH\u00e1ts\u00f3 f\u00e9kek: 1x t\u00e1rcsa &#8211; hidraulikus (l\u00e1b)<br \/>\nTart\u00e1ly t\u00e9rfogata: 7,2 l \u00dczemanyag: term\u00e9szetes 95<br \/>\nS\u00faly: 104 kg<br \/>\nMaxim\u00e1lis terhel\u00e9s: 130 kg<br \/>\nTeljes hossza: 190 cm<br \/>\nKorm\u00e1ny magass\u00e1ga (f\u00f6ldt\u0151l): 113 cm<br \/>\nKorm\u00e1ny sz\u00e9less\u00e9ge: 79 cm<br \/>\n\u00dcl\u00e9smagass\u00e1g (f\u00f6ldt\u0151l): 87 cm<br \/>\n\u00dcl\u00e9smagass\u00e1g (l\u00e1bt\u00e1maszt\u00f3l): 54 cm<br \/>\nL\u00e1btart\u00f3k magass\u00e1ga (a talajt\u00f3l): 30 cm<\/p>\n<p>Elad\u00f3 dirt bike 150cc<\/p>\n<p><span style=\"color: #ff0000\">A quadok \u00e9s motorok sz\u00e1ll\u00edt\u00e1sa egyedi d\u00edjaz\u00e1ssal t\u00f6rt\u00e9nik!<\/span><\/p>\n<p>Ennek \u00f6sszeg\u00e9r\u0151l k\u00e9rem telefonon vagy e-mailben \u00e9rdekl\u0151dj\u00f6n<\/p>\n<p>&#8211; &#8211; &#8211;<br \/>\n<!--kkod_start--><\/p>\n<div class=\"kkod-visible\">kkod:93<\/div>\n<p><!--kkod_end--><\/p>","protected":false},"excerpt":{"rendered":"<p>150cc Dirt bike 16\/19 ker\u00e9km\u00e9ret<\/p>\n<p>Ez a term\u00e9k k\u00f6z\u00fati forgalomban nem vehet r\u00e9szt!!!<\/p>","protected":false},"featured_media":32336,"comment_status":"open","ping_status":"closed","template":"","meta":[],"product_brand":[],"product_cat":[136],"product_tag":[],"class_list":{"0":"post-32334","1":"product","2":"type-product","3":"status-publish","4":"has-post-thumbnail","6":"product_cat-cross-motorok-dirt-bike-ok","7":"product_shipping_class-tulmeret-1","9":"first","10":"instock","11":"sale","12":"featured","13":"shipping-taxable","14":"purchasable","15":"product-type-simple"},"yoast_head":"<!-- This site is optimized with the Yoast SEO plugin v27.5 - https:\/\/yoast.com\/product\/yoast-seo-wordpress\/ -->\n<title>Elad\u00f3 dirt bike 150cc 16\/19 ker\u00e9km\u00e9ret % quadalkatreszek.com<\/title>\n<meta name=\"description\" content=\"Elad\u00f3 dirt bike 150cc 16\/19 ker\u00e9km\u00e9ret. L\u00e1togass el hozz\u00e1nk \u00e9s gy\u0151z\u0151dj meg r\u00f3la, hogy t\u00e9nyleg itt tudod beszerezni a legolcs\u00f3bban ezeket a j\u00e1rm\u0171veket.\" \/>\n<meta name=\"robots\" content=\"index, follow, max-snippet:-1, max-image-preview:large, max-video-preview:-1\" \/>\n<link rel=\"canonical\" href=\"https:\/\/quadalkatreszek.com\/en\/product\/150cc-dirt-bike-16-19-kerekmeret-hr150\/\" \/>\n<meta property=\"og:locale\" content=\"en_US\" \/>\n<meta property=\"og:type\" content=\"article\" \/>\n<meta property=\"og:title\" content=\"Elad\u00f3 dirt bike 150cc 16\/19 ker\u00e9km\u00e9ret % quadalkatreszek.com\" \/>\n<meta property=\"og:description\" content=\"Elad\u00f3 dirt bike 150cc 16\/19 ker\u00e9km\u00e9ret. L\u00e1togass el hozz\u00e1nk \u00e9s gy\u0151z\u0151dj meg r\u00f3la, hogy t\u00e9nyleg itt tudod beszerezni a legolcs\u00f3bban ezeket a j\u00e1rm\u0171veket.\" \/>\n<meta property=\"og:url\" content=\"https:\/\/quadalkatreszek.com\/en\/product\/150cc-dirt-bike-16-19-kerekmeret-hr150\/\" \/>\n<meta property=\"og:site_name\" content=\"quadalkatreszek.com\" \/>\n<meta property=\"article:modified_time\" content=\"2025-10-10T10:54:42+00:00\" \/>\n<meta property=\"og:image\" content=\"https:\/\/quadalkatreszek.com\/wp-content\/uploads\/2023\/02\/dirt-5480-bike150.jpg\" \/>\n\t<meta property=\"og:image:width\" content=\"589\" \/>\n\t<meta property=\"og:image:height\" content=\"508\" \/>\n\t<meta property=\"og:image:type\" content=\"image\/jpeg\" \/>\n<meta name=\"twitter:card\" content=\"summary_large_image\" \/>\n<meta name=\"twitter:label1\" content=\"Est. reading time\" \/>\n\t<meta name=\"twitter:data1\" content=\"1 minute\" \/>\n<script type=\"application\/ld+json\" class=\"yoast-schema-graph\">{\"@context\":\"https:\\\/\\\/schema.org\",\"@graph\":[{\"@type\":\"WebPage\",\"@id\":\"https:\\\/\\\/quadalkatreszek.com\\\/product\\\/150cc-dirt-bike-16-19-kerekmeret-hr150\\\/\",\"url\":\"https:\\\/\\\/quadalkatreszek.com\\\/product\\\/150cc-dirt-bike-16-19-kerekmeret-hr150\\\/\",\"name\":\"Elad\u00f3 dirt bike 150cc 16\\\/19 ker\u00e9km\u00e9ret % quadalkatreszek.com\",\"isPartOf\":{\"@id\":\"https:\\\/\\\/quadalkatreszek.com\\\/#website\"},\"primaryImageOfPage\":{\"@id\":\"https:\\\/\\\/quadalkatreszek.com\\\/product\\\/150cc-dirt-bike-16-19-kerekmeret-hr150\\\/#primaryimage\"},\"image\":{\"@id\":\"https:\\\/\\\/quadalkatreszek.com\\\/product\\\/150cc-dirt-bike-16-19-kerekmeret-hr150\\\/#primaryimage\"},\"thumbnailUrl\":\"https:\\\/\\\/quadalkatreszek.com\\\/wp-content\\\/uploads\\\/2023\\\/02\\\/dirt-5480-bike150.jpg\",\"datePublished\":\"2023-02-17T11:35:00+00:00\",\"dateModified\":\"2025-10-10T10:54:42+00:00\",\"description\":\"Elad\u00f3 dirt bike 150cc 16\\\/19 ker\u00e9km\u00e9ret. L\u00e1togass el hozz\u00e1nk \u00e9s gy\u0151z\u0151dj meg r\u00f3la, hogy t\u00e9nyleg itt tudod beszerezni a legolcs\u00f3bban ezeket a j\u00e1rm\u0171veket.\",\"breadcrumb\":{\"@id\":\"https:\\\/\\\/quadalkatreszek.com\\\/product\\\/150cc-dirt-bike-16-19-kerekmeret-hr150\\\/#breadcrumb\"},\"inLanguage\":\"en-US\",\"potentialAction\":[{\"@type\":\"ReadAction\",\"target\":[\"https:\\\/\\\/quadalkatreszek.com\\\/product\\\/150cc-dirt-bike-16-19-kerekmeret-hr150\\\/\"]}]},{\"@type\":\"ImageObject\",\"inLanguage\":\"en-US\",\"@id\":\"https:\\\/\\\/quadalkatreszek.com\\\/product\\\/150cc-dirt-bike-16-19-kerekmeret-hr150\\\/#primaryimage\",\"url\":\"https:\\\/\\\/quadalkatreszek.com\\\/wp-content\\\/uploads\\\/2023\\\/02\\\/dirt-5480-bike150.jpg\",\"contentUrl\":\"https:\\\/\\\/quadalkatreszek.com\\\/wp-content\\\/uploads\\\/2023\\\/02\\\/dirt-5480-bike150.jpg\",\"width\":589,\"height\":508,\"caption\":\"Elad\u00f3 dirt bike 150cc\"},{\"@type\":\"BreadcrumbList\",\"@id\":\"https:\\\/\\\/quadalkatreszek.com\\\/product\\\/150cc-dirt-bike-16-19-kerekmeret-hr150\\\/#breadcrumb\",\"itemListElement\":[{\"@type\":\"ListItem\",\"position\":1,\"name\":\"Kezd\u0151lap\",\"item\":\"https:\\\/\\\/quadalkatreszek.com\\\/\"},{\"@type\":\"ListItem\",\"position\":2,\"name\":\"Shop\",\"item\":\"https:\\\/\\\/quadalkatreszek.com\\\/shop\\\/\"},{\"@type\":\"ListItem\",\"position\":3,\"name\":\"150cc Dirt bike 16\\\/19 ker\u00e9km\u00e9ret HR150\"}]},{\"@type\":\"WebSite\",\"@id\":\"https:\\\/\\\/quadalkatreszek.com\\\/#website\",\"url\":\"https:\\\/\\\/quadalkatreszek.com\\\/\",\"name\":\"quadalkatreszek.com\",\"description\":\"alkatr\u00e9szek - azonnal - rakt\u00e1rr\u00f3l\",\"publisher\":{\"@id\":\"https:\\\/\\\/quadalkatreszek.com\\\/#organization\"},\"potentialAction\":[{\"@type\":\"SearchAction\",\"target\":{\"@type\":\"EntryPoint\",\"urlTemplate\":\"https:\\\/\\\/quadalkatreszek.com\\\/?s={search_term_string}\"},\"query-input\":{\"@type\":\"PropertyValueSpecification\",\"valueRequired\":true,\"valueName\":\"search_term_string\"}}],\"inLanguage\":\"en-US\"},{\"@type\":\"Organization\",\"@id\":\"https:\\\/\\\/quadalkatreszek.com\\\/#organization\",\"name\":\"quadalkatreszek.com\",\"url\":\"https:\\\/\\\/quadalkatreszek.com\\\/\",\"logo\":{\"@type\":\"ImageObject\",\"inLanguage\":\"en-US\",\"@id\":\"https:\\\/\\\/quadalkatreszek.com\\\/#\\\/schema\\\/logo\\\/image\\\/\",\"url\":\"https:\\\/\\\/quadalkatreszek.com\\\/wp-content\\\/uploads\\\/2023\\\/01\\\/korlogo-2.png\",\"contentUrl\":\"https:\\\/\\\/quadalkatreszek.com\\\/wp-content\\\/uploads\\\/2023\\\/01\\\/korlogo-2.png\",\"width\":866,\"height\":866,\"caption\":\"quadalkatreszek.com\"},\"image\":{\"@id\":\"https:\\\/\\\/quadalkatreszek.com\\\/#\\\/schema\\\/logo\\\/image\\\/\"}}]}<\/script>\n<!-- \/ Yoast SEO plugin. -->","yoast_head_json":{"title":"Elad\u00f3 dirt bike 150cc 16\/19 ker\u00e9km\u00e9ret % quadalkatreszek.com","description":"Elad\u00f3 dirt bike 150cc 16\/19 ker\u00e9km\u00e9ret. L\u00e1togass el hozz\u00e1nk \u00e9s gy\u0151z\u0151dj meg r\u00f3la, hogy t\u00e9nyleg itt tudod beszerezni a legolcs\u00f3bban ezeket a j\u00e1rm\u0171veket.","robots":{"index":"index","follow":"follow","max-snippet":"max-snippet:-1","max-image-preview":"max-image-preview:large","max-video-preview":"max-video-preview:-1"},"canonical":"https:\/\/quadalkatreszek.com\/en\/product\/150cc-dirt-bike-16-19-kerekmeret-hr150\/","og_locale":"en_US","og_type":"article","og_title":"Elad\u00f3 dirt bike 150cc 16\/19 ker\u00e9km\u00e9ret % quadalkatreszek.com","og_description":"Elad\u00f3 dirt bike 150cc 16\/19 ker\u00e9km\u00e9ret. L\u00e1togass el hozz\u00e1nk \u00e9s gy\u0151z\u0151dj meg r\u00f3la, hogy t\u00e9nyleg itt tudod beszerezni a legolcs\u00f3bban ezeket a j\u00e1rm\u0171veket.","og_url":"https:\/\/quadalkatreszek.com\/en\/product\/150cc-dirt-bike-16-19-kerekmeret-hr150\/","og_site_name":"quadalkatreszek.com","article_modified_time":"2025-10-10T10:54:42+00:00","og_image":[{"width":589,"height":508,"url":"https:\/\/quadalkatreszek.com\/wp-content\/uploads\/2023\/02\/dirt-5480-bike150.jpg","type":"image\/jpeg"}],"twitter_card":"summary_large_image","twitter_misc":{"Est. reading time":"1 minute"},"schema":{"@context":"https:\/\/schema.org","@graph":[{"@type":"WebPage","@id":"https:\/\/quadalkatreszek.com\/product\/150cc-dirt-bike-16-19-kerekmeret-hr150\/","url":"https:\/\/quadalkatreszek.com\/product\/150cc-dirt-bike-16-19-kerekmeret-hr150\/","name":"Elad\u00f3 dirt bike 150cc 16\/19 ker\u00e9km\u00e9ret % quadalkatreszek.com","isPartOf":{"@id":"https:\/\/quadalkatreszek.com\/#website"},"primaryImageOfPage":{"@id":"https:\/\/quadalkatreszek.com\/product\/150cc-dirt-bike-16-19-kerekmeret-hr150\/#primaryimage"},"image":{"@id":"https:\/\/quadalkatreszek.com\/product\/150cc-dirt-bike-16-19-kerekmeret-hr150\/#primaryimage"},"thumbnailUrl":"https:\/\/quadalkatreszek.com\/wp-content\/uploads\/2023\/02\/dirt-5480-bike150.jpg","datePublished":"2023-02-17T11:35:00+00:00","dateModified":"2025-10-10T10:54:42+00:00","description":"Elad\u00f3 dirt bike 150cc 16\/19 ker\u00e9km\u00e9ret. L\u00e1togass el hozz\u00e1nk \u00e9s gy\u0151z\u0151dj meg r\u00f3la, hogy t\u00e9nyleg itt tudod beszerezni a legolcs\u00f3bban ezeket a j\u00e1rm\u0171veket.","breadcrumb":{"@id":"https:\/\/quadalkatreszek.com\/product\/150cc-dirt-bike-16-19-kerekmeret-hr150\/#breadcrumb"},"inLanguage":"en-US","potentialAction":[{"@type":"ReadAction","target":["https:\/\/quadalkatreszek.com\/product\/150cc-dirt-bike-16-19-kerekmeret-hr150\/"]}]},{"@type":"ImageObject","inLanguage":"en-US","@id":"https:\/\/quadalkatreszek.com\/product\/150cc-dirt-bike-16-19-kerekmeret-hr150\/#primaryimage","url":"https:\/\/quadalkatreszek.com\/wp-content\/uploads\/2023\/02\/dirt-5480-bike150.jpg","contentUrl":"https:\/\/quadalkatreszek.com\/wp-content\/uploads\/2023\/02\/dirt-5480-bike150.jpg","width":589,"height":508,"caption":"Elad\u00f3 dirt bike 150cc"},{"@type":"BreadcrumbList","@id":"https:\/\/quadalkatreszek.com\/product\/150cc-dirt-bike-16-19-kerekmeret-hr150\/#breadcrumb","itemListElement":[{"@type":"ListItem","position":1,"name":"Kezd\u0151lap","item":"https:\/\/quadalkatreszek.com\/"},{"@type":"ListItem","position":2,"name":"Shop","item":"https:\/\/quadalkatreszek.com\/shop\/"},{"@type":"ListItem","position":3,"name":"150cc Dirt bike 16\/19 ker\u00e9km\u00e9ret HR150"}]},{"@type":"WebSite","@id":"https:\/\/quadalkatreszek.com\/#website","url":"https:\/\/quadalkatreszek.com\/","name":"quadalkatreszek.com","description":"alkatr\u00e9szek - azonnal - rakt\u00e1rr\u00f3l","publisher":{"@id":"https:\/\/quadalkatreszek.com\/#organization"},"potentialAction":[{"@type":"SearchAction","target":{"@type":"EntryPoint","urlTemplate":"https:\/\/quadalkatreszek.com\/?s={search_term_string}"},"query-input":{"@type":"PropertyValueSpecification","valueRequired":true,"valueName":"search_term_string"}}],"inLanguage":"en-US"},{"@type":"Organization","@id":"https:\/\/quadalkatreszek.com\/#organization","name":"quadalkatreszek.com","url":"https:\/\/quadalkatreszek.com\/","logo":{"@type":"ImageObject","inLanguage":"en-US","@id":"https:\/\/quadalkatreszek.com\/#\/schema\/logo\/image\/","url":"https:\/\/quadalkatreszek.com\/wp-content\/uploads\/2023\/01\/korlogo-2.png","contentUrl":"https:\/\/quadalkatreszek.com\/wp-content\/uploads\/2023\/01\/korlogo-2.png","width":866,"height":866,"caption":"quadalkatreszek.com"},"image":{"@id":"https:\/\/quadalkatreszek.com\/#\/schema\/logo\/image\/"}}]}},"_links":{"self":[{"href":"https:\/\/quadalkatreszek.com\/en\/wp-json\/wp\/v2\/product\/32334","targetHints":{"allow":["GET"]}}],"collection":[{"href":"https:\/\/quadalkatreszek.com\/en\/wp-json\/wp\/v2\/product"}],"about":[{"href":"https:\/\/quadalkatreszek.com\/en\/wp-json\/wp\/v2\/types\/product"}],"replies":[{"embeddable":true,"href":"https:\/\/quadalkatreszek.com\/en\/wp-json\/wp\/v2\/comments?post=32334"}],"wp:featuredmedia":[{"embeddable":true,"href":"https:\/\/quadalkatreszek.com\/en\/wp-json\/wp\/v2\/media\/32336"}],"wp:attachment":[{"href":"https:\/\/quadalkatreszek.com\/en\/wp-json\/wp\/v2\/media?parent=32334"}],"wp:term":[{"taxonomy":"product_brand","embeddable":true,"href":"https:\/\/quadalkatreszek.com\/en\/wp-json\/wp\/v2\/product_brand?post=32334"},{"taxonomy":"product_cat","embeddable":true,"href":"https:\/\/quadalkatreszek.com\/en\/wp-json\/wp\/v2\/product_cat?post=32334"},{"taxonomy":"product_tag","embeddable":true,"href":"https:\/\/quadalkatreszek.com\/en\/wp-json\/wp\/v2\/product_tag?post=32334"}],"curies":[{"name":"wp","href":"https:\/\/api.w.org\/{rel}","templated":true}]}}