{"id":32340,"date":"2023-02-17T12:42:59","date_gmt":"2023-02-17T11:42:59","guid":{"rendered":"https:\/\/quadalkatreszek.com\/?post_type=product&#038;p=32340"},"modified":"2025-03-25T17:52:40","modified_gmt":"2025-03-25T16:52:40","slug":"140cc-dirt-bike-19-16-kerekmeret","status":"publish","type":"product","link":"https:\/\/quadalkatreszek.com\/en\/product\/140cc-dirt-bike-19-16-kerekmeret\/","title":{"rendered":"140cc Dirt bike 19\/16 ker\u00e9km\u00e9ret"},"content":{"rendered":"<p>140cc elad\u00f3 dirt bike 19\/16 ker\u00e9km\u00e9ret<\/p>\n<p>Ez a term\u00e9k k\u00f6z\u00fati forgalomban nem vehet r\u00e9szt!!!<\/p>\n<ul>\n<li>Motor: ZongShen 140cc, n\u00e9gy\u00fctem\u0171 egyhengeres<\/li>\n<li>Max. nyomat\u00e9k: 9,5 Nm\/5500r\/perc<\/li>\n<li>Max. sebess\u00e9g: 90 km\/h<\/li>\n<li>H\u0171t\u00e9s: leveg\u0151<\/li>\n<li>V\u00e1lt\u00e1s: k\u00e9zi, 4 sebess\u00e9ges (teljes v\u00e1lt\u00e1s)<\/li>\n<li>F\u00e9kek: t\u00e1rcsa, hidraulikus<\/li>\n<li>A h\u00e1ts\u00f3 f\u00e9k l\u00e1bf\u00e9k, az els\u0151 f\u00e9k a korm\u00e1nyon klasszikus<\/li>\n<li>Keret: cs\u0151 alak\u00fa, nagy szil\u00e1rds\u00e1g\u00fa ac\u00e9l<\/li>\n<li>Villa: olaj, fejjel lefel\u00e9<\/li>\n<li>Kiv\u00e1l\u00f3 min\u0151s\u00e9g\u0171 h\u00e1ts\u00f3 k\u00f6zponti leng\u00e9scsillap\u00edt\u00f3 (monoshock) &#8211; \u00e1ll\u00edthat\u00f3 merevs\u00e9g, magass\u00e1g<\/li>\n<li>Kerekek: 19&#8243; \u00e9s 16&#8243; (fonott felnik)<\/li>\n<li>Gumiabroncs t\u00edpusa: off road<\/li>\n<li>A motorker\u00e9kp\u00e1r gyorst\u0171zzel van felszerelve<\/li>\n<li>Motorolaj: SAE 10W-40<\/li>\n<li>Kezd\u00e9s: l\u00e1b<\/li>\n<li>L\u00e1nc: H428<\/li>\n<li>\u00dczemanyag: term\u00e9szetes 95<\/li>\n<li>Tart\u00e1ly t\u00e9rfogata: 5,4l<\/li>\n<li>S\u00faly: 81 kg<\/li>\n<\/ul>\n<ul>\n<li>Teljes hossz: 185,5 cm<\/li>\n<li>Tengelyt\u00e1v: 126 cm<\/li>\n<li>Korm\u00e1ny sz\u00e9less\u00e9ge: 77 cm<\/li>\n<li>\u00dcl\u00e9smagass\u00e1g &#8211; a talajt\u00f3l: 88 cm<\/li>\n<li>Nyeregmagass\u00e1g &#8211; l\u00e1btart\u00f3t\u00f3l: 52 cm<\/li>\n<li>L\u00e1btart\u00f3k\u00a0 magass\u00e1ga a talajt\u00f3l: 35 cm<\/li>\n<li>Elad\u00f3 dirt bike<\/li>\n<li><span style=\"color: #ff0000;\">A quadok \u00e9s motorok sz\u00e1ll\u00edt\u00e1sa egyedi d\u00edjaz\u00e1ssal t\u00f6rt\u00e9nik!<\/span>Ennek \u00f6sszeg\u00e9r\u0151l k\u00e9rem telefonon vagy e-mailben \u00e9rdekl\u0151dj\u00f6n<\/li>\n<\/ul>\n<p>&#8211; &#8211; &#8211;<br \/>\n<!--kkod_start--><\/p>\n<div class=\"kkod-visible\">kkod:93<\/div>\n<p><!--kkod_end--><\/p>","protected":false},"excerpt":{"rendered":"<p>140cc Dirt bike 19\/16 ker\u00e9km\u00e9ret<\/p>\n<p>Ez a term\u00e9k k\u00f6z\u00fati forgalomban nem vehet r\u00e9szt!!!<\/p>","protected":false},"featured_media":32341,"comment_status":"open","ping_status":"closed","template":"","meta":[],"product_brand":[],"product_cat":[136],"product_tag":[],"class_list":{"0":"post-32340","1":"product","2":"type-product","3":"status-publish","4":"has-post-thumbnail","6":"product_cat-cross-motorok-dirt-bike-ok","7":"product_shipping_class-tulmeret-1","9":"first","10":"instock","11":"shipping-taxable","12":"purchasable","13":"product-type-simple"},"yoast_head":"<!-- This site is optimized with the Yoast SEO plugin v27.5 - https:\/\/yoast.com\/product\/yoast-seo-wordpress\/ -->\n<title>Elad\u00f3 dirt bike cross motor 140cc Nagy 19\/16-os ker\u00e9kkel!<\/title>\n<meta name=\"description\" content=\"Elad\u00f3 dirt bike cross motor 140ccm! Nagy 19\/16-os ker\u00e9kkel! T\u00f6b bsz\u00e1sz Cross motor \u00e9s quad egy helyen egyenesen a k\u00f6zponti RAKT\u00c1RB\u00d3L!\" \/>\n<meta name=\"robots\" content=\"index, follow, max-snippet:-1, max-image-preview:large, max-video-preview:-1\" \/>\n<link rel=\"canonical\" href=\"https:\/\/quadalkatreszek.com\/en\/product\/140cc-dirt-bike-19-16-kerekmeret\/\" \/>\n<meta property=\"og:locale\" content=\"en_US\" \/>\n<meta property=\"og:type\" content=\"article\" \/>\n<meta property=\"og:title\" content=\"Elad\u00f3 dirt bike cross motor 140cc Nagy 19\/16-os ker\u00e9kkel!\" \/>\n<meta property=\"og:description\" content=\"Elad\u00f3 dirt bike cross motor 140ccm! Nagy 19\/16-os ker\u00e9kkel! T\u00f6b bsz\u00e1sz Cross motor \u00e9s quad egy helyen egyenesen a k\u00f6zponti RAKT\u00c1RB\u00d3L!\" \/>\n<meta property=\"og:url\" content=\"https:\/\/quadalkatreszek.com\/en\/product\/140cc-dirt-bike-19-16-kerekmeret\/\" \/>\n<meta property=\"og:site_name\" content=\"quadalkatreszek.com\" \/>\n<meta property=\"article:modified_time\" content=\"2025-03-25T16:52:40+00:00\" \/>\n<meta property=\"og:image\" content=\"https:\/\/quadalkatreszek.com\/wp-content\/uploads\/2023\/02\/140ccdirt.jpg\" \/>\n\t<meta property=\"og:image:width\" content=\"600\" \/>\n\t<meta property=\"og:image:height\" content=\"485\" \/>\n\t<meta property=\"og:image:type\" content=\"image\/jpeg\" \/>\n<meta name=\"twitter:card\" content=\"summary_large_image\" \/>\n<meta name=\"twitter:label1\" content=\"Est. reading time\" \/>\n\t<meta name=\"twitter:data1\" content=\"1 minute\" \/>\n<script type=\"application\/ld+json\" class=\"yoast-schema-graph\">{\"@context\":\"https:\\\/\\\/schema.org\",\"@graph\":[{\"@type\":\"WebPage\",\"@id\":\"https:\\\/\\\/quadalkatreszek.com\\\/product\\\/140cc-dirt-bike-19-16-kerekmeret\\\/\",\"url\":\"https:\\\/\\\/quadalkatreszek.com\\\/product\\\/140cc-dirt-bike-19-16-kerekmeret\\\/\",\"name\":\"Elad\u00f3 dirt bike cross motor 140cc Nagy 19\\\/16-os ker\u00e9kkel!\",\"isPartOf\":{\"@id\":\"https:\\\/\\\/quadalkatreszek.com\\\/#website\"},\"primaryImageOfPage\":{\"@id\":\"https:\\\/\\\/quadalkatreszek.com\\\/product\\\/140cc-dirt-bike-19-16-kerekmeret\\\/#primaryimage\"},\"image\":{\"@id\":\"https:\\\/\\\/quadalkatreszek.com\\\/product\\\/140cc-dirt-bike-19-16-kerekmeret\\\/#primaryimage\"},\"thumbnailUrl\":\"https:\\\/\\\/quadalkatreszek.com\\\/wp-content\\\/uploads\\\/2023\\\/02\\\/140ccdirt.jpg\",\"datePublished\":\"2023-02-17T11:42:59+00:00\",\"dateModified\":\"2025-03-25T16:52:40+00:00\",\"description\":\"Elad\u00f3 dirt bike cross motor 140ccm! Nagy 19\\\/16-os ker\u00e9kkel! T\u00f6b bsz\u00e1sz Cross motor \u00e9s quad egy helyen egyenesen a k\u00f6zponti RAKT\u00c1RB\u00d3L!\",\"breadcrumb\":{\"@id\":\"https:\\\/\\\/quadalkatreszek.com\\\/product\\\/140cc-dirt-bike-19-16-kerekmeret\\\/#breadcrumb\"},\"inLanguage\":\"en-US\",\"potentialAction\":[{\"@type\":\"ReadAction\",\"target\":[\"https:\\\/\\\/quadalkatreszek.com\\\/product\\\/140cc-dirt-bike-19-16-kerekmeret\\\/\"]}]},{\"@type\":\"ImageObject\",\"inLanguage\":\"en-US\",\"@id\":\"https:\\\/\\\/quadalkatreszek.com\\\/product\\\/140cc-dirt-bike-19-16-kerekmeret\\\/#primaryimage\",\"url\":\"https:\\\/\\\/quadalkatreszek.com\\\/wp-content\\\/uploads\\\/2023\\\/02\\\/140ccdirt.jpg\",\"contentUrl\":\"https:\\\/\\\/quadalkatreszek.com\\\/wp-content\\\/uploads\\\/2023\\\/02\\\/140ccdirt.jpg\",\"width\":600,\"height\":485,\"caption\":\"Elad\u00f3 dirt bike 140ccdirtbike\"},{\"@type\":\"BreadcrumbList\",\"@id\":\"https:\\\/\\\/quadalkatreszek.com\\\/product\\\/140cc-dirt-bike-19-16-kerekmeret\\\/#breadcrumb\",\"itemListElement\":[{\"@type\":\"ListItem\",\"position\":1,\"name\":\"Kezd\u0151lap\",\"item\":\"https:\\\/\\\/quadalkatreszek.com\\\/\"},{\"@type\":\"ListItem\",\"position\":2,\"name\":\"Shop\",\"item\":\"https:\\\/\\\/quadalkatreszek.com\\\/shop\\\/\"},{\"@type\":\"ListItem\",\"position\":3,\"name\":\"140cc Dirt bike 19\\\/16 ker\u00e9km\u00e9ret\"}]},{\"@type\":\"WebSite\",\"@id\":\"https:\\\/\\\/quadalkatreszek.com\\\/#website\",\"url\":\"https:\\\/\\\/quadalkatreszek.com\\\/\",\"name\":\"quadalkatreszek.com\",\"description\":\"alkatr\u00e9szek - azonnal - rakt\u00e1rr\u00f3l\",\"publisher\":{\"@id\":\"https:\\\/\\\/quadalkatreszek.com\\\/#organization\"},\"potentialAction\":[{\"@type\":\"SearchAction\",\"target\":{\"@type\":\"EntryPoint\",\"urlTemplate\":\"https:\\\/\\\/quadalkatreszek.com\\\/?s={search_term_string}\"},\"query-input\":{\"@type\":\"PropertyValueSpecification\",\"valueRequired\":true,\"valueName\":\"search_term_string\"}}],\"inLanguage\":\"en-US\"},{\"@type\":\"Organization\",\"@id\":\"https:\\\/\\\/quadalkatreszek.com\\\/#organization\",\"name\":\"quadalkatreszek.com\",\"url\":\"https:\\\/\\\/quadalkatreszek.com\\\/\",\"logo\":{\"@type\":\"ImageObject\",\"inLanguage\":\"en-US\",\"@id\":\"https:\\\/\\\/quadalkatreszek.com\\\/#\\\/schema\\\/logo\\\/image\\\/\",\"url\":\"https:\\\/\\\/quadalkatreszek.com\\\/wp-content\\\/uploads\\\/2023\\\/01\\\/korlogo-2.png\",\"contentUrl\":\"https:\\\/\\\/quadalkatreszek.com\\\/wp-content\\\/uploads\\\/2023\\\/01\\\/korlogo-2.png\",\"width\":866,\"height\":866,\"caption\":\"quadalkatreszek.com\"},\"image\":{\"@id\":\"https:\\\/\\\/quadalkatreszek.com\\\/#\\\/schema\\\/logo\\\/image\\\/\"}}]}<\/script>\n<!-- \/ Yoast SEO plugin. -->","yoast_head_json":{"title":"Elad\u00f3 dirt bike cross motor 140cc Nagy 19\/16-os ker\u00e9kkel!","description":"Elad\u00f3 dirt bike cross motor 140ccm! Nagy 19\/16-os ker\u00e9kkel! T\u00f6b bsz\u00e1sz Cross motor \u00e9s quad egy helyen egyenesen a k\u00f6zponti RAKT\u00c1RB\u00d3L!","robots":{"index":"index","follow":"follow","max-snippet":"max-snippet:-1","max-image-preview":"max-image-preview:large","max-video-preview":"max-video-preview:-1"},"canonical":"https:\/\/quadalkatreszek.com\/en\/product\/140cc-dirt-bike-19-16-kerekmeret\/","og_locale":"en_US","og_type":"article","og_title":"Elad\u00f3 dirt bike cross motor 140cc Nagy 19\/16-os ker\u00e9kkel!","og_description":"Elad\u00f3 dirt bike cross motor 140ccm! Nagy 19\/16-os ker\u00e9kkel! T\u00f6b bsz\u00e1sz Cross motor \u00e9s quad egy helyen egyenesen a k\u00f6zponti RAKT\u00c1RB\u00d3L!","og_url":"https:\/\/quadalkatreszek.com\/en\/product\/140cc-dirt-bike-19-16-kerekmeret\/","og_site_name":"quadalkatreszek.com","article_modified_time":"2025-03-25T16:52:40+00:00","og_image":[{"width":600,"height":485,"url":"https:\/\/quadalkatreszek.com\/wp-content\/uploads\/2023\/02\/140ccdirt.jpg","type":"image\/jpeg"}],"twitter_card":"summary_large_image","twitter_misc":{"Est. reading time":"1 minute"},"schema":{"@context":"https:\/\/schema.org","@graph":[{"@type":"WebPage","@id":"https:\/\/quadalkatreszek.com\/product\/140cc-dirt-bike-19-16-kerekmeret\/","url":"https:\/\/quadalkatreszek.com\/product\/140cc-dirt-bike-19-16-kerekmeret\/","name":"Elad\u00f3 dirt bike cross motor 140cc Nagy 19\/16-os ker\u00e9kkel!","isPartOf":{"@id":"https:\/\/quadalkatreszek.com\/#website"},"primaryImageOfPage":{"@id":"https:\/\/quadalkatreszek.com\/product\/140cc-dirt-bike-19-16-kerekmeret\/#primaryimage"},"image":{"@id":"https:\/\/quadalkatreszek.com\/product\/140cc-dirt-bike-19-16-kerekmeret\/#primaryimage"},"thumbnailUrl":"https:\/\/quadalkatreszek.com\/wp-content\/uploads\/2023\/02\/140ccdirt.jpg","datePublished":"2023-02-17T11:42:59+00:00","dateModified":"2025-03-25T16:52:40+00:00","description":"Elad\u00f3 dirt bike cross motor 140ccm! Nagy 19\/16-os ker\u00e9kkel! T\u00f6b bsz\u00e1sz Cross motor \u00e9s quad egy helyen egyenesen a k\u00f6zponti RAKT\u00c1RB\u00d3L!","breadcrumb":{"@id":"https:\/\/quadalkatreszek.com\/product\/140cc-dirt-bike-19-16-kerekmeret\/#breadcrumb"},"inLanguage":"en-US","potentialAction":[{"@type":"ReadAction","target":["https:\/\/quadalkatreszek.com\/product\/140cc-dirt-bike-19-16-kerekmeret\/"]}]},{"@type":"ImageObject","inLanguage":"en-US","@id":"https:\/\/quadalkatreszek.com\/product\/140cc-dirt-bike-19-16-kerekmeret\/#primaryimage","url":"https:\/\/quadalkatreszek.com\/wp-content\/uploads\/2023\/02\/140ccdirt.jpg","contentUrl":"https:\/\/quadalkatreszek.com\/wp-content\/uploads\/2023\/02\/140ccdirt.jpg","width":600,"height":485,"caption":"Elad\u00f3 dirt bike 140ccdirtbike"},{"@type":"BreadcrumbList","@id":"https:\/\/quadalkatreszek.com\/product\/140cc-dirt-bike-19-16-kerekmeret\/#breadcrumb","itemListElement":[{"@type":"ListItem","position":1,"name":"Kezd\u0151lap","item":"https:\/\/quadalkatreszek.com\/"},{"@type":"ListItem","position":2,"name":"Shop","item":"https:\/\/quadalkatreszek.com\/shop\/"},{"@type":"ListItem","position":3,"name":"140cc Dirt bike 19\/16 ker\u00e9km\u00e9ret"}]},{"@type":"WebSite","@id":"https:\/\/quadalkatreszek.com\/#website","url":"https:\/\/quadalkatreszek.com\/","name":"quadalkatreszek.com","description":"alkatr\u00e9szek - azonnal - rakt\u00e1rr\u00f3l","publisher":{"@id":"https:\/\/quadalkatreszek.com\/#organization"},"potentialAction":[{"@type":"SearchAction","target":{"@type":"EntryPoint","urlTemplate":"https:\/\/quadalkatreszek.com\/?s={search_term_string}"},"query-input":{"@type":"PropertyValueSpecification","valueRequired":true,"valueName":"search_term_string"}}],"inLanguage":"en-US"},{"@type":"Organization","@id":"https:\/\/quadalkatreszek.com\/#organization","name":"quadalkatreszek.com","url":"https:\/\/quadalkatreszek.com\/","logo":{"@type":"ImageObject","inLanguage":"en-US","@id":"https:\/\/quadalkatreszek.com\/#\/schema\/logo\/image\/","url":"https:\/\/quadalkatreszek.com\/wp-content\/uploads\/2023\/01\/korlogo-2.png","contentUrl":"https:\/\/quadalkatreszek.com\/wp-content\/uploads\/2023\/01\/korlogo-2.png","width":866,"height":866,"caption":"quadalkatreszek.com"},"image":{"@id":"https:\/\/quadalkatreszek.com\/#\/schema\/logo\/image\/"}}]}},"_links":{"self":[{"href":"https:\/\/quadalkatreszek.com\/en\/wp-json\/wp\/v2\/product\/32340","targetHints":{"allow":["GET"]}}],"collection":[{"href":"https:\/\/quadalkatreszek.com\/en\/wp-json\/wp\/v2\/product"}],"about":[{"href":"https:\/\/quadalkatreszek.com\/en\/wp-json\/wp\/v2\/types\/product"}],"replies":[{"embeddable":true,"href":"https:\/\/quadalkatreszek.com\/en\/wp-json\/wp\/v2\/comments?post=32340"}],"wp:featuredmedia":[{"embeddable":true,"href":"https:\/\/quadalkatreszek.com\/en\/wp-json\/wp\/v2\/media\/32341"}],"wp:attachment":[{"href":"https:\/\/quadalkatreszek.com\/en\/wp-json\/wp\/v2\/media?parent=32340"}],"wp:term":[{"taxonomy":"product_brand","embeddable":true,"href":"https:\/\/quadalkatreszek.com\/en\/wp-json\/wp\/v2\/product_brand?post=32340"},{"taxonomy":"product_cat","embeddable":true,"href":"https:\/\/quadalkatreszek.com\/en\/wp-json\/wp\/v2\/product_cat?post=32340"},{"taxonomy":"product_tag","embeddable":true,"href":"https:\/\/quadalkatreszek.com\/en\/wp-json\/wp\/v2\/product_tag?post=32340"}],"curies":[{"name":"wp","href":"https:\/\/api.w.org\/{rel}","templated":true}]}}