{"id":34275,"date":"2023-04-27T15:53:40","date_gmt":"2023-04-27T14:53:40","guid":{"rendered":"https:\/\/quadalkatreszek.com\/?post_type=product&#038;p=34275"},"modified":"2023-04-27T15:53:40","modified_gmt":"2023-04-27T14:53:40","slug":"pocket-quad-ricnis-agy","status":"publish","type":"product","link":"https:\/\/quadalkatreszek.com\/en\/product\/pocket-quad-ricnis-agy\/","title":{"rendered":"Pocket quad ricnis agy"},"content":{"rendered":"<p>50cc M7 Pocket quad ricnis agy h\u00e1ts\u00f3 f\u00e9kt\u00e1rcs\u00e1hoz \u00e9s l\u00e1ncker\u00e9khez.<\/p>\n<p>Gyerek quad ricnis agy<\/p>\n<p>, 146<br \/>\n&#8211; &#8211; &#8211;<br \/>\n<!--kkod_start--><\/p>\n<div class=\"kkod-visible\">kkod:146<\/div>\n<p><!--kkod_end--><\/p>","protected":false},"excerpt":{"rendered":"<p>50cc M7 Pocket quad ricnis agy h\u00e1ts\u00f3 f\u00e9kt\u00e1rcs\u00e1hoz \u00e9s l\u00e1ncker\u00e9khez<\/p>","protected":false},"featured_media":34276,"comment_status":"open","ping_status":"closed","template":"","meta":[],"product_brand":[],"product_cat":[104,89],"product_tag":[],"class_list":{"0":"post-34275","1":"product","2":"type-product","3":"status-publish","4":"has-post-thumbnail","6":"product_cat-hatso-tengely","7":"product_cat-kerekagy-bordas-agy","9":"first","10":"instock","11":"shipping-taxable","12":"purchasable","13":"product-type-simple"},"yoast_head":"<!-- This site is optimized with the Yoast SEO plugin v27.5 - https:\/\/yoast.com\/product\/yoast-seo-wordpress\/ -->\n<title>50cc M7 Pocket quad ricnis agy h\u00e1ts\u00f3 f\u00e9kt\u00e1rcs\u00e1hoz<\/title>\n<meta name=\"description\" content=\"50cc M7 Pocket quad ricnis agy h\u00e1ts\u00f3 f\u00e9kt\u00e1rcs\u00e1hoz \u00e9s l\u00e1ncker\u00e9khez. T\u00f6bb ezere gyerek \u00e9s feln\u0151tt quad alkatr\u00e9sz egy helyen a legjobb \u00e1ron!\" \/>\n<meta name=\"robots\" content=\"index, follow, max-snippet:-1, max-image-preview:large, max-video-preview:-1\" \/>\n<link rel=\"canonical\" href=\"https:\/\/quadalkatreszek.com\/en\/product\/pocket-quad-ricnis-agy\/\" \/>\n<meta property=\"og:locale\" content=\"en_US\" \/>\n<meta property=\"og:type\" content=\"article\" \/>\n<meta property=\"og:title\" content=\"50cc M7 Pocket quad ricnis agy h\u00e1ts\u00f3 f\u00e9kt\u00e1rcs\u00e1hoz\" \/>\n<meta property=\"og:description\" content=\"50cc M7 Pocket quad ricnis agy h\u00e1ts\u00f3 f\u00e9kt\u00e1rcs\u00e1hoz \u00e9s l\u00e1ncker\u00e9khez. T\u00f6bb ezere gyerek \u00e9s feln\u0151tt quad alkatr\u00e9sz egy helyen a legjobb \u00e1ron!\" \/>\n<meta property=\"og:url\" content=\"https:\/\/quadalkatreszek.com\/en\/product\/pocket-quad-ricnis-agy\/\" \/>\n<meta property=\"og:site_name\" content=\"quadalkatreszek.com\" \/>\n<meta property=\"og:image\" content=\"https:\/\/quadalkatreszek.com\/wp-content\/uploads\/2023\/04\/pocket-kerek-agy-1.jpg\" \/>\n\t<meta property=\"og:image:width\" content=\"1024\" \/>\n\t<meta property=\"og:image:height\" content=\"768\" \/>\n\t<meta property=\"og:image:type\" content=\"image\/jpeg\" \/>\n<meta name=\"twitter:card\" content=\"summary_large_image\" \/>\n<script type=\"application\/ld+json\" class=\"yoast-schema-graph\">{\"@context\":\"https:\\\/\\\/schema.org\",\"@graph\":[{\"@type\":\"WebPage\",\"@id\":\"https:\\\/\\\/quadalkatreszek.com\\\/product\\\/pocket-quad-ricnis-agy\\\/\",\"url\":\"https:\\\/\\\/quadalkatreszek.com\\\/product\\\/pocket-quad-ricnis-agy\\\/\",\"name\":\"50cc M7 Pocket quad ricnis agy h\u00e1ts\u00f3 f\u00e9kt\u00e1rcs\u00e1hoz\",\"isPartOf\":{\"@id\":\"https:\\\/\\\/quadalkatreszek.com\\\/#website\"},\"primaryImageOfPage\":{\"@id\":\"https:\\\/\\\/quadalkatreszek.com\\\/product\\\/pocket-quad-ricnis-agy\\\/#primaryimage\"},\"image\":{\"@id\":\"https:\\\/\\\/quadalkatreszek.com\\\/product\\\/pocket-quad-ricnis-agy\\\/#primaryimage\"},\"thumbnailUrl\":\"https:\\\/\\\/quadalkatreszek.com\\\/wp-content\\\/uploads\\\/2023\\\/04\\\/pocket-kerek-agy-1.jpg\",\"datePublished\":\"2023-04-27T14:53:40+00:00\",\"description\":\"50cc M7 Pocket quad ricnis agy h\u00e1ts\u00f3 f\u00e9kt\u00e1rcs\u00e1hoz \u00e9s l\u00e1ncker\u00e9khez. T\u00f6bb ezere gyerek \u00e9s feln\u0151tt quad alkatr\u00e9sz egy helyen a legjobb \u00e1ron!\",\"breadcrumb\":{\"@id\":\"https:\\\/\\\/quadalkatreszek.com\\\/product\\\/pocket-quad-ricnis-agy\\\/#breadcrumb\"},\"inLanguage\":\"en-US\",\"potentialAction\":[{\"@type\":\"ReadAction\",\"target\":[\"https:\\\/\\\/quadalkatreszek.com\\\/product\\\/pocket-quad-ricnis-agy\\\/\"]}]},{\"@type\":\"ImageObject\",\"inLanguage\":\"en-US\",\"@id\":\"https:\\\/\\\/quadalkatreszek.com\\\/product\\\/pocket-quad-ricnis-agy\\\/#primaryimage\",\"url\":\"https:\\\/\\\/quadalkatreszek.com\\\/wp-content\\\/uploads\\\/2023\\\/04\\\/pocket-kerek-agy-1.jpg\",\"contentUrl\":\"https:\\\/\\\/quadalkatreszek.com\\\/wp-content\\\/uploads\\\/2023\\\/04\\\/pocket-kerek-agy-1.jpg\",\"width\":1024,\"height\":768,\"caption\":\"gyerek quad f\u00e9kt\u00e1rcsa felfogat\u00f3 agy\"},{\"@type\":\"BreadcrumbList\",\"@id\":\"https:\\\/\\\/quadalkatreszek.com\\\/product\\\/pocket-quad-ricnis-agy\\\/#breadcrumb\",\"itemListElement\":[{\"@type\":\"ListItem\",\"position\":1,\"name\":\"Kezd\u0151lap\",\"item\":\"https:\\\/\\\/quadalkatreszek.com\\\/\"},{\"@type\":\"ListItem\",\"position\":2,\"name\":\"Shop\",\"item\":\"https:\\\/\\\/quadalkatreszek.com\\\/shop\\\/\"},{\"@type\":\"ListItem\",\"position\":3,\"name\":\"Pocket quad ricnis agy\"}]},{\"@type\":\"WebSite\",\"@id\":\"https:\\\/\\\/quadalkatreszek.com\\\/#website\",\"url\":\"https:\\\/\\\/quadalkatreszek.com\\\/\",\"name\":\"quadalkatreszek.com\",\"description\":\"alkatr\u00e9szek - azonnal - rakt\u00e1rr\u00f3l\",\"publisher\":{\"@id\":\"https:\\\/\\\/quadalkatreszek.com\\\/#organization\"},\"potentialAction\":[{\"@type\":\"SearchAction\",\"target\":{\"@type\":\"EntryPoint\",\"urlTemplate\":\"https:\\\/\\\/quadalkatreszek.com\\\/?s={search_term_string}\"},\"query-input\":{\"@type\":\"PropertyValueSpecification\",\"valueRequired\":true,\"valueName\":\"search_term_string\"}}],\"inLanguage\":\"en-US\"},{\"@type\":\"Organization\",\"@id\":\"https:\\\/\\\/quadalkatreszek.com\\\/#organization\",\"name\":\"quadalkatreszek.com\",\"url\":\"https:\\\/\\\/quadalkatreszek.com\\\/\",\"logo\":{\"@type\":\"ImageObject\",\"inLanguage\":\"en-US\",\"@id\":\"https:\\\/\\\/quadalkatreszek.com\\\/#\\\/schema\\\/logo\\\/image\\\/\",\"url\":\"https:\\\/\\\/quadalkatreszek.com\\\/wp-content\\\/uploads\\\/2023\\\/01\\\/korlogo-2.png\",\"contentUrl\":\"https:\\\/\\\/quadalkatreszek.com\\\/wp-content\\\/uploads\\\/2023\\\/01\\\/korlogo-2.png\",\"width\":866,\"height\":866,\"caption\":\"quadalkatreszek.com\"},\"image\":{\"@id\":\"https:\\\/\\\/quadalkatreszek.com\\\/#\\\/schema\\\/logo\\\/image\\\/\"}}]}<\/script>\n<!-- \/ Yoast SEO plugin. -->","yoast_head_json":{"title":"50cc M7 Pocket quad ricnis agy h\u00e1ts\u00f3 f\u00e9kt\u00e1rcs\u00e1hoz","description":"50cc M7 Pocket quad ricnis agy h\u00e1ts\u00f3 f\u00e9kt\u00e1rcs\u00e1hoz \u00e9s l\u00e1ncker\u00e9khez. T\u00f6bb ezere gyerek \u00e9s feln\u0151tt quad alkatr\u00e9sz egy helyen a legjobb \u00e1ron!","robots":{"index":"index","follow":"follow","max-snippet":"max-snippet:-1","max-image-preview":"max-image-preview:large","max-video-preview":"max-video-preview:-1"},"canonical":"https:\/\/quadalkatreszek.com\/en\/product\/pocket-quad-ricnis-agy\/","og_locale":"en_US","og_type":"article","og_title":"50cc M7 Pocket quad ricnis agy h\u00e1ts\u00f3 f\u00e9kt\u00e1rcs\u00e1hoz","og_description":"50cc M7 Pocket quad ricnis agy h\u00e1ts\u00f3 f\u00e9kt\u00e1rcs\u00e1hoz \u00e9s l\u00e1ncker\u00e9khez. T\u00f6bb ezere gyerek \u00e9s feln\u0151tt quad alkatr\u00e9sz egy helyen a legjobb \u00e1ron!","og_url":"https:\/\/quadalkatreszek.com\/en\/product\/pocket-quad-ricnis-agy\/","og_site_name":"quadalkatreszek.com","og_image":[{"width":1024,"height":768,"url":"https:\/\/quadalkatreszek.com\/wp-content\/uploads\/2023\/04\/pocket-kerek-agy-1.jpg","type":"image\/jpeg"}],"twitter_card":"summary_large_image","schema":{"@context":"https:\/\/schema.org","@graph":[{"@type":"WebPage","@id":"https:\/\/quadalkatreszek.com\/product\/pocket-quad-ricnis-agy\/","url":"https:\/\/quadalkatreszek.com\/product\/pocket-quad-ricnis-agy\/","name":"50cc M7 Pocket quad ricnis agy h\u00e1ts\u00f3 f\u00e9kt\u00e1rcs\u00e1hoz","isPartOf":{"@id":"https:\/\/quadalkatreszek.com\/#website"},"primaryImageOfPage":{"@id":"https:\/\/quadalkatreszek.com\/product\/pocket-quad-ricnis-agy\/#primaryimage"},"image":{"@id":"https:\/\/quadalkatreszek.com\/product\/pocket-quad-ricnis-agy\/#primaryimage"},"thumbnailUrl":"https:\/\/quadalkatreszek.com\/wp-content\/uploads\/2023\/04\/pocket-kerek-agy-1.jpg","datePublished":"2023-04-27T14:53:40+00:00","description":"50cc M7 Pocket quad ricnis agy h\u00e1ts\u00f3 f\u00e9kt\u00e1rcs\u00e1hoz \u00e9s l\u00e1ncker\u00e9khez. T\u00f6bb ezere gyerek \u00e9s feln\u0151tt quad alkatr\u00e9sz egy helyen a legjobb \u00e1ron!","breadcrumb":{"@id":"https:\/\/quadalkatreszek.com\/product\/pocket-quad-ricnis-agy\/#breadcrumb"},"inLanguage":"en-US","potentialAction":[{"@type":"ReadAction","target":["https:\/\/quadalkatreszek.com\/product\/pocket-quad-ricnis-agy\/"]}]},{"@type":"ImageObject","inLanguage":"en-US","@id":"https:\/\/quadalkatreszek.com\/product\/pocket-quad-ricnis-agy\/#primaryimage","url":"https:\/\/quadalkatreszek.com\/wp-content\/uploads\/2023\/04\/pocket-kerek-agy-1.jpg","contentUrl":"https:\/\/quadalkatreszek.com\/wp-content\/uploads\/2023\/04\/pocket-kerek-agy-1.jpg","width":1024,"height":768,"caption":"gyerek quad f\u00e9kt\u00e1rcsa felfogat\u00f3 agy"},{"@type":"BreadcrumbList","@id":"https:\/\/quadalkatreszek.com\/product\/pocket-quad-ricnis-agy\/#breadcrumb","itemListElement":[{"@type":"ListItem","position":1,"name":"Kezd\u0151lap","item":"https:\/\/quadalkatreszek.com\/"},{"@type":"ListItem","position":2,"name":"Shop","item":"https:\/\/quadalkatreszek.com\/shop\/"},{"@type":"ListItem","position":3,"name":"Pocket quad ricnis agy"}]},{"@type":"WebSite","@id":"https:\/\/quadalkatreszek.com\/#website","url":"https:\/\/quadalkatreszek.com\/","name":"quadalkatreszek.com","description":"alkatr\u00e9szek - azonnal - rakt\u00e1rr\u00f3l","publisher":{"@id":"https:\/\/quadalkatreszek.com\/#organization"},"potentialAction":[{"@type":"SearchAction","target":{"@type":"EntryPoint","urlTemplate":"https:\/\/quadalkatreszek.com\/?s={search_term_string}"},"query-input":{"@type":"PropertyValueSpecification","valueRequired":true,"valueName":"search_term_string"}}],"inLanguage":"en-US"},{"@type":"Organization","@id":"https:\/\/quadalkatreszek.com\/#organization","name":"quadalkatreszek.com","url":"https:\/\/quadalkatreszek.com\/","logo":{"@type":"ImageObject","inLanguage":"en-US","@id":"https:\/\/quadalkatreszek.com\/#\/schema\/logo\/image\/","url":"https:\/\/quadalkatreszek.com\/wp-content\/uploads\/2023\/01\/korlogo-2.png","contentUrl":"https:\/\/quadalkatreszek.com\/wp-content\/uploads\/2023\/01\/korlogo-2.png","width":866,"height":866,"caption":"quadalkatreszek.com"},"image":{"@id":"https:\/\/quadalkatreszek.com\/#\/schema\/logo\/image\/"}}]}},"_links":{"self":[{"href":"https:\/\/quadalkatreszek.com\/en\/wp-json\/wp\/v2\/product\/34275","targetHints":{"allow":["GET"]}}],"collection":[{"href":"https:\/\/quadalkatreszek.com\/en\/wp-json\/wp\/v2\/product"}],"about":[{"href":"https:\/\/quadalkatreszek.com\/en\/wp-json\/wp\/v2\/types\/product"}],"replies":[{"embeddable":true,"href":"https:\/\/quadalkatreszek.com\/en\/wp-json\/wp\/v2\/comments?post=34275"}],"wp:featuredmedia":[{"embeddable":true,"href":"https:\/\/quadalkatreszek.com\/en\/wp-json\/wp\/v2\/media\/34276"}],"wp:attachment":[{"href":"https:\/\/quadalkatreszek.com\/en\/wp-json\/wp\/v2\/media?parent=34275"}],"wp:term":[{"taxonomy":"product_brand","embeddable":true,"href":"https:\/\/quadalkatreszek.com\/en\/wp-json\/wp\/v2\/product_brand?post=34275"},{"taxonomy":"product_cat","embeddable":true,"href":"https:\/\/quadalkatreszek.com\/en\/wp-json\/wp\/v2\/product_cat?post=34275"},{"taxonomy":"product_tag","embeddable":true,"href":"https:\/\/quadalkatreszek.com\/en\/wp-json\/wp\/v2\/product_tag?post=34275"}],"curies":[{"name":"wp","href":"https:\/\/api.w.org\/{rel}","templated":true}]}}