{"id":34325,"date":"2023-04-28T14:58:47","date_gmt":"2023-04-28T13:58:47","guid":{"rendered":"https:\/\/quadalkatreszek.com\/?post_type=product&#038;p=34325"},"modified":"2023-06-16T14:52:47","modified_gmt":"2023-06-16T13:52:47","slug":"pocket-gyerek-quad-jobb-oldali-labtarto","status":"publish","type":"product","link":"https:\/\/quadalkatreszek.com\/en\/product\/pocket-gyerek-quad-jobb-oldali-labtarto\/","title":{"rendered":"Pocket gyerek quad jobb oldali l\u00e1btart\u00f3"},"content":{"rendered":"<p>50cc M7 Pocket gyerek quad jobb oldali l\u00e1btart\u00f3<\/p>\n<p>50cc M7 Pocket gyerek quad jobb oldali l\u00e1btart\u00f3<\/p>\n<p>&#8211; &#8211; &#8211;<br \/>\n<!--kkod_start--><\/p>\n<div class=\"kkod-visible\">kkod:106<\/div>\n<p><!--kkod_end--><\/p>","protected":false},"excerpt":{"rendered":"<p>50cc M7 Pocket gyerek quad jobb oldali l\u00e1btart\u00f3<\/p>","protected":false},"featured_media":34326,"comment_status":"open","ping_status":"closed","template":"","meta":[],"product_brand":[],"product_cat":[105],"product_tag":[],"class_list":{"0":"post-34325","1":"product","2":"type-product","3":"status-publish","4":"has-post-thumbnail","6":"product_cat-gyerek-quad-pocket-burkolatok","8":"first","9":"outofstock","10":"shipping-taxable","11":"purchasable","12":"product-type-simple"},"yoast_head":"<!-- This site is optimized with the Yoast SEO plugin v27.4 - https:\/\/yoast.com\/product\/yoast-seo-wordpress\/ -->\n<title>Pocket gyerek quad jobb oldali l\u00e1btart\u00f3 - quadalkatreszek.com<\/title>\n<meta name=\"description\" content=\"50cc M7 Pocket gyerek quad jobb oldali l\u00e1btart\u00f3. T\u00f6bb ezer k\u00ednai quad \u00e9s motor alkatr\u00e9sz egy helyen a legjobb \u00e1ron, azonnali sz\u00e1ll\u00edt\u00e1ssal.\" \/>\n<meta name=\"robots\" content=\"index, follow, max-snippet:-1, max-image-preview:large, max-video-preview:-1\" \/>\n<link rel=\"canonical\" href=\"https:\/\/quadalkatreszek.com\/en\/product\/pocket-gyerek-quad-jobb-oldali-labtarto\/\" \/>\n<meta property=\"og:locale\" content=\"en_US\" \/>\n<meta property=\"og:type\" content=\"article\" \/>\n<meta property=\"og:title\" content=\"Pocket gyerek quad jobb oldali l\u00e1btart\u00f3 - quadalkatreszek.com\" \/>\n<meta property=\"og:description\" content=\"50cc M7 Pocket gyerek quad jobb oldali l\u00e1btart\u00f3. T\u00f6bb ezer k\u00ednai quad \u00e9s motor alkatr\u00e9sz egy helyen a legjobb \u00e1ron, azonnali sz\u00e1ll\u00edt\u00e1ssal.\" \/>\n<meta property=\"og:url\" content=\"https:\/\/quadalkatreszek.com\/en\/product\/pocket-gyerek-quad-jobb-oldali-labtarto\/\" \/>\n<meta property=\"og:site_name\" content=\"quadalkatreszek.com\" \/>\n<meta property=\"article:modified_time\" content=\"2023-06-16T13:52:47+00:00\" \/>\n<meta property=\"og:image\" content=\"https:\/\/quadalkatreszek.com\/wp-content\/uploads\/2023\/04\/lab1.jpg\" \/>\n\t<meta property=\"og:image:width\" content=\"1024\" \/>\n\t<meta property=\"og:image:height\" content=\"768\" \/>\n\t<meta property=\"og:image:type\" content=\"image\/jpeg\" \/>\n<meta name=\"twitter:card\" content=\"summary_large_image\" \/>\n<script type=\"application\/ld+json\" class=\"yoast-schema-graph\">{\"@context\":\"https:\\\/\\\/schema.org\",\"@graph\":[{\"@type\":\"WebPage\",\"@id\":\"https:\\\/\\\/quadalkatreszek.com\\\/product\\\/pocket-gyerek-quad-jobb-oldali-labtarto\\\/\",\"url\":\"https:\\\/\\\/quadalkatreszek.com\\\/product\\\/pocket-gyerek-quad-jobb-oldali-labtarto\\\/\",\"name\":\"Pocket gyerek quad jobb oldali l\u00e1btart\u00f3 - quadalkatreszek.com\",\"isPartOf\":{\"@id\":\"https:\\\/\\\/quadalkatreszek.com\\\/#website\"},\"primaryImageOfPage\":{\"@id\":\"https:\\\/\\\/quadalkatreszek.com\\\/product\\\/pocket-gyerek-quad-jobb-oldali-labtarto\\\/#primaryimage\"},\"image\":{\"@id\":\"https:\\\/\\\/quadalkatreszek.com\\\/product\\\/pocket-gyerek-quad-jobb-oldali-labtarto\\\/#primaryimage\"},\"thumbnailUrl\":\"https:\\\/\\\/quadalkatreszek.com\\\/wp-content\\\/uploads\\\/2023\\\/04\\\/lab1.jpg\",\"datePublished\":\"2023-04-28T13:58:47+00:00\",\"dateModified\":\"2023-06-16T13:52:47+00:00\",\"description\":\"50cc M7 Pocket gyerek quad jobb oldali l\u00e1btart\u00f3. T\u00f6bb ezer k\u00ednai quad \u00e9s motor alkatr\u00e9sz egy helyen a legjobb \u00e1ron, azonnali sz\u00e1ll\u00edt\u00e1ssal.\",\"breadcrumb\":{\"@id\":\"https:\\\/\\\/quadalkatreszek.com\\\/product\\\/pocket-gyerek-quad-jobb-oldali-labtarto\\\/#breadcrumb\"},\"inLanguage\":\"en-US\",\"potentialAction\":[{\"@type\":\"ReadAction\",\"target\":[\"https:\\\/\\\/quadalkatreszek.com\\\/product\\\/pocket-gyerek-quad-jobb-oldali-labtarto\\\/\"]}]},{\"@type\":\"ImageObject\",\"inLanguage\":\"en-US\",\"@id\":\"https:\\\/\\\/quadalkatreszek.com\\\/product\\\/pocket-gyerek-quad-jobb-oldali-labtarto\\\/#primaryimage\",\"url\":\"https:\\\/\\\/quadalkatreszek.com\\\/wp-content\\\/uploads\\\/2023\\\/04\\\/lab1.jpg\",\"contentUrl\":\"https:\\\/\\\/quadalkatreszek.com\\\/wp-content\\\/uploads\\\/2023\\\/04\\\/lab1.jpg\",\"width\":1024,\"height\":768,\"caption\":\"Pocket gyerek quad jobb oldali l\u00e1btart\u00f3\"},{\"@type\":\"BreadcrumbList\",\"@id\":\"https:\\\/\\\/quadalkatreszek.com\\\/product\\\/pocket-gyerek-quad-jobb-oldali-labtarto\\\/#breadcrumb\",\"itemListElement\":[{\"@type\":\"ListItem\",\"position\":1,\"name\":\"Kezd\u0151lap\",\"item\":\"https:\\\/\\\/quadalkatreszek.com\\\/\"},{\"@type\":\"ListItem\",\"position\":2,\"name\":\"Shop\",\"item\":\"https:\\\/\\\/quadalkatreszek.com\\\/shop\\\/\"},{\"@type\":\"ListItem\",\"position\":3,\"name\":\"Pocket gyerek quad jobb oldali l\u00e1btart\u00f3\"}]},{\"@type\":\"WebSite\",\"@id\":\"https:\\\/\\\/quadalkatreszek.com\\\/#website\",\"url\":\"https:\\\/\\\/quadalkatreszek.com\\\/\",\"name\":\"quadalkatreszek.com\",\"description\":\"alkatr\u00e9szek - azonnal - rakt\u00e1rr\u00f3l\",\"publisher\":{\"@id\":\"https:\\\/\\\/quadalkatreszek.com\\\/#organization\"},\"potentialAction\":[{\"@type\":\"SearchAction\",\"target\":{\"@type\":\"EntryPoint\",\"urlTemplate\":\"https:\\\/\\\/quadalkatreszek.com\\\/?s={search_term_string}\"},\"query-input\":{\"@type\":\"PropertyValueSpecification\",\"valueRequired\":true,\"valueName\":\"search_term_string\"}}],\"inLanguage\":\"en-US\"},{\"@type\":\"Organization\",\"@id\":\"https:\\\/\\\/quadalkatreszek.com\\\/#organization\",\"name\":\"quadalkatreszek.com\",\"url\":\"https:\\\/\\\/quadalkatreszek.com\\\/\",\"logo\":{\"@type\":\"ImageObject\",\"inLanguage\":\"en-US\",\"@id\":\"https:\\\/\\\/quadalkatreszek.com\\\/#\\\/schema\\\/logo\\\/image\\\/\",\"url\":\"https:\\\/\\\/quadalkatreszek.com\\\/wp-content\\\/uploads\\\/2023\\\/01\\\/korlogo-2.png\",\"contentUrl\":\"https:\\\/\\\/quadalkatreszek.com\\\/wp-content\\\/uploads\\\/2023\\\/01\\\/korlogo-2.png\",\"width\":866,\"height\":866,\"caption\":\"quadalkatreszek.com\"},\"image\":{\"@id\":\"https:\\\/\\\/quadalkatreszek.com\\\/#\\\/schema\\\/logo\\\/image\\\/\"}}]}<\/script>\n<!-- \/ Yoast SEO plugin. -->","yoast_head_json":{"title":"Pocket gyerek quad jobb oldali l\u00e1btart\u00f3 - quadalkatreszek.com","description":"50cc M7 Pocket gyerek quad jobb oldali l\u00e1btart\u00f3. T\u00f6bb ezer k\u00ednai quad \u00e9s motor alkatr\u00e9sz egy helyen a legjobb \u00e1ron, azonnali sz\u00e1ll\u00edt\u00e1ssal.","robots":{"index":"index","follow":"follow","max-snippet":"max-snippet:-1","max-image-preview":"max-image-preview:large","max-video-preview":"max-video-preview:-1"},"canonical":"https:\/\/quadalkatreszek.com\/en\/product\/pocket-gyerek-quad-jobb-oldali-labtarto\/","og_locale":"en_US","og_type":"article","og_title":"Pocket gyerek quad jobb oldali l\u00e1btart\u00f3 - quadalkatreszek.com","og_description":"50cc M7 Pocket gyerek quad jobb oldali l\u00e1btart\u00f3. T\u00f6bb ezer k\u00ednai quad \u00e9s motor alkatr\u00e9sz egy helyen a legjobb \u00e1ron, azonnali sz\u00e1ll\u00edt\u00e1ssal.","og_url":"https:\/\/quadalkatreszek.com\/en\/product\/pocket-gyerek-quad-jobb-oldali-labtarto\/","og_site_name":"quadalkatreszek.com","article_modified_time":"2023-06-16T13:52:47+00:00","og_image":[{"width":1024,"height":768,"url":"https:\/\/quadalkatreszek.com\/wp-content\/uploads\/2023\/04\/lab1.jpg","type":"image\/jpeg"}],"twitter_card":"summary_large_image","schema":{"@context":"https:\/\/schema.org","@graph":[{"@type":"WebPage","@id":"https:\/\/quadalkatreszek.com\/product\/pocket-gyerek-quad-jobb-oldali-labtarto\/","url":"https:\/\/quadalkatreszek.com\/product\/pocket-gyerek-quad-jobb-oldali-labtarto\/","name":"Pocket gyerek quad jobb oldali l\u00e1btart\u00f3 - quadalkatreszek.com","isPartOf":{"@id":"https:\/\/quadalkatreszek.com\/#website"},"primaryImageOfPage":{"@id":"https:\/\/quadalkatreszek.com\/product\/pocket-gyerek-quad-jobb-oldali-labtarto\/#primaryimage"},"image":{"@id":"https:\/\/quadalkatreszek.com\/product\/pocket-gyerek-quad-jobb-oldali-labtarto\/#primaryimage"},"thumbnailUrl":"https:\/\/quadalkatreszek.com\/wp-content\/uploads\/2023\/04\/lab1.jpg","datePublished":"2023-04-28T13:58:47+00:00","dateModified":"2023-06-16T13:52:47+00:00","description":"50cc M7 Pocket gyerek quad jobb oldali l\u00e1btart\u00f3. T\u00f6bb ezer k\u00ednai quad \u00e9s motor alkatr\u00e9sz egy helyen a legjobb \u00e1ron, azonnali sz\u00e1ll\u00edt\u00e1ssal.","breadcrumb":{"@id":"https:\/\/quadalkatreszek.com\/product\/pocket-gyerek-quad-jobb-oldali-labtarto\/#breadcrumb"},"inLanguage":"en-US","potentialAction":[{"@type":"ReadAction","target":["https:\/\/quadalkatreszek.com\/product\/pocket-gyerek-quad-jobb-oldali-labtarto\/"]}]},{"@type":"ImageObject","inLanguage":"en-US","@id":"https:\/\/quadalkatreszek.com\/product\/pocket-gyerek-quad-jobb-oldali-labtarto\/#primaryimage","url":"https:\/\/quadalkatreszek.com\/wp-content\/uploads\/2023\/04\/lab1.jpg","contentUrl":"https:\/\/quadalkatreszek.com\/wp-content\/uploads\/2023\/04\/lab1.jpg","width":1024,"height":768,"caption":"Pocket gyerek quad jobb oldali l\u00e1btart\u00f3"},{"@type":"BreadcrumbList","@id":"https:\/\/quadalkatreszek.com\/product\/pocket-gyerek-quad-jobb-oldali-labtarto\/#breadcrumb","itemListElement":[{"@type":"ListItem","position":1,"name":"Kezd\u0151lap","item":"https:\/\/quadalkatreszek.com\/"},{"@type":"ListItem","position":2,"name":"Shop","item":"https:\/\/quadalkatreszek.com\/shop\/"},{"@type":"ListItem","position":3,"name":"Pocket gyerek quad jobb oldali l\u00e1btart\u00f3"}]},{"@type":"WebSite","@id":"https:\/\/quadalkatreszek.com\/#website","url":"https:\/\/quadalkatreszek.com\/","name":"quadalkatreszek.com","description":"alkatr\u00e9szek - azonnal - rakt\u00e1rr\u00f3l","publisher":{"@id":"https:\/\/quadalkatreszek.com\/#organization"},"potentialAction":[{"@type":"SearchAction","target":{"@type":"EntryPoint","urlTemplate":"https:\/\/quadalkatreszek.com\/?s={search_term_string}"},"query-input":{"@type":"PropertyValueSpecification","valueRequired":true,"valueName":"search_term_string"}}],"inLanguage":"en-US"},{"@type":"Organization","@id":"https:\/\/quadalkatreszek.com\/#organization","name":"quadalkatreszek.com","url":"https:\/\/quadalkatreszek.com\/","logo":{"@type":"ImageObject","inLanguage":"en-US","@id":"https:\/\/quadalkatreszek.com\/#\/schema\/logo\/image\/","url":"https:\/\/quadalkatreszek.com\/wp-content\/uploads\/2023\/01\/korlogo-2.png","contentUrl":"https:\/\/quadalkatreszek.com\/wp-content\/uploads\/2023\/01\/korlogo-2.png","width":866,"height":866,"caption":"quadalkatreszek.com"},"image":{"@id":"https:\/\/quadalkatreszek.com\/#\/schema\/logo\/image\/"}}]}},"_links":{"self":[{"href":"https:\/\/quadalkatreszek.com\/en\/wp-json\/wp\/v2\/product\/34325","targetHints":{"allow":["GET"]}}],"collection":[{"href":"https:\/\/quadalkatreszek.com\/en\/wp-json\/wp\/v2\/product"}],"about":[{"href":"https:\/\/quadalkatreszek.com\/en\/wp-json\/wp\/v2\/types\/product"}],"replies":[{"embeddable":true,"href":"https:\/\/quadalkatreszek.com\/en\/wp-json\/wp\/v2\/comments?post=34325"}],"wp:featuredmedia":[{"embeddable":true,"href":"https:\/\/quadalkatreszek.com\/en\/wp-json\/wp\/v2\/media\/34326"}],"wp:attachment":[{"href":"https:\/\/quadalkatreszek.com\/en\/wp-json\/wp\/v2\/media?parent=34325"}],"wp:term":[{"taxonomy":"product_brand","embeddable":true,"href":"https:\/\/quadalkatreszek.com\/en\/wp-json\/wp\/v2\/product_brand?post=34325"},{"taxonomy":"product_cat","embeddable":true,"href":"https:\/\/quadalkatreszek.com\/en\/wp-json\/wp\/v2\/product_cat?post=34325"},{"taxonomy":"product_tag","embeddable":true,"href":"https:\/\/quadalkatreszek.com\/en\/wp-json\/wp\/v2\/product_tag?post=34325"}],"curies":[{"name":"wp","href":"https:\/\/api.w.org\/{rel}","templated":true}]}}