{"id":34447,"date":"2023-05-04T11:59:37","date_gmt":"2023-05-04T10:59:37","guid":{"rendered":"https:\/\/quadalkatreszek.com\/?post_type=product&#038;p=34447"},"modified":"2025-07-28T21:54:38","modified_gmt":"2025-07-28T20:54:38","slug":"hr250cc-dirt-bike-motor-21-18-kerekkel","status":"publish","type":"product","link":"https:\/\/quadalkatreszek.com\/en\/product\/hr250cc-dirt-bike-motor-21-18-kerekkel\/","title":{"rendered":"HR250cc dirt bike motor 21\/18 ker\u00e9kkel"},"content":{"rendered":"<p>Motor: 250 k\u00f6bcentis, l\u00e9gh\u0171t\u00e9ses egyhengeres, 4 \u00fctem\u0171.<\/p>\n<p>Ez a term\u00e9k k\u00f6z\u00fati forgalomban nem vehet r\u00e9szt!!!<br \/>\nMax. nyomat\u00e9k: 18 Nm\/7000 ford.\/perc.<br \/>\nV\u00e1lt\u00e1s: k\u00e9zi, 5 sebess\u00e9g (v\u00e1lt\u00e1s 1-N-2-3-4-5).<br \/>\nMax. sebess\u00e9g: ak\u00e1r 95 -100km\/h.<br \/>\nGy\u00fajt\u00e1s: elektromos CDI.<br \/>\nKarbur\u00e1tor: PE28.<br \/>\nInd\u00edt\u00e1s: berug\u00f3s+ elektromos ind\u00edt\u00f3.<br \/>\n\u00dczemanyagtart\u00e1ly t\u00e9rfogata: 6,3l.<br \/>\n\u00dczemanyag: term\u00e9szetes 95.<br \/>\nKerekek: els\u0151 21&#8243; \u00e9s h\u00e1ts\u00f3 18&#8243;<br \/>\nEls\u0151 gumi: 80\/100-21.<br \/>\nH\u00e1ts\u00f3 gumi: 100\/90-18.<br \/>\nH\u00e1ts\u00f3 felf\u00fcggeszt\u00e9s: k\u00f6zponti leng\u00e9scsillap\u00edt\u00f3 \u00e1ll\u00edthat\u00f3 merevs\u00e9ggel \u00e9s csillap\u00edt\u00e1ssal.<br \/>\nF\u00e9kek: els\u0151 \u00e9s h\u00e1ts\u00f3 hidraulikus f\u00e9k.<br \/>\nAj\u00e1nlott maxim\u00e1lis terhel\u00e9s: 130 kg.<\/p>\n<p><span style=\"color: #ff0000;\">A quadok \u00e9s motorok sz\u00e1ll\u00edt\u00e1sa egyedi d\u00edjaz\u00e1ssal t\u00f6rt\u00e9nik!<\/span><\/p>\n<p>Ennek \u00f6sszeg\u00e9r\u0151l k\u00e9rem telefonon vagy e-mailben \u00e9rdekl\u0151dj\u00f6n<\/p>\n<p>&#8211; &#8211; &#8211;<br \/>\n<!--kkod_start--><\/p>\n<div class=\"kkod-visible\">kkod:93<\/div>\n<p><!--kkod_end--><\/p>","protected":false},"excerpt":{"rendered":"<p>HR250cc dirt bike motor 21\/18 ker\u00e9kkel<\/p>\n<p>Ez a term\u00e9k k\u00f6z\u00fati forgalomban nem vehet r\u00e9szt!!!<\/p>","protected":false},"featured_media":34742,"comment_status":"open","ping_status":"closed","template":"","meta":[],"product_brand":[],"product_cat":[136],"product_tag":[],"class_list":{"0":"post-34447","1":"product","2":"type-product","3":"status-publish","4":"has-post-thumbnail","6":"product_cat-cross-motorok-dirt-bike-ok","7":"product_shipping_class-tulmeret-1","9":"first","10":"instock","11":"shipping-taxable","12":"purchasable","13":"product-type-simple"},"yoast_head":"<!-- This site is optimized with the Yoast SEO plugin v27.5 - https:\/\/yoast.com\/product\/yoast-seo-wordpress\/ -->\n<title>HR250cc dirt bike motor 21\/18 ker\u00e9kkel - quadalkatreszek.com<\/title>\n<meta name=\"description\" content=\"Ez a Dirt bike \/ Cross motor 250cc\u00a0 kiv\u00e1l\u00f3 v\u00e1laszt\u00e1s terepmotoroz\u00e1sra.Er\u0151s\u00edtett v\u00e1zzal, elektromos \u00e9s ber\u00fag\u00f3s ind\u00edt\u00f3szerkezettel ell\u00e1tott nagy 21\/18-as ker\u00e9k\" \/>\n<meta name=\"robots\" content=\"index, follow, max-snippet:-1, max-image-preview:large, max-video-preview:-1\" \/>\n<link rel=\"canonical\" href=\"https:\/\/quadalkatreszek.com\/en\/product\/hr250cc-dirt-bike-motor-21-18-kerekkel\/\" \/>\n<meta property=\"og:locale\" content=\"en_US\" \/>\n<meta property=\"og:type\" content=\"article\" \/>\n<meta property=\"og:title\" content=\"HR250cc dirt bike motor 21\/18 ker\u00e9kkel - quadalkatreszek.com\" \/>\n<meta property=\"og:description\" content=\"Ez a Dirt bike \/ Cross motor 250cc\u00a0 kiv\u00e1l\u00f3 v\u00e1laszt\u00e1s terepmotoroz\u00e1sra.Er\u0151s\u00edtett v\u00e1zzal, elektromos \u00e9s ber\u00fag\u00f3s ind\u00edt\u00f3szerkezettel ell\u00e1tott nagy 21\/18-as ker\u00e9k\" \/>\n<meta property=\"og:url\" content=\"https:\/\/quadalkatreszek.com\/en\/product\/hr250cc-dirt-bike-motor-21-18-kerekkel\/\" \/>\n<meta property=\"og:site_name\" content=\"quadalkatreszek.com\" \/>\n<meta property=\"article:modified_time\" content=\"2025-07-28T20:54:38+00:00\" \/>\n<meta property=\"og:image\" content=\"https:\/\/quadalkatreszek.com\/wp-content\/uploads\/2023\/05\/Dirt-bike-250cc-motor9.jpg\" \/>\n\t<meta property=\"og:image:width\" content=\"2048\" \/>\n\t<meta property=\"og:image:height\" content=\"1536\" \/>\n\t<meta property=\"og:image:type\" content=\"image\/jpeg\" \/>\n<meta name=\"twitter:card\" content=\"summary_large_image\" \/>\n<meta name=\"twitter:label1\" content=\"Est. reading time\" \/>\n\t<meta name=\"twitter:data1\" content=\"1 minute\" \/>\n<script type=\"application\/ld+json\" class=\"yoast-schema-graph\">{\"@context\":\"https:\\\/\\\/schema.org\",\"@graph\":[{\"@type\":\"WebPage\",\"@id\":\"https:\\\/\\\/quadalkatreszek.com\\\/product\\\/hr250cc-dirt-bike-motor-21-18-kerekkel\\\/\",\"url\":\"https:\\\/\\\/quadalkatreszek.com\\\/product\\\/hr250cc-dirt-bike-motor-21-18-kerekkel\\\/\",\"name\":\"HR250cc dirt bike motor 21\\\/18 ker\u00e9kkel - quadalkatreszek.com\",\"isPartOf\":{\"@id\":\"https:\\\/\\\/quadalkatreszek.com\\\/#website\"},\"primaryImageOfPage\":{\"@id\":\"https:\\\/\\\/quadalkatreszek.com\\\/product\\\/hr250cc-dirt-bike-motor-21-18-kerekkel\\\/#primaryimage\"},\"image\":{\"@id\":\"https:\\\/\\\/quadalkatreszek.com\\\/product\\\/hr250cc-dirt-bike-motor-21-18-kerekkel\\\/#primaryimage\"},\"thumbnailUrl\":\"https:\\\/\\\/quadalkatreszek.com\\\/wp-content\\\/uploads\\\/2023\\\/05\\\/Dirt-bike-250cc-motor9.jpg\",\"datePublished\":\"2023-05-04T10:59:37+00:00\",\"dateModified\":\"2025-07-28T20:54:38+00:00\",\"description\":\"Ez a Dirt bike \\\/ Cross motor 250cc\u00a0 kiv\u00e1l\u00f3 v\u00e1laszt\u00e1s terepmotoroz\u00e1sra.Er\u0151s\u00edtett v\u00e1zzal, elektromos \u00e9s ber\u00fag\u00f3s ind\u00edt\u00f3szerkezettel ell\u00e1tott nagy 21\\\/18-as ker\u00e9k\",\"breadcrumb\":{\"@id\":\"https:\\\/\\\/quadalkatreszek.com\\\/product\\\/hr250cc-dirt-bike-motor-21-18-kerekkel\\\/#breadcrumb\"},\"inLanguage\":\"en-US\",\"potentialAction\":[{\"@type\":\"ReadAction\",\"target\":[\"https:\\\/\\\/quadalkatreszek.com\\\/product\\\/hr250cc-dirt-bike-motor-21-18-kerekkel\\\/\"]}]},{\"@type\":\"ImageObject\",\"inLanguage\":\"en-US\",\"@id\":\"https:\\\/\\\/quadalkatreszek.com\\\/product\\\/hr250cc-dirt-bike-motor-21-18-kerekkel\\\/#primaryimage\",\"url\":\"https:\\\/\\\/quadalkatreszek.com\\\/wp-content\\\/uploads\\\/2023\\\/05\\\/Dirt-bike-250cc-motor9.jpg\",\"contentUrl\":\"https:\\\/\\\/quadalkatreszek.com\\\/wp-content\\\/uploads\\\/2023\\\/05\\\/Dirt-bike-250cc-motor9.jpg\",\"width\":2048,\"height\":1536,\"caption\":\"Hurricane Dirt bike 250cc motor\"},{\"@type\":\"BreadcrumbList\",\"@id\":\"https:\\\/\\\/quadalkatreszek.com\\\/product\\\/hr250cc-dirt-bike-motor-21-18-kerekkel\\\/#breadcrumb\",\"itemListElement\":[{\"@type\":\"ListItem\",\"position\":1,\"name\":\"Kezd\u0151lap\",\"item\":\"https:\\\/\\\/quadalkatreszek.com\\\/\"},{\"@type\":\"ListItem\",\"position\":2,\"name\":\"Shop\",\"item\":\"https:\\\/\\\/quadalkatreszek.com\\\/shop\\\/\"},{\"@type\":\"ListItem\",\"position\":3,\"name\":\"HR250cc dirt bike motor 21\\\/18 ker\u00e9kkel\"}]},{\"@type\":\"WebSite\",\"@id\":\"https:\\\/\\\/quadalkatreszek.com\\\/#website\",\"url\":\"https:\\\/\\\/quadalkatreszek.com\\\/\",\"name\":\"quadalkatreszek.com\",\"description\":\"alkatr\u00e9szek - azonnal - rakt\u00e1rr\u00f3l\",\"publisher\":{\"@id\":\"https:\\\/\\\/quadalkatreszek.com\\\/#organization\"},\"potentialAction\":[{\"@type\":\"SearchAction\",\"target\":{\"@type\":\"EntryPoint\",\"urlTemplate\":\"https:\\\/\\\/quadalkatreszek.com\\\/?s={search_term_string}\"},\"query-input\":{\"@type\":\"PropertyValueSpecification\",\"valueRequired\":true,\"valueName\":\"search_term_string\"}}],\"inLanguage\":\"en-US\"},{\"@type\":\"Organization\",\"@id\":\"https:\\\/\\\/quadalkatreszek.com\\\/#organization\",\"name\":\"quadalkatreszek.com\",\"url\":\"https:\\\/\\\/quadalkatreszek.com\\\/\",\"logo\":{\"@type\":\"ImageObject\",\"inLanguage\":\"en-US\",\"@id\":\"https:\\\/\\\/quadalkatreszek.com\\\/#\\\/schema\\\/logo\\\/image\\\/\",\"url\":\"https:\\\/\\\/quadalkatreszek.com\\\/wp-content\\\/uploads\\\/2023\\\/01\\\/korlogo-2.png\",\"contentUrl\":\"https:\\\/\\\/quadalkatreszek.com\\\/wp-content\\\/uploads\\\/2023\\\/01\\\/korlogo-2.png\",\"width\":866,\"height\":866,\"caption\":\"quadalkatreszek.com\"},\"image\":{\"@id\":\"https:\\\/\\\/quadalkatreszek.com\\\/#\\\/schema\\\/logo\\\/image\\\/\"}}]}<\/script>\n<!-- \/ Yoast SEO plugin. -->","yoast_head_json":{"title":"HR250cc dirt bike motor 21\/18 ker\u00e9kkel - quadalkatreszek.com","description":"Ez a Dirt bike \/ Cross motor 250cc\u00a0 kiv\u00e1l\u00f3 v\u00e1laszt\u00e1s terepmotoroz\u00e1sra.Er\u0151s\u00edtett v\u00e1zzal, elektromos \u00e9s ber\u00fag\u00f3s ind\u00edt\u00f3szerkezettel ell\u00e1tott nagy 21\/18-as ker\u00e9k","robots":{"index":"index","follow":"follow","max-snippet":"max-snippet:-1","max-image-preview":"max-image-preview:large","max-video-preview":"max-video-preview:-1"},"canonical":"https:\/\/quadalkatreszek.com\/en\/product\/hr250cc-dirt-bike-motor-21-18-kerekkel\/","og_locale":"en_US","og_type":"article","og_title":"HR250cc dirt bike motor 21\/18 ker\u00e9kkel - quadalkatreszek.com","og_description":"Ez a Dirt bike \/ Cross motor 250cc\u00a0 kiv\u00e1l\u00f3 v\u00e1laszt\u00e1s terepmotoroz\u00e1sra.Er\u0151s\u00edtett v\u00e1zzal, elektromos \u00e9s ber\u00fag\u00f3s ind\u00edt\u00f3szerkezettel ell\u00e1tott nagy 21\/18-as ker\u00e9k","og_url":"https:\/\/quadalkatreszek.com\/en\/product\/hr250cc-dirt-bike-motor-21-18-kerekkel\/","og_site_name":"quadalkatreszek.com","article_modified_time":"2025-07-28T20:54:38+00:00","og_image":[{"width":2048,"height":1536,"url":"https:\/\/quadalkatreszek.com\/wp-content\/uploads\/2023\/05\/Dirt-bike-250cc-motor9.jpg","type":"image\/jpeg"}],"twitter_card":"summary_large_image","twitter_misc":{"Est. reading time":"1 minute"},"schema":{"@context":"https:\/\/schema.org","@graph":[{"@type":"WebPage","@id":"https:\/\/quadalkatreszek.com\/product\/hr250cc-dirt-bike-motor-21-18-kerekkel\/","url":"https:\/\/quadalkatreszek.com\/product\/hr250cc-dirt-bike-motor-21-18-kerekkel\/","name":"HR250cc dirt bike motor 21\/18 ker\u00e9kkel - quadalkatreszek.com","isPartOf":{"@id":"https:\/\/quadalkatreszek.com\/#website"},"primaryImageOfPage":{"@id":"https:\/\/quadalkatreszek.com\/product\/hr250cc-dirt-bike-motor-21-18-kerekkel\/#primaryimage"},"image":{"@id":"https:\/\/quadalkatreszek.com\/product\/hr250cc-dirt-bike-motor-21-18-kerekkel\/#primaryimage"},"thumbnailUrl":"https:\/\/quadalkatreszek.com\/wp-content\/uploads\/2023\/05\/Dirt-bike-250cc-motor9.jpg","datePublished":"2023-05-04T10:59:37+00:00","dateModified":"2025-07-28T20:54:38+00:00","description":"Ez a Dirt bike \/ Cross motor 250cc\u00a0 kiv\u00e1l\u00f3 v\u00e1laszt\u00e1s terepmotoroz\u00e1sra.Er\u0151s\u00edtett v\u00e1zzal, elektromos \u00e9s ber\u00fag\u00f3s ind\u00edt\u00f3szerkezettel ell\u00e1tott nagy 21\/18-as ker\u00e9k","breadcrumb":{"@id":"https:\/\/quadalkatreszek.com\/product\/hr250cc-dirt-bike-motor-21-18-kerekkel\/#breadcrumb"},"inLanguage":"en-US","potentialAction":[{"@type":"ReadAction","target":["https:\/\/quadalkatreszek.com\/product\/hr250cc-dirt-bike-motor-21-18-kerekkel\/"]}]},{"@type":"ImageObject","inLanguage":"en-US","@id":"https:\/\/quadalkatreszek.com\/product\/hr250cc-dirt-bike-motor-21-18-kerekkel\/#primaryimage","url":"https:\/\/quadalkatreszek.com\/wp-content\/uploads\/2023\/05\/Dirt-bike-250cc-motor9.jpg","contentUrl":"https:\/\/quadalkatreszek.com\/wp-content\/uploads\/2023\/05\/Dirt-bike-250cc-motor9.jpg","width":2048,"height":1536,"caption":"Hurricane Dirt bike 250cc motor"},{"@type":"BreadcrumbList","@id":"https:\/\/quadalkatreszek.com\/product\/hr250cc-dirt-bike-motor-21-18-kerekkel\/#breadcrumb","itemListElement":[{"@type":"ListItem","position":1,"name":"Kezd\u0151lap","item":"https:\/\/quadalkatreszek.com\/"},{"@type":"ListItem","position":2,"name":"Shop","item":"https:\/\/quadalkatreszek.com\/shop\/"},{"@type":"ListItem","position":3,"name":"HR250cc dirt bike motor 21\/18 ker\u00e9kkel"}]},{"@type":"WebSite","@id":"https:\/\/quadalkatreszek.com\/#website","url":"https:\/\/quadalkatreszek.com\/","name":"quadalkatreszek.com","description":"alkatr\u00e9szek - azonnal - rakt\u00e1rr\u00f3l","publisher":{"@id":"https:\/\/quadalkatreszek.com\/#organization"},"potentialAction":[{"@type":"SearchAction","target":{"@type":"EntryPoint","urlTemplate":"https:\/\/quadalkatreszek.com\/?s={search_term_string}"},"query-input":{"@type":"PropertyValueSpecification","valueRequired":true,"valueName":"search_term_string"}}],"inLanguage":"en-US"},{"@type":"Organization","@id":"https:\/\/quadalkatreszek.com\/#organization","name":"quadalkatreszek.com","url":"https:\/\/quadalkatreszek.com\/","logo":{"@type":"ImageObject","inLanguage":"en-US","@id":"https:\/\/quadalkatreszek.com\/#\/schema\/logo\/image\/","url":"https:\/\/quadalkatreszek.com\/wp-content\/uploads\/2023\/01\/korlogo-2.png","contentUrl":"https:\/\/quadalkatreszek.com\/wp-content\/uploads\/2023\/01\/korlogo-2.png","width":866,"height":866,"caption":"quadalkatreszek.com"},"image":{"@id":"https:\/\/quadalkatreszek.com\/#\/schema\/logo\/image\/"}}]}},"_links":{"self":[{"href":"https:\/\/quadalkatreszek.com\/en\/wp-json\/wp\/v2\/product\/34447","targetHints":{"allow":["GET"]}}],"collection":[{"href":"https:\/\/quadalkatreszek.com\/en\/wp-json\/wp\/v2\/product"}],"about":[{"href":"https:\/\/quadalkatreszek.com\/en\/wp-json\/wp\/v2\/types\/product"}],"replies":[{"embeddable":true,"href":"https:\/\/quadalkatreszek.com\/en\/wp-json\/wp\/v2\/comments?post=34447"}],"wp:featuredmedia":[{"embeddable":true,"href":"https:\/\/quadalkatreszek.com\/en\/wp-json\/wp\/v2\/media\/34742"}],"wp:attachment":[{"href":"https:\/\/quadalkatreszek.com\/en\/wp-json\/wp\/v2\/media?parent=34447"}],"wp:term":[{"taxonomy":"product_brand","embeddable":true,"href":"https:\/\/quadalkatreszek.com\/en\/wp-json\/wp\/v2\/product_brand?post=34447"},{"taxonomy":"product_cat","embeddable":true,"href":"https:\/\/quadalkatreszek.com\/en\/wp-json\/wp\/v2\/product_cat?post=34447"},{"taxonomy":"product_tag","embeddable":true,"href":"https:\/\/quadalkatreszek.com\/en\/wp-json\/wp\/v2\/product_tag?post=34447"}],"curies":[{"name":"wp","href":"https:\/\/api.w.org\/{rel}","templated":true}]}}