{"id":35890,"date":"2023-07-13T13:50:14","date_gmt":"2023-07-13T12:50:14","guid":{"rendered":"https:\/\/quadalkatreszek.com\/?post_type=product&#038;p=35890"},"modified":"2025-05-28T10:36:28","modified_gmt":"2025-05-28T09:36:28","slug":"kxd-001-ranger-gyerek-quad-zold","status":"publish","type":"product","link":"https:\/\/quadalkatreszek.com\/en\/product\/kxd-001-ranger-gyerek-quad-zold\/","title":{"rendered":"Kxd 001 Ranger gyerek quad, z\u00f6ld"},"content":{"rendered":"<p>Kxd 001 Ranger gyerek quad, z\u00f6ld<\/p>\n<p>Ez a term\u00e9k k\u00f6z\u00fati forgalomban nem vehet r\u00e9szt!!!<\/p>\n<p>110cc gyerek quad,a gyerek quad\u00a0 vezet\u00e9s\u00e9t nagyon k\u00f6nnyen p\u00e1r perc alatt el lehet saj\u00e1t\u00edtani.<\/p>\n<p>Ez a t\u00edpus\u00fa gyerek quad\u00a0 remek v\u00e1laszt\u00e1s kezd\u0151 gyermek quadnak, 5-6 \u00e9ves koroszt\u00e1lynak aj\u00e1nlott. A sebess\u00e9g\u00fck a g\u00e1zkar \u00e1ll\u00edt\u00e1s\u00e1val szab\u00e1lyozhat\u00f3, \u00edgy a gyermek quadoz\u00e1s k\u00f6zben kezdetben nem tud t\u00fal gyorsan menni vele.<br \/>\n5-6 \u00e9ves kort\u00f3l aj\u00e1nljuk ezt a Kxd 001 es modellt, max. terhelhet\u0151s\u00e9ge 50 kil\u00f3.<br \/>\nA Kxd 001 gyermek quadra term\u00e9szetesen\u00a0 garanci\u00e1t v\u00e1llalunk \u00e9s teljes alkatr\u00e9sz ut\u00e1np\u00f3tl\u00e1st, biztos\u00edtunk.<\/p>\n<p>Term\u00e9szetesen n\u00e1lunk ingyenes telefonos szerviz seg\u00edts\u00e9get ny\u00fajtunk a n\u00e1lunk v\u00e1s\u00e1rolt quadok cross motorok, Dirt bike-ok karbantart\u00e1s\u00e1hoz, szerel\u00e9s\u00e9hez.<br \/>\nKisz\u00e1ll\u00edt\u00e1st v\u00e1llalunk az orsz\u00e1g teljes ter\u00fclet\u00e9re.<\/p>\n<p><strong>Quadok, Dirt Bike-ok kisz\u00e1ll\u00edt\u00e1s\u00e1t egyedi d\u00edjjal tudjuk v\u00e1llalni. Pontos \u00e1r\u00e9rt \u00e9rdekl\u0151dj\u00f6n telefonon vagy e-mailben. <\/strong><\/p>\n<p><strong>A j\u00e1rm\u0171 k\u00f6z\u00fati forgalomban nem, vehet r\u00e9szt!<\/strong><\/p>\n<p>Az \u00e1r doboz \u00e1r!<\/p>\n<p>Motor:\u00a0110ccm, 1 henger, 4 \u00fctem\u0171<br \/>\nH\u0171t\u00e9s:\u00a0\u00a0\u00a0 L\u00e9gh\u0171t\u00e9s<br \/>\nSebess\u00e9g:\u00a0\u00a0\u00a0 45-50 km\/h<\/p>\n<p>Gy\u00fajt\u00e1s:\u00a0\u00a0\u00a0 Elektromos \/ CDI<br \/>\nV\u00e1lt\u00f3:\u00a0\u00a0\u00a0 Automata<br \/>\nMeghajt\u00e1s:\u00a0\u00a0\u00a0 L\u00e1nc<br \/>\nEls\u0151 f\u00e9k:\u00a0\u00a0\u00a0 dobf\u00e9k<br \/>\nH\u00e1ts\u00f3 f\u00e9k:\u00a0\u00a0\u00a0 Hidraulikus t\u00e1rcsaf\u00e9k<br \/>\nM\u00e9retek (H x Sz x M):\u00a0\u00a0\u00a0 1200 mm x 700 mm x 780 mm<br \/>\n\u00dcl\u00e9smagass\u00e1g:\u00a0\u00a0\u00a0 650 mm<br \/>\nS\u00faly:\u00a0\u00a0\u00a0 70 kg<br \/>\nmax. Teher:\u00a0\u00a0\u00a0 50 kg<br \/>\nKerekek h\u00e1tul:\u00a0\u00a0\u00a0 145\/70-6<br \/>\nH\u00e1ts\u00f3 gumik:\u00a0\u00a0\u00a0 145\/70-6<\/p>\n<p>110cc gyerek quad.<\/p>\n<p>Gyere \u00e9s pr\u00f3b\u00e1ld ki ingyen b\u00e1rmelyik modell\u00fcnket, hogy\u00a0 k\u00f6nnyebben tudj v\u00e1lasztani.<\/p>\n<p>Tov\u00e1bbi elad\u00f3 gyerek quad modellek\u00a0 itt\u00a0 <a href=\"https:\/\/quadalkatreszek.com\/en\/product-category\/jarmuvek-quadok-motorok\/gyerek-quadok\/\">a linken el\u00e9rhet\u0151k!<\/a><\/p>\n<h1><\/h1>\n<p>&#8211; &#8211; &#8211;<br \/>\n<!--kkod_start--><\/p>\n<div class=\"kkod-visible\">kkod:93<\/div>\n<p><!--kkod_end--><\/p>","protected":false},"excerpt":{"rendered":"<p>KXD 001 gyerek quad 110ccm automata v\u00e1lt\u00f3s fekete<\/p>\n<p>Ez a term\u00e9k k\u00f6z\u00fati forgalomban nem vehet r\u00e9szt!!!<\/p>","protected":false},"featured_media":46751,"comment_status":"open","ping_status":"closed","template":"","meta":[],"product_brand":[],"product_cat":[103],"product_tag":[],"class_list":{"0":"post-35890","1":"product","2":"type-product","3":"status-publish","4":"has-post-thumbnail","6":"product_cat-gyerek-quadok","7":"product_shipping_class-raklap-meret","9":"first","10":"instock","11":"shipping-taxable","12":"purchasable","13":"product-type-simple"},"yoast_head":"<!-- This site is optimized with the Yoast SEO plugin v27.4 - https:\/\/yoast.com\/product\/yoast-seo-wordpress\/ -->\n<title>110cc gyerek quad automata kivitelben - quadalkatreszek.com<\/title>\n<meta name=\"description\" content=\"110cc gyerek quad A vezet\u00e9s\u00e9t nagyon k\u00f6nnyen p\u00e1r perc alatt el lehet saj\u00e1t\u00edtani V\u00e1s\u00e1rolj egyenesen a k\u00f6zponti rakt\u00e1rb\u00f3l a legjobb \u00e1ron az orsz\u00e1gban!\" \/>\n<meta name=\"robots\" content=\"index, follow, max-snippet:-1, max-image-preview:large, max-video-preview:-1\" \/>\n<link rel=\"canonical\" href=\"https:\/\/quadalkatreszek.com\/en\/product\/kxd-001-ranger-gyerek-quad-zold\/\" \/>\n<meta property=\"og:locale\" content=\"en_US\" \/>\n<meta property=\"og:type\" content=\"article\" \/>\n<meta property=\"og:title\" content=\"110cc gyerek quad automata kivitelben - quadalkatreszek.com\" \/>\n<meta property=\"og:description\" content=\"110cc gyerek quad A vezet\u00e9s\u00e9t nagyon k\u00f6nnyen p\u00e1r perc alatt el lehet saj\u00e1t\u00edtani V\u00e1s\u00e1rolj egyenesen a k\u00f6zponti rakt\u00e1rb\u00f3l a legjobb \u00e1ron az orsz\u00e1gban!\" \/>\n<meta property=\"og:url\" content=\"https:\/\/quadalkatreszek.com\/en\/product\/kxd-001-ranger-gyerek-quad-zold\/\" \/>\n<meta property=\"og:site_name\" content=\"quadalkatreszek.com\" \/>\n<meta property=\"article:modified_time\" content=\"2025-05-28T09:36:28+00:00\" \/>\n<meta property=\"og:image\" content=\"https:\/\/quadalkatreszek.com\/wp-content\/uploads\/2023\/01\/001-quad.jpeg\" \/>\n\t<meta property=\"og:image:width\" content=\"756\" \/>\n\t<meta property=\"og:image:height\" content=\"724\" \/>\n\t<meta property=\"og:image:type\" content=\"image\/jpeg\" \/>\n<meta name=\"twitter:card\" content=\"summary_large_image\" \/>\n<meta name=\"twitter:label1\" content=\"Est. reading time\" \/>\n\t<meta name=\"twitter:data1\" content=\"2 minutes\" \/>\n<script type=\"application\/ld+json\" class=\"yoast-schema-graph\">{\"@context\":\"https:\\\/\\\/schema.org\",\"@graph\":[{\"@type\":\"WebPage\",\"@id\":\"https:\\\/\\\/quadalkatreszek.com\\\/product\\\/kxd-001-ranger-gyerek-quad-zold\\\/\",\"url\":\"https:\\\/\\\/quadalkatreszek.com\\\/product\\\/kxd-001-ranger-gyerek-quad-zold\\\/\",\"name\":\"110cc gyerek quad automata kivitelben - quadalkatreszek.com\",\"isPartOf\":{\"@id\":\"https:\\\/\\\/quadalkatreszek.com\\\/#website\"},\"primaryImageOfPage\":{\"@id\":\"https:\\\/\\\/quadalkatreszek.com\\\/product\\\/kxd-001-ranger-gyerek-quad-zold\\\/#primaryimage\"},\"image\":{\"@id\":\"https:\\\/\\\/quadalkatreszek.com\\\/product\\\/kxd-001-ranger-gyerek-quad-zold\\\/#primaryimage\"},\"thumbnailUrl\":\"https:\\\/\\\/quadalkatreszek.com\\\/wp-content\\\/uploads\\\/2023\\\/01\\\/001-quad.jpeg\",\"datePublished\":\"2023-07-13T12:50:14+00:00\",\"dateModified\":\"2025-05-28T09:36:28+00:00\",\"description\":\"110cc gyerek quad A vezet\u00e9s\u00e9t nagyon k\u00f6nnyen p\u00e1r perc alatt el lehet saj\u00e1t\u00edtani V\u00e1s\u00e1rolj egyenesen a k\u00f6zponti rakt\u00e1rb\u00f3l a legjobb \u00e1ron az orsz\u00e1gban!\",\"breadcrumb\":{\"@id\":\"https:\\\/\\\/quadalkatreszek.com\\\/product\\\/kxd-001-ranger-gyerek-quad-zold\\\/#breadcrumb\"},\"inLanguage\":\"en-US\",\"potentialAction\":[{\"@type\":\"ReadAction\",\"target\":[\"https:\\\/\\\/quadalkatreszek.com\\\/product\\\/kxd-001-ranger-gyerek-quad-zold\\\/\"]}]},{\"@type\":\"ImageObject\",\"inLanguage\":\"en-US\",\"@id\":\"https:\\\/\\\/quadalkatreszek.com\\\/product\\\/kxd-001-ranger-gyerek-quad-zold\\\/#primaryimage\",\"url\":\"https:\\\/\\\/quadalkatreszek.com\\\/wp-content\\\/uploads\\\/2023\\\/01\\\/001-quad.jpeg\",\"contentUrl\":\"https:\\\/\\\/quadalkatreszek.com\\\/wp-content\\\/uploads\\\/2023\\\/01\\\/001-quad.jpeg\",\"width\":756,\"height\":724,\"caption\":\"110cc ranger quad. A kxd , barton \u00e9s egy\u00e9b k\u00ednai m\u00e1rk\u00e1khoz hasonl\u00edt\u00f3 quad\"},{\"@type\":\"BreadcrumbList\",\"@id\":\"https:\\\/\\\/quadalkatreszek.com\\\/product\\\/kxd-001-ranger-gyerek-quad-zold\\\/#breadcrumb\",\"itemListElement\":[{\"@type\":\"ListItem\",\"position\":1,\"name\":\"Kezd\u0151lap\",\"item\":\"https:\\\/\\\/quadalkatreszek.com\\\/\"},{\"@type\":\"ListItem\",\"position\":2,\"name\":\"Shop\",\"item\":\"https:\\\/\\\/quadalkatreszek.com\\\/shop\\\/\"},{\"@type\":\"ListItem\",\"position\":3,\"name\":\"Kxd 001 Ranger gyerek quad, z\u00f6ld\"}]},{\"@type\":\"WebSite\",\"@id\":\"https:\\\/\\\/quadalkatreszek.com\\\/#website\",\"url\":\"https:\\\/\\\/quadalkatreszek.com\\\/\",\"name\":\"quadalkatreszek.com\",\"description\":\"alkatr\u00e9szek - azonnal - rakt\u00e1rr\u00f3l\",\"publisher\":{\"@id\":\"https:\\\/\\\/quadalkatreszek.com\\\/#organization\"},\"potentialAction\":[{\"@type\":\"SearchAction\",\"target\":{\"@type\":\"EntryPoint\",\"urlTemplate\":\"https:\\\/\\\/quadalkatreszek.com\\\/?s={search_term_string}\"},\"query-input\":{\"@type\":\"PropertyValueSpecification\",\"valueRequired\":true,\"valueName\":\"search_term_string\"}}],\"inLanguage\":\"en-US\"},{\"@type\":\"Organization\",\"@id\":\"https:\\\/\\\/quadalkatreszek.com\\\/#organization\",\"name\":\"quadalkatreszek.com\",\"url\":\"https:\\\/\\\/quadalkatreszek.com\\\/\",\"logo\":{\"@type\":\"ImageObject\",\"inLanguage\":\"en-US\",\"@id\":\"https:\\\/\\\/quadalkatreszek.com\\\/#\\\/schema\\\/logo\\\/image\\\/\",\"url\":\"https:\\\/\\\/quadalkatreszek.com\\\/wp-content\\\/uploads\\\/2023\\\/01\\\/korlogo-2.png\",\"contentUrl\":\"https:\\\/\\\/quadalkatreszek.com\\\/wp-content\\\/uploads\\\/2023\\\/01\\\/korlogo-2.png\",\"width\":866,\"height\":866,\"caption\":\"quadalkatreszek.com\"},\"image\":{\"@id\":\"https:\\\/\\\/quadalkatreszek.com\\\/#\\\/schema\\\/logo\\\/image\\\/\"}}]}<\/script>\n<!-- \/ Yoast SEO plugin. -->","yoast_head_json":{"title":"110cc gyerek quad automata kivitelben - quadalkatreszek.com","description":"110cc gyerek quad A vezet\u00e9s\u00e9t nagyon k\u00f6nnyen p\u00e1r perc alatt el lehet saj\u00e1t\u00edtani V\u00e1s\u00e1rolj egyenesen a k\u00f6zponti rakt\u00e1rb\u00f3l a legjobb \u00e1ron az orsz\u00e1gban!","robots":{"index":"index","follow":"follow","max-snippet":"max-snippet:-1","max-image-preview":"max-image-preview:large","max-video-preview":"max-video-preview:-1"},"canonical":"https:\/\/quadalkatreszek.com\/en\/product\/kxd-001-ranger-gyerek-quad-zold\/","og_locale":"en_US","og_type":"article","og_title":"110cc gyerek quad automata kivitelben - quadalkatreszek.com","og_description":"110cc gyerek quad A vezet\u00e9s\u00e9t nagyon k\u00f6nnyen p\u00e1r perc alatt el lehet saj\u00e1t\u00edtani V\u00e1s\u00e1rolj egyenesen a k\u00f6zponti rakt\u00e1rb\u00f3l a legjobb \u00e1ron az orsz\u00e1gban!","og_url":"https:\/\/quadalkatreszek.com\/en\/product\/kxd-001-ranger-gyerek-quad-zold\/","og_site_name":"quadalkatreszek.com","article_modified_time":"2025-05-28T09:36:28+00:00","og_image":[{"width":756,"height":724,"url":"https:\/\/quadalkatreszek.com\/wp-content\/uploads\/2023\/01\/001-quad.jpeg","type":"image\/jpeg"}],"twitter_card":"summary_large_image","twitter_misc":{"Est. reading time":"2 minutes"},"schema":{"@context":"https:\/\/schema.org","@graph":[{"@type":"WebPage","@id":"https:\/\/quadalkatreszek.com\/product\/kxd-001-ranger-gyerek-quad-zold\/","url":"https:\/\/quadalkatreszek.com\/product\/kxd-001-ranger-gyerek-quad-zold\/","name":"110cc gyerek quad automata kivitelben - quadalkatreszek.com","isPartOf":{"@id":"https:\/\/quadalkatreszek.com\/#website"},"primaryImageOfPage":{"@id":"https:\/\/quadalkatreszek.com\/product\/kxd-001-ranger-gyerek-quad-zold\/#primaryimage"},"image":{"@id":"https:\/\/quadalkatreszek.com\/product\/kxd-001-ranger-gyerek-quad-zold\/#primaryimage"},"thumbnailUrl":"https:\/\/quadalkatreszek.com\/wp-content\/uploads\/2023\/01\/001-quad.jpeg","datePublished":"2023-07-13T12:50:14+00:00","dateModified":"2025-05-28T09:36:28+00:00","description":"110cc gyerek quad A vezet\u00e9s\u00e9t nagyon k\u00f6nnyen p\u00e1r perc alatt el lehet saj\u00e1t\u00edtani V\u00e1s\u00e1rolj egyenesen a k\u00f6zponti rakt\u00e1rb\u00f3l a legjobb \u00e1ron az orsz\u00e1gban!","breadcrumb":{"@id":"https:\/\/quadalkatreszek.com\/product\/kxd-001-ranger-gyerek-quad-zold\/#breadcrumb"},"inLanguage":"en-US","potentialAction":[{"@type":"ReadAction","target":["https:\/\/quadalkatreszek.com\/product\/kxd-001-ranger-gyerek-quad-zold\/"]}]},{"@type":"ImageObject","inLanguage":"en-US","@id":"https:\/\/quadalkatreszek.com\/product\/kxd-001-ranger-gyerek-quad-zold\/#primaryimage","url":"https:\/\/quadalkatreszek.com\/wp-content\/uploads\/2023\/01\/001-quad.jpeg","contentUrl":"https:\/\/quadalkatreszek.com\/wp-content\/uploads\/2023\/01\/001-quad.jpeg","width":756,"height":724,"caption":"110cc ranger quad. A kxd , barton \u00e9s egy\u00e9b k\u00ednai m\u00e1rk\u00e1khoz hasonl\u00edt\u00f3 quad"},{"@type":"BreadcrumbList","@id":"https:\/\/quadalkatreszek.com\/product\/kxd-001-ranger-gyerek-quad-zold\/#breadcrumb","itemListElement":[{"@type":"ListItem","position":1,"name":"Kezd\u0151lap","item":"https:\/\/quadalkatreszek.com\/"},{"@type":"ListItem","position":2,"name":"Shop","item":"https:\/\/quadalkatreszek.com\/shop\/"},{"@type":"ListItem","position":3,"name":"Kxd 001 Ranger gyerek quad, z\u00f6ld"}]},{"@type":"WebSite","@id":"https:\/\/quadalkatreszek.com\/#website","url":"https:\/\/quadalkatreszek.com\/","name":"quadalkatreszek.com","description":"alkatr\u00e9szek - azonnal - rakt\u00e1rr\u00f3l","publisher":{"@id":"https:\/\/quadalkatreszek.com\/#organization"},"potentialAction":[{"@type":"SearchAction","target":{"@type":"EntryPoint","urlTemplate":"https:\/\/quadalkatreszek.com\/?s={search_term_string}"},"query-input":{"@type":"PropertyValueSpecification","valueRequired":true,"valueName":"search_term_string"}}],"inLanguage":"en-US"},{"@type":"Organization","@id":"https:\/\/quadalkatreszek.com\/#organization","name":"quadalkatreszek.com","url":"https:\/\/quadalkatreszek.com\/","logo":{"@type":"ImageObject","inLanguage":"en-US","@id":"https:\/\/quadalkatreszek.com\/#\/schema\/logo\/image\/","url":"https:\/\/quadalkatreszek.com\/wp-content\/uploads\/2023\/01\/korlogo-2.png","contentUrl":"https:\/\/quadalkatreszek.com\/wp-content\/uploads\/2023\/01\/korlogo-2.png","width":866,"height":866,"caption":"quadalkatreszek.com"},"image":{"@id":"https:\/\/quadalkatreszek.com\/#\/schema\/logo\/image\/"}}]}},"_links":{"self":[{"href":"https:\/\/quadalkatreszek.com\/en\/wp-json\/wp\/v2\/product\/35890","targetHints":{"allow":["GET"]}}],"collection":[{"href":"https:\/\/quadalkatreszek.com\/en\/wp-json\/wp\/v2\/product"}],"about":[{"href":"https:\/\/quadalkatreszek.com\/en\/wp-json\/wp\/v2\/types\/product"}],"replies":[{"embeddable":true,"href":"https:\/\/quadalkatreszek.com\/en\/wp-json\/wp\/v2\/comments?post=35890"}],"wp:featuredmedia":[{"embeddable":true,"href":"https:\/\/quadalkatreszek.com\/en\/wp-json\/wp\/v2\/media\/46751"}],"wp:attachment":[{"href":"https:\/\/quadalkatreszek.com\/en\/wp-json\/wp\/v2\/media?parent=35890"}],"wp:term":[{"taxonomy":"product_brand","embeddable":true,"href":"https:\/\/quadalkatreszek.com\/en\/wp-json\/wp\/v2\/product_brand?post=35890"},{"taxonomy":"product_cat","embeddable":true,"href":"https:\/\/quadalkatreszek.com\/en\/wp-json\/wp\/v2\/product_cat?post=35890"},{"taxonomy":"product_tag","embeddable":true,"href":"https:\/\/quadalkatreszek.com\/en\/wp-json\/wp\/v2\/product_tag?post=35890"}],"curies":[{"name":"wp","href":"https:\/\/api.w.org\/{rel}","templated":true}]}}