{"id":36817,"date":"2023-09-04T13:14:52","date_gmt":"2023-09-04T12:14:52","guid":{"rendered":"https:\/\/quadalkatreszek.com\/?post_type=product&#038;p=36817"},"modified":"2025-07-28T21:54:29","modified_gmt":"2025-07-28T20:54:29","slug":"hr-250cc-pro-dirt-bike-cross-motor","status":"publish","type":"product","link":"https:\/\/quadalkatreszek.com\/en\/product\/hr-250cc-pro-dirt-bike-cross-motor\/","title":{"rendered":"HR 250cc Pro dirt bike cross motor"},"content":{"rendered":"<p>Dirt bike motor 250cc Pr\u00e9mium kateg\u00f3ria<\/p>\n<p>250cc<\/p>\n<p>Ez a term\u00e9k k\u00f6z\u00fati forgalomban nem vehet r\u00e9szt!!!H\u0171t\u00e9s: leveg\u0151<br \/>\nGy\u00fajt\u00e1s: elektromos C.D.I.<br \/>\nInd\u00edt\u00e1s: Ped\u00e1l + elektromos ind\u00edt\u00f3<br \/>\nFelnik: el\u00f6l 21&#8243;, h\u00e1tul 18&#8243; (alum\u00ednium)<br \/>\nEls\u0151 gumik: 80\/100-21<br \/>\nH\u00e1ts\u00f3 gumi: 100\/90-18<br \/>\nEls\u0151 felf\u00fcggeszt\u00e9s: Olaj leng\u00e9scsillap\u00edt\u00f3k<br \/>\nH\u00e1ts\u00f3 felf\u00fcggeszt\u00e9s: K\u00f6zponti felf\u00fcggeszt\u00e9s<br \/>\nEls\u0151 f\u00e9kek: 1x t\u00e1rcsa &#8211; hidraulikus<br \/>\nH\u00e1ts\u00f3 f\u00e9kek: 1x t\u00e1rcsa &#8211; hidraulikus (l\u00e1b)<br \/>\n\u00dczemanyag: term\u00e9szetes 95<br \/>\n\u00dczemanyagtart\u00e1ly t\u00e9rfogata: 7,5l<br \/>\nMassz\u00edv keret<br \/>\nMax. teherb\u00edr\u00e1s: 130 kg<br \/>\nTeljes hossz: 210 cm<br \/>\nKorm\u00e1ny magass\u00e1ga (f\u00f6ldt\u0151l): 117 cm<br \/>\nKorm\u00e1ny sz\u00e9less\u00e9ge: 84 cm<br \/>\n\u00dcl\u00e9smagass\u00e1g (f\u00f6ldt\u0151l): 92 cm<br \/>\nHossza: 211 cm dirt bike<\/p>\n<p><span style=\"color: #ff0000;\">A quadok \u00e9s motorok sz\u00e1ll\u00edt\u00e1sa egyedi d\u00edjaz\u00e1ssal t\u00f6rt\u00e9nik!<\/span><\/p>\n<p>Ennek \u00f6sszeg\u00e9r\u0151l k\u00e9rem telefonon vagy e-mailben \u00e9rdekl\u0151dj\u00f6n<\/p>\n<p>&#8211; &#8211; &#8211;<br \/>\n<!--kkod_start--><\/p>\n<div class=\"kkod-visible\">kkod:93<\/div>\n<p><!--kkod_end--><\/p>","protected":false},"excerpt":{"rendered":"<p>PR\u00c9MIUM KATEG\u00d3RI\u00c1S MOTOR! A dirt bike Motor: 250 k\u00f6bcentis, egyhengeres, 4 \u00fctem\u0171, Zongshen CB250D-G m\u00e1rka A Motor teljes\u00edtm\u00e9ny: 15,5 kW<\/p>\n<p>Ez a term\u00e9k k\u00f6z\u00fati forgalomban nem vehet r\u00e9szt!!!<\/p>","protected":false},"featured_media":36819,"comment_status":"open","ping_status":"closed","template":"","meta":[],"product_brand":[],"product_cat":[136],"product_tag":[],"class_list":{"0":"post-36817","1":"product","2":"type-product","3":"status-publish","4":"has-post-thumbnail","6":"product_cat-cross-motorok-dirt-bike-ok","7":"product_shipping_class-tulmeret-1","9":"first","10":"instock","11":"shipping-taxable","12":"purchasable","13":"product-type-simple"},"yoast_head":"<!-- This site is optimized with the Yoast SEO plugin v27.5 - https:\/\/yoast.com\/product\/yoast-seo-wordpress\/ -->\n<title>HR 250cc Pro dirt bike cross motor - quadalkatreszek.com<\/title>\n<meta name=\"description\" content=\"PR\u00c9MIUM KATEG\u00d3RI\u00c1S MOTOR! A dirt bike Motor: 250 k\u00f6bcentis, egyhengeres, 4 \u00fctem\u0171, Zongshen CB250D-G m\u00e1rkaMotor teljes\u00edtm\u00e9ny: 15,5 kW\" \/>\n<meta name=\"robots\" content=\"index, follow, max-snippet:-1, max-image-preview:large, max-video-preview:-1\" \/>\n<link rel=\"canonical\" href=\"https:\/\/quadalkatreszek.com\/en\/product\/hr-250cc-pro-dirt-bike-cross-motor\/\" \/>\n<meta property=\"og:locale\" content=\"en_US\" \/>\n<meta property=\"og:type\" content=\"article\" \/>\n<meta property=\"og:title\" content=\"HR 250cc Pro dirt bike cross motor - quadalkatreszek.com\" \/>\n<meta property=\"og:description\" content=\"PR\u00c9MIUM KATEG\u00d3RI\u00c1S MOTOR! A dirt bike Motor: 250 k\u00f6bcentis, egyhengeres, 4 \u00fctem\u0171, Zongshen CB250D-G m\u00e1rkaMotor teljes\u00edtm\u00e9ny: 15,5 kW\" \/>\n<meta property=\"og:url\" content=\"https:\/\/quadalkatreszek.com\/en\/product\/hr-250cc-pro-dirt-bike-cross-motor\/\" \/>\n<meta property=\"og:site_name\" content=\"quadalkatreszek.com\" \/>\n<meta property=\"article:modified_time\" content=\"2025-07-28T20:54:29+00:00\" \/>\n<meta property=\"og:image\" content=\"https:\/\/quadalkatreszek.com\/wp-content\/uploads\/2023\/09\/dirtbkie3.jpg\" \/>\n\t<meta property=\"og:image:width\" content=\"600\" \/>\n\t<meta property=\"og:image:height\" content=\"600\" \/>\n\t<meta property=\"og:image:type\" content=\"image\/jpeg\" \/>\n<meta name=\"twitter:card\" content=\"summary_large_image\" \/>\n<meta name=\"twitter:label1\" content=\"Est. reading time\" \/>\n\t<meta name=\"twitter:data1\" content=\"1 minute\" \/>\n<script type=\"application\/ld+json\" class=\"yoast-schema-graph\">{\"@context\":\"https:\\\/\\\/schema.org\",\"@graph\":[{\"@type\":\"WebPage\",\"@id\":\"https:\\\/\\\/quadalkatreszek.com\\\/product\\\/hr-250cc-pro-dirt-bike-cross-motor\\\/\",\"url\":\"https:\\\/\\\/quadalkatreszek.com\\\/product\\\/hr-250cc-pro-dirt-bike-cross-motor\\\/\",\"name\":\"HR 250cc Pro dirt bike cross motor - quadalkatreszek.com\",\"isPartOf\":{\"@id\":\"https:\\\/\\\/quadalkatreszek.com\\\/#website\"},\"primaryImageOfPage\":{\"@id\":\"https:\\\/\\\/quadalkatreszek.com\\\/product\\\/hr-250cc-pro-dirt-bike-cross-motor\\\/#primaryimage\"},\"image\":{\"@id\":\"https:\\\/\\\/quadalkatreszek.com\\\/product\\\/hr-250cc-pro-dirt-bike-cross-motor\\\/#primaryimage\"},\"thumbnailUrl\":\"https:\\\/\\\/quadalkatreszek.com\\\/wp-content\\\/uploads\\\/2023\\\/09\\\/dirtbkie3.jpg\",\"datePublished\":\"2023-09-04T12:14:52+00:00\",\"dateModified\":\"2025-07-28T20:54:29+00:00\",\"description\":\"PR\u00c9MIUM KATEG\u00d3RI\u00c1S MOTOR! A dirt bike Motor: 250 k\u00f6bcentis, egyhengeres, 4 \u00fctem\u0171, Zongshen CB250D-G m\u00e1rkaMotor teljes\u00edtm\u00e9ny: 15,5 kW\",\"breadcrumb\":{\"@id\":\"https:\\\/\\\/quadalkatreszek.com\\\/product\\\/hr-250cc-pro-dirt-bike-cross-motor\\\/#breadcrumb\"},\"inLanguage\":\"en-US\",\"potentialAction\":[{\"@type\":\"ReadAction\",\"target\":[\"https:\\\/\\\/quadalkatreszek.com\\\/product\\\/hr-250cc-pro-dirt-bike-cross-motor\\\/\"]}]},{\"@type\":\"ImageObject\",\"inLanguage\":\"en-US\",\"@id\":\"https:\\\/\\\/quadalkatreszek.com\\\/product\\\/hr-250cc-pro-dirt-bike-cross-motor\\\/#primaryimage\",\"url\":\"https:\\\/\\\/quadalkatreszek.com\\\/wp-content\\\/uploads\\\/2023\\\/09\\\/dirtbkie3.jpg\",\"contentUrl\":\"https:\\\/\\\/quadalkatreszek.com\\\/wp-content\\\/uploads\\\/2023\\\/09\\\/dirtbkie3.jpg\",\"width\":600,\"height\":600,\"caption\":\"dirt bike motor\"},{\"@type\":\"BreadcrumbList\",\"@id\":\"https:\\\/\\\/quadalkatreszek.com\\\/product\\\/hr-250cc-pro-dirt-bike-cross-motor\\\/#breadcrumb\",\"itemListElement\":[{\"@type\":\"ListItem\",\"position\":1,\"name\":\"Kezd\u0151lap\",\"item\":\"https:\\\/\\\/quadalkatreszek.com\\\/\"},{\"@type\":\"ListItem\",\"position\":2,\"name\":\"Shop\",\"item\":\"https:\\\/\\\/quadalkatreszek.com\\\/shop\\\/\"},{\"@type\":\"ListItem\",\"position\":3,\"name\":\"HR 250cc Pro dirt bike cross motor\"}]},{\"@type\":\"WebSite\",\"@id\":\"https:\\\/\\\/quadalkatreszek.com\\\/#website\",\"url\":\"https:\\\/\\\/quadalkatreszek.com\\\/\",\"name\":\"quadalkatreszek.com\",\"description\":\"alkatr\u00e9szek - azonnal - rakt\u00e1rr\u00f3l\",\"publisher\":{\"@id\":\"https:\\\/\\\/quadalkatreszek.com\\\/#organization\"},\"potentialAction\":[{\"@type\":\"SearchAction\",\"target\":{\"@type\":\"EntryPoint\",\"urlTemplate\":\"https:\\\/\\\/quadalkatreszek.com\\\/?s={search_term_string}\"},\"query-input\":{\"@type\":\"PropertyValueSpecification\",\"valueRequired\":true,\"valueName\":\"search_term_string\"}}],\"inLanguage\":\"en-US\"},{\"@type\":\"Organization\",\"@id\":\"https:\\\/\\\/quadalkatreszek.com\\\/#organization\",\"name\":\"quadalkatreszek.com\",\"url\":\"https:\\\/\\\/quadalkatreszek.com\\\/\",\"logo\":{\"@type\":\"ImageObject\",\"inLanguage\":\"en-US\",\"@id\":\"https:\\\/\\\/quadalkatreszek.com\\\/#\\\/schema\\\/logo\\\/image\\\/\",\"url\":\"https:\\\/\\\/quadalkatreszek.com\\\/wp-content\\\/uploads\\\/2023\\\/01\\\/korlogo-2.png\",\"contentUrl\":\"https:\\\/\\\/quadalkatreszek.com\\\/wp-content\\\/uploads\\\/2023\\\/01\\\/korlogo-2.png\",\"width\":866,\"height\":866,\"caption\":\"quadalkatreszek.com\"},\"image\":{\"@id\":\"https:\\\/\\\/quadalkatreszek.com\\\/#\\\/schema\\\/logo\\\/image\\\/\"}}]}<\/script>\n<!-- \/ Yoast SEO plugin. -->","yoast_head_json":{"title":"HR 250cc Pro dirt bike cross motor - quadalkatreszek.com","description":"PR\u00c9MIUM KATEG\u00d3RI\u00c1S MOTOR! A dirt bike Motor: 250 k\u00f6bcentis, egyhengeres, 4 \u00fctem\u0171, Zongshen CB250D-G m\u00e1rkaMotor teljes\u00edtm\u00e9ny: 15,5 kW","robots":{"index":"index","follow":"follow","max-snippet":"max-snippet:-1","max-image-preview":"max-image-preview:large","max-video-preview":"max-video-preview:-1"},"canonical":"https:\/\/quadalkatreszek.com\/en\/product\/hr-250cc-pro-dirt-bike-cross-motor\/","og_locale":"en_US","og_type":"article","og_title":"HR 250cc Pro dirt bike cross motor - quadalkatreszek.com","og_description":"PR\u00c9MIUM KATEG\u00d3RI\u00c1S MOTOR! A dirt bike Motor: 250 k\u00f6bcentis, egyhengeres, 4 \u00fctem\u0171, Zongshen CB250D-G m\u00e1rkaMotor teljes\u00edtm\u00e9ny: 15,5 kW","og_url":"https:\/\/quadalkatreszek.com\/en\/product\/hr-250cc-pro-dirt-bike-cross-motor\/","og_site_name":"quadalkatreszek.com","article_modified_time":"2025-07-28T20:54:29+00:00","og_image":[{"width":600,"height":600,"url":"https:\/\/quadalkatreszek.com\/wp-content\/uploads\/2023\/09\/dirtbkie3.jpg","type":"image\/jpeg"}],"twitter_card":"summary_large_image","twitter_misc":{"Est. reading time":"1 minute"},"schema":{"@context":"https:\/\/schema.org","@graph":[{"@type":"WebPage","@id":"https:\/\/quadalkatreszek.com\/product\/hr-250cc-pro-dirt-bike-cross-motor\/","url":"https:\/\/quadalkatreszek.com\/product\/hr-250cc-pro-dirt-bike-cross-motor\/","name":"HR 250cc Pro dirt bike cross motor - quadalkatreszek.com","isPartOf":{"@id":"https:\/\/quadalkatreszek.com\/#website"},"primaryImageOfPage":{"@id":"https:\/\/quadalkatreszek.com\/product\/hr-250cc-pro-dirt-bike-cross-motor\/#primaryimage"},"image":{"@id":"https:\/\/quadalkatreszek.com\/product\/hr-250cc-pro-dirt-bike-cross-motor\/#primaryimage"},"thumbnailUrl":"https:\/\/quadalkatreszek.com\/wp-content\/uploads\/2023\/09\/dirtbkie3.jpg","datePublished":"2023-09-04T12:14:52+00:00","dateModified":"2025-07-28T20:54:29+00:00","description":"PR\u00c9MIUM KATEG\u00d3RI\u00c1S MOTOR! A dirt bike Motor: 250 k\u00f6bcentis, egyhengeres, 4 \u00fctem\u0171, Zongshen CB250D-G m\u00e1rkaMotor teljes\u00edtm\u00e9ny: 15,5 kW","breadcrumb":{"@id":"https:\/\/quadalkatreszek.com\/product\/hr-250cc-pro-dirt-bike-cross-motor\/#breadcrumb"},"inLanguage":"en-US","potentialAction":[{"@type":"ReadAction","target":["https:\/\/quadalkatreszek.com\/product\/hr-250cc-pro-dirt-bike-cross-motor\/"]}]},{"@type":"ImageObject","inLanguage":"en-US","@id":"https:\/\/quadalkatreszek.com\/product\/hr-250cc-pro-dirt-bike-cross-motor\/#primaryimage","url":"https:\/\/quadalkatreszek.com\/wp-content\/uploads\/2023\/09\/dirtbkie3.jpg","contentUrl":"https:\/\/quadalkatreszek.com\/wp-content\/uploads\/2023\/09\/dirtbkie3.jpg","width":600,"height":600,"caption":"dirt bike motor"},{"@type":"BreadcrumbList","@id":"https:\/\/quadalkatreszek.com\/product\/hr-250cc-pro-dirt-bike-cross-motor\/#breadcrumb","itemListElement":[{"@type":"ListItem","position":1,"name":"Kezd\u0151lap","item":"https:\/\/quadalkatreszek.com\/"},{"@type":"ListItem","position":2,"name":"Shop","item":"https:\/\/quadalkatreszek.com\/shop\/"},{"@type":"ListItem","position":3,"name":"HR 250cc Pro dirt bike cross motor"}]},{"@type":"WebSite","@id":"https:\/\/quadalkatreszek.com\/#website","url":"https:\/\/quadalkatreszek.com\/","name":"quadalkatreszek.com","description":"alkatr\u00e9szek - azonnal - rakt\u00e1rr\u00f3l","publisher":{"@id":"https:\/\/quadalkatreszek.com\/#organization"},"potentialAction":[{"@type":"SearchAction","target":{"@type":"EntryPoint","urlTemplate":"https:\/\/quadalkatreszek.com\/?s={search_term_string}"},"query-input":{"@type":"PropertyValueSpecification","valueRequired":true,"valueName":"search_term_string"}}],"inLanguage":"en-US"},{"@type":"Organization","@id":"https:\/\/quadalkatreszek.com\/#organization","name":"quadalkatreszek.com","url":"https:\/\/quadalkatreszek.com\/","logo":{"@type":"ImageObject","inLanguage":"en-US","@id":"https:\/\/quadalkatreszek.com\/#\/schema\/logo\/image\/","url":"https:\/\/quadalkatreszek.com\/wp-content\/uploads\/2023\/01\/korlogo-2.png","contentUrl":"https:\/\/quadalkatreszek.com\/wp-content\/uploads\/2023\/01\/korlogo-2.png","width":866,"height":866,"caption":"quadalkatreszek.com"},"image":{"@id":"https:\/\/quadalkatreszek.com\/#\/schema\/logo\/image\/"}}]}},"_links":{"self":[{"href":"https:\/\/quadalkatreszek.com\/en\/wp-json\/wp\/v2\/product\/36817","targetHints":{"allow":["GET"]}}],"collection":[{"href":"https:\/\/quadalkatreszek.com\/en\/wp-json\/wp\/v2\/product"}],"about":[{"href":"https:\/\/quadalkatreszek.com\/en\/wp-json\/wp\/v2\/types\/product"}],"replies":[{"embeddable":true,"href":"https:\/\/quadalkatreszek.com\/en\/wp-json\/wp\/v2\/comments?post=36817"}],"wp:featuredmedia":[{"embeddable":true,"href":"https:\/\/quadalkatreszek.com\/en\/wp-json\/wp\/v2\/media\/36819"}],"wp:attachment":[{"href":"https:\/\/quadalkatreszek.com\/en\/wp-json\/wp\/v2\/media?parent=36817"}],"wp:term":[{"taxonomy":"product_brand","embeddable":true,"href":"https:\/\/quadalkatreszek.com\/en\/wp-json\/wp\/v2\/product_brand?post=36817"},{"taxonomy":"product_cat","embeddable":true,"href":"https:\/\/quadalkatreszek.com\/en\/wp-json\/wp\/v2\/product_cat?post=36817"},{"taxonomy":"product_tag","embeddable":true,"href":"https:\/\/quadalkatreszek.com\/en\/wp-json\/wp\/v2\/product_tag?post=36817"}],"curies":[{"name":"wp","href":"https:\/\/api.w.org\/{rel}","templated":true}]}}