{"id":38499,"date":"2023-11-09T15:00:17","date_gmt":"2023-11-09T14:00:17","guid":{"rendered":"https:\/\/quadalkatreszek.com\/?post_type=product&#038;p=38499"},"modified":"2026-05-11T15:04:21","modified_gmt":"2026-05-11T14:04:21","slug":"kxd-607-dirt-bike-elso-teleszkop-17-14-kereku-motorokhoz","status":"publish","type":"product","link":"https:\/\/quadalkatreszek.com\/en\/product\/kxd-607-dirt-bike-elso-teleszkop-17-14-kereku-motorokhoz\/","title":{"rendered":"KXD 607 dirt bike els\u0151 teleszk\u00f3p 17\/14 kerek\u0171 motorokhoz"},"content":{"rendered":"<p>KXD 607 dirt bike els\u0151 teleszk\u00f3p 17\/14 kerek\u0171 motorokhoz<\/p>\n<p>&#8211; &#8211; &#8211;<br \/>\n<!--kkod_start--><\/p>\n<div class=\"kkod-visible\">kkod:146<\/div>\n<p><!--kkod_end--><\/p>","protected":false},"excerpt":{"rendered":"<p>KXD 607 dirt bike els\u0151 teleszk\u00f3p 17\/14 kerek\u0171 motorokhoz<\/p>","protected":false},"featured_media":38500,"comment_status":"open","ping_status":"closed","template":"","meta":[],"product_brand":[],"product_cat":[115],"product_tag":[],"class_list":{"0":"post-38499","1":"product","2":"type-product","3":"status-publish","4":"has-post-thumbnail","6":"product_cat-teleszkop","8":"first","9":"instock","10":"shipping-taxable","11":"purchasable","12":"product-type-simple"},"yoast_head":"<!-- This site is optimized with the Yoast SEO plugin v27.5 - https:\/\/yoast.com\/product\/yoast-seo-wordpress\/ -->\n<title>KXD 607 dirt bike els\u0151 teleszk\u00f3p 17\/14 kerek\u0171 motorokhoz<\/title>\n<meta name=\"description\" content=\"KXD 607 dirt bike els\u0151 teleszk\u00f3p 17\/14 kerek\u0171 motorokhoz. V\u00e1s\u00e1rolj a NAGYKERB\u0150L a legjobb \u00e1ron, MAG\u00c1NSZEM\u00c9LYEKET is kiszolg\u00e1lunk!\" \/>\n<meta name=\"robots\" content=\"index, follow, max-snippet:-1, max-image-preview:large, max-video-preview:-1\" \/>\n<link rel=\"canonical\" href=\"https:\/\/quadalkatreszek.com\/en\/product\/kxd-607-dirt-bike-elso-teleszkop-17-14-kereku-motorokhoz\/\" \/>\n<meta property=\"og:locale\" content=\"en_US\" \/>\n<meta property=\"og:type\" content=\"article\" \/>\n<meta property=\"og:title\" content=\"KXD 607 dirt bike els\u0151 teleszk\u00f3p 17\/14 kerek\u0171 motorokhoz\" \/>\n<meta property=\"og:description\" content=\"KXD 607 dirt bike els\u0151 teleszk\u00f3p 17\/14 kerek\u0171 motorokhoz. V\u00e1s\u00e1rolj a NAGYKERB\u0150L a legjobb \u00e1ron, MAG\u00c1NSZEM\u00c9LYEKET is kiszolg\u00e1lunk!\" \/>\n<meta property=\"og:url\" content=\"https:\/\/quadalkatreszek.com\/en\/product\/kxd-607-dirt-bike-elso-teleszkop-17-14-kereku-motorokhoz\/\" \/>\n<meta property=\"og:site_name\" content=\"quadalkatreszek.com\" \/>\n<meta property=\"article:modified_time\" content=\"2026-05-11T14:04:21+00:00\" \/>\n<meta property=\"og:image\" content=\"https:\/\/quadalkatreszek.com\/wp-content\/uploads\/2023\/11\/5576.jpg\" \/>\n\t<meta property=\"og:image:width\" content=\"970\" \/>\n\t<meta property=\"og:image:height\" content=\"576\" \/>\n\t<meta property=\"og:image:type\" content=\"image\/jpeg\" \/>\n<meta name=\"twitter:card\" content=\"summary_large_image\" \/>\n<script type=\"application\/ld+json\" class=\"yoast-schema-graph\">{\"@context\":\"https:\\\/\\\/schema.org\",\"@graph\":[{\"@type\":\"WebPage\",\"@id\":\"https:\\\/\\\/quadalkatreszek.com\\\/product\\\/kxd-607-dirt-bike-elso-teleszkop-17-14-kereku-motorokhoz\\\/\",\"url\":\"https:\\\/\\\/quadalkatreszek.com\\\/product\\\/kxd-607-dirt-bike-elso-teleszkop-17-14-kereku-motorokhoz\\\/\",\"name\":\"KXD 607 dirt bike els\u0151 teleszk\u00f3p 17\\\/14 kerek\u0171 motorokhoz\",\"isPartOf\":{\"@id\":\"https:\\\/\\\/quadalkatreszek.com\\\/#website\"},\"primaryImageOfPage\":{\"@id\":\"https:\\\/\\\/quadalkatreszek.com\\\/product\\\/kxd-607-dirt-bike-elso-teleszkop-17-14-kereku-motorokhoz\\\/#primaryimage\"},\"image\":{\"@id\":\"https:\\\/\\\/quadalkatreszek.com\\\/product\\\/kxd-607-dirt-bike-elso-teleszkop-17-14-kereku-motorokhoz\\\/#primaryimage\"},\"thumbnailUrl\":\"https:\\\/\\\/quadalkatreszek.com\\\/wp-content\\\/uploads\\\/2023\\\/11\\\/5576.jpg\",\"datePublished\":\"2023-11-09T14:00:17+00:00\",\"dateModified\":\"2026-05-11T14:04:21+00:00\",\"description\":\"KXD 607 dirt bike els\u0151 teleszk\u00f3p 17\\\/14 kerek\u0171 motorokhoz. V\u00e1s\u00e1rolj a NAGYKERB\u0150L a legjobb \u00e1ron, MAG\u00c1NSZEM\u00c9LYEKET is kiszolg\u00e1lunk!\",\"breadcrumb\":{\"@id\":\"https:\\\/\\\/quadalkatreszek.com\\\/product\\\/kxd-607-dirt-bike-elso-teleszkop-17-14-kereku-motorokhoz\\\/#breadcrumb\"},\"inLanguage\":\"en-US\",\"potentialAction\":[{\"@type\":\"ReadAction\",\"target\":[\"https:\\\/\\\/quadalkatreszek.com\\\/product\\\/kxd-607-dirt-bike-elso-teleszkop-17-14-kereku-motorokhoz\\\/\"]}]},{\"@type\":\"ImageObject\",\"inLanguage\":\"en-US\",\"@id\":\"https:\\\/\\\/quadalkatreszek.com\\\/product\\\/kxd-607-dirt-bike-elso-teleszkop-17-14-kereku-motorokhoz\\\/#primaryimage\",\"url\":\"https:\\\/\\\/quadalkatreszek.com\\\/wp-content\\\/uploads\\\/2023\\\/11\\\/5576.jpg\",\"contentUrl\":\"https:\\\/\\\/quadalkatreszek.com\\\/wp-content\\\/uploads\\\/2023\\\/11\\\/5576.jpg\",\"width\":970,\"height\":576,\"caption\":\"KXD 607 dirt bike els\u0151 teleszk\u00f3p\"},{\"@type\":\"BreadcrumbList\",\"@id\":\"https:\\\/\\\/quadalkatreszek.com\\\/product\\\/kxd-607-dirt-bike-elso-teleszkop-17-14-kereku-motorokhoz\\\/#breadcrumb\",\"itemListElement\":[{\"@type\":\"ListItem\",\"position\":1,\"name\":\"Kezd\u0151lap\",\"item\":\"https:\\\/\\\/quadalkatreszek.com\\\/\"},{\"@type\":\"ListItem\",\"position\":2,\"name\":\"Shop\",\"item\":\"https:\\\/\\\/quadalkatreszek.com\\\/shop\\\/\"},{\"@type\":\"ListItem\",\"position\":3,\"name\":\"KXD 607 dirt bike els\u0151 teleszk\u00f3p 17\\\/14 kerek\u0171 motorokhoz\"}]},{\"@type\":\"WebSite\",\"@id\":\"https:\\\/\\\/quadalkatreszek.com\\\/#website\",\"url\":\"https:\\\/\\\/quadalkatreszek.com\\\/\",\"name\":\"quadalkatreszek.com\",\"description\":\"alkatr\u00e9szek - azonnal - rakt\u00e1rr\u00f3l\",\"publisher\":{\"@id\":\"https:\\\/\\\/quadalkatreszek.com\\\/#organization\"},\"potentialAction\":[{\"@type\":\"SearchAction\",\"target\":{\"@type\":\"EntryPoint\",\"urlTemplate\":\"https:\\\/\\\/quadalkatreszek.com\\\/?s={search_term_string}\"},\"query-input\":{\"@type\":\"PropertyValueSpecification\",\"valueRequired\":true,\"valueName\":\"search_term_string\"}}],\"inLanguage\":\"en-US\"},{\"@type\":\"Organization\",\"@id\":\"https:\\\/\\\/quadalkatreszek.com\\\/#organization\",\"name\":\"quadalkatreszek.com\",\"url\":\"https:\\\/\\\/quadalkatreszek.com\\\/\",\"logo\":{\"@type\":\"ImageObject\",\"inLanguage\":\"en-US\",\"@id\":\"https:\\\/\\\/quadalkatreszek.com\\\/#\\\/schema\\\/logo\\\/image\\\/\",\"url\":\"https:\\\/\\\/quadalkatreszek.com\\\/wp-content\\\/uploads\\\/2023\\\/01\\\/korlogo-2.png\",\"contentUrl\":\"https:\\\/\\\/quadalkatreszek.com\\\/wp-content\\\/uploads\\\/2023\\\/01\\\/korlogo-2.png\",\"width\":866,\"height\":866,\"caption\":\"quadalkatreszek.com\"},\"image\":{\"@id\":\"https:\\\/\\\/quadalkatreszek.com\\\/#\\\/schema\\\/logo\\\/image\\\/\"}}]}<\/script>\n<!-- \/ Yoast SEO plugin. -->","yoast_head_json":{"title":"KXD 607 dirt bike els\u0151 teleszk\u00f3p 17\/14 kerek\u0171 motorokhoz","description":"KXD 607 dirt bike els\u0151 teleszk\u00f3p 17\/14 kerek\u0171 motorokhoz. V\u00e1s\u00e1rolj a NAGYKERB\u0150L a legjobb \u00e1ron, MAG\u00c1NSZEM\u00c9LYEKET is kiszolg\u00e1lunk!","robots":{"index":"index","follow":"follow","max-snippet":"max-snippet:-1","max-image-preview":"max-image-preview:large","max-video-preview":"max-video-preview:-1"},"canonical":"https:\/\/quadalkatreszek.com\/en\/product\/kxd-607-dirt-bike-elso-teleszkop-17-14-kereku-motorokhoz\/","og_locale":"en_US","og_type":"article","og_title":"KXD 607 dirt bike els\u0151 teleszk\u00f3p 17\/14 kerek\u0171 motorokhoz","og_description":"KXD 607 dirt bike els\u0151 teleszk\u00f3p 17\/14 kerek\u0171 motorokhoz. V\u00e1s\u00e1rolj a NAGYKERB\u0150L a legjobb \u00e1ron, MAG\u00c1NSZEM\u00c9LYEKET is kiszolg\u00e1lunk!","og_url":"https:\/\/quadalkatreszek.com\/en\/product\/kxd-607-dirt-bike-elso-teleszkop-17-14-kereku-motorokhoz\/","og_site_name":"quadalkatreszek.com","article_modified_time":"2026-05-11T14:04:21+00:00","og_image":[{"width":970,"height":576,"url":"https:\/\/quadalkatreszek.com\/wp-content\/uploads\/2023\/11\/5576.jpg","type":"image\/jpeg"}],"twitter_card":"summary_large_image","schema":{"@context":"https:\/\/schema.org","@graph":[{"@type":"WebPage","@id":"https:\/\/quadalkatreszek.com\/product\/kxd-607-dirt-bike-elso-teleszkop-17-14-kereku-motorokhoz\/","url":"https:\/\/quadalkatreszek.com\/product\/kxd-607-dirt-bike-elso-teleszkop-17-14-kereku-motorokhoz\/","name":"KXD 607 dirt bike els\u0151 teleszk\u00f3p 17\/14 kerek\u0171 motorokhoz","isPartOf":{"@id":"https:\/\/quadalkatreszek.com\/#website"},"primaryImageOfPage":{"@id":"https:\/\/quadalkatreszek.com\/product\/kxd-607-dirt-bike-elso-teleszkop-17-14-kereku-motorokhoz\/#primaryimage"},"image":{"@id":"https:\/\/quadalkatreszek.com\/product\/kxd-607-dirt-bike-elso-teleszkop-17-14-kereku-motorokhoz\/#primaryimage"},"thumbnailUrl":"https:\/\/quadalkatreszek.com\/wp-content\/uploads\/2023\/11\/5576.jpg","datePublished":"2023-11-09T14:00:17+00:00","dateModified":"2026-05-11T14:04:21+00:00","description":"KXD 607 dirt bike els\u0151 teleszk\u00f3p 17\/14 kerek\u0171 motorokhoz. V\u00e1s\u00e1rolj a NAGYKERB\u0150L a legjobb \u00e1ron, MAG\u00c1NSZEM\u00c9LYEKET is kiszolg\u00e1lunk!","breadcrumb":{"@id":"https:\/\/quadalkatreszek.com\/product\/kxd-607-dirt-bike-elso-teleszkop-17-14-kereku-motorokhoz\/#breadcrumb"},"inLanguage":"en-US","potentialAction":[{"@type":"ReadAction","target":["https:\/\/quadalkatreszek.com\/product\/kxd-607-dirt-bike-elso-teleszkop-17-14-kereku-motorokhoz\/"]}]},{"@type":"ImageObject","inLanguage":"en-US","@id":"https:\/\/quadalkatreszek.com\/product\/kxd-607-dirt-bike-elso-teleszkop-17-14-kereku-motorokhoz\/#primaryimage","url":"https:\/\/quadalkatreszek.com\/wp-content\/uploads\/2023\/11\/5576.jpg","contentUrl":"https:\/\/quadalkatreszek.com\/wp-content\/uploads\/2023\/11\/5576.jpg","width":970,"height":576,"caption":"KXD 607 dirt bike els\u0151 teleszk\u00f3p"},{"@type":"BreadcrumbList","@id":"https:\/\/quadalkatreszek.com\/product\/kxd-607-dirt-bike-elso-teleszkop-17-14-kereku-motorokhoz\/#breadcrumb","itemListElement":[{"@type":"ListItem","position":1,"name":"Kezd\u0151lap","item":"https:\/\/quadalkatreszek.com\/"},{"@type":"ListItem","position":2,"name":"Shop","item":"https:\/\/quadalkatreszek.com\/shop\/"},{"@type":"ListItem","position":3,"name":"KXD 607 dirt bike els\u0151 teleszk\u00f3p 17\/14 kerek\u0171 motorokhoz"}]},{"@type":"WebSite","@id":"https:\/\/quadalkatreszek.com\/#website","url":"https:\/\/quadalkatreszek.com\/","name":"quadalkatreszek.com","description":"alkatr\u00e9szek - azonnal - rakt\u00e1rr\u00f3l","publisher":{"@id":"https:\/\/quadalkatreszek.com\/#organization"},"potentialAction":[{"@type":"SearchAction","target":{"@type":"EntryPoint","urlTemplate":"https:\/\/quadalkatreszek.com\/?s={search_term_string}"},"query-input":{"@type":"PropertyValueSpecification","valueRequired":true,"valueName":"search_term_string"}}],"inLanguage":"en-US"},{"@type":"Organization","@id":"https:\/\/quadalkatreszek.com\/#organization","name":"quadalkatreszek.com","url":"https:\/\/quadalkatreszek.com\/","logo":{"@type":"ImageObject","inLanguage":"en-US","@id":"https:\/\/quadalkatreszek.com\/#\/schema\/logo\/image\/","url":"https:\/\/quadalkatreszek.com\/wp-content\/uploads\/2023\/01\/korlogo-2.png","contentUrl":"https:\/\/quadalkatreszek.com\/wp-content\/uploads\/2023\/01\/korlogo-2.png","width":866,"height":866,"caption":"quadalkatreszek.com"},"image":{"@id":"https:\/\/quadalkatreszek.com\/#\/schema\/logo\/image\/"}}]}},"_links":{"self":[{"href":"https:\/\/quadalkatreszek.com\/en\/wp-json\/wp\/v2\/product\/38499","targetHints":{"allow":["GET"]}}],"collection":[{"href":"https:\/\/quadalkatreszek.com\/en\/wp-json\/wp\/v2\/product"}],"about":[{"href":"https:\/\/quadalkatreszek.com\/en\/wp-json\/wp\/v2\/types\/product"}],"replies":[{"embeddable":true,"href":"https:\/\/quadalkatreszek.com\/en\/wp-json\/wp\/v2\/comments?post=38499"}],"wp:featuredmedia":[{"embeddable":true,"href":"https:\/\/quadalkatreszek.com\/en\/wp-json\/wp\/v2\/media\/38500"}],"wp:attachment":[{"href":"https:\/\/quadalkatreszek.com\/en\/wp-json\/wp\/v2\/media?parent=38499"}],"wp:term":[{"taxonomy":"product_brand","embeddable":true,"href":"https:\/\/quadalkatreszek.com\/en\/wp-json\/wp\/v2\/product_brand?post=38499"},{"taxonomy":"product_cat","embeddable":true,"href":"https:\/\/quadalkatreszek.com\/en\/wp-json\/wp\/v2\/product_cat?post=38499"},{"taxonomy":"product_tag","embeddable":true,"href":"https:\/\/quadalkatreszek.com\/en\/wp-json\/wp\/v2\/product_tag?post=38499"}],"curies":[{"name":"wp","href":"https:\/\/api.w.org\/{rel}","templated":true}]}}