{"id":38854,"date":"2023-11-30T11:10:41","date_gmt":"2023-11-30T10:10:41","guid":{"rendered":"https:\/\/quadalkatreszek.com\/?post_type=product&#038;p=38854"},"modified":"2026-04-29T07:31:24","modified_gmt":"2026-04-29T06:31:24","slug":"atv-tok-hatso-farok-tok-szallitodoboz","status":"publish","type":"product","link":"https:\/\/quadalkatreszek.com\/en\/product\/atv-tok-hatso-farok-tok-szallitodoboz\/","title":{"rendered":"ATV tok h\u00e1ts\u00f3 farok tok sz\u00e1ll\u00edt\u00f3doboz"},"content":{"rendered":"<p>ATV tok h\u00e1ts\u00f3 farok tok sz\u00e1ll\u00edt\u00f3doboz.<\/p>\n<p>Szivacsos h\u00e1t t\u00e1ml\u00e1val, mely le is szerelhet\u0151 r\u00f3la.<\/p>\n<p>Univerz\u00e1lis, rengeteg t\u00edpus\u00fa quadra felszerelhet\u0151, kulccsal z\u00e1rhat\u00f3 \u00e9s v\u00edz\u00e1ll\u00f3 \/ v\u00edzz\u00e1r\u00f3.<\/p>\n<p>M\u00e9rete: 95cm x 60cm x 33cm \u00edgy t\u00f6k\u00e9letesen illeszkedik a k\u00ednai quadok t\u00f6bbs\u00e9g\u00e9hez.<\/p>\n<p>, 0<br \/>\n&#8211; &#8211; &#8211;<br \/>\n<!--kkod_start--><\/p>\n<div class=\"kkod-visible\">kkod:106<\/div>\n<p><!--kkod_end--><\/p>","protected":false},"excerpt":{"rendered":"<p>ATV tok h\u00e1ts\u00f3 farok tok sz\u00e1ll\u00edt\u00f3doboz.<\/p>\n<p>Szivacsos h\u00e1t t\u00e1ml\u00e1val, mely le is szerelhet\u0151 r\u00f3la.<\/p>\n<p>Univerz\u00e1lis, rengeteg t\u00edpus\u00fa quadra felszerelhet\u0151, kulccsal z\u00e1rhat\u00f3 \u00e9s v\u00edz\u00e1ll\u00f3 \/ v\u00edzz\u00e1r\u00f3.<\/p>\n<p>M\u00e9rete: 95cm x 60cm x 33cm \u00edgy t\u00f6k\u00e9letesen illeszkedik a k\u00ednai quadok t\u00f6bbs\u00e9g\u00e9hez.<\/p>","protected":false},"featured_media":38828,"comment_status":"open","ping_status":"closed","template":"","meta":[],"product_brand":[],"product_cat":[139,102],"product_tag":[],"class_list":{"0":"post-38854","1":"product","2":"type-product","3":"status-publish","4":"has-post-thumbnail","6":"product_cat-extrak","7":"product_cat-tura-quad-burkolatok","9":"first","10":"instock","11":"sale","12":"shipping-taxable","13":"purchasable","14":"product-type-simple"},"yoast_head":"<!-- This site is optimized with the Yoast SEO plugin v27.5 - https:\/\/yoast.com\/product\/yoast-seo-wordpress\/ -->\n<title>ATV tok h\u00e1ts\u00f3 farok tok sz\u00e1ll\u00edt\u00f3doboz - quadalkatreszek.com<\/title>\n<meta name=\"description\" content=\"ATV tok h\u00e1ts\u00f3 farok tok sz\u00e1ll\u00edt\u00f3doboz. Szivacsos h\u00e1t t\u00e1ml\u00e1val, mely le is szerelhet\u0151 r\u00f3la. Rengeteg t\u00edpus\u00fa quadra felszerelhet\u0151, kulccsal z\u00e1rhat\u00f3 \u00e9s v\u00edz\u00e1ll\u00f3 \/ v\u00edzz\u00e1r\u00f3.\" \/>\n<meta name=\"robots\" content=\"index, follow, max-snippet:-1, max-image-preview:large, max-video-preview:-1\" \/>\n<link rel=\"canonical\" href=\"https:\/\/quadalkatreszek.com\/en\/product\/atv-tok-hatso-farok-tok-szallitodoboz\/\" \/>\n<meta property=\"og:locale\" content=\"en_US\" \/>\n<meta property=\"og:type\" content=\"article\" \/>\n<meta property=\"og:title\" content=\"ATV tok h\u00e1ts\u00f3 farok tok sz\u00e1ll\u00edt\u00f3doboz - quadalkatreszek.com\" \/>\n<meta property=\"og:description\" content=\"ATV tok h\u00e1ts\u00f3 farok tok sz\u00e1ll\u00edt\u00f3doboz. Szivacsos h\u00e1t t\u00e1ml\u00e1val, mely le is szerelhet\u0151 r\u00f3la. Rengeteg t\u00edpus\u00fa quadra felszerelhet\u0151, kulccsal z\u00e1rhat\u00f3 \u00e9s v\u00edz\u00e1ll\u00f3 \/ v\u00edzz\u00e1r\u00f3.\" \/>\n<meta property=\"og:url\" content=\"https:\/\/quadalkatreszek.com\/en\/product\/atv-tok-hatso-farok-tok-szallitodoboz\/\" \/>\n<meta property=\"og:site_name\" content=\"quadalkatreszek.com\" \/>\n<meta property=\"article:modified_time\" content=\"2026-04-29T06:31:24+00:00\" \/>\n<meta property=\"og:image\" content=\"https:\/\/quadalkatreszek.com\/wp-content\/uploads\/2023\/11\/5721r.jpg\" \/>\n\t<meta property=\"og:image:width\" content=\"1668\" \/>\n\t<meta property=\"og:image:height\" content=\"1088\" \/>\n\t<meta property=\"og:image:type\" content=\"image\/jpeg\" \/>\n<meta name=\"twitter:card\" content=\"summary_large_image\" \/>\n<script type=\"application\/ld+json\" class=\"yoast-schema-graph\">{\"@context\":\"https:\\\/\\\/schema.org\",\"@graph\":[{\"@type\":\"WebPage\",\"@id\":\"https:\\\/\\\/quadalkatreszek.com\\\/product\\\/atv-tok-hatso-farok-tok-szallitodoboz\\\/\",\"url\":\"https:\\\/\\\/quadalkatreszek.com\\\/product\\\/atv-tok-hatso-farok-tok-szallitodoboz\\\/\",\"name\":\"ATV tok h\u00e1ts\u00f3 farok tok sz\u00e1ll\u00edt\u00f3doboz - quadalkatreszek.com\",\"isPartOf\":{\"@id\":\"https:\\\/\\\/quadalkatreszek.com\\\/#website\"},\"primaryImageOfPage\":{\"@id\":\"https:\\\/\\\/quadalkatreszek.com\\\/product\\\/atv-tok-hatso-farok-tok-szallitodoboz\\\/#primaryimage\"},\"image\":{\"@id\":\"https:\\\/\\\/quadalkatreszek.com\\\/product\\\/atv-tok-hatso-farok-tok-szallitodoboz\\\/#primaryimage\"},\"thumbnailUrl\":\"https:\\\/\\\/quadalkatreszek.com\\\/wp-content\\\/uploads\\\/2023\\\/11\\\/5721r.jpg\",\"datePublished\":\"2023-11-30T10:10:41+00:00\",\"dateModified\":\"2026-04-29T06:31:24+00:00\",\"description\":\"ATV tok h\u00e1ts\u00f3 farok tok sz\u00e1ll\u00edt\u00f3doboz. Szivacsos h\u00e1t t\u00e1ml\u00e1val, mely le is szerelhet\u0151 r\u00f3la. Rengeteg t\u00edpus\u00fa quadra felszerelhet\u0151, kulccsal z\u00e1rhat\u00f3 \u00e9s v\u00edz\u00e1ll\u00f3 \\\/ v\u00edzz\u00e1r\u00f3.\",\"breadcrumb\":{\"@id\":\"https:\\\/\\\/quadalkatreszek.com\\\/product\\\/atv-tok-hatso-farok-tok-szallitodoboz\\\/#breadcrumb\"},\"inLanguage\":\"en-US\",\"potentialAction\":[{\"@type\":\"ReadAction\",\"target\":[\"https:\\\/\\\/quadalkatreszek.com\\\/product\\\/atv-tok-hatso-farok-tok-szallitodoboz\\\/\"]}]},{\"@type\":\"ImageObject\",\"inLanguage\":\"en-US\",\"@id\":\"https:\\\/\\\/quadalkatreszek.com\\\/product\\\/atv-tok-hatso-farok-tok-szallitodoboz\\\/#primaryimage\",\"url\":\"https:\\\/\\\/quadalkatreszek.com\\\/wp-content\\\/uploads\\\/2023\\\/11\\\/5721r.jpg\",\"contentUrl\":\"https:\\\/\\\/quadalkatreszek.com\\\/wp-content\\\/uploads\\\/2023\\\/11\\\/5721r.jpg\",\"width\":1668,\"height\":1088,\"caption\":\"T\u00fara quad t\u00e1rol\u00f3doboz ATV t\u00e1rol\u00f3 doboz\"},{\"@type\":\"BreadcrumbList\",\"@id\":\"https:\\\/\\\/quadalkatreszek.com\\\/product\\\/atv-tok-hatso-farok-tok-szallitodoboz\\\/#breadcrumb\",\"itemListElement\":[{\"@type\":\"ListItem\",\"position\":1,\"name\":\"Kezd\u0151lap\",\"item\":\"https:\\\/\\\/quadalkatreszek.com\\\/\"},{\"@type\":\"ListItem\",\"position\":2,\"name\":\"Shop\",\"item\":\"https:\\\/\\\/quadalkatreszek.com\\\/shop\\\/\"},{\"@type\":\"ListItem\",\"position\":3,\"name\":\"ATV tok h\u00e1ts\u00f3 farok tok sz\u00e1ll\u00edt\u00f3doboz\"}]},{\"@type\":\"WebSite\",\"@id\":\"https:\\\/\\\/quadalkatreszek.com\\\/#website\",\"url\":\"https:\\\/\\\/quadalkatreszek.com\\\/\",\"name\":\"quadalkatreszek.com\",\"description\":\"alkatr\u00e9szek - azonnal - rakt\u00e1rr\u00f3l\",\"publisher\":{\"@id\":\"https:\\\/\\\/quadalkatreszek.com\\\/#organization\"},\"potentialAction\":[{\"@type\":\"SearchAction\",\"target\":{\"@type\":\"EntryPoint\",\"urlTemplate\":\"https:\\\/\\\/quadalkatreszek.com\\\/?s={search_term_string}\"},\"query-input\":{\"@type\":\"PropertyValueSpecification\",\"valueRequired\":true,\"valueName\":\"search_term_string\"}}],\"inLanguage\":\"en-US\"},{\"@type\":\"Organization\",\"@id\":\"https:\\\/\\\/quadalkatreszek.com\\\/#organization\",\"name\":\"quadalkatreszek.com\",\"url\":\"https:\\\/\\\/quadalkatreszek.com\\\/\",\"logo\":{\"@type\":\"ImageObject\",\"inLanguage\":\"en-US\",\"@id\":\"https:\\\/\\\/quadalkatreszek.com\\\/#\\\/schema\\\/logo\\\/image\\\/\",\"url\":\"https:\\\/\\\/quadalkatreszek.com\\\/wp-content\\\/uploads\\\/2023\\\/01\\\/korlogo-2.png\",\"contentUrl\":\"https:\\\/\\\/quadalkatreszek.com\\\/wp-content\\\/uploads\\\/2023\\\/01\\\/korlogo-2.png\",\"width\":866,\"height\":866,\"caption\":\"quadalkatreszek.com\"},\"image\":{\"@id\":\"https:\\\/\\\/quadalkatreszek.com\\\/#\\\/schema\\\/logo\\\/image\\\/\"}}]}<\/script>\n<!-- \/ Yoast SEO plugin. -->","yoast_head_json":{"title":"ATV tok h\u00e1ts\u00f3 farok tok sz\u00e1ll\u00edt\u00f3doboz - quadalkatreszek.com","description":"ATV tok h\u00e1ts\u00f3 farok tok sz\u00e1ll\u00edt\u00f3doboz. Szivacsos h\u00e1t t\u00e1ml\u00e1val, mely le is szerelhet\u0151 r\u00f3la. Rengeteg t\u00edpus\u00fa quadra felszerelhet\u0151, kulccsal z\u00e1rhat\u00f3 \u00e9s v\u00edz\u00e1ll\u00f3 \/ v\u00edzz\u00e1r\u00f3.","robots":{"index":"index","follow":"follow","max-snippet":"max-snippet:-1","max-image-preview":"max-image-preview:large","max-video-preview":"max-video-preview:-1"},"canonical":"https:\/\/quadalkatreszek.com\/en\/product\/atv-tok-hatso-farok-tok-szallitodoboz\/","og_locale":"en_US","og_type":"article","og_title":"ATV tok h\u00e1ts\u00f3 farok tok sz\u00e1ll\u00edt\u00f3doboz - quadalkatreszek.com","og_description":"ATV tok h\u00e1ts\u00f3 farok tok sz\u00e1ll\u00edt\u00f3doboz. Szivacsos h\u00e1t t\u00e1ml\u00e1val, mely le is szerelhet\u0151 r\u00f3la. Rengeteg t\u00edpus\u00fa quadra felszerelhet\u0151, kulccsal z\u00e1rhat\u00f3 \u00e9s v\u00edz\u00e1ll\u00f3 \/ v\u00edzz\u00e1r\u00f3.","og_url":"https:\/\/quadalkatreszek.com\/en\/product\/atv-tok-hatso-farok-tok-szallitodoboz\/","og_site_name":"quadalkatreszek.com","article_modified_time":"2026-04-29T06:31:24+00:00","og_image":[{"width":1668,"height":1088,"url":"https:\/\/quadalkatreszek.com\/wp-content\/uploads\/2023\/11\/5721r.jpg","type":"image\/jpeg"}],"twitter_card":"summary_large_image","schema":{"@context":"https:\/\/schema.org","@graph":[{"@type":"WebPage","@id":"https:\/\/quadalkatreszek.com\/product\/atv-tok-hatso-farok-tok-szallitodoboz\/","url":"https:\/\/quadalkatreszek.com\/product\/atv-tok-hatso-farok-tok-szallitodoboz\/","name":"ATV tok h\u00e1ts\u00f3 farok tok sz\u00e1ll\u00edt\u00f3doboz - quadalkatreszek.com","isPartOf":{"@id":"https:\/\/quadalkatreszek.com\/#website"},"primaryImageOfPage":{"@id":"https:\/\/quadalkatreszek.com\/product\/atv-tok-hatso-farok-tok-szallitodoboz\/#primaryimage"},"image":{"@id":"https:\/\/quadalkatreszek.com\/product\/atv-tok-hatso-farok-tok-szallitodoboz\/#primaryimage"},"thumbnailUrl":"https:\/\/quadalkatreszek.com\/wp-content\/uploads\/2023\/11\/5721r.jpg","datePublished":"2023-11-30T10:10:41+00:00","dateModified":"2026-04-29T06:31:24+00:00","description":"ATV tok h\u00e1ts\u00f3 farok tok sz\u00e1ll\u00edt\u00f3doboz. Szivacsos h\u00e1t t\u00e1ml\u00e1val, mely le is szerelhet\u0151 r\u00f3la. Rengeteg t\u00edpus\u00fa quadra felszerelhet\u0151, kulccsal z\u00e1rhat\u00f3 \u00e9s v\u00edz\u00e1ll\u00f3 \/ v\u00edzz\u00e1r\u00f3.","breadcrumb":{"@id":"https:\/\/quadalkatreszek.com\/product\/atv-tok-hatso-farok-tok-szallitodoboz\/#breadcrumb"},"inLanguage":"en-US","potentialAction":[{"@type":"ReadAction","target":["https:\/\/quadalkatreszek.com\/product\/atv-tok-hatso-farok-tok-szallitodoboz\/"]}]},{"@type":"ImageObject","inLanguage":"en-US","@id":"https:\/\/quadalkatreszek.com\/product\/atv-tok-hatso-farok-tok-szallitodoboz\/#primaryimage","url":"https:\/\/quadalkatreszek.com\/wp-content\/uploads\/2023\/11\/5721r.jpg","contentUrl":"https:\/\/quadalkatreszek.com\/wp-content\/uploads\/2023\/11\/5721r.jpg","width":1668,"height":1088,"caption":"T\u00fara quad t\u00e1rol\u00f3doboz ATV t\u00e1rol\u00f3 doboz"},{"@type":"BreadcrumbList","@id":"https:\/\/quadalkatreszek.com\/product\/atv-tok-hatso-farok-tok-szallitodoboz\/#breadcrumb","itemListElement":[{"@type":"ListItem","position":1,"name":"Kezd\u0151lap","item":"https:\/\/quadalkatreszek.com\/"},{"@type":"ListItem","position":2,"name":"Shop","item":"https:\/\/quadalkatreszek.com\/shop\/"},{"@type":"ListItem","position":3,"name":"ATV tok h\u00e1ts\u00f3 farok tok sz\u00e1ll\u00edt\u00f3doboz"}]},{"@type":"WebSite","@id":"https:\/\/quadalkatreszek.com\/#website","url":"https:\/\/quadalkatreszek.com\/","name":"quadalkatreszek.com","description":"alkatr\u00e9szek - azonnal - rakt\u00e1rr\u00f3l","publisher":{"@id":"https:\/\/quadalkatreszek.com\/#organization"},"potentialAction":[{"@type":"SearchAction","target":{"@type":"EntryPoint","urlTemplate":"https:\/\/quadalkatreszek.com\/?s={search_term_string}"},"query-input":{"@type":"PropertyValueSpecification","valueRequired":true,"valueName":"search_term_string"}}],"inLanguage":"en-US"},{"@type":"Organization","@id":"https:\/\/quadalkatreszek.com\/#organization","name":"quadalkatreszek.com","url":"https:\/\/quadalkatreszek.com\/","logo":{"@type":"ImageObject","inLanguage":"en-US","@id":"https:\/\/quadalkatreszek.com\/#\/schema\/logo\/image\/","url":"https:\/\/quadalkatreszek.com\/wp-content\/uploads\/2023\/01\/korlogo-2.png","contentUrl":"https:\/\/quadalkatreszek.com\/wp-content\/uploads\/2023\/01\/korlogo-2.png","width":866,"height":866,"caption":"quadalkatreszek.com"},"image":{"@id":"https:\/\/quadalkatreszek.com\/#\/schema\/logo\/image\/"}}]}},"_links":{"self":[{"href":"https:\/\/quadalkatreszek.com\/en\/wp-json\/wp\/v2\/product\/38854","targetHints":{"allow":["GET"]}}],"collection":[{"href":"https:\/\/quadalkatreszek.com\/en\/wp-json\/wp\/v2\/product"}],"about":[{"href":"https:\/\/quadalkatreszek.com\/en\/wp-json\/wp\/v2\/types\/product"}],"replies":[{"embeddable":true,"href":"https:\/\/quadalkatreszek.com\/en\/wp-json\/wp\/v2\/comments?post=38854"}],"wp:featuredmedia":[{"embeddable":true,"href":"https:\/\/quadalkatreszek.com\/en\/wp-json\/wp\/v2\/media\/38828"}],"wp:attachment":[{"href":"https:\/\/quadalkatreszek.com\/en\/wp-json\/wp\/v2\/media?parent=38854"}],"wp:term":[{"taxonomy":"product_brand","embeddable":true,"href":"https:\/\/quadalkatreszek.com\/en\/wp-json\/wp\/v2\/product_brand?post=38854"},{"taxonomy":"product_cat","embeddable":true,"href":"https:\/\/quadalkatreszek.com\/en\/wp-json\/wp\/v2\/product_cat?post=38854"},{"taxonomy":"product_tag","embeddable":true,"href":"https:\/\/quadalkatreszek.com\/en\/wp-json\/wp\/v2\/product_tag?post=38854"}],"curies":[{"name":"wp","href":"https:\/\/api.w.org\/{rel}","templated":true}]}}