{"id":39328,"date":"2024-01-19T10:44:59","date_gmt":"2024-01-19T09:44:59","guid":{"rendered":"https:\/\/quadalkatreszek.com\/?post_type=product&#038;p=39328"},"modified":"2026-01-06T08:53:35","modified_gmt":"2026-01-06T07:53:35","slug":"mzk-250cc-dirt-bike-pitbike-21-18-kerek-fekete","status":"publish","type":"product","link":"https:\/\/quadalkatreszek.com\/en\/product\/mzk-250cc-dirt-bike-pitbike-21-18-kerek-fekete\/","title":{"rendered":"MZK 250cc Dirt bike Pitbike 21\/18 ker\u00e9k Fekete"},"content":{"rendered":"<p>MZK 250cc Dirt bike Pitbike 21\/18 ker\u00e9k Fekete sz\u00ednben!<\/p>\n<p>Ez a term\u00e9k k\u00f6z\u00fati forgalomban nem vehet r\u00e9szt!!!<\/p>\n<p>Ha egy igaz\u00e1n BRUT\u00c1LIS cross motorra v\u00e1gysz megfizethet\u0151 \u00e1ron, akkor ebben a motorban biztosan nem fogsz csal\u00f3dni.<\/p>\n<p>MZK 250cc Dirt bike 21\/18 ker\u00e9km\u00e9ret<\/p>\n<p>Ez egy igazi Full Cross motor.A Mikilon MZK 250cc 2023-mas leg\u00fajabb a j\u00f3l ismert SUZUKI RMZ 250 modell mint\u00e1j\u00e1ra k\u00e9sz\u00fclt .Ez a modell a m\u00e1rka z\u00e1szl\u00f3shaj\u00f3ja full cross, amelyet er\u0151s felf\u00fcggeszt\u00e9s \u00e9s tart\u00f3s konstrukci\u00f3 jellemez. Egy hengeres, n\u00e9gy\u00fctem\u0171 motor hajtja.<\/p>\n<p>H\u0171t\u00e9s: leveg\u0151<br \/>\nGy\u00fajt\u00e1s: elektromos C.D.I.<br \/>\nInd\u00edt\u00e1s: Ped\u00e1l + elektromos ind\u00edt\u00f3<br \/>\nFelnik: el\u00f6l 21&#8243;, h\u00e1tul 18&#8243; (alum\u00ednium)<br \/>\nEls\u0151 gumik: 80\/100-21<br \/>\nH\u00e1ts\u00f3 gumi: 100\/90-18<br \/>\nEls\u0151 felf\u00fcggeszt\u00e9s: Olajleng\u00e9scsillap\u00edt\u00f3k<br \/>\nH\u00e1ts\u00f3 felf\u00fcggeszt\u00e9s: K\u00f6zponti felf\u00fcggeszt\u00e9s<br \/>\nEls\u0151 f\u00e9kek: 1x t\u00e1rcsa &#8211; hidraulikus<br \/>\nH\u00e1ts\u00f3 f\u00e9kek: 1x t\u00e1rcsa &#8211; hidraulikus (l\u00e1b)<br \/>\n\u00dczemanyag: term\u00e9szetes 95<br \/>\n\u00dczemanyagtart\u00e1ly t\u00e9rfogata: 7,5l<br \/>\nMassz\u00edv keret<br \/>\nMax. teherb\u00edr\u00e1s: 130 kg<\/p>\n<p>&#8211; &#8211; &#8211;<br \/>\n<!--kkod_start--><\/p>\n<div class=\"kkod-visible\">kkod:93<\/div>\n<p><!--kkod_end--><\/p>","protected":false},"excerpt":{"rendered":"<p>MZK 250cc Dirt bike Pitbike 21\/18 ker\u00e9k<\/p>\n<p>Ha egy igaz\u00e1n BRUT\u00c1LIS cross motorra v\u00e1gysz megfizethet\u0151 \u00e1ron, akkor ebben a motorban biztosan nem fogsz csalodni.<\/p>\n<p>Ez egy igazi Full Cross motor.A Mikilon MZK 250cc 2023-mas leg\u00fajabb a j\u00f3l ismert SUZUKI RMZ 250 modell mint\u00e1j\u00e1ra k\u00e9sz\u00fclt .Ez a modell a m\u00e1rka z\u00e1szl\u00f3shaj\u00f3ja full cross, amelyet er\u0151s felf\u00fcggeszt\u00e9s \u00e9s tart\u00f3s konstrukci\u00f3 jellemez. Egy hengeres, n\u00e9gy\u00fctem\u0171 motor hajtja<\/p>","protected":false},"featured_media":50489,"comment_status":"open","ping_status":"closed","template":"","meta":[],"product_brand":[],"product_cat":[136],"product_tag":[],"class_list":{"0":"post-39328","1":"product","2":"type-product","3":"status-publish","4":"has-post-thumbnail","6":"product_cat-cross-motorok-dirt-bike-ok","7":"product_shipping_class-tulmeret-1","9":"first","10":"instock","11":"shipping-taxable","12":"purchasable","13":"product-type-simple"},"yoast_head":"<!-- This site is optimized with the Yoast SEO plugin v27.4 - https:\/\/yoast.com\/product\/yoast-seo-wordpress\/ -->\n<title>MZK 250cc Dirt bike Pitbike 21\/18 ker\u00e9k Fekete - quadalkatreszek.com<\/title>\n<meta name=\"description\" content=\"MZK 250cc Dirt bike Pitbike 21\/18 ker\u00e9k fekete. T\u00f6bb sz\u00e1z quad \u00e9s motor rakt\u00e1ron. N\u00e1lunk a j\u00e1rm\u0171veket ingyen kipr\u00f3b\u00e1lhatod! T\u00f6bb sz\u00e1z quad \u00e9s motor rakt\u00e1ron.\" \/>\n<meta name=\"robots\" content=\"index, follow, max-snippet:-1, max-image-preview:large, max-video-preview:-1\" \/>\n<link rel=\"canonical\" href=\"https:\/\/quadalkatreszek.com\/en\/product\/mzk-250cc-dirt-bike-pitbike-21-18-kerek-fekete\/\" \/>\n<meta property=\"og:locale\" content=\"en_US\" \/>\n<meta property=\"og:type\" content=\"article\" \/>\n<meta property=\"og:title\" content=\"MZK 250cc Dirt bike Pitbike 21\/18 ker\u00e9k Fekete - quadalkatreszek.com\" \/>\n<meta property=\"og:description\" content=\"MZK 250cc Dirt bike Pitbike 21\/18 ker\u00e9k fekete. T\u00f6bb sz\u00e1z quad \u00e9s motor rakt\u00e1ron. N\u00e1lunk a j\u00e1rm\u0171veket ingyen kipr\u00f3b\u00e1lhatod! T\u00f6bb sz\u00e1z quad \u00e9s motor rakt\u00e1ron.\" \/>\n<meta property=\"og:url\" content=\"https:\/\/quadalkatreszek.com\/en\/product\/mzk-250cc-dirt-bike-pitbike-21-18-kerek-fekete\/\" \/>\n<meta property=\"og:site_name\" content=\"quadalkatreszek.com\" \/>\n<meta property=\"article:modified_time\" content=\"2026-01-06T07:53:35+00:00\" \/>\n<meta property=\"og:image\" content=\"https:\/\/quadalkatreszek.com\/wp-content\/uploads\/2024\/01\/z3PRzmIQ.jpg\" \/>\n\t<meta property=\"og:image:width\" content=\"2048\" \/>\n\t<meta property=\"og:image:height\" content=\"1536\" \/>\n\t<meta property=\"og:image:type\" content=\"image\/jpeg\" \/>\n<meta name=\"twitter:card\" content=\"summary_large_image\" \/>\n<meta name=\"twitter:label1\" content=\"Est. reading time\" \/>\n\t<meta name=\"twitter:data1\" content=\"1 minute\" \/>\n<script type=\"application\/ld+json\" class=\"yoast-schema-graph\">{\"@context\":\"https:\\\/\\\/schema.org\",\"@graph\":[{\"@type\":\"WebPage\",\"@id\":\"https:\\\/\\\/quadalkatreszek.com\\\/product\\\/mzk-250cc-dirt-bike-pitbike-21-18-kerek-fekete\\\/\",\"url\":\"https:\\\/\\\/quadalkatreszek.com\\\/product\\\/mzk-250cc-dirt-bike-pitbike-21-18-kerek-fekete\\\/\",\"name\":\"MZK 250cc Dirt bike Pitbike 21\\\/18 ker\u00e9k Fekete - quadalkatreszek.com\",\"isPartOf\":{\"@id\":\"https:\\\/\\\/quadalkatreszek.com\\\/#website\"},\"primaryImageOfPage\":{\"@id\":\"https:\\\/\\\/quadalkatreszek.com\\\/product\\\/mzk-250cc-dirt-bike-pitbike-21-18-kerek-fekete\\\/#primaryimage\"},\"image\":{\"@id\":\"https:\\\/\\\/quadalkatreszek.com\\\/product\\\/mzk-250cc-dirt-bike-pitbike-21-18-kerek-fekete\\\/#primaryimage\"},\"thumbnailUrl\":\"https:\\\/\\\/quadalkatreszek.com\\\/wp-content\\\/uploads\\\/2024\\\/01\\\/z3PRzmIQ.jpg\",\"datePublished\":\"2024-01-19T09:44:59+00:00\",\"dateModified\":\"2026-01-06T07:53:35+00:00\",\"description\":\"MZK 250cc Dirt bike Pitbike 21\\\/18 ker\u00e9k fekete. T\u00f6bb sz\u00e1z quad \u00e9s motor rakt\u00e1ron. N\u00e1lunk a j\u00e1rm\u0171veket ingyen kipr\u00f3b\u00e1lhatod! T\u00f6bb sz\u00e1z quad \u00e9s motor rakt\u00e1ron.\",\"breadcrumb\":{\"@id\":\"https:\\\/\\\/quadalkatreszek.com\\\/product\\\/mzk-250cc-dirt-bike-pitbike-21-18-kerek-fekete\\\/#breadcrumb\"},\"inLanguage\":\"en-US\",\"potentialAction\":[{\"@type\":\"ReadAction\",\"target\":[\"https:\\\/\\\/quadalkatreszek.com\\\/product\\\/mzk-250cc-dirt-bike-pitbike-21-18-kerek-fekete\\\/\"]}]},{\"@type\":\"ImageObject\",\"inLanguage\":\"en-US\",\"@id\":\"https:\\\/\\\/quadalkatreszek.com\\\/product\\\/mzk-250cc-dirt-bike-pitbike-21-18-kerek-fekete\\\/#primaryimage\",\"url\":\"https:\\\/\\\/quadalkatreszek.com\\\/wp-content\\\/uploads\\\/2024\\\/01\\\/z3PRzmIQ.jpg\",\"contentUrl\":\"https:\\\/\\\/quadalkatreszek.com\\\/wp-content\\\/uploads\\\/2024\\\/01\\\/z3PRzmIQ.jpg\",\"width\":2048,\"height\":1536,\"caption\":\"Mikilon MZK 250cc dirt bike motor\"},{\"@type\":\"BreadcrumbList\",\"@id\":\"https:\\\/\\\/quadalkatreszek.com\\\/product\\\/mzk-250cc-dirt-bike-pitbike-21-18-kerek-fekete\\\/#breadcrumb\",\"itemListElement\":[{\"@type\":\"ListItem\",\"position\":1,\"name\":\"Kezd\u0151lap\",\"item\":\"https:\\\/\\\/quadalkatreszek.com\\\/\"},{\"@type\":\"ListItem\",\"position\":2,\"name\":\"Shop\",\"item\":\"https:\\\/\\\/quadalkatreszek.com\\\/shop\\\/\"},{\"@type\":\"ListItem\",\"position\":3,\"name\":\"MZK 250cc Dirt bike Pitbike 21\\\/18 ker\u00e9k Fekete\"}]},{\"@type\":\"WebSite\",\"@id\":\"https:\\\/\\\/quadalkatreszek.com\\\/#website\",\"url\":\"https:\\\/\\\/quadalkatreszek.com\\\/\",\"name\":\"quadalkatreszek.com\",\"description\":\"alkatr\u00e9szek - azonnal - rakt\u00e1rr\u00f3l\",\"publisher\":{\"@id\":\"https:\\\/\\\/quadalkatreszek.com\\\/#organization\"},\"potentialAction\":[{\"@type\":\"SearchAction\",\"target\":{\"@type\":\"EntryPoint\",\"urlTemplate\":\"https:\\\/\\\/quadalkatreszek.com\\\/?s={search_term_string}\"},\"query-input\":{\"@type\":\"PropertyValueSpecification\",\"valueRequired\":true,\"valueName\":\"search_term_string\"}}],\"inLanguage\":\"en-US\"},{\"@type\":\"Organization\",\"@id\":\"https:\\\/\\\/quadalkatreszek.com\\\/#organization\",\"name\":\"quadalkatreszek.com\",\"url\":\"https:\\\/\\\/quadalkatreszek.com\\\/\",\"logo\":{\"@type\":\"ImageObject\",\"inLanguage\":\"en-US\",\"@id\":\"https:\\\/\\\/quadalkatreszek.com\\\/#\\\/schema\\\/logo\\\/image\\\/\",\"url\":\"https:\\\/\\\/quadalkatreszek.com\\\/wp-content\\\/uploads\\\/2023\\\/01\\\/korlogo-2.png\",\"contentUrl\":\"https:\\\/\\\/quadalkatreszek.com\\\/wp-content\\\/uploads\\\/2023\\\/01\\\/korlogo-2.png\",\"width\":866,\"height\":866,\"caption\":\"quadalkatreszek.com\"},\"image\":{\"@id\":\"https:\\\/\\\/quadalkatreszek.com\\\/#\\\/schema\\\/logo\\\/image\\\/\"}}]}<\/script>\n<!-- \/ Yoast SEO plugin. -->","yoast_head_json":{"title":"MZK 250cc Dirt bike Pitbike 21\/18 ker\u00e9k Fekete - quadalkatreszek.com","description":"MZK 250cc Dirt bike Pitbike 21\/18 ker\u00e9k fekete. T\u00f6bb sz\u00e1z quad \u00e9s motor rakt\u00e1ron. N\u00e1lunk a j\u00e1rm\u0171veket ingyen kipr\u00f3b\u00e1lhatod! T\u00f6bb sz\u00e1z quad \u00e9s motor rakt\u00e1ron.","robots":{"index":"index","follow":"follow","max-snippet":"max-snippet:-1","max-image-preview":"max-image-preview:large","max-video-preview":"max-video-preview:-1"},"canonical":"https:\/\/quadalkatreszek.com\/en\/product\/mzk-250cc-dirt-bike-pitbike-21-18-kerek-fekete\/","og_locale":"en_US","og_type":"article","og_title":"MZK 250cc Dirt bike Pitbike 21\/18 ker\u00e9k Fekete - quadalkatreszek.com","og_description":"MZK 250cc Dirt bike Pitbike 21\/18 ker\u00e9k fekete. T\u00f6bb sz\u00e1z quad \u00e9s motor rakt\u00e1ron. N\u00e1lunk a j\u00e1rm\u0171veket ingyen kipr\u00f3b\u00e1lhatod! T\u00f6bb sz\u00e1z quad \u00e9s motor rakt\u00e1ron.","og_url":"https:\/\/quadalkatreszek.com\/en\/product\/mzk-250cc-dirt-bike-pitbike-21-18-kerek-fekete\/","og_site_name":"quadalkatreszek.com","article_modified_time":"2026-01-06T07:53:35+00:00","og_image":[{"width":2048,"height":1536,"url":"https:\/\/quadalkatreszek.com\/wp-content\/uploads\/2024\/01\/z3PRzmIQ.jpg","type":"image\/jpeg"}],"twitter_card":"summary_large_image","twitter_misc":{"Est. reading time":"1 minute"},"schema":{"@context":"https:\/\/schema.org","@graph":[{"@type":"WebPage","@id":"https:\/\/quadalkatreszek.com\/product\/mzk-250cc-dirt-bike-pitbike-21-18-kerek-fekete\/","url":"https:\/\/quadalkatreszek.com\/product\/mzk-250cc-dirt-bike-pitbike-21-18-kerek-fekete\/","name":"MZK 250cc Dirt bike Pitbike 21\/18 ker\u00e9k Fekete - quadalkatreszek.com","isPartOf":{"@id":"https:\/\/quadalkatreszek.com\/#website"},"primaryImageOfPage":{"@id":"https:\/\/quadalkatreszek.com\/product\/mzk-250cc-dirt-bike-pitbike-21-18-kerek-fekete\/#primaryimage"},"image":{"@id":"https:\/\/quadalkatreszek.com\/product\/mzk-250cc-dirt-bike-pitbike-21-18-kerek-fekete\/#primaryimage"},"thumbnailUrl":"https:\/\/quadalkatreszek.com\/wp-content\/uploads\/2024\/01\/z3PRzmIQ.jpg","datePublished":"2024-01-19T09:44:59+00:00","dateModified":"2026-01-06T07:53:35+00:00","description":"MZK 250cc Dirt bike Pitbike 21\/18 ker\u00e9k fekete. T\u00f6bb sz\u00e1z quad \u00e9s motor rakt\u00e1ron. N\u00e1lunk a j\u00e1rm\u0171veket ingyen kipr\u00f3b\u00e1lhatod! T\u00f6bb sz\u00e1z quad \u00e9s motor rakt\u00e1ron.","breadcrumb":{"@id":"https:\/\/quadalkatreszek.com\/product\/mzk-250cc-dirt-bike-pitbike-21-18-kerek-fekete\/#breadcrumb"},"inLanguage":"en-US","potentialAction":[{"@type":"ReadAction","target":["https:\/\/quadalkatreszek.com\/product\/mzk-250cc-dirt-bike-pitbike-21-18-kerek-fekete\/"]}]},{"@type":"ImageObject","inLanguage":"en-US","@id":"https:\/\/quadalkatreszek.com\/product\/mzk-250cc-dirt-bike-pitbike-21-18-kerek-fekete\/#primaryimage","url":"https:\/\/quadalkatreszek.com\/wp-content\/uploads\/2024\/01\/z3PRzmIQ.jpg","contentUrl":"https:\/\/quadalkatreszek.com\/wp-content\/uploads\/2024\/01\/z3PRzmIQ.jpg","width":2048,"height":1536,"caption":"Mikilon MZK 250cc dirt bike motor"},{"@type":"BreadcrumbList","@id":"https:\/\/quadalkatreszek.com\/product\/mzk-250cc-dirt-bike-pitbike-21-18-kerek-fekete\/#breadcrumb","itemListElement":[{"@type":"ListItem","position":1,"name":"Kezd\u0151lap","item":"https:\/\/quadalkatreszek.com\/"},{"@type":"ListItem","position":2,"name":"Shop","item":"https:\/\/quadalkatreszek.com\/shop\/"},{"@type":"ListItem","position":3,"name":"MZK 250cc Dirt bike Pitbike 21\/18 ker\u00e9k Fekete"}]},{"@type":"WebSite","@id":"https:\/\/quadalkatreszek.com\/#website","url":"https:\/\/quadalkatreszek.com\/","name":"quadalkatreszek.com","description":"alkatr\u00e9szek - azonnal - rakt\u00e1rr\u00f3l","publisher":{"@id":"https:\/\/quadalkatreszek.com\/#organization"},"potentialAction":[{"@type":"SearchAction","target":{"@type":"EntryPoint","urlTemplate":"https:\/\/quadalkatreszek.com\/?s={search_term_string}"},"query-input":{"@type":"PropertyValueSpecification","valueRequired":true,"valueName":"search_term_string"}}],"inLanguage":"en-US"},{"@type":"Organization","@id":"https:\/\/quadalkatreszek.com\/#organization","name":"quadalkatreszek.com","url":"https:\/\/quadalkatreszek.com\/","logo":{"@type":"ImageObject","inLanguage":"en-US","@id":"https:\/\/quadalkatreszek.com\/#\/schema\/logo\/image\/","url":"https:\/\/quadalkatreszek.com\/wp-content\/uploads\/2023\/01\/korlogo-2.png","contentUrl":"https:\/\/quadalkatreszek.com\/wp-content\/uploads\/2023\/01\/korlogo-2.png","width":866,"height":866,"caption":"quadalkatreszek.com"},"image":{"@id":"https:\/\/quadalkatreszek.com\/#\/schema\/logo\/image\/"}}]}},"_links":{"self":[{"href":"https:\/\/quadalkatreszek.com\/en\/wp-json\/wp\/v2\/product\/39328","targetHints":{"allow":["GET"]}}],"collection":[{"href":"https:\/\/quadalkatreszek.com\/en\/wp-json\/wp\/v2\/product"}],"about":[{"href":"https:\/\/quadalkatreszek.com\/en\/wp-json\/wp\/v2\/types\/product"}],"replies":[{"embeddable":true,"href":"https:\/\/quadalkatreszek.com\/en\/wp-json\/wp\/v2\/comments?post=39328"}],"wp:featuredmedia":[{"embeddable":true,"href":"https:\/\/quadalkatreszek.com\/en\/wp-json\/wp\/v2\/media\/50489"}],"wp:attachment":[{"href":"https:\/\/quadalkatreszek.com\/en\/wp-json\/wp\/v2\/media?parent=39328"}],"wp:term":[{"taxonomy":"product_brand","embeddable":true,"href":"https:\/\/quadalkatreszek.com\/en\/wp-json\/wp\/v2\/product_brand?post=39328"},{"taxonomy":"product_cat","embeddable":true,"href":"https:\/\/quadalkatreszek.com\/en\/wp-json\/wp\/v2\/product_cat?post=39328"},{"taxonomy":"product_tag","embeddable":true,"href":"https:\/\/quadalkatreszek.com\/en\/wp-json\/wp\/v2\/product_tag?post=39328"}],"curies":[{"name":"wp","href":"https:\/\/api.w.org\/{rel}","templated":true}]}}