{"id":39668,"date":"2024-02-14T09:49:51","date_gmt":"2024-02-14T08:49:51","guid":{"rendered":"https:\/\/quadalkatreszek.com\/?post_type=product&#038;p=39668"},"modified":"2026-05-01T12:27:30","modified_gmt":"2026-05-01T11:27:30","slug":"200cc-250cc-kinai-quad-karburator-zongshen","status":"publish","type":"product","link":"https:\/\/quadalkatreszek.com\/en\/product\/200cc-250cc-kinai-quad-karburator-zongshen\/","title":{"rendered":"200cc \/ 250cc k\u00ednai quad karbur\u00e1tor Zongshen"},"content":{"rendered":"<p>200cc \/ 250cc k\u00ednai quad karbur\u00e1tor Zongshen<\/p>\n<p>200-250ccm motor blokkra szerelhet\u0151 karbur\u00e1tor (PZ30). Torok \u00e1tm\u00e9r\u0151 30mm.<\/p>\n<p>Loncin, Zongshen, Lifan, Bashan, Yakimoto \u00e9s egy\u00e9bb k\u00ednai quadokhoz , motorokhoz.<\/p>\n<p>Tov\u00e1bbi karbur\u00e1torok <a href=\"https:\/\/quadalkatreszek.com\/en\/product-category\/motor-valto\/karburator\/\">de kattintva<\/a>\u00a0 \u00e9rhet\u0151k el, vagy haszn\u00e1ld a keres\u0151t<\/p>\n<p>c44c<\/p>\n<p>, 120<br \/>\n&#8211; &#8211; &#8211;<br \/>\n<!--kkod_start--><\/p>\n<div class=\"kkod-visible\">kkod:120<\/div>\n<p><!--kkod_end--><\/p>","protected":false},"excerpt":{"rendered":"<p>200cc \/ 250cc k\u00ednai quad karbur\u00e1tor Zongshen<\/p>\n<p>200-250ccm motor blokkra szerelhet\u0151 karbur\u00e1tor (PZ30).Torok \u00e1tm\u00e9r\u0151 30mm.<\/p>","protected":false},"featured_media":39671,"comment_status":"open","ping_status":"closed","template":"","meta":[],"product_brand":[],"product_cat":[95,59],"product_tag":[],"class_list":{"0":"post-39668","1":"product","2":"type-product","3":"status-publish","4":"has-post-thumbnail","6":"product_cat-akcios-termekek","7":"product_cat-karburator","9":"first","10":"instock","11":"sale","12":"shipping-taxable","13":"purchasable","14":"product-type-simple"},"yoast_head":"<!-- This site is optimized with the Yoast SEO plugin v27.5 - https:\/\/yoast.com\/product\/yoast-seo-wordpress\/ -->\n<title>200cc \/ 250cc k\u00ednai quad karbur\u00e1tor Zongshen -<\/title>\n<meta name=\"description\" content=\"200cc \/ 250cc k\u00ednai quad karbur\u00e1tor PZ30. Torok \u00e1tm\u00e9r\u0151 30mm. Loncin, Zongshen, Lifan, Bashan, Yakimoto \u00e9s egy\u00e9bb k\u00ednai quadokhoz , motorokhoz.\" \/>\n<meta name=\"robots\" content=\"index, follow, max-snippet:-1, max-image-preview:large, max-video-preview:-1\" \/>\n<link rel=\"canonical\" href=\"https:\/\/quadalkatreszek.com\/en\/product\/200cc-250cc-kinai-quad-karburator-zongshen\/\" \/>\n<meta property=\"og:locale\" content=\"en_US\" \/>\n<meta property=\"og:type\" content=\"article\" \/>\n<meta property=\"og:title\" content=\"200cc \/ 250cc k\u00ednai quad karbur\u00e1tor Zongshen -\" \/>\n<meta property=\"og:description\" content=\"200cc \/ 250cc k\u00ednai quad karbur\u00e1tor PZ30. Torok \u00e1tm\u00e9r\u0151 30mm. Loncin, Zongshen, Lifan, Bashan, Yakimoto \u00e9s egy\u00e9bb k\u00ednai quadokhoz , motorokhoz.\" \/>\n<meta property=\"og:url\" content=\"https:\/\/quadalkatreszek.com\/en\/product\/200cc-250cc-kinai-quad-karburator-zongshen\/\" \/>\n<meta property=\"og:site_name\" content=\"quadalkatreszek.com\" \/>\n<meta property=\"article:modified_time\" content=\"2026-05-01T11:27:30+00:00\" \/>\n<meta property=\"og:image\" content=\"https:\/\/quadalkatreszek.com\/wp-content\/uploads\/2024\/02\/416676281_1505728496641812_7756654782953336494_n.jpg\" \/>\n\t<meta property=\"og:image:width\" content=\"820\" \/>\n\t<meta property=\"og:image:height\" content=\"615\" \/>\n\t<meta property=\"og:image:type\" content=\"image\/jpeg\" \/>\n<meta name=\"twitter:card\" content=\"summary_large_image\" \/>\n<meta name=\"twitter:label1\" content=\"Est. reading time\" \/>\n\t<meta name=\"twitter:data1\" content=\"1 minute\" \/>\n<script type=\"application\/ld+json\" class=\"yoast-schema-graph\">{\"@context\":\"https:\\\/\\\/schema.org\",\"@graph\":[{\"@type\":\"WebPage\",\"@id\":\"https:\\\/\\\/quadalkatreszek.com\\\/product\\\/200cc-250cc-kinai-quad-karburator-zongshen\\\/\",\"url\":\"https:\\\/\\\/quadalkatreszek.com\\\/product\\\/200cc-250cc-kinai-quad-karburator-zongshen\\\/\",\"name\":\"200cc \\\/ 250cc k\u00ednai quad karbur\u00e1tor Zongshen -\",\"isPartOf\":{\"@id\":\"https:\\\/\\\/quadalkatreszek.com\\\/#website\"},\"primaryImageOfPage\":{\"@id\":\"https:\\\/\\\/quadalkatreszek.com\\\/product\\\/200cc-250cc-kinai-quad-karburator-zongshen\\\/#primaryimage\"},\"image\":{\"@id\":\"https:\\\/\\\/quadalkatreszek.com\\\/product\\\/200cc-250cc-kinai-quad-karburator-zongshen\\\/#primaryimage\"},\"thumbnailUrl\":\"https:\\\/\\\/quadalkatreszek.com\\\/wp-content\\\/uploads\\\/2024\\\/02\\\/416676281_1505728496641812_7756654782953336494_n.jpg\",\"datePublished\":\"2024-02-14T08:49:51+00:00\",\"dateModified\":\"2026-05-01T11:27:30+00:00\",\"description\":\"200cc \\\/ 250cc k\u00ednai quad karbur\u00e1tor PZ30. Torok \u00e1tm\u00e9r\u0151 30mm. Loncin, Zongshen, Lifan, Bashan, Yakimoto \u00e9s egy\u00e9bb k\u00ednai quadokhoz , motorokhoz.\",\"breadcrumb\":{\"@id\":\"https:\\\/\\\/quadalkatreszek.com\\\/product\\\/200cc-250cc-kinai-quad-karburator-zongshen\\\/#breadcrumb\"},\"inLanguage\":\"en-US\",\"potentialAction\":[{\"@type\":\"ReadAction\",\"target\":[\"https:\\\/\\\/quadalkatreszek.com\\\/product\\\/200cc-250cc-kinai-quad-karburator-zongshen\\\/\"]}]},{\"@type\":\"ImageObject\",\"inLanguage\":\"en-US\",\"@id\":\"https:\\\/\\\/quadalkatreszek.com\\\/product\\\/200cc-250cc-kinai-quad-karburator-zongshen\\\/#primaryimage\",\"url\":\"https:\\\/\\\/quadalkatreszek.com\\\/wp-content\\\/uploads\\\/2024\\\/02\\\/416676281_1505728496641812_7756654782953336494_n.jpg\",\"contentUrl\":\"https:\\\/\\\/quadalkatreszek.com\\\/wp-content\\\/uploads\\\/2024\\\/02\\\/416676281_1505728496641812_7756654782953336494_n.jpg\",\"width\":820,\"height\":615,\"caption\":\"PZ 30 k\u00ednai quad karbur\u00e1tor\"},{\"@type\":\"BreadcrumbList\",\"@id\":\"https:\\\/\\\/quadalkatreszek.com\\\/product\\\/200cc-250cc-kinai-quad-karburator-zongshen\\\/#breadcrumb\",\"itemListElement\":[{\"@type\":\"ListItem\",\"position\":1,\"name\":\"Kezd\u0151lap\",\"item\":\"https:\\\/\\\/quadalkatreszek.com\\\/\"},{\"@type\":\"ListItem\",\"position\":2,\"name\":\"Shop\",\"item\":\"https:\\\/\\\/quadalkatreszek.com\\\/shop\\\/\"},{\"@type\":\"ListItem\",\"position\":3,\"name\":\"200cc \\\/ 250cc k\u00ednai quad karbur\u00e1tor Zongshen\"}]},{\"@type\":\"WebSite\",\"@id\":\"https:\\\/\\\/quadalkatreszek.com\\\/#website\",\"url\":\"https:\\\/\\\/quadalkatreszek.com\\\/\",\"name\":\"quadalkatreszek.com\",\"description\":\"alkatr\u00e9szek - azonnal - rakt\u00e1rr\u00f3l\",\"publisher\":{\"@id\":\"https:\\\/\\\/quadalkatreszek.com\\\/#organization\"},\"potentialAction\":[{\"@type\":\"SearchAction\",\"target\":{\"@type\":\"EntryPoint\",\"urlTemplate\":\"https:\\\/\\\/quadalkatreszek.com\\\/?s={search_term_string}\"},\"query-input\":{\"@type\":\"PropertyValueSpecification\",\"valueRequired\":true,\"valueName\":\"search_term_string\"}}],\"inLanguage\":\"en-US\"},{\"@type\":\"Organization\",\"@id\":\"https:\\\/\\\/quadalkatreszek.com\\\/#organization\",\"name\":\"quadalkatreszek.com\",\"url\":\"https:\\\/\\\/quadalkatreszek.com\\\/\",\"logo\":{\"@type\":\"ImageObject\",\"inLanguage\":\"en-US\",\"@id\":\"https:\\\/\\\/quadalkatreszek.com\\\/#\\\/schema\\\/logo\\\/image\\\/\",\"url\":\"https:\\\/\\\/quadalkatreszek.com\\\/wp-content\\\/uploads\\\/2023\\\/01\\\/korlogo-2.png\",\"contentUrl\":\"https:\\\/\\\/quadalkatreszek.com\\\/wp-content\\\/uploads\\\/2023\\\/01\\\/korlogo-2.png\",\"width\":866,\"height\":866,\"caption\":\"quadalkatreszek.com\"},\"image\":{\"@id\":\"https:\\\/\\\/quadalkatreszek.com\\\/#\\\/schema\\\/logo\\\/image\\\/\"}}]}<\/script>\n<!-- \/ Yoast SEO plugin. -->","yoast_head_json":{"title":"200cc \/ 250cc k\u00ednai quad karbur\u00e1tor Zongshen -","description":"200cc \/ 250cc k\u00ednai quad karbur\u00e1tor PZ30. Torok \u00e1tm\u00e9r\u0151 30mm. Loncin, Zongshen, Lifan, Bashan, Yakimoto \u00e9s egy\u00e9bb k\u00ednai quadokhoz , motorokhoz.","robots":{"index":"index","follow":"follow","max-snippet":"max-snippet:-1","max-image-preview":"max-image-preview:large","max-video-preview":"max-video-preview:-1"},"canonical":"https:\/\/quadalkatreszek.com\/en\/product\/200cc-250cc-kinai-quad-karburator-zongshen\/","og_locale":"en_US","og_type":"article","og_title":"200cc \/ 250cc k\u00ednai quad karbur\u00e1tor Zongshen -","og_description":"200cc \/ 250cc k\u00ednai quad karbur\u00e1tor PZ30. Torok \u00e1tm\u00e9r\u0151 30mm. Loncin, Zongshen, Lifan, Bashan, Yakimoto \u00e9s egy\u00e9bb k\u00ednai quadokhoz , motorokhoz.","og_url":"https:\/\/quadalkatreszek.com\/en\/product\/200cc-250cc-kinai-quad-karburator-zongshen\/","og_site_name":"quadalkatreszek.com","article_modified_time":"2026-05-01T11:27:30+00:00","og_image":[{"width":820,"height":615,"url":"https:\/\/quadalkatreszek.com\/wp-content\/uploads\/2024\/02\/416676281_1505728496641812_7756654782953336494_n.jpg","type":"image\/jpeg"}],"twitter_card":"summary_large_image","twitter_misc":{"Est. reading time":"1 minute"},"schema":{"@context":"https:\/\/schema.org","@graph":[{"@type":"WebPage","@id":"https:\/\/quadalkatreszek.com\/product\/200cc-250cc-kinai-quad-karburator-zongshen\/","url":"https:\/\/quadalkatreszek.com\/product\/200cc-250cc-kinai-quad-karburator-zongshen\/","name":"200cc \/ 250cc k\u00ednai quad karbur\u00e1tor Zongshen -","isPartOf":{"@id":"https:\/\/quadalkatreszek.com\/#website"},"primaryImageOfPage":{"@id":"https:\/\/quadalkatreszek.com\/product\/200cc-250cc-kinai-quad-karburator-zongshen\/#primaryimage"},"image":{"@id":"https:\/\/quadalkatreszek.com\/product\/200cc-250cc-kinai-quad-karburator-zongshen\/#primaryimage"},"thumbnailUrl":"https:\/\/quadalkatreszek.com\/wp-content\/uploads\/2024\/02\/416676281_1505728496641812_7756654782953336494_n.jpg","datePublished":"2024-02-14T08:49:51+00:00","dateModified":"2026-05-01T11:27:30+00:00","description":"200cc \/ 250cc k\u00ednai quad karbur\u00e1tor PZ30. Torok \u00e1tm\u00e9r\u0151 30mm. Loncin, Zongshen, Lifan, Bashan, Yakimoto \u00e9s egy\u00e9bb k\u00ednai quadokhoz , motorokhoz.","breadcrumb":{"@id":"https:\/\/quadalkatreszek.com\/product\/200cc-250cc-kinai-quad-karburator-zongshen\/#breadcrumb"},"inLanguage":"en-US","potentialAction":[{"@type":"ReadAction","target":["https:\/\/quadalkatreszek.com\/product\/200cc-250cc-kinai-quad-karburator-zongshen\/"]}]},{"@type":"ImageObject","inLanguage":"en-US","@id":"https:\/\/quadalkatreszek.com\/product\/200cc-250cc-kinai-quad-karburator-zongshen\/#primaryimage","url":"https:\/\/quadalkatreszek.com\/wp-content\/uploads\/2024\/02\/416676281_1505728496641812_7756654782953336494_n.jpg","contentUrl":"https:\/\/quadalkatreszek.com\/wp-content\/uploads\/2024\/02\/416676281_1505728496641812_7756654782953336494_n.jpg","width":820,"height":615,"caption":"PZ 30 k\u00ednai quad karbur\u00e1tor"},{"@type":"BreadcrumbList","@id":"https:\/\/quadalkatreszek.com\/product\/200cc-250cc-kinai-quad-karburator-zongshen\/#breadcrumb","itemListElement":[{"@type":"ListItem","position":1,"name":"Kezd\u0151lap","item":"https:\/\/quadalkatreszek.com\/"},{"@type":"ListItem","position":2,"name":"Shop","item":"https:\/\/quadalkatreszek.com\/shop\/"},{"@type":"ListItem","position":3,"name":"200cc \/ 250cc k\u00ednai quad karbur\u00e1tor Zongshen"}]},{"@type":"WebSite","@id":"https:\/\/quadalkatreszek.com\/#website","url":"https:\/\/quadalkatreszek.com\/","name":"quadalkatreszek.com","description":"alkatr\u00e9szek - azonnal - rakt\u00e1rr\u00f3l","publisher":{"@id":"https:\/\/quadalkatreszek.com\/#organization"},"potentialAction":[{"@type":"SearchAction","target":{"@type":"EntryPoint","urlTemplate":"https:\/\/quadalkatreszek.com\/?s={search_term_string}"},"query-input":{"@type":"PropertyValueSpecification","valueRequired":true,"valueName":"search_term_string"}}],"inLanguage":"en-US"},{"@type":"Organization","@id":"https:\/\/quadalkatreszek.com\/#organization","name":"quadalkatreszek.com","url":"https:\/\/quadalkatreszek.com\/","logo":{"@type":"ImageObject","inLanguage":"en-US","@id":"https:\/\/quadalkatreszek.com\/#\/schema\/logo\/image\/","url":"https:\/\/quadalkatreszek.com\/wp-content\/uploads\/2023\/01\/korlogo-2.png","contentUrl":"https:\/\/quadalkatreszek.com\/wp-content\/uploads\/2023\/01\/korlogo-2.png","width":866,"height":866,"caption":"quadalkatreszek.com"},"image":{"@id":"https:\/\/quadalkatreszek.com\/#\/schema\/logo\/image\/"}}]}},"_links":{"self":[{"href":"https:\/\/quadalkatreszek.com\/en\/wp-json\/wp\/v2\/product\/39668","targetHints":{"allow":["GET"]}}],"collection":[{"href":"https:\/\/quadalkatreszek.com\/en\/wp-json\/wp\/v2\/product"}],"about":[{"href":"https:\/\/quadalkatreszek.com\/en\/wp-json\/wp\/v2\/types\/product"}],"replies":[{"embeddable":true,"href":"https:\/\/quadalkatreszek.com\/en\/wp-json\/wp\/v2\/comments?post=39668"}],"wp:featuredmedia":[{"embeddable":true,"href":"https:\/\/quadalkatreszek.com\/en\/wp-json\/wp\/v2\/media\/39671"}],"wp:attachment":[{"href":"https:\/\/quadalkatreszek.com\/en\/wp-json\/wp\/v2\/media?parent=39668"}],"wp:term":[{"taxonomy":"product_brand","embeddable":true,"href":"https:\/\/quadalkatreszek.com\/en\/wp-json\/wp\/v2\/product_brand?post=39668"},{"taxonomy":"product_cat","embeddable":true,"href":"https:\/\/quadalkatreszek.com\/en\/wp-json\/wp\/v2\/product_cat?post=39668"},{"taxonomy":"product_tag","embeddable":true,"href":"https:\/\/quadalkatreszek.com\/en\/wp-json\/wp\/v2\/product_tag?post=39668"}],"curies":[{"name":"wp","href":"https:\/\/api.w.org\/{rel}","templated":true}]}}