{"id":39707,"date":"2024-02-15T09:21:56","date_gmt":"2024-02-15T08:21:56","guid":{"rendered":"https:\/\/quadalkatreszek.com\/?post_type=product&#038;p=39707"},"modified":"2024-11-28T20:15:53","modified_gmt":"2024-11-28T19:15:53","slug":"110-100-18-cross-gumi-wanda-tyre","status":"publish","type":"product","link":"https:\/\/quadalkatreszek.com\/en\/product\/110-100-18-cross-gumi-wanda-tyre\/","title":{"rendered":"110\/100-18 Cross gumi Wanda Tyre"},"content":{"rendered":"<p>110\/100-18 Cross gumi Wanda (P2006)<\/p>\n<p>Pr\u00e9mium min\u0151s\u00e9g\u0171 cross \/pitbike \/dirtbike gumi<\/p>\n<p>&#8211; &#8211; &#8211;<br \/>\n<!--kkod_start--><\/p>\n<div class=\"kkod-visible\">kkod:96<\/div>\n<p><!--kkod_end--><\/p>","protected":false},"excerpt":{"rendered":"<p>70\/100-19 cross gumi WANDA ( P262)<\/p>\n<p>Pr\u00e9mium min\u0151s\u00e9g\u0171 cross \/pitbike \/dirtbike gumi<\/p>","protected":false},"featured_media":39708,"comment_status":"open","ping_status":"closed","template":"","meta":[],"product_brand":[],"product_cat":[135],"product_tag":[],"class_list":{"0":"post-39707","1":"product","2":"type-product","3":"status-publish","4":"has-post-thumbnail","6":"product_cat-cross-dirt-bike-gumik","8":"first","9":"instock","10":"shipping-taxable","11":"purchasable","12":"product-type-simple"},"yoast_head":"<!-- This site is optimized with the Yoast SEO plugin v27.4 - https:\/\/yoast.com\/product\/yoast-seo-wordpress\/ -->\n<title>110\/100-18 Cross gumi Wanda Tyre - quadalkatreszek.com<\/title>\n<meta name=\"description\" content=\"110\/100-18 Cross gumi Wanda Tyre (P2006) Pr\u00e9mium min\u0151s\u00e9g\u0171 cross \/pitbike \/dirtbike gumi V\u00e1s\u00e1rolj egyenesen az import\u0151rt\u0151l a legjobb \u00e1ron!\" \/>\n<meta name=\"robots\" content=\"index, follow, max-snippet:-1, max-image-preview:large, max-video-preview:-1\" \/>\n<link rel=\"canonical\" href=\"https:\/\/quadalkatreszek.com\/en\/product\/110-100-18-cross-gumi-wanda-tyre\/\" \/>\n<meta property=\"og:locale\" content=\"en_US\" \/>\n<meta property=\"og:type\" content=\"article\" \/>\n<meta property=\"og:title\" content=\"110\/100-18 Cross gumi Wanda Tyre - quadalkatreszek.com\" \/>\n<meta property=\"og:description\" content=\"110\/100-18 Cross gumi Wanda Tyre (P2006) Pr\u00e9mium min\u0151s\u00e9g\u0171 cross \/pitbike \/dirtbike gumi V\u00e1s\u00e1rolj egyenesen az import\u0151rt\u0151l a legjobb \u00e1ron!\" \/>\n<meta property=\"og:url\" content=\"https:\/\/quadalkatreszek.com\/en\/product\/110-100-18-cross-gumi-wanda-tyre\/\" \/>\n<meta property=\"og:site_name\" content=\"quadalkatreszek.com\" \/>\n<meta property=\"article:modified_time\" content=\"2024-11-28T19:15:53+00:00\" \/>\n<meta property=\"og:image\" content=\"https:\/\/quadalkatreszek.com\/wp-content\/uploads\/2024\/02\/110-100-18.jpg\" \/>\n\t<meta property=\"og:image:width\" content=\"1024\" \/>\n\t<meta property=\"og:image:height\" content=\"768\" \/>\n\t<meta property=\"og:image:type\" content=\"image\/jpeg\" \/>\n<meta name=\"twitter:card\" content=\"summary_large_image\" \/>\n<script type=\"application\/ld+json\" class=\"yoast-schema-graph\">{\"@context\":\"https:\\\/\\\/schema.org\",\"@graph\":[{\"@type\":\"WebPage\",\"@id\":\"https:\\\/\\\/quadalkatreszek.com\\\/product\\\/110-100-18-cross-gumi-wanda-tyre\\\/\",\"url\":\"https:\\\/\\\/quadalkatreszek.com\\\/product\\\/110-100-18-cross-gumi-wanda-tyre\\\/\",\"name\":\"110\\\/100-18 Cross gumi Wanda Tyre - quadalkatreszek.com\",\"isPartOf\":{\"@id\":\"https:\\\/\\\/quadalkatreszek.com\\\/#website\"},\"primaryImageOfPage\":{\"@id\":\"https:\\\/\\\/quadalkatreszek.com\\\/product\\\/110-100-18-cross-gumi-wanda-tyre\\\/#primaryimage\"},\"image\":{\"@id\":\"https:\\\/\\\/quadalkatreszek.com\\\/product\\\/110-100-18-cross-gumi-wanda-tyre\\\/#primaryimage\"},\"thumbnailUrl\":\"https:\\\/\\\/quadalkatreszek.com\\\/wp-content\\\/uploads\\\/2024\\\/02\\\/110-100-18.jpg\",\"datePublished\":\"2024-02-15T08:21:56+00:00\",\"dateModified\":\"2024-11-28T19:15:53+00:00\",\"description\":\"110\\\/100-18 Cross gumi Wanda Tyre (P2006) Pr\u00e9mium min\u0151s\u00e9g\u0171 cross \\\/pitbike \\\/dirtbike gumi V\u00e1s\u00e1rolj egyenesen az import\u0151rt\u0151l a legjobb \u00e1ron!\",\"breadcrumb\":{\"@id\":\"https:\\\/\\\/quadalkatreszek.com\\\/product\\\/110-100-18-cross-gumi-wanda-tyre\\\/#breadcrumb\"},\"inLanguage\":\"en-US\",\"potentialAction\":[{\"@type\":\"ReadAction\",\"target\":[\"https:\\\/\\\/quadalkatreszek.com\\\/product\\\/110-100-18-cross-gumi-wanda-tyre\\\/\"]}]},{\"@type\":\"ImageObject\",\"inLanguage\":\"en-US\",\"@id\":\"https:\\\/\\\/quadalkatreszek.com\\\/product\\\/110-100-18-cross-gumi-wanda-tyre\\\/#primaryimage\",\"url\":\"https:\\\/\\\/quadalkatreszek.com\\\/wp-content\\\/uploads\\\/2024\\\/02\\\/110-100-18.jpg\",\"contentUrl\":\"https:\\\/\\\/quadalkatreszek.com\\\/wp-content\\\/uploads\\\/2024\\\/02\\\/110-100-18.jpg\",\"width\":1024,\"height\":768,\"caption\":\"110\\\/100-18 Cross gumi Wanda (P2006) Pr\u00e9mium min\u0151s\u00e9g\u0171 cross \\\/pitbike \\\/dirtbike gumi\"},{\"@type\":\"BreadcrumbList\",\"@id\":\"https:\\\/\\\/quadalkatreszek.com\\\/product\\\/110-100-18-cross-gumi-wanda-tyre\\\/#breadcrumb\",\"itemListElement\":[{\"@type\":\"ListItem\",\"position\":1,\"name\":\"Kezd\u0151lap\",\"item\":\"https:\\\/\\\/quadalkatreszek.com\\\/\"},{\"@type\":\"ListItem\",\"position\":2,\"name\":\"Shop\",\"item\":\"https:\\\/\\\/quadalkatreszek.com\\\/shop\\\/\"},{\"@type\":\"ListItem\",\"position\":3,\"name\":\"110\\\/100-18 Cross gumi Wanda Tyre\"}]},{\"@type\":\"WebSite\",\"@id\":\"https:\\\/\\\/quadalkatreszek.com\\\/#website\",\"url\":\"https:\\\/\\\/quadalkatreszek.com\\\/\",\"name\":\"quadalkatreszek.com\",\"description\":\"alkatr\u00e9szek - azonnal - rakt\u00e1rr\u00f3l\",\"publisher\":{\"@id\":\"https:\\\/\\\/quadalkatreszek.com\\\/#organization\"},\"potentialAction\":[{\"@type\":\"SearchAction\",\"target\":{\"@type\":\"EntryPoint\",\"urlTemplate\":\"https:\\\/\\\/quadalkatreszek.com\\\/?s={search_term_string}\"},\"query-input\":{\"@type\":\"PropertyValueSpecification\",\"valueRequired\":true,\"valueName\":\"search_term_string\"}}],\"inLanguage\":\"en-US\"},{\"@type\":\"Organization\",\"@id\":\"https:\\\/\\\/quadalkatreszek.com\\\/#organization\",\"name\":\"quadalkatreszek.com\",\"url\":\"https:\\\/\\\/quadalkatreszek.com\\\/\",\"logo\":{\"@type\":\"ImageObject\",\"inLanguage\":\"en-US\",\"@id\":\"https:\\\/\\\/quadalkatreszek.com\\\/#\\\/schema\\\/logo\\\/image\\\/\",\"url\":\"https:\\\/\\\/quadalkatreszek.com\\\/wp-content\\\/uploads\\\/2023\\\/01\\\/korlogo-2.png\",\"contentUrl\":\"https:\\\/\\\/quadalkatreszek.com\\\/wp-content\\\/uploads\\\/2023\\\/01\\\/korlogo-2.png\",\"width\":866,\"height\":866,\"caption\":\"quadalkatreszek.com\"},\"image\":{\"@id\":\"https:\\\/\\\/quadalkatreszek.com\\\/#\\\/schema\\\/logo\\\/image\\\/\"}}]}<\/script>\n<!-- \/ Yoast SEO plugin. -->","yoast_head_json":{"title":"110\/100-18 Cross gumi Wanda Tyre - quadalkatreszek.com","description":"110\/100-18 Cross gumi Wanda Tyre (P2006) Pr\u00e9mium min\u0151s\u00e9g\u0171 cross \/pitbike \/dirtbike gumi V\u00e1s\u00e1rolj egyenesen az import\u0151rt\u0151l a legjobb \u00e1ron!","robots":{"index":"index","follow":"follow","max-snippet":"max-snippet:-1","max-image-preview":"max-image-preview:large","max-video-preview":"max-video-preview:-1"},"canonical":"https:\/\/quadalkatreszek.com\/en\/product\/110-100-18-cross-gumi-wanda-tyre\/","og_locale":"en_US","og_type":"article","og_title":"110\/100-18 Cross gumi Wanda Tyre - quadalkatreszek.com","og_description":"110\/100-18 Cross gumi Wanda Tyre (P2006) Pr\u00e9mium min\u0151s\u00e9g\u0171 cross \/pitbike \/dirtbike gumi V\u00e1s\u00e1rolj egyenesen az import\u0151rt\u0151l a legjobb \u00e1ron!","og_url":"https:\/\/quadalkatreszek.com\/en\/product\/110-100-18-cross-gumi-wanda-tyre\/","og_site_name":"quadalkatreszek.com","article_modified_time":"2024-11-28T19:15:53+00:00","og_image":[{"width":1024,"height":768,"url":"https:\/\/quadalkatreszek.com\/wp-content\/uploads\/2024\/02\/110-100-18.jpg","type":"image\/jpeg"}],"twitter_card":"summary_large_image","schema":{"@context":"https:\/\/schema.org","@graph":[{"@type":"WebPage","@id":"https:\/\/quadalkatreszek.com\/product\/110-100-18-cross-gumi-wanda-tyre\/","url":"https:\/\/quadalkatreszek.com\/product\/110-100-18-cross-gumi-wanda-tyre\/","name":"110\/100-18 Cross gumi Wanda Tyre - quadalkatreszek.com","isPartOf":{"@id":"https:\/\/quadalkatreszek.com\/#website"},"primaryImageOfPage":{"@id":"https:\/\/quadalkatreszek.com\/product\/110-100-18-cross-gumi-wanda-tyre\/#primaryimage"},"image":{"@id":"https:\/\/quadalkatreszek.com\/product\/110-100-18-cross-gumi-wanda-tyre\/#primaryimage"},"thumbnailUrl":"https:\/\/quadalkatreszek.com\/wp-content\/uploads\/2024\/02\/110-100-18.jpg","datePublished":"2024-02-15T08:21:56+00:00","dateModified":"2024-11-28T19:15:53+00:00","description":"110\/100-18 Cross gumi Wanda Tyre (P2006) Pr\u00e9mium min\u0151s\u00e9g\u0171 cross \/pitbike \/dirtbike gumi V\u00e1s\u00e1rolj egyenesen az import\u0151rt\u0151l a legjobb \u00e1ron!","breadcrumb":{"@id":"https:\/\/quadalkatreszek.com\/product\/110-100-18-cross-gumi-wanda-tyre\/#breadcrumb"},"inLanguage":"en-US","potentialAction":[{"@type":"ReadAction","target":["https:\/\/quadalkatreszek.com\/product\/110-100-18-cross-gumi-wanda-tyre\/"]}]},{"@type":"ImageObject","inLanguage":"en-US","@id":"https:\/\/quadalkatreszek.com\/product\/110-100-18-cross-gumi-wanda-tyre\/#primaryimage","url":"https:\/\/quadalkatreszek.com\/wp-content\/uploads\/2024\/02\/110-100-18.jpg","contentUrl":"https:\/\/quadalkatreszek.com\/wp-content\/uploads\/2024\/02\/110-100-18.jpg","width":1024,"height":768,"caption":"110\/100-18 Cross gumi Wanda (P2006) Pr\u00e9mium min\u0151s\u00e9g\u0171 cross \/pitbike \/dirtbike gumi"},{"@type":"BreadcrumbList","@id":"https:\/\/quadalkatreszek.com\/product\/110-100-18-cross-gumi-wanda-tyre\/#breadcrumb","itemListElement":[{"@type":"ListItem","position":1,"name":"Kezd\u0151lap","item":"https:\/\/quadalkatreszek.com\/"},{"@type":"ListItem","position":2,"name":"Shop","item":"https:\/\/quadalkatreszek.com\/shop\/"},{"@type":"ListItem","position":3,"name":"110\/100-18 Cross gumi Wanda Tyre"}]},{"@type":"WebSite","@id":"https:\/\/quadalkatreszek.com\/#website","url":"https:\/\/quadalkatreszek.com\/","name":"quadalkatreszek.com","description":"alkatr\u00e9szek - azonnal - rakt\u00e1rr\u00f3l","publisher":{"@id":"https:\/\/quadalkatreszek.com\/#organization"},"potentialAction":[{"@type":"SearchAction","target":{"@type":"EntryPoint","urlTemplate":"https:\/\/quadalkatreszek.com\/?s={search_term_string}"},"query-input":{"@type":"PropertyValueSpecification","valueRequired":true,"valueName":"search_term_string"}}],"inLanguage":"en-US"},{"@type":"Organization","@id":"https:\/\/quadalkatreszek.com\/#organization","name":"quadalkatreszek.com","url":"https:\/\/quadalkatreszek.com\/","logo":{"@type":"ImageObject","inLanguage":"en-US","@id":"https:\/\/quadalkatreszek.com\/#\/schema\/logo\/image\/","url":"https:\/\/quadalkatreszek.com\/wp-content\/uploads\/2023\/01\/korlogo-2.png","contentUrl":"https:\/\/quadalkatreszek.com\/wp-content\/uploads\/2023\/01\/korlogo-2.png","width":866,"height":866,"caption":"quadalkatreszek.com"},"image":{"@id":"https:\/\/quadalkatreszek.com\/#\/schema\/logo\/image\/"}}]}},"_links":{"self":[{"href":"https:\/\/quadalkatreszek.com\/en\/wp-json\/wp\/v2\/product\/39707","targetHints":{"allow":["GET"]}}],"collection":[{"href":"https:\/\/quadalkatreszek.com\/en\/wp-json\/wp\/v2\/product"}],"about":[{"href":"https:\/\/quadalkatreszek.com\/en\/wp-json\/wp\/v2\/types\/product"}],"replies":[{"embeddable":true,"href":"https:\/\/quadalkatreszek.com\/en\/wp-json\/wp\/v2\/comments?post=39707"}],"wp:featuredmedia":[{"embeddable":true,"href":"https:\/\/quadalkatreszek.com\/en\/wp-json\/wp\/v2\/media\/39708"}],"wp:attachment":[{"href":"https:\/\/quadalkatreszek.com\/en\/wp-json\/wp\/v2\/media?parent=39707"}],"wp:term":[{"taxonomy":"product_brand","embeddable":true,"href":"https:\/\/quadalkatreszek.com\/en\/wp-json\/wp\/v2\/product_brand?post=39707"},{"taxonomy":"product_cat","embeddable":true,"href":"https:\/\/quadalkatreszek.com\/en\/wp-json\/wp\/v2\/product_cat?post=39707"},{"taxonomy":"product_tag","embeddable":true,"href":"https:\/\/quadalkatreszek.com\/en\/wp-json\/wp\/v2\/product_tag?post=39707"}],"curies":[{"name":"wp","href":"https:\/\/api.w.org\/{rel}","templated":true}]}}