{"id":39849,"date":"2024-02-23T12:57:26","date_gmt":"2024-02-23T11:57:26","guid":{"rendered":"https:\/\/quadalkatreszek.com\/?post_type=product&#038;p=39849"},"modified":"2025-03-18T15:21:23","modified_gmt":"2025-03-18T14:21:23","slug":"quad-akkumulator-ytz7s-b-6ah","status":"publish","type":"product","link":"https:\/\/quadalkatreszek.com\/en\/product\/quad-akkumulator-ytz7s-b-6ah\/","title":{"rendered":"Quad akkumul\u00e1tor YTZ7S-B 6Ah"},"content":{"rendered":"<p>Quad akkumul\u00e1tor YTZ7S-B 6Ah<\/p>\n<p><b>Landport (AGM) Felitatott akkumul\u00e1tor<\/b><br \/>\nMotorker\u00e9kp\u00e1rokhoz, robog\u00f3khoz \u00e9s quadokhoz<br \/>\n6 Ah<br \/>\n113*70*105 mm<br \/>\njobb pozit\u00edvos<br \/>\n12V<\/p>\n<p>Fesz\u00fclts\u00e9g: 12V<br \/>\nKapacit\u00e1s: 6 Ah<br \/>\nInd\u00edt\u00f3\u00e1ram: 130A<br \/>\nM\u00e9ret: 112x69x103<\/p>\n<p>&#8211; &#8211; &#8211;<br \/>\n<!--kkod_start--><\/p>\n<div class=\"kkod-visible\">kkod:98<\/div>\n<p><!--kkod_end--><\/p>","protected":false},"excerpt":{"rendered":"<p>Quad akkumul\u00e1tor YTZ7S-B 6Ah<\/p>","protected":false},"featured_media":39850,"comment_status":"open","ping_status":"closed","template":"","meta":[],"product_brand":[],"product_cat":[100],"product_tag":[],"class_list":{"0":"post-39849","1":"product","2":"type-product","3":"status-publish","4":"has-post-thumbnail","6":"product_cat-akkumulator","8":"first","9":"instock","10":"shipping-taxable","11":"purchasable","12":"product-type-simple"},"yoast_head":"<!-- This site is optimized with the Yoast SEO plugin v27.4 - https:\/\/yoast.com\/product\/yoast-seo-wordpress\/ -->\n<title>Quad akkumul\u00e1tor YTZ7S-B 6Ah - quadalkatreszek.com<\/title>\n<meta name=\"description\" content=\"Quad akkumul\u00e1tor YTZ7S-B 6Ah V\u00e1s\u00e1rolj a NAGYKERB\u0150L a legjobb \u00e1ron, MAG\u00c1NSZEM\u00c9LYEKET is kiszolg\u00e1lunk! T\u00f6bb ezer alkatr\u00e9sz azonnal rakt\u00e1rr\u00f3l.\" \/>\n<meta name=\"robots\" content=\"index, follow, max-snippet:-1, max-image-preview:large, max-video-preview:-1\" \/>\n<link rel=\"canonical\" href=\"https:\/\/quadalkatreszek.com\/en\/product\/quad-akkumulator-ytz7s-b-6ah\/\" \/>\n<meta property=\"og:locale\" content=\"en_US\" \/>\n<meta property=\"og:type\" content=\"article\" \/>\n<meta property=\"og:title\" content=\"Quad akkumul\u00e1tor YTZ7S-B 6Ah - quadalkatreszek.com\" \/>\n<meta property=\"og:description\" content=\"Quad akkumul\u00e1tor YTZ7S-B 6Ah V\u00e1s\u00e1rolj a NAGYKERB\u0150L a legjobb \u00e1ron, MAG\u00c1NSZEM\u00c9LYEKET is kiszolg\u00e1lunk! T\u00f6bb ezer alkatr\u00e9sz azonnal rakt\u00e1rr\u00f3l.\" \/>\n<meta property=\"og:url\" content=\"https:\/\/quadalkatreszek.com\/en\/product\/quad-akkumulator-ytz7s-b-6ah\/\" \/>\n<meta property=\"og:site_name\" content=\"quadalkatreszek.com\" \/>\n<meta property=\"article:modified_time\" content=\"2025-03-18T14:21:23+00:00\" \/>\n<meta property=\"og:image\" content=\"https:\/\/quadalkatreszek.com\/wp-content\/uploads\/2024\/02\/quad-akkumulator1.jpg\" \/>\n\t<meta property=\"og:image:width\" content=\"820\" \/>\n\t<meta property=\"og:image:height\" content=\"615\" \/>\n\t<meta property=\"og:image:type\" content=\"image\/jpeg\" \/>\n<meta name=\"twitter:card\" content=\"summary_large_image\" \/>\n<script type=\"application\/ld+json\" class=\"yoast-schema-graph\">{\"@context\":\"https:\\\/\\\/schema.org\",\"@graph\":[{\"@type\":\"WebPage\",\"@id\":\"https:\\\/\\\/quadalkatreszek.com\\\/product\\\/quad-akkumulator-ytz7s-b-6ah\\\/\",\"url\":\"https:\\\/\\\/quadalkatreszek.com\\\/product\\\/quad-akkumulator-ytz7s-b-6ah\\\/\",\"name\":\"Quad akkumul\u00e1tor YTZ7S-B 6Ah - quadalkatreszek.com\",\"isPartOf\":{\"@id\":\"https:\\\/\\\/quadalkatreszek.com\\\/#website\"},\"primaryImageOfPage\":{\"@id\":\"https:\\\/\\\/quadalkatreszek.com\\\/product\\\/quad-akkumulator-ytz7s-b-6ah\\\/#primaryimage\"},\"image\":{\"@id\":\"https:\\\/\\\/quadalkatreszek.com\\\/product\\\/quad-akkumulator-ytz7s-b-6ah\\\/#primaryimage\"},\"thumbnailUrl\":\"https:\\\/\\\/quadalkatreszek.com\\\/wp-content\\\/uploads\\\/2024\\\/02\\\/quad-akkumulator1.jpg\",\"datePublished\":\"2024-02-23T11:57:26+00:00\",\"dateModified\":\"2025-03-18T14:21:23+00:00\",\"description\":\"Quad akkumul\u00e1tor YTZ7S-B 6Ah V\u00e1s\u00e1rolj a NAGYKERB\u0150L a legjobb \u00e1ron, MAG\u00c1NSZEM\u00c9LYEKET is kiszolg\u00e1lunk! T\u00f6bb ezer alkatr\u00e9sz azonnal rakt\u00e1rr\u00f3l.\",\"breadcrumb\":{\"@id\":\"https:\\\/\\\/quadalkatreszek.com\\\/product\\\/quad-akkumulator-ytz7s-b-6ah\\\/#breadcrumb\"},\"inLanguage\":\"en-US\",\"potentialAction\":[{\"@type\":\"ReadAction\",\"target\":[\"https:\\\/\\\/quadalkatreszek.com\\\/product\\\/quad-akkumulator-ytz7s-b-6ah\\\/\"]}]},{\"@type\":\"ImageObject\",\"inLanguage\":\"en-US\",\"@id\":\"https:\\\/\\\/quadalkatreszek.com\\\/product\\\/quad-akkumulator-ytz7s-b-6ah\\\/#primaryimage\",\"url\":\"https:\\\/\\\/quadalkatreszek.com\\\/wp-content\\\/uploads\\\/2024\\\/02\\\/quad-akkumulator1.jpg\",\"contentUrl\":\"https:\\\/\\\/quadalkatreszek.com\\\/wp-content\\\/uploads\\\/2024\\\/02\\\/quad-akkumulator1.jpg\",\"width\":820,\"height\":615,\"caption\":\"Quad akkumul\u00e1tor YTZ7S-B 6Ah\"},{\"@type\":\"BreadcrumbList\",\"@id\":\"https:\\\/\\\/quadalkatreszek.com\\\/product\\\/quad-akkumulator-ytz7s-b-6ah\\\/#breadcrumb\",\"itemListElement\":[{\"@type\":\"ListItem\",\"position\":1,\"name\":\"Kezd\u0151lap\",\"item\":\"https:\\\/\\\/quadalkatreszek.com\\\/\"},{\"@type\":\"ListItem\",\"position\":2,\"name\":\"Shop\",\"item\":\"https:\\\/\\\/quadalkatreszek.com\\\/shop\\\/\"},{\"@type\":\"ListItem\",\"position\":3,\"name\":\"Quad akkumul\u00e1tor YTZ7S-B 6Ah\"}]},{\"@type\":\"WebSite\",\"@id\":\"https:\\\/\\\/quadalkatreszek.com\\\/#website\",\"url\":\"https:\\\/\\\/quadalkatreszek.com\\\/\",\"name\":\"quadalkatreszek.com\",\"description\":\"alkatr\u00e9szek - azonnal - rakt\u00e1rr\u00f3l\",\"publisher\":{\"@id\":\"https:\\\/\\\/quadalkatreszek.com\\\/#organization\"},\"potentialAction\":[{\"@type\":\"SearchAction\",\"target\":{\"@type\":\"EntryPoint\",\"urlTemplate\":\"https:\\\/\\\/quadalkatreszek.com\\\/?s={search_term_string}\"},\"query-input\":{\"@type\":\"PropertyValueSpecification\",\"valueRequired\":true,\"valueName\":\"search_term_string\"}}],\"inLanguage\":\"en-US\"},{\"@type\":\"Organization\",\"@id\":\"https:\\\/\\\/quadalkatreszek.com\\\/#organization\",\"name\":\"quadalkatreszek.com\",\"url\":\"https:\\\/\\\/quadalkatreszek.com\\\/\",\"logo\":{\"@type\":\"ImageObject\",\"inLanguage\":\"en-US\",\"@id\":\"https:\\\/\\\/quadalkatreszek.com\\\/#\\\/schema\\\/logo\\\/image\\\/\",\"url\":\"https:\\\/\\\/quadalkatreszek.com\\\/wp-content\\\/uploads\\\/2023\\\/01\\\/korlogo-2.png\",\"contentUrl\":\"https:\\\/\\\/quadalkatreszek.com\\\/wp-content\\\/uploads\\\/2023\\\/01\\\/korlogo-2.png\",\"width\":866,\"height\":866,\"caption\":\"quadalkatreszek.com\"},\"image\":{\"@id\":\"https:\\\/\\\/quadalkatreszek.com\\\/#\\\/schema\\\/logo\\\/image\\\/\"}}]}<\/script>\n<!-- \/ Yoast SEO plugin. -->","yoast_head_json":{"title":"Quad akkumul\u00e1tor YTZ7S-B 6Ah - quadalkatreszek.com","description":"Quad akkumul\u00e1tor YTZ7S-B 6Ah V\u00e1s\u00e1rolj a NAGYKERB\u0150L a legjobb \u00e1ron, MAG\u00c1NSZEM\u00c9LYEKET is kiszolg\u00e1lunk! T\u00f6bb ezer alkatr\u00e9sz azonnal rakt\u00e1rr\u00f3l.","robots":{"index":"index","follow":"follow","max-snippet":"max-snippet:-1","max-image-preview":"max-image-preview:large","max-video-preview":"max-video-preview:-1"},"canonical":"https:\/\/quadalkatreszek.com\/en\/product\/quad-akkumulator-ytz7s-b-6ah\/","og_locale":"en_US","og_type":"article","og_title":"Quad akkumul\u00e1tor YTZ7S-B 6Ah - quadalkatreszek.com","og_description":"Quad akkumul\u00e1tor YTZ7S-B 6Ah V\u00e1s\u00e1rolj a NAGYKERB\u0150L a legjobb \u00e1ron, MAG\u00c1NSZEM\u00c9LYEKET is kiszolg\u00e1lunk! T\u00f6bb ezer alkatr\u00e9sz azonnal rakt\u00e1rr\u00f3l.","og_url":"https:\/\/quadalkatreszek.com\/en\/product\/quad-akkumulator-ytz7s-b-6ah\/","og_site_name":"quadalkatreszek.com","article_modified_time":"2025-03-18T14:21:23+00:00","og_image":[{"width":820,"height":615,"url":"https:\/\/quadalkatreszek.com\/wp-content\/uploads\/2024\/02\/quad-akkumulator1.jpg","type":"image\/jpeg"}],"twitter_card":"summary_large_image","schema":{"@context":"https:\/\/schema.org","@graph":[{"@type":"WebPage","@id":"https:\/\/quadalkatreszek.com\/product\/quad-akkumulator-ytz7s-b-6ah\/","url":"https:\/\/quadalkatreszek.com\/product\/quad-akkumulator-ytz7s-b-6ah\/","name":"Quad akkumul\u00e1tor YTZ7S-B 6Ah - quadalkatreszek.com","isPartOf":{"@id":"https:\/\/quadalkatreszek.com\/#website"},"primaryImageOfPage":{"@id":"https:\/\/quadalkatreszek.com\/product\/quad-akkumulator-ytz7s-b-6ah\/#primaryimage"},"image":{"@id":"https:\/\/quadalkatreszek.com\/product\/quad-akkumulator-ytz7s-b-6ah\/#primaryimage"},"thumbnailUrl":"https:\/\/quadalkatreszek.com\/wp-content\/uploads\/2024\/02\/quad-akkumulator1.jpg","datePublished":"2024-02-23T11:57:26+00:00","dateModified":"2025-03-18T14:21:23+00:00","description":"Quad akkumul\u00e1tor YTZ7S-B 6Ah V\u00e1s\u00e1rolj a NAGYKERB\u0150L a legjobb \u00e1ron, MAG\u00c1NSZEM\u00c9LYEKET is kiszolg\u00e1lunk! T\u00f6bb ezer alkatr\u00e9sz azonnal rakt\u00e1rr\u00f3l.","breadcrumb":{"@id":"https:\/\/quadalkatreszek.com\/product\/quad-akkumulator-ytz7s-b-6ah\/#breadcrumb"},"inLanguage":"en-US","potentialAction":[{"@type":"ReadAction","target":["https:\/\/quadalkatreszek.com\/product\/quad-akkumulator-ytz7s-b-6ah\/"]}]},{"@type":"ImageObject","inLanguage":"en-US","@id":"https:\/\/quadalkatreszek.com\/product\/quad-akkumulator-ytz7s-b-6ah\/#primaryimage","url":"https:\/\/quadalkatreszek.com\/wp-content\/uploads\/2024\/02\/quad-akkumulator1.jpg","contentUrl":"https:\/\/quadalkatreszek.com\/wp-content\/uploads\/2024\/02\/quad-akkumulator1.jpg","width":820,"height":615,"caption":"Quad akkumul\u00e1tor YTZ7S-B 6Ah"},{"@type":"BreadcrumbList","@id":"https:\/\/quadalkatreszek.com\/product\/quad-akkumulator-ytz7s-b-6ah\/#breadcrumb","itemListElement":[{"@type":"ListItem","position":1,"name":"Kezd\u0151lap","item":"https:\/\/quadalkatreszek.com\/"},{"@type":"ListItem","position":2,"name":"Shop","item":"https:\/\/quadalkatreszek.com\/shop\/"},{"@type":"ListItem","position":3,"name":"Quad akkumul\u00e1tor YTZ7S-B 6Ah"}]},{"@type":"WebSite","@id":"https:\/\/quadalkatreszek.com\/#website","url":"https:\/\/quadalkatreszek.com\/","name":"quadalkatreszek.com","description":"alkatr\u00e9szek - azonnal - rakt\u00e1rr\u00f3l","publisher":{"@id":"https:\/\/quadalkatreszek.com\/#organization"},"potentialAction":[{"@type":"SearchAction","target":{"@type":"EntryPoint","urlTemplate":"https:\/\/quadalkatreszek.com\/?s={search_term_string}"},"query-input":{"@type":"PropertyValueSpecification","valueRequired":true,"valueName":"search_term_string"}}],"inLanguage":"en-US"},{"@type":"Organization","@id":"https:\/\/quadalkatreszek.com\/#organization","name":"quadalkatreszek.com","url":"https:\/\/quadalkatreszek.com\/","logo":{"@type":"ImageObject","inLanguage":"en-US","@id":"https:\/\/quadalkatreszek.com\/#\/schema\/logo\/image\/","url":"https:\/\/quadalkatreszek.com\/wp-content\/uploads\/2023\/01\/korlogo-2.png","contentUrl":"https:\/\/quadalkatreszek.com\/wp-content\/uploads\/2023\/01\/korlogo-2.png","width":866,"height":866,"caption":"quadalkatreszek.com"},"image":{"@id":"https:\/\/quadalkatreszek.com\/#\/schema\/logo\/image\/"}}]}},"_links":{"self":[{"href":"https:\/\/quadalkatreszek.com\/en\/wp-json\/wp\/v2\/product\/39849","targetHints":{"allow":["GET"]}}],"collection":[{"href":"https:\/\/quadalkatreszek.com\/en\/wp-json\/wp\/v2\/product"}],"about":[{"href":"https:\/\/quadalkatreszek.com\/en\/wp-json\/wp\/v2\/types\/product"}],"replies":[{"embeddable":true,"href":"https:\/\/quadalkatreszek.com\/en\/wp-json\/wp\/v2\/comments?post=39849"}],"wp:featuredmedia":[{"embeddable":true,"href":"https:\/\/quadalkatreszek.com\/en\/wp-json\/wp\/v2\/media\/39850"}],"wp:attachment":[{"href":"https:\/\/quadalkatreszek.com\/en\/wp-json\/wp\/v2\/media?parent=39849"}],"wp:term":[{"taxonomy":"product_brand","embeddable":true,"href":"https:\/\/quadalkatreszek.com\/en\/wp-json\/wp\/v2\/product_brand?post=39849"},{"taxonomy":"product_cat","embeddable":true,"href":"https:\/\/quadalkatreszek.com\/en\/wp-json\/wp\/v2\/product_cat?post=39849"},{"taxonomy":"product_tag","embeddable":true,"href":"https:\/\/quadalkatreszek.com\/en\/wp-json\/wp\/v2\/product_tag?post=39849"}],"curies":[{"name":"wp","href":"https:\/\/api.w.org\/{rel}","templated":true}]}}