{"id":40221,"date":"2024-03-13T13:00:46","date_gmt":"2024-03-13T12:00:46","guid":{"rendered":"https:\/\/quadalkatreszek.com\/?post_type=product&#038;p=40221"},"modified":"2025-08-12T14:34:55","modified_gmt":"2025-08-12T13:34:55","slug":"gyerek-quad-coyote-atv-125cc-fekete","status":"publish","type":"product","link":"https:\/\/quadalkatreszek.com\/en\/product\/gyerek-quad-coyote-atv-125cc-fekete\/","title":{"rendered":"Gyerek quad Coyote atv 125cc fekete"},"content":{"rendered":"<p>Gyerek quad Coyote atv 125cc fekete<\/p>\n<p>Ez a modell m\u00e1r egy komolyabb min\u0151s\u00e9g\u0171 \u00e9s modern formatervez\u00e9s\u0171 , de m\u00e9gis megfizethet\u0151 \u00e1r\u00fa quad. Ezeket a modelleket Magyarorsz\u00e1gon csak n\u00e1lunk, vagy viszontelad\u00f3inkn\u00e1l kapod meg.<\/p>\n<p>A j\u00e1rm\u0171 125ccm automata v\u00e1lt\u00f3val van szerelve + tolat\u00e1s<\/p>\n<p>Teherb\u00edr\u00e1s 80-85 Kg.<\/p>\n<p>Rengeteg \u00fajdons\u00e1ggal \u00e9s extr\u00e1val.<\/p>\n<p>-Angel eyes els\u0151 l\u00e1mpa<\/p>\n<p>-Ledes nappali menetf\u00e9ny<\/p>\n<p>-Ledes h\u00e1ts\u00f3 l\u00e1mpa<\/p>\n<p>-V\u00e9szalj kapcsol\u00f3<\/p>\n<p>&#8211;Szab\u00e1lyozhat\u00f3 g\u00e1zkar<\/p>\n<p>-Mem\u00f3ri\u00e1s \u00fcl\u00e9s<\/p>\n<p>-Automata l\u00e1ncfesz\u00edt\u0151<\/p>\n<p>-T\u00e1rcsaf\u00e9k.<\/p>\n<p>-M\u0171anyag burkolat a csomagtart\u00f3 els\u0151 \u00e9s h\u00e1ts\u00f3 r\u00e1csokon.<\/p>\n<p>-Extra k\u00f6nny\u0171 korm\u00e1nyozhat\u00f3s\u00e1g.<\/p>\n<p>-Digit\u00e1lis \u00f3r\u00e1val szerelt mely mutatja:<\/p>\n<p>-a sebess\u00e9get a sebess\u00e9gi fokozatot , fordulatsz\u00e1mot, megtett kilom\u00e9tert stb\u2026<\/p>\n<p>A vezet\u00e9s\u00e9t nagyon k\u00f6nnyen p\u00e1r perc alatt el lehet saj\u00e1t\u00edtani.<\/p>\n<p>Tov\u00e1bb\u00e1 a sebess\u00e9g\u00fck a g\u00e1zkar \u00e1ll\u00edt\u00e1s\u00e1val szab\u00e1lyozhat\u00f3, \u00edgy a gyermek kezdetben nem tud t\u00fal gyorsan menni vele. 8-9 \u00e9ves kort\u00f3l aj\u00e1nljuk ezt a modellt, max. terhelhet\u0151s\u00e9ge 75-85 kil\u00f3, nagy 8 colos kerekekkel rendelkezik, teh\u00e1t kisebb feln\u0151ttek is haszn\u00e1lhatj\u00e1k. Gyere le hozz\u00e1nk, n\u00e9zd meg , pr\u00f3b\u00e1ld ki biztosan nem fogsz csal\u00f3dni!<\/p>\n<p>125cc Gyerek quad<\/p>\n<p>&#8211; &#8211; &#8211;<br \/>\n<!--kkod_start--><\/p>\n<div class=\"kkod-visible\">kkod:93<\/div>\n<p><!--kkod_end--><\/p>","protected":false},"excerpt":{"rendered":"<p>Gyerek quad Coyote atv 125cc fekete<\/p>\n<p>125cc automata pr\u00e9mium modell<\/p>","protected":false},"featured_media":40222,"comment_status":"open","ping_status":"closed","template":"","meta":[],"product_brand":[],"product_cat":[103],"product_tag":[],"class_list":{"0":"post-40221","1":"product","2":"type-product","3":"status-publish","4":"has-post-thumbnail","6":"product_cat-gyerek-quadok","7":"product_shipping_class-tulmeret-1","9":"first","10":"instock","11":"shipping-taxable","12":"purchasable","13":"product-type-simple"},"yoast_head":"<!-- This site is optimized with the Yoast SEO plugin v27.4 - https:\/\/yoast.com\/product\/yoast-seo-wordpress\/ -->\n<title>125cc Gyerek quad TAO Coyote 125 - quadalkatreszek.com<\/title>\n<meta name=\"description\" content=\"125cc Gyerek quad Coyote atv 125cc narancss\u00e1rga sz\u00ednben Ez a modell m\u00e1r egy komolyabb min\u0151s\u00e9g\u0171 \u00e9s modern formatervez\u00e9s\u0171 , de m\u00e9gis megfizethet\u0151 \u00e1r\u00fa quad.\" \/>\n<meta name=\"robots\" content=\"index, follow, max-snippet:-1, max-image-preview:large, max-video-preview:-1\" \/>\n<link rel=\"canonical\" href=\"https:\/\/quadalkatreszek.com\/en\/product\/gyerek-quad-coyote-atv-125cc-fekete\/\" \/>\n<meta property=\"og:locale\" content=\"en_US\" \/>\n<meta property=\"og:type\" content=\"article\" \/>\n<meta property=\"og:title\" content=\"125cc Gyerek quad TAO Coyote 125 - quadalkatreszek.com\" \/>\n<meta property=\"og:description\" content=\"125cc Gyerek quad Coyote atv 125cc narancss\u00e1rga sz\u00ednben Ez a modell m\u00e1r egy komolyabb min\u0151s\u00e9g\u0171 \u00e9s modern formatervez\u00e9s\u0171 , de m\u00e9gis megfizethet\u0151 \u00e1r\u00fa quad.\" \/>\n<meta property=\"og:url\" content=\"https:\/\/quadalkatreszek.com\/en\/product\/gyerek-quad-coyote-atv-125cc-fekete\/\" \/>\n<meta property=\"og:site_name\" content=\"quadalkatreszek.com\" \/>\n<meta property=\"article:modified_time\" content=\"2025-08-12T13:34:55+00:00\" \/>\n<meta property=\"og:image\" content=\"https:\/\/quadalkatreszek.com\/wp-content\/uploads\/2024\/03\/Elado-gyerek-quad-Tao-Coyote-1.png\" \/>\n\t<meta property=\"og:image:width\" content=\"1500\" \/>\n\t<meta property=\"og:image:height\" content=\"1000\" \/>\n\t<meta property=\"og:image:type\" content=\"image\/png\" \/>\n<meta name=\"twitter:card\" content=\"summary_large_image\" \/>\n<meta name=\"twitter:label1\" content=\"Est. reading time\" \/>\n\t<meta name=\"twitter:data1\" content=\"1 minute\" \/>\n<script type=\"application\/ld+json\" class=\"yoast-schema-graph\">{\"@context\":\"https:\\\/\\\/schema.org\",\"@graph\":[{\"@type\":\"WebPage\",\"@id\":\"https:\\\/\\\/quadalkatreszek.com\\\/product\\\/gyerek-quad-coyote-atv-125cc-fekete\\\/\",\"url\":\"https:\\\/\\\/quadalkatreszek.com\\\/product\\\/gyerek-quad-coyote-atv-125cc-fekete\\\/\",\"name\":\"125cc Gyerek quad TAO Coyote 125 - quadalkatreszek.com\",\"isPartOf\":{\"@id\":\"https:\\\/\\\/quadalkatreszek.com\\\/#website\"},\"primaryImageOfPage\":{\"@id\":\"https:\\\/\\\/quadalkatreszek.com\\\/product\\\/gyerek-quad-coyote-atv-125cc-fekete\\\/#primaryimage\"},\"image\":{\"@id\":\"https:\\\/\\\/quadalkatreszek.com\\\/product\\\/gyerek-quad-coyote-atv-125cc-fekete\\\/#primaryimage\"},\"thumbnailUrl\":\"https:\\\/\\\/quadalkatreszek.com\\\/wp-content\\\/uploads\\\/2024\\\/03\\\/Elado-gyerek-quad-Tao-Coyote-1.png\",\"datePublished\":\"2024-03-13T12:00:46+00:00\",\"dateModified\":\"2025-08-12T13:34:55+00:00\",\"description\":\"125cc Gyerek quad Coyote atv 125cc narancss\u00e1rga sz\u00ednben Ez a modell m\u00e1r egy komolyabb min\u0151s\u00e9g\u0171 \u00e9s modern formatervez\u00e9s\u0171 , de m\u00e9gis megfizethet\u0151 \u00e1r\u00fa quad.\",\"breadcrumb\":{\"@id\":\"https:\\\/\\\/quadalkatreszek.com\\\/product\\\/gyerek-quad-coyote-atv-125cc-fekete\\\/#breadcrumb\"},\"inLanguage\":\"en-US\",\"potentialAction\":[{\"@type\":\"ReadAction\",\"target\":[\"https:\\\/\\\/quadalkatreszek.com\\\/product\\\/gyerek-quad-coyote-atv-125cc-fekete\\\/\"]}]},{\"@type\":\"ImageObject\",\"inLanguage\":\"en-US\",\"@id\":\"https:\\\/\\\/quadalkatreszek.com\\\/product\\\/gyerek-quad-coyote-atv-125cc-fekete\\\/#primaryimage\",\"url\":\"https:\\\/\\\/quadalkatreszek.com\\\/wp-content\\\/uploads\\\/2024\\\/03\\\/Elado-gyerek-quad-Tao-Coyote-1.png\",\"contentUrl\":\"https:\\\/\\\/quadalkatreszek.com\\\/wp-content\\\/uploads\\\/2024\\\/03\\\/Elado-gyerek-quad-Tao-Coyote-1.png\",\"width\":1500,\"height\":1000,\"caption\":\"gyerek quad\"},{\"@type\":\"BreadcrumbList\",\"@id\":\"https:\\\/\\\/quadalkatreszek.com\\\/product\\\/gyerek-quad-coyote-atv-125cc-fekete\\\/#breadcrumb\",\"itemListElement\":[{\"@type\":\"ListItem\",\"position\":1,\"name\":\"Kezd\u0151lap\",\"item\":\"https:\\\/\\\/quadalkatreszek.com\\\/\"},{\"@type\":\"ListItem\",\"position\":2,\"name\":\"Shop\",\"item\":\"https:\\\/\\\/quadalkatreszek.com\\\/shop\\\/\"},{\"@type\":\"ListItem\",\"position\":3,\"name\":\"Gyerek quad Coyote atv 125cc fekete\"}]},{\"@type\":\"WebSite\",\"@id\":\"https:\\\/\\\/quadalkatreszek.com\\\/#website\",\"url\":\"https:\\\/\\\/quadalkatreszek.com\\\/\",\"name\":\"quadalkatreszek.com\",\"description\":\"alkatr\u00e9szek - azonnal - rakt\u00e1rr\u00f3l\",\"publisher\":{\"@id\":\"https:\\\/\\\/quadalkatreszek.com\\\/#organization\"},\"potentialAction\":[{\"@type\":\"SearchAction\",\"target\":{\"@type\":\"EntryPoint\",\"urlTemplate\":\"https:\\\/\\\/quadalkatreszek.com\\\/?s={search_term_string}\"},\"query-input\":{\"@type\":\"PropertyValueSpecification\",\"valueRequired\":true,\"valueName\":\"search_term_string\"}}],\"inLanguage\":\"en-US\"},{\"@type\":\"Organization\",\"@id\":\"https:\\\/\\\/quadalkatreszek.com\\\/#organization\",\"name\":\"quadalkatreszek.com\",\"url\":\"https:\\\/\\\/quadalkatreszek.com\\\/\",\"logo\":{\"@type\":\"ImageObject\",\"inLanguage\":\"en-US\",\"@id\":\"https:\\\/\\\/quadalkatreszek.com\\\/#\\\/schema\\\/logo\\\/image\\\/\",\"url\":\"https:\\\/\\\/quadalkatreszek.com\\\/wp-content\\\/uploads\\\/2023\\\/01\\\/korlogo-2.png\",\"contentUrl\":\"https:\\\/\\\/quadalkatreszek.com\\\/wp-content\\\/uploads\\\/2023\\\/01\\\/korlogo-2.png\",\"width\":866,\"height\":866,\"caption\":\"quadalkatreszek.com\"},\"image\":{\"@id\":\"https:\\\/\\\/quadalkatreszek.com\\\/#\\\/schema\\\/logo\\\/image\\\/\"}}]}<\/script>\n<!-- \/ Yoast SEO plugin. -->","yoast_head_json":{"title":"125cc Gyerek quad TAO Coyote 125 - quadalkatreszek.com","description":"125cc Gyerek quad Coyote atv 125cc narancss\u00e1rga sz\u00ednben Ez a modell m\u00e1r egy komolyabb min\u0151s\u00e9g\u0171 \u00e9s modern formatervez\u00e9s\u0171 , de m\u00e9gis megfizethet\u0151 \u00e1r\u00fa quad.","robots":{"index":"index","follow":"follow","max-snippet":"max-snippet:-1","max-image-preview":"max-image-preview:large","max-video-preview":"max-video-preview:-1"},"canonical":"https:\/\/quadalkatreszek.com\/en\/product\/gyerek-quad-coyote-atv-125cc-fekete\/","og_locale":"en_US","og_type":"article","og_title":"125cc Gyerek quad TAO Coyote 125 - quadalkatreszek.com","og_description":"125cc Gyerek quad Coyote atv 125cc narancss\u00e1rga sz\u00ednben Ez a modell m\u00e1r egy komolyabb min\u0151s\u00e9g\u0171 \u00e9s modern formatervez\u00e9s\u0171 , de m\u00e9gis megfizethet\u0151 \u00e1r\u00fa quad.","og_url":"https:\/\/quadalkatreszek.com\/en\/product\/gyerek-quad-coyote-atv-125cc-fekete\/","og_site_name":"quadalkatreszek.com","article_modified_time":"2025-08-12T13:34:55+00:00","og_image":[{"width":1500,"height":1000,"url":"https:\/\/quadalkatreszek.com\/wp-content\/uploads\/2024\/03\/Elado-gyerek-quad-Tao-Coyote-1.png","type":"image\/png"}],"twitter_card":"summary_large_image","twitter_misc":{"Est. reading time":"1 minute"},"schema":{"@context":"https:\/\/schema.org","@graph":[{"@type":"WebPage","@id":"https:\/\/quadalkatreszek.com\/product\/gyerek-quad-coyote-atv-125cc-fekete\/","url":"https:\/\/quadalkatreszek.com\/product\/gyerek-quad-coyote-atv-125cc-fekete\/","name":"125cc Gyerek quad TAO Coyote 125 - quadalkatreszek.com","isPartOf":{"@id":"https:\/\/quadalkatreszek.com\/#website"},"primaryImageOfPage":{"@id":"https:\/\/quadalkatreszek.com\/product\/gyerek-quad-coyote-atv-125cc-fekete\/#primaryimage"},"image":{"@id":"https:\/\/quadalkatreszek.com\/product\/gyerek-quad-coyote-atv-125cc-fekete\/#primaryimage"},"thumbnailUrl":"https:\/\/quadalkatreszek.com\/wp-content\/uploads\/2024\/03\/Elado-gyerek-quad-Tao-Coyote-1.png","datePublished":"2024-03-13T12:00:46+00:00","dateModified":"2025-08-12T13:34:55+00:00","description":"125cc Gyerek quad Coyote atv 125cc narancss\u00e1rga sz\u00ednben Ez a modell m\u00e1r egy komolyabb min\u0151s\u00e9g\u0171 \u00e9s modern formatervez\u00e9s\u0171 , de m\u00e9gis megfizethet\u0151 \u00e1r\u00fa quad.","breadcrumb":{"@id":"https:\/\/quadalkatreszek.com\/product\/gyerek-quad-coyote-atv-125cc-fekete\/#breadcrumb"},"inLanguage":"en-US","potentialAction":[{"@type":"ReadAction","target":["https:\/\/quadalkatreszek.com\/product\/gyerek-quad-coyote-atv-125cc-fekete\/"]}]},{"@type":"ImageObject","inLanguage":"en-US","@id":"https:\/\/quadalkatreszek.com\/product\/gyerek-quad-coyote-atv-125cc-fekete\/#primaryimage","url":"https:\/\/quadalkatreszek.com\/wp-content\/uploads\/2024\/03\/Elado-gyerek-quad-Tao-Coyote-1.png","contentUrl":"https:\/\/quadalkatreszek.com\/wp-content\/uploads\/2024\/03\/Elado-gyerek-quad-Tao-Coyote-1.png","width":1500,"height":1000,"caption":"gyerek quad"},{"@type":"BreadcrumbList","@id":"https:\/\/quadalkatreszek.com\/product\/gyerek-quad-coyote-atv-125cc-fekete\/#breadcrumb","itemListElement":[{"@type":"ListItem","position":1,"name":"Kezd\u0151lap","item":"https:\/\/quadalkatreszek.com\/"},{"@type":"ListItem","position":2,"name":"Shop","item":"https:\/\/quadalkatreszek.com\/shop\/"},{"@type":"ListItem","position":3,"name":"Gyerek quad Coyote atv 125cc fekete"}]},{"@type":"WebSite","@id":"https:\/\/quadalkatreszek.com\/#website","url":"https:\/\/quadalkatreszek.com\/","name":"quadalkatreszek.com","description":"alkatr\u00e9szek - azonnal - rakt\u00e1rr\u00f3l","publisher":{"@id":"https:\/\/quadalkatreszek.com\/#organization"},"potentialAction":[{"@type":"SearchAction","target":{"@type":"EntryPoint","urlTemplate":"https:\/\/quadalkatreszek.com\/?s={search_term_string}"},"query-input":{"@type":"PropertyValueSpecification","valueRequired":true,"valueName":"search_term_string"}}],"inLanguage":"en-US"},{"@type":"Organization","@id":"https:\/\/quadalkatreszek.com\/#organization","name":"quadalkatreszek.com","url":"https:\/\/quadalkatreszek.com\/","logo":{"@type":"ImageObject","inLanguage":"en-US","@id":"https:\/\/quadalkatreszek.com\/#\/schema\/logo\/image\/","url":"https:\/\/quadalkatreszek.com\/wp-content\/uploads\/2023\/01\/korlogo-2.png","contentUrl":"https:\/\/quadalkatreszek.com\/wp-content\/uploads\/2023\/01\/korlogo-2.png","width":866,"height":866,"caption":"quadalkatreszek.com"},"image":{"@id":"https:\/\/quadalkatreszek.com\/#\/schema\/logo\/image\/"}}]}},"_links":{"self":[{"href":"https:\/\/quadalkatreszek.com\/en\/wp-json\/wp\/v2\/product\/40221","targetHints":{"allow":["GET"]}}],"collection":[{"href":"https:\/\/quadalkatreszek.com\/en\/wp-json\/wp\/v2\/product"}],"about":[{"href":"https:\/\/quadalkatreszek.com\/en\/wp-json\/wp\/v2\/types\/product"}],"replies":[{"embeddable":true,"href":"https:\/\/quadalkatreszek.com\/en\/wp-json\/wp\/v2\/comments?post=40221"}],"wp:featuredmedia":[{"embeddable":true,"href":"https:\/\/quadalkatreszek.com\/en\/wp-json\/wp\/v2\/media\/40222"}],"wp:attachment":[{"href":"https:\/\/quadalkatreszek.com\/en\/wp-json\/wp\/v2\/media?parent=40221"}],"wp:term":[{"taxonomy":"product_brand","embeddable":true,"href":"https:\/\/quadalkatreszek.com\/en\/wp-json\/wp\/v2\/product_brand?post=40221"},{"taxonomy":"product_cat","embeddable":true,"href":"https:\/\/quadalkatreszek.com\/en\/wp-json\/wp\/v2\/product_cat?post=40221"},{"taxonomy":"product_tag","embeddable":true,"href":"https:\/\/quadalkatreszek.com\/en\/wp-json\/wp\/v2\/product_tag?post=40221"}],"curies":[{"name":"wp","href":"https:\/\/api.w.org\/{rel}","templated":true}]}}