{"id":41232,"date":"2024-04-30T15:08:24","date_gmt":"2024-04-30T14:08:24","guid":{"rendered":"https:\/\/quadalkatreszek.com\/?post_type=product&#038;p=41232"},"modified":"2026-03-18T13:01:51","modified_gmt":"2026-03-18T12:01:51","slug":"automata-dirt-bike-pitbike-125cc-piros","status":"publish","type":"product","link":"https:\/\/quadalkatreszek.com\/en\/product\/automata-dirt-bike-pitbike-125cc-piros\/","title":{"rendered":"AUTOMATA  Dirt bike \/ Pitbike 125cc  Piros"},"content":{"rendered":"<p>AUTOMATA \u00f6nind\u00edt\u00f3s Dirt bike \/ Pitbike 125cc piros sz\u00ednben<\/p>\n<p>\u00daJ MODELL, MOST BEVEZET\u0150 VERHETETLEN \u00c1RON!<\/p>\n<p>-N\u00e1lunk ingyenesen kipr\u00f3b\u00e1lhatod b\u00e1rmelyik j\u00e1rm\u0171veket!<br \/>\n-Ezeket a quadokat \u00e9s motorokat itt kapod meg a legjobb \u00e1ron!<br \/>\n-T\u00d6BB \u00c9V garanci\u00e1t v\u00e1llalunk!<br \/>\n-Orsz\u00e1gos szerviz h\u00e1l\u00f3zattal rendelkez\u00fcnk!<br \/>\n-T\u00f6bb sz\u00e1z darabos \u00e1ruk\u00e9szletb\u0151l v\u00e1logathatsz!<\/p>\n<p>-N\u00e9h\u00e1ny napon bel\u00fcl, ak\u00e1r h\u00e1zhoz is sz\u00e1ll\u00edtjuk neked!<br \/>\n-Ezek\u00e9rt az el\u0151ny\u00f6k\u00e9rt mindenk\u00e9ppen \u00e9rdemes n\u00e1luk k\u00f6r\u00fcln\u00e9zni, biztosan nem fogsz csal\u00f3dni!!!<\/p>\n<p>&nbsp;<\/p>\n<p>125 k\u00f6bcentis 4 sebess\u00e9ges, 1 hengeres l\u00e9gh\u0171t\u00e9ses, AUTOMATA\u00a0 v\u00e1lt\u00f3s Cross motor 14\/12\u00a0 ker\u00e9k m\u00e9rettel. 8-9 \u00e9ves kort\u00f3l aj\u00e1nljuk ezt a modellt, maximum terhelhet\u0151s\u00e9ge 75 kil\u00f3, 14\/12 colos kerekekkel rendelkezik.<\/p>\n<p>Kit\u0171n\u0151 v\u00e1laszt\u00e1s hobbi motoroz\u00e1s c\u00e9lj\u00e1ra, illetve els\u0151 motornak, tanul\u00f3 motornak is megfelel. A term\u00e9kre garanci\u00e1t v\u00e1llalunk \u00e9s teljes alkatr\u00e9sz ut\u00e1np\u00f3tl\u00e1st biztos\u00edtunk. Tov\u00e1bb\u00e1 ingyenes telefonos szerviz seg\u00edts\u00e9get ny\u00fajtunk a n\u00e1lunk v\u00e1s\u00e1rolt motorok karbantart\u00e1s\u00e1hoz, szerel\u00e9s\u00e9hez.<\/p>\n<p>125ccm automata v\u00e1lt\u00f3s 14\/12 ker\u00e9k.<\/p>\n<p>Motort\u00edpus: egyhengeres,4-\u00fctem\u0171,l\u00e9gh\u0171t\u00e9ses<br \/>\nHenger\u00fbrtartalom: 124 ml<br \/>\nFurat \u00d7 l\u00f6ket: 53 mm \u00d7 50,4 mm<br \/>\nInd\u00edt\u00f3rendszer: \u00d6nind\u00edt\u00f3<br \/>\nKer\u00e9k meghajt\u00e1s: l\u00e1nc<br \/>\nEls\u00f5 f\u00e9k t\u00edpusa: t\u00e1rcsa<br \/>\nH\u00e1ts\u00f3 f\u00e9k t\u00edpusa: t\u00e1rcsa<br \/>\nSebess\u00e9gv\u00e1lt\u00f3:automata<br \/>\nHossz: 1600 mm<\/p>\n<p>\u00dcl\u00e9smagass\u00e1g: 710 mm<br \/>\nHasmagass\u00e1g: 300 mm<br \/>\nEls\u00f5 gumim\u00e9ret: 60\/100\/14<br \/>\nH\u00e1ts\u00f3 gumim\u00e9ret: 80\/100-12<br \/>\nV\u00e9gsebess\u00e9g:50-60\u00a0 km\/h<br \/>\nNett\u00f3 t\u00f6meg: 85 kg<\/p>\n<p>&#8211; &#8211; &#8211;<br \/>\n<!--kkod_start--><\/p>\n<div class=\"kkod-visible\">kkod:93<\/div>\n<p><!--kkod_end--><\/p>","protected":false},"excerpt":{"rendered":"<p>Ne v\u00e1s\u00e1rolj dr\u00e1g\u00e1n, ha olcs\u00f3n is megveheted!<\/p>\n<p>AUTOMATA \u00f6nind\u00edt\u00f3s Dirt bike \/ Pitbike 125cc piros sz\u00ednben<\/p>\n<p>\u00daJ MODELL, MOST BEVEZET\u0150 VERHETETLEN \u00c1RON!<\/p>","protected":false},"featured_media":41164,"comment_status":"open","ping_status":"closed","template":"","meta":[],"product_brand":[],"product_cat":[136],"product_tag":[],"class_list":{"0":"post-41232","1":"product","2":"type-product","3":"status-publish","4":"has-post-thumbnail","6":"product_cat-cross-motorok-dirt-bike-ok","7":"product_shipping_class-raklap-meret","9":"first","10":"instock","11":"shipping-taxable","12":"purchasable","13":"product-type-simple"},"yoast_head":"<!-- This site is optimized with the Yoast SEO plugin v27.5 - https:\/\/yoast.com\/product\/yoast-seo-wordpress\/ -->\n<title>AUTOMATA Dirt bike \/ Pitbike 125cc Piros - quadalkatreszek.com<\/title>\n<meta name=\"description\" content=\"Dirt bike \/ Pitbike 125cc 14\/12 ker\u00e9km\u00e9ret.Ne v\u00e1s\u00e1rolj dr\u00e1g\u00e1n, ha olcs\u00f3n is megveheted!\u00daJ MODELL, MOST BEVEZET\u0150 VERHETETLEN \u00c1RON\" \/>\n<meta name=\"robots\" content=\"index, follow, max-snippet:-1, max-image-preview:large, max-video-preview:-1\" \/>\n<link rel=\"canonical\" href=\"https:\/\/quadalkatreszek.com\/en\/product\/automata-dirt-bike-pitbike-125cc-piros\/\" \/>\n<meta property=\"og:locale\" content=\"en_US\" \/>\n<meta property=\"og:type\" content=\"article\" \/>\n<meta property=\"og:title\" content=\"AUTOMATA Dirt bike \/ Pitbike 125cc Piros - quadalkatreszek.com\" \/>\n<meta property=\"og:description\" content=\"Dirt bike \/ Pitbike 125cc 14\/12 ker\u00e9km\u00e9ret.Ne v\u00e1s\u00e1rolj dr\u00e1g\u00e1n, ha olcs\u00f3n is megveheted!\u00daJ MODELL, MOST BEVEZET\u0150 VERHETETLEN \u00c1RON\" \/>\n<meta property=\"og:url\" content=\"https:\/\/quadalkatreszek.com\/en\/product\/automata-dirt-bike-pitbike-125cc-piros\/\" \/>\n<meta property=\"og:site_name\" content=\"quadalkatreszek.com\" \/>\n<meta property=\"article:modified_time\" content=\"2026-03-18T12:01:51+00:00\" \/>\n<meta property=\"og:image\" content=\"https:\/\/quadalkatreszek.com\/wp-content\/uploads\/2024\/04\/Dirt-bike-piros-16.jpg\" \/>\n\t<meta property=\"og:image:width\" content=\"1020\" \/>\n\t<meta property=\"og:image:height\" content=\"765\" \/>\n\t<meta property=\"og:image:type\" content=\"image\/jpeg\" \/>\n<meta name=\"twitter:card\" content=\"summary_large_image\" \/>\n<meta name=\"twitter:label1\" content=\"Est. reading time\" \/>\n\t<meta name=\"twitter:data1\" content=\"1 minute\" \/>\n<script type=\"application\/ld+json\" class=\"yoast-schema-graph\">{\"@context\":\"https:\\\/\\\/schema.org\",\"@graph\":[{\"@type\":\"WebPage\",\"@id\":\"https:\\\/\\\/quadalkatreszek.com\\\/product\\\/automata-dirt-bike-pitbike-125cc-piros\\\/\",\"url\":\"https:\\\/\\\/quadalkatreszek.com\\\/product\\\/automata-dirt-bike-pitbike-125cc-piros\\\/\",\"name\":\"AUTOMATA Dirt bike \\\/ Pitbike 125cc Piros - quadalkatreszek.com\",\"isPartOf\":{\"@id\":\"https:\\\/\\\/quadalkatreszek.com\\\/#website\"},\"primaryImageOfPage\":{\"@id\":\"https:\\\/\\\/quadalkatreszek.com\\\/product\\\/automata-dirt-bike-pitbike-125cc-piros\\\/#primaryimage\"},\"image\":{\"@id\":\"https:\\\/\\\/quadalkatreszek.com\\\/product\\\/automata-dirt-bike-pitbike-125cc-piros\\\/#primaryimage\"},\"thumbnailUrl\":\"https:\\\/\\\/quadalkatreszek.com\\\/wp-content\\\/uploads\\\/2024\\\/04\\\/Dirt-bike-piros-16.jpg\",\"datePublished\":\"2024-04-30T14:08:24+00:00\",\"dateModified\":\"2026-03-18T12:01:51+00:00\",\"description\":\"Dirt bike \\\/ Pitbike 125cc 14\\\/12 ker\u00e9km\u00e9ret.Ne v\u00e1s\u00e1rolj dr\u00e1g\u00e1n, ha olcs\u00f3n is megveheted!\u00daJ MODELL, MOST BEVEZET\u0150 VERHETETLEN \u00c1RON\",\"breadcrumb\":{\"@id\":\"https:\\\/\\\/quadalkatreszek.com\\\/product\\\/automata-dirt-bike-pitbike-125cc-piros\\\/#breadcrumb\"},\"inLanguage\":\"en-US\",\"potentialAction\":[{\"@type\":\"ReadAction\",\"target\":[\"https:\\\/\\\/quadalkatreszek.com\\\/product\\\/automata-dirt-bike-pitbike-125cc-piros\\\/\"]}]},{\"@type\":\"ImageObject\",\"inLanguage\":\"en-US\",\"@id\":\"https:\\\/\\\/quadalkatreszek.com\\\/product\\\/automata-dirt-bike-pitbike-125cc-piros\\\/#primaryimage\",\"url\":\"https:\\\/\\\/quadalkatreszek.com\\\/wp-content\\\/uploads\\\/2024\\\/04\\\/Dirt-bike-piros-16.jpg\",\"contentUrl\":\"https:\\\/\\\/quadalkatreszek.com\\\/wp-content\\\/uploads\\\/2024\\\/04\\\/Dirt-bike-piros-16.jpg\",\"width\":1020,\"height\":765,\"caption\":\"dirt bike \\\/ pitbike 125cc gyerek motor\"},{\"@type\":\"BreadcrumbList\",\"@id\":\"https:\\\/\\\/quadalkatreszek.com\\\/product\\\/automata-dirt-bike-pitbike-125cc-piros\\\/#breadcrumb\",\"itemListElement\":[{\"@type\":\"ListItem\",\"position\":1,\"name\":\"Kezd\u0151lap\",\"item\":\"https:\\\/\\\/quadalkatreszek.com\\\/\"},{\"@type\":\"ListItem\",\"position\":2,\"name\":\"Shop\",\"item\":\"https:\\\/\\\/quadalkatreszek.com\\\/shop\\\/\"},{\"@type\":\"ListItem\",\"position\":3,\"name\":\"AUTOMATA Dirt bike \\\/ Pitbike 125cc Piros\"}]},{\"@type\":\"WebSite\",\"@id\":\"https:\\\/\\\/quadalkatreszek.com\\\/#website\",\"url\":\"https:\\\/\\\/quadalkatreszek.com\\\/\",\"name\":\"quadalkatreszek.com\",\"description\":\"alkatr\u00e9szek - azonnal - rakt\u00e1rr\u00f3l\",\"publisher\":{\"@id\":\"https:\\\/\\\/quadalkatreszek.com\\\/#organization\"},\"potentialAction\":[{\"@type\":\"SearchAction\",\"target\":{\"@type\":\"EntryPoint\",\"urlTemplate\":\"https:\\\/\\\/quadalkatreszek.com\\\/?s={search_term_string}\"},\"query-input\":{\"@type\":\"PropertyValueSpecification\",\"valueRequired\":true,\"valueName\":\"search_term_string\"}}],\"inLanguage\":\"en-US\"},{\"@type\":\"Organization\",\"@id\":\"https:\\\/\\\/quadalkatreszek.com\\\/#organization\",\"name\":\"quadalkatreszek.com\",\"url\":\"https:\\\/\\\/quadalkatreszek.com\\\/\",\"logo\":{\"@type\":\"ImageObject\",\"inLanguage\":\"en-US\",\"@id\":\"https:\\\/\\\/quadalkatreszek.com\\\/#\\\/schema\\\/logo\\\/image\\\/\",\"url\":\"https:\\\/\\\/quadalkatreszek.com\\\/wp-content\\\/uploads\\\/2023\\\/01\\\/korlogo-2.png\",\"contentUrl\":\"https:\\\/\\\/quadalkatreszek.com\\\/wp-content\\\/uploads\\\/2023\\\/01\\\/korlogo-2.png\",\"width\":866,\"height\":866,\"caption\":\"quadalkatreszek.com\"},\"image\":{\"@id\":\"https:\\\/\\\/quadalkatreszek.com\\\/#\\\/schema\\\/logo\\\/image\\\/\"}}]}<\/script>\n<!-- \/ Yoast SEO plugin. -->","yoast_head_json":{"title":"AUTOMATA Dirt bike \/ Pitbike 125cc Piros - quadalkatreszek.com","description":"Dirt bike \/ Pitbike 125cc 14\/12 ker\u00e9km\u00e9ret.Ne v\u00e1s\u00e1rolj dr\u00e1g\u00e1n, ha olcs\u00f3n is megveheted!\u00daJ MODELL, MOST BEVEZET\u0150 VERHETETLEN \u00c1RON","robots":{"index":"index","follow":"follow","max-snippet":"max-snippet:-1","max-image-preview":"max-image-preview:large","max-video-preview":"max-video-preview:-1"},"canonical":"https:\/\/quadalkatreszek.com\/en\/product\/automata-dirt-bike-pitbike-125cc-piros\/","og_locale":"en_US","og_type":"article","og_title":"AUTOMATA Dirt bike \/ Pitbike 125cc Piros - quadalkatreszek.com","og_description":"Dirt bike \/ Pitbike 125cc 14\/12 ker\u00e9km\u00e9ret.Ne v\u00e1s\u00e1rolj dr\u00e1g\u00e1n, ha olcs\u00f3n is megveheted!\u00daJ MODELL, MOST BEVEZET\u0150 VERHETETLEN \u00c1RON","og_url":"https:\/\/quadalkatreszek.com\/en\/product\/automata-dirt-bike-pitbike-125cc-piros\/","og_site_name":"quadalkatreszek.com","article_modified_time":"2026-03-18T12:01:51+00:00","og_image":[{"width":1020,"height":765,"url":"https:\/\/quadalkatreszek.com\/wp-content\/uploads\/2024\/04\/Dirt-bike-piros-16.jpg","type":"image\/jpeg"}],"twitter_card":"summary_large_image","twitter_misc":{"Est. reading time":"1 minute"},"schema":{"@context":"https:\/\/schema.org","@graph":[{"@type":"WebPage","@id":"https:\/\/quadalkatreszek.com\/product\/automata-dirt-bike-pitbike-125cc-piros\/","url":"https:\/\/quadalkatreszek.com\/product\/automata-dirt-bike-pitbike-125cc-piros\/","name":"AUTOMATA Dirt bike \/ Pitbike 125cc Piros - quadalkatreszek.com","isPartOf":{"@id":"https:\/\/quadalkatreszek.com\/#website"},"primaryImageOfPage":{"@id":"https:\/\/quadalkatreszek.com\/product\/automata-dirt-bike-pitbike-125cc-piros\/#primaryimage"},"image":{"@id":"https:\/\/quadalkatreszek.com\/product\/automata-dirt-bike-pitbike-125cc-piros\/#primaryimage"},"thumbnailUrl":"https:\/\/quadalkatreszek.com\/wp-content\/uploads\/2024\/04\/Dirt-bike-piros-16.jpg","datePublished":"2024-04-30T14:08:24+00:00","dateModified":"2026-03-18T12:01:51+00:00","description":"Dirt bike \/ Pitbike 125cc 14\/12 ker\u00e9km\u00e9ret.Ne v\u00e1s\u00e1rolj dr\u00e1g\u00e1n, ha olcs\u00f3n is megveheted!\u00daJ MODELL, MOST BEVEZET\u0150 VERHETETLEN \u00c1RON","breadcrumb":{"@id":"https:\/\/quadalkatreszek.com\/product\/automata-dirt-bike-pitbike-125cc-piros\/#breadcrumb"},"inLanguage":"en-US","potentialAction":[{"@type":"ReadAction","target":["https:\/\/quadalkatreszek.com\/product\/automata-dirt-bike-pitbike-125cc-piros\/"]}]},{"@type":"ImageObject","inLanguage":"en-US","@id":"https:\/\/quadalkatreszek.com\/product\/automata-dirt-bike-pitbike-125cc-piros\/#primaryimage","url":"https:\/\/quadalkatreszek.com\/wp-content\/uploads\/2024\/04\/Dirt-bike-piros-16.jpg","contentUrl":"https:\/\/quadalkatreszek.com\/wp-content\/uploads\/2024\/04\/Dirt-bike-piros-16.jpg","width":1020,"height":765,"caption":"dirt bike \/ pitbike 125cc gyerek motor"},{"@type":"BreadcrumbList","@id":"https:\/\/quadalkatreszek.com\/product\/automata-dirt-bike-pitbike-125cc-piros\/#breadcrumb","itemListElement":[{"@type":"ListItem","position":1,"name":"Kezd\u0151lap","item":"https:\/\/quadalkatreszek.com\/"},{"@type":"ListItem","position":2,"name":"Shop","item":"https:\/\/quadalkatreszek.com\/shop\/"},{"@type":"ListItem","position":3,"name":"AUTOMATA Dirt bike \/ Pitbike 125cc Piros"}]},{"@type":"WebSite","@id":"https:\/\/quadalkatreszek.com\/#website","url":"https:\/\/quadalkatreszek.com\/","name":"quadalkatreszek.com","description":"alkatr\u00e9szek - azonnal - rakt\u00e1rr\u00f3l","publisher":{"@id":"https:\/\/quadalkatreszek.com\/#organization"},"potentialAction":[{"@type":"SearchAction","target":{"@type":"EntryPoint","urlTemplate":"https:\/\/quadalkatreszek.com\/?s={search_term_string}"},"query-input":{"@type":"PropertyValueSpecification","valueRequired":true,"valueName":"search_term_string"}}],"inLanguage":"en-US"},{"@type":"Organization","@id":"https:\/\/quadalkatreszek.com\/#organization","name":"quadalkatreszek.com","url":"https:\/\/quadalkatreszek.com\/","logo":{"@type":"ImageObject","inLanguage":"en-US","@id":"https:\/\/quadalkatreszek.com\/#\/schema\/logo\/image\/","url":"https:\/\/quadalkatreszek.com\/wp-content\/uploads\/2023\/01\/korlogo-2.png","contentUrl":"https:\/\/quadalkatreszek.com\/wp-content\/uploads\/2023\/01\/korlogo-2.png","width":866,"height":866,"caption":"quadalkatreszek.com"},"image":{"@id":"https:\/\/quadalkatreszek.com\/#\/schema\/logo\/image\/"}}]}},"_links":{"self":[{"href":"https:\/\/quadalkatreszek.com\/en\/wp-json\/wp\/v2\/product\/41232","targetHints":{"allow":["GET"]}}],"collection":[{"href":"https:\/\/quadalkatreszek.com\/en\/wp-json\/wp\/v2\/product"}],"about":[{"href":"https:\/\/quadalkatreszek.com\/en\/wp-json\/wp\/v2\/types\/product"}],"replies":[{"embeddable":true,"href":"https:\/\/quadalkatreszek.com\/en\/wp-json\/wp\/v2\/comments?post=41232"}],"wp:featuredmedia":[{"embeddable":true,"href":"https:\/\/quadalkatreszek.com\/en\/wp-json\/wp\/v2\/media\/41164"}],"wp:attachment":[{"href":"https:\/\/quadalkatreszek.com\/en\/wp-json\/wp\/v2\/media?parent=41232"}],"wp:term":[{"taxonomy":"product_brand","embeddable":true,"href":"https:\/\/quadalkatreszek.com\/en\/wp-json\/wp\/v2\/product_brand?post=41232"},{"taxonomy":"product_cat","embeddable":true,"href":"https:\/\/quadalkatreszek.com\/en\/wp-json\/wp\/v2\/product_cat?post=41232"},{"taxonomy":"product_tag","embeddable":true,"href":"https:\/\/quadalkatreszek.com\/en\/wp-json\/wp\/v2\/product_tag?post=41232"}],"curies":[{"name":"wp","href":"https:\/\/api.w.org\/{rel}","templated":true}]}}