{"id":42527,"date":"2024-07-15T12:38:32","date_gmt":"2024-07-15T11:38:32","guid":{"rendered":"https:\/\/quadalkatreszek.com\/?post_type=product&#038;p=42527"},"modified":"2024-07-19T08:17:59","modified_gmt":"2024-07-19T07:17:59","slug":"piros-cross-szemuveg-feher-uveggel","status":"publish","type":"product","link":"https:\/\/quadalkatreszek.com\/en\/product\/piros-cross-szemuveg-feher-uveggel\/","title":{"rendered":"Piros cross szem\u00fcveg  feh\u00e9r \u00fcveggel"},"content":{"rendered":"<p>Piros cross szem\u00fcveg \/ motocross szem\u00fcveg feh\u00e9r \u00fcveggel<\/p>","protected":false},"excerpt":{"rendered":"<p>Piros cross szem\u00fcveg feh\u00e9r \u00fcveggel<\/p>","protected":false},"featured_media":42606,"comment_status":"open","ping_status":"closed","template":"","meta":[],"product_brand":[],"product_cat":[139],"product_tag":[],"class_list":{"0":"post-42527","1":"product","2":"type-product","3":"status-publish","4":"has-post-thumbnail","6":"product_cat-extrak","8":"first","9":"instock","10":"shipping-taxable","11":"purchasable","12":"product-type-simple"},"yoast_head":"<!-- This site is optimized with the Yoast SEO plugin v27.4 - https:\/\/yoast.com\/product\/yoast-seo-wordpress\/ -->\n<title>Piros cross szem\u00fcveg feh\u00e9r \u00fcveggel - quadalkatreszek.com<\/title>\n<meta name=\"description\" content=\"Piros cross szem\u00fcveg \/ motocross szem\u00fcveg feh\u00e9r \u00fcveggel. Kiv\u00e1l\u00f3 min\u0151s\u00e9g\u0171 cross \/ enduro \/ dirt bike \/ atv \/ motocross szem\u00fcvegek sokf\u00e9le sz\u00ednben.\" \/>\n<meta name=\"robots\" content=\"index, follow, max-snippet:-1, max-image-preview:large, max-video-preview:-1\" \/>\n<link rel=\"canonical\" href=\"https:\/\/quadalkatreszek.com\/en\/product\/piros-cross-szemuveg-feher-uveggel\/\" \/>\n<meta property=\"og:locale\" content=\"en_US\" \/>\n<meta property=\"og:type\" content=\"article\" \/>\n<meta property=\"og:title\" content=\"Piros cross szem\u00fcveg feh\u00e9r \u00fcveggel - quadalkatreszek.com\" \/>\n<meta property=\"og:description\" content=\"Piros cross szem\u00fcveg \/ motocross szem\u00fcveg feh\u00e9r \u00fcveggel. Kiv\u00e1l\u00f3 min\u0151s\u00e9g\u0171 cross \/ enduro \/ dirt bike \/ atv \/ motocross szem\u00fcvegek sokf\u00e9le sz\u00ednben.\" \/>\n<meta property=\"og:url\" content=\"https:\/\/quadalkatreszek.com\/en\/product\/piros-cross-szemuveg-feher-uveggel\/\" \/>\n<meta property=\"og:site_name\" content=\"quadalkatreszek.com\" \/>\n<meta property=\"article:modified_time\" content=\"2024-07-19T07:17:59+00:00\" \/>\n<meta property=\"og:image\" content=\"https:\/\/quadalkatreszek.com\/wp-content\/uploads\/2024\/07\/5766cross-szemuveg-piros.jpg\" \/>\n\t<meta property=\"og:image:width\" content=\"1020\" \/>\n\t<meta property=\"og:image:height\" content=\"765\" \/>\n\t<meta property=\"og:image:type\" content=\"image\/jpeg\" \/>\n<meta name=\"twitter:card\" content=\"summary_large_image\" \/>\n<script type=\"application\/ld+json\" class=\"yoast-schema-graph\">{\"@context\":\"https:\\\/\\\/schema.org\",\"@graph\":[{\"@type\":\"WebPage\",\"@id\":\"https:\\\/\\\/quadalkatreszek.com\\\/product\\\/piros-cross-szemuveg-feher-uveggel\\\/\",\"url\":\"https:\\\/\\\/quadalkatreszek.com\\\/product\\\/piros-cross-szemuveg-feher-uveggel\\\/\",\"name\":\"Piros cross szem\u00fcveg feh\u00e9r \u00fcveggel - quadalkatreszek.com\",\"isPartOf\":{\"@id\":\"https:\\\/\\\/quadalkatreszek.com\\\/#website\"},\"primaryImageOfPage\":{\"@id\":\"https:\\\/\\\/quadalkatreszek.com\\\/product\\\/piros-cross-szemuveg-feher-uveggel\\\/#primaryimage\"},\"image\":{\"@id\":\"https:\\\/\\\/quadalkatreszek.com\\\/product\\\/piros-cross-szemuveg-feher-uveggel\\\/#primaryimage\"},\"thumbnailUrl\":\"https:\\\/\\\/quadalkatreszek.com\\\/wp-content\\\/uploads\\\/2024\\\/07\\\/5766cross-szemuveg-piros.jpg\",\"datePublished\":\"2024-07-15T11:38:32+00:00\",\"dateModified\":\"2024-07-19T07:17:59+00:00\",\"description\":\"Piros cross szem\u00fcveg \\\/ motocross szem\u00fcveg feh\u00e9r \u00fcveggel. Kiv\u00e1l\u00f3 min\u0151s\u00e9g\u0171 cross \\\/ enduro \\\/ dirt bike \\\/ atv \\\/ motocross szem\u00fcvegek sokf\u00e9le sz\u00ednben.\",\"breadcrumb\":{\"@id\":\"https:\\\/\\\/quadalkatreszek.com\\\/product\\\/piros-cross-szemuveg-feher-uveggel\\\/#breadcrumb\"},\"inLanguage\":\"en-US\",\"potentialAction\":[{\"@type\":\"ReadAction\",\"target\":[\"https:\\\/\\\/quadalkatreszek.com\\\/product\\\/piros-cross-szemuveg-feher-uveggel\\\/\"]}]},{\"@type\":\"ImageObject\",\"inLanguage\":\"en-US\",\"@id\":\"https:\\\/\\\/quadalkatreszek.com\\\/product\\\/piros-cross-szemuveg-feher-uveggel\\\/#primaryimage\",\"url\":\"https:\\\/\\\/quadalkatreszek.com\\\/wp-content\\\/uploads\\\/2024\\\/07\\\/5766cross-szemuveg-piros.jpg\",\"contentUrl\":\"https:\\\/\\\/quadalkatreszek.com\\\/wp-content\\\/uploads\\\/2024\\\/07\\\/5766cross-szemuveg-piros.jpg\",\"width\":1020,\"height\":765,\"caption\":\"cross szem\u00fcveg\"},{\"@type\":\"BreadcrumbList\",\"@id\":\"https:\\\/\\\/quadalkatreszek.com\\\/product\\\/piros-cross-szemuveg-feher-uveggel\\\/#breadcrumb\",\"itemListElement\":[{\"@type\":\"ListItem\",\"position\":1,\"name\":\"Kezd\u0151lap\",\"item\":\"https:\\\/\\\/quadalkatreszek.com\\\/\"},{\"@type\":\"ListItem\",\"position\":2,\"name\":\"Shop\",\"item\":\"https:\\\/\\\/quadalkatreszek.com\\\/shop\\\/\"},{\"@type\":\"ListItem\",\"position\":3,\"name\":\"Piros cross szem\u00fcveg feh\u00e9r \u00fcveggel\"}]},{\"@type\":\"WebSite\",\"@id\":\"https:\\\/\\\/quadalkatreszek.com\\\/#website\",\"url\":\"https:\\\/\\\/quadalkatreszek.com\\\/\",\"name\":\"quadalkatreszek.com\",\"description\":\"alkatr\u00e9szek - azonnal - rakt\u00e1rr\u00f3l\",\"publisher\":{\"@id\":\"https:\\\/\\\/quadalkatreszek.com\\\/#organization\"},\"potentialAction\":[{\"@type\":\"SearchAction\",\"target\":{\"@type\":\"EntryPoint\",\"urlTemplate\":\"https:\\\/\\\/quadalkatreszek.com\\\/?s={search_term_string}\"},\"query-input\":{\"@type\":\"PropertyValueSpecification\",\"valueRequired\":true,\"valueName\":\"search_term_string\"}}],\"inLanguage\":\"en-US\"},{\"@type\":\"Organization\",\"@id\":\"https:\\\/\\\/quadalkatreszek.com\\\/#organization\",\"name\":\"quadalkatreszek.com\",\"url\":\"https:\\\/\\\/quadalkatreszek.com\\\/\",\"logo\":{\"@type\":\"ImageObject\",\"inLanguage\":\"en-US\",\"@id\":\"https:\\\/\\\/quadalkatreszek.com\\\/#\\\/schema\\\/logo\\\/image\\\/\",\"url\":\"https:\\\/\\\/quadalkatreszek.com\\\/wp-content\\\/uploads\\\/2023\\\/01\\\/korlogo-2.png\",\"contentUrl\":\"https:\\\/\\\/quadalkatreszek.com\\\/wp-content\\\/uploads\\\/2023\\\/01\\\/korlogo-2.png\",\"width\":866,\"height\":866,\"caption\":\"quadalkatreszek.com\"},\"image\":{\"@id\":\"https:\\\/\\\/quadalkatreszek.com\\\/#\\\/schema\\\/logo\\\/image\\\/\"}}]}<\/script>\n<!-- \/ Yoast SEO plugin. -->","yoast_head_json":{"title":"Piros cross szem\u00fcveg feh\u00e9r \u00fcveggel - quadalkatreszek.com","description":"Piros cross szem\u00fcveg \/ motocross szem\u00fcveg feh\u00e9r \u00fcveggel. Kiv\u00e1l\u00f3 min\u0151s\u00e9g\u0171 cross \/ enduro \/ dirt bike \/ atv \/ motocross szem\u00fcvegek sokf\u00e9le sz\u00ednben.","robots":{"index":"index","follow":"follow","max-snippet":"max-snippet:-1","max-image-preview":"max-image-preview:large","max-video-preview":"max-video-preview:-1"},"canonical":"https:\/\/quadalkatreszek.com\/en\/product\/piros-cross-szemuveg-feher-uveggel\/","og_locale":"en_US","og_type":"article","og_title":"Piros cross szem\u00fcveg feh\u00e9r \u00fcveggel - quadalkatreszek.com","og_description":"Piros cross szem\u00fcveg \/ motocross szem\u00fcveg feh\u00e9r \u00fcveggel. Kiv\u00e1l\u00f3 min\u0151s\u00e9g\u0171 cross \/ enduro \/ dirt bike \/ atv \/ motocross szem\u00fcvegek sokf\u00e9le sz\u00ednben.","og_url":"https:\/\/quadalkatreszek.com\/en\/product\/piros-cross-szemuveg-feher-uveggel\/","og_site_name":"quadalkatreszek.com","article_modified_time":"2024-07-19T07:17:59+00:00","og_image":[{"width":1020,"height":765,"url":"https:\/\/quadalkatreszek.com\/wp-content\/uploads\/2024\/07\/5766cross-szemuveg-piros.jpg","type":"image\/jpeg"}],"twitter_card":"summary_large_image","schema":{"@context":"https:\/\/schema.org","@graph":[{"@type":"WebPage","@id":"https:\/\/quadalkatreszek.com\/product\/piros-cross-szemuveg-feher-uveggel\/","url":"https:\/\/quadalkatreszek.com\/product\/piros-cross-szemuveg-feher-uveggel\/","name":"Piros cross szem\u00fcveg feh\u00e9r \u00fcveggel - quadalkatreszek.com","isPartOf":{"@id":"https:\/\/quadalkatreszek.com\/#website"},"primaryImageOfPage":{"@id":"https:\/\/quadalkatreszek.com\/product\/piros-cross-szemuveg-feher-uveggel\/#primaryimage"},"image":{"@id":"https:\/\/quadalkatreszek.com\/product\/piros-cross-szemuveg-feher-uveggel\/#primaryimage"},"thumbnailUrl":"https:\/\/quadalkatreszek.com\/wp-content\/uploads\/2024\/07\/5766cross-szemuveg-piros.jpg","datePublished":"2024-07-15T11:38:32+00:00","dateModified":"2024-07-19T07:17:59+00:00","description":"Piros cross szem\u00fcveg \/ motocross szem\u00fcveg feh\u00e9r \u00fcveggel. Kiv\u00e1l\u00f3 min\u0151s\u00e9g\u0171 cross \/ enduro \/ dirt bike \/ atv \/ motocross szem\u00fcvegek sokf\u00e9le sz\u00ednben.","breadcrumb":{"@id":"https:\/\/quadalkatreszek.com\/product\/piros-cross-szemuveg-feher-uveggel\/#breadcrumb"},"inLanguage":"en-US","potentialAction":[{"@type":"ReadAction","target":["https:\/\/quadalkatreszek.com\/product\/piros-cross-szemuveg-feher-uveggel\/"]}]},{"@type":"ImageObject","inLanguage":"en-US","@id":"https:\/\/quadalkatreszek.com\/product\/piros-cross-szemuveg-feher-uveggel\/#primaryimage","url":"https:\/\/quadalkatreszek.com\/wp-content\/uploads\/2024\/07\/5766cross-szemuveg-piros.jpg","contentUrl":"https:\/\/quadalkatreszek.com\/wp-content\/uploads\/2024\/07\/5766cross-szemuveg-piros.jpg","width":1020,"height":765,"caption":"cross szem\u00fcveg"},{"@type":"BreadcrumbList","@id":"https:\/\/quadalkatreszek.com\/product\/piros-cross-szemuveg-feher-uveggel\/#breadcrumb","itemListElement":[{"@type":"ListItem","position":1,"name":"Kezd\u0151lap","item":"https:\/\/quadalkatreszek.com\/"},{"@type":"ListItem","position":2,"name":"Shop","item":"https:\/\/quadalkatreszek.com\/shop\/"},{"@type":"ListItem","position":3,"name":"Piros cross szem\u00fcveg feh\u00e9r \u00fcveggel"}]},{"@type":"WebSite","@id":"https:\/\/quadalkatreszek.com\/#website","url":"https:\/\/quadalkatreszek.com\/","name":"quadalkatreszek.com","description":"alkatr\u00e9szek - azonnal - rakt\u00e1rr\u00f3l","publisher":{"@id":"https:\/\/quadalkatreszek.com\/#organization"},"potentialAction":[{"@type":"SearchAction","target":{"@type":"EntryPoint","urlTemplate":"https:\/\/quadalkatreszek.com\/?s={search_term_string}"},"query-input":{"@type":"PropertyValueSpecification","valueRequired":true,"valueName":"search_term_string"}}],"inLanguage":"en-US"},{"@type":"Organization","@id":"https:\/\/quadalkatreszek.com\/#organization","name":"quadalkatreszek.com","url":"https:\/\/quadalkatreszek.com\/","logo":{"@type":"ImageObject","inLanguage":"en-US","@id":"https:\/\/quadalkatreszek.com\/#\/schema\/logo\/image\/","url":"https:\/\/quadalkatreszek.com\/wp-content\/uploads\/2023\/01\/korlogo-2.png","contentUrl":"https:\/\/quadalkatreszek.com\/wp-content\/uploads\/2023\/01\/korlogo-2.png","width":866,"height":866,"caption":"quadalkatreszek.com"},"image":{"@id":"https:\/\/quadalkatreszek.com\/#\/schema\/logo\/image\/"}}]}},"_links":{"self":[{"href":"https:\/\/quadalkatreszek.com\/en\/wp-json\/wp\/v2\/product\/42527","targetHints":{"allow":["GET"]}}],"collection":[{"href":"https:\/\/quadalkatreszek.com\/en\/wp-json\/wp\/v2\/product"}],"about":[{"href":"https:\/\/quadalkatreszek.com\/en\/wp-json\/wp\/v2\/types\/product"}],"replies":[{"embeddable":true,"href":"https:\/\/quadalkatreszek.com\/en\/wp-json\/wp\/v2\/comments?post=42527"}],"wp:featuredmedia":[{"embeddable":true,"href":"https:\/\/quadalkatreszek.com\/en\/wp-json\/wp\/v2\/media\/42606"}],"wp:attachment":[{"href":"https:\/\/quadalkatreszek.com\/en\/wp-json\/wp\/v2\/media?parent=42527"}],"wp:term":[{"taxonomy":"product_brand","embeddable":true,"href":"https:\/\/quadalkatreszek.com\/en\/wp-json\/wp\/v2\/product_brand?post=42527"},{"taxonomy":"product_cat","embeddable":true,"href":"https:\/\/quadalkatreszek.com\/en\/wp-json\/wp\/v2\/product_cat?post=42527"},{"taxonomy":"product_tag","embeddable":true,"href":"https:\/\/quadalkatreszek.com\/en\/wp-json\/wp\/v2\/product_tag?post=42527"}],"curies":[{"name":"wp","href":"https:\/\/api.w.org\/{rel}","templated":true}]}}