{"id":42577,"date":"2024-07-15T15:23:15","date_gmt":"2024-07-15T14:23:15","guid":{"rendered":"https:\/\/quadalkatreszek.com\/?post_type=product&#038;p=42577"},"modified":"2024-07-19T08:36:57","modified_gmt":"2024-07-19T07:36:57","slug":"gyerek-cross-kesztyu-motoros-kesztyu-xl-es-szines","status":"publish","type":"product","link":"https:\/\/quadalkatreszek.com\/en\/product\/gyerek-cross-kesztyu-motoros-kesztyu-xl-es-szines\/","title":{"rendered":"Gyerek cross keszty\u0171 \/ motoros keszty\u0171 XL-es sz\u00ednes"},"content":{"rendered":"<p>Gyerek\u00a0 cross keszty\u0171 \/ motoros keszty\u0171 sz\u00ednes\u00a0 XL-es m\u00e9retben<\/p>","protected":false},"excerpt":{"rendered":"<p>Gyerek\u00a0 cross keszty\u0171 \/ motoros keszty\u0171 sz\u00ednes XL-es m\u00e9retben<\/p>","protected":false},"featured_media":42644,"comment_status":"open","ping_status":"closed","template":"","meta":[],"product_brand":[],"product_cat":[139],"product_tag":[],"class_list":{"0":"post-42577","1":"product","2":"type-product","3":"status-publish","4":"has-post-thumbnail","6":"product_cat-extrak","8":"first","9":"instock","10":"shipping-taxable","11":"purchasable","12":"product-type-simple"},"yoast_head":"<!-- This site is optimized with the Yoast SEO plugin v27.4 - https:\/\/yoast.com\/product\/yoast-seo-wordpress\/ -->\n<title>Gyerek cross keszty\u0171 \/ motoros keszty\u0171 XL-es sz\u00ednes - quadalkatreszek.com<\/title>\n<meta name=\"description\" content=\"Gyerek motoros keszty\u0171 \/ cross keszty\u0171 sz\u00ednes mint\u00e1val M \/L\/ XL-es m\u00e9retben. 5-15 \u00e9ves korig quad \/ cross \u00e9s enduro keszty\u0171k sz\u00e9les v\u00e1laszt\u00e9ka\" \/>\n<meta name=\"robots\" content=\"index, follow, max-snippet:-1, max-image-preview:large, max-video-preview:-1\" \/>\n<link rel=\"canonical\" href=\"https:\/\/quadalkatreszek.com\/en\/product\/gyerek-cross-kesztyu-motoros-kesztyu-xl-es-szines\/\" \/>\n<meta property=\"og:locale\" content=\"en_US\" \/>\n<meta property=\"og:type\" content=\"article\" \/>\n<meta property=\"og:title\" content=\"Gyerek cross keszty\u0171 \/ motoros keszty\u0171 XL-es sz\u00ednes - quadalkatreszek.com\" \/>\n<meta property=\"og:description\" content=\"Gyerek motoros keszty\u0171 \/ cross keszty\u0171 sz\u00ednes mint\u00e1val M \/L\/ XL-es m\u00e9retben. 5-15 \u00e9ves korig quad \/ cross \u00e9s enduro keszty\u0171k sz\u00e9les v\u00e1laszt\u00e9ka\" \/>\n<meta property=\"og:url\" content=\"https:\/\/quadalkatreszek.com\/en\/product\/gyerek-cross-kesztyu-motoros-kesztyu-xl-es-szines\/\" \/>\n<meta property=\"og:site_name\" content=\"quadalkatreszek.com\" \/>\n<meta property=\"article:modified_time\" content=\"2024-07-19T07:36:57+00:00\" \/>\n<meta property=\"og:image\" content=\"https:\/\/quadalkatreszek.com\/wp-content\/uploads\/2024\/07\/5804-gyerek-cross-kesztyu-szines.jpg\" \/>\n\t<meta property=\"og:image:width\" content=\"1020\" \/>\n\t<meta property=\"og:image:height\" content=\"765\" \/>\n\t<meta property=\"og:image:type\" content=\"image\/jpeg\" \/>\n<meta name=\"twitter:card\" content=\"summary_large_image\" \/>\n<script type=\"application\/ld+json\" class=\"yoast-schema-graph\">{\"@context\":\"https:\\\/\\\/schema.org\",\"@graph\":[{\"@type\":\"WebPage\",\"@id\":\"https:\\\/\\\/quadalkatreszek.com\\\/product\\\/gyerek-cross-kesztyu-motoros-kesztyu-xl-es-szines\\\/\",\"url\":\"https:\\\/\\\/quadalkatreszek.com\\\/product\\\/gyerek-cross-kesztyu-motoros-kesztyu-xl-es-szines\\\/\",\"name\":\"Gyerek cross keszty\u0171 \\\/ motoros keszty\u0171 XL-es sz\u00ednes - quadalkatreszek.com\",\"isPartOf\":{\"@id\":\"https:\\\/\\\/quadalkatreszek.com\\\/#website\"},\"primaryImageOfPage\":{\"@id\":\"https:\\\/\\\/quadalkatreszek.com\\\/product\\\/gyerek-cross-kesztyu-motoros-kesztyu-xl-es-szines\\\/#primaryimage\"},\"image\":{\"@id\":\"https:\\\/\\\/quadalkatreszek.com\\\/product\\\/gyerek-cross-kesztyu-motoros-kesztyu-xl-es-szines\\\/#primaryimage\"},\"thumbnailUrl\":\"https:\\\/\\\/quadalkatreszek.com\\\/wp-content\\\/uploads\\\/2024\\\/07\\\/5804-gyerek-cross-kesztyu-szines.jpg\",\"datePublished\":\"2024-07-15T14:23:15+00:00\",\"dateModified\":\"2024-07-19T07:36:57+00:00\",\"description\":\"Gyerek motoros keszty\u0171 \\\/ cross keszty\u0171 sz\u00ednes mint\u00e1val M \\\/L\\\/ XL-es m\u00e9retben. 5-15 \u00e9ves korig quad \\\/ cross \u00e9s enduro keszty\u0171k sz\u00e9les v\u00e1laszt\u00e9ka\",\"breadcrumb\":{\"@id\":\"https:\\\/\\\/quadalkatreszek.com\\\/product\\\/gyerek-cross-kesztyu-motoros-kesztyu-xl-es-szines\\\/#breadcrumb\"},\"inLanguage\":\"en-US\",\"potentialAction\":[{\"@type\":\"ReadAction\",\"target\":[\"https:\\\/\\\/quadalkatreszek.com\\\/product\\\/gyerek-cross-kesztyu-motoros-kesztyu-xl-es-szines\\\/\"]}]},{\"@type\":\"ImageObject\",\"inLanguage\":\"en-US\",\"@id\":\"https:\\\/\\\/quadalkatreszek.com\\\/product\\\/gyerek-cross-kesztyu-motoros-kesztyu-xl-es-szines\\\/#primaryimage\",\"url\":\"https:\\\/\\\/quadalkatreszek.com\\\/wp-content\\\/uploads\\\/2024\\\/07\\\/5804-gyerek-cross-kesztyu-szines.jpg\",\"contentUrl\":\"https:\\\/\\\/quadalkatreszek.com\\\/wp-content\\\/uploads\\\/2024\\\/07\\\/5804-gyerek-cross-kesztyu-szines.jpg\",\"width\":1020,\"height\":765,\"caption\":\"Gyerek motoros keszty\u0171 sz\u00ednes\"},{\"@type\":\"BreadcrumbList\",\"@id\":\"https:\\\/\\\/quadalkatreszek.com\\\/product\\\/gyerek-cross-kesztyu-motoros-kesztyu-xl-es-szines\\\/#breadcrumb\",\"itemListElement\":[{\"@type\":\"ListItem\",\"position\":1,\"name\":\"Kezd\u0151lap\",\"item\":\"https:\\\/\\\/quadalkatreszek.com\\\/\"},{\"@type\":\"ListItem\",\"position\":2,\"name\":\"Shop\",\"item\":\"https:\\\/\\\/quadalkatreszek.com\\\/shop\\\/\"},{\"@type\":\"ListItem\",\"position\":3,\"name\":\"Gyerek cross keszty\u0171 \\\/ motoros keszty\u0171 XL-es sz\u00ednes\"}]},{\"@type\":\"WebSite\",\"@id\":\"https:\\\/\\\/quadalkatreszek.com\\\/#website\",\"url\":\"https:\\\/\\\/quadalkatreszek.com\\\/\",\"name\":\"quadalkatreszek.com\",\"description\":\"alkatr\u00e9szek - azonnal - rakt\u00e1rr\u00f3l\",\"publisher\":{\"@id\":\"https:\\\/\\\/quadalkatreszek.com\\\/#organization\"},\"potentialAction\":[{\"@type\":\"SearchAction\",\"target\":{\"@type\":\"EntryPoint\",\"urlTemplate\":\"https:\\\/\\\/quadalkatreszek.com\\\/?s={search_term_string}\"},\"query-input\":{\"@type\":\"PropertyValueSpecification\",\"valueRequired\":true,\"valueName\":\"search_term_string\"}}],\"inLanguage\":\"en-US\"},{\"@type\":\"Organization\",\"@id\":\"https:\\\/\\\/quadalkatreszek.com\\\/#organization\",\"name\":\"quadalkatreszek.com\",\"url\":\"https:\\\/\\\/quadalkatreszek.com\\\/\",\"logo\":{\"@type\":\"ImageObject\",\"inLanguage\":\"en-US\",\"@id\":\"https:\\\/\\\/quadalkatreszek.com\\\/#\\\/schema\\\/logo\\\/image\\\/\",\"url\":\"https:\\\/\\\/quadalkatreszek.com\\\/wp-content\\\/uploads\\\/2023\\\/01\\\/korlogo-2.png\",\"contentUrl\":\"https:\\\/\\\/quadalkatreszek.com\\\/wp-content\\\/uploads\\\/2023\\\/01\\\/korlogo-2.png\",\"width\":866,\"height\":866,\"caption\":\"quadalkatreszek.com\"},\"image\":{\"@id\":\"https:\\\/\\\/quadalkatreszek.com\\\/#\\\/schema\\\/logo\\\/image\\\/\"}}]}<\/script>\n<!-- \/ Yoast SEO plugin. -->","yoast_head_json":{"title":"Gyerek cross keszty\u0171 \/ motoros keszty\u0171 XL-es sz\u00ednes - quadalkatreszek.com","description":"Gyerek motoros keszty\u0171 \/ cross keszty\u0171 sz\u00ednes mint\u00e1val M \/L\/ XL-es m\u00e9retben. 5-15 \u00e9ves korig quad \/ cross \u00e9s enduro keszty\u0171k sz\u00e9les v\u00e1laszt\u00e9ka","robots":{"index":"index","follow":"follow","max-snippet":"max-snippet:-1","max-image-preview":"max-image-preview:large","max-video-preview":"max-video-preview:-1"},"canonical":"https:\/\/quadalkatreszek.com\/en\/product\/gyerek-cross-kesztyu-motoros-kesztyu-xl-es-szines\/","og_locale":"en_US","og_type":"article","og_title":"Gyerek cross keszty\u0171 \/ motoros keszty\u0171 XL-es sz\u00ednes - quadalkatreszek.com","og_description":"Gyerek motoros keszty\u0171 \/ cross keszty\u0171 sz\u00ednes mint\u00e1val M \/L\/ XL-es m\u00e9retben. 5-15 \u00e9ves korig quad \/ cross \u00e9s enduro keszty\u0171k sz\u00e9les v\u00e1laszt\u00e9ka","og_url":"https:\/\/quadalkatreszek.com\/en\/product\/gyerek-cross-kesztyu-motoros-kesztyu-xl-es-szines\/","og_site_name":"quadalkatreszek.com","article_modified_time":"2024-07-19T07:36:57+00:00","og_image":[{"width":1020,"height":765,"url":"https:\/\/quadalkatreszek.com\/wp-content\/uploads\/2024\/07\/5804-gyerek-cross-kesztyu-szines.jpg","type":"image\/jpeg"}],"twitter_card":"summary_large_image","schema":{"@context":"https:\/\/schema.org","@graph":[{"@type":"WebPage","@id":"https:\/\/quadalkatreszek.com\/product\/gyerek-cross-kesztyu-motoros-kesztyu-xl-es-szines\/","url":"https:\/\/quadalkatreszek.com\/product\/gyerek-cross-kesztyu-motoros-kesztyu-xl-es-szines\/","name":"Gyerek cross keszty\u0171 \/ motoros keszty\u0171 XL-es sz\u00ednes - quadalkatreszek.com","isPartOf":{"@id":"https:\/\/quadalkatreszek.com\/#website"},"primaryImageOfPage":{"@id":"https:\/\/quadalkatreszek.com\/product\/gyerek-cross-kesztyu-motoros-kesztyu-xl-es-szines\/#primaryimage"},"image":{"@id":"https:\/\/quadalkatreszek.com\/product\/gyerek-cross-kesztyu-motoros-kesztyu-xl-es-szines\/#primaryimage"},"thumbnailUrl":"https:\/\/quadalkatreszek.com\/wp-content\/uploads\/2024\/07\/5804-gyerek-cross-kesztyu-szines.jpg","datePublished":"2024-07-15T14:23:15+00:00","dateModified":"2024-07-19T07:36:57+00:00","description":"Gyerek motoros keszty\u0171 \/ cross keszty\u0171 sz\u00ednes mint\u00e1val M \/L\/ XL-es m\u00e9retben. 5-15 \u00e9ves korig quad \/ cross \u00e9s enduro keszty\u0171k sz\u00e9les v\u00e1laszt\u00e9ka","breadcrumb":{"@id":"https:\/\/quadalkatreszek.com\/product\/gyerek-cross-kesztyu-motoros-kesztyu-xl-es-szines\/#breadcrumb"},"inLanguage":"en-US","potentialAction":[{"@type":"ReadAction","target":["https:\/\/quadalkatreszek.com\/product\/gyerek-cross-kesztyu-motoros-kesztyu-xl-es-szines\/"]}]},{"@type":"ImageObject","inLanguage":"en-US","@id":"https:\/\/quadalkatreszek.com\/product\/gyerek-cross-kesztyu-motoros-kesztyu-xl-es-szines\/#primaryimage","url":"https:\/\/quadalkatreszek.com\/wp-content\/uploads\/2024\/07\/5804-gyerek-cross-kesztyu-szines.jpg","contentUrl":"https:\/\/quadalkatreszek.com\/wp-content\/uploads\/2024\/07\/5804-gyerek-cross-kesztyu-szines.jpg","width":1020,"height":765,"caption":"Gyerek motoros keszty\u0171 sz\u00ednes"},{"@type":"BreadcrumbList","@id":"https:\/\/quadalkatreszek.com\/product\/gyerek-cross-kesztyu-motoros-kesztyu-xl-es-szines\/#breadcrumb","itemListElement":[{"@type":"ListItem","position":1,"name":"Kezd\u0151lap","item":"https:\/\/quadalkatreszek.com\/"},{"@type":"ListItem","position":2,"name":"Shop","item":"https:\/\/quadalkatreszek.com\/shop\/"},{"@type":"ListItem","position":3,"name":"Gyerek cross keszty\u0171 \/ motoros keszty\u0171 XL-es sz\u00ednes"}]},{"@type":"WebSite","@id":"https:\/\/quadalkatreszek.com\/#website","url":"https:\/\/quadalkatreszek.com\/","name":"quadalkatreszek.com","description":"alkatr\u00e9szek - azonnal - rakt\u00e1rr\u00f3l","publisher":{"@id":"https:\/\/quadalkatreszek.com\/#organization"},"potentialAction":[{"@type":"SearchAction","target":{"@type":"EntryPoint","urlTemplate":"https:\/\/quadalkatreszek.com\/?s={search_term_string}"},"query-input":{"@type":"PropertyValueSpecification","valueRequired":true,"valueName":"search_term_string"}}],"inLanguage":"en-US"},{"@type":"Organization","@id":"https:\/\/quadalkatreszek.com\/#organization","name":"quadalkatreszek.com","url":"https:\/\/quadalkatreszek.com\/","logo":{"@type":"ImageObject","inLanguage":"en-US","@id":"https:\/\/quadalkatreszek.com\/#\/schema\/logo\/image\/","url":"https:\/\/quadalkatreszek.com\/wp-content\/uploads\/2023\/01\/korlogo-2.png","contentUrl":"https:\/\/quadalkatreszek.com\/wp-content\/uploads\/2023\/01\/korlogo-2.png","width":866,"height":866,"caption":"quadalkatreszek.com"},"image":{"@id":"https:\/\/quadalkatreszek.com\/#\/schema\/logo\/image\/"}}]}},"_links":{"self":[{"href":"https:\/\/quadalkatreszek.com\/en\/wp-json\/wp\/v2\/product\/42577","targetHints":{"allow":["GET"]}}],"collection":[{"href":"https:\/\/quadalkatreszek.com\/en\/wp-json\/wp\/v2\/product"}],"about":[{"href":"https:\/\/quadalkatreszek.com\/en\/wp-json\/wp\/v2\/types\/product"}],"replies":[{"embeddable":true,"href":"https:\/\/quadalkatreszek.com\/en\/wp-json\/wp\/v2\/comments?post=42577"}],"wp:featuredmedia":[{"embeddable":true,"href":"https:\/\/quadalkatreszek.com\/en\/wp-json\/wp\/v2\/media\/42644"}],"wp:attachment":[{"href":"https:\/\/quadalkatreszek.com\/en\/wp-json\/wp\/v2\/media?parent=42577"}],"wp:term":[{"taxonomy":"product_brand","embeddable":true,"href":"https:\/\/quadalkatreszek.com\/en\/wp-json\/wp\/v2\/product_brand?post=42577"},{"taxonomy":"product_cat","embeddable":true,"href":"https:\/\/quadalkatreszek.com\/en\/wp-json\/wp\/v2\/product_cat?post=42577"},{"taxonomy":"product_tag","embeddable":true,"href":"https:\/\/quadalkatreszek.com\/en\/wp-json\/wp\/v2\/product_tag?post=42577"}],"curies":[{"name":"wp","href":"https:\/\/api.w.org\/{rel}","templated":true}]}}