{"id":42590,"date":"2024-07-15T15:44:40","date_gmt":"2024-07-15T14:44:40","guid":{"rendered":"https:\/\/quadalkatreszek.com\/?post_type=product&#038;p=42590"},"modified":"2024-07-19T08:38:52","modified_gmt":"2024-07-19T07:38:52","slug":"kxd-001-gyerek-quad-lampatarto-burkolat","status":"publish","type":"product","link":"https:\/\/quadalkatreszek.com\/en\/product\/kxd-001-gyerek-quad-lampatarto-burkolat\/","title":{"rendered":"Kxd 001 gyerek quad l\u00e1mpatart\u00f3 burkolat"},"content":{"rendered":"<p>Kxd 001 gyerek quad l\u00e1mpatart\u00f3 burkolat<\/p>\n<p>Kxd 001 gyerek quad l\u00e1mpatart\u00f3 burkolat<\/p>\n<p>&#8211; &#8211; &#8211;<br \/>\n<!--kkod_start--><\/p>\n<div class=\"kkod-visible\">kkod:106<\/div>\n<p><!--kkod_end--><\/p>","protected":false},"excerpt":{"rendered":"<p>Kxd 001 gyerek quad l\u00e1mpatart\u00f3 burkolat<\/p>","protected":false},"featured_media":42653,"comment_status":"open","ping_status":"closed","template":"","meta":[],"product_brand":[],"product_cat":[105],"product_tag":[],"class_list":{"0":"post-42590","1":"product","2":"type-product","3":"status-publish","4":"has-post-thumbnail","6":"product_cat-gyerek-quad-pocket-burkolatok","8":"first","9":"instock","10":"shipping-taxable","11":"purchasable","12":"product-type-simple"},"yoast_head":"<!-- This site is optimized with the Yoast SEO plugin v27.4 - https:\/\/yoast.com\/product\/yoast-seo-wordpress\/ -->\n<title>Kxd 001 gyerek quad l\u00e1mpatart\u00f3 burkolat - quadalkatreszek.com<\/title>\n<meta name=\"description\" content=\"Kxd 001 gyerek quad l\u00e1mpatart\u00f3 burkolat. Kxd \u00e9s egy\u00e9b k\u00ednai quad alkatr\u00e9szek sz\u00e9les v\u00e1laszt\u00e9ka azonnal rakt\u00e1rr\u00f3l a legjobb \u00e1ron\" \/>\n<meta name=\"robots\" content=\"index, follow, max-snippet:-1, max-image-preview:large, max-video-preview:-1\" \/>\n<link rel=\"canonical\" href=\"https:\/\/quadalkatreszek.com\/en\/product\/kxd-001-gyerek-quad-lampatarto-burkolat\/\" \/>\n<meta property=\"og:locale\" content=\"en_US\" \/>\n<meta property=\"og:type\" content=\"article\" \/>\n<meta property=\"og:title\" content=\"Kxd 001 gyerek quad l\u00e1mpatart\u00f3 burkolat - quadalkatreszek.com\" \/>\n<meta property=\"og:description\" content=\"Kxd 001 gyerek quad l\u00e1mpatart\u00f3 burkolat. Kxd \u00e9s egy\u00e9b k\u00ednai quad alkatr\u00e9szek sz\u00e9les v\u00e1laszt\u00e9ka azonnal rakt\u00e1rr\u00f3l a legjobb \u00e1ron\" \/>\n<meta property=\"og:url\" content=\"https:\/\/quadalkatreszek.com\/en\/product\/kxd-001-gyerek-quad-lampatarto-burkolat\/\" \/>\n<meta property=\"og:site_name\" content=\"quadalkatreszek.com\" \/>\n<meta property=\"article:modified_time\" content=\"2024-07-19T07:38:52+00:00\" \/>\n<meta property=\"og:image\" content=\"https:\/\/quadalkatreszek.com\/wp-content\/uploads\/2024\/07\/5813kxd-001-terep-burkolat.jpg\" \/>\n\t<meta property=\"og:image:width\" content=\"1020\" \/>\n\t<meta property=\"og:image:height\" content=\"765\" \/>\n\t<meta property=\"og:image:type\" content=\"image\/jpeg\" \/>\n<meta name=\"twitter:card\" content=\"summary_large_image\" \/>\n<script type=\"application\/ld+json\" class=\"yoast-schema-graph\">{\"@context\":\"https:\\\/\\\/schema.org\",\"@graph\":[{\"@type\":\"WebPage\",\"@id\":\"https:\\\/\\\/quadalkatreszek.com\\\/product\\\/kxd-001-gyerek-quad-lampatarto-burkolat\\\/\",\"url\":\"https:\\\/\\\/quadalkatreszek.com\\\/product\\\/kxd-001-gyerek-quad-lampatarto-burkolat\\\/\",\"name\":\"Kxd 001 gyerek quad l\u00e1mpatart\u00f3 burkolat - quadalkatreszek.com\",\"isPartOf\":{\"@id\":\"https:\\\/\\\/quadalkatreszek.com\\\/#website\"},\"primaryImageOfPage\":{\"@id\":\"https:\\\/\\\/quadalkatreszek.com\\\/product\\\/kxd-001-gyerek-quad-lampatarto-burkolat\\\/#primaryimage\"},\"image\":{\"@id\":\"https:\\\/\\\/quadalkatreszek.com\\\/product\\\/kxd-001-gyerek-quad-lampatarto-burkolat\\\/#primaryimage\"},\"thumbnailUrl\":\"https:\\\/\\\/quadalkatreszek.com\\\/wp-content\\\/uploads\\\/2024\\\/07\\\/5813kxd-001-terep-burkolat.jpg\",\"datePublished\":\"2024-07-15T14:44:40+00:00\",\"dateModified\":\"2024-07-19T07:38:52+00:00\",\"description\":\"Kxd 001 gyerek quad l\u00e1mpatart\u00f3 burkolat. Kxd \u00e9s egy\u00e9b k\u00ednai quad alkatr\u00e9szek sz\u00e9les v\u00e1laszt\u00e9ka azonnal rakt\u00e1rr\u00f3l a legjobb \u00e1ron\",\"breadcrumb\":{\"@id\":\"https:\\\/\\\/quadalkatreszek.com\\\/product\\\/kxd-001-gyerek-quad-lampatarto-burkolat\\\/#breadcrumb\"},\"inLanguage\":\"en-US\",\"potentialAction\":[{\"@type\":\"ReadAction\",\"target\":[\"https:\\\/\\\/quadalkatreszek.com\\\/product\\\/kxd-001-gyerek-quad-lampatarto-burkolat\\\/\"]}]},{\"@type\":\"ImageObject\",\"inLanguage\":\"en-US\",\"@id\":\"https:\\\/\\\/quadalkatreszek.com\\\/product\\\/kxd-001-gyerek-quad-lampatarto-burkolat\\\/#primaryimage\",\"url\":\"https:\\\/\\\/quadalkatreszek.com\\\/wp-content\\\/uploads\\\/2024\\\/07\\\/5813kxd-001-terep-burkolat.jpg\",\"contentUrl\":\"https:\\\/\\\/quadalkatreszek.com\\\/wp-content\\\/uploads\\\/2024\\\/07\\\/5813kxd-001-terep-burkolat.jpg\",\"width\":1020,\"height\":765,\"caption\":\"kxd 001 terep burkolat\"},{\"@type\":\"BreadcrumbList\",\"@id\":\"https:\\\/\\\/quadalkatreszek.com\\\/product\\\/kxd-001-gyerek-quad-lampatarto-burkolat\\\/#breadcrumb\",\"itemListElement\":[{\"@type\":\"ListItem\",\"position\":1,\"name\":\"Kezd\u0151lap\",\"item\":\"https:\\\/\\\/quadalkatreszek.com\\\/\"},{\"@type\":\"ListItem\",\"position\":2,\"name\":\"Shop\",\"item\":\"https:\\\/\\\/quadalkatreszek.com\\\/shop\\\/\"},{\"@type\":\"ListItem\",\"position\":3,\"name\":\"Kxd 001 gyerek quad l\u00e1mpatart\u00f3 burkolat\"}]},{\"@type\":\"WebSite\",\"@id\":\"https:\\\/\\\/quadalkatreszek.com\\\/#website\",\"url\":\"https:\\\/\\\/quadalkatreszek.com\\\/\",\"name\":\"quadalkatreszek.com\",\"description\":\"alkatr\u00e9szek - azonnal - rakt\u00e1rr\u00f3l\",\"publisher\":{\"@id\":\"https:\\\/\\\/quadalkatreszek.com\\\/#organization\"},\"potentialAction\":[{\"@type\":\"SearchAction\",\"target\":{\"@type\":\"EntryPoint\",\"urlTemplate\":\"https:\\\/\\\/quadalkatreszek.com\\\/?s={search_term_string}\"},\"query-input\":{\"@type\":\"PropertyValueSpecification\",\"valueRequired\":true,\"valueName\":\"search_term_string\"}}],\"inLanguage\":\"en-US\"},{\"@type\":\"Organization\",\"@id\":\"https:\\\/\\\/quadalkatreszek.com\\\/#organization\",\"name\":\"quadalkatreszek.com\",\"url\":\"https:\\\/\\\/quadalkatreszek.com\\\/\",\"logo\":{\"@type\":\"ImageObject\",\"inLanguage\":\"en-US\",\"@id\":\"https:\\\/\\\/quadalkatreszek.com\\\/#\\\/schema\\\/logo\\\/image\\\/\",\"url\":\"https:\\\/\\\/quadalkatreszek.com\\\/wp-content\\\/uploads\\\/2023\\\/01\\\/korlogo-2.png\",\"contentUrl\":\"https:\\\/\\\/quadalkatreszek.com\\\/wp-content\\\/uploads\\\/2023\\\/01\\\/korlogo-2.png\",\"width\":866,\"height\":866,\"caption\":\"quadalkatreszek.com\"},\"image\":{\"@id\":\"https:\\\/\\\/quadalkatreszek.com\\\/#\\\/schema\\\/logo\\\/image\\\/\"}}]}<\/script>\n<!-- \/ Yoast SEO plugin. -->","yoast_head_json":{"title":"Kxd 001 gyerek quad l\u00e1mpatart\u00f3 burkolat - quadalkatreszek.com","description":"Kxd 001 gyerek quad l\u00e1mpatart\u00f3 burkolat. Kxd \u00e9s egy\u00e9b k\u00ednai quad alkatr\u00e9szek sz\u00e9les v\u00e1laszt\u00e9ka azonnal rakt\u00e1rr\u00f3l a legjobb \u00e1ron","robots":{"index":"index","follow":"follow","max-snippet":"max-snippet:-1","max-image-preview":"max-image-preview:large","max-video-preview":"max-video-preview:-1"},"canonical":"https:\/\/quadalkatreszek.com\/en\/product\/kxd-001-gyerek-quad-lampatarto-burkolat\/","og_locale":"en_US","og_type":"article","og_title":"Kxd 001 gyerek quad l\u00e1mpatart\u00f3 burkolat - quadalkatreszek.com","og_description":"Kxd 001 gyerek quad l\u00e1mpatart\u00f3 burkolat. Kxd \u00e9s egy\u00e9b k\u00ednai quad alkatr\u00e9szek sz\u00e9les v\u00e1laszt\u00e9ka azonnal rakt\u00e1rr\u00f3l a legjobb \u00e1ron","og_url":"https:\/\/quadalkatreszek.com\/en\/product\/kxd-001-gyerek-quad-lampatarto-burkolat\/","og_site_name":"quadalkatreszek.com","article_modified_time":"2024-07-19T07:38:52+00:00","og_image":[{"width":1020,"height":765,"url":"https:\/\/quadalkatreszek.com\/wp-content\/uploads\/2024\/07\/5813kxd-001-terep-burkolat.jpg","type":"image\/jpeg"}],"twitter_card":"summary_large_image","schema":{"@context":"https:\/\/schema.org","@graph":[{"@type":"WebPage","@id":"https:\/\/quadalkatreszek.com\/product\/kxd-001-gyerek-quad-lampatarto-burkolat\/","url":"https:\/\/quadalkatreszek.com\/product\/kxd-001-gyerek-quad-lampatarto-burkolat\/","name":"Kxd 001 gyerek quad l\u00e1mpatart\u00f3 burkolat - quadalkatreszek.com","isPartOf":{"@id":"https:\/\/quadalkatreszek.com\/#website"},"primaryImageOfPage":{"@id":"https:\/\/quadalkatreszek.com\/product\/kxd-001-gyerek-quad-lampatarto-burkolat\/#primaryimage"},"image":{"@id":"https:\/\/quadalkatreszek.com\/product\/kxd-001-gyerek-quad-lampatarto-burkolat\/#primaryimage"},"thumbnailUrl":"https:\/\/quadalkatreszek.com\/wp-content\/uploads\/2024\/07\/5813kxd-001-terep-burkolat.jpg","datePublished":"2024-07-15T14:44:40+00:00","dateModified":"2024-07-19T07:38:52+00:00","description":"Kxd 001 gyerek quad l\u00e1mpatart\u00f3 burkolat. Kxd \u00e9s egy\u00e9b k\u00ednai quad alkatr\u00e9szek sz\u00e9les v\u00e1laszt\u00e9ka azonnal rakt\u00e1rr\u00f3l a legjobb \u00e1ron","breadcrumb":{"@id":"https:\/\/quadalkatreszek.com\/product\/kxd-001-gyerek-quad-lampatarto-burkolat\/#breadcrumb"},"inLanguage":"en-US","potentialAction":[{"@type":"ReadAction","target":["https:\/\/quadalkatreszek.com\/product\/kxd-001-gyerek-quad-lampatarto-burkolat\/"]}]},{"@type":"ImageObject","inLanguage":"en-US","@id":"https:\/\/quadalkatreszek.com\/product\/kxd-001-gyerek-quad-lampatarto-burkolat\/#primaryimage","url":"https:\/\/quadalkatreszek.com\/wp-content\/uploads\/2024\/07\/5813kxd-001-terep-burkolat.jpg","contentUrl":"https:\/\/quadalkatreszek.com\/wp-content\/uploads\/2024\/07\/5813kxd-001-terep-burkolat.jpg","width":1020,"height":765,"caption":"kxd 001 terep burkolat"},{"@type":"BreadcrumbList","@id":"https:\/\/quadalkatreszek.com\/product\/kxd-001-gyerek-quad-lampatarto-burkolat\/#breadcrumb","itemListElement":[{"@type":"ListItem","position":1,"name":"Kezd\u0151lap","item":"https:\/\/quadalkatreszek.com\/"},{"@type":"ListItem","position":2,"name":"Shop","item":"https:\/\/quadalkatreszek.com\/shop\/"},{"@type":"ListItem","position":3,"name":"Kxd 001 gyerek quad l\u00e1mpatart\u00f3 burkolat"}]},{"@type":"WebSite","@id":"https:\/\/quadalkatreszek.com\/#website","url":"https:\/\/quadalkatreszek.com\/","name":"quadalkatreszek.com","description":"alkatr\u00e9szek - azonnal - rakt\u00e1rr\u00f3l","publisher":{"@id":"https:\/\/quadalkatreszek.com\/#organization"},"potentialAction":[{"@type":"SearchAction","target":{"@type":"EntryPoint","urlTemplate":"https:\/\/quadalkatreszek.com\/?s={search_term_string}"},"query-input":{"@type":"PropertyValueSpecification","valueRequired":true,"valueName":"search_term_string"}}],"inLanguage":"en-US"},{"@type":"Organization","@id":"https:\/\/quadalkatreszek.com\/#organization","name":"quadalkatreszek.com","url":"https:\/\/quadalkatreszek.com\/","logo":{"@type":"ImageObject","inLanguage":"en-US","@id":"https:\/\/quadalkatreszek.com\/#\/schema\/logo\/image\/","url":"https:\/\/quadalkatreszek.com\/wp-content\/uploads\/2023\/01\/korlogo-2.png","contentUrl":"https:\/\/quadalkatreszek.com\/wp-content\/uploads\/2023\/01\/korlogo-2.png","width":866,"height":866,"caption":"quadalkatreszek.com"},"image":{"@id":"https:\/\/quadalkatreszek.com\/#\/schema\/logo\/image\/"}}]}},"_links":{"self":[{"href":"https:\/\/quadalkatreszek.com\/en\/wp-json\/wp\/v2\/product\/42590","targetHints":{"allow":["GET"]}}],"collection":[{"href":"https:\/\/quadalkatreszek.com\/en\/wp-json\/wp\/v2\/product"}],"about":[{"href":"https:\/\/quadalkatreszek.com\/en\/wp-json\/wp\/v2\/types\/product"}],"replies":[{"embeddable":true,"href":"https:\/\/quadalkatreszek.com\/en\/wp-json\/wp\/v2\/comments?post=42590"}],"wp:featuredmedia":[{"embeddable":true,"href":"https:\/\/quadalkatreszek.com\/en\/wp-json\/wp\/v2\/media\/42653"}],"wp:attachment":[{"href":"https:\/\/quadalkatreszek.com\/en\/wp-json\/wp\/v2\/media?parent=42590"}],"wp:term":[{"taxonomy":"product_brand","embeddable":true,"href":"https:\/\/quadalkatreszek.com\/en\/wp-json\/wp\/v2\/product_brand?post=42590"},{"taxonomy":"product_cat","embeddable":true,"href":"https:\/\/quadalkatreszek.com\/en\/wp-json\/wp\/v2\/product_cat?post=42590"},{"taxonomy":"product_tag","embeddable":true,"href":"https:\/\/quadalkatreszek.com\/en\/wp-json\/wp\/v2\/product_tag?post=42590"}],"curies":[{"name":"wp","href":"https:\/\/api.w.org\/{rel}","templated":true}]}}