{"id":42709,"date":"2024-07-19T10:32:46","date_gmt":"2024-07-19T09:32:46","guid":{"rendered":"https:\/\/quadalkatreszek.com\/?post_type=product&#038;p=42709"},"modified":"2024-11-28T20:19:05","modified_gmt":"2024-11-28T19:19:05","slug":"200cc-tao-shark-quad-jobb-oldali-labtarto","status":"publish","type":"product","link":"https:\/\/quadalkatreszek.com\/en\/product\/200cc-tao-shark-quad-jobb-oldali-labtarto\/","title":{"rendered":"200cc Tao Shark quad jobb oldali l\u00e1btart\u00f3"},"content":{"rendered":"<p>200cc Tao Shark quad jobb oldali l\u00e1btart\u00f3<\/p>\n<p>200cc Tao Shark quad jobb oldali l\u00e1btart\u00f3<\/p>\n<p>&#8211; &#8211; &#8211;<br \/>\n<!--kkod_start--><\/p>\n<div class=\"kkod-visible\">kkod:106<\/div>\n<p><!--kkod_end--><\/p>","protected":false},"excerpt":{"rendered":"<p>200cc Tao Shark quad jobb oldali l\u00e1btart\u00f3<\/p>","protected":false},"featured_media":43172,"comment_status":"open","ping_status":"closed","template":"","meta":[],"product_brand":[],"product_cat":[102],"product_tag":[],"class_list":{"0":"post-42709","1":"product","2":"type-product","3":"status-publish","4":"has-post-thumbnail","6":"product_cat-tura-quad-burkolatok","8":"first","9":"instock","10":"shipping-taxable","11":"purchasable","12":"product-type-simple"},"yoast_head":"<!-- This site is optimized with the Yoast SEO plugin v27.5 - https:\/\/yoast.com\/product\/yoast-seo-wordpress\/ -->\n<title>200cc Tao Shark quad jobb oldali l\u00e1btart\u00f3 - quadalkatreszek.com<\/title>\n<meta name=\"description\" content=\"200cc Tao Shark quad jobb oldali l\u00e1btart\u00f3. k\u00ednai quad alkatr\u00e9szek egyenesen az import\u0151rt\u0151l, azonnali sz\u00e1ll\u00edt\u00e1s kedvez\u0151 \u00e1rak!\" \/>\n<meta name=\"robots\" content=\"index, follow, max-snippet:-1, max-image-preview:large, max-video-preview:-1\" \/>\n<link rel=\"canonical\" href=\"https:\/\/quadalkatreszek.com\/en\/product\/200cc-tao-shark-quad-jobb-oldali-labtarto\/\" \/>\n<meta property=\"og:locale\" content=\"en_US\" \/>\n<meta property=\"og:type\" content=\"article\" \/>\n<meta property=\"og:title\" content=\"200cc Tao Shark quad jobb oldali l\u00e1btart\u00f3 - quadalkatreszek.com\" \/>\n<meta property=\"og:description\" content=\"200cc Tao Shark quad jobb oldali l\u00e1btart\u00f3. k\u00ednai quad alkatr\u00e9szek egyenesen az import\u0151rt\u0151l, azonnali sz\u00e1ll\u00edt\u00e1s kedvez\u0151 \u00e1rak!\" \/>\n<meta property=\"og:url\" content=\"https:\/\/quadalkatreszek.com\/en\/product\/200cc-tao-shark-quad-jobb-oldali-labtarto\/\" \/>\n<meta property=\"og:site_name\" content=\"quadalkatreszek.com\" \/>\n<meta property=\"article:modified_time\" content=\"2024-11-28T19:19:05+00:00\" \/>\n<meta property=\"og:image\" content=\"https:\/\/quadalkatreszek.com\/wp-content\/uploads\/2024\/07\/5821-Tao-shark-quad-jobb-oldali-labvedo.jpg\" \/>\n\t<meta property=\"og:image:width\" content=\"1020\" \/>\n\t<meta property=\"og:image:height\" content=\"765\" \/>\n\t<meta property=\"og:image:type\" content=\"image\/jpeg\" \/>\n<meta name=\"twitter:card\" content=\"summary_large_image\" \/>\n<script type=\"application\/ld+json\" class=\"yoast-schema-graph\">{\"@context\":\"https:\\\/\\\/schema.org\",\"@graph\":[{\"@type\":\"WebPage\",\"@id\":\"https:\\\/\\\/quadalkatreszek.com\\\/product\\\/200cc-tao-shark-quad-jobb-oldali-labtarto\\\/\",\"url\":\"https:\\\/\\\/quadalkatreszek.com\\\/product\\\/200cc-tao-shark-quad-jobb-oldali-labtarto\\\/\",\"name\":\"200cc Tao Shark quad jobb oldali l\u00e1btart\u00f3 - quadalkatreszek.com\",\"isPartOf\":{\"@id\":\"https:\\\/\\\/quadalkatreszek.com\\\/#website\"},\"primaryImageOfPage\":{\"@id\":\"https:\\\/\\\/quadalkatreszek.com\\\/product\\\/200cc-tao-shark-quad-jobb-oldali-labtarto\\\/#primaryimage\"},\"image\":{\"@id\":\"https:\\\/\\\/quadalkatreszek.com\\\/product\\\/200cc-tao-shark-quad-jobb-oldali-labtarto\\\/#primaryimage\"},\"thumbnailUrl\":\"https:\\\/\\\/quadalkatreszek.com\\\/wp-content\\\/uploads\\\/2024\\\/07\\\/5821-Tao-shark-quad-jobb-oldali-labvedo.jpg\",\"datePublished\":\"2024-07-19T09:32:46+00:00\",\"dateModified\":\"2024-11-28T19:19:05+00:00\",\"description\":\"200cc Tao Shark quad jobb oldali l\u00e1btart\u00f3. k\u00ednai quad alkatr\u00e9szek egyenesen az import\u0151rt\u0151l, azonnali sz\u00e1ll\u00edt\u00e1s kedvez\u0151 \u00e1rak!\",\"breadcrumb\":{\"@id\":\"https:\\\/\\\/quadalkatreszek.com\\\/product\\\/200cc-tao-shark-quad-jobb-oldali-labtarto\\\/#breadcrumb\"},\"inLanguage\":\"en-US\",\"potentialAction\":[{\"@type\":\"ReadAction\",\"target\":[\"https:\\\/\\\/quadalkatreszek.com\\\/product\\\/200cc-tao-shark-quad-jobb-oldali-labtarto\\\/\"]}]},{\"@type\":\"ImageObject\",\"inLanguage\":\"en-US\",\"@id\":\"https:\\\/\\\/quadalkatreszek.com\\\/product\\\/200cc-tao-shark-quad-jobb-oldali-labtarto\\\/#primaryimage\",\"url\":\"https:\\\/\\\/quadalkatreszek.com\\\/wp-content\\\/uploads\\\/2024\\\/07\\\/5821-Tao-shark-quad-jobb-oldali-labvedo.jpg\",\"contentUrl\":\"https:\\\/\\\/quadalkatreszek.com\\\/wp-content\\\/uploads\\\/2024\\\/07\\\/5821-Tao-shark-quad-jobb-oldali-labvedo.jpg\",\"width\":1020,\"height\":765,\"caption\":\"Tao shark quad jobb oldali labvedo\"},{\"@type\":\"BreadcrumbList\",\"@id\":\"https:\\\/\\\/quadalkatreszek.com\\\/product\\\/200cc-tao-shark-quad-jobb-oldali-labtarto\\\/#breadcrumb\",\"itemListElement\":[{\"@type\":\"ListItem\",\"position\":1,\"name\":\"Kezd\u0151lap\",\"item\":\"https:\\\/\\\/quadalkatreszek.com\\\/\"},{\"@type\":\"ListItem\",\"position\":2,\"name\":\"Shop\",\"item\":\"https:\\\/\\\/quadalkatreszek.com\\\/shop\\\/\"},{\"@type\":\"ListItem\",\"position\":3,\"name\":\"200cc Tao Shark quad jobb oldali l\u00e1btart\u00f3\"}]},{\"@type\":\"WebSite\",\"@id\":\"https:\\\/\\\/quadalkatreszek.com\\\/#website\",\"url\":\"https:\\\/\\\/quadalkatreszek.com\\\/\",\"name\":\"quadalkatreszek.com\",\"description\":\"alkatr\u00e9szek - azonnal - rakt\u00e1rr\u00f3l\",\"publisher\":{\"@id\":\"https:\\\/\\\/quadalkatreszek.com\\\/#organization\"},\"potentialAction\":[{\"@type\":\"SearchAction\",\"target\":{\"@type\":\"EntryPoint\",\"urlTemplate\":\"https:\\\/\\\/quadalkatreszek.com\\\/?s={search_term_string}\"},\"query-input\":{\"@type\":\"PropertyValueSpecification\",\"valueRequired\":true,\"valueName\":\"search_term_string\"}}],\"inLanguage\":\"en-US\"},{\"@type\":\"Organization\",\"@id\":\"https:\\\/\\\/quadalkatreszek.com\\\/#organization\",\"name\":\"quadalkatreszek.com\",\"url\":\"https:\\\/\\\/quadalkatreszek.com\\\/\",\"logo\":{\"@type\":\"ImageObject\",\"inLanguage\":\"en-US\",\"@id\":\"https:\\\/\\\/quadalkatreszek.com\\\/#\\\/schema\\\/logo\\\/image\\\/\",\"url\":\"https:\\\/\\\/quadalkatreszek.com\\\/wp-content\\\/uploads\\\/2023\\\/01\\\/korlogo-2.png\",\"contentUrl\":\"https:\\\/\\\/quadalkatreszek.com\\\/wp-content\\\/uploads\\\/2023\\\/01\\\/korlogo-2.png\",\"width\":866,\"height\":866,\"caption\":\"quadalkatreszek.com\"},\"image\":{\"@id\":\"https:\\\/\\\/quadalkatreszek.com\\\/#\\\/schema\\\/logo\\\/image\\\/\"}}]}<\/script>\n<!-- \/ Yoast SEO plugin. -->","yoast_head_json":{"title":"200cc Tao Shark quad jobb oldali l\u00e1btart\u00f3 - quadalkatreszek.com","description":"200cc Tao Shark quad jobb oldali l\u00e1btart\u00f3. k\u00ednai quad alkatr\u00e9szek egyenesen az import\u0151rt\u0151l, azonnali sz\u00e1ll\u00edt\u00e1s kedvez\u0151 \u00e1rak!","robots":{"index":"index","follow":"follow","max-snippet":"max-snippet:-1","max-image-preview":"max-image-preview:large","max-video-preview":"max-video-preview:-1"},"canonical":"https:\/\/quadalkatreszek.com\/en\/product\/200cc-tao-shark-quad-jobb-oldali-labtarto\/","og_locale":"en_US","og_type":"article","og_title":"200cc Tao Shark quad jobb oldali l\u00e1btart\u00f3 - quadalkatreszek.com","og_description":"200cc Tao Shark quad jobb oldali l\u00e1btart\u00f3. k\u00ednai quad alkatr\u00e9szek egyenesen az import\u0151rt\u0151l, azonnali sz\u00e1ll\u00edt\u00e1s kedvez\u0151 \u00e1rak!","og_url":"https:\/\/quadalkatreszek.com\/en\/product\/200cc-tao-shark-quad-jobb-oldali-labtarto\/","og_site_name":"quadalkatreszek.com","article_modified_time":"2024-11-28T19:19:05+00:00","og_image":[{"width":1020,"height":765,"url":"https:\/\/quadalkatreszek.com\/wp-content\/uploads\/2024\/07\/5821-Tao-shark-quad-jobb-oldali-labvedo.jpg","type":"image\/jpeg"}],"twitter_card":"summary_large_image","schema":{"@context":"https:\/\/schema.org","@graph":[{"@type":"WebPage","@id":"https:\/\/quadalkatreszek.com\/product\/200cc-tao-shark-quad-jobb-oldali-labtarto\/","url":"https:\/\/quadalkatreszek.com\/product\/200cc-tao-shark-quad-jobb-oldali-labtarto\/","name":"200cc Tao Shark quad jobb oldali l\u00e1btart\u00f3 - quadalkatreszek.com","isPartOf":{"@id":"https:\/\/quadalkatreszek.com\/#website"},"primaryImageOfPage":{"@id":"https:\/\/quadalkatreszek.com\/product\/200cc-tao-shark-quad-jobb-oldali-labtarto\/#primaryimage"},"image":{"@id":"https:\/\/quadalkatreszek.com\/product\/200cc-tao-shark-quad-jobb-oldali-labtarto\/#primaryimage"},"thumbnailUrl":"https:\/\/quadalkatreszek.com\/wp-content\/uploads\/2024\/07\/5821-Tao-shark-quad-jobb-oldali-labvedo.jpg","datePublished":"2024-07-19T09:32:46+00:00","dateModified":"2024-11-28T19:19:05+00:00","description":"200cc Tao Shark quad jobb oldali l\u00e1btart\u00f3. k\u00ednai quad alkatr\u00e9szek egyenesen az import\u0151rt\u0151l, azonnali sz\u00e1ll\u00edt\u00e1s kedvez\u0151 \u00e1rak!","breadcrumb":{"@id":"https:\/\/quadalkatreszek.com\/product\/200cc-tao-shark-quad-jobb-oldali-labtarto\/#breadcrumb"},"inLanguage":"en-US","potentialAction":[{"@type":"ReadAction","target":["https:\/\/quadalkatreszek.com\/product\/200cc-tao-shark-quad-jobb-oldali-labtarto\/"]}]},{"@type":"ImageObject","inLanguage":"en-US","@id":"https:\/\/quadalkatreszek.com\/product\/200cc-tao-shark-quad-jobb-oldali-labtarto\/#primaryimage","url":"https:\/\/quadalkatreszek.com\/wp-content\/uploads\/2024\/07\/5821-Tao-shark-quad-jobb-oldali-labvedo.jpg","contentUrl":"https:\/\/quadalkatreszek.com\/wp-content\/uploads\/2024\/07\/5821-Tao-shark-quad-jobb-oldali-labvedo.jpg","width":1020,"height":765,"caption":"Tao shark quad jobb oldali labvedo"},{"@type":"BreadcrumbList","@id":"https:\/\/quadalkatreszek.com\/product\/200cc-tao-shark-quad-jobb-oldali-labtarto\/#breadcrumb","itemListElement":[{"@type":"ListItem","position":1,"name":"Kezd\u0151lap","item":"https:\/\/quadalkatreszek.com\/"},{"@type":"ListItem","position":2,"name":"Shop","item":"https:\/\/quadalkatreszek.com\/shop\/"},{"@type":"ListItem","position":3,"name":"200cc Tao Shark quad jobb oldali l\u00e1btart\u00f3"}]},{"@type":"WebSite","@id":"https:\/\/quadalkatreszek.com\/#website","url":"https:\/\/quadalkatreszek.com\/","name":"quadalkatreszek.com","description":"alkatr\u00e9szek - azonnal - rakt\u00e1rr\u00f3l","publisher":{"@id":"https:\/\/quadalkatreszek.com\/#organization"},"potentialAction":[{"@type":"SearchAction","target":{"@type":"EntryPoint","urlTemplate":"https:\/\/quadalkatreszek.com\/?s={search_term_string}"},"query-input":{"@type":"PropertyValueSpecification","valueRequired":true,"valueName":"search_term_string"}}],"inLanguage":"en-US"},{"@type":"Organization","@id":"https:\/\/quadalkatreszek.com\/#organization","name":"quadalkatreszek.com","url":"https:\/\/quadalkatreszek.com\/","logo":{"@type":"ImageObject","inLanguage":"en-US","@id":"https:\/\/quadalkatreszek.com\/#\/schema\/logo\/image\/","url":"https:\/\/quadalkatreszek.com\/wp-content\/uploads\/2023\/01\/korlogo-2.png","contentUrl":"https:\/\/quadalkatreszek.com\/wp-content\/uploads\/2023\/01\/korlogo-2.png","width":866,"height":866,"caption":"quadalkatreszek.com"},"image":{"@id":"https:\/\/quadalkatreszek.com\/#\/schema\/logo\/image\/"}}]}},"_links":{"self":[{"href":"https:\/\/quadalkatreszek.com\/en\/wp-json\/wp\/v2\/product\/42709","targetHints":{"allow":["GET"]}}],"collection":[{"href":"https:\/\/quadalkatreszek.com\/en\/wp-json\/wp\/v2\/product"}],"about":[{"href":"https:\/\/quadalkatreszek.com\/en\/wp-json\/wp\/v2\/types\/product"}],"replies":[{"embeddable":true,"href":"https:\/\/quadalkatreszek.com\/en\/wp-json\/wp\/v2\/comments?post=42709"}],"wp:featuredmedia":[{"embeddable":true,"href":"https:\/\/quadalkatreszek.com\/en\/wp-json\/wp\/v2\/media\/43172"}],"wp:attachment":[{"href":"https:\/\/quadalkatreszek.com\/en\/wp-json\/wp\/v2\/media?parent=42709"}],"wp:term":[{"taxonomy":"product_brand","embeddable":true,"href":"https:\/\/quadalkatreszek.com\/en\/wp-json\/wp\/v2\/product_brand?post=42709"},{"taxonomy":"product_cat","embeddable":true,"href":"https:\/\/quadalkatreszek.com\/en\/wp-json\/wp\/v2\/product_cat?post=42709"},{"taxonomy":"product_tag","embeddable":true,"href":"https:\/\/quadalkatreszek.com\/en\/wp-json\/wp\/v2\/product_tag?post=42709"}],"curies":[{"name":"wp","href":"https:\/\/api.w.org\/{rel}","templated":true}]}}