{"id":43365,"date":"2024-08-27T08:58:27","date_gmt":"2024-08-27T07:58:27","guid":{"rendered":"https:\/\/quadalkatreszek.com\/?post_type=product&#038;p=43365"},"modified":"2026-01-05T11:35:34","modified_gmt":"2026-01-05T10:35:34","slug":"250cc-dirt-bike-5-sebesseges-motorblokk","status":"publish","type":"product","link":"https:\/\/quadalkatreszek.com\/en\/product\/250cc-dirt-bike-5-sebesseges-motorblokk\/","title":{"rendered":"250cc dirt bike 5 sebess\u00e9ges motorblokk"},"content":{"rendered":"<p>250cc dirt bike 5 sebess\u00e9ges l\u00e9gh\u0171t\u00e9ses motorblokk.<br \/>\nSz\u00e1mos t\u00edpusba be\u00e9p\u00edthet\u0151, Hr250cc, Defender250cc, highper barton \u00e9s egy\u00e9b m\u00e1rk\u00e1kba is KOMPATIBILIS motorblokk!<\/p>","protected":false},"excerpt":{"rendered":"<p>250cc dirt bike 5 sebess\u00e9ges l\u00e9gh\u0171t\u00e9ses motorblokk.<br \/>\nSz\u00e1mos t\u00edpusba be\u00e9p\u00edthet\u0151, Hr250cc, Defender250cc, highper barton \u00e9s egy\u00e9b m\u00e1rk\u00e1kba is KOMPATIBILIS motorblokk!<\/p>","protected":false},"featured_media":43375,"comment_status":"open","ping_status":"closed","template":"","meta":[],"product_brand":[],"product_cat":[132],"product_tag":[],"class_list":{"0":"post-43365","1":"product","2":"type-product","3":"status-publish","4":"has-post-thumbnail","6":"product_cat-komplett-motorblokk","8":"first","9":"instock","10":"shipping-taxable","11":"purchasable","12":"product-type-simple"},"yoast_head":"<!-- This site is optimized with the Yoast SEO plugin v27.4 - https:\/\/yoast.com\/product\/yoast-seo-wordpress\/ -->\n<title>250cc dirt bike 5 sebess\u00e9ges motorblokk - quadalkatreszek.com<\/title>\n<meta name=\"description\" content=\"250cc dirt bike 5 sebess\u00e9ges l\u00e9gh\u0171t\u00e9ses motorblokk.250cc dirt bike 5 sebess\u00e9ges l\u00e9gh\u0171t\u00e9ses motorblokk.Sz\u00e1mos t\u00edpusba be\u00e9p\u00edthet\u0151, Hr250cc, Defender250cc, highper barton \u00e9s egy\u00e9b m\u00e1rk\u00e1kba is KOMPATIBILIS motorblokk!\" \/>\n<meta name=\"robots\" content=\"index, follow, max-snippet:-1, max-image-preview:large, max-video-preview:-1\" \/>\n<link rel=\"canonical\" href=\"https:\/\/quadalkatreszek.com\/en\/product\/250cc-dirt-bike-5-sebesseges-motorblokk\/\" \/>\n<meta property=\"og:locale\" content=\"en_US\" \/>\n<meta property=\"og:type\" content=\"article\" \/>\n<meta property=\"og:title\" content=\"250cc dirt bike 5 sebess\u00e9ges motorblokk - quadalkatreszek.com\" \/>\n<meta property=\"og:description\" content=\"250cc dirt bike 5 sebess\u00e9ges l\u00e9gh\u0171t\u00e9ses motorblokk.250cc dirt bike 5 sebess\u00e9ges l\u00e9gh\u0171t\u00e9ses motorblokk.Sz\u00e1mos t\u00edpusba be\u00e9p\u00edthet\u0151, Hr250cc, Defender250cc, highper barton \u00e9s egy\u00e9b m\u00e1rk\u00e1kba is KOMPATIBILIS motorblokk!\" \/>\n<meta property=\"og:url\" content=\"https:\/\/quadalkatreszek.com\/en\/product\/250cc-dirt-bike-5-sebesseges-motorblokk\/\" \/>\n<meta property=\"og:site_name\" content=\"quadalkatreszek.com\" \/>\n<meta property=\"article:modified_time\" content=\"2026-01-05T10:35:34+00:00\" \/>\n<meta property=\"og:image\" content=\"https:\/\/quadalkatreszek.com\/wp-content\/uploads\/2024\/08\/5840.jpg\" \/>\n\t<meta property=\"og:image:width\" content=\"1020\" \/>\n\t<meta property=\"og:image:height\" content=\"734\" \/>\n\t<meta property=\"og:image:type\" content=\"image\/jpeg\" \/>\n<meta name=\"twitter:card\" content=\"summary_large_image\" \/>\n<script type=\"application\/ld+json\" class=\"yoast-schema-graph\">{\"@context\":\"https:\\\/\\\/schema.org\",\"@graph\":[{\"@type\":\"WebPage\",\"@id\":\"https:\\\/\\\/quadalkatreszek.com\\\/product\\\/250cc-dirt-bike-5-sebesseges-motorblokk\\\/\",\"url\":\"https:\\\/\\\/quadalkatreszek.com\\\/product\\\/250cc-dirt-bike-5-sebesseges-motorblokk\\\/\",\"name\":\"250cc dirt bike 5 sebess\u00e9ges motorblokk - quadalkatreszek.com\",\"isPartOf\":{\"@id\":\"https:\\\/\\\/quadalkatreszek.com\\\/#website\"},\"primaryImageOfPage\":{\"@id\":\"https:\\\/\\\/quadalkatreszek.com\\\/product\\\/250cc-dirt-bike-5-sebesseges-motorblokk\\\/#primaryimage\"},\"image\":{\"@id\":\"https:\\\/\\\/quadalkatreszek.com\\\/product\\\/250cc-dirt-bike-5-sebesseges-motorblokk\\\/#primaryimage\"},\"thumbnailUrl\":\"https:\\\/\\\/quadalkatreszek.com\\\/wp-content\\\/uploads\\\/2024\\\/08\\\/5840.jpg\",\"datePublished\":\"2024-08-27T07:58:27+00:00\",\"dateModified\":\"2026-01-05T10:35:34+00:00\",\"description\":\"250cc dirt bike 5 sebess\u00e9ges l\u00e9gh\u0171t\u00e9ses motorblokk.250cc dirt bike 5 sebess\u00e9ges l\u00e9gh\u0171t\u00e9ses motorblokk.Sz\u00e1mos t\u00edpusba be\u00e9p\u00edthet\u0151, Hr250cc, Defender250cc, highper barton \u00e9s egy\u00e9b m\u00e1rk\u00e1kba is KOMPATIBILIS motorblokk!\",\"breadcrumb\":{\"@id\":\"https:\\\/\\\/quadalkatreszek.com\\\/product\\\/250cc-dirt-bike-5-sebesseges-motorblokk\\\/#breadcrumb\"},\"inLanguage\":\"en-US\",\"potentialAction\":[{\"@type\":\"ReadAction\",\"target\":[\"https:\\\/\\\/quadalkatreszek.com\\\/product\\\/250cc-dirt-bike-5-sebesseges-motorblokk\\\/\"]}]},{\"@type\":\"ImageObject\",\"inLanguage\":\"en-US\",\"@id\":\"https:\\\/\\\/quadalkatreszek.com\\\/product\\\/250cc-dirt-bike-5-sebesseges-motorblokk\\\/#primaryimage\",\"url\":\"https:\\\/\\\/quadalkatreszek.com\\\/wp-content\\\/uploads\\\/2024\\\/08\\\/5840.jpg\",\"contentUrl\":\"https:\\\/\\\/quadalkatreszek.com\\\/wp-content\\\/uploads\\\/2024\\\/08\\\/5840.jpg\",\"width\":1020,\"height\":734,\"caption\":\"250cc dirt bike pitbike komplett motorblokk\"},{\"@type\":\"BreadcrumbList\",\"@id\":\"https:\\\/\\\/quadalkatreszek.com\\\/product\\\/250cc-dirt-bike-5-sebesseges-motorblokk\\\/#breadcrumb\",\"itemListElement\":[{\"@type\":\"ListItem\",\"position\":1,\"name\":\"Kezd\u0151lap\",\"item\":\"https:\\\/\\\/quadalkatreszek.com\\\/\"},{\"@type\":\"ListItem\",\"position\":2,\"name\":\"Shop\",\"item\":\"https:\\\/\\\/quadalkatreszek.com\\\/shop\\\/\"},{\"@type\":\"ListItem\",\"position\":3,\"name\":\"250cc dirt bike 5 sebess\u00e9ges motorblokk\"}]},{\"@type\":\"WebSite\",\"@id\":\"https:\\\/\\\/quadalkatreszek.com\\\/#website\",\"url\":\"https:\\\/\\\/quadalkatreszek.com\\\/\",\"name\":\"quadalkatreszek.com\",\"description\":\"alkatr\u00e9szek - azonnal - rakt\u00e1rr\u00f3l\",\"publisher\":{\"@id\":\"https:\\\/\\\/quadalkatreszek.com\\\/#organization\"},\"potentialAction\":[{\"@type\":\"SearchAction\",\"target\":{\"@type\":\"EntryPoint\",\"urlTemplate\":\"https:\\\/\\\/quadalkatreszek.com\\\/?s={search_term_string}\"},\"query-input\":{\"@type\":\"PropertyValueSpecification\",\"valueRequired\":true,\"valueName\":\"search_term_string\"}}],\"inLanguage\":\"en-US\"},{\"@type\":\"Organization\",\"@id\":\"https:\\\/\\\/quadalkatreszek.com\\\/#organization\",\"name\":\"quadalkatreszek.com\",\"url\":\"https:\\\/\\\/quadalkatreszek.com\\\/\",\"logo\":{\"@type\":\"ImageObject\",\"inLanguage\":\"en-US\",\"@id\":\"https:\\\/\\\/quadalkatreszek.com\\\/#\\\/schema\\\/logo\\\/image\\\/\",\"url\":\"https:\\\/\\\/quadalkatreszek.com\\\/wp-content\\\/uploads\\\/2023\\\/01\\\/korlogo-2.png\",\"contentUrl\":\"https:\\\/\\\/quadalkatreszek.com\\\/wp-content\\\/uploads\\\/2023\\\/01\\\/korlogo-2.png\",\"width\":866,\"height\":866,\"caption\":\"quadalkatreszek.com\"},\"image\":{\"@id\":\"https:\\\/\\\/quadalkatreszek.com\\\/#\\\/schema\\\/logo\\\/image\\\/\"}}]}<\/script>\n<!-- \/ Yoast SEO plugin. -->","yoast_head_json":{"title":"250cc dirt bike 5 sebess\u00e9ges motorblokk - quadalkatreszek.com","description":"250cc dirt bike 5 sebess\u00e9ges l\u00e9gh\u0171t\u00e9ses motorblokk.250cc dirt bike 5 sebess\u00e9ges l\u00e9gh\u0171t\u00e9ses motorblokk.Sz\u00e1mos t\u00edpusba be\u00e9p\u00edthet\u0151, Hr250cc, Defender250cc, highper barton \u00e9s egy\u00e9b m\u00e1rk\u00e1kba is KOMPATIBILIS motorblokk!","robots":{"index":"index","follow":"follow","max-snippet":"max-snippet:-1","max-image-preview":"max-image-preview:large","max-video-preview":"max-video-preview:-1"},"canonical":"https:\/\/quadalkatreszek.com\/en\/product\/250cc-dirt-bike-5-sebesseges-motorblokk\/","og_locale":"en_US","og_type":"article","og_title":"250cc dirt bike 5 sebess\u00e9ges motorblokk - quadalkatreszek.com","og_description":"250cc dirt bike 5 sebess\u00e9ges l\u00e9gh\u0171t\u00e9ses motorblokk.250cc dirt bike 5 sebess\u00e9ges l\u00e9gh\u0171t\u00e9ses motorblokk.Sz\u00e1mos t\u00edpusba be\u00e9p\u00edthet\u0151, Hr250cc, Defender250cc, highper barton \u00e9s egy\u00e9b m\u00e1rk\u00e1kba is KOMPATIBILIS motorblokk!","og_url":"https:\/\/quadalkatreszek.com\/en\/product\/250cc-dirt-bike-5-sebesseges-motorblokk\/","og_site_name":"quadalkatreszek.com","article_modified_time":"2026-01-05T10:35:34+00:00","og_image":[{"width":1020,"height":734,"url":"https:\/\/quadalkatreszek.com\/wp-content\/uploads\/2024\/08\/5840.jpg","type":"image\/jpeg"}],"twitter_card":"summary_large_image","schema":{"@context":"https:\/\/schema.org","@graph":[{"@type":"WebPage","@id":"https:\/\/quadalkatreszek.com\/product\/250cc-dirt-bike-5-sebesseges-motorblokk\/","url":"https:\/\/quadalkatreszek.com\/product\/250cc-dirt-bike-5-sebesseges-motorblokk\/","name":"250cc dirt bike 5 sebess\u00e9ges motorblokk - quadalkatreszek.com","isPartOf":{"@id":"https:\/\/quadalkatreszek.com\/#website"},"primaryImageOfPage":{"@id":"https:\/\/quadalkatreszek.com\/product\/250cc-dirt-bike-5-sebesseges-motorblokk\/#primaryimage"},"image":{"@id":"https:\/\/quadalkatreszek.com\/product\/250cc-dirt-bike-5-sebesseges-motorblokk\/#primaryimage"},"thumbnailUrl":"https:\/\/quadalkatreszek.com\/wp-content\/uploads\/2024\/08\/5840.jpg","datePublished":"2024-08-27T07:58:27+00:00","dateModified":"2026-01-05T10:35:34+00:00","description":"250cc dirt bike 5 sebess\u00e9ges l\u00e9gh\u0171t\u00e9ses motorblokk.250cc dirt bike 5 sebess\u00e9ges l\u00e9gh\u0171t\u00e9ses motorblokk.Sz\u00e1mos t\u00edpusba be\u00e9p\u00edthet\u0151, Hr250cc, Defender250cc, highper barton \u00e9s egy\u00e9b m\u00e1rk\u00e1kba is KOMPATIBILIS motorblokk!","breadcrumb":{"@id":"https:\/\/quadalkatreszek.com\/product\/250cc-dirt-bike-5-sebesseges-motorblokk\/#breadcrumb"},"inLanguage":"en-US","potentialAction":[{"@type":"ReadAction","target":["https:\/\/quadalkatreszek.com\/product\/250cc-dirt-bike-5-sebesseges-motorblokk\/"]}]},{"@type":"ImageObject","inLanguage":"en-US","@id":"https:\/\/quadalkatreszek.com\/product\/250cc-dirt-bike-5-sebesseges-motorblokk\/#primaryimage","url":"https:\/\/quadalkatreszek.com\/wp-content\/uploads\/2024\/08\/5840.jpg","contentUrl":"https:\/\/quadalkatreszek.com\/wp-content\/uploads\/2024\/08\/5840.jpg","width":1020,"height":734,"caption":"250cc dirt bike pitbike komplett motorblokk"},{"@type":"BreadcrumbList","@id":"https:\/\/quadalkatreszek.com\/product\/250cc-dirt-bike-5-sebesseges-motorblokk\/#breadcrumb","itemListElement":[{"@type":"ListItem","position":1,"name":"Kezd\u0151lap","item":"https:\/\/quadalkatreszek.com\/"},{"@type":"ListItem","position":2,"name":"Shop","item":"https:\/\/quadalkatreszek.com\/shop\/"},{"@type":"ListItem","position":3,"name":"250cc dirt bike 5 sebess\u00e9ges motorblokk"}]},{"@type":"WebSite","@id":"https:\/\/quadalkatreszek.com\/#website","url":"https:\/\/quadalkatreszek.com\/","name":"quadalkatreszek.com","description":"alkatr\u00e9szek - azonnal - rakt\u00e1rr\u00f3l","publisher":{"@id":"https:\/\/quadalkatreszek.com\/#organization"},"potentialAction":[{"@type":"SearchAction","target":{"@type":"EntryPoint","urlTemplate":"https:\/\/quadalkatreszek.com\/?s={search_term_string}"},"query-input":{"@type":"PropertyValueSpecification","valueRequired":true,"valueName":"search_term_string"}}],"inLanguage":"en-US"},{"@type":"Organization","@id":"https:\/\/quadalkatreszek.com\/#organization","name":"quadalkatreszek.com","url":"https:\/\/quadalkatreszek.com\/","logo":{"@type":"ImageObject","inLanguage":"en-US","@id":"https:\/\/quadalkatreszek.com\/#\/schema\/logo\/image\/","url":"https:\/\/quadalkatreszek.com\/wp-content\/uploads\/2023\/01\/korlogo-2.png","contentUrl":"https:\/\/quadalkatreszek.com\/wp-content\/uploads\/2023\/01\/korlogo-2.png","width":866,"height":866,"caption":"quadalkatreszek.com"},"image":{"@id":"https:\/\/quadalkatreszek.com\/#\/schema\/logo\/image\/"}}]}},"_links":{"self":[{"href":"https:\/\/quadalkatreszek.com\/en\/wp-json\/wp\/v2\/product\/43365","targetHints":{"allow":["GET"]}}],"collection":[{"href":"https:\/\/quadalkatreszek.com\/en\/wp-json\/wp\/v2\/product"}],"about":[{"href":"https:\/\/quadalkatreszek.com\/en\/wp-json\/wp\/v2\/types\/product"}],"replies":[{"embeddable":true,"href":"https:\/\/quadalkatreszek.com\/en\/wp-json\/wp\/v2\/comments?post=43365"}],"wp:featuredmedia":[{"embeddable":true,"href":"https:\/\/quadalkatreszek.com\/en\/wp-json\/wp\/v2\/media\/43375"}],"wp:attachment":[{"href":"https:\/\/quadalkatreszek.com\/en\/wp-json\/wp\/v2\/media?parent=43365"}],"wp:term":[{"taxonomy":"product_brand","embeddable":true,"href":"https:\/\/quadalkatreszek.com\/en\/wp-json\/wp\/v2\/product_brand?post=43365"},{"taxonomy":"product_cat","embeddable":true,"href":"https:\/\/quadalkatreszek.com\/en\/wp-json\/wp\/v2\/product_cat?post=43365"},{"taxonomy":"product_tag","embeddable":true,"href":"https:\/\/quadalkatreszek.com\/en\/wp-json\/wp\/v2\/product_tag?post=43365"}],"curies":[{"name":"wp","href":"https:\/\/api.w.org\/{rel}","templated":true}]}}