{"id":43581,"date":"2024-09-09T13:30:52","date_gmt":"2024-09-09T12:30:52","guid":{"rendered":"https:\/\/quadalkatreszek.com\/?post_type=product&#038;p=43581"},"modified":"2025-03-17T14:01:51","modified_gmt":"2025-03-17T13:01:51","slug":"pentora-150cc-felnott-quad","status":"publish","type":"product","link":"https:\/\/quadalkatreszek.com\/en\/product\/pentora-150cc-felnott-quad\/","title":{"rendered":"Pentora 150cc feln\u0151tt quad feh\u00e9r \/ fekete"},"content":{"rendered":"<p>Pentora 150cc feln\u0151tt quad automata v\u00e1lt\u00f3val , kezel\u00e9se n\u00e9h\u00e1ny perc alatt elsaj\u00e1t\u00edthat\u00f3.<\/p>\n<p>-nagy 10 colos kerekek<\/p>\n<p>-ledes l\u00e1mpa<\/p>\n<p>-automata v\u00e1lt\u00f3<\/p>\n<p>K\u00f6nnytett korm\u00e1nyz\u00e1s, stb..<br \/>\nMotort\u00edpus 157QMJ-B2 egyhengeres, n\u00e9gy\u00fctem\u0171<br \/>\nH\u0171t\u0151 leveg\u0151<br \/>\nFurat \u00e9s l\u00f6ket 57,4&#215;57,8 mm<br \/>\nHenger \u0171rtartalma 149,6 ml<br \/>\nT\u00f6m\u00f6r\u00edt\u00e9si ar\u00e1ny 9,5:1<br \/>\nAutomata karbur\u00e1tor<br \/>\nMaxim\u00e1lis teljes\u00edtm\u00e9ny 12LE<br \/>\nMax nyomat\u00e9k 10,1N.m\/6000rpm<br \/>\nEr\u0151\u00e1tviteli l\u00e1nc hajt\u00e1s<\/p>\n<p>&#8211; &#8211; &#8211;<br \/>\n<!--kkod_start--><\/p>\n<div class=\"kkod-visible\">kkod:93<\/div>\n<p><!--kkod_end--><\/p>","protected":false},"excerpt":{"rendered":"<p>Pentora 150cc feln\u0151tt quad<\/p>\n<p>-nagy 10 colos kerekek<\/p>\n<p>-ledes l\u00e1mpa<\/p>\n<p>-automata v\u00e1lt\u00f3<\/p>\n<p>K\u00f6nnytett korm\u00e1nyz\u00e1s, stb..<\/p>","protected":false},"featured_media":43585,"comment_status":"open","ping_status":"closed","template":"","meta":[],"product_brand":[],"product_cat":[92],"product_tag":[],"class_list":{"0":"post-43581","1":"product","2":"type-product","3":"status-publish","4":"has-post-thumbnail","6":"product_cat-felnott-quadok","7":"product_shipping_class-tulmeret-1","9":"first","10":"instock","11":"shipping-taxable","12":"purchasable","13":"product-type-simple"},"yoast_head":"<!-- This site is optimized with the Yoast SEO plugin v27.5 - https:\/\/yoast.com\/product\/yoast-seo-wordpress\/ -->\n<title>Pentora 150cc feln\u0151tt quad feh\u00e9r \/ fekete - quadalkatreszek.com<\/title>\n<meta name=\"description\" content=\"Pentora 150cc feln\u0151tt quad-nagy 10 colos kerekek-ledes l\u00e1mpa-automata v\u00e1lt\u00f3 K\u00f6nnytett korm\u00e1nyz\u00e1s kit\u0171n\u0151 \u00e1r-\u00e9rt\u00e9k ar\u00e1ny, teljes alkatr\u00e9sz ell\u00e1t\u00e1s\" \/>\n<meta name=\"robots\" content=\"index, follow, max-snippet:-1, max-image-preview:large, max-video-preview:-1\" \/>\n<link rel=\"canonical\" href=\"https:\/\/quadalkatreszek.com\/en\/product\/pentora-150cc-felnott-quad\/\" \/>\n<meta property=\"og:locale\" content=\"en_US\" \/>\n<meta property=\"og:type\" content=\"article\" \/>\n<meta property=\"og:title\" content=\"Pentora 150cc feln\u0151tt quad feh\u00e9r \/ fekete - quadalkatreszek.com\" \/>\n<meta property=\"og:description\" content=\"Pentora 150cc feln\u0151tt quad-nagy 10 colos kerekek-ledes l\u00e1mpa-automata v\u00e1lt\u00f3 K\u00f6nnytett korm\u00e1nyz\u00e1s kit\u0171n\u0151 \u00e1r-\u00e9rt\u00e9k ar\u00e1ny, teljes alkatr\u00e9sz ell\u00e1t\u00e1s\" \/>\n<meta property=\"og:url\" content=\"https:\/\/quadalkatreszek.com\/en\/product\/pentora-150cc-felnott-quad\/\" \/>\n<meta property=\"og:site_name\" content=\"quadalkatreszek.com\" \/>\n<meta property=\"article:modified_time\" content=\"2025-03-17T13:01:51+00:00\" \/>\n<meta property=\"og:image\" content=\"https:\/\/quadalkatreszek.com\/wp-content\/uploads\/2024\/09\/150cc-pentora-quad-feher-1.jpg\" \/>\n\t<meta property=\"og:image:width\" content=\"1020\" \/>\n\t<meta property=\"og:image:height\" content=\"765\" \/>\n\t<meta property=\"og:image:type\" content=\"image\/jpeg\" \/>\n<meta name=\"twitter:card\" content=\"summary_large_image\" \/>\n<script type=\"application\/ld+json\" class=\"yoast-schema-graph\">{\"@context\":\"https:\\\/\\\/schema.org\",\"@graph\":[{\"@type\":\"WebPage\",\"@id\":\"https:\\\/\\\/quadalkatreszek.com\\\/product\\\/pentora-150cc-felnott-quad\\\/\",\"url\":\"https:\\\/\\\/quadalkatreszek.com\\\/product\\\/pentora-150cc-felnott-quad\\\/\",\"name\":\"Pentora 150cc feln\u0151tt quad feh\u00e9r \\\/ fekete - quadalkatreszek.com\",\"isPartOf\":{\"@id\":\"https:\\\/\\\/quadalkatreszek.com\\\/#website\"},\"primaryImageOfPage\":{\"@id\":\"https:\\\/\\\/quadalkatreszek.com\\\/product\\\/pentora-150cc-felnott-quad\\\/#primaryimage\"},\"image\":{\"@id\":\"https:\\\/\\\/quadalkatreszek.com\\\/product\\\/pentora-150cc-felnott-quad\\\/#primaryimage\"},\"thumbnailUrl\":\"https:\\\/\\\/quadalkatreszek.com\\\/wp-content\\\/uploads\\\/2024\\\/09\\\/150cc-pentora-quad-feher-1.jpg\",\"datePublished\":\"2024-09-09T12:30:52+00:00\",\"dateModified\":\"2025-03-17T13:01:51+00:00\",\"description\":\"Pentora 150cc feln\u0151tt quad-nagy 10 colos kerekek-ledes l\u00e1mpa-automata v\u00e1lt\u00f3 K\u00f6nnytett korm\u00e1nyz\u00e1s kit\u0171n\u0151 \u00e1r-\u00e9rt\u00e9k ar\u00e1ny, teljes alkatr\u00e9sz ell\u00e1t\u00e1s\",\"breadcrumb\":{\"@id\":\"https:\\\/\\\/quadalkatreszek.com\\\/product\\\/pentora-150cc-felnott-quad\\\/#breadcrumb\"},\"inLanguage\":\"en-US\",\"potentialAction\":[{\"@type\":\"ReadAction\",\"target\":[\"https:\\\/\\\/quadalkatreszek.com\\\/product\\\/pentora-150cc-felnott-quad\\\/\"]}]},{\"@type\":\"ImageObject\",\"inLanguage\":\"en-US\",\"@id\":\"https:\\\/\\\/quadalkatreszek.com\\\/product\\\/pentora-150cc-felnott-quad\\\/#primaryimage\",\"url\":\"https:\\\/\\\/quadalkatreszek.com\\\/wp-content\\\/uploads\\\/2024\\\/09\\\/150cc-pentora-quad-feher-1.jpg\",\"contentUrl\":\"https:\\\/\\\/quadalkatreszek.com\\\/wp-content\\\/uploads\\\/2024\\\/09\\\/150cc-pentora-quad-feher-1.jpg\",\"width\":1020,\"height\":765,\"caption\":\"150cc pentora quad feher 1\"},{\"@type\":\"BreadcrumbList\",\"@id\":\"https:\\\/\\\/quadalkatreszek.com\\\/product\\\/pentora-150cc-felnott-quad\\\/#breadcrumb\",\"itemListElement\":[{\"@type\":\"ListItem\",\"position\":1,\"name\":\"Kezd\u0151lap\",\"item\":\"https:\\\/\\\/quadalkatreszek.com\\\/\"},{\"@type\":\"ListItem\",\"position\":2,\"name\":\"Shop\",\"item\":\"https:\\\/\\\/quadalkatreszek.com\\\/shop\\\/\"},{\"@type\":\"ListItem\",\"position\":3,\"name\":\"Pentora 150cc feln\u0151tt quad feh\u00e9r \\\/ fekete\"}]},{\"@type\":\"WebSite\",\"@id\":\"https:\\\/\\\/quadalkatreszek.com\\\/#website\",\"url\":\"https:\\\/\\\/quadalkatreszek.com\\\/\",\"name\":\"quadalkatreszek.com\",\"description\":\"alkatr\u00e9szek - azonnal - rakt\u00e1rr\u00f3l\",\"publisher\":{\"@id\":\"https:\\\/\\\/quadalkatreszek.com\\\/#organization\"},\"potentialAction\":[{\"@type\":\"SearchAction\",\"target\":{\"@type\":\"EntryPoint\",\"urlTemplate\":\"https:\\\/\\\/quadalkatreszek.com\\\/?s={search_term_string}\"},\"query-input\":{\"@type\":\"PropertyValueSpecification\",\"valueRequired\":true,\"valueName\":\"search_term_string\"}}],\"inLanguage\":\"en-US\"},{\"@type\":\"Organization\",\"@id\":\"https:\\\/\\\/quadalkatreszek.com\\\/#organization\",\"name\":\"quadalkatreszek.com\",\"url\":\"https:\\\/\\\/quadalkatreszek.com\\\/\",\"logo\":{\"@type\":\"ImageObject\",\"inLanguage\":\"en-US\",\"@id\":\"https:\\\/\\\/quadalkatreszek.com\\\/#\\\/schema\\\/logo\\\/image\\\/\",\"url\":\"https:\\\/\\\/quadalkatreszek.com\\\/wp-content\\\/uploads\\\/2023\\\/01\\\/korlogo-2.png\",\"contentUrl\":\"https:\\\/\\\/quadalkatreszek.com\\\/wp-content\\\/uploads\\\/2023\\\/01\\\/korlogo-2.png\",\"width\":866,\"height\":866,\"caption\":\"quadalkatreszek.com\"},\"image\":{\"@id\":\"https:\\\/\\\/quadalkatreszek.com\\\/#\\\/schema\\\/logo\\\/image\\\/\"}}]}<\/script>\n<!-- \/ Yoast SEO plugin. -->","yoast_head_json":{"title":"Pentora 150cc feln\u0151tt quad feh\u00e9r \/ fekete - quadalkatreszek.com","description":"Pentora 150cc feln\u0151tt quad-nagy 10 colos kerekek-ledes l\u00e1mpa-automata v\u00e1lt\u00f3 K\u00f6nnytett korm\u00e1nyz\u00e1s kit\u0171n\u0151 \u00e1r-\u00e9rt\u00e9k ar\u00e1ny, teljes alkatr\u00e9sz ell\u00e1t\u00e1s","robots":{"index":"index","follow":"follow","max-snippet":"max-snippet:-1","max-image-preview":"max-image-preview:large","max-video-preview":"max-video-preview:-1"},"canonical":"https:\/\/quadalkatreszek.com\/en\/product\/pentora-150cc-felnott-quad\/","og_locale":"en_US","og_type":"article","og_title":"Pentora 150cc feln\u0151tt quad feh\u00e9r \/ fekete - quadalkatreszek.com","og_description":"Pentora 150cc feln\u0151tt quad-nagy 10 colos kerekek-ledes l\u00e1mpa-automata v\u00e1lt\u00f3 K\u00f6nnytett korm\u00e1nyz\u00e1s kit\u0171n\u0151 \u00e1r-\u00e9rt\u00e9k ar\u00e1ny, teljes alkatr\u00e9sz ell\u00e1t\u00e1s","og_url":"https:\/\/quadalkatreszek.com\/en\/product\/pentora-150cc-felnott-quad\/","og_site_name":"quadalkatreszek.com","article_modified_time":"2025-03-17T13:01:51+00:00","og_image":[{"width":1020,"height":765,"url":"https:\/\/quadalkatreszek.com\/wp-content\/uploads\/2024\/09\/150cc-pentora-quad-feher-1.jpg","type":"image\/jpeg"}],"twitter_card":"summary_large_image","schema":{"@context":"https:\/\/schema.org","@graph":[{"@type":"WebPage","@id":"https:\/\/quadalkatreszek.com\/product\/pentora-150cc-felnott-quad\/","url":"https:\/\/quadalkatreszek.com\/product\/pentora-150cc-felnott-quad\/","name":"Pentora 150cc feln\u0151tt quad feh\u00e9r \/ fekete - quadalkatreszek.com","isPartOf":{"@id":"https:\/\/quadalkatreszek.com\/#website"},"primaryImageOfPage":{"@id":"https:\/\/quadalkatreszek.com\/product\/pentora-150cc-felnott-quad\/#primaryimage"},"image":{"@id":"https:\/\/quadalkatreszek.com\/product\/pentora-150cc-felnott-quad\/#primaryimage"},"thumbnailUrl":"https:\/\/quadalkatreszek.com\/wp-content\/uploads\/2024\/09\/150cc-pentora-quad-feher-1.jpg","datePublished":"2024-09-09T12:30:52+00:00","dateModified":"2025-03-17T13:01:51+00:00","description":"Pentora 150cc feln\u0151tt quad-nagy 10 colos kerekek-ledes l\u00e1mpa-automata v\u00e1lt\u00f3 K\u00f6nnytett korm\u00e1nyz\u00e1s kit\u0171n\u0151 \u00e1r-\u00e9rt\u00e9k ar\u00e1ny, teljes alkatr\u00e9sz ell\u00e1t\u00e1s","breadcrumb":{"@id":"https:\/\/quadalkatreszek.com\/product\/pentora-150cc-felnott-quad\/#breadcrumb"},"inLanguage":"en-US","potentialAction":[{"@type":"ReadAction","target":["https:\/\/quadalkatreszek.com\/product\/pentora-150cc-felnott-quad\/"]}]},{"@type":"ImageObject","inLanguage":"en-US","@id":"https:\/\/quadalkatreszek.com\/product\/pentora-150cc-felnott-quad\/#primaryimage","url":"https:\/\/quadalkatreszek.com\/wp-content\/uploads\/2024\/09\/150cc-pentora-quad-feher-1.jpg","contentUrl":"https:\/\/quadalkatreszek.com\/wp-content\/uploads\/2024\/09\/150cc-pentora-quad-feher-1.jpg","width":1020,"height":765,"caption":"150cc pentora quad feher 1"},{"@type":"BreadcrumbList","@id":"https:\/\/quadalkatreszek.com\/product\/pentora-150cc-felnott-quad\/#breadcrumb","itemListElement":[{"@type":"ListItem","position":1,"name":"Kezd\u0151lap","item":"https:\/\/quadalkatreszek.com\/"},{"@type":"ListItem","position":2,"name":"Shop","item":"https:\/\/quadalkatreszek.com\/shop\/"},{"@type":"ListItem","position":3,"name":"Pentora 150cc feln\u0151tt quad feh\u00e9r \/ fekete"}]},{"@type":"WebSite","@id":"https:\/\/quadalkatreszek.com\/#website","url":"https:\/\/quadalkatreszek.com\/","name":"quadalkatreszek.com","description":"alkatr\u00e9szek - azonnal - rakt\u00e1rr\u00f3l","publisher":{"@id":"https:\/\/quadalkatreszek.com\/#organization"},"potentialAction":[{"@type":"SearchAction","target":{"@type":"EntryPoint","urlTemplate":"https:\/\/quadalkatreszek.com\/?s={search_term_string}"},"query-input":{"@type":"PropertyValueSpecification","valueRequired":true,"valueName":"search_term_string"}}],"inLanguage":"en-US"},{"@type":"Organization","@id":"https:\/\/quadalkatreszek.com\/#organization","name":"quadalkatreszek.com","url":"https:\/\/quadalkatreszek.com\/","logo":{"@type":"ImageObject","inLanguage":"en-US","@id":"https:\/\/quadalkatreszek.com\/#\/schema\/logo\/image\/","url":"https:\/\/quadalkatreszek.com\/wp-content\/uploads\/2023\/01\/korlogo-2.png","contentUrl":"https:\/\/quadalkatreszek.com\/wp-content\/uploads\/2023\/01\/korlogo-2.png","width":866,"height":866,"caption":"quadalkatreszek.com"},"image":{"@id":"https:\/\/quadalkatreszek.com\/#\/schema\/logo\/image\/"}}]}},"_links":{"self":[{"href":"https:\/\/quadalkatreszek.com\/en\/wp-json\/wp\/v2\/product\/43581","targetHints":{"allow":["GET"]}}],"collection":[{"href":"https:\/\/quadalkatreszek.com\/en\/wp-json\/wp\/v2\/product"}],"about":[{"href":"https:\/\/quadalkatreszek.com\/en\/wp-json\/wp\/v2\/types\/product"}],"replies":[{"embeddable":true,"href":"https:\/\/quadalkatreszek.com\/en\/wp-json\/wp\/v2\/comments?post=43581"}],"wp:featuredmedia":[{"embeddable":true,"href":"https:\/\/quadalkatreszek.com\/en\/wp-json\/wp\/v2\/media\/43585"}],"wp:attachment":[{"href":"https:\/\/quadalkatreszek.com\/en\/wp-json\/wp\/v2\/media?parent=43581"}],"wp:term":[{"taxonomy":"product_brand","embeddable":true,"href":"https:\/\/quadalkatreszek.com\/en\/wp-json\/wp\/v2\/product_brand?post=43581"},{"taxonomy":"product_cat","embeddable":true,"href":"https:\/\/quadalkatreszek.com\/en\/wp-json\/wp\/v2\/product_cat?post=43581"},{"taxonomy":"product_tag","embeddable":true,"href":"https:\/\/quadalkatreszek.com\/en\/wp-json\/wp\/v2\/product_tag?post=43581"}],"curies":[{"name":"wp","href":"https:\/\/api.w.org\/{rel}","templated":true}]}}