{"id":43849,"date":"2024-09-26T11:03:34","date_gmt":"2024-09-26T10:03:34","guid":{"rendered":"https:\/\/quadalkatreszek.com\/?post_type=product&#038;p=43849"},"modified":"2024-09-30T15:19:41","modified_gmt":"2024-09-30T14:19:41","slug":"chopper-els","status":"publish","type":"product","link":"https:\/\/quadalkatreszek.com\/en\/product\/chopper-els\/","title":{"rendered":"Elektromos chopper els\u0151 f\u00e9krendszer CP1 E harley modellhez hecht"},"content":{"rendered":"<p>Elektromos chopper els\u0151 f\u00e9krendszer CP1 E harley modellhez hecht<\/p>\n<p>, 129<\/p>\n<p>, 129<br \/>\n&#8211; &#8211; &#8211;<br \/>\n<!--kkod_start--><\/p>\n<div class=\"kkod-visible\">kkod:129<\/div>\n<p><!--kkod_end--><\/p>","protected":false},"excerpt":{"rendered":"<p>Elektromos chopper els\u0151 f\u00e9krendszer CP1 E harley modellhez hecht<\/p>","protected":false},"featured_media":43929,"comment_status":"open","ping_status":"closed","template":"","meta":[],"product_brand":[],"product_cat":[53,155],"product_tag":[],"class_list":{"0":"post-43849","1":"product","2":"type-product","3":"status-publish","4":"has-post-thumbnail","6":"product_cat-fekmunkahenger","7":"product_cat-komplett-fekrendszerek","9":"first","10":"instock","11":"shipping-taxable","12":"purchasable","13":"product-type-simple"},"yoast_head":"<!-- This site is optimized with the Yoast SEO plugin v27.5 - https:\/\/yoast.com\/product\/yoast-seo-wordpress\/ -->\n<title>Elektromos chopper els\u0151 f\u00e9krendszer E harley modellhez hecht<\/title>\n<meta name=\"description\" content=\"Elektromos chopper els\u0151 f\u00e9krendszer CP1 E harley modellhez hecht . Elektromos chopper alkatr\u00e9szek CP-1 \u00e9s CP-2 es modellekhez h\u00e1zhoz sz\u00e1ll\u00edt\u00e1ssal.\" \/>\n<meta name=\"robots\" content=\"index, follow, max-snippet:-1, max-image-preview:large, max-video-preview:-1\" \/>\n<link rel=\"canonical\" href=\"https:\/\/quadalkatreszek.com\/en\/product\/chopper-els\/\" \/>\n<meta property=\"og:locale\" content=\"en_US\" \/>\n<meta property=\"og:type\" content=\"article\" \/>\n<meta property=\"og:title\" content=\"Elektromos chopper els\u0151 f\u00e9krendszer E harley modellhez hecht\" \/>\n<meta property=\"og:description\" content=\"Elektromos chopper els\u0151 f\u00e9krendszer CP1 E harley modellhez hecht . Elektromos chopper alkatr\u00e9szek CP-1 \u00e9s CP-2 es modellekhez h\u00e1zhoz sz\u00e1ll\u00edt\u00e1ssal.\" \/>\n<meta property=\"og:url\" content=\"https:\/\/quadalkatreszek.com\/en\/product\/chopper-els\/\" \/>\n<meta property=\"og:site_name\" content=\"quadalkatreszek.com\" \/>\n<meta property=\"article:modified_time\" content=\"2024-09-30T14:19:41+00:00\" \/>\n<meta property=\"og:image\" content=\"https:\/\/quadalkatreszek.com\/wp-content\/uploads\/2024\/09\/5869.jpg\" \/>\n\t<meta property=\"og:image:width\" content=\"1020\" \/>\n\t<meta property=\"og:image:height\" content=\"765\" \/>\n\t<meta property=\"og:image:type\" content=\"image\/jpeg\" \/>\n<meta name=\"twitter:card\" content=\"summary_large_image\" \/>\n<script type=\"application\/ld+json\" class=\"yoast-schema-graph\">{\"@context\":\"https:\\\/\\\/schema.org\",\"@graph\":[{\"@type\":\"WebPage\",\"@id\":\"https:\\\/\\\/quadalkatreszek.com\\\/product\\\/chopper-els\\\/\",\"url\":\"https:\\\/\\\/quadalkatreszek.com\\\/product\\\/chopper-els\\\/\",\"name\":\"Elektromos chopper els\u0151 f\u00e9krendszer E harley modellhez hecht\",\"isPartOf\":{\"@id\":\"https:\\\/\\\/quadalkatreszek.com\\\/#website\"},\"primaryImageOfPage\":{\"@id\":\"https:\\\/\\\/quadalkatreszek.com\\\/product\\\/chopper-els\\\/#primaryimage\"},\"image\":{\"@id\":\"https:\\\/\\\/quadalkatreszek.com\\\/product\\\/chopper-els\\\/#primaryimage\"},\"thumbnailUrl\":\"https:\\\/\\\/quadalkatreszek.com\\\/wp-content\\\/uploads\\\/2024\\\/09\\\/5869.jpg\",\"datePublished\":\"2024-09-26T10:03:34+00:00\",\"dateModified\":\"2024-09-30T14:19:41+00:00\",\"description\":\"Elektromos chopper els\u0151 f\u00e9krendszer CP1 E harley modellhez hecht . Elektromos chopper alkatr\u00e9szek CP-1 \u00e9s CP-2 es modellekhez h\u00e1zhoz sz\u00e1ll\u00edt\u00e1ssal.\",\"breadcrumb\":{\"@id\":\"https:\\\/\\\/quadalkatreszek.com\\\/product\\\/chopper-els\\\/#breadcrumb\"},\"inLanguage\":\"en-US\",\"potentialAction\":[{\"@type\":\"ReadAction\",\"target\":[\"https:\\\/\\\/quadalkatreszek.com\\\/product\\\/chopper-els\\\/\"]}]},{\"@type\":\"ImageObject\",\"inLanguage\":\"en-US\",\"@id\":\"https:\\\/\\\/quadalkatreszek.com\\\/product\\\/chopper-els\\\/#primaryimage\",\"url\":\"https:\\\/\\\/quadalkatreszek.com\\\/wp-content\\\/uploads\\\/2024\\\/09\\\/5869.jpg\",\"contentUrl\":\"https:\\\/\\\/quadalkatreszek.com\\\/wp-content\\\/uploads\\\/2024\\\/09\\\/5869.jpg\",\"width\":1020,\"height\":765,\"caption\":\"Elektromos chopper els\u0151 f\u00e9krendszer CP1 E harley modellhez hecht\"},{\"@type\":\"BreadcrumbList\",\"@id\":\"https:\\\/\\\/quadalkatreszek.com\\\/product\\\/chopper-els\\\/#breadcrumb\",\"itemListElement\":[{\"@type\":\"ListItem\",\"position\":1,\"name\":\"Kezd\u0151lap\",\"item\":\"https:\\\/\\\/quadalkatreszek.com\\\/\"},{\"@type\":\"ListItem\",\"position\":2,\"name\":\"Shop\",\"item\":\"https:\\\/\\\/quadalkatreszek.com\\\/shop\\\/\"},{\"@type\":\"ListItem\",\"position\":3,\"name\":\"Elektromos chopper els\u0151 f\u00e9krendszer CP1 E harley modellhez hecht\"}]},{\"@type\":\"WebSite\",\"@id\":\"https:\\\/\\\/quadalkatreszek.com\\\/#website\",\"url\":\"https:\\\/\\\/quadalkatreszek.com\\\/\",\"name\":\"quadalkatreszek.com\",\"description\":\"alkatr\u00e9szek - azonnal - rakt\u00e1rr\u00f3l\",\"publisher\":{\"@id\":\"https:\\\/\\\/quadalkatreszek.com\\\/#organization\"},\"potentialAction\":[{\"@type\":\"SearchAction\",\"target\":{\"@type\":\"EntryPoint\",\"urlTemplate\":\"https:\\\/\\\/quadalkatreszek.com\\\/?s={search_term_string}\"},\"query-input\":{\"@type\":\"PropertyValueSpecification\",\"valueRequired\":true,\"valueName\":\"search_term_string\"}}],\"inLanguage\":\"en-US\"},{\"@type\":\"Organization\",\"@id\":\"https:\\\/\\\/quadalkatreszek.com\\\/#organization\",\"name\":\"quadalkatreszek.com\",\"url\":\"https:\\\/\\\/quadalkatreszek.com\\\/\",\"logo\":{\"@type\":\"ImageObject\",\"inLanguage\":\"en-US\",\"@id\":\"https:\\\/\\\/quadalkatreszek.com\\\/#\\\/schema\\\/logo\\\/image\\\/\",\"url\":\"https:\\\/\\\/quadalkatreszek.com\\\/wp-content\\\/uploads\\\/2023\\\/01\\\/korlogo-2.png\",\"contentUrl\":\"https:\\\/\\\/quadalkatreszek.com\\\/wp-content\\\/uploads\\\/2023\\\/01\\\/korlogo-2.png\",\"width\":866,\"height\":866,\"caption\":\"quadalkatreszek.com\"},\"image\":{\"@id\":\"https:\\\/\\\/quadalkatreszek.com\\\/#\\\/schema\\\/logo\\\/image\\\/\"}}]}<\/script>\n<!-- \/ Yoast SEO plugin. -->","yoast_head_json":{"title":"Elektromos chopper els\u0151 f\u00e9krendszer E harley modellhez hecht","description":"Elektromos chopper els\u0151 f\u00e9krendszer CP1 E harley modellhez hecht . Elektromos chopper alkatr\u00e9szek CP-1 \u00e9s CP-2 es modellekhez h\u00e1zhoz sz\u00e1ll\u00edt\u00e1ssal.","robots":{"index":"index","follow":"follow","max-snippet":"max-snippet:-1","max-image-preview":"max-image-preview:large","max-video-preview":"max-video-preview:-1"},"canonical":"https:\/\/quadalkatreszek.com\/en\/product\/chopper-els\/","og_locale":"en_US","og_type":"article","og_title":"Elektromos chopper els\u0151 f\u00e9krendszer E harley modellhez hecht","og_description":"Elektromos chopper els\u0151 f\u00e9krendszer CP1 E harley modellhez hecht . Elektromos chopper alkatr\u00e9szek CP-1 \u00e9s CP-2 es modellekhez h\u00e1zhoz sz\u00e1ll\u00edt\u00e1ssal.","og_url":"https:\/\/quadalkatreszek.com\/en\/product\/chopper-els\/","og_site_name":"quadalkatreszek.com","article_modified_time":"2024-09-30T14:19:41+00:00","og_image":[{"width":1020,"height":765,"url":"https:\/\/quadalkatreszek.com\/wp-content\/uploads\/2024\/09\/5869.jpg","type":"image\/jpeg"}],"twitter_card":"summary_large_image","schema":{"@context":"https:\/\/schema.org","@graph":[{"@type":"WebPage","@id":"https:\/\/quadalkatreszek.com\/product\/chopper-els\/","url":"https:\/\/quadalkatreszek.com\/product\/chopper-els\/","name":"Elektromos chopper els\u0151 f\u00e9krendszer E harley modellhez hecht","isPartOf":{"@id":"https:\/\/quadalkatreszek.com\/#website"},"primaryImageOfPage":{"@id":"https:\/\/quadalkatreszek.com\/product\/chopper-els\/#primaryimage"},"image":{"@id":"https:\/\/quadalkatreszek.com\/product\/chopper-els\/#primaryimage"},"thumbnailUrl":"https:\/\/quadalkatreszek.com\/wp-content\/uploads\/2024\/09\/5869.jpg","datePublished":"2024-09-26T10:03:34+00:00","dateModified":"2024-09-30T14:19:41+00:00","description":"Elektromos chopper els\u0151 f\u00e9krendszer CP1 E harley modellhez hecht . Elektromos chopper alkatr\u00e9szek CP-1 \u00e9s CP-2 es modellekhez h\u00e1zhoz sz\u00e1ll\u00edt\u00e1ssal.","breadcrumb":{"@id":"https:\/\/quadalkatreszek.com\/product\/chopper-els\/#breadcrumb"},"inLanguage":"en-US","potentialAction":[{"@type":"ReadAction","target":["https:\/\/quadalkatreszek.com\/product\/chopper-els\/"]}]},{"@type":"ImageObject","inLanguage":"en-US","@id":"https:\/\/quadalkatreszek.com\/product\/chopper-els\/#primaryimage","url":"https:\/\/quadalkatreszek.com\/wp-content\/uploads\/2024\/09\/5869.jpg","contentUrl":"https:\/\/quadalkatreszek.com\/wp-content\/uploads\/2024\/09\/5869.jpg","width":1020,"height":765,"caption":"Elektromos chopper els\u0151 f\u00e9krendszer CP1 E harley modellhez hecht"},{"@type":"BreadcrumbList","@id":"https:\/\/quadalkatreszek.com\/product\/chopper-els\/#breadcrumb","itemListElement":[{"@type":"ListItem","position":1,"name":"Kezd\u0151lap","item":"https:\/\/quadalkatreszek.com\/"},{"@type":"ListItem","position":2,"name":"Shop","item":"https:\/\/quadalkatreszek.com\/shop\/"},{"@type":"ListItem","position":3,"name":"Elektromos chopper els\u0151 f\u00e9krendszer CP1 E harley modellhez hecht"}]},{"@type":"WebSite","@id":"https:\/\/quadalkatreszek.com\/#website","url":"https:\/\/quadalkatreszek.com\/","name":"quadalkatreszek.com","description":"alkatr\u00e9szek - azonnal - rakt\u00e1rr\u00f3l","publisher":{"@id":"https:\/\/quadalkatreszek.com\/#organization"},"potentialAction":[{"@type":"SearchAction","target":{"@type":"EntryPoint","urlTemplate":"https:\/\/quadalkatreszek.com\/?s={search_term_string}"},"query-input":{"@type":"PropertyValueSpecification","valueRequired":true,"valueName":"search_term_string"}}],"inLanguage":"en-US"},{"@type":"Organization","@id":"https:\/\/quadalkatreszek.com\/#organization","name":"quadalkatreszek.com","url":"https:\/\/quadalkatreszek.com\/","logo":{"@type":"ImageObject","inLanguage":"en-US","@id":"https:\/\/quadalkatreszek.com\/#\/schema\/logo\/image\/","url":"https:\/\/quadalkatreszek.com\/wp-content\/uploads\/2023\/01\/korlogo-2.png","contentUrl":"https:\/\/quadalkatreszek.com\/wp-content\/uploads\/2023\/01\/korlogo-2.png","width":866,"height":866,"caption":"quadalkatreszek.com"},"image":{"@id":"https:\/\/quadalkatreszek.com\/#\/schema\/logo\/image\/"}}]}},"_links":{"self":[{"href":"https:\/\/quadalkatreszek.com\/en\/wp-json\/wp\/v2\/product\/43849","targetHints":{"allow":["GET"]}}],"collection":[{"href":"https:\/\/quadalkatreszek.com\/en\/wp-json\/wp\/v2\/product"}],"about":[{"href":"https:\/\/quadalkatreszek.com\/en\/wp-json\/wp\/v2\/types\/product"}],"replies":[{"embeddable":true,"href":"https:\/\/quadalkatreszek.com\/en\/wp-json\/wp\/v2\/comments?post=43849"}],"wp:featuredmedia":[{"embeddable":true,"href":"https:\/\/quadalkatreszek.com\/en\/wp-json\/wp\/v2\/media\/43929"}],"wp:attachment":[{"href":"https:\/\/quadalkatreszek.com\/en\/wp-json\/wp\/v2\/media?parent=43849"}],"wp:term":[{"taxonomy":"product_brand","embeddable":true,"href":"https:\/\/quadalkatreszek.com\/en\/wp-json\/wp\/v2\/product_brand?post=43849"},{"taxonomy":"product_cat","embeddable":true,"href":"https:\/\/quadalkatreszek.com\/en\/wp-json\/wp\/v2\/product_cat?post=43849"},{"taxonomy":"product_tag","embeddable":true,"href":"https:\/\/quadalkatreszek.com\/en\/wp-json\/wp\/v2\/product_tag?post=43849"}],"curies":[{"name":"wp","href":"https:\/\/api.w.org\/{rel}","templated":true}]}}