{"id":44887,"date":"2024-12-10T10:51:17","date_gmt":"2024-12-10T09:51:17","guid":{"rendered":"https:\/\/quadalkatreszek.com\/?post_type=product&#038;p=44887"},"modified":"2025-03-25T17:52:36","modified_gmt":"2025-03-25T16:52:36","slug":"004-gyerek-quad-matricaszett-125cc-zold","status":"publish","type":"product","link":"https:\/\/quadalkatreszek.com\/en\/product\/004-gyerek-quad-matricaszett-125cc-zold\/","title":{"rendered":"004 gyerek quad matricaszett 125cc Ranger Kxd \u00e9s egy\u00e9b k\u00ednai quadokhoz Z\u00f6ld"},"content":{"rendered":"<p>004 gyerek quad matricaszett 125cc Ranger Kxd \u00e9s egy\u00e9b k\u00ednai quadokhoz Z\u00f6ld<\/p>\n<p>, 0<\/p>","protected":false},"excerpt":{"rendered":"<p>004 gyerek quad matricaszett 125cc Ranger Kxd \u00e9s egy\u00e9b k\u00ednai quadokhoz Z\u00f6ld<\/p>","protected":false},"featured_media":44927,"comment_status":"open","ping_status":"closed","template":"","meta":[],"product_brand":[],"product_cat":[139,123],"product_tag":[],"class_list":{"0":"post-44887","1":"product","2":"type-product","3":"status-publish","4":"has-post-thumbnail","6":"product_cat-extrak","7":"product_cat-kiegeszitok","9":"first","10":"instock","11":"shipping-taxable","12":"purchasable","13":"product-type-simple"},"yoast_head":"<!-- This site is optimized with the Yoast SEO plugin v27.4 - https:\/\/yoast.com\/product\/yoast-seo-wordpress\/ -->\n<title>004 gyerek quad matricaszett 125cc Ranger Kxd \u00e9s egy\u00e9b k\u00ednai quadokhoz Z\u00f6ld - quadalkatreszek.com<\/title>\n<meta name=\"description\" content=\"004 gyerek quad matricaszett 125cc Ranger Kxd \u00e9s egy\u00e9b k\u00ednai quadokhoz Z\u00f6ld. sz\u00ednben. Azonnal rakt\u00e1rr\u00f3l rengeteg matricaszett k\u00ednai quadokhoz\" \/>\n<meta name=\"robots\" content=\"index, follow, max-snippet:-1, max-image-preview:large, max-video-preview:-1\" \/>\n<link rel=\"canonical\" href=\"https:\/\/quadalkatreszek.com\/en\/product\/004-gyerek-quad-matricaszett-125cc-zold\/\" \/>\n<meta property=\"og:locale\" content=\"en_US\" \/>\n<meta property=\"og:type\" content=\"article\" \/>\n<meta property=\"og:title\" content=\"004 gyerek quad matricaszett 125cc Ranger Kxd \u00e9s egy\u00e9b k\u00ednai quadokhoz Z\u00f6ld - quadalkatreszek.com\" \/>\n<meta property=\"og:description\" content=\"004 gyerek quad matricaszett 125cc Ranger Kxd \u00e9s egy\u00e9b k\u00ednai quadokhoz Z\u00f6ld. sz\u00ednben. Azonnal rakt\u00e1rr\u00f3l rengeteg matricaszett k\u00ednai quadokhoz\" \/>\n<meta property=\"og:url\" content=\"https:\/\/quadalkatreszek.com\/en\/product\/004-gyerek-quad-matricaszett-125cc-zold\/\" \/>\n<meta property=\"og:site_name\" content=\"quadalkatreszek.com\" \/>\n<meta property=\"article:modified_time\" content=\"2025-03-25T16:52:36+00:00\" \/>\n<meta property=\"og:image\" content=\"https:\/\/quadalkatreszek.com\/wp-content\/uploads\/2024\/11\/004-zold.jpg\" \/>\n\t<meta property=\"og:image:width\" content=\"2048\" \/>\n\t<meta property=\"og:image:height\" content=\"1536\" \/>\n\t<meta property=\"og:image:type\" content=\"image\/jpeg\" \/>\n<meta name=\"twitter:card\" content=\"summary_large_image\" \/>\n<script type=\"application\/ld+json\" class=\"yoast-schema-graph\">{\"@context\":\"https:\\\/\\\/schema.org\",\"@graph\":[{\"@type\":\"WebPage\",\"@id\":\"https:\\\/\\\/quadalkatreszek.com\\\/product\\\/004-gyerek-quad-matricaszett-125cc-zold\\\/\",\"url\":\"https:\\\/\\\/quadalkatreszek.com\\\/product\\\/004-gyerek-quad-matricaszett-125cc-zold\\\/\",\"name\":\"004 gyerek quad matricaszett 125cc Ranger Kxd \u00e9s egy\u00e9b k\u00ednai quadokhoz Z\u00f6ld - quadalkatreszek.com\",\"isPartOf\":{\"@id\":\"https:\\\/\\\/quadalkatreszek.com\\\/#website\"},\"primaryImageOfPage\":{\"@id\":\"https:\\\/\\\/quadalkatreszek.com\\\/product\\\/004-gyerek-quad-matricaszett-125cc-zold\\\/#primaryimage\"},\"image\":{\"@id\":\"https:\\\/\\\/quadalkatreszek.com\\\/product\\\/004-gyerek-quad-matricaszett-125cc-zold\\\/#primaryimage\"},\"thumbnailUrl\":\"https:\\\/\\\/quadalkatreszek.com\\\/wp-content\\\/uploads\\\/2024\\\/11\\\/004-zold.jpg\",\"datePublished\":\"2024-12-10T09:51:17+00:00\",\"dateModified\":\"2025-03-25T16:52:36+00:00\",\"description\":\"004 gyerek quad matricaszett 125cc Ranger Kxd \u00e9s egy\u00e9b k\u00ednai quadokhoz Z\u00f6ld. sz\u00ednben. Azonnal rakt\u00e1rr\u00f3l rengeteg matricaszett k\u00ednai quadokhoz\",\"breadcrumb\":{\"@id\":\"https:\\\/\\\/quadalkatreszek.com\\\/product\\\/004-gyerek-quad-matricaszett-125cc-zold\\\/#breadcrumb\"},\"inLanguage\":\"en-US\",\"potentialAction\":[{\"@type\":\"ReadAction\",\"target\":[\"https:\\\/\\\/quadalkatreszek.com\\\/product\\\/004-gyerek-quad-matricaszett-125cc-zold\\\/\"]}]},{\"@type\":\"ImageObject\",\"inLanguage\":\"en-US\",\"@id\":\"https:\\\/\\\/quadalkatreszek.com\\\/product\\\/004-gyerek-quad-matricaszett-125cc-zold\\\/#primaryimage\",\"url\":\"https:\\\/\\\/quadalkatreszek.com\\\/wp-content\\\/uploads\\\/2024\\\/11\\\/004-zold.jpg\",\"contentUrl\":\"https:\\\/\\\/quadalkatreszek.com\\\/wp-content\\\/uploads\\\/2024\\\/11\\\/004-zold.jpg\",\"width\":2048,\"height\":1536,\"caption\":\"Ranger kxd 004 gyerek quad matrica z\u00f6ld\"},{\"@type\":\"BreadcrumbList\",\"@id\":\"https:\\\/\\\/quadalkatreszek.com\\\/product\\\/004-gyerek-quad-matricaszett-125cc-zold\\\/#breadcrumb\",\"itemListElement\":[{\"@type\":\"ListItem\",\"position\":1,\"name\":\"Kezd\u0151lap\",\"item\":\"https:\\\/\\\/quadalkatreszek.com\\\/\"},{\"@type\":\"ListItem\",\"position\":2,\"name\":\"Shop\",\"item\":\"https:\\\/\\\/quadalkatreszek.com\\\/shop\\\/\"},{\"@type\":\"ListItem\",\"position\":3,\"name\":\"004 gyerek quad matricaszett 125cc Ranger Kxd \u00e9s egy\u00e9b k\u00ednai quadokhoz Z\u00f6ld\"}]},{\"@type\":\"WebSite\",\"@id\":\"https:\\\/\\\/quadalkatreszek.com\\\/#website\",\"url\":\"https:\\\/\\\/quadalkatreszek.com\\\/\",\"name\":\"quadalkatreszek.com\",\"description\":\"alkatr\u00e9szek - azonnal - rakt\u00e1rr\u00f3l\",\"publisher\":{\"@id\":\"https:\\\/\\\/quadalkatreszek.com\\\/#organization\"},\"potentialAction\":[{\"@type\":\"SearchAction\",\"target\":{\"@type\":\"EntryPoint\",\"urlTemplate\":\"https:\\\/\\\/quadalkatreszek.com\\\/?s={search_term_string}\"},\"query-input\":{\"@type\":\"PropertyValueSpecification\",\"valueRequired\":true,\"valueName\":\"search_term_string\"}}],\"inLanguage\":\"en-US\"},{\"@type\":\"Organization\",\"@id\":\"https:\\\/\\\/quadalkatreszek.com\\\/#organization\",\"name\":\"quadalkatreszek.com\",\"url\":\"https:\\\/\\\/quadalkatreszek.com\\\/\",\"logo\":{\"@type\":\"ImageObject\",\"inLanguage\":\"en-US\",\"@id\":\"https:\\\/\\\/quadalkatreszek.com\\\/#\\\/schema\\\/logo\\\/image\\\/\",\"url\":\"https:\\\/\\\/quadalkatreszek.com\\\/wp-content\\\/uploads\\\/2023\\\/01\\\/korlogo-2.png\",\"contentUrl\":\"https:\\\/\\\/quadalkatreszek.com\\\/wp-content\\\/uploads\\\/2023\\\/01\\\/korlogo-2.png\",\"width\":866,\"height\":866,\"caption\":\"quadalkatreszek.com\"},\"image\":{\"@id\":\"https:\\\/\\\/quadalkatreszek.com\\\/#\\\/schema\\\/logo\\\/image\\\/\"}}]}<\/script>\n<!-- \/ Yoast SEO plugin. -->","yoast_head_json":{"title":"004 gyerek quad matricaszett 125cc Ranger Kxd \u00e9s egy\u00e9b k\u00ednai quadokhoz Z\u00f6ld - quadalkatreszek.com","description":"004 gyerek quad matricaszett 125cc Ranger Kxd \u00e9s egy\u00e9b k\u00ednai quadokhoz Z\u00f6ld. sz\u00ednben. Azonnal rakt\u00e1rr\u00f3l rengeteg matricaszett k\u00ednai quadokhoz","robots":{"index":"index","follow":"follow","max-snippet":"max-snippet:-1","max-image-preview":"max-image-preview:large","max-video-preview":"max-video-preview:-1"},"canonical":"https:\/\/quadalkatreszek.com\/en\/product\/004-gyerek-quad-matricaszett-125cc-zold\/","og_locale":"en_US","og_type":"article","og_title":"004 gyerek quad matricaszett 125cc Ranger Kxd \u00e9s egy\u00e9b k\u00ednai quadokhoz Z\u00f6ld - quadalkatreszek.com","og_description":"004 gyerek quad matricaszett 125cc Ranger Kxd \u00e9s egy\u00e9b k\u00ednai quadokhoz Z\u00f6ld. sz\u00ednben. Azonnal rakt\u00e1rr\u00f3l rengeteg matricaszett k\u00ednai quadokhoz","og_url":"https:\/\/quadalkatreszek.com\/en\/product\/004-gyerek-quad-matricaszett-125cc-zold\/","og_site_name":"quadalkatreszek.com","article_modified_time":"2025-03-25T16:52:36+00:00","og_image":[{"width":2048,"height":1536,"url":"https:\/\/quadalkatreszek.com\/wp-content\/uploads\/2024\/11\/004-zold.jpg","type":"image\/jpeg"}],"twitter_card":"summary_large_image","schema":{"@context":"https:\/\/schema.org","@graph":[{"@type":"WebPage","@id":"https:\/\/quadalkatreszek.com\/product\/004-gyerek-quad-matricaszett-125cc-zold\/","url":"https:\/\/quadalkatreszek.com\/product\/004-gyerek-quad-matricaszett-125cc-zold\/","name":"004 gyerek quad matricaszett 125cc Ranger Kxd \u00e9s egy\u00e9b k\u00ednai quadokhoz Z\u00f6ld - quadalkatreszek.com","isPartOf":{"@id":"https:\/\/quadalkatreszek.com\/#website"},"primaryImageOfPage":{"@id":"https:\/\/quadalkatreszek.com\/product\/004-gyerek-quad-matricaszett-125cc-zold\/#primaryimage"},"image":{"@id":"https:\/\/quadalkatreszek.com\/product\/004-gyerek-quad-matricaszett-125cc-zold\/#primaryimage"},"thumbnailUrl":"https:\/\/quadalkatreszek.com\/wp-content\/uploads\/2024\/11\/004-zold.jpg","datePublished":"2024-12-10T09:51:17+00:00","dateModified":"2025-03-25T16:52:36+00:00","description":"004 gyerek quad matricaszett 125cc Ranger Kxd \u00e9s egy\u00e9b k\u00ednai quadokhoz Z\u00f6ld. sz\u00ednben. Azonnal rakt\u00e1rr\u00f3l rengeteg matricaszett k\u00ednai quadokhoz","breadcrumb":{"@id":"https:\/\/quadalkatreszek.com\/product\/004-gyerek-quad-matricaszett-125cc-zold\/#breadcrumb"},"inLanguage":"en-US","potentialAction":[{"@type":"ReadAction","target":["https:\/\/quadalkatreszek.com\/product\/004-gyerek-quad-matricaszett-125cc-zold\/"]}]},{"@type":"ImageObject","inLanguage":"en-US","@id":"https:\/\/quadalkatreszek.com\/product\/004-gyerek-quad-matricaszett-125cc-zold\/#primaryimage","url":"https:\/\/quadalkatreszek.com\/wp-content\/uploads\/2024\/11\/004-zold.jpg","contentUrl":"https:\/\/quadalkatreszek.com\/wp-content\/uploads\/2024\/11\/004-zold.jpg","width":2048,"height":1536,"caption":"Ranger kxd 004 gyerek quad matrica z\u00f6ld"},{"@type":"BreadcrumbList","@id":"https:\/\/quadalkatreszek.com\/product\/004-gyerek-quad-matricaszett-125cc-zold\/#breadcrumb","itemListElement":[{"@type":"ListItem","position":1,"name":"Kezd\u0151lap","item":"https:\/\/quadalkatreszek.com\/"},{"@type":"ListItem","position":2,"name":"Shop","item":"https:\/\/quadalkatreszek.com\/shop\/"},{"@type":"ListItem","position":3,"name":"004 gyerek quad matricaszett 125cc Ranger Kxd \u00e9s egy\u00e9b k\u00ednai quadokhoz Z\u00f6ld"}]},{"@type":"WebSite","@id":"https:\/\/quadalkatreszek.com\/#website","url":"https:\/\/quadalkatreszek.com\/","name":"quadalkatreszek.com","description":"alkatr\u00e9szek - azonnal - rakt\u00e1rr\u00f3l","publisher":{"@id":"https:\/\/quadalkatreszek.com\/#organization"},"potentialAction":[{"@type":"SearchAction","target":{"@type":"EntryPoint","urlTemplate":"https:\/\/quadalkatreszek.com\/?s={search_term_string}"},"query-input":{"@type":"PropertyValueSpecification","valueRequired":true,"valueName":"search_term_string"}}],"inLanguage":"en-US"},{"@type":"Organization","@id":"https:\/\/quadalkatreszek.com\/#organization","name":"quadalkatreszek.com","url":"https:\/\/quadalkatreszek.com\/","logo":{"@type":"ImageObject","inLanguage":"en-US","@id":"https:\/\/quadalkatreszek.com\/#\/schema\/logo\/image\/","url":"https:\/\/quadalkatreszek.com\/wp-content\/uploads\/2023\/01\/korlogo-2.png","contentUrl":"https:\/\/quadalkatreszek.com\/wp-content\/uploads\/2023\/01\/korlogo-2.png","width":866,"height":866,"caption":"quadalkatreszek.com"},"image":{"@id":"https:\/\/quadalkatreszek.com\/#\/schema\/logo\/image\/"}}]}},"_links":{"self":[{"href":"https:\/\/quadalkatreszek.com\/en\/wp-json\/wp\/v2\/product\/44887","targetHints":{"allow":["GET"]}}],"collection":[{"href":"https:\/\/quadalkatreszek.com\/en\/wp-json\/wp\/v2\/product"}],"about":[{"href":"https:\/\/quadalkatreszek.com\/en\/wp-json\/wp\/v2\/types\/product"}],"replies":[{"embeddable":true,"href":"https:\/\/quadalkatreszek.com\/en\/wp-json\/wp\/v2\/comments?post=44887"}],"wp:featuredmedia":[{"embeddable":true,"href":"https:\/\/quadalkatreszek.com\/en\/wp-json\/wp\/v2\/media\/44927"}],"wp:attachment":[{"href":"https:\/\/quadalkatreszek.com\/en\/wp-json\/wp\/v2\/media?parent=44887"}],"wp:term":[{"taxonomy":"product_brand","embeddable":true,"href":"https:\/\/quadalkatreszek.com\/en\/wp-json\/wp\/v2\/product_brand?post=44887"},{"taxonomy":"product_cat","embeddable":true,"href":"https:\/\/quadalkatreszek.com\/en\/wp-json\/wp\/v2\/product_cat?post=44887"},{"taxonomy":"product_tag","embeddable":true,"href":"https:\/\/quadalkatreszek.com\/en\/wp-json\/wp\/v2\/product_tag?post=44887"}],"curies":[{"name":"wp","href":"https:\/\/api.w.org\/{rel}","templated":true}]}}