{"id":46844,"date":"2025-03-19T10:23:52","date_gmt":"2025-03-19T09:23:52","guid":{"rendered":"https:\/\/quadalkatreszek.com\/?post_type=product&#038;p=46844"},"modified":"2025-05-28T10:40:14","modified_gmt":"2025-05-28T09:40:14","slug":"hammer-150cc-quad-elso-muanyag-burkolat","status":"publish","type":"product","link":"https:\/\/quadalkatreszek.com\/en\/product\/hammer-150cc-quad-elso-muanyag-burkolat\/","title":{"rendered":"Hammer 150cc quad els\u0151 m\u0171anyag burkolat"},"content":{"rendered":"<p>Hammer 150cc quad els\u0151 m\u0171anyag burkolat<\/p>\n<p>Hammer 150cc quad els\u0151 m\u0171anyag burkolat<\/p>","protected":false},"excerpt":{"rendered":"<p>Hammer 150cc quad els\u0151 m\u0171anyag burkolat<\/p>","protected":false},"featured_media":46796,"comment_status":"open","ping_status":"closed","template":"","meta":[],"product_brand":[],"product_cat":[102],"product_tag":[],"class_list":{"0":"post-46844","1":"product","2":"type-product","3":"status-publish","4":"has-post-thumbnail","6":"product_cat-tura-quad-burkolatok","8":"first","9":"instock","10":"shipping-taxable","11":"purchasable","12":"product-type-simple"},"yoast_head":"<!-- This site is optimized with the Yoast SEO plugin v27.5 - https:\/\/yoast.com\/product\/yoast-seo-wordpress\/ -->\n<title>Hammer 150cc quad els\u0151 m\u0171anyag burkolat - quadalkatreszek.com<\/title>\n<meta name=\"description\" content=\"Hammer 150cc quad els\u0151 m\u0171anyag burkolat. K\u00ednai quad \u00e9s dirt bike alkatr\u00e9szek azonnal rakt\u00e1rr\u00f3l a legjobb \u00e1ron itt mindent megtal\u00e1lsz\" \/>\n<meta name=\"robots\" content=\"index, follow, max-snippet:-1, max-image-preview:large, max-video-preview:-1\" \/>\n<link rel=\"canonical\" href=\"https:\/\/quadalkatreszek.com\/en\/product\/hammer-150cc-quad-elso-muanyag-burkolat\/\" \/>\n<meta property=\"og:locale\" content=\"en_US\" \/>\n<meta property=\"og:type\" content=\"article\" \/>\n<meta property=\"og:title\" content=\"Hammer 150cc quad els\u0151 m\u0171anyag burkolat - quadalkatreszek.com\" \/>\n<meta property=\"og:description\" content=\"Hammer 150cc quad els\u0151 m\u0171anyag burkolat. K\u00ednai quad \u00e9s dirt bike alkatr\u00e9szek azonnal rakt\u00e1rr\u00f3l a legjobb \u00e1ron itt mindent megtal\u00e1lsz\" \/>\n<meta property=\"og:url\" content=\"https:\/\/quadalkatreszek.com\/en\/product\/hammer-150cc-quad-elso-muanyag-burkolat\/\" \/>\n<meta property=\"og:site_name\" content=\"quadalkatreszek.com\" \/>\n<meta property=\"article:modified_time\" content=\"2025-05-28T09:40:14+00:00\" \/>\n<meta property=\"og:image\" content=\"https:\/\/quadalkatreszek.com\/wp-content\/uploads\/2025\/03\/6116.jpg\" \/>\n\t<meta property=\"og:image:width\" content=\"1024\" \/>\n\t<meta property=\"og:image:height\" content=\"768\" \/>\n\t<meta property=\"og:image:type\" content=\"image\/jpeg\" \/>\n<meta name=\"twitter:card\" content=\"summary_large_image\" \/>\n<script type=\"application\/ld+json\" class=\"yoast-schema-graph\">{\"@context\":\"https:\\\/\\\/schema.org\",\"@graph\":[{\"@type\":\"WebPage\",\"@id\":\"https:\\\/\\\/quadalkatreszek.com\\\/product\\\/hammer-150cc-quad-elso-muanyag-burkolat\\\/\",\"url\":\"https:\\\/\\\/quadalkatreszek.com\\\/product\\\/hammer-150cc-quad-elso-muanyag-burkolat\\\/\",\"name\":\"Hammer 150cc quad els\u0151 m\u0171anyag burkolat - quadalkatreszek.com\",\"isPartOf\":{\"@id\":\"https:\\\/\\\/quadalkatreszek.com\\\/#website\"},\"primaryImageOfPage\":{\"@id\":\"https:\\\/\\\/quadalkatreszek.com\\\/product\\\/hammer-150cc-quad-elso-muanyag-burkolat\\\/#primaryimage\"},\"image\":{\"@id\":\"https:\\\/\\\/quadalkatreszek.com\\\/product\\\/hammer-150cc-quad-elso-muanyag-burkolat\\\/#primaryimage\"},\"thumbnailUrl\":\"https:\\\/\\\/quadalkatreszek.com\\\/wp-content\\\/uploads\\\/2025\\\/03\\\/6116.jpg\",\"datePublished\":\"2025-03-19T09:23:52+00:00\",\"dateModified\":\"2025-05-28T09:40:14+00:00\",\"description\":\"Hammer 150cc quad els\u0151 m\u0171anyag burkolat. K\u00ednai quad \u00e9s dirt bike alkatr\u00e9szek azonnal rakt\u00e1rr\u00f3l a legjobb \u00e1ron itt mindent megtal\u00e1lsz\",\"breadcrumb\":{\"@id\":\"https:\\\/\\\/quadalkatreszek.com\\\/product\\\/hammer-150cc-quad-elso-muanyag-burkolat\\\/#breadcrumb\"},\"inLanguage\":\"en-US\",\"potentialAction\":[{\"@type\":\"ReadAction\",\"target\":[\"https:\\\/\\\/quadalkatreszek.com\\\/product\\\/hammer-150cc-quad-elso-muanyag-burkolat\\\/\"]}]},{\"@type\":\"ImageObject\",\"inLanguage\":\"en-US\",\"@id\":\"https:\\\/\\\/quadalkatreszek.com\\\/product\\\/hammer-150cc-quad-elso-muanyag-burkolat\\\/#primaryimage\",\"url\":\"https:\\\/\\\/quadalkatreszek.com\\\/wp-content\\\/uploads\\\/2025\\\/03\\\/6116.jpg\",\"contentUrl\":\"https:\\\/\\\/quadalkatreszek.com\\\/wp-content\\\/uploads\\\/2025\\\/03\\\/6116.jpg\",\"width\":1024,\"height\":768,\"caption\":\"Hammer 150cc quad els\u0151 m\u0171anyag burkolat\"},{\"@type\":\"BreadcrumbList\",\"@id\":\"https:\\\/\\\/quadalkatreszek.com\\\/product\\\/hammer-150cc-quad-elso-muanyag-burkolat\\\/#breadcrumb\",\"itemListElement\":[{\"@type\":\"ListItem\",\"position\":1,\"name\":\"Kezd\u0151lap\",\"item\":\"https:\\\/\\\/quadalkatreszek.com\\\/\"},{\"@type\":\"ListItem\",\"position\":2,\"name\":\"Shop\",\"item\":\"https:\\\/\\\/quadalkatreszek.com\\\/shop\\\/\"},{\"@type\":\"ListItem\",\"position\":3,\"name\":\"Hammer 150cc quad els\u0151 m\u0171anyag burkolat\"}]},{\"@type\":\"WebSite\",\"@id\":\"https:\\\/\\\/quadalkatreszek.com\\\/#website\",\"url\":\"https:\\\/\\\/quadalkatreszek.com\\\/\",\"name\":\"quadalkatreszek.com\",\"description\":\"alkatr\u00e9szek - azonnal - rakt\u00e1rr\u00f3l\",\"publisher\":{\"@id\":\"https:\\\/\\\/quadalkatreszek.com\\\/#organization\"},\"potentialAction\":[{\"@type\":\"SearchAction\",\"target\":{\"@type\":\"EntryPoint\",\"urlTemplate\":\"https:\\\/\\\/quadalkatreszek.com\\\/?s={search_term_string}\"},\"query-input\":{\"@type\":\"PropertyValueSpecification\",\"valueRequired\":true,\"valueName\":\"search_term_string\"}}],\"inLanguage\":\"en-US\"},{\"@type\":\"Organization\",\"@id\":\"https:\\\/\\\/quadalkatreszek.com\\\/#organization\",\"name\":\"quadalkatreszek.com\",\"url\":\"https:\\\/\\\/quadalkatreszek.com\\\/\",\"logo\":{\"@type\":\"ImageObject\",\"inLanguage\":\"en-US\",\"@id\":\"https:\\\/\\\/quadalkatreszek.com\\\/#\\\/schema\\\/logo\\\/image\\\/\",\"url\":\"https:\\\/\\\/quadalkatreszek.com\\\/wp-content\\\/uploads\\\/2023\\\/01\\\/korlogo-2.png\",\"contentUrl\":\"https:\\\/\\\/quadalkatreszek.com\\\/wp-content\\\/uploads\\\/2023\\\/01\\\/korlogo-2.png\",\"width\":866,\"height\":866,\"caption\":\"quadalkatreszek.com\"},\"image\":{\"@id\":\"https:\\\/\\\/quadalkatreszek.com\\\/#\\\/schema\\\/logo\\\/image\\\/\"}}]}<\/script>\n<!-- \/ Yoast SEO plugin. -->","yoast_head_json":{"title":"Hammer 150cc quad els\u0151 m\u0171anyag burkolat - quadalkatreszek.com","description":"Hammer 150cc quad els\u0151 m\u0171anyag burkolat. K\u00ednai quad \u00e9s dirt bike alkatr\u00e9szek azonnal rakt\u00e1rr\u00f3l a legjobb \u00e1ron itt mindent megtal\u00e1lsz","robots":{"index":"index","follow":"follow","max-snippet":"max-snippet:-1","max-image-preview":"max-image-preview:large","max-video-preview":"max-video-preview:-1"},"canonical":"https:\/\/quadalkatreszek.com\/en\/product\/hammer-150cc-quad-elso-muanyag-burkolat\/","og_locale":"en_US","og_type":"article","og_title":"Hammer 150cc quad els\u0151 m\u0171anyag burkolat - quadalkatreszek.com","og_description":"Hammer 150cc quad els\u0151 m\u0171anyag burkolat. K\u00ednai quad \u00e9s dirt bike alkatr\u00e9szek azonnal rakt\u00e1rr\u00f3l a legjobb \u00e1ron itt mindent megtal\u00e1lsz","og_url":"https:\/\/quadalkatreszek.com\/en\/product\/hammer-150cc-quad-elso-muanyag-burkolat\/","og_site_name":"quadalkatreszek.com","article_modified_time":"2025-05-28T09:40:14+00:00","og_image":[{"width":1024,"height":768,"url":"https:\/\/quadalkatreszek.com\/wp-content\/uploads\/2025\/03\/6116.jpg","type":"image\/jpeg"}],"twitter_card":"summary_large_image","schema":{"@context":"https:\/\/schema.org","@graph":[{"@type":"WebPage","@id":"https:\/\/quadalkatreszek.com\/product\/hammer-150cc-quad-elso-muanyag-burkolat\/","url":"https:\/\/quadalkatreszek.com\/product\/hammer-150cc-quad-elso-muanyag-burkolat\/","name":"Hammer 150cc quad els\u0151 m\u0171anyag burkolat - quadalkatreszek.com","isPartOf":{"@id":"https:\/\/quadalkatreszek.com\/#website"},"primaryImageOfPage":{"@id":"https:\/\/quadalkatreszek.com\/product\/hammer-150cc-quad-elso-muanyag-burkolat\/#primaryimage"},"image":{"@id":"https:\/\/quadalkatreszek.com\/product\/hammer-150cc-quad-elso-muanyag-burkolat\/#primaryimage"},"thumbnailUrl":"https:\/\/quadalkatreszek.com\/wp-content\/uploads\/2025\/03\/6116.jpg","datePublished":"2025-03-19T09:23:52+00:00","dateModified":"2025-05-28T09:40:14+00:00","description":"Hammer 150cc quad els\u0151 m\u0171anyag burkolat. K\u00ednai quad \u00e9s dirt bike alkatr\u00e9szek azonnal rakt\u00e1rr\u00f3l a legjobb \u00e1ron itt mindent megtal\u00e1lsz","breadcrumb":{"@id":"https:\/\/quadalkatreszek.com\/product\/hammer-150cc-quad-elso-muanyag-burkolat\/#breadcrumb"},"inLanguage":"en-US","potentialAction":[{"@type":"ReadAction","target":["https:\/\/quadalkatreszek.com\/product\/hammer-150cc-quad-elso-muanyag-burkolat\/"]}]},{"@type":"ImageObject","inLanguage":"en-US","@id":"https:\/\/quadalkatreszek.com\/product\/hammer-150cc-quad-elso-muanyag-burkolat\/#primaryimage","url":"https:\/\/quadalkatreszek.com\/wp-content\/uploads\/2025\/03\/6116.jpg","contentUrl":"https:\/\/quadalkatreszek.com\/wp-content\/uploads\/2025\/03\/6116.jpg","width":1024,"height":768,"caption":"Hammer 150cc quad els\u0151 m\u0171anyag burkolat"},{"@type":"BreadcrumbList","@id":"https:\/\/quadalkatreszek.com\/product\/hammer-150cc-quad-elso-muanyag-burkolat\/#breadcrumb","itemListElement":[{"@type":"ListItem","position":1,"name":"Kezd\u0151lap","item":"https:\/\/quadalkatreszek.com\/"},{"@type":"ListItem","position":2,"name":"Shop","item":"https:\/\/quadalkatreszek.com\/shop\/"},{"@type":"ListItem","position":3,"name":"Hammer 150cc quad els\u0151 m\u0171anyag burkolat"}]},{"@type":"WebSite","@id":"https:\/\/quadalkatreszek.com\/#website","url":"https:\/\/quadalkatreszek.com\/","name":"quadalkatreszek.com","description":"alkatr\u00e9szek - azonnal - rakt\u00e1rr\u00f3l","publisher":{"@id":"https:\/\/quadalkatreszek.com\/#organization"},"potentialAction":[{"@type":"SearchAction","target":{"@type":"EntryPoint","urlTemplate":"https:\/\/quadalkatreszek.com\/?s={search_term_string}"},"query-input":{"@type":"PropertyValueSpecification","valueRequired":true,"valueName":"search_term_string"}}],"inLanguage":"en-US"},{"@type":"Organization","@id":"https:\/\/quadalkatreszek.com\/#organization","name":"quadalkatreszek.com","url":"https:\/\/quadalkatreszek.com\/","logo":{"@type":"ImageObject","inLanguage":"en-US","@id":"https:\/\/quadalkatreszek.com\/#\/schema\/logo\/image\/","url":"https:\/\/quadalkatreszek.com\/wp-content\/uploads\/2023\/01\/korlogo-2.png","contentUrl":"https:\/\/quadalkatreszek.com\/wp-content\/uploads\/2023\/01\/korlogo-2.png","width":866,"height":866,"caption":"quadalkatreszek.com"},"image":{"@id":"https:\/\/quadalkatreszek.com\/#\/schema\/logo\/image\/"}}]}},"_links":{"self":[{"href":"https:\/\/quadalkatreszek.com\/en\/wp-json\/wp\/v2\/product\/46844","targetHints":{"allow":["GET"]}}],"collection":[{"href":"https:\/\/quadalkatreszek.com\/en\/wp-json\/wp\/v2\/product"}],"about":[{"href":"https:\/\/quadalkatreszek.com\/en\/wp-json\/wp\/v2\/types\/product"}],"replies":[{"embeddable":true,"href":"https:\/\/quadalkatreszek.com\/en\/wp-json\/wp\/v2\/comments?post=46844"}],"wp:featuredmedia":[{"embeddable":true,"href":"https:\/\/quadalkatreszek.com\/en\/wp-json\/wp\/v2\/media\/46796"}],"wp:attachment":[{"href":"https:\/\/quadalkatreszek.com\/en\/wp-json\/wp\/v2\/media?parent=46844"}],"wp:term":[{"taxonomy":"product_brand","embeddable":true,"href":"https:\/\/quadalkatreszek.com\/en\/wp-json\/wp\/v2\/product_brand?post=46844"},{"taxonomy":"product_cat","embeddable":true,"href":"https:\/\/quadalkatreszek.com\/en\/wp-json\/wp\/v2\/product_cat?post=46844"},{"taxonomy":"product_tag","embeddable":true,"href":"https:\/\/quadalkatreszek.com\/en\/wp-json\/wp\/v2\/product_tag?post=46844"}],"curies":[{"name":"wp","href":"https:\/\/api.w.org\/{rel}","templated":true}]}}