{"id":49186,"date":"2025-06-16T11:52:56","date_gmt":"2025-06-16T10:52:56","guid":{"rendered":"https:\/\/quadalkatreszek.com\/?post_type=product&#038;p=49186"},"modified":"2025-12-15T09:23:54","modified_gmt":"2025-12-15T08:23:54","slug":"110ccm-automata-dirt-bike-pitbike-gyerek-motor","status":"publish","type":"product","link":"https:\/\/quadalkatreszek.com\/en\/product\/110ccm-automata-dirt-bike-pitbike-gyerek-motor\/","title":{"rendered":"110ccm Automata dirt bike \/ pitbike gyerek motor"},"content":{"rendered":"<p>110ccm Automata dirt bike \/ pitbike gyerek motor 12\/10 ker\u00e9kkel \u00e9s er\u0151s\u00edtett v\u00e1zzal.<\/p>\n<p>M\u0171szaki adatok:<\/p>\n<p>Motor: Zongshen 110cc, n\u00e9gy\u00fctem\u0171 egyhengeres<br \/>\nSzelepek sz\u00e1ma: 2<br \/>\nH\u0171t\u00e9s: leveg\u0151<br \/>\nV\u00e1lt\u00f3: automata<br \/>\nF\u00e9kek: t\u00e1rcsaf\u00e9k, hidraulikus<br \/>\nV\u00e1z: ac\u00e9l<br \/>\nVilla: hidraulikus, ford\u00edtott tengely<br \/>\nKiv\u00e1l\u00f3 min\u0151s\u00e9g\u0171 h\u00e1ts\u00f3 k\u00f6zponti leng\u00e9scsillap\u00edt\u00f3 (monoshock)<br \/>\nKerekek: 12&#8243; \u00e9s 10&#8243;<br \/>\nMotorolaj: SAE 10W-40<br \/>\nS\u00faly: 49kg<br \/>\nInd\u00edt\u00e1s: elektromos<br \/>\nMax. sebess\u00e9g: ak\u00e1r 45km\/h<br \/>\nGumiabroncsok: terepgumik<br \/>\nM\u00e9retek: 1440x610x840mm<br \/>\n\u00dcl\u00e9smagass\u00e1g: 60cm<br \/>\nMax. terhel\u00e9s: 80kg<br \/>\nCsomagol\u00e1si m\u00e9retek: 1260x340x625mm<\/p>","protected":false},"excerpt":{"rendered":"<p>110ccm Automata \u00d6NIND\u00cdT\u00d3S dirt bike \/ pitbike gyerek motor 12\/10 ker\u00e9kkel \u00e9s er\u0151s\u00edtett v\u00e1zzal<\/p>","protected":false},"featured_media":49188,"comment_status":"open","ping_status":"closed","template":"","meta":[],"product_brand":[],"product_cat":[136],"product_tag":[],"class_list":{"0":"post-49186","1":"product","2":"type-product","3":"status-publish","4":"has-post-thumbnail","6":"product_cat-cross-motorok-dirt-bike-ok","7":"product_shipping_class-tulmeret-1","9":"first","10":"instock","11":"shipping-taxable","12":"purchasable","13":"product-type-simple"},"yoast_head":"<!-- This site is optimized with the Yoast SEO plugin v27.5 - https:\/\/yoast.com\/product\/yoast-seo-wordpress\/ -->\n<title>110ccm Automata dirt bike \/ pitbike gyerek motor - quadalkatreszek.com<\/title>\n<meta name=\"description\" content=\"110ccm Automata \u00d6NIND\u00cdT\u00d3S dirt bike \/ pitbike gyerek motor 12\/10 ker\u00e9kkel \u00e9s er\u0151s\u00edtett v\u00e1zzal. Gyere \u00e9s pr\u00f3b\u00e1ld ki ingyen!\" \/>\n<meta name=\"robots\" content=\"index, follow, max-snippet:-1, max-image-preview:large, max-video-preview:-1\" \/>\n<link rel=\"canonical\" href=\"https:\/\/quadalkatreszek.com\/en\/product\/110ccm-automata-dirt-bike-pitbike-gyerek-motor\/\" \/>\n<meta property=\"og:locale\" content=\"en_US\" \/>\n<meta property=\"og:type\" content=\"article\" \/>\n<meta property=\"og:title\" content=\"110ccm Automata dirt bike \/ pitbike gyerek motor - quadalkatreszek.com\" \/>\n<meta property=\"og:description\" content=\"110ccm Automata \u00d6NIND\u00cdT\u00d3S dirt bike \/ pitbike gyerek motor 12\/10 ker\u00e9kkel \u00e9s er\u0151s\u00edtett v\u00e1zzal. Gyere \u00e9s pr\u00f3b\u00e1ld ki ingyen!\" \/>\n<meta property=\"og:url\" content=\"https:\/\/quadalkatreszek.com\/en\/product\/110ccm-automata-dirt-bike-pitbike-gyerek-motor\/\" \/>\n<meta property=\"og:site_name\" content=\"quadalkatreszek.com\" \/>\n<meta property=\"article:modified_time\" content=\"2025-12-15T08:23:54+00:00\" \/>\n<meta property=\"og:image\" content=\"https:\/\/quadalkatreszek.com\/wp-content\/uploads\/2025\/06\/10mMgV4K.jpg\" \/>\n\t<meta property=\"og:image:width\" content=\"2048\" \/>\n\t<meta property=\"og:image:height\" content=\"1536\" \/>\n\t<meta property=\"og:image:type\" content=\"image\/jpeg\" \/>\n<meta name=\"twitter:card\" content=\"summary_large_image\" \/>\n<meta name=\"twitter:label1\" content=\"Est. reading time\" \/>\n\t<meta name=\"twitter:data1\" content=\"1 minute\" \/>\n<script type=\"application\/ld+json\" class=\"yoast-schema-graph\">{\"@context\":\"https:\\\/\\\/schema.org\",\"@graph\":[{\"@type\":\"WebPage\",\"@id\":\"https:\\\/\\\/quadalkatreszek.com\\\/product\\\/110ccm-automata-dirt-bike-pitbike-gyerek-motor\\\/\",\"url\":\"https:\\\/\\\/quadalkatreszek.com\\\/product\\\/110ccm-automata-dirt-bike-pitbike-gyerek-motor\\\/\",\"name\":\"110ccm Automata dirt bike \\\/ pitbike gyerek motor - quadalkatreszek.com\",\"isPartOf\":{\"@id\":\"https:\\\/\\\/quadalkatreszek.com\\\/#website\"},\"primaryImageOfPage\":{\"@id\":\"https:\\\/\\\/quadalkatreszek.com\\\/product\\\/110ccm-automata-dirt-bike-pitbike-gyerek-motor\\\/#primaryimage\"},\"image\":{\"@id\":\"https:\\\/\\\/quadalkatreszek.com\\\/product\\\/110ccm-automata-dirt-bike-pitbike-gyerek-motor\\\/#primaryimage\"},\"thumbnailUrl\":\"https:\\\/\\\/quadalkatreszek.com\\\/wp-content\\\/uploads\\\/2025\\\/06\\\/10mMgV4K.jpg\",\"datePublished\":\"2025-06-16T10:52:56+00:00\",\"dateModified\":\"2025-12-15T08:23:54+00:00\",\"description\":\"110ccm Automata \u00d6NIND\u00cdT\u00d3S dirt bike \\\/ pitbike gyerek motor 12\\\/10 ker\u00e9kkel \u00e9s er\u0151s\u00edtett v\u00e1zzal. Gyere \u00e9s pr\u00f3b\u00e1ld ki ingyen!\",\"breadcrumb\":{\"@id\":\"https:\\\/\\\/quadalkatreszek.com\\\/product\\\/110ccm-automata-dirt-bike-pitbike-gyerek-motor\\\/#breadcrumb\"},\"inLanguage\":\"en-US\",\"potentialAction\":[{\"@type\":\"ReadAction\",\"target\":[\"https:\\\/\\\/quadalkatreszek.com\\\/product\\\/110ccm-automata-dirt-bike-pitbike-gyerek-motor\\\/\"]}]},{\"@type\":\"ImageObject\",\"inLanguage\":\"en-US\",\"@id\":\"https:\\\/\\\/quadalkatreszek.com\\\/product\\\/110ccm-automata-dirt-bike-pitbike-gyerek-motor\\\/#primaryimage\",\"url\":\"https:\\\/\\\/quadalkatreszek.com\\\/wp-content\\\/uploads\\\/2025\\\/06\\\/10mMgV4K.jpg\",\"contentUrl\":\"https:\\\/\\\/quadalkatreszek.com\\\/wp-content\\\/uploads\\\/2025\\\/06\\\/10mMgV4K.jpg\",\"width\":2048,\"height\":1536,\"caption\":\"110ccm Automata \u00d6NIND\u00cdT\u00d3S dirt bike \\\/ pitbike gyerek motor\"},{\"@type\":\"BreadcrumbList\",\"@id\":\"https:\\\/\\\/quadalkatreszek.com\\\/product\\\/110ccm-automata-dirt-bike-pitbike-gyerek-motor\\\/#breadcrumb\",\"itemListElement\":[{\"@type\":\"ListItem\",\"position\":1,\"name\":\"Kezd\u0151lap\",\"item\":\"https:\\\/\\\/quadalkatreszek.com\\\/\"},{\"@type\":\"ListItem\",\"position\":2,\"name\":\"Shop\",\"item\":\"https:\\\/\\\/quadalkatreszek.com\\\/shop\\\/\"},{\"@type\":\"ListItem\",\"position\":3,\"name\":\"110ccm Automata dirt bike \\\/ pitbike gyerek motor\"}]},{\"@type\":\"WebSite\",\"@id\":\"https:\\\/\\\/quadalkatreszek.com\\\/#website\",\"url\":\"https:\\\/\\\/quadalkatreszek.com\\\/\",\"name\":\"quadalkatreszek.com\",\"description\":\"alkatr\u00e9szek - azonnal - rakt\u00e1rr\u00f3l\",\"publisher\":{\"@id\":\"https:\\\/\\\/quadalkatreszek.com\\\/#organization\"},\"potentialAction\":[{\"@type\":\"SearchAction\",\"target\":{\"@type\":\"EntryPoint\",\"urlTemplate\":\"https:\\\/\\\/quadalkatreszek.com\\\/?s={search_term_string}\"},\"query-input\":{\"@type\":\"PropertyValueSpecification\",\"valueRequired\":true,\"valueName\":\"search_term_string\"}}],\"inLanguage\":\"en-US\"},{\"@type\":\"Organization\",\"@id\":\"https:\\\/\\\/quadalkatreszek.com\\\/#organization\",\"name\":\"quadalkatreszek.com\",\"url\":\"https:\\\/\\\/quadalkatreszek.com\\\/\",\"logo\":{\"@type\":\"ImageObject\",\"inLanguage\":\"en-US\",\"@id\":\"https:\\\/\\\/quadalkatreszek.com\\\/#\\\/schema\\\/logo\\\/image\\\/\",\"url\":\"https:\\\/\\\/quadalkatreszek.com\\\/wp-content\\\/uploads\\\/2023\\\/01\\\/korlogo-2.png\",\"contentUrl\":\"https:\\\/\\\/quadalkatreszek.com\\\/wp-content\\\/uploads\\\/2023\\\/01\\\/korlogo-2.png\",\"width\":866,\"height\":866,\"caption\":\"quadalkatreszek.com\"},\"image\":{\"@id\":\"https:\\\/\\\/quadalkatreszek.com\\\/#\\\/schema\\\/logo\\\/image\\\/\"}}]}<\/script>\n<!-- \/ Yoast SEO plugin. -->","yoast_head_json":{"title":"110ccm Automata dirt bike \/ pitbike gyerek motor - quadalkatreszek.com","description":"110ccm Automata \u00d6NIND\u00cdT\u00d3S dirt bike \/ pitbike gyerek motor 12\/10 ker\u00e9kkel \u00e9s er\u0151s\u00edtett v\u00e1zzal. Gyere \u00e9s pr\u00f3b\u00e1ld ki ingyen!","robots":{"index":"index","follow":"follow","max-snippet":"max-snippet:-1","max-image-preview":"max-image-preview:large","max-video-preview":"max-video-preview:-1"},"canonical":"https:\/\/quadalkatreszek.com\/en\/product\/110ccm-automata-dirt-bike-pitbike-gyerek-motor\/","og_locale":"en_US","og_type":"article","og_title":"110ccm Automata dirt bike \/ pitbike gyerek motor - quadalkatreszek.com","og_description":"110ccm Automata \u00d6NIND\u00cdT\u00d3S dirt bike \/ pitbike gyerek motor 12\/10 ker\u00e9kkel \u00e9s er\u0151s\u00edtett v\u00e1zzal. Gyere \u00e9s pr\u00f3b\u00e1ld ki ingyen!","og_url":"https:\/\/quadalkatreszek.com\/en\/product\/110ccm-automata-dirt-bike-pitbike-gyerek-motor\/","og_site_name":"quadalkatreszek.com","article_modified_time":"2025-12-15T08:23:54+00:00","og_image":[{"width":2048,"height":1536,"url":"https:\/\/quadalkatreszek.com\/wp-content\/uploads\/2025\/06\/10mMgV4K.jpg","type":"image\/jpeg"}],"twitter_card":"summary_large_image","twitter_misc":{"Est. reading time":"1 minute"},"schema":{"@context":"https:\/\/schema.org","@graph":[{"@type":"WebPage","@id":"https:\/\/quadalkatreszek.com\/product\/110ccm-automata-dirt-bike-pitbike-gyerek-motor\/","url":"https:\/\/quadalkatreszek.com\/product\/110ccm-automata-dirt-bike-pitbike-gyerek-motor\/","name":"110ccm Automata dirt bike \/ pitbike gyerek motor - quadalkatreszek.com","isPartOf":{"@id":"https:\/\/quadalkatreszek.com\/#website"},"primaryImageOfPage":{"@id":"https:\/\/quadalkatreszek.com\/product\/110ccm-automata-dirt-bike-pitbike-gyerek-motor\/#primaryimage"},"image":{"@id":"https:\/\/quadalkatreszek.com\/product\/110ccm-automata-dirt-bike-pitbike-gyerek-motor\/#primaryimage"},"thumbnailUrl":"https:\/\/quadalkatreszek.com\/wp-content\/uploads\/2025\/06\/10mMgV4K.jpg","datePublished":"2025-06-16T10:52:56+00:00","dateModified":"2025-12-15T08:23:54+00:00","description":"110ccm Automata \u00d6NIND\u00cdT\u00d3S dirt bike \/ pitbike gyerek motor 12\/10 ker\u00e9kkel \u00e9s er\u0151s\u00edtett v\u00e1zzal. Gyere \u00e9s pr\u00f3b\u00e1ld ki ingyen!","breadcrumb":{"@id":"https:\/\/quadalkatreszek.com\/product\/110ccm-automata-dirt-bike-pitbike-gyerek-motor\/#breadcrumb"},"inLanguage":"en-US","potentialAction":[{"@type":"ReadAction","target":["https:\/\/quadalkatreszek.com\/product\/110ccm-automata-dirt-bike-pitbike-gyerek-motor\/"]}]},{"@type":"ImageObject","inLanguage":"en-US","@id":"https:\/\/quadalkatreszek.com\/product\/110ccm-automata-dirt-bike-pitbike-gyerek-motor\/#primaryimage","url":"https:\/\/quadalkatreszek.com\/wp-content\/uploads\/2025\/06\/10mMgV4K.jpg","contentUrl":"https:\/\/quadalkatreszek.com\/wp-content\/uploads\/2025\/06\/10mMgV4K.jpg","width":2048,"height":1536,"caption":"110ccm Automata \u00d6NIND\u00cdT\u00d3S dirt bike \/ pitbike gyerek motor"},{"@type":"BreadcrumbList","@id":"https:\/\/quadalkatreszek.com\/product\/110ccm-automata-dirt-bike-pitbike-gyerek-motor\/#breadcrumb","itemListElement":[{"@type":"ListItem","position":1,"name":"Kezd\u0151lap","item":"https:\/\/quadalkatreszek.com\/"},{"@type":"ListItem","position":2,"name":"Shop","item":"https:\/\/quadalkatreszek.com\/shop\/"},{"@type":"ListItem","position":3,"name":"110ccm Automata dirt bike \/ pitbike gyerek motor"}]},{"@type":"WebSite","@id":"https:\/\/quadalkatreszek.com\/#website","url":"https:\/\/quadalkatreszek.com\/","name":"quadalkatreszek.com","description":"alkatr\u00e9szek - azonnal - rakt\u00e1rr\u00f3l","publisher":{"@id":"https:\/\/quadalkatreszek.com\/#organization"},"potentialAction":[{"@type":"SearchAction","target":{"@type":"EntryPoint","urlTemplate":"https:\/\/quadalkatreszek.com\/?s={search_term_string}"},"query-input":{"@type":"PropertyValueSpecification","valueRequired":true,"valueName":"search_term_string"}}],"inLanguage":"en-US"},{"@type":"Organization","@id":"https:\/\/quadalkatreszek.com\/#organization","name":"quadalkatreszek.com","url":"https:\/\/quadalkatreszek.com\/","logo":{"@type":"ImageObject","inLanguage":"en-US","@id":"https:\/\/quadalkatreszek.com\/#\/schema\/logo\/image\/","url":"https:\/\/quadalkatreszek.com\/wp-content\/uploads\/2023\/01\/korlogo-2.png","contentUrl":"https:\/\/quadalkatreszek.com\/wp-content\/uploads\/2023\/01\/korlogo-2.png","width":866,"height":866,"caption":"quadalkatreszek.com"},"image":{"@id":"https:\/\/quadalkatreszek.com\/#\/schema\/logo\/image\/"}}]}},"_links":{"self":[{"href":"https:\/\/quadalkatreszek.com\/en\/wp-json\/wp\/v2\/product\/49186","targetHints":{"allow":["GET"]}}],"collection":[{"href":"https:\/\/quadalkatreszek.com\/en\/wp-json\/wp\/v2\/product"}],"about":[{"href":"https:\/\/quadalkatreszek.com\/en\/wp-json\/wp\/v2\/types\/product"}],"replies":[{"embeddable":true,"href":"https:\/\/quadalkatreszek.com\/en\/wp-json\/wp\/v2\/comments?post=49186"}],"wp:featuredmedia":[{"embeddable":true,"href":"https:\/\/quadalkatreszek.com\/en\/wp-json\/wp\/v2\/media\/49188"}],"wp:attachment":[{"href":"https:\/\/quadalkatreszek.com\/en\/wp-json\/wp\/v2\/media?parent=49186"}],"wp:term":[{"taxonomy":"product_brand","embeddable":true,"href":"https:\/\/quadalkatreszek.com\/en\/wp-json\/wp\/v2\/product_brand?post=49186"},{"taxonomy":"product_cat","embeddable":true,"href":"https:\/\/quadalkatreszek.com\/en\/wp-json\/wp\/v2\/product_cat?post=49186"},{"taxonomy":"product_tag","embeddable":true,"href":"https:\/\/quadalkatreszek.com\/en\/wp-json\/wp\/v2\/product_tag?post=49186"}],"curies":[{"name":"wp","href":"https:\/\/api.w.org\/{rel}","templated":true}]}}