{"id":50836,"date":"2025-08-21T11:35:40","date_gmt":"2025-08-21T10:35:40","guid":{"rendered":"https:\/\/quadalkatreszek.com\/?post_type=product&#038;p=50836"},"modified":"2025-08-21T12:02:13","modified_gmt":"2025-08-21T11:02:13","slug":"pitbike-125cc-14-12-kerek","status":"publish","type":"product","link":"https:\/\/quadalkatreszek.com\/en\/product\/pitbike-125cc-14-12-kerek\/","title":{"rendered":"Pitbike 125cc 14\/12 ker\u00e9k"},"content":{"rendered":"<p>Automata dirt bike \/ pitbike 125cc 14\/12 ker\u00e9k<\/p>\n<p>Off road haszn\u00e1latra<\/p>\n<p>Gyere el hozz\u00e1nk \u00e9s pr\u00f3b\u00e1ld ki teljesen ingyen b\u00e1rmelyik term\u00e9k\u00fcnket!<\/p>\n<p>H\u0171t\u00e9s: leveg\u0151s<br \/>\nV\u00e1lt\u00f3: automata<br \/>\nF\u00e9kek: t\u00e1rcsaf\u00e9k, hidraulikus<br \/>\nH\u00e1ts\u00f3 f\u00e9k l\u00e1bbal m\u0171k\u00f6dtethet\u0151, el\u00f6l klasszikus a korm\u00e1nyon<br \/>\nV\u00e1z: ac\u00e9l<br \/>\nVilla: hidraulikus, ford\u00edtott tengelyt\u00e1v\u00fa<br \/>\nKiv\u00e1l\u00f3 min\u0151s\u00e9g\u0171 h\u00e1ts\u00f3 k\u00f6zponti leng\u00e9scsillap\u00edt\u00f3 (monoshock)<br \/>\nKerekek: 14&#8243; \u00e9s 12&#8243; (k\u00fcll\u0151s felnik)<br \/>\nA motorker\u00e9kp\u00e1r \u00f6nind\u00edt\u00f3val van felszerelve<br \/>\nMotorolaj: SAE 10W-40<br \/>\nInd\u00edt\u00e1s: elektromos ind\u00edt\u00f3<br \/>\n\u00dczemanyag: Natural 95<br \/>\nMax. sebess\u00e9g folyt\u00e1ssal: 40km\/h<br \/>\nGumiabroncsok: terepj\u00e1r\u00f3 (motocross)<br \/>\nS\u00faly: 65kg<br \/>\nMax. Hossz\u00fa t\u00e1v\u00fa terhel\u00e9s: 70 kg<br \/>\n\u00dcl\u00e9smagass\u00e1g: 700 mm<br \/>\nTeljes hossz\u00fas\u00e1g: 1560 mm<\/p>","protected":false},"excerpt":{"rendered":"<p>Automata dirt bike \/ pitbike 125cc 14\/12 ker\u00e9km\u00e9ret<\/p>\n<p>Off road haszn\u00e1latra<\/p>\n<p>10-12 \u00e9ves kort\u00f3l aj\u00e1nlott ez a m\u00e9ret\u0171 modell!<\/p>","protected":false},"featured_media":50443,"comment_status":"open","ping_status":"closed","template":"","meta":[],"product_brand":[],"product_cat":[136],"product_tag":[],"class_list":{"0":"post-50836","1":"product","2":"type-product","3":"status-publish","4":"has-post-thumbnail","6":"product_cat-cross-motorok-dirt-bike-ok","8":"first","9":"instock","10":"shipping-taxable","11":"purchasable","12":"product-type-simple"},"yoast_head":"<!-- This site is optimized with the Yoast SEO plugin v27.4 - https:\/\/yoast.com\/product\/yoast-seo-wordpress\/ -->\n<title>Pitbike 125cc 14\/12 ker\u00e9k - quadalkatreszek.com<\/title>\n<meta name=\"description\" content=\"Automata dirt bike \/ pitbike 125cc 14\/12 ker\u00e9km\u00e9ret10-12 \u00e9ves kort\u00f3l aj\u00e1nlott ez a m\u00e9ret\u0171 modell! Gyere \u00e9s pr\u00f3b\u00e1ld ki ingyen!\" \/>\n<meta name=\"robots\" content=\"index, follow, max-snippet:-1, max-image-preview:large, max-video-preview:-1\" \/>\n<link rel=\"canonical\" href=\"https:\/\/quadalkatreszek.com\/en\/product\/pitbike-125cc-14-12-kerek\/\" \/>\n<meta property=\"og:locale\" content=\"en_US\" \/>\n<meta property=\"og:type\" content=\"article\" \/>\n<meta property=\"og:title\" content=\"Pitbike 125cc 14\/12 ker\u00e9k - quadalkatreszek.com\" \/>\n<meta property=\"og:description\" content=\"Automata dirt bike \/ pitbike 125cc 14\/12 ker\u00e9km\u00e9ret10-12 \u00e9ves kort\u00f3l aj\u00e1nlott ez a m\u00e9ret\u0171 modell! Gyere \u00e9s pr\u00f3b\u00e1ld ki ingyen!\" \/>\n<meta property=\"og:url\" content=\"https:\/\/quadalkatreszek.com\/en\/product\/pitbike-125cc-14-12-kerek\/\" \/>\n<meta property=\"og:site_name\" content=\"quadalkatreszek.com\" \/>\n<meta property=\"article:modified_time\" content=\"2025-08-21T11:02:13+00:00\" \/>\n<meta property=\"og:image\" content=\"https:\/\/quadalkatreszek.com\/wp-content\/uploads\/2025\/08\/x4tU8AXk.jpg\" \/>\n\t<meta property=\"og:image:width\" content=\"2030\" \/>\n\t<meta property=\"og:image:height\" content=\"1374\" \/>\n\t<meta property=\"og:image:type\" content=\"image\/jpeg\" \/>\n<meta name=\"twitter:card\" content=\"summary_large_image\" \/>\n<meta name=\"twitter:label1\" content=\"Est. reading time\" \/>\n\t<meta name=\"twitter:data1\" content=\"1 minute\" \/>\n<script type=\"application\/ld+json\" class=\"yoast-schema-graph\">{\"@context\":\"https:\\\/\\\/schema.org\",\"@graph\":[{\"@type\":\"WebPage\",\"@id\":\"https:\\\/\\\/quadalkatreszek.com\\\/product\\\/pitbike-125cc-14-12-kerek\\\/\",\"url\":\"https:\\\/\\\/quadalkatreszek.com\\\/product\\\/pitbike-125cc-14-12-kerek\\\/\",\"name\":\"Pitbike 125cc 14\\\/12 ker\u00e9k - quadalkatreszek.com\",\"isPartOf\":{\"@id\":\"https:\\\/\\\/quadalkatreszek.com\\\/#website\"},\"primaryImageOfPage\":{\"@id\":\"https:\\\/\\\/quadalkatreszek.com\\\/product\\\/pitbike-125cc-14-12-kerek\\\/#primaryimage\"},\"image\":{\"@id\":\"https:\\\/\\\/quadalkatreszek.com\\\/product\\\/pitbike-125cc-14-12-kerek\\\/#primaryimage\"},\"thumbnailUrl\":\"https:\\\/\\\/quadalkatreszek.com\\\/wp-content\\\/uploads\\\/2025\\\/08\\\/x4tU8AXk.jpg\",\"datePublished\":\"2025-08-21T10:35:40+00:00\",\"dateModified\":\"2025-08-21T11:02:13+00:00\",\"description\":\"Automata dirt bike \\\/ pitbike 125cc 14\\\/12 ker\u00e9km\u00e9ret10-12 \u00e9ves kort\u00f3l aj\u00e1nlott ez a m\u00e9ret\u0171 modell! Gyere \u00e9s pr\u00f3b\u00e1ld ki ingyen!\",\"breadcrumb\":{\"@id\":\"https:\\\/\\\/quadalkatreszek.com\\\/product\\\/pitbike-125cc-14-12-kerek\\\/#breadcrumb\"},\"inLanguage\":\"en-US\",\"potentialAction\":[{\"@type\":\"ReadAction\",\"target\":[\"https:\\\/\\\/quadalkatreszek.com\\\/product\\\/pitbike-125cc-14-12-kerek\\\/\"]}]},{\"@type\":\"ImageObject\",\"inLanguage\":\"en-US\",\"@id\":\"https:\\\/\\\/quadalkatreszek.com\\\/product\\\/pitbike-125cc-14-12-kerek\\\/#primaryimage\",\"url\":\"https:\\\/\\\/quadalkatreszek.com\\\/wp-content\\\/uploads\\\/2025\\\/08\\\/x4tU8AXk.jpg\",\"contentUrl\":\"https:\\\/\\\/quadalkatreszek.com\\\/wp-content\\\/uploads\\\/2025\\\/08\\\/x4tU8AXk.jpg\",\"width\":2030,\"height\":1374,\"caption\":\"dirt bike \\\/ pitbike 125cc\"},{\"@type\":\"BreadcrumbList\",\"@id\":\"https:\\\/\\\/quadalkatreszek.com\\\/product\\\/pitbike-125cc-14-12-kerek\\\/#breadcrumb\",\"itemListElement\":[{\"@type\":\"ListItem\",\"position\":1,\"name\":\"Kezd\u0151lap\",\"item\":\"https:\\\/\\\/quadalkatreszek.com\\\/\"},{\"@type\":\"ListItem\",\"position\":2,\"name\":\"Shop\",\"item\":\"https:\\\/\\\/quadalkatreszek.com\\\/shop\\\/\"},{\"@type\":\"ListItem\",\"position\":3,\"name\":\"Pitbike 125cc 14\\\/12 ker\u00e9k\"}]},{\"@type\":\"WebSite\",\"@id\":\"https:\\\/\\\/quadalkatreszek.com\\\/#website\",\"url\":\"https:\\\/\\\/quadalkatreszek.com\\\/\",\"name\":\"quadalkatreszek.com\",\"description\":\"alkatr\u00e9szek - azonnal - rakt\u00e1rr\u00f3l\",\"publisher\":{\"@id\":\"https:\\\/\\\/quadalkatreszek.com\\\/#organization\"},\"potentialAction\":[{\"@type\":\"SearchAction\",\"target\":{\"@type\":\"EntryPoint\",\"urlTemplate\":\"https:\\\/\\\/quadalkatreszek.com\\\/?s={search_term_string}\"},\"query-input\":{\"@type\":\"PropertyValueSpecification\",\"valueRequired\":true,\"valueName\":\"search_term_string\"}}],\"inLanguage\":\"en-US\"},{\"@type\":\"Organization\",\"@id\":\"https:\\\/\\\/quadalkatreszek.com\\\/#organization\",\"name\":\"quadalkatreszek.com\",\"url\":\"https:\\\/\\\/quadalkatreszek.com\\\/\",\"logo\":{\"@type\":\"ImageObject\",\"inLanguage\":\"en-US\",\"@id\":\"https:\\\/\\\/quadalkatreszek.com\\\/#\\\/schema\\\/logo\\\/image\\\/\",\"url\":\"https:\\\/\\\/quadalkatreszek.com\\\/wp-content\\\/uploads\\\/2023\\\/01\\\/korlogo-2.png\",\"contentUrl\":\"https:\\\/\\\/quadalkatreszek.com\\\/wp-content\\\/uploads\\\/2023\\\/01\\\/korlogo-2.png\",\"width\":866,\"height\":866,\"caption\":\"quadalkatreszek.com\"},\"image\":{\"@id\":\"https:\\\/\\\/quadalkatreszek.com\\\/#\\\/schema\\\/logo\\\/image\\\/\"}}]}<\/script>\n<!-- \/ Yoast SEO plugin. -->","yoast_head_json":{"title":"Pitbike 125cc 14\/12 ker\u00e9k - quadalkatreszek.com","description":"Automata dirt bike \/ pitbike 125cc 14\/12 ker\u00e9km\u00e9ret10-12 \u00e9ves kort\u00f3l aj\u00e1nlott ez a m\u00e9ret\u0171 modell! Gyere \u00e9s pr\u00f3b\u00e1ld ki ingyen!","robots":{"index":"index","follow":"follow","max-snippet":"max-snippet:-1","max-image-preview":"max-image-preview:large","max-video-preview":"max-video-preview:-1"},"canonical":"https:\/\/quadalkatreszek.com\/en\/product\/pitbike-125cc-14-12-kerek\/","og_locale":"en_US","og_type":"article","og_title":"Pitbike 125cc 14\/12 ker\u00e9k - quadalkatreszek.com","og_description":"Automata dirt bike \/ pitbike 125cc 14\/12 ker\u00e9km\u00e9ret10-12 \u00e9ves kort\u00f3l aj\u00e1nlott ez a m\u00e9ret\u0171 modell! Gyere \u00e9s pr\u00f3b\u00e1ld ki ingyen!","og_url":"https:\/\/quadalkatreszek.com\/en\/product\/pitbike-125cc-14-12-kerek\/","og_site_name":"quadalkatreszek.com","article_modified_time":"2025-08-21T11:02:13+00:00","og_image":[{"width":2030,"height":1374,"url":"https:\/\/quadalkatreszek.com\/wp-content\/uploads\/2025\/08\/x4tU8AXk.jpg","type":"image\/jpeg"}],"twitter_card":"summary_large_image","twitter_misc":{"Est. reading time":"1 minute"},"schema":{"@context":"https:\/\/schema.org","@graph":[{"@type":"WebPage","@id":"https:\/\/quadalkatreszek.com\/product\/pitbike-125cc-14-12-kerek\/","url":"https:\/\/quadalkatreszek.com\/product\/pitbike-125cc-14-12-kerek\/","name":"Pitbike 125cc 14\/12 ker\u00e9k - quadalkatreszek.com","isPartOf":{"@id":"https:\/\/quadalkatreszek.com\/#website"},"primaryImageOfPage":{"@id":"https:\/\/quadalkatreszek.com\/product\/pitbike-125cc-14-12-kerek\/#primaryimage"},"image":{"@id":"https:\/\/quadalkatreszek.com\/product\/pitbike-125cc-14-12-kerek\/#primaryimage"},"thumbnailUrl":"https:\/\/quadalkatreszek.com\/wp-content\/uploads\/2025\/08\/x4tU8AXk.jpg","datePublished":"2025-08-21T10:35:40+00:00","dateModified":"2025-08-21T11:02:13+00:00","description":"Automata dirt bike \/ pitbike 125cc 14\/12 ker\u00e9km\u00e9ret10-12 \u00e9ves kort\u00f3l aj\u00e1nlott ez a m\u00e9ret\u0171 modell! Gyere \u00e9s pr\u00f3b\u00e1ld ki ingyen!","breadcrumb":{"@id":"https:\/\/quadalkatreszek.com\/product\/pitbike-125cc-14-12-kerek\/#breadcrumb"},"inLanguage":"en-US","potentialAction":[{"@type":"ReadAction","target":["https:\/\/quadalkatreszek.com\/product\/pitbike-125cc-14-12-kerek\/"]}]},{"@type":"ImageObject","inLanguage":"en-US","@id":"https:\/\/quadalkatreszek.com\/product\/pitbike-125cc-14-12-kerek\/#primaryimage","url":"https:\/\/quadalkatreszek.com\/wp-content\/uploads\/2025\/08\/x4tU8AXk.jpg","contentUrl":"https:\/\/quadalkatreszek.com\/wp-content\/uploads\/2025\/08\/x4tU8AXk.jpg","width":2030,"height":1374,"caption":"dirt bike \/ pitbike 125cc"},{"@type":"BreadcrumbList","@id":"https:\/\/quadalkatreszek.com\/product\/pitbike-125cc-14-12-kerek\/#breadcrumb","itemListElement":[{"@type":"ListItem","position":1,"name":"Kezd\u0151lap","item":"https:\/\/quadalkatreszek.com\/"},{"@type":"ListItem","position":2,"name":"Shop","item":"https:\/\/quadalkatreszek.com\/shop\/"},{"@type":"ListItem","position":3,"name":"Pitbike 125cc 14\/12 ker\u00e9k"}]},{"@type":"WebSite","@id":"https:\/\/quadalkatreszek.com\/#website","url":"https:\/\/quadalkatreszek.com\/","name":"quadalkatreszek.com","description":"alkatr\u00e9szek - azonnal - rakt\u00e1rr\u00f3l","publisher":{"@id":"https:\/\/quadalkatreszek.com\/#organization"},"potentialAction":[{"@type":"SearchAction","target":{"@type":"EntryPoint","urlTemplate":"https:\/\/quadalkatreszek.com\/?s={search_term_string}"},"query-input":{"@type":"PropertyValueSpecification","valueRequired":true,"valueName":"search_term_string"}}],"inLanguage":"en-US"},{"@type":"Organization","@id":"https:\/\/quadalkatreszek.com\/#organization","name":"quadalkatreszek.com","url":"https:\/\/quadalkatreszek.com\/","logo":{"@type":"ImageObject","inLanguage":"en-US","@id":"https:\/\/quadalkatreszek.com\/#\/schema\/logo\/image\/","url":"https:\/\/quadalkatreszek.com\/wp-content\/uploads\/2023\/01\/korlogo-2.png","contentUrl":"https:\/\/quadalkatreszek.com\/wp-content\/uploads\/2023\/01\/korlogo-2.png","width":866,"height":866,"caption":"quadalkatreszek.com"},"image":{"@id":"https:\/\/quadalkatreszek.com\/#\/schema\/logo\/image\/"}}]}},"_links":{"self":[{"href":"https:\/\/quadalkatreszek.com\/en\/wp-json\/wp\/v2\/product\/50836","targetHints":{"allow":["GET"]}}],"collection":[{"href":"https:\/\/quadalkatreszek.com\/en\/wp-json\/wp\/v2\/product"}],"about":[{"href":"https:\/\/quadalkatreszek.com\/en\/wp-json\/wp\/v2\/types\/product"}],"replies":[{"embeddable":true,"href":"https:\/\/quadalkatreszek.com\/en\/wp-json\/wp\/v2\/comments?post=50836"}],"wp:featuredmedia":[{"embeddable":true,"href":"https:\/\/quadalkatreszek.com\/en\/wp-json\/wp\/v2\/media\/50443"}],"wp:attachment":[{"href":"https:\/\/quadalkatreszek.com\/en\/wp-json\/wp\/v2\/media?parent=50836"}],"wp:term":[{"taxonomy":"product_brand","embeddable":true,"href":"https:\/\/quadalkatreszek.com\/en\/wp-json\/wp\/v2\/product_brand?post=50836"},{"taxonomy":"product_cat","embeddable":true,"href":"https:\/\/quadalkatreszek.com\/en\/wp-json\/wp\/v2\/product_cat?post=50836"},{"taxonomy":"product_tag","embeddable":true,"href":"https:\/\/quadalkatreszek.com\/en\/wp-json\/wp\/v2\/product_tag?post=50836"}],"curies":[{"name":"wp","href":"https:\/\/api.w.org\/{rel}","templated":true}]}}