{"id":50975,"date":"2025-08-27T08:58:38","date_gmt":"2025-08-27T07:58:38","guid":{"rendered":"https:\/\/quadalkatreszek.com\/?post_type=product&#038;p=50975"},"modified":"2025-09-29T08:56:06","modified_gmt":"2025-09-29T07:56:06","slug":"hammer-200cc-quad-rendszamoztathato","status":"publish","type":"product","link":"https:\/\/quadalkatreszek.com\/en\/product\/hammer-200cc-quad-rendszamoztathato\/","title":{"rendered":"Hammer 200cc quad Rendsz\u00e1moztathat\u00f3"},"content":{"rendered":"<p>Mikilon Hammer 200 quad<br \/>\nEz a modell rendsz\u00e1mos, rendsz\u00e1mozhat\u00f3, k\u00f6z\u00fati forgalomban r\u00e9szt vehet!<\/p>\n<p>Motor:<\/p>\n<p>Motor: Loncin LX162FMK-2, n\u00e9gy\u00fctem\u0171 egyhengeres l\u00e9gh\u0171t\u00e9ses<br \/>\nMotor \u0171rtartalom: 176ccm<br \/>\nMotor teljes\u00edtm\u00e9ny: 9kW \/ 8000rpm<br \/>\nNyomat\u00e9k: 13N.m\/6000rpm<br \/>\nT\u00f6m\u00f6r\u00edt\u00e9si ar\u00e1ny: 9,5:1<br \/>\nFurat x l\u00f6ket: 62\u00d758,4 mm<br \/>\nInd\u00edt\u00e1s: elektromos ind\u00edt\u00e1s<br \/>\n\u00dczemanyag: 95-\u00f6s<br \/>\nKarbur\u00e1tor: standard karbur\u00e1tor<\/p>\n<p>Hajt\u00e1s<\/p>\n<p>Hajt\u00e1s: 2\u00d74<br \/>\nSebess\u00e9gv\u00e1lt\u00f3: automata \u2013 CVT vari\u00e1tor F\/N\/R h\u00e1tramenettel<br \/>\nL\u00e1nchajt\u00e1s<\/p>\n<p>Fel\u00e9p\u00edtm\u00e9ny<\/p>\n<p>Leng\u00e9scsillap\u00edt\u00f3k: els\u0151 \u00e9s h\u00e1ts\u00f3 olaj<br \/>\nF\u00e9kek: els\u0151 \u00e9s h\u00e1ts\u00f3 hidraulikus t\u00e1rcsaf\u00e9k<br \/>\nFelnik: ac\u00e9l 10\u2033<br \/>\nEls\u0151 gumik: 21\u00d77-10\u2033<br \/>\nH\u00e1ts\u00f3 gumik: 22\u00d710-10\u2033<\/p>\n<p>Egy\u00e9b:<\/p>\n<p>Max. sebess\u00e9g: kb. 60-80km\/h (a vezet\u0151 s\u00faly\u00e1t\u00f3l \u00e9s a terept\u0151l f\u00fcgg\u0151en)<br \/>\nEls\u0151 l\u00e1mp\u00e1k: LED<br \/>\n\u00dczemanyagtart\u00e1ly t\u00e9rfogata: 9,7l<\/p>\n<p>M\u00e9retek<\/p>\n<p>Teljes hossz: 1760 mm<br \/>\nTeljes sz\u00e9less\u00e9g: 1040 mm<br \/>\nTeljes magass\u00e1g: 1120 mm<br \/>\nTengelyt\u00e1v: 1150 mm<br \/>\n\u00dcl\u00e9smagass\u00e1g: 860 mm<br \/>\nA quad s\u00falya: 197 kg<\/p>\n<p>K\u00f6z\u00fati k\u00f6zleked\u00e9s: igen, T3b (B kateg\u00f3ri\u00e1s jogos\u00edtv\u00e1ny \u2013 szem\u00e9lyg\u00e9pkocsi)<\/p>","protected":false},"excerpt":{"rendered":"<p>Mikilon Hammer 200 quad<br \/>\nEz a modell rendsz\u00e1mozhat\u00f3, k\u00f6z\u00fati forgalomban r\u00e9szt vehet!<\/p>","protected":false},"featured_media":51088,"comment_status":"open","ping_status":"closed","template":"","meta":[],"product_brand":[],"product_cat":[92],"product_tag":[],"class_list":{"0":"post-50975","1":"product","2":"type-product","3":"status-publish","4":"has-post-thumbnail","6":"product_cat-felnott-quadok","8":"first","9":"instock","10":"shipping-taxable","11":"purchasable","12":"product-type-simple"},"yoast_head":"<!-- This site is optimized with the Yoast SEO plugin v27.5 - https:\/\/yoast.com\/product\/yoast-seo-wordpress\/ -->\n<title>Hammer 200cc quad Rendsz\u00e1moztathat\u00f3 - quadalkatreszek.com<\/title>\n<meta name=\"description\" content=\"Mikilon Hammer 200 quad. Ez a modell rendsz\u00e1mozhat\u00f3, k\u00f6z\u00fati forgalomban r\u00e9szt vehet! \u00c1r \u00e9rt\u00e9k ar\u00e1nyban verhetetlen B kateg\u00f3ri\u00e1val vezethet\u0151!\" \/>\n<meta name=\"robots\" content=\"index, follow, max-snippet:-1, max-image-preview:large, max-video-preview:-1\" \/>\n<link rel=\"canonical\" href=\"https:\/\/quadalkatreszek.com\/en\/product\/hammer-200cc-quad-rendszamoztathato\/\" \/>\n<meta property=\"og:locale\" content=\"en_US\" \/>\n<meta property=\"og:type\" content=\"article\" \/>\n<meta property=\"og:title\" content=\"Hammer 200cc quad Rendsz\u00e1moztathat\u00f3 - quadalkatreszek.com\" \/>\n<meta property=\"og:description\" content=\"Mikilon Hammer 200 quad. Ez a modell rendsz\u00e1mozhat\u00f3, k\u00f6z\u00fati forgalomban r\u00e9szt vehet! \u00c1r \u00e9rt\u00e9k ar\u00e1nyban verhetetlen B kateg\u00f3ri\u00e1val vezethet\u0151!\" \/>\n<meta property=\"og:url\" content=\"https:\/\/quadalkatreszek.com\/en\/product\/hammer-200cc-quad-rendszamoztathato\/\" \/>\n<meta property=\"og:site_name\" content=\"quadalkatreszek.com\" \/>\n<meta property=\"article:modified_time\" content=\"2025-09-29T07:56:06+00:00\" \/>\n<meta property=\"og:image\" content=\"https:\/\/quadalkatreszek.com\/wp-content\/uploads\/2025\/08\/001.jpg\" \/>\n\t<meta property=\"og:image:width\" content=\"2048\" \/>\n\t<meta property=\"og:image:height\" content=\"1536\" \/>\n\t<meta property=\"og:image:type\" content=\"image\/jpeg\" \/>\n<meta name=\"twitter:card\" content=\"summary_large_image\" \/>\n<meta name=\"twitter:label1\" content=\"Est. reading time\" \/>\n\t<meta name=\"twitter:data1\" content=\"1 minute\" \/>\n<script type=\"application\/ld+json\" class=\"yoast-schema-graph\">{\"@context\":\"https:\\\/\\\/schema.org\",\"@graph\":[{\"@type\":\"WebPage\",\"@id\":\"https:\\\/\\\/quadalkatreszek.com\\\/product\\\/hammer-200cc-quad-rendszamoztathato\\\/\",\"url\":\"https:\\\/\\\/quadalkatreszek.com\\\/product\\\/hammer-200cc-quad-rendszamoztathato\\\/\",\"name\":\"Hammer 200cc quad Rendsz\u00e1moztathat\u00f3 - quadalkatreszek.com\",\"isPartOf\":{\"@id\":\"https:\\\/\\\/quadalkatreszek.com\\\/#website\"},\"primaryImageOfPage\":{\"@id\":\"https:\\\/\\\/quadalkatreszek.com\\\/product\\\/hammer-200cc-quad-rendszamoztathato\\\/#primaryimage\"},\"image\":{\"@id\":\"https:\\\/\\\/quadalkatreszek.com\\\/product\\\/hammer-200cc-quad-rendszamoztathato\\\/#primaryimage\"},\"thumbnailUrl\":\"https:\\\/\\\/quadalkatreszek.com\\\/wp-content\\\/uploads\\\/2025\\\/08\\\/001.jpg\",\"datePublished\":\"2025-08-27T07:58:38+00:00\",\"dateModified\":\"2025-09-29T07:56:06+00:00\",\"description\":\"Mikilon Hammer 200 quad. Ez a modell rendsz\u00e1mozhat\u00f3, k\u00f6z\u00fati forgalomban r\u00e9szt vehet! \u00c1r \u00e9rt\u00e9k ar\u00e1nyban verhetetlen B kateg\u00f3ri\u00e1val vezethet\u0151!\",\"breadcrumb\":{\"@id\":\"https:\\\/\\\/quadalkatreszek.com\\\/product\\\/hammer-200cc-quad-rendszamoztathato\\\/#breadcrumb\"},\"inLanguage\":\"en-US\",\"potentialAction\":[{\"@type\":\"ReadAction\",\"target\":[\"https:\\\/\\\/quadalkatreszek.com\\\/product\\\/hammer-200cc-quad-rendszamoztathato\\\/\"]}]},{\"@type\":\"ImageObject\",\"inLanguage\":\"en-US\",\"@id\":\"https:\\\/\\\/quadalkatreszek.com\\\/product\\\/hammer-200cc-quad-rendszamoztathato\\\/#primaryimage\",\"url\":\"https:\\\/\\\/quadalkatreszek.com\\\/wp-content\\\/uploads\\\/2025\\\/08\\\/001.jpg\",\"contentUrl\":\"https:\\\/\\\/quadalkatreszek.com\\\/wp-content\\\/uploads\\\/2025\\\/08\\\/001.jpg\",\"width\":2048,\"height\":1536,\"caption\":\"rendsz\u00e1mos quad\"},{\"@type\":\"BreadcrumbList\",\"@id\":\"https:\\\/\\\/quadalkatreszek.com\\\/product\\\/hammer-200cc-quad-rendszamoztathato\\\/#breadcrumb\",\"itemListElement\":[{\"@type\":\"ListItem\",\"position\":1,\"name\":\"Kezd\u0151lap\",\"item\":\"https:\\\/\\\/quadalkatreszek.com\\\/\"},{\"@type\":\"ListItem\",\"position\":2,\"name\":\"Shop\",\"item\":\"https:\\\/\\\/quadalkatreszek.com\\\/shop\\\/\"},{\"@type\":\"ListItem\",\"position\":3,\"name\":\"Hammer 200cc quad Rendsz\u00e1moztathat\u00f3\"}]},{\"@type\":\"WebSite\",\"@id\":\"https:\\\/\\\/quadalkatreszek.com\\\/#website\",\"url\":\"https:\\\/\\\/quadalkatreszek.com\\\/\",\"name\":\"quadalkatreszek.com\",\"description\":\"alkatr\u00e9szek - azonnal - rakt\u00e1rr\u00f3l\",\"publisher\":{\"@id\":\"https:\\\/\\\/quadalkatreszek.com\\\/#organization\"},\"potentialAction\":[{\"@type\":\"SearchAction\",\"target\":{\"@type\":\"EntryPoint\",\"urlTemplate\":\"https:\\\/\\\/quadalkatreszek.com\\\/?s={search_term_string}\"},\"query-input\":{\"@type\":\"PropertyValueSpecification\",\"valueRequired\":true,\"valueName\":\"search_term_string\"}}],\"inLanguage\":\"en-US\"},{\"@type\":\"Organization\",\"@id\":\"https:\\\/\\\/quadalkatreszek.com\\\/#organization\",\"name\":\"quadalkatreszek.com\",\"url\":\"https:\\\/\\\/quadalkatreszek.com\\\/\",\"logo\":{\"@type\":\"ImageObject\",\"inLanguage\":\"en-US\",\"@id\":\"https:\\\/\\\/quadalkatreszek.com\\\/#\\\/schema\\\/logo\\\/image\\\/\",\"url\":\"https:\\\/\\\/quadalkatreszek.com\\\/wp-content\\\/uploads\\\/2023\\\/01\\\/korlogo-2.png\",\"contentUrl\":\"https:\\\/\\\/quadalkatreszek.com\\\/wp-content\\\/uploads\\\/2023\\\/01\\\/korlogo-2.png\",\"width\":866,\"height\":866,\"caption\":\"quadalkatreszek.com\"},\"image\":{\"@id\":\"https:\\\/\\\/quadalkatreszek.com\\\/#\\\/schema\\\/logo\\\/image\\\/\"}}]}<\/script>\n<!-- \/ Yoast SEO plugin. -->","yoast_head_json":{"title":"Hammer 200cc quad Rendsz\u00e1moztathat\u00f3 - quadalkatreszek.com","description":"Mikilon Hammer 200 quad. Ez a modell rendsz\u00e1mozhat\u00f3, k\u00f6z\u00fati forgalomban r\u00e9szt vehet! \u00c1r \u00e9rt\u00e9k ar\u00e1nyban verhetetlen B kateg\u00f3ri\u00e1val vezethet\u0151!","robots":{"index":"index","follow":"follow","max-snippet":"max-snippet:-1","max-image-preview":"max-image-preview:large","max-video-preview":"max-video-preview:-1"},"canonical":"https:\/\/quadalkatreszek.com\/en\/product\/hammer-200cc-quad-rendszamoztathato\/","og_locale":"en_US","og_type":"article","og_title":"Hammer 200cc quad Rendsz\u00e1moztathat\u00f3 - quadalkatreszek.com","og_description":"Mikilon Hammer 200 quad. Ez a modell rendsz\u00e1mozhat\u00f3, k\u00f6z\u00fati forgalomban r\u00e9szt vehet! \u00c1r \u00e9rt\u00e9k ar\u00e1nyban verhetetlen B kateg\u00f3ri\u00e1val vezethet\u0151!","og_url":"https:\/\/quadalkatreszek.com\/en\/product\/hammer-200cc-quad-rendszamoztathato\/","og_site_name":"quadalkatreszek.com","article_modified_time":"2025-09-29T07:56:06+00:00","og_image":[{"width":2048,"height":1536,"url":"https:\/\/quadalkatreszek.com\/wp-content\/uploads\/2025\/08\/001.jpg","type":"image\/jpeg"}],"twitter_card":"summary_large_image","twitter_misc":{"Est. reading time":"1 minute"},"schema":{"@context":"https:\/\/schema.org","@graph":[{"@type":"WebPage","@id":"https:\/\/quadalkatreszek.com\/product\/hammer-200cc-quad-rendszamoztathato\/","url":"https:\/\/quadalkatreszek.com\/product\/hammer-200cc-quad-rendszamoztathato\/","name":"Hammer 200cc quad Rendsz\u00e1moztathat\u00f3 - quadalkatreszek.com","isPartOf":{"@id":"https:\/\/quadalkatreszek.com\/#website"},"primaryImageOfPage":{"@id":"https:\/\/quadalkatreszek.com\/product\/hammer-200cc-quad-rendszamoztathato\/#primaryimage"},"image":{"@id":"https:\/\/quadalkatreszek.com\/product\/hammer-200cc-quad-rendszamoztathato\/#primaryimage"},"thumbnailUrl":"https:\/\/quadalkatreszek.com\/wp-content\/uploads\/2025\/08\/001.jpg","datePublished":"2025-08-27T07:58:38+00:00","dateModified":"2025-09-29T07:56:06+00:00","description":"Mikilon Hammer 200 quad. Ez a modell rendsz\u00e1mozhat\u00f3, k\u00f6z\u00fati forgalomban r\u00e9szt vehet! \u00c1r \u00e9rt\u00e9k ar\u00e1nyban verhetetlen B kateg\u00f3ri\u00e1val vezethet\u0151!","breadcrumb":{"@id":"https:\/\/quadalkatreszek.com\/product\/hammer-200cc-quad-rendszamoztathato\/#breadcrumb"},"inLanguage":"en-US","potentialAction":[{"@type":"ReadAction","target":["https:\/\/quadalkatreszek.com\/product\/hammer-200cc-quad-rendszamoztathato\/"]}]},{"@type":"ImageObject","inLanguage":"en-US","@id":"https:\/\/quadalkatreszek.com\/product\/hammer-200cc-quad-rendszamoztathato\/#primaryimage","url":"https:\/\/quadalkatreszek.com\/wp-content\/uploads\/2025\/08\/001.jpg","contentUrl":"https:\/\/quadalkatreszek.com\/wp-content\/uploads\/2025\/08\/001.jpg","width":2048,"height":1536,"caption":"rendsz\u00e1mos quad"},{"@type":"BreadcrumbList","@id":"https:\/\/quadalkatreszek.com\/product\/hammer-200cc-quad-rendszamoztathato\/#breadcrumb","itemListElement":[{"@type":"ListItem","position":1,"name":"Kezd\u0151lap","item":"https:\/\/quadalkatreszek.com\/"},{"@type":"ListItem","position":2,"name":"Shop","item":"https:\/\/quadalkatreszek.com\/shop\/"},{"@type":"ListItem","position":3,"name":"Hammer 200cc quad Rendsz\u00e1moztathat\u00f3"}]},{"@type":"WebSite","@id":"https:\/\/quadalkatreszek.com\/#website","url":"https:\/\/quadalkatreszek.com\/","name":"quadalkatreszek.com","description":"alkatr\u00e9szek - azonnal - rakt\u00e1rr\u00f3l","publisher":{"@id":"https:\/\/quadalkatreszek.com\/#organization"},"potentialAction":[{"@type":"SearchAction","target":{"@type":"EntryPoint","urlTemplate":"https:\/\/quadalkatreszek.com\/?s={search_term_string}"},"query-input":{"@type":"PropertyValueSpecification","valueRequired":true,"valueName":"search_term_string"}}],"inLanguage":"en-US"},{"@type":"Organization","@id":"https:\/\/quadalkatreszek.com\/#organization","name":"quadalkatreszek.com","url":"https:\/\/quadalkatreszek.com\/","logo":{"@type":"ImageObject","inLanguage":"en-US","@id":"https:\/\/quadalkatreszek.com\/#\/schema\/logo\/image\/","url":"https:\/\/quadalkatreszek.com\/wp-content\/uploads\/2023\/01\/korlogo-2.png","contentUrl":"https:\/\/quadalkatreszek.com\/wp-content\/uploads\/2023\/01\/korlogo-2.png","width":866,"height":866,"caption":"quadalkatreszek.com"},"image":{"@id":"https:\/\/quadalkatreszek.com\/#\/schema\/logo\/image\/"}}]}},"_links":{"self":[{"href":"https:\/\/quadalkatreszek.com\/en\/wp-json\/wp\/v2\/product\/50975","targetHints":{"allow":["GET"]}}],"collection":[{"href":"https:\/\/quadalkatreszek.com\/en\/wp-json\/wp\/v2\/product"}],"about":[{"href":"https:\/\/quadalkatreszek.com\/en\/wp-json\/wp\/v2\/types\/product"}],"replies":[{"embeddable":true,"href":"https:\/\/quadalkatreszek.com\/en\/wp-json\/wp\/v2\/comments?post=50975"}],"wp:featuredmedia":[{"embeddable":true,"href":"https:\/\/quadalkatreszek.com\/en\/wp-json\/wp\/v2\/media\/51088"}],"wp:attachment":[{"href":"https:\/\/quadalkatreszek.com\/en\/wp-json\/wp\/v2\/media?parent=50975"}],"wp:term":[{"taxonomy":"product_brand","embeddable":true,"href":"https:\/\/quadalkatreszek.com\/en\/wp-json\/wp\/v2\/product_brand?post=50975"},{"taxonomy":"product_cat","embeddable":true,"href":"https:\/\/quadalkatreszek.com\/en\/wp-json\/wp\/v2\/product_cat?post=50975"},{"taxonomy":"product_tag","embeddable":true,"href":"https:\/\/quadalkatreszek.com\/en\/wp-json\/wp\/v2\/product_tag?post=50975"}],"curies":[{"name":"wp","href":"https:\/\/api.w.org\/{rel}","templated":true}]}}