{"id":51853,"date":"2025-10-08T13:48:00","date_gmt":"2025-10-08T12:48:00","guid":{"rendered":"https:\/\/quadalkatreszek.com\/?post_type=product&#038;p=51853"},"modified":"2026-01-30T10:11:27","modified_gmt":"2026-01-30T09:11:27","slug":"pentora-automata-gyerek-quad-50cc-red","status":"publish","type":"product","link":"https:\/\/quadalkatreszek.com\/en\/product\/pentora-automata-gyerek-quad-50cc-red\/","title":{"rendered":"Pentora automata gyerek quad 50cc red"},"content":{"rendered":"<p>Pentora automata gyerek quad 50cc<\/p>\n<p>A pocket quad vezet\u00e9s\u00e9t nagyon k\u00f6nnyen p\u00e1r perc alatt el lehet saj\u00e1t\u00edtani.<\/p>\n<p>A sebess\u00e9g\u00fck a g\u00e1zkar \u00e1ll\u00edt\u00e1s\u00e1val szab\u00e1lyozhat\u00f3, \u00edgy a gyermek kezdetben nem tud t\u00fal gyorsan menni a j\u00e1rm\u0171vel.<br \/>\n4-5 \u00e9ves kort\u00f3l aj\u00e1nljuk ezt a gyerek quadot, max. terhelhet\u0151s\u00e9ge 35-40\u00a0 \u00a0 kil\u00f3.<br \/>\nTerm\u00e9szetesen garanci\u00e1t v\u00e1llalunk \u00e9s teljes alkatr\u00e9sz ut\u00e1np\u00f3tl\u00e1st biztos\u00edtunk.<br \/>\nTov\u00e1bb\u00e1 ingyenes telefonos szerviz seg\u00edts\u00e9get ny\u00fajtunk a n\u00e1lunk v\u00e1s\u00e1rolt quadok karbantart\u00e1s\u00e1hoz, szerel\u00e9s\u00e9hez.<br \/>\nKisz\u00e1ll\u00edt\u00e1st v\u00e1llalunk az orsz\u00e1g teljes ter\u00fclet\u00e9re.<\/p>\n<p><strong>A j\u00e1rm\u0171 k\u00f6z\u00fati forgalomban nem, vehet r\u00e9szt!<\/strong><\/p>\n<p>&nbsp;<\/p>\n<p>Motor: 49cm3, 2 \u00fctem, 1 henger, l\u00e9gh\u0171t\u00e9s<\/p>\n<p>Hajt\u00e1s: L\u00e1nc<\/p>\n<p>V\u00e1lt\u00f3: Automata<\/p>\n<p>Ind\u00edt\u00e1s: K\u00e9zi ber\u00e1nt\u00f3s<\/p>\n<p>\u00dczemanyag: Benzin 1:25 kever\u00e9k<\/p>\n<p>\u00dczemanyag tank: 1.5 Liter<\/p>\n<p>Els\u0151 f\u00e9k: Mechanikus t\u00e1rcsaf\u00e9k<\/p>\n<p>H\u00e1ts\u00f3 f\u00e9k: Mechanikus t\u00e1rcsaf\u00e9k<\/p>\n<p>Max. Sebess\u00e9g: 30km\/\u00f3ra<\/p>\n<p>Max. Terhelhet\u0151s\u00e9g: 40kg<\/p>\n<p>T\u00f6meg: 37kg<\/p>\n<p>Ker\u00e9km\u00e9ret: 6 coll!<\/p>","protected":false},"excerpt":{"rendered":"<div class=\"woocommerce-product-details__short-description\">\n<p>Pentora automata gyerek quad 50cc<\/p>\n<p>A quad vezet\u00e9s\u00e9t nagyon k\u00f6nnyen p\u00e1r perc alatt el lehet saj\u00e1t\u00edtani.<br \/>\nA sebess\u00e9g\u00fck a g\u00e1zkar \u00e1ll\u00edt\u00e1s\u00e1val szab\u00e1lyozhat\u00f3,<\/p>\n<p>4-5 \u00e9ves kort\u00f3l aj\u00e1nljuk ezt a gyerek quadot, max. terhelhet\u0151s\u00e9ge 35-40\u00a0 \u00a0 kil\u00f3.<\/p>\n<\/div>","protected":false},"featured_media":51857,"comment_status":"open","ping_status":"closed","template":"","meta":[],"product_brand":[],"product_cat":[103],"product_tag":[],"class_list":{"0":"post-51853","1":"product","2":"type-product","3":"status-publish","4":"has-post-thumbnail","6":"product_cat-gyerek-quadok","7":"product_shipping_class-tulmeret-1","9":"first","10":"instock","11":"shipping-taxable","12":"purchasable","13":"product-type-simple"},"yoast_head":"<!-- This site is optimized with the Yoast SEO plugin v27.4 - https:\/\/yoast.com\/product\/yoast-seo-wordpress\/ -->\n<title>Pentora automata gyerek quad 50cc red - quadalkatreszek.com<\/title>\n<meta name=\"description\" content=\"Pentora automata gyerek quad 50cc A quad vezet\u00e9s\u00e9t nagyon k\u00f6nnyen p\u00e1r perc alatt el lehet saj\u00e1t\u00edtani. szab\u00e1lyozhat\u00f3 g\u00e1zkar ,4-5 \u00e9ves kort\u00f3l\" \/>\n<meta name=\"robots\" content=\"index, follow, max-snippet:-1, max-image-preview:large, max-video-preview:-1\" \/>\n<link rel=\"canonical\" href=\"https:\/\/quadalkatreszek.com\/en\/product\/pentora-automata-gyerek-quad-50cc-red\/\" \/>\n<meta property=\"og:locale\" content=\"en_US\" \/>\n<meta property=\"og:type\" content=\"article\" \/>\n<meta property=\"og:title\" content=\"Pentora automata gyerek quad 50cc red - quadalkatreszek.com\" \/>\n<meta property=\"og:description\" content=\"Pentora automata gyerek quad 50cc A quad vezet\u00e9s\u00e9t nagyon k\u00f6nnyen p\u00e1r perc alatt el lehet saj\u00e1t\u00edtani. szab\u00e1lyozhat\u00f3 g\u00e1zkar ,4-5 \u00e9ves kort\u00f3l\" \/>\n<meta property=\"og:url\" content=\"https:\/\/quadalkatreszek.com\/en\/product\/pentora-automata-gyerek-quad-50cc-red\/\" \/>\n<meta property=\"og:site_name\" content=\"quadalkatreszek.com\" \/>\n<meta property=\"article:modified_time\" content=\"2026-01-30T09:11:27+00:00\" \/>\n<meta property=\"og:image\" content=\"https:\/\/quadalkatreszek.com\/wp-content\/uploads\/2025\/10\/P01-gyerek-quad.jpg\" \/>\n\t<meta property=\"og:image:width\" content=\"2160\" \/>\n\t<meta property=\"og:image:height\" content=\"1620\" \/>\n\t<meta property=\"og:image:type\" content=\"image\/jpeg\" \/>\n<meta name=\"twitter:card\" content=\"summary_large_image\" \/>\n<meta name=\"twitter:label1\" content=\"Est. reading time\" \/>\n\t<meta name=\"twitter:data1\" content=\"1 minute\" \/>\n<script type=\"application\/ld+json\" class=\"yoast-schema-graph\">{\"@context\":\"https:\\\/\\\/schema.org\",\"@graph\":[{\"@type\":\"WebPage\",\"@id\":\"https:\\\/\\\/quadalkatreszek.com\\\/product\\\/pentora-automata-gyerek-quad-50cc-red\\\/\",\"url\":\"https:\\\/\\\/quadalkatreszek.com\\\/product\\\/pentora-automata-gyerek-quad-50cc-red\\\/\",\"name\":\"Pentora automata gyerek quad 50cc red - quadalkatreszek.com\",\"isPartOf\":{\"@id\":\"https:\\\/\\\/quadalkatreszek.com\\\/#website\"},\"primaryImageOfPage\":{\"@id\":\"https:\\\/\\\/quadalkatreszek.com\\\/product\\\/pentora-automata-gyerek-quad-50cc-red\\\/#primaryimage\"},\"image\":{\"@id\":\"https:\\\/\\\/quadalkatreszek.com\\\/product\\\/pentora-automata-gyerek-quad-50cc-red\\\/#primaryimage\"},\"thumbnailUrl\":\"https:\\\/\\\/quadalkatreszek.com\\\/wp-content\\\/uploads\\\/2025\\\/10\\\/P01-gyerek-quad.jpg\",\"datePublished\":\"2025-10-08T12:48:00+00:00\",\"dateModified\":\"2026-01-30T09:11:27+00:00\",\"description\":\"Pentora automata gyerek quad 50cc A quad vezet\u00e9s\u00e9t nagyon k\u00f6nnyen p\u00e1r perc alatt el lehet saj\u00e1t\u00edtani. szab\u00e1lyozhat\u00f3 g\u00e1zkar ,4-5 \u00e9ves kort\u00f3l\",\"breadcrumb\":{\"@id\":\"https:\\\/\\\/quadalkatreszek.com\\\/product\\\/pentora-automata-gyerek-quad-50cc-red\\\/#breadcrumb\"},\"inLanguage\":\"en-US\",\"potentialAction\":[{\"@type\":\"ReadAction\",\"target\":[\"https:\\\/\\\/quadalkatreszek.com\\\/product\\\/pentora-automata-gyerek-quad-50cc-red\\\/\"]}]},{\"@type\":\"ImageObject\",\"inLanguage\":\"en-US\",\"@id\":\"https:\\\/\\\/quadalkatreszek.com\\\/product\\\/pentora-automata-gyerek-quad-50cc-red\\\/#primaryimage\",\"url\":\"https:\\\/\\\/quadalkatreszek.com\\\/wp-content\\\/uploads\\\/2025\\\/10\\\/P01-gyerek-quad.jpg\",\"contentUrl\":\"https:\\\/\\\/quadalkatreszek.com\\\/wp-content\\\/uploads\\\/2025\\\/10\\\/P01-gyerek-quad.jpg\",\"width\":2160,\"height\":1620,\"caption\":\"50cc gyerek quad\"},{\"@type\":\"BreadcrumbList\",\"@id\":\"https:\\\/\\\/quadalkatreszek.com\\\/product\\\/pentora-automata-gyerek-quad-50cc-red\\\/#breadcrumb\",\"itemListElement\":[{\"@type\":\"ListItem\",\"position\":1,\"name\":\"Kezd\u0151lap\",\"item\":\"https:\\\/\\\/quadalkatreszek.com\\\/\"},{\"@type\":\"ListItem\",\"position\":2,\"name\":\"Shop\",\"item\":\"https:\\\/\\\/quadalkatreszek.com\\\/shop\\\/\"},{\"@type\":\"ListItem\",\"position\":3,\"name\":\"Pentora automata gyerek quad 50cc red\"}]},{\"@type\":\"WebSite\",\"@id\":\"https:\\\/\\\/quadalkatreszek.com\\\/#website\",\"url\":\"https:\\\/\\\/quadalkatreszek.com\\\/\",\"name\":\"quadalkatreszek.com\",\"description\":\"alkatr\u00e9szek - azonnal - rakt\u00e1rr\u00f3l\",\"publisher\":{\"@id\":\"https:\\\/\\\/quadalkatreszek.com\\\/#organization\"},\"potentialAction\":[{\"@type\":\"SearchAction\",\"target\":{\"@type\":\"EntryPoint\",\"urlTemplate\":\"https:\\\/\\\/quadalkatreszek.com\\\/?s={search_term_string}\"},\"query-input\":{\"@type\":\"PropertyValueSpecification\",\"valueRequired\":true,\"valueName\":\"search_term_string\"}}],\"inLanguage\":\"en-US\"},{\"@type\":\"Organization\",\"@id\":\"https:\\\/\\\/quadalkatreszek.com\\\/#organization\",\"name\":\"quadalkatreszek.com\",\"url\":\"https:\\\/\\\/quadalkatreszek.com\\\/\",\"logo\":{\"@type\":\"ImageObject\",\"inLanguage\":\"en-US\",\"@id\":\"https:\\\/\\\/quadalkatreszek.com\\\/#\\\/schema\\\/logo\\\/image\\\/\",\"url\":\"https:\\\/\\\/quadalkatreszek.com\\\/wp-content\\\/uploads\\\/2023\\\/01\\\/korlogo-2.png\",\"contentUrl\":\"https:\\\/\\\/quadalkatreszek.com\\\/wp-content\\\/uploads\\\/2023\\\/01\\\/korlogo-2.png\",\"width\":866,\"height\":866,\"caption\":\"quadalkatreszek.com\"},\"image\":{\"@id\":\"https:\\\/\\\/quadalkatreszek.com\\\/#\\\/schema\\\/logo\\\/image\\\/\"}}]}<\/script>\n<!-- \/ Yoast SEO plugin. -->","yoast_head_json":{"title":"Pentora automata gyerek quad 50cc red - quadalkatreszek.com","description":"Pentora automata gyerek quad 50cc A quad vezet\u00e9s\u00e9t nagyon k\u00f6nnyen p\u00e1r perc alatt el lehet saj\u00e1t\u00edtani. szab\u00e1lyozhat\u00f3 g\u00e1zkar ,4-5 \u00e9ves kort\u00f3l","robots":{"index":"index","follow":"follow","max-snippet":"max-snippet:-1","max-image-preview":"max-image-preview:large","max-video-preview":"max-video-preview:-1"},"canonical":"https:\/\/quadalkatreszek.com\/en\/product\/pentora-automata-gyerek-quad-50cc-red\/","og_locale":"en_US","og_type":"article","og_title":"Pentora automata gyerek quad 50cc red - quadalkatreszek.com","og_description":"Pentora automata gyerek quad 50cc A quad vezet\u00e9s\u00e9t nagyon k\u00f6nnyen p\u00e1r perc alatt el lehet saj\u00e1t\u00edtani. szab\u00e1lyozhat\u00f3 g\u00e1zkar ,4-5 \u00e9ves kort\u00f3l","og_url":"https:\/\/quadalkatreszek.com\/en\/product\/pentora-automata-gyerek-quad-50cc-red\/","og_site_name":"quadalkatreszek.com","article_modified_time":"2026-01-30T09:11:27+00:00","og_image":[{"width":2160,"height":1620,"url":"https:\/\/quadalkatreszek.com\/wp-content\/uploads\/2025\/10\/P01-gyerek-quad.jpg","type":"image\/jpeg"}],"twitter_card":"summary_large_image","twitter_misc":{"Est. reading time":"1 minute"},"schema":{"@context":"https:\/\/schema.org","@graph":[{"@type":"WebPage","@id":"https:\/\/quadalkatreszek.com\/product\/pentora-automata-gyerek-quad-50cc-red\/","url":"https:\/\/quadalkatreszek.com\/product\/pentora-automata-gyerek-quad-50cc-red\/","name":"Pentora automata gyerek quad 50cc red - quadalkatreszek.com","isPartOf":{"@id":"https:\/\/quadalkatreszek.com\/#website"},"primaryImageOfPage":{"@id":"https:\/\/quadalkatreszek.com\/product\/pentora-automata-gyerek-quad-50cc-red\/#primaryimage"},"image":{"@id":"https:\/\/quadalkatreszek.com\/product\/pentora-automata-gyerek-quad-50cc-red\/#primaryimage"},"thumbnailUrl":"https:\/\/quadalkatreszek.com\/wp-content\/uploads\/2025\/10\/P01-gyerek-quad.jpg","datePublished":"2025-10-08T12:48:00+00:00","dateModified":"2026-01-30T09:11:27+00:00","description":"Pentora automata gyerek quad 50cc A quad vezet\u00e9s\u00e9t nagyon k\u00f6nnyen p\u00e1r perc alatt el lehet saj\u00e1t\u00edtani. szab\u00e1lyozhat\u00f3 g\u00e1zkar ,4-5 \u00e9ves kort\u00f3l","breadcrumb":{"@id":"https:\/\/quadalkatreszek.com\/product\/pentora-automata-gyerek-quad-50cc-red\/#breadcrumb"},"inLanguage":"en-US","potentialAction":[{"@type":"ReadAction","target":["https:\/\/quadalkatreszek.com\/product\/pentora-automata-gyerek-quad-50cc-red\/"]}]},{"@type":"ImageObject","inLanguage":"en-US","@id":"https:\/\/quadalkatreszek.com\/product\/pentora-automata-gyerek-quad-50cc-red\/#primaryimage","url":"https:\/\/quadalkatreszek.com\/wp-content\/uploads\/2025\/10\/P01-gyerek-quad.jpg","contentUrl":"https:\/\/quadalkatreszek.com\/wp-content\/uploads\/2025\/10\/P01-gyerek-quad.jpg","width":2160,"height":1620,"caption":"50cc gyerek quad"},{"@type":"BreadcrumbList","@id":"https:\/\/quadalkatreszek.com\/product\/pentora-automata-gyerek-quad-50cc-red\/#breadcrumb","itemListElement":[{"@type":"ListItem","position":1,"name":"Kezd\u0151lap","item":"https:\/\/quadalkatreszek.com\/"},{"@type":"ListItem","position":2,"name":"Shop","item":"https:\/\/quadalkatreszek.com\/shop\/"},{"@type":"ListItem","position":3,"name":"Pentora automata gyerek quad 50cc red"}]},{"@type":"WebSite","@id":"https:\/\/quadalkatreszek.com\/#website","url":"https:\/\/quadalkatreszek.com\/","name":"quadalkatreszek.com","description":"alkatr\u00e9szek - azonnal - rakt\u00e1rr\u00f3l","publisher":{"@id":"https:\/\/quadalkatreszek.com\/#organization"},"potentialAction":[{"@type":"SearchAction","target":{"@type":"EntryPoint","urlTemplate":"https:\/\/quadalkatreszek.com\/?s={search_term_string}"},"query-input":{"@type":"PropertyValueSpecification","valueRequired":true,"valueName":"search_term_string"}}],"inLanguage":"en-US"},{"@type":"Organization","@id":"https:\/\/quadalkatreszek.com\/#organization","name":"quadalkatreszek.com","url":"https:\/\/quadalkatreszek.com\/","logo":{"@type":"ImageObject","inLanguage":"en-US","@id":"https:\/\/quadalkatreszek.com\/#\/schema\/logo\/image\/","url":"https:\/\/quadalkatreszek.com\/wp-content\/uploads\/2023\/01\/korlogo-2.png","contentUrl":"https:\/\/quadalkatreszek.com\/wp-content\/uploads\/2023\/01\/korlogo-2.png","width":866,"height":866,"caption":"quadalkatreszek.com"},"image":{"@id":"https:\/\/quadalkatreszek.com\/#\/schema\/logo\/image\/"}}]}},"_links":{"self":[{"href":"https:\/\/quadalkatreszek.com\/en\/wp-json\/wp\/v2\/product\/51853","targetHints":{"allow":["GET"]}}],"collection":[{"href":"https:\/\/quadalkatreszek.com\/en\/wp-json\/wp\/v2\/product"}],"about":[{"href":"https:\/\/quadalkatreszek.com\/en\/wp-json\/wp\/v2\/types\/product"}],"replies":[{"embeddable":true,"href":"https:\/\/quadalkatreszek.com\/en\/wp-json\/wp\/v2\/comments?post=51853"}],"wp:featuredmedia":[{"embeddable":true,"href":"https:\/\/quadalkatreszek.com\/en\/wp-json\/wp\/v2\/media\/51857"}],"wp:attachment":[{"href":"https:\/\/quadalkatreszek.com\/en\/wp-json\/wp\/v2\/media?parent=51853"}],"wp:term":[{"taxonomy":"product_brand","embeddable":true,"href":"https:\/\/quadalkatreszek.com\/en\/wp-json\/wp\/v2\/product_brand?post=51853"},{"taxonomy":"product_cat","embeddable":true,"href":"https:\/\/quadalkatreszek.com\/en\/wp-json\/wp\/v2\/product_cat?post=51853"},{"taxonomy":"product_tag","embeddable":true,"href":"https:\/\/quadalkatreszek.com\/en\/wp-json\/wp\/v2\/product_tag?post=51853"}],"curies":[{"name":"wp","href":"https:\/\/api.w.org\/{rel}","templated":true}]}}