{"id":51999,"date":"2025-10-14T09:42:29","date_gmt":"2025-10-14T08:42:29","guid":{"rendered":"https:\/\/quadalkatreszek.com\/?post_type=product&#038;p=51999"},"modified":"2025-10-14T09:49:39","modified_gmt":"2025-10-14T08:49:39","slug":"110-125cc-quad-vezermulanc-feszito","status":"publish","type":"product","link":"https:\/\/quadalkatreszek.com\/en\/product\/110-125cc-quad-vezermulanc-feszito\/","title":{"rendered":"110-125cc quad vez\u00e9rm\u0171l\u00e1nc fesz\u00edt\u0151"},"content":{"rendered":"<p>110-125cc quad vez\u00e9rm\u0171l\u00e1nc fesz\u00edt\u0151.<br \/>\nTao, Upbeat , Ranger, Apollo, Kxd 001, Kxd 004, Kxd 006, Kxd 008, highper , barton  \u00e9s egy\u00e9b k\u00ednai<br \/>\nm\u00e1rk\u00e1khoz is KOMPATIBILIS ezekbe is be\u00e9p\u00edthet\u0151, beszerelhet\u0151 k\u00ednai alkatr\u00e9sz.<\/p>","protected":false},"excerpt":{"rendered":"<p>110-125cc quad vez\u00e9rm\u0171l\u00e1nc fesz\u00edt\u0151.<\/p>","protected":false},"featured_media":52000,"comment_status":"open","ping_status":"closed","template":"","meta":[],"product_brand":[],"product_cat":[112],"product_tag":[],"class_list":{"0":"post-51999","1":"product","2":"type-product","3":"status-publish","4":"has-post-thumbnail","6":"product_cat-egyeb-motor-alkatresz","8":"first","9":"instock","10":"shipping-taxable","11":"purchasable","12":"product-type-simple"},"yoast_head":"<!-- This site is optimized with the Yoast SEO plugin v27.5 - https:\/\/yoast.com\/product\/yoast-seo-wordpress\/ -->\n<title>110-125cc quad vez\u00e9rm\u0171l\u00e1nc fesz\u00edt\u0151 - quadalkatreszek.com<\/title>\n<meta name=\"description\" content=\"110-125cc quad vez\u00e9rm\u0171l\u00e1nc fesz\u00edt\u0151. Tao, Upbeat , Ranger, Apollo, Kxd 001, Kxd 004, Kxd 006, Kxd 008, highper , barton \u00e9s egy\u00e9b k\u00ednai m\u00e1rk\u00e1khoz is KOMPATIBILIS ezekbe is be\u00e9p\u00edthet\u0151, beszerelhet\u0151 k\u00ednai alkatr\u00e9sz\" \/>\n<meta name=\"robots\" content=\"index, follow, max-snippet:-1, max-image-preview:large, max-video-preview:-1\" \/>\n<link rel=\"canonical\" href=\"https:\/\/quadalkatreszek.com\/en\/product\/110-125cc-quad-vezermulanc-feszito\/\" \/>\n<meta property=\"og:locale\" content=\"en_US\" \/>\n<meta property=\"og:type\" content=\"article\" \/>\n<meta property=\"og:title\" content=\"110-125cc quad vez\u00e9rm\u0171l\u00e1nc fesz\u00edt\u0151 - quadalkatreszek.com\" \/>\n<meta property=\"og:description\" content=\"110-125cc quad vez\u00e9rm\u0171l\u00e1nc fesz\u00edt\u0151. Tao, Upbeat , Ranger, Apollo, Kxd 001, Kxd 004, Kxd 006, Kxd 008, highper , barton \u00e9s egy\u00e9b k\u00ednai m\u00e1rk\u00e1khoz is KOMPATIBILIS ezekbe is be\u00e9p\u00edthet\u0151, beszerelhet\u0151 k\u00ednai alkatr\u00e9sz\" \/>\n<meta property=\"og:url\" content=\"https:\/\/quadalkatreszek.com\/en\/product\/110-125cc-quad-vezermulanc-feszito\/\" \/>\n<meta property=\"og:site_name\" content=\"quadalkatreszek.com\" \/>\n<meta property=\"article:modified_time\" content=\"2025-10-14T08:49:39+00:00\" \/>\n<meta property=\"og:image\" content=\"https:\/\/quadalkatreszek.com\/wp-content\/uploads\/2025\/10\/Nevtelen.jpg\" \/>\n\t<meta property=\"og:image:width\" content=\"811\" \/>\n\t<meta property=\"og:image:height\" content=\"561\" \/>\n\t<meta property=\"og:image:type\" content=\"image\/jpeg\" \/>\n<meta name=\"twitter:card\" content=\"summary_large_image\" \/>\n<script type=\"application\/ld+json\" class=\"yoast-schema-graph\">{\"@context\":\"https:\\\/\\\/schema.org\",\"@graph\":[{\"@type\":\"WebPage\",\"@id\":\"https:\\\/\\\/quadalkatreszek.com\\\/product\\\/110-125cc-quad-vezermulanc-feszito\\\/\",\"url\":\"https:\\\/\\\/quadalkatreszek.com\\\/product\\\/110-125cc-quad-vezermulanc-feszito\\\/\",\"name\":\"110-125cc quad vez\u00e9rm\u0171l\u00e1nc fesz\u00edt\u0151 - quadalkatreszek.com\",\"isPartOf\":{\"@id\":\"https:\\\/\\\/quadalkatreszek.com\\\/#website\"},\"primaryImageOfPage\":{\"@id\":\"https:\\\/\\\/quadalkatreszek.com\\\/product\\\/110-125cc-quad-vezermulanc-feszito\\\/#primaryimage\"},\"image\":{\"@id\":\"https:\\\/\\\/quadalkatreszek.com\\\/product\\\/110-125cc-quad-vezermulanc-feszito\\\/#primaryimage\"},\"thumbnailUrl\":\"https:\\\/\\\/quadalkatreszek.com\\\/wp-content\\\/uploads\\\/2025\\\/10\\\/Nevtelen.jpg\",\"datePublished\":\"2025-10-14T08:42:29+00:00\",\"dateModified\":\"2025-10-14T08:49:39+00:00\",\"description\":\"110-125cc quad vez\u00e9rm\u0171l\u00e1nc fesz\u00edt\u0151. Tao, Upbeat , Ranger, Apollo, Kxd 001, Kxd 004, Kxd 006, Kxd 008, highper , barton \u00e9s egy\u00e9b k\u00ednai m\u00e1rk\u00e1khoz is KOMPATIBILIS ezekbe is be\u00e9p\u00edthet\u0151, beszerelhet\u0151 k\u00ednai alkatr\u00e9sz\",\"breadcrumb\":{\"@id\":\"https:\\\/\\\/quadalkatreszek.com\\\/product\\\/110-125cc-quad-vezermulanc-feszito\\\/#breadcrumb\"},\"inLanguage\":\"en-US\",\"potentialAction\":[{\"@type\":\"ReadAction\",\"target\":[\"https:\\\/\\\/quadalkatreszek.com\\\/product\\\/110-125cc-quad-vezermulanc-feszito\\\/\"]}]},{\"@type\":\"ImageObject\",\"inLanguage\":\"en-US\",\"@id\":\"https:\\\/\\\/quadalkatreszek.com\\\/product\\\/110-125cc-quad-vezermulanc-feszito\\\/#primaryimage\",\"url\":\"https:\\\/\\\/quadalkatreszek.com\\\/wp-content\\\/uploads\\\/2025\\\/10\\\/Nevtelen.jpg\",\"contentUrl\":\"https:\\\/\\\/quadalkatreszek.com\\\/wp-content\\\/uploads\\\/2025\\\/10\\\/Nevtelen.jpg\",\"width\":811,\"height\":561,\"caption\":\"110-125cc quad vez\u00e9rm\u0171l\u00e1nc fesz\u00edt\u0151.\"},{\"@type\":\"BreadcrumbList\",\"@id\":\"https:\\\/\\\/quadalkatreszek.com\\\/product\\\/110-125cc-quad-vezermulanc-feszito\\\/#breadcrumb\",\"itemListElement\":[{\"@type\":\"ListItem\",\"position\":1,\"name\":\"Kezd\u0151lap\",\"item\":\"https:\\\/\\\/quadalkatreszek.com\\\/\"},{\"@type\":\"ListItem\",\"position\":2,\"name\":\"Shop\",\"item\":\"https:\\\/\\\/quadalkatreszek.com\\\/shop\\\/\"},{\"@type\":\"ListItem\",\"position\":3,\"name\":\"110-125cc quad vez\u00e9rm\u0171l\u00e1nc fesz\u00edt\u0151\"}]},{\"@type\":\"WebSite\",\"@id\":\"https:\\\/\\\/quadalkatreszek.com\\\/#website\",\"url\":\"https:\\\/\\\/quadalkatreszek.com\\\/\",\"name\":\"quadalkatreszek.com\",\"description\":\"alkatr\u00e9szek - azonnal - rakt\u00e1rr\u00f3l\",\"publisher\":{\"@id\":\"https:\\\/\\\/quadalkatreszek.com\\\/#organization\"},\"potentialAction\":[{\"@type\":\"SearchAction\",\"target\":{\"@type\":\"EntryPoint\",\"urlTemplate\":\"https:\\\/\\\/quadalkatreszek.com\\\/?s={search_term_string}\"},\"query-input\":{\"@type\":\"PropertyValueSpecification\",\"valueRequired\":true,\"valueName\":\"search_term_string\"}}],\"inLanguage\":\"en-US\"},{\"@type\":\"Organization\",\"@id\":\"https:\\\/\\\/quadalkatreszek.com\\\/#organization\",\"name\":\"quadalkatreszek.com\",\"url\":\"https:\\\/\\\/quadalkatreszek.com\\\/\",\"logo\":{\"@type\":\"ImageObject\",\"inLanguage\":\"en-US\",\"@id\":\"https:\\\/\\\/quadalkatreszek.com\\\/#\\\/schema\\\/logo\\\/image\\\/\",\"url\":\"https:\\\/\\\/quadalkatreszek.com\\\/wp-content\\\/uploads\\\/2023\\\/01\\\/korlogo-2.png\",\"contentUrl\":\"https:\\\/\\\/quadalkatreszek.com\\\/wp-content\\\/uploads\\\/2023\\\/01\\\/korlogo-2.png\",\"width\":866,\"height\":866,\"caption\":\"quadalkatreszek.com\"},\"image\":{\"@id\":\"https:\\\/\\\/quadalkatreszek.com\\\/#\\\/schema\\\/logo\\\/image\\\/\"}}]}<\/script>\n<!-- \/ Yoast SEO plugin. -->","yoast_head_json":{"title":"110-125cc quad vez\u00e9rm\u0171l\u00e1nc fesz\u00edt\u0151 - quadalkatreszek.com","description":"110-125cc quad vez\u00e9rm\u0171l\u00e1nc fesz\u00edt\u0151. Tao, Upbeat , Ranger, Apollo, Kxd 001, Kxd 004, Kxd 006, Kxd 008, highper , barton \u00e9s egy\u00e9b k\u00ednai m\u00e1rk\u00e1khoz is KOMPATIBILIS ezekbe is be\u00e9p\u00edthet\u0151, beszerelhet\u0151 k\u00ednai alkatr\u00e9sz","robots":{"index":"index","follow":"follow","max-snippet":"max-snippet:-1","max-image-preview":"max-image-preview:large","max-video-preview":"max-video-preview:-1"},"canonical":"https:\/\/quadalkatreszek.com\/en\/product\/110-125cc-quad-vezermulanc-feszito\/","og_locale":"en_US","og_type":"article","og_title":"110-125cc quad vez\u00e9rm\u0171l\u00e1nc fesz\u00edt\u0151 - quadalkatreszek.com","og_description":"110-125cc quad vez\u00e9rm\u0171l\u00e1nc fesz\u00edt\u0151. Tao, Upbeat , Ranger, Apollo, Kxd 001, Kxd 004, Kxd 006, Kxd 008, highper , barton \u00e9s egy\u00e9b k\u00ednai m\u00e1rk\u00e1khoz is KOMPATIBILIS ezekbe is be\u00e9p\u00edthet\u0151, beszerelhet\u0151 k\u00ednai alkatr\u00e9sz","og_url":"https:\/\/quadalkatreszek.com\/en\/product\/110-125cc-quad-vezermulanc-feszito\/","og_site_name":"quadalkatreszek.com","article_modified_time":"2025-10-14T08:49:39+00:00","og_image":[{"width":811,"height":561,"url":"https:\/\/quadalkatreszek.com\/wp-content\/uploads\/2025\/10\/Nevtelen.jpg","type":"image\/jpeg"}],"twitter_card":"summary_large_image","schema":{"@context":"https:\/\/schema.org","@graph":[{"@type":"WebPage","@id":"https:\/\/quadalkatreszek.com\/product\/110-125cc-quad-vezermulanc-feszito\/","url":"https:\/\/quadalkatreszek.com\/product\/110-125cc-quad-vezermulanc-feszito\/","name":"110-125cc quad vez\u00e9rm\u0171l\u00e1nc fesz\u00edt\u0151 - quadalkatreszek.com","isPartOf":{"@id":"https:\/\/quadalkatreszek.com\/#website"},"primaryImageOfPage":{"@id":"https:\/\/quadalkatreszek.com\/product\/110-125cc-quad-vezermulanc-feszito\/#primaryimage"},"image":{"@id":"https:\/\/quadalkatreszek.com\/product\/110-125cc-quad-vezermulanc-feszito\/#primaryimage"},"thumbnailUrl":"https:\/\/quadalkatreszek.com\/wp-content\/uploads\/2025\/10\/Nevtelen.jpg","datePublished":"2025-10-14T08:42:29+00:00","dateModified":"2025-10-14T08:49:39+00:00","description":"110-125cc quad vez\u00e9rm\u0171l\u00e1nc fesz\u00edt\u0151. Tao, Upbeat , Ranger, Apollo, Kxd 001, Kxd 004, Kxd 006, Kxd 008, highper , barton \u00e9s egy\u00e9b k\u00ednai m\u00e1rk\u00e1khoz is KOMPATIBILIS ezekbe is be\u00e9p\u00edthet\u0151, beszerelhet\u0151 k\u00ednai alkatr\u00e9sz","breadcrumb":{"@id":"https:\/\/quadalkatreszek.com\/product\/110-125cc-quad-vezermulanc-feszito\/#breadcrumb"},"inLanguage":"en-US","potentialAction":[{"@type":"ReadAction","target":["https:\/\/quadalkatreszek.com\/product\/110-125cc-quad-vezermulanc-feszito\/"]}]},{"@type":"ImageObject","inLanguage":"en-US","@id":"https:\/\/quadalkatreszek.com\/product\/110-125cc-quad-vezermulanc-feszito\/#primaryimage","url":"https:\/\/quadalkatreszek.com\/wp-content\/uploads\/2025\/10\/Nevtelen.jpg","contentUrl":"https:\/\/quadalkatreszek.com\/wp-content\/uploads\/2025\/10\/Nevtelen.jpg","width":811,"height":561,"caption":"110-125cc quad vez\u00e9rm\u0171l\u00e1nc fesz\u00edt\u0151."},{"@type":"BreadcrumbList","@id":"https:\/\/quadalkatreszek.com\/product\/110-125cc-quad-vezermulanc-feszito\/#breadcrumb","itemListElement":[{"@type":"ListItem","position":1,"name":"Kezd\u0151lap","item":"https:\/\/quadalkatreszek.com\/"},{"@type":"ListItem","position":2,"name":"Shop","item":"https:\/\/quadalkatreszek.com\/shop\/"},{"@type":"ListItem","position":3,"name":"110-125cc quad vez\u00e9rm\u0171l\u00e1nc fesz\u00edt\u0151"}]},{"@type":"WebSite","@id":"https:\/\/quadalkatreszek.com\/#website","url":"https:\/\/quadalkatreszek.com\/","name":"quadalkatreszek.com","description":"alkatr\u00e9szek - azonnal - rakt\u00e1rr\u00f3l","publisher":{"@id":"https:\/\/quadalkatreszek.com\/#organization"},"potentialAction":[{"@type":"SearchAction","target":{"@type":"EntryPoint","urlTemplate":"https:\/\/quadalkatreszek.com\/?s={search_term_string}"},"query-input":{"@type":"PropertyValueSpecification","valueRequired":true,"valueName":"search_term_string"}}],"inLanguage":"en-US"},{"@type":"Organization","@id":"https:\/\/quadalkatreszek.com\/#organization","name":"quadalkatreszek.com","url":"https:\/\/quadalkatreszek.com\/","logo":{"@type":"ImageObject","inLanguage":"en-US","@id":"https:\/\/quadalkatreszek.com\/#\/schema\/logo\/image\/","url":"https:\/\/quadalkatreszek.com\/wp-content\/uploads\/2023\/01\/korlogo-2.png","contentUrl":"https:\/\/quadalkatreszek.com\/wp-content\/uploads\/2023\/01\/korlogo-2.png","width":866,"height":866,"caption":"quadalkatreszek.com"},"image":{"@id":"https:\/\/quadalkatreszek.com\/#\/schema\/logo\/image\/"}}]}},"_links":{"self":[{"href":"https:\/\/quadalkatreszek.com\/en\/wp-json\/wp\/v2\/product\/51999","targetHints":{"allow":["GET"]}}],"collection":[{"href":"https:\/\/quadalkatreszek.com\/en\/wp-json\/wp\/v2\/product"}],"about":[{"href":"https:\/\/quadalkatreszek.com\/en\/wp-json\/wp\/v2\/types\/product"}],"replies":[{"embeddable":true,"href":"https:\/\/quadalkatreszek.com\/en\/wp-json\/wp\/v2\/comments?post=51999"}],"wp:featuredmedia":[{"embeddable":true,"href":"https:\/\/quadalkatreszek.com\/en\/wp-json\/wp\/v2\/media\/52000"}],"wp:attachment":[{"href":"https:\/\/quadalkatreszek.com\/en\/wp-json\/wp\/v2\/media?parent=51999"}],"wp:term":[{"taxonomy":"product_brand","embeddable":true,"href":"https:\/\/quadalkatreszek.com\/en\/wp-json\/wp\/v2\/product_brand?post=51999"},{"taxonomy":"product_cat","embeddable":true,"href":"https:\/\/quadalkatreszek.com\/en\/wp-json\/wp\/v2\/product_cat?post=51999"},{"taxonomy":"product_tag","embeddable":true,"href":"https:\/\/quadalkatreszek.com\/en\/wp-json\/wp\/v2\/product_tag?post=51999"}],"curies":[{"name":"wp","href":"https:\/\/api.w.org\/{rel}","templated":true}]}}