{"id":52646,"date":"2025-11-28T13:01:24","date_gmt":"2025-11-28T12:01:24","guid":{"rendered":"https:\/\/quadalkatreszek.com\/?post_type=product&#038;p=52646"},"modified":"2025-12-01T12:58:19","modified_gmt":"2025-12-01T11:58:19","slug":"mikilon-mx01-250cc-dirt-bike-cross-motor","status":"publish","type":"product","link":"https:\/\/quadalkatreszek.com\/en\/product\/mikilon-mx01-250cc-dirt-bike-cross-motor\/","title":{"rendered":"Mikilon MX01 250cc dirt bike \/cross motor 21\/18 ker\u00e9k"},"content":{"rendered":"<p>-N\u00e1lunk ingyenesen kipr\u00f3b\u00e1lhatod b\u00e1rmelyik j\u00e1rm\u0171veket!<\/p>\n<p>Ha egy igaz\u00e1n strapab\u00edr\u00f3 megfizethet\u0151 \u00e1r\u00fa  cross motorra v\u00e1gysz<br \/>\nakkor ebben a motorban biztosan nem fogsz csalodni.<\/p>\n<p>MX 01 250cc Dirt bike 21\/18 ker\u00e9km\u00e9ret<\/p>\n<p>Ez egy igazi Dirt bike \/ Cross motor.<\/p>\n<p>A Mikilon MX01 250cc dirt bike motor a 2025\/2026 \u00e9v leg\u00fajabb modellje,<br \/>\namelyet er\u0151s felf\u00fcggeszt\u00e9s \u00e9s tart\u00f3s konstrukci\u00f3 jellemez.<br \/>\nEgy hengeres, n\u00e9gy\u00fctem\u0171 motor hajtja, 18-19 LE-vel.<\/p>\n<p>Motor: 250 k\u00f6bcentis, 1 hengeres, 4 \u00fctem\u0171 l\u00e9gh\u0171t\u00e9ses.<\/p>\n<p>Sebess\u00e9gv\u00e1lt\u00f3: k\u00e9zi, 5 sebess\u00e9ges (1-N-2-3-4-5)<\/p>\n<p>Ind\u00edt\u00e1s: elektromos \u00e9s berug\u00f3s<\/p>\n<p>Hajt\u00e1s: L\u00e1nc, g\u00f6rg\u0151, l\u00e1ncvezet\u0151<\/p>\n<p>F\u00e9kek: hidraulikus: HIDRAULIKUS els\u0151 t\u00e1rcsa, h\u00e1ts\u00f3 t\u00e1rcsa<\/p>\n<p>H\u00e1ts\u00f3 felf\u00fcggeszt\u00e9s: \u00c1LL\u00cdTHAT\u00d3! G\u00c1Z!!! leng\u00e9scsillap\u00edt\u00f3<\/p>\n<p>\u00dcl\u00e9smagass\u00e1g: 940 mm<\/p>\n<p>Els\u0151 gumi: 80\/100 &#8211; 21&#8243;<\/p>\n<p>H\u00e1ts\u00f3 gumi: 110\/90 &#8211; 18&#8243;<\/p>\n<p>Saj\u00e1t t\u00f6meg: 105 kg<\/p>\n<p>Megengedett terhel\u00e9s: 120 kg<\/p>\n<p>Kisz\u00e1ll\u00edt\u00e1st v\u00e1llalunk az orsz\u00e1g eg\u00e9sz ter\u00fclet\u00e9re 20 ezer forint\u00e9rt!<br \/>\nA k\u00f6zponti rakt\u00e1r Budapesten tal\u00e1lhat\u00f3, de az orsz\u00e1g t\u00f6bb pontj\u00e1n is \u00e1tvehet\u0151 :<\/p>\n<p>-Ezeket a quadokat \u00e9s motorokat itt kapod meg a legjobb \u00e1ron!<br \/>\n-T\u00d6BB \u00c9V garanci\u00e1t v\u00e1llalunk!<br \/>\n-Orsz\u00e1gos szerviz h\u00e1l\u00f3zattal rendelkez\u00fcnk!<\/p>\n<p>-Ezek\u00e9rt az el\u0151ny\u00f6k\u00e9rt mindenk\u00e9ppen \u00e9rdemes n\u00e1luk k\u00f6r\u00fcln\u00e9zni, biztosan nem fogsz csal\u00f3dni!!!<\/p>","protected":false},"excerpt":{"rendered":"<p>Mikilon MX01 250cc dirt bike \/cross motor 21\/18 ker\u00e9k.<br \/>\nA Mikilon MX01 250cc dirt bike motor a 2025\/2026 \u00e9v leg\u00fajabb modellje,<br \/>\namelyet er\u0151s felf\u00fcggeszt\u00e9s \u00e9s tart\u00f3s konstrukci\u00f3 jellemez. <\/p>","protected":false},"featured_media":52647,"comment_status":"open","ping_status":"closed","template":"","meta":[],"product_brand":[],"product_cat":[136],"product_tag":[],"class_list":{"0":"post-52646","1":"product","2":"type-product","3":"status-publish","4":"has-post-thumbnail","6":"product_cat-cross-motorok-dirt-bike-ok","7":"product_shipping_class-tulmeret-1","9":"first","10":"instock","11":"shipping-taxable","12":"purchasable","13":"product-type-simple"},"yoast_head":"<!-- This site is optimized with the Yoast SEO plugin v27.4 - https:\/\/yoast.com\/product\/yoast-seo-wordpress\/ -->\n<title>Mikilon MX01 250cc dirt bike \/cross motor 21\/18 ker\u00e9k - quadalkatreszek.com<\/title>\n<meta name=\"description\" content=\"A Mikilon MX01 250cc dirt bike motor a 2025\/2026 \u00e9v leg\u00fajabb modellje,amelyet er\u0151s felf\u00fcggeszt\u00e9s \u00e9s tart\u00f3s konstrukci\u00f3 jellemez.\" \/>\n<meta name=\"robots\" content=\"index, follow, max-snippet:-1, max-image-preview:large, max-video-preview:-1\" \/>\n<link rel=\"canonical\" href=\"https:\/\/quadalkatreszek.com\/en\/product\/mikilon-mx01-250cc-dirt-bike-cross-motor\/\" \/>\n<meta property=\"og:locale\" content=\"en_US\" \/>\n<meta property=\"og:type\" content=\"article\" \/>\n<meta property=\"og:title\" content=\"Mikilon MX01 250cc dirt bike \/cross motor 21\/18 ker\u00e9k - quadalkatreszek.com\" \/>\n<meta property=\"og:description\" content=\"A Mikilon MX01 250cc dirt bike motor a 2025\/2026 \u00e9v leg\u00fajabb modellje,amelyet er\u0151s felf\u00fcggeszt\u00e9s \u00e9s tart\u00f3s konstrukci\u00f3 jellemez.\" \/>\n<meta property=\"og:url\" content=\"https:\/\/quadalkatreszek.com\/en\/product\/mikilon-mx01-250cc-dirt-bike-cross-motor\/\" \/>\n<meta property=\"og:site_name\" content=\"quadalkatreszek.com\" \/>\n<meta property=\"article:modified_time\" content=\"2025-12-01T11:58:19+00:00\" \/>\n<meta property=\"og:image\" content=\"https:\/\/quadalkatreszek.com\/wp-content\/uploads\/2025\/11\/01l.jpg\" \/>\n\t<meta property=\"og:image:width\" content=\"2048\" \/>\n\t<meta property=\"og:image:height\" content=\"1536\" \/>\n\t<meta property=\"og:image:type\" content=\"image\/jpeg\" \/>\n<meta name=\"twitter:card\" content=\"summary_large_image\" \/>\n<meta name=\"twitter:label1\" content=\"Est. reading time\" \/>\n\t<meta name=\"twitter:data1\" content=\"1 minute\" \/>\n<script type=\"application\/ld+json\" class=\"yoast-schema-graph\">{\"@context\":\"https:\\\/\\\/schema.org\",\"@graph\":[{\"@type\":\"WebPage\",\"@id\":\"https:\\\/\\\/quadalkatreszek.com\\\/product\\\/mikilon-mx01-250cc-dirt-bike-cross-motor\\\/\",\"url\":\"https:\\\/\\\/quadalkatreszek.com\\\/product\\\/mikilon-mx01-250cc-dirt-bike-cross-motor\\\/\",\"name\":\"Mikilon MX01 250cc dirt bike \\\/cross motor 21\\\/18 ker\u00e9k - quadalkatreszek.com\",\"isPartOf\":{\"@id\":\"https:\\\/\\\/quadalkatreszek.com\\\/#website\"},\"primaryImageOfPage\":{\"@id\":\"https:\\\/\\\/quadalkatreszek.com\\\/product\\\/mikilon-mx01-250cc-dirt-bike-cross-motor\\\/#primaryimage\"},\"image\":{\"@id\":\"https:\\\/\\\/quadalkatreszek.com\\\/product\\\/mikilon-mx01-250cc-dirt-bike-cross-motor\\\/#primaryimage\"},\"thumbnailUrl\":\"https:\\\/\\\/quadalkatreszek.com\\\/wp-content\\\/uploads\\\/2025\\\/11\\\/01l.jpg\",\"datePublished\":\"2025-11-28T12:01:24+00:00\",\"dateModified\":\"2025-12-01T11:58:19+00:00\",\"description\":\"A Mikilon MX01 250cc dirt bike motor a 2025\\\/2026 \u00e9v leg\u00fajabb modellje,amelyet er\u0151s felf\u00fcggeszt\u00e9s \u00e9s tart\u00f3s konstrukci\u00f3 jellemez.\",\"breadcrumb\":{\"@id\":\"https:\\\/\\\/quadalkatreszek.com\\\/product\\\/mikilon-mx01-250cc-dirt-bike-cross-motor\\\/#breadcrumb\"},\"inLanguage\":\"en-US\",\"potentialAction\":[{\"@type\":\"ReadAction\",\"target\":[\"https:\\\/\\\/quadalkatreszek.com\\\/product\\\/mikilon-mx01-250cc-dirt-bike-cross-motor\\\/\"]}]},{\"@type\":\"ImageObject\",\"inLanguage\":\"en-US\",\"@id\":\"https:\\\/\\\/quadalkatreszek.com\\\/product\\\/mikilon-mx01-250cc-dirt-bike-cross-motor\\\/#primaryimage\",\"url\":\"https:\\\/\\\/quadalkatreszek.com\\\/wp-content\\\/uploads\\\/2025\\\/11\\\/01l.jpg\",\"contentUrl\":\"https:\\\/\\\/quadalkatreszek.com\\\/wp-content\\\/uploads\\\/2025\\\/11\\\/01l.jpg\",\"width\":2048,\"height\":1536,\"caption\":\"Mikilon MX01 250cc dirt bike \\\/cross motor 21\\\/18 ker\u00e9k.\"},{\"@type\":\"BreadcrumbList\",\"@id\":\"https:\\\/\\\/quadalkatreszek.com\\\/product\\\/mikilon-mx01-250cc-dirt-bike-cross-motor\\\/#breadcrumb\",\"itemListElement\":[{\"@type\":\"ListItem\",\"position\":1,\"name\":\"Kezd\u0151lap\",\"item\":\"https:\\\/\\\/quadalkatreszek.com\\\/\"},{\"@type\":\"ListItem\",\"position\":2,\"name\":\"Shop\",\"item\":\"https:\\\/\\\/quadalkatreszek.com\\\/shop\\\/\"},{\"@type\":\"ListItem\",\"position\":3,\"name\":\"Mikilon MX01 250cc dirt bike \\\/cross motor 21\\\/18 ker\u00e9k\"}]},{\"@type\":\"WebSite\",\"@id\":\"https:\\\/\\\/quadalkatreszek.com\\\/#website\",\"url\":\"https:\\\/\\\/quadalkatreszek.com\\\/\",\"name\":\"quadalkatreszek.com\",\"description\":\"alkatr\u00e9szek - azonnal - rakt\u00e1rr\u00f3l\",\"publisher\":{\"@id\":\"https:\\\/\\\/quadalkatreszek.com\\\/#organization\"},\"potentialAction\":[{\"@type\":\"SearchAction\",\"target\":{\"@type\":\"EntryPoint\",\"urlTemplate\":\"https:\\\/\\\/quadalkatreszek.com\\\/?s={search_term_string}\"},\"query-input\":{\"@type\":\"PropertyValueSpecification\",\"valueRequired\":true,\"valueName\":\"search_term_string\"}}],\"inLanguage\":\"en-US\"},{\"@type\":\"Organization\",\"@id\":\"https:\\\/\\\/quadalkatreszek.com\\\/#organization\",\"name\":\"quadalkatreszek.com\",\"url\":\"https:\\\/\\\/quadalkatreszek.com\\\/\",\"logo\":{\"@type\":\"ImageObject\",\"inLanguage\":\"en-US\",\"@id\":\"https:\\\/\\\/quadalkatreszek.com\\\/#\\\/schema\\\/logo\\\/image\\\/\",\"url\":\"https:\\\/\\\/quadalkatreszek.com\\\/wp-content\\\/uploads\\\/2023\\\/01\\\/korlogo-2.png\",\"contentUrl\":\"https:\\\/\\\/quadalkatreszek.com\\\/wp-content\\\/uploads\\\/2023\\\/01\\\/korlogo-2.png\",\"width\":866,\"height\":866,\"caption\":\"quadalkatreszek.com\"},\"image\":{\"@id\":\"https:\\\/\\\/quadalkatreszek.com\\\/#\\\/schema\\\/logo\\\/image\\\/\"}}]}<\/script>\n<!-- \/ Yoast SEO plugin. -->","yoast_head_json":{"title":"Mikilon MX01 250cc dirt bike \/cross motor 21\/18 ker\u00e9k - quadalkatreszek.com","description":"A Mikilon MX01 250cc dirt bike motor a 2025\/2026 \u00e9v leg\u00fajabb modellje,amelyet er\u0151s felf\u00fcggeszt\u00e9s \u00e9s tart\u00f3s konstrukci\u00f3 jellemez.","robots":{"index":"index","follow":"follow","max-snippet":"max-snippet:-1","max-image-preview":"max-image-preview:large","max-video-preview":"max-video-preview:-1"},"canonical":"https:\/\/quadalkatreszek.com\/en\/product\/mikilon-mx01-250cc-dirt-bike-cross-motor\/","og_locale":"en_US","og_type":"article","og_title":"Mikilon MX01 250cc dirt bike \/cross motor 21\/18 ker\u00e9k - quadalkatreszek.com","og_description":"A Mikilon MX01 250cc dirt bike motor a 2025\/2026 \u00e9v leg\u00fajabb modellje,amelyet er\u0151s felf\u00fcggeszt\u00e9s \u00e9s tart\u00f3s konstrukci\u00f3 jellemez.","og_url":"https:\/\/quadalkatreszek.com\/en\/product\/mikilon-mx01-250cc-dirt-bike-cross-motor\/","og_site_name":"quadalkatreszek.com","article_modified_time":"2025-12-01T11:58:19+00:00","og_image":[{"width":2048,"height":1536,"url":"https:\/\/quadalkatreszek.com\/wp-content\/uploads\/2025\/11\/01l.jpg","type":"image\/jpeg"}],"twitter_card":"summary_large_image","twitter_misc":{"Est. reading time":"1 minute"},"schema":{"@context":"https:\/\/schema.org","@graph":[{"@type":"WebPage","@id":"https:\/\/quadalkatreszek.com\/product\/mikilon-mx01-250cc-dirt-bike-cross-motor\/","url":"https:\/\/quadalkatreszek.com\/product\/mikilon-mx01-250cc-dirt-bike-cross-motor\/","name":"Mikilon MX01 250cc dirt bike \/cross motor 21\/18 ker\u00e9k - quadalkatreszek.com","isPartOf":{"@id":"https:\/\/quadalkatreszek.com\/#website"},"primaryImageOfPage":{"@id":"https:\/\/quadalkatreszek.com\/product\/mikilon-mx01-250cc-dirt-bike-cross-motor\/#primaryimage"},"image":{"@id":"https:\/\/quadalkatreszek.com\/product\/mikilon-mx01-250cc-dirt-bike-cross-motor\/#primaryimage"},"thumbnailUrl":"https:\/\/quadalkatreszek.com\/wp-content\/uploads\/2025\/11\/01l.jpg","datePublished":"2025-11-28T12:01:24+00:00","dateModified":"2025-12-01T11:58:19+00:00","description":"A Mikilon MX01 250cc dirt bike motor a 2025\/2026 \u00e9v leg\u00fajabb modellje,amelyet er\u0151s felf\u00fcggeszt\u00e9s \u00e9s tart\u00f3s konstrukci\u00f3 jellemez.","breadcrumb":{"@id":"https:\/\/quadalkatreszek.com\/product\/mikilon-mx01-250cc-dirt-bike-cross-motor\/#breadcrumb"},"inLanguage":"en-US","potentialAction":[{"@type":"ReadAction","target":["https:\/\/quadalkatreszek.com\/product\/mikilon-mx01-250cc-dirt-bike-cross-motor\/"]}]},{"@type":"ImageObject","inLanguage":"en-US","@id":"https:\/\/quadalkatreszek.com\/product\/mikilon-mx01-250cc-dirt-bike-cross-motor\/#primaryimage","url":"https:\/\/quadalkatreszek.com\/wp-content\/uploads\/2025\/11\/01l.jpg","contentUrl":"https:\/\/quadalkatreszek.com\/wp-content\/uploads\/2025\/11\/01l.jpg","width":2048,"height":1536,"caption":"Mikilon MX01 250cc dirt bike \/cross motor 21\/18 ker\u00e9k."},{"@type":"BreadcrumbList","@id":"https:\/\/quadalkatreszek.com\/product\/mikilon-mx01-250cc-dirt-bike-cross-motor\/#breadcrumb","itemListElement":[{"@type":"ListItem","position":1,"name":"Kezd\u0151lap","item":"https:\/\/quadalkatreszek.com\/"},{"@type":"ListItem","position":2,"name":"Shop","item":"https:\/\/quadalkatreszek.com\/shop\/"},{"@type":"ListItem","position":3,"name":"Mikilon MX01 250cc dirt bike \/cross motor 21\/18 ker\u00e9k"}]},{"@type":"WebSite","@id":"https:\/\/quadalkatreszek.com\/#website","url":"https:\/\/quadalkatreszek.com\/","name":"quadalkatreszek.com","description":"alkatr\u00e9szek - azonnal - rakt\u00e1rr\u00f3l","publisher":{"@id":"https:\/\/quadalkatreszek.com\/#organization"},"potentialAction":[{"@type":"SearchAction","target":{"@type":"EntryPoint","urlTemplate":"https:\/\/quadalkatreszek.com\/?s={search_term_string}"},"query-input":{"@type":"PropertyValueSpecification","valueRequired":true,"valueName":"search_term_string"}}],"inLanguage":"en-US"},{"@type":"Organization","@id":"https:\/\/quadalkatreszek.com\/#organization","name":"quadalkatreszek.com","url":"https:\/\/quadalkatreszek.com\/","logo":{"@type":"ImageObject","inLanguage":"en-US","@id":"https:\/\/quadalkatreszek.com\/#\/schema\/logo\/image\/","url":"https:\/\/quadalkatreszek.com\/wp-content\/uploads\/2023\/01\/korlogo-2.png","contentUrl":"https:\/\/quadalkatreszek.com\/wp-content\/uploads\/2023\/01\/korlogo-2.png","width":866,"height":866,"caption":"quadalkatreszek.com"},"image":{"@id":"https:\/\/quadalkatreszek.com\/#\/schema\/logo\/image\/"}}]}},"_links":{"self":[{"href":"https:\/\/quadalkatreszek.com\/en\/wp-json\/wp\/v2\/product\/52646","targetHints":{"allow":["GET"]}}],"collection":[{"href":"https:\/\/quadalkatreszek.com\/en\/wp-json\/wp\/v2\/product"}],"about":[{"href":"https:\/\/quadalkatreszek.com\/en\/wp-json\/wp\/v2\/types\/product"}],"replies":[{"embeddable":true,"href":"https:\/\/quadalkatreszek.com\/en\/wp-json\/wp\/v2\/comments?post=52646"}],"wp:featuredmedia":[{"embeddable":true,"href":"https:\/\/quadalkatreszek.com\/en\/wp-json\/wp\/v2\/media\/52647"}],"wp:attachment":[{"href":"https:\/\/quadalkatreszek.com\/en\/wp-json\/wp\/v2\/media?parent=52646"}],"wp:term":[{"taxonomy":"product_brand","embeddable":true,"href":"https:\/\/quadalkatreszek.com\/en\/wp-json\/wp\/v2\/product_brand?post=52646"},{"taxonomy":"product_cat","embeddable":true,"href":"https:\/\/quadalkatreszek.com\/en\/wp-json\/wp\/v2\/product_cat?post=52646"},{"taxonomy":"product_tag","embeddable":true,"href":"https:\/\/quadalkatreszek.com\/en\/wp-json\/wp\/v2\/product_tag?post=52646"}],"curies":[{"name":"wp","href":"https:\/\/api.w.org\/{rel}","templated":true}]}}